{"id":4538,"date":"2025-05-07T10:30:16","date_gmt":"2025-05-07T08:30:16","guid":{"rendered":"https:\/\/med.tattoo\/creare-tatuaggi\/"},"modified":"2025-04-08T17:07:04","modified_gmt":"2025-04-08T15:07:04","slug":"creare-tatuaggi","status":"publish","type":"page","link":"https:\/\/med.tattoo\/it\/creare-tatuaggi\/","title":{"rendered":"Creare tatuaggi"},"content":{"rendered":"\t\t<div data-elementor-type=\"wp-page\" data-elementor-id=\"4538\" class=\"elementor elementor-4538 elementor-1925\" data-elementor-settings=\"{&quot;ha_cmc_init_switcher&quot;:&quot;no&quot;}\" data-elementor-post-type=\"page\">\n\t\t\t\t\t\t<section class=\"elementor-section elementor-top-section elementor-element elementor-element-6e6b34e elementor-section-boxed elementor-section-height-default elementor-section-height-default\" data-id=\"6e6b34e\" data-element_type=\"section\" data-e-type=\"section\">\n\t\t\t\t\t\t<div class=\"elementor-container elementor-column-gap-default\">\n\t\t\t\t\t<div class=\"elementor-column elementor-col-100 elementor-top-column elementor-element elementor-element-d3d92af\" data-id=\"d3d92af\" data-element_type=\"column\" data-e-type=\"column\">\n\t\t\t<div class=\"elementor-widget-wrap elementor-element-populated\">\n\t\t\t\t\t\t<div class=\"elementor-element elementor-element-7ef7211 elementor-widget elementor-widget-heading\" data-id=\"7ef7211\" data-element_type=\"widget\" data-e-type=\"widget\" data-widget_type=\"heading.default\">\n\t\t\t\t<div class=\"elementor-widget-container\">\n\t\t\t\t\t<h1 class=\"elementor-heading-title elementor-size-default\">Creare tatuaggi<\/h1>\t\t\t\t<\/div>\n\t\t\t\t<\/div>\n\t\t\t\t<div class=\"elementor-element elementor-element-81cf96f elementor-widget elementor-widget-text-editor\" data-id=\"81cf96f\" data-element_type=\"widget\" data-e-type=\"widget\" data-widget_type=\"text-editor.default\">\n\t\t\t\t<div class=\"elementor-widget-container\">\n\t\t\t\t\t\t\t\t\t<p>Prepari la sua pelle prima di fare un tatuaggio. Una pelle ben idratata e nutrita sar\u00e0 morbida ed elastica.<br>Questo faciliter\u00e0 il processo di tatuaggio stesso e accelerer\u00e0 la guarigione. <\/p>\t\t\t\t\t\t\t\t<\/div>\n\t\t\t\t<\/div>\n\t\t\t\t\t<\/div>\n\t\t<\/div>\n\t\t\t\t\t<\/div>\n\t\t<\/section>\n\t\t\t\t<section class=\"elementor-section elementor-top-section elementor-element elementor-element-2adeed29 elementor-section-boxed elementor-section-height-default elementor-section-height-default\" data-id=\"2adeed29\" data-element_type=\"section\" data-e-type=\"section\" data-settings=\"{&quot;background_background&quot;:&quot;classic&quot;}\">\n\t\t\t\t\t\t<div class=\"elementor-container elementor-column-gap-no\">\n\t\t\t\t\t<div class=\"elementor-column elementor-col-100 elementor-top-column elementor-element elementor-element-6491df5c\" data-id=\"6491df5c\" data-element_type=\"column\" data-e-type=\"column\">\n\t\t\t<div class=\"elementor-widget-wrap elementor-element-populated\">\n\t\t\t\t\t\t<div class=\"elementor-element elementor-element-671ca138 elementor-widget elementor-widget-icon-box\" data-id=\"671ca138\" data-element_type=\"widget\" data-e-type=\"widget\" data-widget_type=\"icon-box.default\">\n\t\t\t\t<div class=\"elementor-widget-container\">\n\t\t\t\t\t\t\t<div class=\"elementor-icon-box-wrapper\">\n\n\t\t\t\n\t\t\t\t\t\t<div class=\"elementor-icon-box-content\">\n\n\t\t\t\t\t\t\t\t\t<h3 class=\"elementor-icon-box-title\">\n\t\t\t\t\t\t<span  >\n\t\t\t\t\t\t\t<img decoding=\"async\" role=\"img\" class=\"emoji\" alt=\"\ud83d\udc47\" src=\"https:\/\/s.w.org\/images\/core\/emoji\/14.0.0\/svg\/1f447.svg\">  Vedi i prodotti per Creazione di tatuaggi\t\t\t\t\t\t<\/span>\n\t\t\t\t\t<\/h3>\n\t\t\t\t\n\t\t\t\t\n\t\t\t<\/div>\n\t\t\t\n\t\t<\/div>\n\t\t\t\t\t\t<\/div>\n\t\t\t\t<\/div>\n\t\t\t\t\t<\/div>\n\t\t<\/div>\n\t\t\t\t\t<\/div>\n\t\t<\/section>\n\t\t\t\t<section class=\"elementor-section elementor-top-section elementor-element elementor-element-e97d782 elementor-section-boxed elementor-section-height-default elementor-section-height-default\" data-id=\"e97d782\" data-element_type=\"section\" data-e-type=\"section\">\n\t\t\t\t\t\t<div class=\"elementor-container elementor-column-gap-default\">\n\t\t\t\t\t<div class=\"elementor-column elementor-col-100 elementor-top-column elementor-element elementor-element-7a3ab12\" data-id=\"7a3ab12\" data-element_type=\"column\" data-e-type=\"column\">\n\t\t\t<div class=\"elementor-widget-wrap elementor-element-populated\">\n\t\t\t\t\t\t<div class=\"elementor-element elementor-element-8692947 elementor-widget elementor-widget-heading\" data-id=\"8692947\" data-element_type=\"widget\" data-e-type=\"widget\" data-widget_type=\"heading.default\">\n\t\t\t\t<div class=\"elementor-widget-container\">\n\t\t\t\t\t<h2 class=\"elementor-heading-title elementor-size-default\">Cura della pelle prima di fare un tatuaggio - perch\u00e9 \u00e8 importante<\/h2>\t\t\t\t<\/div>\n\t\t\t\t<\/div>\n\t\t\t\t<div class=\"elementor-element elementor-element-5c3c445 elementor-widget elementor-widget-text-editor\" data-id=\"5c3c445\" data-element_type=\"widget\" data-e-type=\"widget\" data-widget_type=\"text-editor.default\">\n\t\t\t\t<div class=\"elementor-widget-container\">\n\t\t\t\t\t\t\t\t\t<p>La disponibilit\u00e0 di <strong>prodotti per la cura della pelle e dei tatuaggi<\/strong> \u00e8 in costante aumento. Va notato che la sua corretta preparazione prima del tatuaggio \u00e8 importante quanto la cura di un disegno appena fatto sul corpo. Quindi, se sta pianificando di farsi tatuare il motivo dei suoi sogni, si assicuri di preparare adeguatamente la pelle ancor prima di recarsi nel salone di tatuaggi. <strong>I cosmetici naturali di Med.tattoo <\/strong>non solo nutriranno e renderanno la sua pelle elastica, ma la idrateranno anche bene, il che si tradurr\u00e0 in un aspetto del tatuaggio ancora migliore e in una pi\u00f9 rapida rigenerazione della pelle in seguito. Grazie al fatto che i cosmetici curativi non contengono additivi sintetici, non causano irritazioni o allergie alla pelle. Sono particolarmente indicati per coloro la cui pelle \u00e8 molto secca e danneggiata. Inoltre, i cosmetici alla calendula hanno effetti antibatterici e protettivi (contro il sole), migliorano il colore della pelle e accelerano la guarigione delle ferite.     <\/p>\t\t\t\t\t\t\t\t<\/div>\n\t\t\t\t<\/div>\n\t\t\t\t<div class=\"elementor-element elementor-element-e9eebf5 elementor-widget elementor-widget-heading\" data-id=\"e9eebf5\" data-element_type=\"widget\" data-e-type=\"widget\" data-widget_type=\"heading.default\">\n\t\t\t\t<div class=\"elementor-widget-container\">\n\t\t\t\t\t<h2 class=\"elementor-heading-title elementor-size-default\">Prodotti professionali per la cura della pelle prima del tatuaggio - cosa scegliere<\/h2>\t\t\t\t<\/div>\n\t\t\t\t<\/div>\n\t\t\t\t<div class=\"elementor-element elementor-element-b1c0462 elementor-widget elementor-widget-text-editor\" data-id=\"b1c0462\" data-element_type=\"widget\" data-e-type=\"widget\" data-widget_type=\"text-editor.default\">\n\t\t\t\t<div class=\"elementor-widget-container\">\n\t\t\t\t\t\t\t\t\t<p>La variet\u00e0 di cosmetici per tatuaggi significa che ogni cliente ha la possibilit\u00e0 di scegliere quello pi\u00f9 adatto a lui. I cosmetici specializzati sotto forma di <strong>burro di karit\u00e8 <\/strong>o <strong>vaselina bianca e vaselina con calendula<\/strong> hanno una consistenza che li rende facili da applicare e da spalmare sulla pelle. Grazie alle formule speciali sviluppate dal marchio Med.tattoo, possiamo garantire ai nostri clienti che questi cosmetici non solo sono sicuri &#8211; non sono allergenici o irritanti per i rivestimenti della pelle &#8211; ma soprattutto sono efficaci. Infatti, \u00e8 importante ricordare che una pelle sana, ben nutrita e idratata fornir\u00e0 una base migliore per l&#8217;inchiostro. Il tatuaggio sar\u00e0 pi\u00f9 chiaro e i colori pi\u00f9 intensi. Provi il nostro <strong>burro di karit\u00e9 per tatuaggi<\/strong> o la nostra vaselina bianca o alla calendula e si convinca della loro efficacia!     <\/p>\t\t\t\t\t\t\t\t<\/div>\n\t\t\t\t<\/div>\n\t\t\t\t\t<\/div>\n\t\t<\/div>\n\t\t\t\t\t<\/div>\n\t\t<\/section>\n\t\t\t\t<\/div>\n\t\t","protected":false},"excerpt":{"rendered":"<p>Creare tatuaggi Prepari la sua pelle prima di fare un tatuaggio. Una pelle ben idratata e nutrita sar\u00e0 morbida ed elastica.Questo faciliter\u00e0 il processo di tatuaggio stesso e accelerer\u00e0 la guarigione. Vedi i prodotti per Creazione di tatuaggi Cura della pelle prima di fare un tatuaggio &#8211; perch\u00e9 \u00e8 importante La disponibilit\u00e0 di prodotti per [&hellip;]<\/p>\n","protected":false},"author":1,"featured_media":0,"parent":0,"menu_order":0,"comment_status":"closed","ping_status":"closed","template":"","meta":{"site-sidebar-layout":"no-sidebar","site-content-layout":"page-builder","ast-site-content-layout":"default","site-content-style":"default","site-sidebar-style":"default","ast-global-header-display":"","ast-banner-title-visibility":"","ast-main-header-display":"","ast-hfb-above-header-display":"","ast-hfb-below-header-display":"","ast-hfb-mobile-header-display":"","site-post-title":"disabled","ast-breadcrumbs-content":"","ast-featured-img":"disabled","footer-sml-layout":"","ast-disable-related-posts":"","theme-transparent-header-meta":"disabled","adv-header-id-meta":"","stick-header-meta":"enabled","header-above-stick-meta":"","header-main-stick-meta":"disabled","header-below-stick-meta":"","astra-migrate-meta-layouts":"default","ast-page-background-enabled":"default","ast-page-background-meta":{"desktop":{"background-color":"var(--ast-global-color-4)","background-image":"","background-repeat":"repeat","background-position":"center center","background-size":"auto","background-attachment":"scroll","background-type":"","background-media":"","overlay-type":"","overlay-color":"","overlay-opacity":"","overlay-gradient":""},"tablet":{"background-color":"","background-image":"","background-repeat":"repeat","background-position":"center center","background-size":"auto","background-attachment":"scroll","background-type":"","background-media":"","overlay-type":"","overlay-color":"","overlay-opacity":"","overlay-gradient":""},"mobile":{"background-color":"","background-image":"","background-repeat":"repeat","background-position":"center center","background-size":"auto","background-attachment":"scroll","background-type":"","background-media":"","overlay-type":"","overlay-color":"","overlay-opacity":"","overlay-gradient":""}},"ast-content-background-meta":{"desktop":{"background-color":"var(--ast-global-color-5)","background-image":"","background-repeat":"repeat","background-position":"center center","background-size":"auto","background-attachment":"scroll","background-type":"","background-media":"","overlay-type":"","overlay-color":"","overlay-opacity":"","overlay-gradient":""},"tablet":{"background-color":"var(--ast-global-color-5)","background-image":"","background-repeat":"repeat","background-position":"center center","background-size":"auto","background-attachment":"scroll","background-type":"","background-media":"","overlay-type":"","overlay-color":"","overlay-opacity":"","overlay-gradient":""},"mobile":{"background-color":"var(--ast-global-color-5)","background-image":"","background-repeat":"repeat","background-position":"center center","background-size":"auto","background-attachment":"scroll","background-type":"","background-media":"","overlay-type":"","overlay-color":"","overlay-opacity":"","overlay-gradient":""}},"footnotes":""},"class_list":["post-4538","page","type-page","status-publish","hentry"],"yoast_head":"<!-- This site is optimized with the Yoast SEO plugin v27.3 - https:\/\/yoast.com\/product\/yoast-seo-wordpress\/ -->\n<title>Creare tatuaggi - MED.TATTOO<\/title>\n<meta name=\"description\" content=\"Prepari la sua pelle prima di fare un tatuaggio. Una pelle ben idratata e nutrita sar\u00e0 morbida ed elastica. Questo render\u00e0 pi\u00f9 facile il processo di tatuaggio stesso....\" \/>\n<meta name=\"robots\" content=\"index, follow, max-snippet:-1, max-image-preview:large, max-video-preview:-1\" \/>\n<link rel=\"canonical\" href=\"https:\/\/med.tattoo\/it\/creare-tatuaggi\/\" \/>\n<meta property=\"og:locale\" content=\"it_IT\" \/>\n<meta property=\"og:type\" content=\"article\" \/>\n<meta property=\"og:title\" content=\"Creare tatuaggi - MED.TATTOO\" \/>\n<meta property=\"og:description\" content=\"Prepari la sua pelle prima di fare un tatuaggio. Una pelle ben idratata e nutrita sar\u00e0 morbida ed elastica. Questo render\u00e0 pi\u00f9 facile il processo di tatuaggio stesso....\" \/>\n<meta property=\"og:url\" content=\"https:\/\/med.tattoo\/it\/creare-tatuaggi\/\" \/>\n<meta property=\"og:site_name\" content=\"MED.TATTOO\" \/>\n<meta property=\"article:publisher\" content=\"https:\/\/www.facebook.com\/profile.php?id=100084366705613\" \/>\n<meta property=\"og:image\" content=\"https:\/\/med.tattoo\/wp-content\/uploads\/2022\/08\/IMG_8199-300x300.jpg\" \/>\n<meta name=\"twitter:card\" content=\"summary_large_image\" \/>\n<meta name=\"twitter:label1\" content=\"Tempo di lettura stimato\" \/>\n\t<meta name=\"twitter:data1\" content=\"2 minuti\" \/>\n<script type=\"application\/ld+json\" class=\"yoast-schema-graph\">{\"@context\":\"https:\\\/\\\/schema.org\",\"@graph\":[{\"@type\":\"WebPage\",\"@id\":\"https:\\\/\\\/med.tattoo\\\/it\\\/creare-tatuaggi\\\/\",\"url\":\"https:\\\/\\\/med.tattoo\\\/it\\\/creare-tatuaggi\\\/\",\"name\":\"Creare tatuaggi - MED.TATTOO\",\"isPartOf\":{\"@id\":\"https:\\\/\\\/med.tattoo\\\/it\\\/#website\"},\"primaryImageOfPage\":{\"@id\":\"https:\\\/\\\/med.tattoo\\\/it\\\/creare-tatuaggi\\\/#primaryimage\"},\"image\":{\"@id\":\"https:\\\/\\\/med.tattoo\\\/it\\\/creare-tatuaggi\\\/#primaryimage\"},\"thumbnailUrl\":\"https:\\\/\\\/s.w.org\\\/images\\\/core\\\/emoji\\\/14.0.0\\\/svg\\\/1f447.svg\",\"datePublished\":\"2025-05-07T08:30:16+00:00\",\"description\":\"Prepari la sua pelle prima di fare un tatuaggio. Una pelle ben idratata e nutrita sar\u00e0 morbida ed elastica. Questo render\u00e0 pi\u00f9 facile il processo di tatuaggio stesso....\",\"breadcrumb\":{\"@id\":\"https:\\\/\\\/med.tattoo\\\/it\\\/creare-tatuaggi\\\/#breadcrumb\"},\"inLanguage\":\"it-IT\",\"potentialAction\":[{\"@type\":\"ReadAction\",\"target\":[\"https:\\\/\\\/med.tattoo\\\/it\\\/creare-tatuaggi\\\/\"]}]},{\"@type\":\"ImageObject\",\"inLanguage\":\"it-IT\",\"@id\":\"https:\\\/\\\/med.tattoo\\\/it\\\/creare-tatuaggi\\\/#primaryimage\",\"url\":\"https:\\\/\\\/s.w.org\\\/images\\\/core\\\/emoji\\\/14.0.0\\\/svg\\\/1f447.svg\",\"contentUrl\":\"https:\\\/\\\/s.w.org\\\/images\\\/core\\\/emoji\\\/14.0.0\\\/svg\\\/1f447.svg\"},{\"@type\":\"BreadcrumbList\",\"@id\":\"https:\\\/\\\/med.tattoo\\\/it\\\/creare-tatuaggi\\\/#breadcrumb\",\"itemListElement\":[{\"@type\":\"ListItem\",\"position\":1,\"name\":\"Strona G\u0142\u00f3wna\",\"item\":\"https:\\\/\\\/med.tattoo\\\/it\\\/\"},{\"@type\":\"ListItem\",\"position\":2,\"name\":\"Creare tatuaggi\"}]},{\"@type\":\"WebSite\",\"@id\":\"https:\\\/\\\/med.tattoo\\\/it\\\/#website\",\"url\":\"https:\\\/\\\/med.tattoo\\\/it\\\/\",\"name\":\"MED.TATTOO\",\"description\":\"Wszystko dla Twojego tatua\u017cu\",\"publisher\":{\"@id\":\"https:\\\/\\\/med.tattoo\\\/it\\\/#organization\"},\"potentialAction\":[{\"@type\":\"SearchAction\",\"target\":{\"@type\":\"EntryPoint\",\"urlTemplate\":\"https:\\\/\\\/med.tattoo\\\/it\\\/?s={search_term_string}\"},\"query-input\":{\"@type\":\"PropertyValueSpecification\",\"valueRequired\":true,\"valueName\":\"search_term_string\"}}],\"inLanguage\":\"it-IT\"},{\"@type\":\"Organization\",\"@id\":\"https:\\\/\\\/med.tattoo\\\/it\\\/#organization\",\"name\":\"MED.TATTOO\",\"url\":\"https:\\\/\\\/med.tattoo\\\/it\\\/\",\"logo\":{\"@type\":\"ImageObject\",\"inLanguage\":\"it-IT\",\"@id\":\"https:\\\/\\\/med.tattoo\\\/it\\\/#\\\/schema\\\/logo\\\/image\\\/\",\"url\":\"https:\\\/\\\/med.tattoo\\\/wp-content\\\/uploads\\\/2025\\\/05\\\/Bez-tytulu-600S300-px-1-e1658908183800.png\",\"contentUrl\":\"https:\\\/\\\/med.tattoo\\\/wp-content\\\/uploads\\\/2025\\\/05\\\/Bez-tytulu-600S300-px-1-e1658908183800.png\",\"width\":600,\"height\":61,\"caption\":\"MED.TATTOO\"},\"image\":{\"@id\":\"https:\\\/\\\/med.tattoo\\\/it\\\/#\\\/schema\\\/logo\\\/image\\\/\"},\"sameAs\":[\"https:\\\/\\\/www.facebook.com\\\/profile.php?id=100084366705613\",\"https:\\\/\\\/www.instagram.com\\\/med.tattoo_official\\\/\"]}]}<\/script>\n<!-- \/ Yoast SEO plugin. -->","yoast_head_json":{"title":"Creare tatuaggi - MED.TATTOO","description":"Prepari la sua pelle prima di fare un tatuaggio. Una pelle ben idratata e nutrita sar\u00e0 morbida ed elastica. Questo render\u00e0 pi\u00f9 facile il processo di tatuaggio stesso....","robots":{"index":"index","follow":"follow","max-snippet":"max-snippet:-1","max-image-preview":"max-image-preview:large","max-video-preview":"max-video-preview:-1"},"canonical":"https:\/\/med.tattoo\/it\/creare-tatuaggi\/","og_locale":"it_IT","og_type":"article","og_title":"Creare tatuaggi - MED.TATTOO","og_description":"Prepari la sua pelle prima di fare un tatuaggio. Una pelle ben idratata e nutrita sar\u00e0 morbida ed elastica. Questo render\u00e0 pi\u00f9 facile il processo di tatuaggio stesso....","og_url":"https:\/\/med.tattoo\/it\/creare-tatuaggi\/","og_site_name":"MED.TATTOO","article_publisher":"https:\/\/www.facebook.com\/profile.php?id=100084366705613","og_image":[{"url":"https:\/\/med.tattoo\/wp-content\/uploads\/2022\/08\/IMG_8199-300x300.jpg","type":"","width":"","height":""}],"twitter_card":"summary_large_image","twitter_misc":{"Tempo di lettura stimato":"2 minuti"},"schema":{"@context":"https:\/\/schema.org","@graph":[{"@type":"WebPage","@id":"https:\/\/med.tattoo\/it\/creare-tatuaggi\/","url":"https:\/\/med.tattoo\/it\/creare-tatuaggi\/","name":"Creare tatuaggi - MED.TATTOO","isPartOf":{"@id":"https:\/\/med.tattoo\/it\/#website"},"primaryImageOfPage":{"@id":"https:\/\/med.tattoo\/it\/creare-tatuaggi\/#primaryimage"},"image":{"@id":"https:\/\/med.tattoo\/it\/creare-tatuaggi\/#primaryimage"},"thumbnailUrl":"https:\/\/s.w.org\/images\/core\/emoji\/14.0.0\/svg\/1f447.svg","datePublished":"2025-05-07T08:30:16+00:00","description":"Prepari la sua pelle prima di fare un tatuaggio. Una pelle ben idratata e nutrita sar\u00e0 morbida ed elastica. Questo render\u00e0 pi\u00f9 facile il processo di tatuaggio stesso....","breadcrumb":{"@id":"https:\/\/med.tattoo\/it\/creare-tatuaggi\/#breadcrumb"},"inLanguage":"it-IT","potentialAction":[{"@type":"ReadAction","target":["https:\/\/med.tattoo\/it\/creare-tatuaggi\/"]}]},{"@type":"ImageObject","inLanguage":"it-IT","@id":"https:\/\/med.tattoo\/it\/creare-tatuaggi\/#primaryimage","url":"https:\/\/s.w.org\/images\/core\/emoji\/14.0.0\/svg\/1f447.svg","contentUrl":"https:\/\/s.w.org\/images\/core\/emoji\/14.0.0\/svg\/1f447.svg"},{"@type":"BreadcrumbList","@id":"https:\/\/med.tattoo\/it\/creare-tatuaggi\/#breadcrumb","itemListElement":[{"@type":"ListItem","position":1,"name":"Strona G\u0142\u00f3wna","item":"https:\/\/med.tattoo\/it\/"},{"@type":"ListItem","position":2,"name":"Creare tatuaggi"}]},{"@type":"WebSite","@id":"https:\/\/med.tattoo\/it\/#website","url":"https:\/\/med.tattoo\/it\/","name":"MED.TATTOO","description":"Wszystko dla Twojego tatua\u017cu","publisher":{"@id":"https:\/\/med.tattoo\/it\/#organization"},"potentialAction":[{"@type":"SearchAction","target":{"@type":"EntryPoint","urlTemplate":"https:\/\/med.tattoo\/it\/?s={search_term_string}"},"query-input":{"@type":"PropertyValueSpecification","valueRequired":true,"valueName":"search_term_string"}}],"inLanguage":"it-IT"},{"@type":"Organization","@id":"https:\/\/med.tattoo\/it\/#organization","name":"MED.TATTOO","url":"https:\/\/med.tattoo\/it\/","logo":{"@type":"ImageObject","inLanguage":"it-IT","@id":"https:\/\/med.tattoo\/it\/#\/schema\/logo\/image\/","url":"https:\/\/med.tattoo\/wp-content\/uploads\/2025\/05\/Bez-tytulu-600S300-px-1-e1658908183800.png","contentUrl":"https:\/\/med.tattoo\/wp-content\/uploads\/2025\/05\/Bez-tytulu-600S300-px-1-e1658908183800.png","width":600,"height":61,"caption":"MED.TATTOO"},"image":{"@id":"https:\/\/med.tattoo\/it\/#\/schema\/logo\/image\/"},"sameAs":["https:\/\/www.facebook.com\/profile.php?id=100084366705613","https:\/\/www.instagram.com\/med.tattoo_official\/"]}]}},"_links":{"self":[{"href":"https:\/\/med.tattoo\/it\/wp-json\/wp\/v2\/pages\/4538","targetHints":{"allow":["GET"]}}],"collection":[{"href":"https:\/\/med.tattoo\/it\/wp-json\/wp\/v2\/pages"}],"about":[{"href":"https:\/\/med.tattoo\/it\/wp-json\/wp\/v2\/types\/page"}],"author":[{"embeddable":true,"href":"https:\/\/med.tattoo\/it\/wp-json\/wp\/v2\/users\/1"}],"replies":[{"embeddable":true,"href":"https:\/\/med.tattoo\/it\/wp-json\/wp\/v2\/comments?post=4538"}],"version-history":[{"count":1,"href":"https:\/\/med.tattoo\/it\/wp-json\/wp\/v2\/pages\/4538\/revisions"}],"predecessor-version":[{"id":4546,"href":"https:\/\/med.tattoo\/it\/wp-json\/wp\/v2\/pages\/4538\/revisions\/4546"}],"wp:attachment":[{"href":"https:\/\/med.tattoo\/it\/wp-json\/wp\/v2\/media?parent=4538"}],"curies":[{"name":"wp","href":"https:\/\/api.w.org\/{rel}","templated":true}]}}