{"id":4551,"date":"2025-05-07T10:30:40","date_gmt":"2025-05-07T08:30:40","guid":{"rendered":"https:\/\/med.tattoo\/restituzioni-e-reclami\/"},"modified":"2025-05-07T16:08:07","modified_gmt":"2025-05-07T14:08:07","slug":"restituzioni-e-reclami","status":"publish","type":"page","link":"https:\/\/med.tattoo\/it\/restituzioni-e-reclami\/","title":{"rendered":"RESTITUZIONI E RECLAMI"},"content":{"rendered":"\n<div style=\"height:50px\" aria-hidden=\"true\" class=\"wp-block-spacer\"><\/div>\n\n\n\n<h2 class=\"wp-block-heading has-text-align-center\" id=\"h-zwrot\">RITORNO<\/h2>\n\n\n\n<p>Ai sensi della Legge sui Diritti dei Consumatori del 30 maggio 2014, il Consumatore pu\u00f2 recedere dal contratto di vendita di beni acquistati dal Venditore senza fornire una motivazione, presentando una dichiarazione scritta in merito entro 14 giorni, a partire dalla data di consegna dei beni (ossia dalla data di ricevimento dei beni da parte del Consumatore). L&#8217;invio di una dichiarazione scritta per posta prima di questa scadenza \u00e8 sufficiente per rispettarla.<br>Il Consumatore pu\u00f2 recedere dal contratto presentando una dichiarazione di recesso al Venditore. Il Consumatore pu\u00f2 utilizzare il modulo di dichiarazione di recesso che costituisce un&#8217;appendice ai presenti termini e condizioni, che pu\u00f2 anche essere scaricato dall&#8217;indirizzo <a href=\"https:\/\/med.tattoo\/wp-content\/uploads\/2025\/05\/Form-it.docx\">Clicca qui<\/a>.<br>La dichiarazione di recesso dal contratto deve essere inviata all&#8217;indirizzo MEDYCZNIE PROSTA SP\u00d3KA AKCYJNA Gorlice (38-300), ul. Biecka 8\/1.<br>Il Consumatore \u00e8 tenuto a restituire i beni al Venditore entro e non oltre 14 giorni dalla data di recesso dal contratto. Per rispettare il termine \u00e8 sufficiente restituire la merce prima della sua scadenza.<br>La restituzione della merce deve essere effettuata all&#8217;indirizzo del Venditore: MEDYCZNIE PROSTA SP\u00d3\u0141KA AKCYJNA Gorlice (38-300), ul. Biecka 8\/1. La merce restituita deve essere in condizioni inalterate. Il Venditore confermer\u00e0 la restituzione al Cliente. <br>Il Venditore, entro 14 giorni dalla data di ricevimento della dichiarazione di recesso, rimborser\u00e0 al Consumatore il beneficio del prezzo di acquisto, ma il pagamento non sar\u00e0 rimborsato fino a quando i beni non saranno stati ricevuti o il Consumatore non avr\u00e0 fornito la prova della loro restituzione.<br>Il Venditore rimborser\u00e0 il pagamento utilizzando lo stesso metodo di pagamento utilizzato dal Consumatore, a meno che il Consumatore non accetti un altro metodo di rimborso che non comporti alcun costo per il Consumatore.<br>Il consumatore dovr\u00e0 sostenere i costi di restituzione della merce al Venditore, compresi i costi di spedizione, protezione e imballaggio della merce.<br>Il diritto di recesso da un contratto concluso a distanza non si applica al Consumatore in relazione ai contratti indicati nell&#8217;Articolo 38 della Legge del 30 maggio 2014 sui Diritti del Consumatore. 38 della Legge del 30 maggio 2014 sui diritti dei consumatori, in particolare i contratti:<br>in cui l&#8217;oggetto della prestazione \u00e8 un articolo che si deteriora rapidamente o ha una breve durata di conservazione;<br>in cui l&#8217;oggetto della prestazione \u00e8 un articolo consegnato in una confezione sigillata che non pu\u00f2 essere restituita dopo l&#8217;apertura della confezione per motivi igienici o di protezione della salute, se la confezione \u00e8 stata aperta dopo la consegna;<br>in cui l&#8217;oggetto della prestazione \u00e8 un articolo che, dopo la consegna, a causa della sua natura, \u00e8 indissolubilmente legato ad altri articoli;<br>conclusi attraverso un&#8217;asta pubblica.<\/p>\n\n\n\n<h2 class=\"wp-block-heading has-text-align-center\">RECLAMI<\/h2>\n\n\n\n<p>Il Venditore \u00e8 responsabile in garanzia per i difetti fisici e giuridici della merce venduta nella misura indicata dall&#8217;articolo 556 e seguenti della Legge del 23 aprile 1964 &#8211; Codice Civile (DZ. U. del 2014, articolo 121). <br>Se la merce risulta difettosa, il Cliente ha in particolare il diritto di presentare un reclamo entro 2 (due) anni dalla data di consegna della merce. In questo caso, il Cliente dovr\u00e0 inviare o consegnare al Venditore la merce pubblicizzata insieme alla prova d&#8217;acquisto e a una descrizione dei difetti riscontrati. La merce reclamata deve essere consegnata o inviata all&#8217;indirizzo del Venditore MEDYCZNIE PROSTA SP\u00d3\u0141KA AKCYJNA Gorlice (38-300), ul. Biecka 8\/1.<br>In base ai principi stabiliti dal Codice Civile, il Cliente pu\u00f2 richiedere la riparazione della merce, la sostituzione della merce con merce priva di difetti, la riduzione del prezzo della merce o il recesso dal contratto di vendita. Il Venditore dovr\u00e0 immediatamente, ma non oltre 14 giorni dalla data di ricevimento del pacco con la merce reclamata, rispondere al reclamo e informare il Cliente sulle ulteriori procedure.    <br>Se il reclamo \u00e8 giustificato, il Venditore si impegna a sostituire la merce difettosa con merce priva di difetti, a eliminare il difetto o a ridurre il prezzo della merce entro 14 giorni dall&#8217;accettazione del reclamo del Cliente.<br>In caso di recesso effettivo dal contratto, il Venditore si impegna a rimborsare il pagamento entro 14 giorni dalla data di ricevimento della dichiarazione di recesso, a condizione che il pagamento non venga rimborsato fino a quando la merce non sia stata ricevuta o il Cliente non abbia fornito la prova della sua restituzione.<br>Il Venditore rimborser\u00e0 al Cliente i costi associati alla consegna o alla spedizione dei beni oggetto di reclamo, una volta risolto il reclamo.<br>Nel caso di un articolo contrattuale coperto da una garanzia del distributore o del produttore (garante), i termini e le condizioni dettagliate della garanzia e la sua durata sono indicati nel documento di garanzia emesso dal garante. Se il documento di garanzia prevede tale possibilit\u00e0, il Cliente pu\u00f2 presentare i suoi reclami in base alla garanzia direttamente al centro di assistenza autorizzato il cui indirizzo \u00e8 riportato nel documento di garanzia. Il Cliente pu\u00f2 anche presentare i suoi reclami in garanzia al Venditore, ma in questo caso il Venditore \u00e8 solo un intermediario che inoltra il reclamo presentato al garante. Il cliente pu\u00f2 avvalersi, a sua discrezione, dei diritti di garanzia direttamente con il garante e dei suoi diritti nei confronti del Venditore ai sensi della garanzia.<br>I costi relativi alla consegna o alla spedizione della merce reclamata saranno rimborsati dal Venditore al cliente dopo che il reclamo \u00e8 stato elaborato e le richieste del cliente sono state accettate.<br>Al fine di mantenere le propriet\u00e0 e la qualit\u00e0 adeguate dei prodotti consegnati, il Venditore si riserva il diritto di scegliere un metodo specifico di trasporto dell&#8217;ordine &#8211; trasporto specializzato con condizioni costanti e controllate (Pharmalink). La modifica del metodo di consegna da parte del cliente e la rinuncia al trasporto specializzato sollevano il Venditore da qualsiasi responsabilit\u00e0 per la modifica dell&#8217;aspetto o delle propriet\u00e0 della merce causata da una temperatura inadeguata (troppo alta o troppo bassa) durante il trasporto o lo stoccaggio dei pacchi da parte dell&#8217;azienda di trasporto.    <\/p>\n\n\n\n<p><\/p>\n","protected":false},"excerpt":{"rendered":"<p>RITORNO Ai sensi della Legge sui Diritti dei Consumatori del 30 maggio 2014, il Consumatore pu\u00f2 recedere dal contratto di vendita di beni acquistati dal Venditore senza fornire una motivazione, presentando una dichiarazione scritta in merito entro 14 giorni, a partire dalla data di consegna dei beni (ossia dalla data di ricevimento dei beni da [&hellip;]<\/p>\n","protected":false},"author":1,"featured_media":0,"parent":0,"menu_order":0,"comment_status":"closed","ping_status":"closed","template":"","meta":{"site-sidebar-layout":"default","site-content-layout":"","ast-site-content-layout":"default","site-content-style":"default","site-sidebar-style":"default","ast-global-header-display":"","ast-banner-title-visibility":"","ast-main-header-display":"","ast-hfb-above-header-display":"","ast-hfb-below-header-display":"","ast-hfb-mobile-header-display":"","site-post-title":"","ast-breadcrumbs-content":"","ast-featured-img":"","footer-sml-layout":"","ast-disable-related-posts":"","theme-transparent-header-meta":"","adv-header-id-meta":"","stick-header-meta":"","header-above-stick-meta":"","header-main-stick-meta":"","header-below-stick-meta":"","astra-migrate-meta-layouts":"set","ast-page-background-enabled":"default","ast-page-background-meta":{"desktop":{"background-color":"var(--ast-global-color-4)","background-image":"","background-repeat":"repeat","background-position":"center center","background-size":"auto","background-attachment":"scroll","background-type":"","background-media":"","overlay-type":"","overlay-color":"","overlay-opacity":"","overlay-gradient":""},"tablet":{"background-color":"","background-image":"","background-repeat":"repeat","background-position":"center center","background-size":"auto","background-attachment":"scroll","background-type":"","background-media":"","overlay-type":"","overlay-color":"","overlay-opacity":"","overlay-gradient":""},"mobile":{"background-color":"","background-image":"","background-repeat":"repeat","background-position":"center center","background-size":"auto","background-attachment":"scroll","background-type":"","background-media":"","overlay-type":"","overlay-color":"","overlay-opacity":"","overlay-gradient":""}},"ast-content-background-meta":{"desktop":{"background-color":"var(--ast-global-color-5)","background-image":"","background-repeat":"repeat","background-position":"center center","background-size":"auto","background-attachment":"scroll","background-type":"","background-media":"","overlay-type":"","overlay-color":"","overlay-opacity":"","overlay-gradient":""},"tablet":{"background-color":"var(--ast-global-color-5)","background-image":"","background-repeat":"repeat","background-position":"center center","background-size":"auto","background-attachment":"scroll","background-type":"","background-media":"","overlay-type":"","overlay-color":"","overlay-opacity":"","overlay-gradient":""},"mobile":{"background-color":"var(--ast-global-color-5)","background-image":"","background-repeat":"repeat","background-position":"center center","background-size":"auto","background-attachment":"scroll","background-type":"","background-media":"","overlay-type":"","overlay-color":"","overlay-opacity":"","overlay-gradient":""}},"footnotes":""},"class_list":["post-4551","page","type-page","status-publish","hentry"],"yoast_head":"<!-- This site is optimized with the Yoast SEO plugin v27.3 - https:\/\/yoast.com\/product\/yoast-seo-wordpress\/ -->\n<title>RESTITUZIONI E RECLAMI - MED.TATTOO<\/title>\n<meta name=\"robots\" content=\"index, follow, max-snippet:-1, max-image-preview:large, max-video-preview:-1\" \/>\n<link rel=\"canonical\" href=\"https:\/\/med.tattoo\/it\/restituzioni-e-reclami\/\" \/>\n<meta property=\"og:locale\" content=\"it_IT\" \/>\n<meta property=\"og:type\" content=\"article\" \/>\n<meta property=\"og:title\" content=\"RESTITUZIONI E RECLAMI - MED.TATTOO\" \/>\n<meta property=\"og:description\" content=\"RITORNO Ai sensi della Legge sui Diritti dei Consumatori del 30 maggio 2014, il Consumatore pu\u00f2 recedere dal contratto di vendita di beni acquistati dal Venditore senza fornire una motivazione, presentando una dichiarazione scritta in merito entro 14 giorni, a partire dalla data di consegna dei beni (ossia dalla data di ricevimento dei beni da [&hellip;]\" \/>\n<meta property=\"og:url\" content=\"https:\/\/med.tattoo\/it\/restituzioni-e-reclami\/\" \/>\n<meta property=\"og:site_name\" content=\"MED.TATTOO\" \/>\n<meta property=\"article:publisher\" content=\"https:\/\/www.facebook.com\/profile.php?id=100084366705613\" \/>\n<meta property=\"article:modified_time\" content=\"2025-05-07T14:08:07+00:00\" \/>\n<meta name=\"twitter:card\" content=\"summary_large_image\" \/>\n<meta name=\"twitter:label1\" content=\"Tempo di lettura stimato\" \/>\n\t<meta name=\"twitter:data1\" content=\"6 minuti\" \/>\n<script type=\"application\/ld+json\" class=\"yoast-schema-graph\">{\"@context\":\"https:\\\/\\\/schema.org\",\"@graph\":[{\"@type\":\"WebPage\",\"@id\":\"https:\\\/\\\/med.tattoo\\\/it\\\/restituzioni-e-reclami\\\/\",\"url\":\"https:\\\/\\\/med.tattoo\\\/it\\\/restituzioni-e-reclami\\\/\",\"name\":\"RESTITUZIONI E RECLAMI - MED.TATTOO\",\"isPartOf\":{\"@id\":\"https:\\\/\\\/med.tattoo\\\/it\\\/#website\"},\"datePublished\":\"2025-05-07T08:30:40+00:00\",\"dateModified\":\"2025-05-07T14:08:07+00:00\",\"breadcrumb\":{\"@id\":\"https:\\\/\\\/med.tattoo\\\/it\\\/restituzioni-e-reclami\\\/#breadcrumb\"},\"inLanguage\":\"it-IT\",\"potentialAction\":[{\"@type\":\"ReadAction\",\"target\":[\"https:\\\/\\\/med.tattoo\\\/it\\\/restituzioni-e-reclami\\\/\"]}]},{\"@type\":\"BreadcrumbList\",\"@id\":\"https:\\\/\\\/med.tattoo\\\/it\\\/restituzioni-e-reclami\\\/#breadcrumb\",\"itemListElement\":[{\"@type\":\"ListItem\",\"position\":1,\"name\":\"Strona G\u0142\u00f3wna\",\"item\":\"https:\\\/\\\/med.tattoo\\\/it\\\/\"},{\"@type\":\"ListItem\",\"position\":2,\"name\":\"RESTITUZIONI E RECLAMI\"}]},{\"@type\":\"WebSite\",\"@id\":\"https:\\\/\\\/med.tattoo\\\/it\\\/#website\",\"url\":\"https:\\\/\\\/med.tattoo\\\/it\\\/\",\"name\":\"MED.TATTOO\",\"description\":\"Wszystko dla Twojego tatua\u017cu\",\"publisher\":{\"@id\":\"https:\\\/\\\/med.tattoo\\\/it\\\/#organization\"},\"potentialAction\":[{\"@type\":\"SearchAction\",\"target\":{\"@type\":\"EntryPoint\",\"urlTemplate\":\"https:\\\/\\\/med.tattoo\\\/it\\\/?s={search_term_string}\"},\"query-input\":{\"@type\":\"PropertyValueSpecification\",\"valueRequired\":true,\"valueName\":\"search_term_string\"}}],\"inLanguage\":\"it-IT\"},{\"@type\":\"Organization\",\"@id\":\"https:\\\/\\\/med.tattoo\\\/it\\\/#organization\",\"name\":\"MED.TATTOO\",\"url\":\"https:\\\/\\\/med.tattoo\\\/it\\\/\",\"logo\":{\"@type\":\"ImageObject\",\"inLanguage\":\"it-IT\",\"@id\":\"https:\\\/\\\/med.tattoo\\\/it\\\/#\\\/schema\\\/logo\\\/image\\\/\",\"url\":\"https:\\\/\\\/med.tattoo\\\/wp-content\\\/uploads\\\/2025\\\/05\\\/Bez-tytulu-600S300-px-1-e1658908183800.png\",\"contentUrl\":\"https:\\\/\\\/med.tattoo\\\/wp-content\\\/uploads\\\/2025\\\/05\\\/Bez-tytulu-600S300-px-1-e1658908183800.png\",\"width\":600,\"height\":61,\"caption\":\"MED.TATTOO\"},\"image\":{\"@id\":\"https:\\\/\\\/med.tattoo\\\/it\\\/#\\\/schema\\\/logo\\\/image\\\/\"},\"sameAs\":[\"https:\\\/\\\/www.facebook.com\\\/profile.php?id=100084366705613\",\"https:\\\/\\\/www.instagram.com\\\/med.tattoo_official\\\/\"]}]}<\/script>\n<!-- \/ Yoast SEO plugin. -->","yoast_head_json":{"title":"RESTITUZIONI E RECLAMI - MED.TATTOO","robots":{"index":"index","follow":"follow","max-snippet":"max-snippet:-1","max-image-preview":"max-image-preview:large","max-video-preview":"max-video-preview:-1"},"canonical":"https:\/\/med.tattoo\/it\/restituzioni-e-reclami\/","og_locale":"it_IT","og_type":"article","og_title":"RESTITUZIONI E RECLAMI - MED.TATTOO","og_description":"RITORNO Ai sensi della Legge sui Diritti dei Consumatori del 30 maggio 2014, il Consumatore pu\u00f2 recedere dal contratto di vendita di beni acquistati dal Venditore senza fornire una motivazione, presentando una dichiarazione scritta in merito entro 14 giorni, a partire dalla data di consegna dei beni (ossia dalla data di ricevimento dei beni da [&hellip;]","og_url":"https:\/\/med.tattoo\/it\/restituzioni-e-reclami\/","og_site_name":"MED.TATTOO","article_publisher":"https:\/\/www.facebook.com\/profile.php?id=100084366705613","article_modified_time":"2025-05-07T14:08:07+00:00","twitter_card":"summary_large_image","twitter_misc":{"Tempo di lettura stimato":"6 minuti"},"schema":{"@context":"https:\/\/schema.org","@graph":[{"@type":"WebPage","@id":"https:\/\/med.tattoo\/it\/restituzioni-e-reclami\/","url":"https:\/\/med.tattoo\/it\/restituzioni-e-reclami\/","name":"RESTITUZIONI E RECLAMI - MED.TATTOO","isPartOf":{"@id":"https:\/\/med.tattoo\/it\/#website"},"datePublished":"2025-05-07T08:30:40+00:00","dateModified":"2025-05-07T14:08:07+00:00","breadcrumb":{"@id":"https:\/\/med.tattoo\/it\/restituzioni-e-reclami\/#breadcrumb"},"inLanguage":"it-IT","potentialAction":[{"@type":"ReadAction","target":["https:\/\/med.tattoo\/it\/restituzioni-e-reclami\/"]}]},{"@type":"BreadcrumbList","@id":"https:\/\/med.tattoo\/it\/restituzioni-e-reclami\/#breadcrumb","itemListElement":[{"@type":"ListItem","position":1,"name":"Strona G\u0142\u00f3wna","item":"https:\/\/med.tattoo\/it\/"},{"@type":"ListItem","position":2,"name":"RESTITUZIONI E RECLAMI"}]},{"@type":"WebSite","@id":"https:\/\/med.tattoo\/it\/#website","url":"https:\/\/med.tattoo\/it\/","name":"MED.TATTOO","description":"Wszystko dla Twojego tatua\u017cu","publisher":{"@id":"https:\/\/med.tattoo\/it\/#organization"},"potentialAction":[{"@type":"SearchAction","target":{"@type":"EntryPoint","urlTemplate":"https:\/\/med.tattoo\/it\/?s={search_term_string}"},"query-input":{"@type":"PropertyValueSpecification","valueRequired":true,"valueName":"search_term_string"}}],"inLanguage":"it-IT"},{"@type":"Organization","@id":"https:\/\/med.tattoo\/it\/#organization","name":"MED.TATTOO","url":"https:\/\/med.tattoo\/it\/","logo":{"@type":"ImageObject","inLanguage":"it-IT","@id":"https:\/\/med.tattoo\/it\/#\/schema\/logo\/image\/","url":"https:\/\/med.tattoo\/wp-content\/uploads\/2025\/05\/Bez-tytulu-600S300-px-1-e1658908183800.png","contentUrl":"https:\/\/med.tattoo\/wp-content\/uploads\/2025\/05\/Bez-tytulu-600S300-px-1-e1658908183800.png","width":600,"height":61,"caption":"MED.TATTOO"},"image":{"@id":"https:\/\/med.tattoo\/it\/#\/schema\/logo\/image\/"},"sameAs":["https:\/\/www.facebook.com\/profile.php?id=100084366705613","https:\/\/www.instagram.com\/med.tattoo_official\/"]}]}},"_links":{"self":[{"href":"https:\/\/med.tattoo\/it\/wp-json\/wp\/v2\/pages\/4551","targetHints":{"allow":["GET"]}}],"collection":[{"href":"https:\/\/med.tattoo\/it\/wp-json\/wp\/v2\/pages"}],"about":[{"href":"https:\/\/med.tattoo\/it\/wp-json\/wp\/v2\/types\/page"}],"author":[{"embeddable":true,"href":"https:\/\/med.tattoo\/it\/wp-json\/wp\/v2\/users\/1"}],"replies":[{"embeddable":true,"href":"https:\/\/med.tattoo\/it\/wp-json\/wp\/v2\/comments?post=4551"}],"version-history":[{"count":2,"href":"https:\/\/med.tattoo\/it\/wp-json\/wp\/v2\/pages\/4551\/revisions"}],"predecessor-version":[{"id":6392,"href":"https:\/\/med.tattoo\/it\/wp-json\/wp\/v2\/pages\/4551\/revisions\/6392"}],"wp:attachment":[{"href":"https:\/\/med.tattoo\/it\/wp-json\/wp\/v2\/media?parent=4551"}],"curies":[{"name":"wp","href":"https:\/\/api.w.org\/{rel}","templated":true}]}}