{"id":9111,"date":"2025-05-15T07:25:49","date_gmt":"2025-05-15T05:25:49","guid":{"rendered":"https:\/\/med.tattoo\/produkt\/tampone-protettivo-in-cellulosa-60-50m-1pc-bianco-a-2-strati\/"},"modified":"2025-05-15T07:25:49","modified_gmt":"2025-05-15T05:25:49","slug":"tampone-protettivo-in-cellulosa-60-50m-1pc-bianco-a-2-strati","status":"publish","type":"product","link":"https:\/\/med.tattoo\/it\/prodotto\/tampone-protettivo-in-cellulosa-60-50m-1pc-bianco-a-2-strati\/","title":{"rendered":"Tampone protettivo in cellulosa 60\/50m 1pc bianco a 2 strati"},"content":{"rendered":"<p>Il cuscinetto medico \u00e8 un prodotto di alta qualit\u00e0 che consente di mantenere l&#8217;igiene in tutte le condizioni. Un prodotto sicuro e igienico. \u00c8 realizzato in carta a doppio strato di 50 cm x 60 m di pura cellulosa selezionata. Ha un colore bianco come la neve e una fine goffratura sulla superficie. Questo contribuisce ad aumentare la sua capacit\u00e0 di assorbimento.      <\/p>\n<p>  \u00c8 molto piacevole al tatto e delicato sulla pelle. Il vantaggio \u00e8 la perfetta perforazione, che divide il rotolo di underpad in pezzi di uguale lunghezza &#8211; che possono essere strappati facilmente e rapidamente. Ci sono ben 210 pezzi in un rotolo, il che ha un impatto significativo sulla riduzione dell&#8217;usura. Ogni rotolo \u00e8 confezionato separatamente, per garantire la pulizia, l&#8217;igiene e la sicurezza dell&#8217;utente.     <\/p>\n<p>Consigliato per gli studi medici, le spa e i centri di massaggio.  <\/p>\n<p>Colore: Bianco  <\/p>\n<p>Materia prima: Cellulosa<\/p>\n<p>Numero di strati: 2<\/p>\n<p>Larghezza del rotolo: 60 cm<\/p>\n<p>Lunghezza del rotolo: 50 m<\/p>\n","protected":false},"excerpt":{"rendered":"<p>Il cuscinetto medico \u00e8 un prodotto di alta qualit\u00e0 che consente di mantenere l&#8217;igiene in tutte le condizioni. Un prodotto sicuro e igienico. \u00c8 realizzato in carta a doppio strato di 50 cm x 60 m di pura cellulosa selezionata. Ha un colore bianco come la neve e una fine goffratura sulla superficie. Questo contribuisce [&hellip;]<\/p>\n","protected":false},"featured_media":7635,"comment_status":"closed","ping_status":"open","template":"","meta":{"site-sidebar-layout":"default","site-content-layout":"","ast-site-content-layout":"default","site-content-style":"default","site-sidebar-style":"default","ast-global-header-display":"","ast-banner-title-visibility":"","ast-main-header-display":"","ast-hfb-above-header-display":"","ast-hfb-below-header-display":"","ast-hfb-mobile-header-display":"","site-post-title":"","ast-breadcrumbs-content":"","ast-featured-img":"","footer-sml-layout":"","ast-disable-related-posts":"","theme-transparent-header-meta":"","adv-header-id-meta":"","stick-header-meta":"","header-above-stick-meta":"","header-main-stick-meta":"","header-below-stick-meta":"","astra-migrate-meta-layouts":"default","ast-page-background-enabled":"default","ast-page-background-meta":{"desktop":{"background-color":"var(--ast-global-color-4)","background-image":"","background-repeat":"repeat","background-position":"center center","background-size":"auto","background-attachment":"scroll","background-type":"","background-media":"","overlay-type":"","overlay-color":"","overlay-opacity":"","overlay-gradient":""},"tablet":{"background-color":"","background-image":"","background-repeat":"repeat","background-position":"center center","background-size":"auto","background-attachment":"scroll","background-type":"","background-media":"","overlay-type":"","overlay-color":"","overlay-opacity":"","overlay-gradient":""},"mobile":{"background-color":"","background-image":"","background-repeat":"repeat","background-position":"center center","background-size":"auto","background-attachment":"scroll","background-type":"","background-media":"","overlay-type":"","overlay-color":"","overlay-opacity":"","overlay-gradient":""}},"ast-content-background-meta":{"desktop":{"background-color":"var(--ast-global-color-5)","background-image":"","background-repeat":"repeat","background-position":"center center","background-size":"auto","background-attachment":"scroll","background-type":"","background-media":"","overlay-type":"","overlay-color":"","overlay-opacity":"","overlay-gradient":""},"tablet":{"background-color":"var(--ast-global-color-5)","background-image":"","background-repeat":"repeat","background-position":"center center","background-size":"auto","background-attachment":"scroll","background-type":"","background-media":"","overlay-type":"","overlay-color":"","overlay-opacity":"","overlay-gradient":""},"mobile":{"background-color":"var(--ast-global-color-5)","background-image":"","background-repeat":"repeat","background-position":"center center","background-size":"auto","background-attachment":"scroll","background-type":"","background-media":"","overlay-type":"","overlay-color":"","overlay-opacity":"","overlay-gradient":""}}},"product_brand":[],"product_cat":[56],"product_tag":[],"class_list":{"0":"post-9111","1":"product","2":"type-product","3":"status-publish","4":"has-post-thumbnail","6":"product_cat-med-tattoo-it","7":"desktop-align-left","8":"tablet-align-left","9":"mobile-align-left","10":"ast-product-gallery-layout-horizontal-slider","11":"ast-product-gallery-with-no-image","12":"ast-product-tabs-layout-distributed","14":"first","15":"instock","16":"purchasable","17":"product-type-simple"},"yoast_head":"<!-- This site is optimized with the Yoast SEO plugin v27.3 - https:\/\/yoast.com\/product\/yoast-seo-wordpress\/ -->\n<title>Tampone protettivo in cellulosa 60\/50m 1pc bianco a 2 strati - MED.TATTOO<\/title>\n<meta name=\"robots\" content=\"index, follow, max-snippet:-1, max-image-preview:large, max-video-preview:-1\" \/>\n<link rel=\"canonical\" href=\"https:\/\/med.tattoo\/it\/prodotto\/tampone-protettivo-in-cellulosa-60-50m-1pc-bianco-a-2-strati\/\" \/>\n<meta property=\"og:locale\" content=\"it_IT\" \/>\n<meta property=\"og:type\" content=\"article\" \/>\n<meta property=\"og:title\" content=\"Tampone protettivo in cellulosa 60\/50m 1pc bianco a 2 strati - MED.TATTOO\" \/>\n<meta property=\"og:description\" content=\"Il cuscinetto medico \u00e8 un prodotto di alta qualit\u00e0 che consente di mantenere l&#8217;igiene in tutte le condizioni. Un prodotto sicuro e igienico. \u00c8 realizzato in carta a doppio strato di 50 cm x 60 m di pura cellulosa selezionata. Ha un colore bianco come la neve e una fine goffratura sulla superficie. Questo contribuisce [&hellip;]\" \/>\n<meta property=\"og:url\" content=\"https:\/\/med.tattoo\/it\/prodotto\/tampone-protettivo-in-cellulosa-60-50m-1pc-bianco-a-2-strati\/\" \/>\n<meta property=\"og:site_name\" content=\"MED.TATTOO\" \/>\n<meta property=\"article:publisher\" content=\"https:\/\/www.facebook.com\/profile.php?id=100084366705613\" \/>\n<meta name=\"twitter:card\" content=\"summary_large_image\" \/>\n<meta name=\"twitter:label1\" content=\"Tempo di lettura stimato\" \/>\n\t<meta name=\"twitter:data1\" content=\"1 minuto\" \/>\n<script type=\"application\/ld+json\" class=\"yoast-schema-graph\">{\"@context\":\"https:\\\/\\\/schema.org\",\"@graph\":[{\"@type\":\"WebPage\",\"@id\":\"https:\\\/\\\/med.tattoo\\\/it\\\/prodotto\\\/tampone-protettivo-in-cellulosa-60-50m-1pc-bianco-a-2-strati\\\/\",\"url\":\"https:\\\/\\\/med.tattoo\\\/it\\\/prodotto\\\/tampone-protettivo-in-cellulosa-60-50m-1pc-bianco-a-2-strati\\\/\",\"name\":\"Tampone protettivo in cellulosa 60\\\/50m 1pc bianco a 2 strati - MED.TATTOO\",\"isPartOf\":{\"@id\":\"https:\\\/\\\/med.tattoo\\\/it\\\/#website\"},\"primaryImageOfPage\":{\"@id\":\"https:\\\/\\\/med.tattoo\\\/it\\\/prodotto\\\/tampone-protettivo-in-cellulosa-60-50m-1pc-bianco-a-2-strati\\\/#primaryimage\"},\"image\":{\"@id\":\"https:\\\/\\\/med.tattoo\\\/it\\\/prodotto\\\/tampone-protettivo-in-cellulosa-60-50m-1pc-bianco-a-2-strati\\\/#primaryimage\"},\"thumbnailUrl\":\"https:\\\/\\\/med.tattoo\\\/wp-content\\\/uploads\\\/2025\\\/05\\\/1337_podklad-ochronny-celulozowy-60-50-m-1szt-bialy_1744006851.png\",\"datePublished\":\"2025-05-15T05:25:49+00:00\",\"breadcrumb\":{\"@id\":\"https:\\\/\\\/med.tattoo\\\/it\\\/prodotto\\\/tampone-protettivo-in-cellulosa-60-50m-1pc-bianco-a-2-strati\\\/#breadcrumb\"},\"inLanguage\":\"it-IT\",\"potentialAction\":[{\"@type\":\"ReadAction\",\"target\":[\"https:\\\/\\\/med.tattoo\\\/it\\\/prodotto\\\/tampone-protettivo-in-cellulosa-60-50m-1pc-bianco-a-2-strati\\\/\"]}]},{\"@type\":\"ImageObject\",\"inLanguage\":\"it-IT\",\"@id\":\"https:\\\/\\\/med.tattoo\\\/it\\\/prodotto\\\/tampone-protettivo-in-cellulosa-60-50m-1pc-bianco-a-2-strati\\\/#primaryimage\",\"url\":\"https:\\\/\\\/med.tattoo\\\/wp-content\\\/uploads\\\/2025\\\/05\\\/1337_podklad-ochronny-celulozowy-60-50-m-1szt-bialy_1744006851.png\",\"contentUrl\":\"https:\\\/\\\/med.tattoo\\\/wp-content\\\/uploads\\\/2025\\\/05\\\/1337_podklad-ochronny-celulozowy-60-50-m-1szt-bialy_1744006851.png\",\"width\":718,\"height\":454},{\"@type\":\"BreadcrumbList\",\"@id\":\"https:\\\/\\\/med.tattoo\\\/it\\\/prodotto\\\/tampone-protettivo-in-cellulosa-60-50m-1pc-bianco-a-2-strati\\\/#breadcrumb\",\"itemListElement\":[{\"@type\":\"ListItem\",\"position\":1,\"name\":\"Strona G\u0142\u00f3wna\",\"item\":\"https:\\\/\\\/med.tattoo\\\/it\\\/\"},{\"@type\":\"ListItem\",\"position\":2,\"name\":\"Negozio\",\"item\":\"https:\\\/\\\/med.tattoo\\\/it\\\/negozio\\\/\"},{\"@type\":\"ListItem\",\"position\":3,\"name\":\"Tampone protettivo in cellulosa 60\\\/50m 1pc bianco a 2 strati\"}]},{\"@type\":\"WebSite\",\"@id\":\"https:\\\/\\\/med.tattoo\\\/it\\\/#website\",\"url\":\"https:\\\/\\\/med.tattoo\\\/it\\\/\",\"name\":\"MED.TATTOO\",\"description\":\"Wszystko dla Twojego tatua\u017cu\",\"publisher\":{\"@id\":\"https:\\\/\\\/med.tattoo\\\/it\\\/#organization\"},\"potentialAction\":[{\"@type\":\"SearchAction\",\"target\":{\"@type\":\"EntryPoint\",\"urlTemplate\":\"https:\\\/\\\/med.tattoo\\\/it\\\/?s={search_term_string}\"},\"query-input\":{\"@type\":\"PropertyValueSpecification\",\"valueRequired\":true,\"valueName\":\"search_term_string\"}}],\"inLanguage\":\"it-IT\"},{\"@type\":\"Organization\",\"@id\":\"https:\\\/\\\/med.tattoo\\\/it\\\/#organization\",\"name\":\"MED.TATTOO\",\"url\":\"https:\\\/\\\/med.tattoo\\\/it\\\/\",\"logo\":{\"@type\":\"ImageObject\",\"inLanguage\":\"it-IT\",\"@id\":\"https:\\\/\\\/med.tattoo\\\/it\\\/#\\\/schema\\\/logo\\\/image\\\/\",\"url\":\"https:\\\/\\\/med.tattoo\\\/wp-content\\\/uploads\\\/2025\\\/05\\\/Bez-tytulu-600S300-px-1-e1658908183800.png\",\"contentUrl\":\"https:\\\/\\\/med.tattoo\\\/wp-content\\\/uploads\\\/2025\\\/05\\\/Bez-tytulu-600S300-px-1-e1658908183800.png\",\"width\":600,\"height\":61,\"caption\":\"MED.TATTOO\"},\"image\":{\"@id\":\"https:\\\/\\\/med.tattoo\\\/it\\\/#\\\/schema\\\/logo\\\/image\\\/\"},\"sameAs\":[\"https:\\\/\\\/www.facebook.com\\\/profile.php?id=100084366705613\",\"https:\\\/\\\/www.instagram.com\\\/med.tattoo_official\\\/\"]}]}<\/script>\n<!-- \/ Yoast SEO plugin. -->","yoast_head_json":{"title":"Tampone protettivo in cellulosa 60\/50m 1pc bianco a 2 strati - MED.TATTOO","robots":{"index":"index","follow":"follow","max-snippet":"max-snippet:-1","max-image-preview":"max-image-preview:large","max-video-preview":"max-video-preview:-1"},"canonical":"https:\/\/med.tattoo\/it\/prodotto\/tampone-protettivo-in-cellulosa-60-50m-1pc-bianco-a-2-strati\/","og_locale":"it_IT","og_type":"article","og_title":"Tampone protettivo in cellulosa 60\/50m 1pc bianco a 2 strati - MED.TATTOO","og_description":"Il cuscinetto medico \u00e8 un prodotto di alta qualit\u00e0 che consente di mantenere l&#8217;igiene in tutte le condizioni. Un prodotto sicuro e igienico. \u00c8 realizzato in carta a doppio strato di 50 cm x 60 m di pura cellulosa selezionata. Ha un colore bianco come la neve e una fine goffratura sulla superficie. Questo contribuisce [&hellip;]","og_url":"https:\/\/med.tattoo\/it\/prodotto\/tampone-protettivo-in-cellulosa-60-50m-1pc-bianco-a-2-strati\/","og_site_name":"MED.TATTOO","article_publisher":"https:\/\/www.facebook.com\/profile.php?id=100084366705613","twitter_card":"summary_large_image","twitter_misc":{"Tempo di lettura stimato":"1 minuto"},"schema":{"@context":"https:\/\/schema.org","@graph":[{"@type":"WebPage","@id":"https:\/\/med.tattoo\/it\/prodotto\/tampone-protettivo-in-cellulosa-60-50m-1pc-bianco-a-2-strati\/","url":"https:\/\/med.tattoo\/it\/prodotto\/tampone-protettivo-in-cellulosa-60-50m-1pc-bianco-a-2-strati\/","name":"Tampone protettivo in cellulosa 60\/50m 1pc bianco a 2 strati - MED.TATTOO","isPartOf":{"@id":"https:\/\/med.tattoo\/it\/#website"},"primaryImageOfPage":{"@id":"https:\/\/med.tattoo\/it\/prodotto\/tampone-protettivo-in-cellulosa-60-50m-1pc-bianco-a-2-strati\/#primaryimage"},"image":{"@id":"https:\/\/med.tattoo\/it\/prodotto\/tampone-protettivo-in-cellulosa-60-50m-1pc-bianco-a-2-strati\/#primaryimage"},"thumbnailUrl":"https:\/\/med.tattoo\/wp-content\/uploads\/2025\/05\/1337_podklad-ochronny-celulozowy-60-50-m-1szt-bialy_1744006851.png","datePublished":"2025-05-15T05:25:49+00:00","breadcrumb":{"@id":"https:\/\/med.tattoo\/it\/prodotto\/tampone-protettivo-in-cellulosa-60-50m-1pc-bianco-a-2-strati\/#breadcrumb"},"inLanguage":"it-IT","potentialAction":[{"@type":"ReadAction","target":["https:\/\/med.tattoo\/it\/prodotto\/tampone-protettivo-in-cellulosa-60-50m-1pc-bianco-a-2-strati\/"]}]},{"@type":"ImageObject","inLanguage":"it-IT","@id":"https:\/\/med.tattoo\/it\/prodotto\/tampone-protettivo-in-cellulosa-60-50m-1pc-bianco-a-2-strati\/#primaryimage","url":"https:\/\/med.tattoo\/wp-content\/uploads\/2025\/05\/1337_podklad-ochronny-celulozowy-60-50-m-1szt-bialy_1744006851.png","contentUrl":"https:\/\/med.tattoo\/wp-content\/uploads\/2025\/05\/1337_podklad-ochronny-celulozowy-60-50-m-1szt-bialy_1744006851.png","width":718,"height":454},{"@type":"BreadcrumbList","@id":"https:\/\/med.tattoo\/it\/prodotto\/tampone-protettivo-in-cellulosa-60-50m-1pc-bianco-a-2-strati\/#breadcrumb","itemListElement":[{"@type":"ListItem","position":1,"name":"Strona G\u0142\u00f3wna","item":"https:\/\/med.tattoo\/it\/"},{"@type":"ListItem","position":2,"name":"Negozio","item":"https:\/\/med.tattoo\/it\/negozio\/"},{"@type":"ListItem","position":3,"name":"Tampone protettivo in cellulosa 60\/50m 1pc bianco a 2 strati"}]},{"@type":"WebSite","@id":"https:\/\/med.tattoo\/it\/#website","url":"https:\/\/med.tattoo\/it\/","name":"MED.TATTOO","description":"Wszystko dla Twojego tatua\u017cu","publisher":{"@id":"https:\/\/med.tattoo\/it\/#organization"},"potentialAction":[{"@type":"SearchAction","target":{"@type":"EntryPoint","urlTemplate":"https:\/\/med.tattoo\/it\/?s={search_term_string}"},"query-input":{"@type":"PropertyValueSpecification","valueRequired":true,"valueName":"search_term_string"}}],"inLanguage":"it-IT"},{"@type":"Organization","@id":"https:\/\/med.tattoo\/it\/#organization","name":"MED.TATTOO","url":"https:\/\/med.tattoo\/it\/","logo":{"@type":"ImageObject","inLanguage":"it-IT","@id":"https:\/\/med.tattoo\/it\/#\/schema\/logo\/image\/","url":"https:\/\/med.tattoo\/wp-content\/uploads\/2025\/05\/Bez-tytulu-600S300-px-1-e1658908183800.png","contentUrl":"https:\/\/med.tattoo\/wp-content\/uploads\/2025\/05\/Bez-tytulu-600S300-px-1-e1658908183800.png","width":600,"height":61,"caption":"MED.TATTOO"},"image":{"@id":"https:\/\/med.tattoo\/it\/#\/schema\/logo\/image\/"},"sameAs":["https:\/\/www.facebook.com\/profile.php?id=100084366705613","https:\/\/www.instagram.com\/med.tattoo_official\/"]}]}},"_links":{"self":[{"href":"https:\/\/med.tattoo\/it\/wp-json\/wp\/v2\/product\/9111","targetHints":{"allow":["GET"]}}],"collection":[{"href":"https:\/\/med.tattoo\/it\/wp-json\/wp\/v2\/product"}],"about":[{"href":"https:\/\/med.tattoo\/it\/wp-json\/wp\/v2\/types\/product"}],"replies":[{"embeddable":true,"href":"https:\/\/med.tattoo\/it\/wp-json\/wp\/v2\/comments?post=9111"}],"wp:featuredmedia":[{"embeddable":true,"href":"https:\/\/med.tattoo\/it\/wp-json\/wp\/v2\/media\/7635"}],"wp:attachment":[{"href":"https:\/\/med.tattoo\/it\/wp-json\/wp\/v2\/media?parent=9111"}],"wp:term":[{"taxonomy":"product_brand","embeddable":true,"href":"https:\/\/med.tattoo\/it\/wp-json\/wp\/v2\/product_brand?post=9111"},{"taxonomy":"product_cat","embeddable":true,"href":"https:\/\/med.tattoo\/it\/wp-json\/wp\/v2\/product_cat?post=9111"},{"taxonomy":"product_tag","embeddable":true,"href":"https:\/\/med.tattoo\/it\/wp-json\/wp\/v2\/product_tag?post=9111"}],"curies":[{"name":"wp","href":"https:\/\/api.w.org\/{rel}","templated":true}]}}