{"id":9299,"date":"2025-05-15T07:25:49","date_gmt":"2025-05-15T05:25:49","guid":{"rendered":"https:\/\/med.tattoo\/produkt\/fixoplast-film-cerotto-15cm10m-film-medicazione-1pc\/"},"modified":"2025-05-15T07:25:49","modified_gmt":"2025-05-15T05:25:49","slug":"fixoplast-film-cerotto-15cm10m-film-medicazione-1pc","status":"publish","type":"product","link":"https:\/\/med.tattoo\/it\/prodotto\/fixoplast-film-cerotto-15cm10m-film-medicazione-1pc\/","title":{"rendered":"Fixoplast film cerotto 15cm*10m film medicazione 1pc"},"content":{"rendered":"<p>FIXOPLAST FILM \u00e8 una pellicola di poliuretano sottile, flessibile e morbida che si adatta perfettamente alla forma del corpo. \u00c8 trasparente, il che consente di osservare il sito di applicazione senza dover rimuovere la medicazione.<br \/>\nFIXOPLAST FILM \u00e8 permeabile al vapore e all&#8217;aria. Fornisce l&#8217;ambiente perfetto per la pelle, mantenendo la giusta umidit\u00e0 e temperatura, favorendo cos\u00ec il processo di guarigione della ferita. FIXOPLAST FILM costituisce una barriera per i microrganismi, riducendo cos\u00ec al minimo il rischio di infezioni.   <\/p>\n","protected":false},"excerpt":{"rendered":"<p>FIXOPLAST FILM \u00e8 una pellicola di poliuretano sottile, flessibile e morbida che si adatta perfettamente alla forma del corpo. \u00c8 trasparente, il che consente di osservare il sito di applicazione senza dover rimuovere la medicazione. FIXOPLAST FILM \u00e8 permeabile al vapore e all&#8217;aria. Fornisce l&#8217;ambiente perfetto per la pelle, mantenendo la giusta umidit\u00e0 e temperatura, [&hellip;]<\/p>\n","protected":false},"featured_media":7563,"comment_status":"closed","ping_status":"open","template":"","meta":{"site-sidebar-layout":"default","site-content-layout":"","ast-site-content-layout":"default","site-content-style":"default","site-sidebar-style":"default","ast-global-header-display":"","ast-banner-title-visibility":"","ast-main-header-display":"","ast-hfb-above-header-display":"","ast-hfb-below-header-display":"","ast-hfb-mobile-header-display":"","site-post-title":"","ast-breadcrumbs-content":"","ast-featured-img":"","footer-sml-layout":"","ast-disable-related-posts":"","theme-transparent-header-meta":"","adv-header-id-meta":"","stick-header-meta":"","header-above-stick-meta":"","header-main-stick-meta":"","header-below-stick-meta":"","astra-migrate-meta-layouts":"default","ast-page-background-enabled":"default","ast-page-background-meta":{"desktop":{"background-color":"var(--ast-global-color-4)","background-image":"","background-repeat":"repeat","background-position":"center center","background-size":"auto","background-attachment":"scroll","background-type":"","background-media":"","overlay-type":"","overlay-color":"","overlay-opacity":"","overlay-gradient":""},"tablet":{"background-color":"","background-image":"","background-repeat":"repeat","background-position":"center center","background-size":"auto","background-attachment":"scroll","background-type":"","background-media":"","overlay-type":"","overlay-color":"","overlay-opacity":"","overlay-gradient":""},"mobile":{"background-color":"","background-image":"","background-repeat":"repeat","background-position":"center center","background-size":"auto","background-attachment":"scroll","background-type":"","background-media":"","overlay-type":"","overlay-color":"","overlay-opacity":"","overlay-gradient":""}},"ast-content-background-meta":{"desktop":{"background-color":"var(--ast-global-color-5)","background-image":"","background-repeat":"repeat","background-position":"center center","background-size":"auto","background-attachment":"scroll","background-type":"","background-media":"","overlay-type":"","overlay-color":"","overlay-opacity":"","overlay-gradient":""},"tablet":{"background-color":"var(--ast-global-color-5)","background-image":"","background-repeat":"repeat","background-position":"center center","background-size":"auto","background-attachment":"scroll","background-type":"","background-media":"","overlay-type":"","overlay-color":"","overlay-opacity":"","overlay-gradient":""},"mobile":{"background-color":"var(--ast-global-color-5)","background-image":"","background-repeat":"repeat","background-position":"center center","background-size":"auto","background-attachment":"scroll","background-type":"","background-media":"","overlay-type":"","overlay-color":"","overlay-opacity":"","overlay-gradient":""}}},"product_brand":[],"product_cat":[56],"product_tag":[],"class_list":{"0":"post-9299","1":"product","2":"type-product","3":"status-publish","4":"has-post-thumbnail","6":"product_cat-med-tattoo-it","7":"desktop-align-left","8":"tablet-align-left","9":"mobile-align-left","10":"ast-product-gallery-layout-horizontal-slider","11":"ast-product-gallery-with-no-image","12":"ast-product-tabs-layout-distributed","14":"first","15":"instock","16":"purchasable","17":"product-type-simple"},"yoast_head":"<!-- This site is optimized with the Yoast SEO plugin v27.4 - https:\/\/yoast.com\/product\/yoast-seo-wordpress\/ -->\n<title>Fixoplast film cerotto 15cm*10m film medicazione 1pc - MED.TATTOO<\/title>\n<meta name=\"robots\" content=\"index, follow, max-snippet:-1, max-image-preview:large, max-video-preview:-1\" \/>\n<link rel=\"canonical\" href=\"https:\/\/med.tattoo\/it\/prodotto\/fixoplast-film-cerotto-15cm10m-film-medicazione-1pc\/\" \/>\n<meta property=\"og:locale\" content=\"it_IT\" \/>\n<meta property=\"og:type\" content=\"article\" \/>\n<meta property=\"og:title\" content=\"Fixoplast film cerotto 15cm*10m film medicazione 1pc - MED.TATTOO\" \/>\n<meta property=\"og:description\" content=\"FIXOPLAST FILM \u00e8 una pellicola di poliuretano sottile, flessibile e morbida che si adatta perfettamente alla forma del corpo. \u00c8 trasparente, il che consente di osservare il sito di applicazione senza dover rimuovere la medicazione. FIXOPLAST FILM \u00e8 permeabile al vapore e all&#8217;aria. Fornisce l&#8217;ambiente perfetto per la pelle, mantenendo la giusta umidit\u00e0 e temperatura, [&hellip;]\" \/>\n<meta property=\"og:url\" content=\"https:\/\/med.tattoo\/it\/prodotto\/fixoplast-film-cerotto-15cm10m-film-medicazione-1pc\/\" \/>\n<meta property=\"og:site_name\" content=\"MED.TATTOO\" \/>\n<meta property=\"article:publisher\" content=\"https:\/\/www.facebook.com\/profile.php?id=100084366705613\" \/>\n<meta name=\"twitter:card\" content=\"summary_large_image\" \/>\n<script type=\"application\/ld+json\" class=\"yoast-schema-graph\">{\"@context\":\"https:\\\/\\\/schema.org\",\"@graph\":[{\"@type\":\"WebPage\",\"@id\":\"https:\\\/\\\/med.tattoo\\\/it\\\/prodotto\\\/fixoplast-film-cerotto-15cm10m-film-medicazione-1pc\\\/\",\"url\":\"https:\\\/\\\/med.tattoo\\\/it\\\/prodotto\\\/fixoplast-film-cerotto-15cm10m-film-medicazione-1pc\\\/\",\"name\":\"Fixoplast film cerotto 15cm*10m film medicazione 1pc - MED.TATTOO\",\"isPartOf\":{\"@id\":\"https:\\\/\\\/med.tattoo\\\/it\\\/#website\"},\"primaryImageOfPage\":{\"@id\":\"https:\\\/\\\/med.tattoo\\\/it\\\/prodotto\\\/fixoplast-film-cerotto-15cm10m-film-medicazione-1pc\\\/#primaryimage\"},\"image\":{\"@id\":\"https:\\\/\\\/med.tattoo\\\/it\\\/prodotto\\\/fixoplast-film-cerotto-15cm10m-film-medicazione-1pc\\\/#primaryimage\"},\"thumbnailUrl\":\"https:\\\/\\\/med.tattoo\\\/wp-content\\\/uploads\\\/2025\\\/05\\\/708_plaster-fixoplast-film-15cm-10m-opatrunek-foliowy_1744006822.jpg\",\"datePublished\":\"2025-05-15T05:25:49+00:00\",\"breadcrumb\":{\"@id\":\"https:\\\/\\\/med.tattoo\\\/it\\\/prodotto\\\/fixoplast-film-cerotto-15cm10m-film-medicazione-1pc\\\/#breadcrumb\"},\"inLanguage\":\"it-IT\",\"potentialAction\":[{\"@type\":\"ReadAction\",\"target\":[\"https:\\\/\\\/med.tattoo\\\/it\\\/prodotto\\\/fixoplast-film-cerotto-15cm10m-film-medicazione-1pc\\\/\"]}]},{\"@type\":\"ImageObject\",\"inLanguage\":\"it-IT\",\"@id\":\"https:\\\/\\\/med.tattoo\\\/it\\\/prodotto\\\/fixoplast-film-cerotto-15cm10m-film-medicazione-1pc\\\/#primaryimage\",\"url\":\"https:\\\/\\\/med.tattoo\\\/wp-content\\\/uploads\\\/2025\\\/05\\\/708_plaster-fixoplast-film-15cm-10m-opatrunek-foliowy_1744006822.jpg\",\"contentUrl\":\"https:\\\/\\\/med.tattoo\\\/wp-content\\\/uploads\\\/2025\\\/05\\\/708_plaster-fixoplast-film-15cm-10m-opatrunek-foliowy_1744006822.jpg\",\"width\":1000,\"height\":478},{\"@type\":\"BreadcrumbList\",\"@id\":\"https:\\\/\\\/med.tattoo\\\/it\\\/prodotto\\\/fixoplast-film-cerotto-15cm10m-film-medicazione-1pc\\\/#breadcrumb\",\"itemListElement\":[{\"@type\":\"ListItem\",\"position\":1,\"name\":\"Strona G\u0142\u00f3wna\",\"item\":\"https:\\\/\\\/med.tattoo\\\/it\\\/\"},{\"@type\":\"ListItem\",\"position\":2,\"name\":\"Negozio\",\"item\":\"https:\\\/\\\/med.tattoo\\\/it\\\/negozio\\\/\"},{\"@type\":\"ListItem\",\"position\":3,\"name\":\"Fixoplast film cerotto 15cm*10m film medicazione 1pc\"}]},{\"@type\":\"WebSite\",\"@id\":\"https:\\\/\\\/med.tattoo\\\/it\\\/#website\",\"url\":\"https:\\\/\\\/med.tattoo\\\/it\\\/\",\"name\":\"MED.TATTOO\",\"description\":\"Wszystko dla Twojego tatua\u017cu\",\"publisher\":{\"@id\":\"https:\\\/\\\/med.tattoo\\\/it\\\/#organization\"},\"potentialAction\":[{\"@type\":\"SearchAction\",\"target\":{\"@type\":\"EntryPoint\",\"urlTemplate\":\"https:\\\/\\\/med.tattoo\\\/it\\\/?s={search_term_string}\"},\"query-input\":{\"@type\":\"PropertyValueSpecification\",\"valueRequired\":true,\"valueName\":\"search_term_string\"}}],\"inLanguage\":\"it-IT\"},{\"@type\":\"Organization\",\"@id\":\"https:\\\/\\\/med.tattoo\\\/it\\\/#organization\",\"name\":\"MED.TATTOO\",\"url\":\"https:\\\/\\\/med.tattoo\\\/it\\\/\",\"logo\":{\"@type\":\"ImageObject\",\"inLanguage\":\"it-IT\",\"@id\":\"https:\\\/\\\/med.tattoo\\\/it\\\/#\\\/schema\\\/logo\\\/image\\\/\",\"url\":\"https:\\\/\\\/med.tattoo\\\/wp-content\\\/uploads\\\/2025\\\/05\\\/Bez-tytulu-600S300-px-1-e1658908183800.png\",\"contentUrl\":\"https:\\\/\\\/med.tattoo\\\/wp-content\\\/uploads\\\/2025\\\/05\\\/Bez-tytulu-600S300-px-1-e1658908183800.png\",\"width\":600,\"height\":61,\"caption\":\"MED.TATTOO\"},\"image\":{\"@id\":\"https:\\\/\\\/med.tattoo\\\/it\\\/#\\\/schema\\\/logo\\\/image\\\/\"},\"sameAs\":[\"https:\\\/\\\/www.facebook.com\\\/profile.php?id=100084366705613\",\"https:\\\/\\\/www.instagram.com\\\/med.tattoo_official\\\/\"]}]}<\/script>\n<!-- \/ Yoast SEO plugin. -->","yoast_head_json":{"title":"Fixoplast film cerotto 15cm*10m film medicazione 1pc - MED.TATTOO","robots":{"index":"index","follow":"follow","max-snippet":"max-snippet:-1","max-image-preview":"max-image-preview:large","max-video-preview":"max-video-preview:-1"},"canonical":"https:\/\/med.tattoo\/it\/prodotto\/fixoplast-film-cerotto-15cm10m-film-medicazione-1pc\/","og_locale":"it_IT","og_type":"article","og_title":"Fixoplast film cerotto 15cm*10m film medicazione 1pc - MED.TATTOO","og_description":"FIXOPLAST FILM \u00e8 una pellicola di poliuretano sottile, flessibile e morbida che si adatta perfettamente alla forma del corpo. \u00c8 trasparente, il che consente di osservare il sito di applicazione senza dover rimuovere la medicazione. FIXOPLAST FILM \u00e8 permeabile al vapore e all&#8217;aria. Fornisce l&#8217;ambiente perfetto per la pelle, mantenendo la giusta umidit\u00e0 e temperatura, [&hellip;]","og_url":"https:\/\/med.tattoo\/it\/prodotto\/fixoplast-film-cerotto-15cm10m-film-medicazione-1pc\/","og_site_name":"MED.TATTOO","article_publisher":"https:\/\/www.facebook.com\/profile.php?id=100084366705613","twitter_card":"summary_large_image","schema":{"@context":"https:\/\/schema.org","@graph":[{"@type":"WebPage","@id":"https:\/\/med.tattoo\/it\/prodotto\/fixoplast-film-cerotto-15cm10m-film-medicazione-1pc\/","url":"https:\/\/med.tattoo\/it\/prodotto\/fixoplast-film-cerotto-15cm10m-film-medicazione-1pc\/","name":"Fixoplast film cerotto 15cm*10m film medicazione 1pc - MED.TATTOO","isPartOf":{"@id":"https:\/\/med.tattoo\/it\/#website"},"primaryImageOfPage":{"@id":"https:\/\/med.tattoo\/it\/prodotto\/fixoplast-film-cerotto-15cm10m-film-medicazione-1pc\/#primaryimage"},"image":{"@id":"https:\/\/med.tattoo\/it\/prodotto\/fixoplast-film-cerotto-15cm10m-film-medicazione-1pc\/#primaryimage"},"thumbnailUrl":"https:\/\/med.tattoo\/wp-content\/uploads\/2025\/05\/708_plaster-fixoplast-film-15cm-10m-opatrunek-foliowy_1744006822.jpg","datePublished":"2025-05-15T05:25:49+00:00","breadcrumb":{"@id":"https:\/\/med.tattoo\/it\/prodotto\/fixoplast-film-cerotto-15cm10m-film-medicazione-1pc\/#breadcrumb"},"inLanguage":"it-IT","potentialAction":[{"@type":"ReadAction","target":["https:\/\/med.tattoo\/it\/prodotto\/fixoplast-film-cerotto-15cm10m-film-medicazione-1pc\/"]}]},{"@type":"ImageObject","inLanguage":"it-IT","@id":"https:\/\/med.tattoo\/it\/prodotto\/fixoplast-film-cerotto-15cm10m-film-medicazione-1pc\/#primaryimage","url":"https:\/\/med.tattoo\/wp-content\/uploads\/2025\/05\/708_plaster-fixoplast-film-15cm-10m-opatrunek-foliowy_1744006822.jpg","contentUrl":"https:\/\/med.tattoo\/wp-content\/uploads\/2025\/05\/708_plaster-fixoplast-film-15cm-10m-opatrunek-foliowy_1744006822.jpg","width":1000,"height":478},{"@type":"BreadcrumbList","@id":"https:\/\/med.tattoo\/it\/prodotto\/fixoplast-film-cerotto-15cm10m-film-medicazione-1pc\/#breadcrumb","itemListElement":[{"@type":"ListItem","position":1,"name":"Strona G\u0142\u00f3wna","item":"https:\/\/med.tattoo\/it\/"},{"@type":"ListItem","position":2,"name":"Negozio","item":"https:\/\/med.tattoo\/it\/negozio\/"},{"@type":"ListItem","position":3,"name":"Fixoplast film cerotto 15cm*10m film medicazione 1pc"}]},{"@type":"WebSite","@id":"https:\/\/med.tattoo\/it\/#website","url":"https:\/\/med.tattoo\/it\/","name":"MED.TATTOO","description":"Wszystko dla Twojego tatua\u017cu","publisher":{"@id":"https:\/\/med.tattoo\/it\/#organization"},"potentialAction":[{"@type":"SearchAction","target":{"@type":"EntryPoint","urlTemplate":"https:\/\/med.tattoo\/it\/?s={search_term_string}"},"query-input":{"@type":"PropertyValueSpecification","valueRequired":true,"valueName":"search_term_string"}}],"inLanguage":"it-IT"},{"@type":"Organization","@id":"https:\/\/med.tattoo\/it\/#organization","name":"MED.TATTOO","url":"https:\/\/med.tattoo\/it\/","logo":{"@type":"ImageObject","inLanguage":"it-IT","@id":"https:\/\/med.tattoo\/it\/#\/schema\/logo\/image\/","url":"https:\/\/med.tattoo\/wp-content\/uploads\/2025\/05\/Bez-tytulu-600S300-px-1-e1658908183800.png","contentUrl":"https:\/\/med.tattoo\/wp-content\/uploads\/2025\/05\/Bez-tytulu-600S300-px-1-e1658908183800.png","width":600,"height":61,"caption":"MED.TATTOO"},"image":{"@id":"https:\/\/med.tattoo\/it\/#\/schema\/logo\/image\/"},"sameAs":["https:\/\/www.facebook.com\/profile.php?id=100084366705613","https:\/\/www.instagram.com\/med.tattoo_official\/"]}]}},"_links":{"self":[{"href":"https:\/\/med.tattoo\/it\/wp-json\/wp\/v2\/product\/9299","targetHints":{"allow":["GET"]}}],"collection":[{"href":"https:\/\/med.tattoo\/it\/wp-json\/wp\/v2\/product"}],"about":[{"href":"https:\/\/med.tattoo\/it\/wp-json\/wp\/v2\/types\/product"}],"replies":[{"embeddable":true,"href":"https:\/\/med.tattoo\/it\/wp-json\/wp\/v2\/comments?post=9299"}],"wp:featuredmedia":[{"embeddable":true,"href":"https:\/\/med.tattoo\/it\/wp-json\/wp\/v2\/media\/7563"}],"wp:attachment":[{"href":"https:\/\/med.tattoo\/it\/wp-json\/wp\/v2\/media?parent=9299"}],"wp:term":[{"taxonomy":"product_brand","embeddable":true,"href":"https:\/\/med.tattoo\/it\/wp-json\/wp\/v2\/product_brand?post=9299"},{"taxonomy":"product_cat","embeddable":true,"href":"https:\/\/med.tattoo\/it\/wp-json\/wp\/v2\/product_cat?post=9299"},{"taxonomy":"product_tag","embeddable":true,"href":"https:\/\/med.tattoo\/it\/wp-json\/wp\/v2\/product_tag?post=9299"}],"curies":[{"name":"wp","href":"https:\/\/api.w.org\/{rel}","templated":true}]}}