{"id":9691,"date":"2025-05-15T07:23:41","date_gmt":"2025-05-15T05:23:41","guid":{"rendered":"https:\/\/med.tattoo\/produkt\/banda-adesiva-5cm45m-1pc-elastico-rosso-autoadesivo\/"},"modified":"2025-05-15T07:23:41","modified_gmt":"2025-05-15T05:23:41","slug":"banda-adesiva-5cm45m-1pc-elastico-rosso-autoadesivo","status":"publish","type":"product","link":"https:\/\/med.tattoo\/it\/prodotto\/banda-adesiva-5cm45m-1pc-elastico-rosso-autoadesivo\/","title":{"rendered":"Banda adesiva 5cm*4,5m 1pc elastico rosso, autoadesivo"},"content":{"rendered":"<p>Una benda \u00e8 un bendaggio elastico (mantiene una tensione costante) con una struttura coesiva (autoadesiva, si attacca solo a se stessa). Il nostro bendaggio elastico \u00e8 realizzato in un materiale leggero, traspirante e resistente, che rispetta la pelle. Il grado di compressione desiderato si ottiene al momento dell&#8217;applicazione. Non richiede l&#8217;uso di clip o cerotti di fissaggio aggiuntivi. La lunghezza del bendaggio pu\u00f2 essere regolata senza usare le forbici. Non lascia segni quando viene rimosso. Il bendaggio elastico \u00e8 adatto alle superfici irregolari grazie alle sue propriet\u00e0. Evita il surriscaldamento e permette alla pelle di respirare &#8211; \u00e8 permeabile al vapore acqueo e all&#8217;aria. Offre comfort e praticit\u00e0 durante l&#8217;uso.        <\/p>\n<p>Nella produzione di bende elastiche, ci affidiamo alla tecnologia moderna e a soluzioni innovative per garantire che la qualit\u00e0 dei prodotti offerti sia la pi\u00f9 alta possibile.<\/p>\n<p>Il bendaggio \u00e8 disponibile in molti colori e dimensioni.<\/p>\n<p>La benda \u00e8 un&#8217;eccellente protezione per il bendaggio &#8211; mantiene il bendaggio saldamente in posizione senza il rischio di spostarsi. Ottimo per l&#8217;uso dopo le lesioni.  Si usa anche per realizzare fasce per il gomito, il polso, il piede e il ginocchio. La benda elastica ha trovato impiego anche come protezione aggiuntiva sotto i protettori. Controllando la forza di compressione, la benda elastica pu\u00f2 essere utilizzata come bendaggio compressivo per le malattie venose degli arti inferiori. Grazie alla sua applicazione facile e veloce, la nostra benda elastica pu\u00f2 essere utilizzata anche per fissare i dispositivi utilizzati per il tatuaggio, il trucco permanente e altri dispositivi medici.   <\/p>\n<p>Il nostro bendaggio \u00e8 perfetto per l&#8217;uso veterinario, in quanto non si attacca ai capelli.<br \/>\nApplicazione:<br \/>\nViene utilizzato per bendare il gomito, il polso, il ginocchio e il piede.<br \/>\nIl prodotto viene utilizzato pi\u00f9 spesso come strato inferiore sotto i cerotti, in sostituzione di una spugna leggera, fornendo inoltre una stabilizzazione dell&#8217;area.<br \/>\nViene utilizzato come protezione aggiuntiva sotto le imbottiture.<br \/>\n\u00c8 utile anche nelle aree in cui ci si piega frequentemente, ad esempio le articolazioni.<br \/>\nIl prodotto viene utilizzato nel taping sportivo. Aiuta a migliorare l&#8217;adesione dei cerotti per kinesiotaping &#8211; si consiglia quindi di utilizzarlo per aumentare la durata e il comfort dei nastri.<br \/>\nIl bendaggio \u00e8 flessibile, il che lo rende ideale per le applicazioni su aree cutanee soggette a maggiore sudorazione (ad esempio, i palmi delle mani o le piante dei piedi). Il prodotto assicura che non ci sia alcun disagio, ma solo il comfort causato dalla sua applicazione.<br \/>\nPu\u00f2 essere utilizzato come bendaggio compressivo e protettivo per le patologie venose degli arti inferiori &#8211; per prevenire e trattare le lesioni a muscoli, tendini e legamenti.<br \/>\nUtilizzato anche come immobilizzazione parziale in caso di distorsione, per il fissaggio di varie medicazioni, stecche e impacchi freddi e caldi, in caso di gonfiore degli arti a causa di insufficienza circolatoria, per l&#8217;applicazione di medicazioni.<br \/>\nVantaggi del bendaggio :<br \/>\nsi applica in modo rapido e semplice<br \/>\nnon si &#8220;attacca&#8221; alla pelle, agli indumenti o alle medicazioni<br \/>\nautoadesivo<br \/>\nimpedisce il surriscaldamento e permette alla pelle di respirare<br \/>\nflessibile<br \/>\nil bendaggio si rimuove facilmente<br \/>\nnon lascia tracce dopo la rimozione<br \/>\npermeabile al vapore acqueo e all&#8217;aria<br \/>\ncoesivo (autoadesivo) e antiscivolo<br \/>\nNon c&#8217;\u00e8 bisogno di clip o cerotti<br \/>\noffre comfort e convenienza<br \/>\nmantiene una tensione costante (non si allenta dopo l&#8217;applicazione)<br \/>\ncoerente su entrambi i lati<br \/>\nle parti desiderate possono essere separate facilmente e liberamente strappandole<br \/>\npermette di controllare la forza di compressione<br \/>\nin molti colori e motivi allegri e in diverse dimensioni.<\/p>\n","protected":false},"excerpt":{"rendered":"<p>Una benda \u00e8 un bendaggio elastico (mantiene una tensione costante) con una struttura coesiva (autoadesiva, si attacca solo a se stessa). Il nostro bendaggio elastico \u00e8 realizzato in un materiale leggero, traspirante e resistente, che rispetta la pelle. Il grado di compressione desiderato si ottiene al momento dell&#8217;applicazione. Non richiede l&#8217;uso di clip o cerotti [&hellip;]<\/p>\n","protected":false},"featured_media":7457,"comment_status":"closed","ping_status":"open","template":"","meta":{"site-sidebar-layout":"default","site-content-layout":"","ast-site-content-layout":"default","site-content-style":"default","site-sidebar-style":"default","ast-global-header-display":"","ast-banner-title-visibility":"","ast-main-header-display":"","ast-hfb-above-header-display":"","ast-hfb-below-header-display":"","ast-hfb-mobile-header-display":"","site-post-title":"","ast-breadcrumbs-content":"","ast-featured-img":"","footer-sml-layout":"","ast-disable-related-posts":"","theme-transparent-header-meta":"","adv-header-id-meta":"","stick-header-meta":"","header-above-stick-meta":"","header-main-stick-meta":"","header-below-stick-meta":"","astra-migrate-meta-layouts":"default","ast-page-background-enabled":"default","ast-page-background-meta":{"desktop":{"background-color":"var(--ast-global-color-4)","background-image":"","background-repeat":"repeat","background-position":"center center","background-size":"auto","background-attachment":"scroll","background-type":"","background-media":"","overlay-type":"","overlay-color":"","overlay-opacity":"","overlay-gradient":""},"tablet":{"background-color":"","background-image":"","background-repeat":"repeat","background-position":"center center","background-size":"auto","background-attachment":"scroll","background-type":"","background-media":"","overlay-type":"","overlay-color":"","overlay-opacity":"","overlay-gradient":""},"mobile":{"background-color":"","background-image":"","background-repeat":"repeat","background-position":"center center","background-size":"auto","background-attachment":"scroll","background-type":"","background-media":"","overlay-type":"","overlay-color":"","overlay-opacity":"","overlay-gradient":""}},"ast-content-background-meta":{"desktop":{"background-color":"var(--ast-global-color-5)","background-image":"","background-repeat":"repeat","background-position":"center center","background-size":"auto","background-attachment":"scroll","background-type":"","background-media":"","overlay-type":"","overlay-color":"","overlay-opacity":"","overlay-gradient":""},"tablet":{"background-color":"var(--ast-global-color-5)","background-image":"","background-repeat":"repeat","background-position":"center center","background-size":"auto","background-attachment":"scroll","background-type":"","background-media":"","overlay-type":"","overlay-color":"","overlay-opacity":"","overlay-gradient":""},"mobile":{"background-color":"var(--ast-global-color-5)","background-image":"","background-repeat":"repeat","background-position":"center center","background-size":"auto","background-attachment":"scroll","background-type":"","background-media":"","overlay-type":"","overlay-color":"","overlay-opacity":"","overlay-gradient":""}}},"product_brand":[],"product_cat":[56],"product_tag":[],"class_list":{"0":"post-9691","1":"product","2":"type-product","3":"status-publish","4":"has-post-thumbnail","6":"product_cat-med-tattoo-it","7":"desktop-align-left","8":"tablet-align-left","9":"mobile-align-left","10":"ast-product-gallery-layout-horizontal-slider","11":"ast-product-gallery-with-no-image","12":"ast-product-tabs-layout-distributed","14":"first","15":"instock","16":"purchasable","17":"product-type-simple"},"yoast_head":"<!-- This site is optimized with the Yoast SEO plugin v27.3 - https:\/\/yoast.com\/product\/yoast-seo-wordpress\/ -->\n<title>Banda adesiva 5cm*4,5m 1pc elastico rosso, autoadesivo - MED.TATTOO<\/title>\n<meta name=\"robots\" content=\"index, follow, max-snippet:-1, max-image-preview:large, max-video-preview:-1\" \/>\n<link rel=\"canonical\" href=\"https:\/\/med.tattoo\/it\/prodotto\/banda-adesiva-5cm45m-1pc-elastico-rosso-autoadesivo\/\" \/>\n<meta property=\"og:locale\" content=\"it_IT\" \/>\n<meta property=\"og:type\" content=\"article\" \/>\n<meta property=\"og:title\" content=\"Banda adesiva 5cm*4,5m 1pc elastico rosso, autoadesivo - MED.TATTOO\" \/>\n<meta property=\"og:description\" content=\"Una benda \u00e8 un bendaggio elastico (mantiene una tensione costante) con una struttura coesiva (autoadesiva, si attacca solo a se stessa). Il nostro bendaggio elastico \u00e8 realizzato in un materiale leggero, traspirante e resistente, che rispetta la pelle. Il grado di compressione desiderato si ottiene al momento dell&#8217;applicazione. Non richiede l&#8217;uso di clip o cerotti [&hellip;]\" \/>\n<meta property=\"og:url\" content=\"https:\/\/med.tattoo\/it\/prodotto\/banda-adesiva-5cm45m-1pc-elastico-rosso-autoadesivo\/\" \/>\n<meta property=\"og:site_name\" content=\"MED.TATTOO\" \/>\n<meta property=\"article:publisher\" content=\"https:\/\/www.facebook.com\/profile.php?id=100084366705613\" \/>\n<meta name=\"twitter:card\" content=\"summary_large_image\" \/>\n<meta name=\"twitter:label1\" content=\"Tempo di lettura stimato\" \/>\n\t<meta name=\"twitter:data1\" content=\"3 minuti\" \/>\n<script type=\"application\/ld+json\" class=\"yoast-schema-graph\">{\"@context\":\"https:\\\/\\\/schema.org\",\"@graph\":[{\"@type\":\"WebPage\",\"@id\":\"https:\\\/\\\/med.tattoo\\\/it\\\/prodotto\\\/banda-adesiva-5cm45m-1pc-elastico-rosso-autoadesivo\\\/\",\"url\":\"https:\\\/\\\/med.tattoo\\\/it\\\/prodotto\\\/banda-adesiva-5cm45m-1pc-elastico-rosso-autoadesivo\\\/\",\"name\":\"Banda adesiva 5cm*4,5m 1pc elastico rosso, autoadesivo - MED.TATTOO\",\"isPartOf\":{\"@id\":\"https:\\\/\\\/med.tattoo\\\/it\\\/#website\"},\"primaryImageOfPage\":{\"@id\":\"https:\\\/\\\/med.tattoo\\\/it\\\/prodotto\\\/banda-adesiva-5cm45m-1pc-elastico-rosso-autoadesivo\\\/#primaryimage\"},\"image\":{\"@id\":\"https:\\\/\\\/med.tattoo\\\/it\\\/prodotto\\\/banda-adesiva-5cm45m-1pc-elastico-rosso-autoadesivo\\\/#primaryimage\"},\"thumbnailUrl\":\"https:\\\/\\\/med.tattoo\\\/wp-content\\\/uploads\\\/2025\\\/05\\\/1545_opaska-kohezyjna-5cm-4-5m-1szt-czerwona-elastyc_1744006712.jpg\",\"datePublished\":\"2025-05-15T05:23:41+00:00\",\"breadcrumb\":{\"@id\":\"https:\\\/\\\/med.tattoo\\\/it\\\/prodotto\\\/banda-adesiva-5cm45m-1pc-elastico-rosso-autoadesivo\\\/#breadcrumb\"},\"inLanguage\":\"it-IT\",\"potentialAction\":[{\"@type\":\"ReadAction\",\"target\":[\"https:\\\/\\\/med.tattoo\\\/it\\\/prodotto\\\/banda-adesiva-5cm45m-1pc-elastico-rosso-autoadesivo\\\/\"]}]},{\"@type\":\"ImageObject\",\"inLanguage\":\"it-IT\",\"@id\":\"https:\\\/\\\/med.tattoo\\\/it\\\/prodotto\\\/banda-adesiva-5cm45m-1pc-elastico-rosso-autoadesivo\\\/#primaryimage\",\"url\":\"https:\\\/\\\/med.tattoo\\\/wp-content\\\/uploads\\\/2025\\\/05\\\/1545_opaska-kohezyjna-5cm-4-5m-1szt-czerwona-elastyc_1744006712.jpg\",\"contentUrl\":\"https:\\\/\\\/med.tattoo\\\/wp-content\\\/uploads\\\/2025\\\/05\\\/1545_opaska-kohezyjna-5cm-4-5m-1szt-czerwona-elastyc_1744006712.jpg\",\"width\":876,\"height\":800},{\"@type\":\"BreadcrumbList\",\"@id\":\"https:\\\/\\\/med.tattoo\\\/it\\\/prodotto\\\/banda-adesiva-5cm45m-1pc-elastico-rosso-autoadesivo\\\/#breadcrumb\",\"itemListElement\":[{\"@type\":\"ListItem\",\"position\":1,\"name\":\"Strona G\u0142\u00f3wna\",\"item\":\"https:\\\/\\\/med.tattoo\\\/it\\\/\"},{\"@type\":\"ListItem\",\"position\":2,\"name\":\"Negozio\",\"item\":\"https:\\\/\\\/med.tattoo\\\/it\\\/negozio\\\/\"},{\"@type\":\"ListItem\",\"position\":3,\"name\":\"Banda adesiva 5cm*4,5m 1pc elastico rosso, autoadesivo\"}]},{\"@type\":\"WebSite\",\"@id\":\"https:\\\/\\\/med.tattoo\\\/it\\\/#website\",\"url\":\"https:\\\/\\\/med.tattoo\\\/it\\\/\",\"name\":\"MED.TATTOO\",\"description\":\"Wszystko dla Twojego tatua\u017cu\",\"publisher\":{\"@id\":\"https:\\\/\\\/med.tattoo\\\/it\\\/#organization\"},\"potentialAction\":[{\"@type\":\"SearchAction\",\"target\":{\"@type\":\"EntryPoint\",\"urlTemplate\":\"https:\\\/\\\/med.tattoo\\\/it\\\/?s={search_term_string}\"},\"query-input\":{\"@type\":\"PropertyValueSpecification\",\"valueRequired\":true,\"valueName\":\"search_term_string\"}}],\"inLanguage\":\"it-IT\"},{\"@type\":\"Organization\",\"@id\":\"https:\\\/\\\/med.tattoo\\\/it\\\/#organization\",\"name\":\"MED.TATTOO\",\"url\":\"https:\\\/\\\/med.tattoo\\\/it\\\/\",\"logo\":{\"@type\":\"ImageObject\",\"inLanguage\":\"it-IT\",\"@id\":\"https:\\\/\\\/med.tattoo\\\/it\\\/#\\\/schema\\\/logo\\\/image\\\/\",\"url\":\"https:\\\/\\\/med.tattoo\\\/wp-content\\\/uploads\\\/2025\\\/05\\\/Bez-tytulu-600S300-px-1-e1658908183800.png\",\"contentUrl\":\"https:\\\/\\\/med.tattoo\\\/wp-content\\\/uploads\\\/2025\\\/05\\\/Bez-tytulu-600S300-px-1-e1658908183800.png\",\"width\":600,\"height\":61,\"caption\":\"MED.TATTOO\"},\"image\":{\"@id\":\"https:\\\/\\\/med.tattoo\\\/it\\\/#\\\/schema\\\/logo\\\/image\\\/\"},\"sameAs\":[\"https:\\\/\\\/www.facebook.com\\\/profile.php?id=100084366705613\",\"https:\\\/\\\/www.instagram.com\\\/med.tattoo_official\\\/\"]}]}<\/script>\n<!-- \/ Yoast SEO plugin. -->","yoast_head_json":{"title":"Banda adesiva 5cm*4,5m 1pc elastico rosso, autoadesivo - MED.TATTOO","robots":{"index":"index","follow":"follow","max-snippet":"max-snippet:-1","max-image-preview":"max-image-preview:large","max-video-preview":"max-video-preview:-1"},"canonical":"https:\/\/med.tattoo\/it\/prodotto\/banda-adesiva-5cm45m-1pc-elastico-rosso-autoadesivo\/","og_locale":"it_IT","og_type":"article","og_title":"Banda adesiva 5cm*4,5m 1pc elastico rosso, autoadesivo - MED.TATTOO","og_description":"Una benda \u00e8 un bendaggio elastico (mantiene una tensione costante) con una struttura coesiva (autoadesiva, si attacca solo a se stessa). Il nostro bendaggio elastico \u00e8 realizzato in un materiale leggero, traspirante e resistente, che rispetta la pelle. Il grado di compressione desiderato si ottiene al momento dell&#8217;applicazione. Non richiede l&#8217;uso di clip o cerotti [&hellip;]","og_url":"https:\/\/med.tattoo\/it\/prodotto\/banda-adesiva-5cm45m-1pc-elastico-rosso-autoadesivo\/","og_site_name":"MED.TATTOO","article_publisher":"https:\/\/www.facebook.com\/profile.php?id=100084366705613","twitter_card":"summary_large_image","twitter_misc":{"Tempo di lettura stimato":"3 minuti"},"schema":{"@context":"https:\/\/schema.org","@graph":[{"@type":"WebPage","@id":"https:\/\/med.tattoo\/it\/prodotto\/banda-adesiva-5cm45m-1pc-elastico-rosso-autoadesivo\/","url":"https:\/\/med.tattoo\/it\/prodotto\/banda-adesiva-5cm45m-1pc-elastico-rosso-autoadesivo\/","name":"Banda adesiva 5cm*4,5m 1pc elastico rosso, autoadesivo - MED.TATTOO","isPartOf":{"@id":"https:\/\/med.tattoo\/it\/#website"},"primaryImageOfPage":{"@id":"https:\/\/med.tattoo\/it\/prodotto\/banda-adesiva-5cm45m-1pc-elastico-rosso-autoadesivo\/#primaryimage"},"image":{"@id":"https:\/\/med.tattoo\/it\/prodotto\/banda-adesiva-5cm45m-1pc-elastico-rosso-autoadesivo\/#primaryimage"},"thumbnailUrl":"https:\/\/med.tattoo\/wp-content\/uploads\/2025\/05\/1545_opaska-kohezyjna-5cm-4-5m-1szt-czerwona-elastyc_1744006712.jpg","datePublished":"2025-05-15T05:23:41+00:00","breadcrumb":{"@id":"https:\/\/med.tattoo\/it\/prodotto\/banda-adesiva-5cm45m-1pc-elastico-rosso-autoadesivo\/#breadcrumb"},"inLanguage":"it-IT","potentialAction":[{"@type":"ReadAction","target":["https:\/\/med.tattoo\/it\/prodotto\/banda-adesiva-5cm45m-1pc-elastico-rosso-autoadesivo\/"]}]},{"@type":"ImageObject","inLanguage":"it-IT","@id":"https:\/\/med.tattoo\/it\/prodotto\/banda-adesiva-5cm45m-1pc-elastico-rosso-autoadesivo\/#primaryimage","url":"https:\/\/med.tattoo\/wp-content\/uploads\/2025\/05\/1545_opaska-kohezyjna-5cm-4-5m-1szt-czerwona-elastyc_1744006712.jpg","contentUrl":"https:\/\/med.tattoo\/wp-content\/uploads\/2025\/05\/1545_opaska-kohezyjna-5cm-4-5m-1szt-czerwona-elastyc_1744006712.jpg","width":876,"height":800},{"@type":"BreadcrumbList","@id":"https:\/\/med.tattoo\/it\/prodotto\/banda-adesiva-5cm45m-1pc-elastico-rosso-autoadesivo\/#breadcrumb","itemListElement":[{"@type":"ListItem","position":1,"name":"Strona G\u0142\u00f3wna","item":"https:\/\/med.tattoo\/it\/"},{"@type":"ListItem","position":2,"name":"Negozio","item":"https:\/\/med.tattoo\/it\/negozio\/"},{"@type":"ListItem","position":3,"name":"Banda adesiva 5cm*4,5m 1pc elastico rosso, autoadesivo"}]},{"@type":"WebSite","@id":"https:\/\/med.tattoo\/it\/#website","url":"https:\/\/med.tattoo\/it\/","name":"MED.TATTOO","description":"Wszystko dla Twojego tatua\u017cu","publisher":{"@id":"https:\/\/med.tattoo\/it\/#organization"},"potentialAction":[{"@type":"SearchAction","target":{"@type":"EntryPoint","urlTemplate":"https:\/\/med.tattoo\/it\/?s={search_term_string}"},"query-input":{"@type":"PropertyValueSpecification","valueRequired":true,"valueName":"search_term_string"}}],"inLanguage":"it-IT"},{"@type":"Organization","@id":"https:\/\/med.tattoo\/it\/#organization","name":"MED.TATTOO","url":"https:\/\/med.tattoo\/it\/","logo":{"@type":"ImageObject","inLanguage":"it-IT","@id":"https:\/\/med.tattoo\/it\/#\/schema\/logo\/image\/","url":"https:\/\/med.tattoo\/wp-content\/uploads\/2025\/05\/Bez-tytulu-600S300-px-1-e1658908183800.png","contentUrl":"https:\/\/med.tattoo\/wp-content\/uploads\/2025\/05\/Bez-tytulu-600S300-px-1-e1658908183800.png","width":600,"height":61,"caption":"MED.TATTOO"},"image":{"@id":"https:\/\/med.tattoo\/it\/#\/schema\/logo\/image\/"},"sameAs":["https:\/\/www.facebook.com\/profile.php?id=100084366705613","https:\/\/www.instagram.com\/med.tattoo_official\/"]}]}},"_links":{"self":[{"href":"https:\/\/med.tattoo\/it\/wp-json\/wp\/v2\/product\/9691","targetHints":{"allow":["GET"]}}],"collection":[{"href":"https:\/\/med.tattoo\/it\/wp-json\/wp\/v2\/product"}],"about":[{"href":"https:\/\/med.tattoo\/it\/wp-json\/wp\/v2\/types\/product"}],"replies":[{"embeddable":true,"href":"https:\/\/med.tattoo\/it\/wp-json\/wp\/v2\/comments?post=9691"}],"wp:featuredmedia":[{"embeddable":true,"href":"https:\/\/med.tattoo\/it\/wp-json\/wp\/v2\/media\/7457"}],"wp:attachment":[{"href":"https:\/\/med.tattoo\/it\/wp-json\/wp\/v2\/media?parent=9691"}],"wp:term":[{"taxonomy":"product_brand","embeddable":true,"href":"https:\/\/med.tattoo\/it\/wp-json\/wp\/v2\/product_brand?post=9691"},{"taxonomy":"product_cat","embeddable":true,"href":"https:\/\/med.tattoo\/it\/wp-json\/wp\/v2\/product_cat?post=9691"},{"taxonomy":"product_tag","embeddable":true,"href":"https:\/\/med.tattoo\/it\/wp-json\/wp\/v2\/product_tag?post=9691"}],"curies":[{"name":"wp","href":"https:\/\/api.w.org\/{rel}","templated":true}]}}