{"id":4555,"date":"2025-05-07T10:30:21","date_gmt":"2025-05-07T08:30:21","guid":{"rendered":"https:\/\/med.tattoo\/tatoeage-genezing\/"},"modified":"2025-04-08T17:07:26","modified_gmt":"2025-04-08T15:07:26","slug":"tatoeage-genezing","status":"publish","type":"page","link":"https:\/\/med.tattoo\/nl\/tatoeage-genezing\/","title":{"rendered":"Tatoeage Genezing"},"content":{"rendered":"\t\t<div data-elementor-type=\"wp-page\" data-elementor-id=\"4555\" class=\"elementor elementor-4555 elementor-1920\" data-elementor-settings=\"{&quot;ha_cmc_init_switcher&quot;:&quot;no&quot;}\" data-elementor-post-type=\"page\">\n\t\t\t\t\t\t<section class=\"elementor-section elementor-top-section elementor-element elementor-element-6e6b34e elementor-section-boxed elementor-section-height-default elementor-section-height-default\" data-id=\"6e6b34e\" data-element_type=\"section\" data-e-type=\"section\">\n\t\t\t\t\t\t<div class=\"elementor-container elementor-column-gap-default\">\n\t\t\t\t\t<div class=\"elementor-column elementor-col-100 elementor-top-column elementor-element elementor-element-d3d92af\" data-id=\"d3d92af\" data-element_type=\"column\" data-e-type=\"column\">\n\t\t\t<div class=\"elementor-widget-wrap elementor-element-populated\">\n\t\t\t\t\t\t<div class=\"elementor-element elementor-element-7ef7211 elementor-widget elementor-widget-heading\" data-id=\"7ef7211\" data-element_type=\"widget\" data-e-type=\"widget\" data-widget_type=\"heading.default\">\n\t\t\t\t<div class=\"elementor-widget-container\">\n\t\t\t\t\t<h1 class=\"elementor-heading-title elementor-size-default\">GENEZING VAN TATOEAGES<\/h1>\t\t\t\t<\/div>\n\t\t\t\t<\/div>\n\t\t\t\t<div class=\"elementor-element elementor-element-81cf96f elementor-widget elementor-widget-text-editor\" data-id=\"81cf96f\" data-element_type=\"widget\" data-e-type=\"widget\" data-widget_type=\"text-editor.default\">\n\t\t\t\t<div class=\"elementor-widget-container\">\n\t\t\t\t\t\t\t\t\t<p>Onmiddellijk na het tatoe\u00ebren is de huid ge\u00efrriteerd en gevoelig voor beschadiging. Gebruik een speciale beschermlaag (polyurethaan verband) en een cr\u00e8me om de genezing te bevorderen. Het regeneratieproces van de huid duurt ongeveer 21 dagen.  <\/p>\t\t\t\t\t\t\t\t<\/div>\n\t\t\t\t<\/div>\n\t\t\t\t\t<\/div>\n\t\t<\/div>\n\t\t\t\t\t<\/div>\n\t\t<\/section>\n\t\t\t\t<section class=\"elementor-section elementor-top-section elementor-element elementor-element-2adeed29 elementor-section-boxed elementor-section-height-default elementor-section-height-default\" data-id=\"2adeed29\" data-element_type=\"section\" data-e-type=\"section\" data-settings=\"{&quot;background_background&quot;:&quot;classic&quot;}\">\n\t\t\t\t\t\t<div class=\"elementor-container elementor-column-gap-no\">\n\t\t\t\t\t<div class=\"elementor-column elementor-col-100 elementor-top-column elementor-element elementor-element-6491df5c\" data-id=\"6491df5c\" data-element_type=\"column\" data-e-type=\"column\">\n\t\t\t<div class=\"elementor-widget-wrap elementor-element-populated\">\n\t\t\t\t\t\t<div class=\"elementor-element elementor-element-671ca138 elementor-widget elementor-widget-icon-box\" data-id=\"671ca138\" data-element_type=\"widget\" data-e-type=\"widget\" data-widget_type=\"icon-box.default\">\n\t\t\t\t<div class=\"elementor-widget-container\">\n\t\t\t\t\t\t\t<div class=\"elementor-icon-box-wrapper\">\n\n\t\t\t\n\t\t\t\t\t\t<div class=\"elementor-icon-box-content\">\n\n\t\t\t\t\t\t\t\t\t<h3 class=\"elementor-icon-box-title\">\n\t\t\t\t\t\t<span  >\n\t\t\t\t\t\t\t<img decoding=\"async\" role=\"img\" class=\"emoji\" alt=\"\ud83d\udc47\" src=\"https:\/\/s.w.org\/images\/core\/emoji\/14.0.0\/svg\/1f447.svg\">  Zie Producten die de genezing versnellen\t\t\t\t\t\t<\/span>\n\t\t\t\t\t<\/h3>\n\t\t\t\t\n\t\t\t\t\n\t\t\t<\/div>\n\t\t\t\n\t\t<\/div>\n\t\t\t\t\t\t<\/div>\n\t\t\t\t<\/div>\n\t\t\t\t\t<\/div>\n\t\t<\/div>\n\t\t\t\t\t<\/div>\n\t\t<\/section>\n\t\t\t\t<section class=\"elementor-section elementor-top-section elementor-element elementor-element-284949bf elementor-section-boxed elementor-section-height-default elementor-section-height-default\" data-id=\"284949bf\" data-element_type=\"section\" data-e-type=\"section\">\n\t\t\t\t\t\t<div class=\"elementor-container elementor-column-gap-default\">\n\t\t\t\t\t<div class=\"elementor-column elementor-col-100 elementor-top-column elementor-element elementor-element-5c5317e5\" data-id=\"5c5317e5\" data-element_type=\"column\" data-e-type=\"column\">\n\t\t\t<div class=\"elementor-widget-wrap elementor-element-populated\">\n\t\t\t\t\t\t<div class=\"elementor-element elementor-element-48d996e7 elementor-widget elementor-widget-heading\" data-id=\"48d996e7\" data-element_type=\"widget\" data-e-type=\"widget\" data-widget_type=\"heading.default\">\n\t\t\t\t<div class=\"elementor-widget-container\">\n\t\t\t\t\t<h2 class=\"elementor-heading-title elementor-size-default\">Hoe het genezingsproces van een tatoeage eruit ziet<\/h2>\t\t\t\t<\/div>\n\t\t\t\t<\/div>\n\t\t\t\t<div class=\"elementor-element elementor-element-26fcef5e elementor-widget elementor-widget-text-editor\" data-id=\"26fcef5e\" data-element_type=\"widget\" data-e-type=\"widget\" data-widget_type=\"text-editor.default\">\n\t\t\t\t<div class=\"elementor-widget-container\">\n\t\t\t\t\t\t\t\t\t<p>Het zetten van een tatoeage veroorzaakt irritatie van de huid, die daardoor vatbaarder wordt voor negatieve invloeden van buitenaf. Onmiddellijk na het tatoe\u00ebren moeten speciale voorbereidingen en <strong>een beschermfolie<\/strong> worden aangebracht om het huidoppervlak te beschermen tegen besmetting en mogelijke infectie. De transparante beschermfolie is zelfklevend. Het wordt onmiddellijk na het aanbrengen op de tatoeage aangebracht. Het beschermt het oppervlak van de gevoelige huid tegen schuren, is waterdicht en laat de huid tegelijkertijd ademen. Het regeneratie- en genezingsproces van de tatoeage duurt ongeveer 3 weken. <strong>De beschermende tatoeagefolie<\/strong> moet minstens een paar dagen blijven zitten. De huid moet worden ingesmeerd met speciale <strong>cosmetica voor de genezing van tatoeages<\/strong>.      <\/p>\t\t\t\t\t\t\t\t<\/div>\n\t\t\t\t<\/div>\n\t\t\t\t<div class=\"elementor-element elementor-element-b6816d0 elementor-widget elementor-widget-heading\" data-id=\"b6816d0\" data-element_type=\"widget\" data-e-type=\"widget\" data-widget_type=\"heading.default\">\n\t\t\t\t<div class=\"elementor-widget-container\">\n\t\t\t\t\t<h2 class=\"elementor-heading-title elementor-size-default\">Cosmetica om de genezing van tatoeages te versnellen<\/h2>\t\t\t\t<\/div>\n\t\t\t\t<\/div>\n\t\t\t\t<div class=\"elementor-element elementor-element-55a57c2e elementor-widget elementor-widget-text-editor\" data-id=\"55a57c2e\" data-element_type=\"widget\" data-e-type=\"widget\" data-widget_type=\"text-editor.default\">\n\t\t\t\t<div class=\"elementor-widget-container\">\n\t\t\t\t\t\t\t\t\t<p>U kunt het beste meteen na het tatoe\u00ebren <strong>cosmetica voor tatoeages<\/strong> gaan gebruiken <strong>die de genezing versnelt<\/strong>. Regelmatig smeren van de getatoe\u00eberde huid zal het genezingsproces en de regeneratie van de opperhuid versnellen. In de periode van de eerste drie weken zal de huid zich langzaam herstellen. Het systematisch hydrateren met gespecialiseerde tatoeagecr\u00e8mes zal het hele proces effectiever maken. In de online shop Med.tattoo raden wij het gebruik van een professionele <strong>cr\u00e8me voor tatoeagegenezing<\/strong> aan. De cr\u00e8me, die gebaseerd is op calendula-extract, sheaboter en plantaardige oli\u00ebn, hydrateert diep, voedt en regenereert de huid, voorkomt irritatie, vertraagt het verouderingsproces van de huid en heeft tegelijkertijd een natuurlijk beschermend filter tegen de zon. Onder invloed van de tatoeagecr\u00e8me wordt de huid glad en soepel.      <\/p><p>Al onze producten zijn tatoeage cosmetica voor mannen en vrouwen, gemaakt op basis van uitsluitend natuurlijke ingredi\u00ebnten, ze bieden een garantie van veiligheid (ze zijn niet allergeen en veroorzaken geen huidirritatie), en dus 100% tevredenheid over het gebruik.<\/p>\t\t\t\t\t\t\t\t<\/div>\n\t\t\t\t<\/div>\n\t\t\t\t\t<\/div>\n\t\t<\/div>\n\t\t\t\t\t<\/div>\n\t\t<\/section>\n\t\t\t\t<\/div>\n\t\t","protected":false},"excerpt":{"rendered":"<p>GENEZING VAN TATOEAGES Onmiddellijk na het tatoe\u00ebren is de huid ge\u00efrriteerd en gevoelig voor beschadiging. Gebruik een speciale beschermlaag (polyurethaan verband) en een cr\u00e8me om de genezing te bevorderen. Het regeneratieproces van de huid duurt ongeveer 21 dagen. Zie Producten die de genezing versnellen Hoe het genezingsproces van een tatoeage eruit ziet Het zetten van [&hellip;]<\/p>\n","protected":false},"author":1,"featured_media":0,"parent":0,"menu_order":0,"comment_status":"closed","ping_status":"closed","template":"","meta":{"site-sidebar-layout":"no-sidebar","site-content-layout":"page-builder","ast-site-content-layout":"default","site-content-style":"default","site-sidebar-style":"default","ast-global-header-display":"","ast-banner-title-visibility":"","ast-main-header-display":"","ast-hfb-above-header-display":"","ast-hfb-below-header-display":"","ast-hfb-mobile-header-display":"","site-post-title":"disabled","ast-breadcrumbs-content":"","ast-featured-img":"disabled","footer-sml-layout":"","ast-disable-related-posts":"","theme-transparent-header-meta":"disabled","adv-header-id-meta":"","stick-header-meta":"enabled","header-above-stick-meta":"","header-main-stick-meta":"disabled","header-below-stick-meta":"","astra-migrate-meta-layouts":"default","ast-page-background-enabled":"default","ast-page-background-meta":{"desktop":{"background-color":"var(--ast-global-color-4)","background-image":"","background-repeat":"repeat","background-position":"center center","background-size":"auto","background-attachment":"scroll","background-type":"","background-media":"","overlay-type":"","overlay-color":"","overlay-opacity":"","overlay-gradient":""},"tablet":{"background-color":"","background-image":"","background-repeat":"repeat","background-position":"center center","background-size":"auto","background-attachment":"scroll","background-type":"","background-media":"","overlay-type":"","overlay-color":"","overlay-opacity":"","overlay-gradient":""},"mobile":{"background-color":"","background-image":"","background-repeat":"repeat","background-position":"center center","background-size":"auto","background-attachment":"scroll","background-type":"","background-media":"","overlay-type":"","overlay-color":"","overlay-opacity":"","overlay-gradient":""}},"ast-content-background-meta":{"desktop":{"background-color":"var(--ast-global-color-5)","background-image":"","background-repeat":"repeat","background-position":"center center","background-size":"auto","background-attachment":"scroll","background-type":"","background-media":"","overlay-type":"","overlay-color":"","overlay-opacity":"","overlay-gradient":""},"tablet":{"background-color":"var(--ast-global-color-5)","background-image":"","background-repeat":"repeat","background-position":"center center","background-size":"auto","background-attachment":"scroll","background-type":"","background-media":"","overlay-type":"","overlay-color":"","overlay-opacity":"","overlay-gradient":""},"mobile":{"background-color":"var(--ast-global-color-5)","background-image":"","background-repeat":"repeat","background-position":"center center","background-size":"auto","background-attachment":"scroll","background-type":"","background-media":"","overlay-type":"","overlay-color":"","overlay-opacity":"","overlay-gradient":""}},"footnotes":""},"class_list":["post-4555","page","type-page","status-publish","hentry"],"yoast_head":"<!-- This site is optimized with the Yoast SEO plugin v27.3 - https:\/\/yoast.com\/product\/yoast-seo-wordpress\/ -->\n<title>Tatoeage Genezing - MED.TATTOO<\/title>\n<meta name=\"description\" content=\"Onmiddellijk na het tatoe\u00ebren is de huid ge\u00efrriteerd en gevoelig voor beschadiging. Gebruik een speciale beschermfolie (polyurethaan verband) ....\" \/>\n<meta name=\"robots\" content=\"index, follow, max-snippet:-1, max-image-preview:large, max-video-preview:-1\" \/>\n<link rel=\"canonical\" href=\"https:\/\/med.tattoo\/nl\/tatoeage-genezing\/\" \/>\n<meta property=\"og:locale\" content=\"nl_NL\" \/>\n<meta property=\"og:type\" content=\"article\" \/>\n<meta property=\"og:title\" content=\"Tatoeage Genezing - MED.TATTOO\" \/>\n<meta property=\"og:description\" content=\"Onmiddellijk na het tatoe\u00ebren is de huid ge\u00efrriteerd en gevoelig voor beschadiging. Gebruik een speciale beschermfolie (polyurethaan verband) ....\" \/>\n<meta property=\"og:url\" content=\"https:\/\/med.tattoo\/nl\/tatoeage-genezing\/\" \/>\n<meta property=\"og:site_name\" content=\"MED.TATTOO\" \/>\n<meta property=\"article:publisher\" content=\"https:\/\/www.facebook.com\/profile.php?id=100084366705613\" \/>\n<meta property=\"og:image\" content=\"https:\/\/s.w.org\/images\/core\/emoji\/14.0.0\/svg\/1f447.svg\" \/>\n<meta name=\"twitter:card\" content=\"summary_large_image\" \/>\n<meta name=\"twitter:label1\" content=\"Geschatte leestijd\" \/>\n\t<meta name=\"twitter:data1\" content=\"2 minuten\" \/>\n<script type=\"application\/ld+json\" class=\"yoast-schema-graph\">{\"@context\":\"https:\\\/\\\/schema.org\",\"@graph\":[{\"@type\":\"WebPage\",\"@id\":\"https:\\\/\\\/med.tattoo\\\/nl\\\/tatoeage-genezing\\\/\",\"url\":\"https:\\\/\\\/med.tattoo\\\/nl\\\/tatoeage-genezing\\\/\",\"name\":\"Tatoeage Genezing - MED.TATTOO\",\"isPartOf\":{\"@id\":\"https:\\\/\\\/med.tattoo\\\/nl\\\/#website\"},\"primaryImageOfPage\":{\"@id\":\"https:\\\/\\\/med.tattoo\\\/nl\\\/tatoeage-genezing\\\/#primaryimage\"},\"image\":{\"@id\":\"https:\\\/\\\/med.tattoo\\\/nl\\\/tatoeage-genezing\\\/#primaryimage\"},\"thumbnailUrl\":\"https:\\\/\\\/s.w.org\\\/images\\\/core\\\/emoji\\\/14.0.0\\\/svg\\\/1f447.svg\",\"datePublished\":\"2025-05-07T08:30:21+00:00\",\"description\":\"Onmiddellijk na het tatoe\u00ebren is de huid ge\u00efrriteerd en gevoelig voor beschadiging. Gebruik een speciale beschermfolie (polyurethaan verband) ....\",\"breadcrumb\":{\"@id\":\"https:\\\/\\\/med.tattoo\\\/nl\\\/tatoeage-genezing\\\/#breadcrumb\"},\"inLanguage\":\"nl-NL\",\"potentialAction\":[{\"@type\":\"ReadAction\",\"target\":[\"https:\\\/\\\/med.tattoo\\\/nl\\\/tatoeage-genezing\\\/\"]}]},{\"@type\":\"ImageObject\",\"inLanguage\":\"nl-NL\",\"@id\":\"https:\\\/\\\/med.tattoo\\\/nl\\\/tatoeage-genezing\\\/#primaryimage\",\"url\":\"https:\\\/\\\/s.w.org\\\/images\\\/core\\\/emoji\\\/14.0.0\\\/svg\\\/1f447.svg\",\"contentUrl\":\"https:\\\/\\\/s.w.org\\\/images\\\/core\\\/emoji\\\/14.0.0\\\/svg\\\/1f447.svg\"},{\"@type\":\"BreadcrumbList\",\"@id\":\"https:\\\/\\\/med.tattoo\\\/nl\\\/tatoeage-genezing\\\/#breadcrumb\",\"itemListElement\":[{\"@type\":\"ListItem\",\"position\":1,\"name\":\"Strona G\u0142\u00f3wna\",\"item\":\"https:\\\/\\\/med.tattoo\\\/nl\\\/\"},{\"@type\":\"ListItem\",\"position\":2,\"name\":\"Tatoeage Genezing\"}]},{\"@type\":\"WebSite\",\"@id\":\"https:\\\/\\\/med.tattoo\\\/nl\\\/#website\",\"url\":\"https:\\\/\\\/med.tattoo\\\/nl\\\/\",\"name\":\"MED.TATTOO\",\"description\":\"Wszystko dla Twojego tatua\u017cu\",\"publisher\":{\"@id\":\"https:\\\/\\\/med.tattoo\\\/nl\\\/#organization\"},\"potentialAction\":[{\"@type\":\"SearchAction\",\"target\":{\"@type\":\"EntryPoint\",\"urlTemplate\":\"https:\\\/\\\/med.tattoo\\\/nl\\\/?s={search_term_string}\"},\"query-input\":{\"@type\":\"PropertyValueSpecification\",\"valueRequired\":true,\"valueName\":\"search_term_string\"}}],\"inLanguage\":\"nl-NL\"},{\"@type\":\"Organization\",\"@id\":\"https:\\\/\\\/med.tattoo\\\/nl\\\/#organization\",\"name\":\"MED.TATTOO\",\"url\":\"https:\\\/\\\/med.tattoo\\\/nl\\\/\",\"logo\":{\"@type\":\"ImageObject\",\"inLanguage\":\"nl-NL\",\"@id\":\"https:\\\/\\\/med.tattoo\\\/nl\\\/#\\\/schema\\\/logo\\\/image\\\/\",\"url\":\"https:\\\/\\\/med.tattoo\\\/wp-content\\\/uploads\\\/2025\\\/05\\\/Bez-tytulu-600S300-px-1-e1658908183800.png\",\"contentUrl\":\"https:\\\/\\\/med.tattoo\\\/wp-content\\\/uploads\\\/2025\\\/05\\\/Bez-tytulu-600S300-px-1-e1658908183800.png\",\"width\":600,\"height\":61,\"caption\":\"MED.TATTOO\"},\"image\":{\"@id\":\"https:\\\/\\\/med.tattoo\\\/nl\\\/#\\\/schema\\\/logo\\\/image\\\/\"},\"sameAs\":[\"https:\\\/\\\/www.facebook.com\\\/profile.php?id=100084366705613\",\"https:\\\/\\\/www.instagram.com\\\/med.tattoo_official\\\/\"]}]}<\/script>\n<!-- \/ Yoast SEO plugin. -->","yoast_head_json":{"title":"Tatoeage Genezing - MED.TATTOO","description":"Onmiddellijk na het tatoe\u00ebren is de huid ge\u00efrriteerd en gevoelig voor beschadiging. Gebruik een speciale beschermfolie (polyurethaan verband) ....","robots":{"index":"index","follow":"follow","max-snippet":"max-snippet:-1","max-image-preview":"max-image-preview:large","max-video-preview":"max-video-preview:-1"},"canonical":"https:\/\/med.tattoo\/nl\/tatoeage-genezing\/","og_locale":"nl_NL","og_type":"article","og_title":"Tatoeage Genezing - MED.TATTOO","og_description":"Onmiddellijk na het tatoe\u00ebren is de huid ge\u00efrriteerd en gevoelig voor beschadiging. Gebruik een speciale beschermfolie (polyurethaan verband) ....","og_url":"https:\/\/med.tattoo\/nl\/tatoeage-genezing\/","og_site_name":"MED.TATTOO","article_publisher":"https:\/\/www.facebook.com\/profile.php?id=100084366705613","og_image":[{"url":"https:\/\/s.w.org\/images\/core\/emoji\/14.0.0\/svg\/1f447.svg","type":"","width":"","height":""}],"twitter_card":"summary_large_image","twitter_misc":{"Geschatte leestijd":"2 minuten"},"schema":{"@context":"https:\/\/schema.org","@graph":[{"@type":"WebPage","@id":"https:\/\/med.tattoo\/nl\/tatoeage-genezing\/","url":"https:\/\/med.tattoo\/nl\/tatoeage-genezing\/","name":"Tatoeage Genezing - MED.TATTOO","isPartOf":{"@id":"https:\/\/med.tattoo\/nl\/#website"},"primaryImageOfPage":{"@id":"https:\/\/med.tattoo\/nl\/tatoeage-genezing\/#primaryimage"},"image":{"@id":"https:\/\/med.tattoo\/nl\/tatoeage-genezing\/#primaryimage"},"thumbnailUrl":"https:\/\/s.w.org\/images\/core\/emoji\/14.0.0\/svg\/1f447.svg","datePublished":"2025-05-07T08:30:21+00:00","description":"Onmiddellijk na het tatoe\u00ebren is de huid ge\u00efrriteerd en gevoelig voor beschadiging. Gebruik een speciale beschermfolie (polyurethaan verband) ....","breadcrumb":{"@id":"https:\/\/med.tattoo\/nl\/tatoeage-genezing\/#breadcrumb"},"inLanguage":"nl-NL","potentialAction":[{"@type":"ReadAction","target":["https:\/\/med.tattoo\/nl\/tatoeage-genezing\/"]}]},{"@type":"ImageObject","inLanguage":"nl-NL","@id":"https:\/\/med.tattoo\/nl\/tatoeage-genezing\/#primaryimage","url":"https:\/\/s.w.org\/images\/core\/emoji\/14.0.0\/svg\/1f447.svg","contentUrl":"https:\/\/s.w.org\/images\/core\/emoji\/14.0.0\/svg\/1f447.svg"},{"@type":"BreadcrumbList","@id":"https:\/\/med.tattoo\/nl\/tatoeage-genezing\/#breadcrumb","itemListElement":[{"@type":"ListItem","position":1,"name":"Strona G\u0142\u00f3wna","item":"https:\/\/med.tattoo\/nl\/"},{"@type":"ListItem","position":2,"name":"Tatoeage Genezing"}]},{"@type":"WebSite","@id":"https:\/\/med.tattoo\/nl\/#website","url":"https:\/\/med.tattoo\/nl\/","name":"MED.TATTOO","description":"Wszystko dla Twojego tatua\u017cu","publisher":{"@id":"https:\/\/med.tattoo\/nl\/#organization"},"potentialAction":[{"@type":"SearchAction","target":{"@type":"EntryPoint","urlTemplate":"https:\/\/med.tattoo\/nl\/?s={search_term_string}"},"query-input":{"@type":"PropertyValueSpecification","valueRequired":true,"valueName":"search_term_string"}}],"inLanguage":"nl-NL"},{"@type":"Organization","@id":"https:\/\/med.tattoo\/nl\/#organization","name":"MED.TATTOO","url":"https:\/\/med.tattoo\/nl\/","logo":{"@type":"ImageObject","inLanguage":"nl-NL","@id":"https:\/\/med.tattoo\/nl\/#\/schema\/logo\/image\/","url":"https:\/\/med.tattoo\/wp-content\/uploads\/2025\/05\/Bez-tytulu-600S300-px-1-e1658908183800.png","contentUrl":"https:\/\/med.tattoo\/wp-content\/uploads\/2025\/05\/Bez-tytulu-600S300-px-1-e1658908183800.png","width":600,"height":61,"caption":"MED.TATTOO"},"image":{"@id":"https:\/\/med.tattoo\/nl\/#\/schema\/logo\/image\/"},"sameAs":["https:\/\/www.facebook.com\/profile.php?id=100084366705613","https:\/\/www.instagram.com\/med.tattoo_official\/"]}]}},"_links":{"self":[{"href":"https:\/\/med.tattoo\/nl\/wp-json\/wp\/v2\/pages\/4555","targetHints":{"allow":["GET"]}}],"collection":[{"href":"https:\/\/med.tattoo\/nl\/wp-json\/wp\/v2\/pages"}],"about":[{"href":"https:\/\/med.tattoo\/nl\/wp-json\/wp\/v2\/types\/page"}],"author":[{"embeddable":true,"href":"https:\/\/med.tattoo\/nl\/wp-json\/wp\/v2\/users\/1"}],"replies":[{"embeddable":true,"href":"https:\/\/med.tattoo\/nl\/wp-json\/wp\/v2\/comments?post=4555"}],"version-history":[{"count":1,"href":"https:\/\/med.tattoo\/nl\/wp-json\/wp\/v2\/pages\/4555\/revisions"}],"predecessor-version":[{"id":4562,"href":"https:\/\/med.tattoo\/nl\/wp-json\/wp\/v2\/pages\/4555\/revisions\/4562"}],"wp:attachment":[{"href":"https:\/\/med.tattoo\/nl\/wp-json\/wp\/v2\/media?parent=4555"}],"curies":[{"name":"wp","href":"https:\/\/api.w.org\/{rel}","templated":true}]}}