{"id":4761,"date":"2025-05-07T10:30:29","date_gmt":"2025-05-07T08:30:29","guid":{"rendered":"https:\/\/med.tattoo\/verzorging-van-tatoeages\/"},"modified":"2025-04-08T17:11:53","modified_gmt":"2025-04-08T15:11:53","slug":"verzorging-van-tatoeages","status":"publish","type":"page","link":"https:\/\/med.tattoo\/nl\/verzorging-van-tatoeages\/","title":{"rendered":"Verzorging van tatoeages"},"content":{"rendered":"\t\t<div data-elementor-type=\"wp-page\" data-elementor-id=\"4761\" class=\"elementor elementor-4761 elementor-1913\" data-elementor-settings=\"{&quot;ha_cmc_init_switcher&quot;:&quot;no&quot;}\" data-elementor-post-type=\"page\">\n\t\t\t\t\t\t<section class=\"elementor-section elementor-top-section elementor-element elementor-element-6e6b34e elementor-section-boxed elementor-section-height-default elementor-section-height-default\" data-id=\"6e6b34e\" data-element_type=\"section\" data-e-type=\"section\">\n\t\t\t\t\t\t<div class=\"elementor-container elementor-column-gap-default\">\n\t\t\t\t\t<div class=\"elementor-column elementor-col-100 elementor-top-column elementor-element elementor-element-d3d92af\" data-id=\"d3d92af\" data-element_type=\"column\" data-e-type=\"column\">\n\t\t\t<div class=\"elementor-widget-wrap elementor-element-populated\">\n\t\t\t\t\t\t<div class=\"elementor-element elementor-element-7ef7211 elementor-widget elementor-widget-heading\" data-id=\"7ef7211\" data-element_type=\"widget\" data-e-type=\"widget\" data-widget_type=\"heading.default\">\n\t\t\t\t<div class=\"elementor-widget-container\">\n\t\t\t\t\t<h1 class=\"elementor-heading-title elementor-size-default\">TATTOOVERZORGING<\/h1>\t\t\t\t<\/div>\n\t\t\t\t<\/div>\n\t\t\t\t<div class=\"elementor-element elementor-element-81cf96f elementor-widget elementor-widget-text-editor\" data-id=\"81cf96f\" data-element_type=\"widget\" data-e-type=\"widget\" data-widget_type=\"text-editor.default\">\n\t\t\t\t<div class=\"elementor-widget-container\">\n\t\t\t\t\t\t\t\t\t<p>Celregeneratie duurt meestal ongeveer drie weken na het tatoe\u00ebren en uw tatoeage zal voor het eerst in echte kleuren glanzen. Gebruik de Cream en de Tattoo Care Oil en u zult genieten van de intense kleuren. <\/p>\t\t\t\t\t\t\t\t<\/div>\n\t\t\t\t<\/div>\n\t\t\t\t\t<\/div>\n\t\t<\/div>\n\t\t\t\t\t<\/div>\n\t\t<\/section>\n\t\t\t\t<section class=\"elementor-section elementor-top-section elementor-element elementor-element-2adeed29 elementor-section-boxed elementor-section-height-default elementor-section-height-default\" data-id=\"2adeed29\" data-element_type=\"section\" data-e-type=\"section\" data-settings=\"{&quot;background_background&quot;:&quot;classic&quot;}\">\n\t\t\t\t\t\t<div class=\"elementor-container elementor-column-gap-no\">\n\t\t\t\t\t<div class=\"elementor-column elementor-col-100 elementor-top-column elementor-element elementor-element-6491df5c\" data-id=\"6491df5c\" data-element_type=\"column\" data-e-type=\"column\">\n\t\t\t<div class=\"elementor-widget-wrap elementor-element-populated\">\n\t\t\t\t\t\t<div class=\"elementor-element elementor-element-671ca138 elementor-widget elementor-widget-icon-box\" data-id=\"671ca138\" data-element_type=\"widget\" data-e-type=\"widget\" data-widget_type=\"icon-box.default\">\n\t\t\t\t<div class=\"elementor-widget-container\">\n\t\t\t\t\t\t\t<div class=\"elementor-icon-box-wrapper\">\n\n\t\t\t\n\t\t\t\t\t\t<div class=\"elementor-icon-box-content\">\n\n\t\t\t\t\t\t\t\t\t<h3 class=\"elementor-icon-box-title\">\n\t\t\t\t\t\t<span  >\n\t\t\t\t\t\t\t<img decoding=\"async\" role=\"img\" class=\"emoji\" alt=\"\ud83d\udc47\" src=\"https:\/\/s.w.org\/images\/core\/emoji\/14.0.0\/svg\/1f447.svg\">  Producten voor verzorging bekijken\t\t\t\t\t\t<\/span>\n\t\t\t\t\t<\/h3>\n\t\t\t\t\n\t\t\t\t\n\t\t\t<\/div>\n\t\t\t\n\t\t<\/div>\n\t\t\t\t\t\t<\/div>\n\t\t\t\t<\/div>\n\t\t\t\t\t<\/div>\n\t\t<\/div>\n\t\t\t\t\t<\/div>\n\t\t<\/section>\n\t\t\t\t<section class=\"elementor-section elementor-top-section elementor-element elementor-element-4b3767e2 elementor-section-boxed elementor-section-height-default elementor-section-height-default\" data-id=\"4b3767e2\" data-element_type=\"section\" data-e-type=\"section\">\n\t\t\t\t\t\t<div class=\"elementor-container elementor-column-gap-default\">\n\t\t\t\t\t<div class=\"elementor-column elementor-col-100 elementor-top-column elementor-element elementor-element-6f03ca6d\" data-id=\"6f03ca6d\" data-element_type=\"column\" data-e-type=\"column\">\n\t\t\t<div class=\"elementor-widget-wrap elementor-element-populated\">\n\t\t\t\t\t\t<div class=\"elementor-element elementor-element-48b6392a elementor-widget elementor-widget-heading\" data-id=\"48b6392a\" data-element_type=\"widget\" data-e-type=\"widget\" data-widget_type=\"heading.default\">\n\t\t\t\t<div class=\"elementor-widget-container\">\n\t\t\t\t\t<h2 class=\"elementor-heading-title elementor-size-default\">Verzorging van de tatoeage nadat deze genezen is<\/h2>\t\t\t\t<\/div>\n\t\t\t\t<\/div>\n\t\t\t\t<div class=\"elementor-element elementor-element-324f0955 elementor-widget elementor-widget-text-editor\" data-id=\"324f0955\" data-element_type=\"widget\" data-e-type=\"widget\" data-widget_type=\"text-editor.default\">\n\t\t\t\t<div class=\"elementor-widget-container\">\n\t\t\t\t\t\t\t\t\t<p>Onmiddellijk na een tatoeage raakt de huid ge\u00efrriteerd en heeft deze speciale verzorging nodig. De tatoeageprotectiefolie die op de pas getatoe\u00eberde huid wordt aangebracht, beschermt deze tegen verdere schade en de tatoeagehelende cosmetica versnelt de regeneratie van de huid. Tijdens deze periode moet de huid intensief gehydrateerd worden om haar zo soepel mogelijk te maken. Op het oppervlak van de helende huid zullen zich korstjes vormen; pulk deze er niet af, maar wacht tot ze er vanzelf afvallen. Het gebruik van huidcr\u00e8mes versnelt de verwijdering aanzienlijk.    <\/p><p>Zodra de tatoeage genezen is, wordt de huid glad, maar deze heeft nog steeds regelmatig verzorging nodig. Als u hiervoor de juiste cosmetica gebruikt (calendulacr\u00e8me met collageen of <strong>tatoeageverzorgingsolie)<\/strong>, wordt de huid elke dag goed gehydrateerd en gevoed. <\/p>\t\t\t\t\t\t\t\t<\/div>\n\t\t\t\t<\/div>\n\t\t\t\t<div class=\"elementor-element elementor-element-2d7f2977 elementor-widget elementor-widget-heading\" data-id=\"2d7f2977\" data-element_type=\"widget\" data-e-type=\"widget\" data-widget_type=\"heading.default\">\n\t\t\t\t<div class=\"elementor-widget-container\">\n\t\t\t\t\t<h2 class=\"elementor-heading-title elementor-size-default\">Cosmetica voor de verzorging van genezen tatoeages van Med.tattoo - garantie voor kwaliteit en tevredenheid<\/h2>\t\t\t\t<\/div>\n\t\t\t\t<\/div>\n\t\t\t\t<div class=\"elementor-element elementor-element-5307f446 elementor-widget elementor-widget-text-editor\" data-id=\"5307f446\" data-element_type=\"widget\" data-e-type=\"widget\" data-widget_type=\"text-editor.default\">\n\t\t\t\t<div class=\"elementor-widget-container\">\n\t\t\t\t\t\t\t\t\t<p><strong>In de online shop Med.tattoo<\/strong> bieden wij verzorgingscosmetica voor <strong>tatoeages<\/strong> op basis van onze eigen formules. Alle preparaten &#8211; cr\u00e8mes, boters of oli\u00ebn &#8211; zijn uitsluitend gemaakt van natuurlijke ingredi\u00ebnten en bevatten geen kunstmatige toevoegingen. <strong>De veganistische tatoeage cosmetica van Med.tattoo <\/strong>is geschikt voor zowel mannen als vrouwen, en maakt de gevoelige huid niet gevoelig en irriteert niet. <\/p><p>Om het huidoppervlak van een tatoeage te smeren nadat deze genezen is, raden wij aan om calendulacr\u00e8me met collageen of <strong>tatoeageolie<\/strong> te gebruiken. Zowel tatoeageolie als collageencr\u00e8me maken uw huid glad, hebben een antibacteri\u00eble en desinfecterende werking, voorkomen uitdroging van de huid en laten een natuurlijk beschermend filter achter op het huidoppervlak. Med.tattoo cosmetica worden goed opgenomen, geven uw huid geen vettig gevoel en zijn zeer effici\u00ebnt. Ze kunnen elke dag gebruikt worden, waardoor de tattoo langer meegaat en de mooie kleuren langer behouden blijven.   <\/p>\t\t\t\t\t\t\t\t<\/div>\n\t\t\t\t<\/div>\n\t\t\t\t\t<\/div>\n\t\t<\/div>\n\t\t\t\t\t<\/div>\n\t\t<\/section>\n\t\t\t\t<\/div>\n\t\t","protected":false},"excerpt":{"rendered":"<p>TATTOOVERZORGING Celregeneratie duurt meestal ongeveer drie weken na het tatoe\u00ebren en uw tatoeage zal voor het eerst in echte kleuren glanzen. Gebruik de Cream en de Tattoo Care Oil en u zult genieten van de intense kleuren. Producten voor verzorging bekijken Verzorging van de tatoeage nadat deze genezen is Onmiddellijk na een tatoeage raakt de [&hellip;]<\/p>\n","protected":false},"author":1,"featured_media":0,"parent":0,"menu_order":0,"comment_status":"closed","ping_status":"closed","template":"","meta":{"site-sidebar-layout":"no-sidebar","site-content-layout":"page-builder","ast-site-content-layout":"default","site-content-style":"default","site-sidebar-style":"default","ast-global-header-display":"","ast-banner-title-visibility":"","ast-main-header-display":"","ast-hfb-above-header-display":"","ast-hfb-below-header-display":"","ast-hfb-mobile-header-display":"","site-post-title":"disabled","ast-breadcrumbs-content":"","ast-featured-img":"disabled","footer-sml-layout":"","ast-disable-related-posts":"","theme-transparent-header-meta":"disabled","adv-header-id-meta":"","stick-header-meta":"enabled","header-above-stick-meta":"","header-main-stick-meta":"disabled","header-below-stick-meta":"","astra-migrate-meta-layouts":"default","ast-page-background-enabled":"default","ast-page-background-meta":{"desktop":{"background-color":"var(--ast-global-color-4)","background-image":"","background-repeat":"repeat","background-position":"center center","background-size":"auto","background-attachment":"scroll","background-type":"","background-media":"","overlay-type":"","overlay-color":"","overlay-opacity":"","overlay-gradient":""},"tablet":{"background-color":"","background-image":"","background-repeat":"repeat","background-position":"center center","background-size":"auto","background-attachment":"scroll","background-type":"","background-media":"","overlay-type":"","overlay-color":"","overlay-opacity":"","overlay-gradient":""},"mobile":{"background-color":"","background-image":"","background-repeat":"repeat","background-position":"center center","background-size":"auto","background-attachment":"scroll","background-type":"","background-media":"","overlay-type":"","overlay-color":"","overlay-opacity":"","overlay-gradient":""}},"ast-content-background-meta":{"desktop":{"background-color":"var(--ast-global-color-5)","background-image":"","background-repeat":"repeat","background-position":"center center","background-size":"auto","background-attachment":"scroll","background-type":"","background-media":"","overlay-type":"","overlay-color":"","overlay-opacity":"","overlay-gradient":""},"tablet":{"background-color":"var(--ast-global-color-5)","background-image":"","background-repeat":"repeat","background-position":"center center","background-size":"auto","background-attachment":"scroll","background-type":"","background-media":"","overlay-type":"","overlay-color":"","overlay-opacity":"","overlay-gradient":""},"mobile":{"background-color":"var(--ast-global-color-5)","background-image":"","background-repeat":"repeat","background-position":"center center","background-size":"auto","background-attachment":"scroll","background-type":"","background-media":"","overlay-type":"","overlay-color":"","overlay-opacity":"","overlay-gradient":""}},"footnotes":""},"class_list":["post-4761","page","type-page","status-publish","hentry"],"yoast_head":"<!-- This site is optimized with the Yoast SEO plugin v27.3 - https:\/\/yoast.com\/product\/yoast-seo-wordpress\/ -->\n<title>Verzorging van tatoeages - MED.TATTOO<\/title>\n<meta name=\"description\" content=\"Celregeneratie duurt meestal ongeveer drie weken na het tatoe\u00ebren en uw tatoeage zal voor het eerst in echte kleuren glanzen. Gebruik...\" \/>\n<meta name=\"robots\" content=\"index, follow, max-snippet:-1, max-image-preview:large, max-video-preview:-1\" \/>\n<link rel=\"canonical\" href=\"https:\/\/med.tattoo\/nl\/verzorging-van-tatoeages\/\" \/>\n<meta property=\"og:locale\" content=\"nl_NL\" \/>\n<meta property=\"og:type\" content=\"article\" \/>\n<meta property=\"og:title\" content=\"Verzorging van tatoeages - MED.TATTOO\" \/>\n<meta property=\"og:description\" content=\"Celregeneratie duurt meestal ongeveer drie weken na het tatoe\u00ebren en uw tatoeage zal voor het eerst in echte kleuren glanzen. Gebruik...\" \/>\n<meta property=\"og:url\" content=\"https:\/\/med.tattoo\/nl\/verzorging-van-tatoeages\/\" \/>\n<meta property=\"og:site_name\" content=\"MED.TATTOO\" \/>\n<meta property=\"article:publisher\" content=\"https:\/\/www.facebook.com\/profile.php?id=100084366705613\" \/>\n<meta property=\"og:image\" content=\"https:\/\/med.tattoo\/wp-content\/uploads\/2022\/08\/IMG_8199-300x300.jpg\" \/>\n<meta name=\"twitter:card\" content=\"summary_large_image\" \/>\n<meta name=\"twitter:label1\" content=\"Geschatte leestijd\" \/>\n\t<meta name=\"twitter:data1\" content=\"2 minuten\" \/>\n<script type=\"application\/ld+json\" class=\"yoast-schema-graph\">{\"@context\":\"https:\\\/\\\/schema.org\",\"@graph\":[{\"@type\":\"WebPage\",\"@id\":\"https:\\\/\\\/med.tattoo\\\/nl\\\/verzorging-van-tatoeages\\\/\",\"url\":\"https:\\\/\\\/med.tattoo\\\/nl\\\/verzorging-van-tatoeages\\\/\",\"name\":\"Verzorging van tatoeages - MED.TATTOO\",\"isPartOf\":{\"@id\":\"https:\\\/\\\/med.tattoo\\\/nl\\\/#website\"},\"primaryImageOfPage\":{\"@id\":\"https:\\\/\\\/med.tattoo\\\/nl\\\/verzorging-van-tatoeages\\\/#primaryimage\"},\"image\":{\"@id\":\"https:\\\/\\\/med.tattoo\\\/nl\\\/verzorging-van-tatoeages\\\/#primaryimage\"},\"thumbnailUrl\":\"https:\\\/\\\/s.w.org\\\/images\\\/core\\\/emoji\\\/14.0.0\\\/svg\\\/1f447.svg\",\"datePublished\":\"2025-05-07T08:30:29+00:00\",\"description\":\"Celregeneratie duurt meestal ongeveer drie weken na het tatoe\u00ebren en uw tatoeage zal voor het eerst in echte kleuren glanzen. Gebruik...\",\"breadcrumb\":{\"@id\":\"https:\\\/\\\/med.tattoo\\\/nl\\\/verzorging-van-tatoeages\\\/#breadcrumb\"},\"inLanguage\":\"nl-NL\",\"potentialAction\":[{\"@type\":\"ReadAction\",\"target\":[\"https:\\\/\\\/med.tattoo\\\/nl\\\/verzorging-van-tatoeages\\\/\"]}]},{\"@type\":\"ImageObject\",\"inLanguage\":\"nl-NL\",\"@id\":\"https:\\\/\\\/med.tattoo\\\/nl\\\/verzorging-van-tatoeages\\\/#primaryimage\",\"url\":\"https:\\\/\\\/s.w.org\\\/images\\\/core\\\/emoji\\\/14.0.0\\\/svg\\\/1f447.svg\",\"contentUrl\":\"https:\\\/\\\/s.w.org\\\/images\\\/core\\\/emoji\\\/14.0.0\\\/svg\\\/1f447.svg\"},{\"@type\":\"BreadcrumbList\",\"@id\":\"https:\\\/\\\/med.tattoo\\\/nl\\\/verzorging-van-tatoeages\\\/#breadcrumb\",\"itemListElement\":[{\"@type\":\"ListItem\",\"position\":1,\"name\":\"Strona G\u0142\u00f3wna\",\"item\":\"https:\\\/\\\/med.tattoo\\\/nl\\\/\"},{\"@type\":\"ListItem\",\"position\":2,\"name\":\"Verzorging van tatoeages\"}]},{\"@type\":\"WebSite\",\"@id\":\"https:\\\/\\\/med.tattoo\\\/nl\\\/#website\",\"url\":\"https:\\\/\\\/med.tattoo\\\/nl\\\/\",\"name\":\"MED.TATTOO\",\"description\":\"Wszystko dla Twojego tatua\u017cu\",\"publisher\":{\"@id\":\"https:\\\/\\\/med.tattoo\\\/nl\\\/#organization\"},\"potentialAction\":[{\"@type\":\"SearchAction\",\"target\":{\"@type\":\"EntryPoint\",\"urlTemplate\":\"https:\\\/\\\/med.tattoo\\\/nl\\\/?s={search_term_string}\"},\"query-input\":{\"@type\":\"PropertyValueSpecification\",\"valueRequired\":true,\"valueName\":\"search_term_string\"}}],\"inLanguage\":\"nl-NL\"},{\"@type\":\"Organization\",\"@id\":\"https:\\\/\\\/med.tattoo\\\/nl\\\/#organization\",\"name\":\"MED.TATTOO\",\"url\":\"https:\\\/\\\/med.tattoo\\\/nl\\\/\",\"logo\":{\"@type\":\"ImageObject\",\"inLanguage\":\"nl-NL\",\"@id\":\"https:\\\/\\\/med.tattoo\\\/nl\\\/#\\\/schema\\\/logo\\\/image\\\/\",\"url\":\"https:\\\/\\\/med.tattoo\\\/wp-content\\\/uploads\\\/2025\\\/05\\\/Bez-tytulu-600S300-px-1-e1658908183800.png\",\"contentUrl\":\"https:\\\/\\\/med.tattoo\\\/wp-content\\\/uploads\\\/2025\\\/05\\\/Bez-tytulu-600S300-px-1-e1658908183800.png\",\"width\":600,\"height\":61,\"caption\":\"MED.TATTOO\"},\"image\":{\"@id\":\"https:\\\/\\\/med.tattoo\\\/nl\\\/#\\\/schema\\\/logo\\\/image\\\/\"},\"sameAs\":[\"https:\\\/\\\/www.facebook.com\\\/profile.php?id=100084366705613\",\"https:\\\/\\\/www.instagram.com\\\/med.tattoo_official\\\/\"]}]}<\/script>\n<!-- \/ Yoast SEO plugin. -->","yoast_head_json":{"title":"Verzorging van tatoeages - MED.TATTOO","description":"Celregeneratie duurt meestal ongeveer drie weken na het tatoe\u00ebren en uw tatoeage zal voor het eerst in echte kleuren glanzen. Gebruik...","robots":{"index":"index","follow":"follow","max-snippet":"max-snippet:-1","max-image-preview":"max-image-preview:large","max-video-preview":"max-video-preview:-1"},"canonical":"https:\/\/med.tattoo\/nl\/verzorging-van-tatoeages\/","og_locale":"nl_NL","og_type":"article","og_title":"Verzorging van tatoeages - MED.TATTOO","og_description":"Celregeneratie duurt meestal ongeveer drie weken na het tatoe\u00ebren en uw tatoeage zal voor het eerst in echte kleuren glanzen. Gebruik...","og_url":"https:\/\/med.tattoo\/nl\/verzorging-van-tatoeages\/","og_site_name":"MED.TATTOO","article_publisher":"https:\/\/www.facebook.com\/profile.php?id=100084366705613","og_image":[{"url":"https:\/\/med.tattoo\/wp-content\/uploads\/2022\/08\/IMG_8199-300x300.jpg","type":"","width":"","height":""}],"twitter_card":"summary_large_image","twitter_misc":{"Geschatte leestijd":"2 minuten"},"schema":{"@context":"https:\/\/schema.org","@graph":[{"@type":"WebPage","@id":"https:\/\/med.tattoo\/nl\/verzorging-van-tatoeages\/","url":"https:\/\/med.tattoo\/nl\/verzorging-van-tatoeages\/","name":"Verzorging van tatoeages - MED.TATTOO","isPartOf":{"@id":"https:\/\/med.tattoo\/nl\/#website"},"primaryImageOfPage":{"@id":"https:\/\/med.tattoo\/nl\/verzorging-van-tatoeages\/#primaryimage"},"image":{"@id":"https:\/\/med.tattoo\/nl\/verzorging-van-tatoeages\/#primaryimage"},"thumbnailUrl":"https:\/\/s.w.org\/images\/core\/emoji\/14.0.0\/svg\/1f447.svg","datePublished":"2025-05-07T08:30:29+00:00","description":"Celregeneratie duurt meestal ongeveer drie weken na het tatoe\u00ebren en uw tatoeage zal voor het eerst in echte kleuren glanzen. Gebruik...","breadcrumb":{"@id":"https:\/\/med.tattoo\/nl\/verzorging-van-tatoeages\/#breadcrumb"},"inLanguage":"nl-NL","potentialAction":[{"@type":"ReadAction","target":["https:\/\/med.tattoo\/nl\/verzorging-van-tatoeages\/"]}]},{"@type":"ImageObject","inLanguage":"nl-NL","@id":"https:\/\/med.tattoo\/nl\/verzorging-van-tatoeages\/#primaryimage","url":"https:\/\/s.w.org\/images\/core\/emoji\/14.0.0\/svg\/1f447.svg","contentUrl":"https:\/\/s.w.org\/images\/core\/emoji\/14.0.0\/svg\/1f447.svg"},{"@type":"BreadcrumbList","@id":"https:\/\/med.tattoo\/nl\/verzorging-van-tatoeages\/#breadcrumb","itemListElement":[{"@type":"ListItem","position":1,"name":"Strona G\u0142\u00f3wna","item":"https:\/\/med.tattoo\/nl\/"},{"@type":"ListItem","position":2,"name":"Verzorging van tatoeages"}]},{"@type":"WebSite","@id":"https:\/\/med.tattoo\/nl\/#website","url":"https:\/\/med.tattoo\/nl\/","name":"MED.TATTOO","description":"Wszystko dla Twojego tatua\u017cu","publisher":{"@id":"https:\/\/med.tattoo\/nl\/#organization"},"potentialAction":[{"@type":"SearchAction","target":{"@type":"EntryPoint","urlTemplate":"https:\/\/med.tattoo\/nl\/?s={search_term_string}"},"query-input":{"@type":"PropertyValueSpecification","valueRequired":true,"valueName":"search_term_string"}}],"inLanguage":"nl-NL"},{"@type":"Organization","@id":"https:\/\/med.tattoo\/nl\/#organization","name":"MED.TATTOO","url":"https:\/\/med.tattoo\/nl\/","logo":{"@type":"ImageObject","inLanguage":"nl-NL","@id":"https:\/\/med.tattoo\/nl\/#\/schema\/logo\/image\/","url":"https:\/\/med.tattoo\/wp-content\/uploads\/2025\/05\/Bez-tytulu-600S300-px-1-e1658908183800.png","contentUrl":"https:\/\/med.tattoo\/wp-content\/uploads\/2025\/05\/Bez-tytulu-600S300-px-1-e1658908183800.png","width":600,"height":61,"caption":"MED.TATTOO"},"image":{"@id":"https:\/\/med.tattoo\/nl\/#\/schema\/logo\/image\/"},"sameAs":["https:\/\/www.facebook.com\/profile.php?id=100084366705613","https:\/\/www.instagram.com\/med.tattoo_official\/"]}]}},"_links":{"self":[{"href":"https:\/\/med.tattoo\/nl\/wp-json\/wp\/v2\/pages\/4761","targetHints":{"allow":["GET"]}}],"collection":[{"href":"https:\/\/med.tattoo\/nl\/wp-json\/wp\/v2\/pages"}],"about":[{"href":"https:\/\/med.tattoo\/nl\/wp-json\/wp\/v2\/types\/page"}],"author":[{"embeddable":true,"href":"https:\/\/med.tattoo\/nl\/wp-json\/wp\/v2\/users\/1"}],"replies":[{"embeddable":true,"href":"https:\/\/med.tattoo\/nl\/wp-json\/wp\/v2\/comments?post=4761"}],"version-history":[{"count":1,"href":"https:\/\/med.tattoo\/nl\/wp-json\/wp\/v2\/pages\/4761\/revisions"}],"predecessor-version":[{"id":4763,"href":"https:\/\/med.tattoo\/nl\/wp-json\/wp\/v2\/pages\/4761\/revisions\/4763"}],"wp:attachment":[{"href":"https:\/\/med.tattoo\/nl\/wp-json\/wp\/v2\/media?parent=4761"}],"curies":[{"name":"wp","href":"https:\/\/api.w.org\/{rel}","templated":true}]}}