{"id":5118,"date":"2021-08-20T10:44:37","date_gmt":"2021-08-20T08:44:37","guid":{"rendered":"https:\/\/med.tattoo\/produkt\/med-tattoo-care-tattoo-calendulacreme-met-collageen-voor-tatoeageverzorging-50ml\/"},"modified":"2025-05-15T09:33:39","modified_gmt":"2025-05-15T07:33:39","slug":"med-tattoo-care-tattoo-calendulacreme-met-collageen-voor-tatoeageverzorging-50ml","status":"publish","type":"product","link":"https:\/\/med.tattoo\/nl\/product\/med-tattoo-care-tattoo-calendulacreme-met-collageen-voor-tatoeageverzorging-50ml\/","title":{"rendered":"MED.TATTOO CARE TATTOO &#8211; Calendulacr\u00e8me met collageen voor tatoeageverzorging 50ml"},"content":{"rendered":"<p>Tattoo care collageencr\u00e8me met goudsbloemextract<\/p>\n<p>Calendula cr\u00e8me met collageen voor tatoeageverzorging<br \/>eigenschappen:<\/p>\n<p>&#8211; voorziet de huid van natuurlijk vocht,<br \/>&#8211; voedt, kalmeert irritatie,<br \/>&#8211; maakt de huid gladder en soepeler,<br \/>&#8211; heeft een natuurlijke UV-filter<br \/>&#8211; wordt goed geabsorbeerd,<\/p>\n<p>gebruik: aanbevolen voor dagelijkse verzorging en verzorging gedurende het hele jaar van alle huidtypes met tatoeage<br \/>bewaren op kamertemperatuur,<br \/>verpakking: 50ml<br \/>bewaren op kamertemperatuur<\/p>\n<p>Ingredi\u00ebnten:<br \/>Aqua, Olea Eoropaea (Olijf)olie (en) Calendula Officinalis Flover Extract, Polysorbate 60, Glycerine (en) Triticum Vulgare (Tarwe)kiemextract, Glycerine, Cetyl Alcohol, Paraffinum Durum, Petrolatum, Diazolidinyl Urea, Sodium Benzoate, Sorbate Potassium, Lanolin, Cera Alba, Tocopheryl Acetate, Parfum.<\/p>\n","protected":false},"excerpt":{"rendered":"<p>Tattoo care collageencr\u00e8me met goudsbloemextract Calendula cr\u00e8me met collageen voor tatoeageverzorgingeigenschappen: &#8211; voorziet de huid van natuurlijk vocht,&#8211; voedt, kalmeert irritatie,&#8211; maakt de huid gladder en soepeler,&#8211; heeft een natuurlijke UV-filter&#8211; wordt goed geabsorbeerd, gebruik: aanbevolen voor dagelijkse verzorging en verzorging gedurende het hele jaar van alle huidtypes met tatoeagebewaren op kamertemperatuur,verpakking: 50mlbewaren op kamertemperatuur [&hellip;]<\/p>\n","protected":false},"featured_media":6686,"comment_status":"open","ping_status":"closed","template":"","meta":{"site-sidebar-layout":"default","site-content-layout":"content-boxed-container","ast-site-content-layout":"default","site-content-style":"default","site-sidebar-style":"default","ast-global-header-display":"","ast-banner-title-visibility":"","ast-main-header-display":"","ast-hfb-above-header-display":"","ast-hfb-below-header-display":"","ast-hfb-mobile-header-display":"","site-post-title":"","ast-breadcrumbs-content":"","ast-featured-img":"","footer-sml-layout":"","ast-disable-related-posts":"","theme-transparent-header-meta":"disabled","adv-header-id-meta":"","stick-header-meta":"enabled","header-above-stick-meta":"on","header-main-stick-meta":"on","header-below-stick-meta":"on","astra-migrate-meta-layouts":"default","ast-page-background-enabled":"default","ast-page-background-meta":{"desktop":{"background-color":"var(--ast-global-color-4)","background-image":"","background-repeat":"repeat","background-position":"center center","background-size":"auto","background-attachment":"scroll","background-type":"","background-media":"","overlay-type":"","overlay-color":"","overlay-opacity":"","overlay-gradient":""},"tablet":{"background-color":"","background-image":"","background-repeat":"repeat","background-position":"center center","background-size":"auto","background-attachment":"scroll","background-type":"","background-media":"","overlay-type":"","overlay-color":"","overlay-opacity":"","overlay-gradient":""},"mobile":{"background-color":"","background-image":"","background-repeat":"repeat","background-position":"center center","background-size":"auto","background-attachment":"scroll","background-type":"","background-media":"","overlay-type":"","overlay-color":"","overlay-opacity":"","overlay-gradient":""}},"ast-content-background-meta":{"desktop":{"background-color":"var(--ast-global-color-5)","background-image":"","background-repeat":"repeat","background-position":"center center","background-size":"auto","background-attachment":"scroll","background-type":"","background-media":"","overlay-type":"","overlay-color":"","overlay-opacity":"","overlay-gradient":""},"tablet":{"background-color":"var(--ast-global-color-5)","background-image":"","background-repeat":"repeat","background-position":"center center","background-size":"auto","background-attachment":"scroll","background-type":"","background-media":"","overlay-type":"","overlay-color":"","overlay-opacity":"","overlay-gradient":""},"mobile":{"background-color":"var(--ast-global-color-5)","background-image":"","background-repeat":"repeat","background-position":"center center","background-size":"auto","background-attachment":"scroll","background-type":"","background-media":"","overlay-type":"","overlay-color":"","overlay-opacity":"","overlay-gradient":""}}},"product_brand":[],"product_cat":[92],"product_tag":[],"class_list":{"0":"post-5118","1":"product","2":"type-product","3":"status-publish","4":"has-post-thumbnail","6":"product_cat-med-tattoo-nl","7":"desktop-align-left","8":"tablet-align-left","9":"mobile-align-left","10":"ast-product-gallery-layout-horizontal-slider","11":"ast-product-gallery-with-no-image","12":"ast-product-tabs-layout-distributed","14":"first","15":"instock","16":"taxable","17":"shipping-taxable","18":"purchasable","19":"product-type-simple"},"yoast_head":"<!-- This site is optimized with the Yoast SEO plugin v27.3 - https:\/\/yoast.com\/product\/yoast-seo-wordpress\/ -->\n<title>MED.TATTOO CARE TATTOO - Calendulacr\u00e8me met collageen voor tatoeageverzorging 50ml - MED.TATTOO<\/title>\n<meta name=\"robots\" content=\"index, follow, max-snippet:-1, max-image-preview:large, max-video-preview:-1\" \/>\n<link rel=\"canonical\" href=\"https:\/\/med.tattoo\/nl\/product\/med-tattoo-care-tattoo-calendulacreme-met-collageen-voor-tatoeageverzorging-50ml\/\" \/>\n<meta property=\"og:locale\" content=\"nl_NL\" \/>\n<meta property=\"og:type\" content=\"article\" \/>\n<meta property=\"og:title\" content=\"MED.TATTOO CARE TATTOO - Calendulacr\u00e8me met collageen voor tatoeageverzorging 50ml - MED.TATTOO\" \/>\n<meta property=\"og:description\" content=\"Tattoo care collageencr\u00e8me met goudsbloemextract Calendula cr\u00e8me met collageen voor tatoeageverzorgingeigenschappen: &#8211; voorziet de huid van natuurlijk vocht,&#8211; voedt, kalmeert irritatie,&#8211; maakt de huid gladder en soepeler,&#8211; heeft een natuurlijke UV-filter&#8211; wordt goed geabsorbeerd, gebruik: aanbevolen voor dagelijkse verzorging en verzorging gedurende het hele jaar van alle huidtypes met tatoeagebewaren op kamertemperatuur,verpakking: 50mlbewaren op kamertemperatuur [&hellip;]\" \/>\n<meta property=\"og:url\" content=\"https:\/\/med.tattoo\/nl\/product\/med-tattoo-care-tattoo-calendulacreme-met-collageen-voor-tatoeageverzorging-50ml\/\" \/>\n<meta property=\"og:site_name\" content=\"MED.TATTOO\" \/>\n<meta property=\"article:publisher\" content=\"https:\/\/www.facebook.com\/profile.php?id=100084366705613\" \/>\n<meta property=\"article:modified_time\" content=\"2025-05-15T07:33:39+00:00\" \/>\n<meta name=\"twitter:card\" content=\"summary_large_image\" \/>\n<script type=\"application\/ld+json\" class=\"yoast-schema-graph\">{\"@context\":\"https:\\\/\\\/schema.org\",\"@graph\":[{\"@type\":\"WebPage\",\"@id\":\"https:\\\/\\\/med.tattoo\\\/nl\\\/product\\\/med-tattoo-care-tattoo-calendulacreme-met-collageen-voor-tatoeageverzorging-50ml\\\/\",\"url\":\"https:\\\/\\\/med.tattoo\\\/nl\\\/product\\\/med-tattoo-care-tattoo-calendulacreme-met-collageen-voor-tatoeageverzorging-50ml\\\/\",\"name\":\"MED.TATTOO CARE TATTOO - Calendulacr\u00e8me met collageen voor tatoeageverzorging 50ml - MED.TATTOO\",\"isPartOf\":{\"@id\":\"https:\\\/\\\/med.tattoo\\\/nl\\\/#website\"},\"primaryImageOfPage\":{\"@id\":\"https:\\\/\\\/med.tattoo\\\/nl\\\/product\\\/med-tattoo-care-tattoo-calendulacreme-met-collageen-voor-tatoeageverzorging-50ml\\\/#primaryimage\"},\"image\":{\"@id\":\"https:\\\/\\\/med.tattoo\\\/nl\\\/product\\\/med-tattoo-care-tattoo-calendulacreme-met-collageen-voor-tatoeageverzorging-50ml\\\/#primaryimage\"},\"thumbnailUrl\":\"https:\\\/\\\/med.tattoo\\\/wp-content\\\/uploads\\\/2025\\\/05\\\/141_med.tattoo-krem-nagietkowy-z-kolagenem-do-pieleg_1742990451.jpg\",\"datePublished\":\"2021-08-20T08:44:37+00:00\",\"dateModified\":\"2025-05-15T07:33:39+00:00\",\"breadcrumb\":{\"@id\":\"https:\\\/\\\/med.tattoo\\\/nl\\\/product\\\/med-tattoo-care-tattoo-calendulacreme-met-collageen-voor-tatoeageverzorging-50ml\\\/#breadcrumb\"},\"inLanguage\":\"nl-NL\",\"potentialAction\":[{\"@type\":\"ReadAction\",\"target\":[\"https:\\\/\\\/med.tattoo\\\/nl\\\/product\\\/med-tattoo-care-tattoo-calendulacreme-met-collageen-voor-tatoeageverzorging-50ml\\\/\"]}]},{\"@type\":\"ImageObject\",\"inLanguage\":\"nl-NL\",\"@id\":\"https:\\\/\\\/med.tattoo\\\/nl\\\/product\\\/med-tattoo-care-tattoo-calendulacreme-met-collageen-voor-tatoeageverzorging-50ml\\\/#primaryimage\",\"url\":\"https:\\\/\\\/med.tattoo\\\/wp-content\\\/uploads\\\/2025\\\/05\\\/141_med.tattoo-krem-nagietkowy-z-kolagenem-do-pieleg_1742990451.jpg\",\"contentUrl\":\"https:\\\/\\\/med.tattoo\\\/wp-content\\\/uploads\\\/2025\\\/05\\\/141_med.tattoo-krem-nagietkowy-z-kolagenem-do-pieleg_1742990451.jpg\",\"width\":952,\"height\":700},{\"@type\":\"BreadcrumbList\",\"@id\":\"https:\\\/\\\/med.tattoo\\\/nl\\\/product\\\/med-tattoo-care-tattoo-calendulacreme-met-collageen-voor-tatoeageverzorging-50ml\\\/#breadcrumb\",\"itemListElement\":[{\"@type\":\"ListItem\",\"position\":1,\"name\":\"Strona G\u0142\u00f3wna\",\"item\":\"https:\\\/\\\/med.tattoo\\\/nl\\\/\"},{\"@type\":\"ListItem\",\"position\":2,\"name\":\"Winkel op\",\"item\":\"https:\\\/\\\/med.tattoo\\\/nl\\\/winkel-op\\\/\"},{\"@type\":\"ListItem\",\"position\":3,\"name\":\"MED.TATTOO CARE TATTOO &#8211; Calendulacr\u00e8me met collageen voor tatoeageverzorging 50ml\"}]},{\"@type\":\"WebSite\",\"@id\":\"https:\\\/\\\/med.tattoo\\\/nl\\\/#website\",\"url\":\"https:\\\/\\\/med.tattoo\\\/nl\\\/\",\"name\":\"MED.TATTOO\",\"description\":\"Wszystko dla Twojego tatua\u017cu\",\"publisher\":{\"@id\":\"https:\\\/\\\/med.tattoo\\\/nl\\\/#organization\"},\"potentialAction\":[{\"@type\":\"SearchAction\",\"target\":{\"@type\":\"EntryPoint\",\"urlTemplate\":\"https:\\\/\\\/med.tattoo\\\/nl\\\/?s={search_term_string}\"},\"query-input\":{\"@type\":\"PropertyValueSpecification\",\"valueRequired\":true,\"valueName\":\"search_term_string\"}}],\"inLanguage\":\"nl-NL\"},{\"@type\":\"Organization\",\"@id\":\"https:\\\/\\\/med.tattoo\\\/nl\\\/#organization\",\"name\":\"MED.TATTOO\",\"url\":\"https:\\\/\\\/med.tattoo\\\/nl\\\/\",\"logo\":{\"@type\":\"ImageObject\",\"inLanguage\":\"nl-NL\",\"@id\":\"https:\\\/\\\/med.tattoo\\\/nl\\\/#\\\/schema\\\/logo\\\/image\\\/\",\"url\":\"https:\\\/\\\/med.tattoo\\\/wp-content\\\/uploads\\\/2025\\\/05\\\/Bez-tytulu-600S300-px-1-e1658908183800.png\",\"contentUrl\":\"https:\\\/\\\/med.tattoo\\\/wp-content\\\/uploads\\\/2025\\\/05\\\/Bez-tytulu-600S300-px-1-e1658908183800.png\",\"width\":600,\"height\":61,\"caption\":\"MED.TATTOO\"},\"image\":{\"@id\":\"https:\\\/\\\/med.tattoo\\\/nl\\\/#\\\/schema\\\/logo\\\/image\\\/\"},\"sameAs\":[\"https:\\\/\\\/www.facebook.com\\\/profile.php?id=100084366705613\",\"https:\\\/\\\/www.instagram.com\\\/med.tattoo_official\\\/\"]}]}<\/script>\n<!-- \/ Yoast SEO plugin. -->","yoast_head_json":{"title":"MED.TATTOO CARE TATTOO - Calendulacr\u00e8me met collageen voor tatoeageverzorging 50ml - MED.TATTOO","robots":{"index":"index","follow":"follow","max-snippet":"max-snippet:-1","max-image-preview":"max-image-preview:large","max-video-preview":"max-video-preview:-1"},"canonical":"https:\/\/med.tattoo\/nl\/product\/med-tattoo-care-tattoo-calendulacreme-met-collageen-voor-tatoeageverzorging-50ml\/","og_locale":"nl_NL","og_type":"article","og_title":"MED.TATTOO CARE TATTOO - Calendulacr\u00e8me met collageen voor tatoeageverzorging 50ml - MED.TATTOO","og_description":"Tattoo care collageencr\u00e8me met goudsbloemextract Calendula cr\u00e8me met collageen voor tatoeageverzorgingeigenschappen: &#8211; voorziet de huid van natuurlijk vocht,&#8211; voedt, kalmeert irritatie,&#8211; maakt de huid gladder en soepeler,&#8211; heeft een natuurlijke UV-filter&#8211; wordt goed geabsorbeerd, gebruik: aanbevolen voor dagelijkse verzorging en verzorging gedurende het hele jaar van alle huidtypes met tatoeagebewaren op kamertemperatuur,verpakking: 50mlbewaren op kamertemperatuur [&hellip;]","og_url":"https:\/\/med.tattoo\/nl\/product\/med-tattoo-care-tattoo-calendulacreme-met-collageen-voor-tatoeageverzorging-50ml\/","og_site_name":"MED.TATTOO","article_publisher":"https:\/\/www.facebook.com\/profile.php?id=100084366705613","article_modified_time":"2025-05-15T07:33:39+00:00","twitter_card":"summary_large_image","schema":{"@context":"https:\/\/schema.org","@graph":[{"@type":"WebPage","@id":"https:\/\/med.tattoo\/nl\/product\/med-tattoo-care-tattoo-calendulacreme-met-collageen-voor-tatoeageverzorging-50ml\/","url":"https:\/\/med.tattoo\/nl\/product\/med-tattoo-care-tattoo-calendulacreme-met-collageen-voor-tatoeageverzorging-50ml\/","name":"MED.TATTOO CARE TATTOO - Calendulacr\u00e8me met collageen voor tatoeageverzorging 50ml - MED.TATTOO","isPartOf":{"@id":"https:\/\/med.tattoo\/nl\/#website"},"primaryImageOfPage":{"@id":"https:\/\/med.tattoo\/nl\/product\/med-tattoo-care-tattoo-calendulacreme-met-collageen-voor-tatoeageverzorging-50ml\/#primaryimage"},"image":{"@id":"https:\/\/med.tattoo\/nl\/product\/med-tattoo-care-tattoo-calendulacreme-met-collageen-voor-tatoeageverzorging-50ml\/#primaryimage"},"thumbnailUrl":"https:\/\/med.tattoo\/wp-content\/uploads\/2025\/05\/141_med.tattoo-krem-nagietkowy-z-kolagenem-do-pieleg_1742990451.jpg","datePublished":"2021-08-20T08:44:37+00:00","dateModified":"2025-05-15T07:33:39+00:00","breadcrumb":{"@id":"https:\/\/med.tattoo\/nl\/product\/med-tattoo-care-tattoo-calendulacreme-met-collageen-voor-tatoeageverzorging-50ml\/#breadcrumb"},"inLanguage":"nl-NL","potentialAction":[{"@type":"ReadAction","target":["https:\/\/med.tattoo\/nl\/product\/med-tattoo-care-tattoo-calendulacreme-met-collageen-voor-tatoeageverzorging-50ml\/"]}]},{"@type":"ImageObject","inLanguage":"nl-NL","@id":"https:\/\/med.tattoo\/nl\/product\/med-tattoo-care-tattoo-calendulacreme-met-collageen-voor-tatoeageverzorging-50ml\/#primaryimage","url":"https:\/\/med.tattoo\/wp-content\/uploads\/2025\/05\/141_med.tattoo-krem-nagietkowy-z-kolagenem-do-pieleg_1742990451.jpg","contentUrl":"https:\/\/med.tattoo\/wp-content\/uploads\/2025\/05\/141_med.tattoo-krem-nagietkowy-z-kolagenem-do-pieleg_1742990451.jpg","width":952,"height":700},{"@type":"BreadcrumbList","@id":"https:\/\/med.tattoo\/nl\/product\/med-tattoo-care-tattoo-calendulacreme-met-collageen-voor-tatoeageverzorging-50ml\/#breadcrumb","itemListElement":[{"@type":"ListItem","position":1,"name":"Strona G\u0142\u00f3wna","item":"https:\/\/med.tattoo\/nl\/"},{"@type":"ListItem","position":2,"name":"Winkel op","item":"https:\/\/med.tattoo\/nl\/winkel-op\/"},{"@type":"ListItem","position":3,"name":"MED.TATTOO CARE TATTOO &#8211; Calendulacr\u00e8me met collageen voor tatoeageverzorging 50ml"}]},{"@type":"WebSite","@id":"https:\/\/med.tattoo\/nl\/#website","url":"https:\/\/med.tattoo\/nl\/","name":"MED.TATTOO","description":"Wszystko dla Twojego tatua\u017cu","publisher":{"@id":"https:\/\/med.tattoo\/nl\/#organization"},"potentialAction":[{"@type":"SearchAction","target":{"@type":"EntryPoint","urlTemplate":"https:\/\/med.tattoo\/nl\/?s={search_term_string}"},"query-input":{"@type":"PropertyValueSpecification","valueRequired":true,"valueName":"search_term_string"}}],"inLanguage":"nl-NL"},{"@type":"Organization","@id":"https:\/\/med.tattoo\/nl\/#organization","name":"MED.TATTOO","url":"https:\/\/med.tattoo\/nl\/","logo":{"@type":"ImageObject","inLanguage":"nl-NL","@id":"https:\/\/med.tattoo\/nl\/#\/schema\/logo\/image\/","url":"https:\/\/med.tattoo\/wp-content\/uploads\/2025\/05\/Bez-tytulu-600S300-px-1-e1658908183800.png","contentUrl":"https:\/\/med.tattoo\/wp-content\/uploads\/2025\/05\/Bez-tytulu-600S300-px-1-e1658908183800.png","width":600,"height":61,"caption":"MED.TATTOO"},"image":{"@id":"https:\/\/med.tattoo\/nl\/#\/schema\/logo\/image\/"},"sameAs":["https:\/\/www.facebook.com\/profile.php?id=100084366705613","https:\/\/www.instagram.com\/med.tattoo_official\/"]}]}},"_links":{"self":[{"href":"https:\/\/med.tattoo\/nl\/wp-json\/wp\/v2\/product\/5118","targetHints":{"allow":["GET"]}}],"collection":[{"href":"https:\/\/med.tattoo\/nl\/wp-json\/wp\/v2\/product"}],"about":[{"href":"https:\/\/med.tattoo\/nl\/wp-json\/wp\/v2\/types\/product"}],"replies":[{"embeddable":true,"href":"https:\/\/med.tattoo\/nl\/wp-json\/wp\/v2\/comments?post=5118"}],"wp:featuredmedia":[{"embeddable":true,"href":"https:\/\/med.tattoo\/nl\/wp-json\/wp\/v2\/media\/6686"}],"wp:attachment":[{"href":"https:\/\/med.tattoo\/nl\/wp-json\/wp\/v2\/media?parent=5118"}],"wp:term":[{"taxonomy":"product_brand","embeddable":true,"href":"https:\/\/med.tattoo\/nl\/wp-json\/wp\/v2\/product_brand?post=5118"},{"taxonomy":"product_cat","embeddable":true,"href":"https:\/\/med.tattoo\/nl\/wp-json\/wp\/v2\/product_cat?post=5118"},{"taxonomy":"product_tag","embeddable":true,"href":"https:\/\/med.tattoo\/nl\/wp-json\/wp\/v2\/product_tag?post=5118"}],"curies":[{"name":"wp","href":"https:\/\/api.w.org\/{rel}","templated":true}]}}