{"id":5159,"date":"2021-08-20T10:49:35","date_gmt":"2021-08-20T08:49:35","guid":{"rendered":"https:\/\/med.tattoo\/produkt\/med-tattoo-tijdens-tattooing-sheaboter-voor-tatoeeren-50ml\/"},"modified":"2026-03-26T09:40:30","modified_gmt":"2026-03-26T08:40:30","slug":"med-tattoo-tijdens-tattooing-sheaboter-voor-tatoeeren-50ml","status":"publish","type":"product","link":"https:\/\/med.tattoo\/nl\/product\/med-tattoo-tijdens-tattooing-sheaboter-voor-tatoeeren-50ml\/","title":{"rendered":"MED.TATTOO TIJDENS TATTOOING &#8211; Sheaboter voor tatoe\u00ebren 50ml"},"content":{"rendered":"<p>Sheaboter voor tatoe\u00ebren met calendula<\/p>\n<p>Het product bevat 100% natuurlijke ingredi\u00ebnten. Het voedt de huid en verwijdert het gevoel van spanning en ruwheid. De natuurlijke kruidengeur versterkt het gevoel van frisse lucht. Calendula maceraat verzacht irritaties en activeert het vernieuwingsproces van de opperhuid.<br \/>&#8211; aanbevolen voor alle huidtypes, vooral voor de droge en beschadigde huid<br \/>&#8211; maakt de huid effectief gladder en zachter, regenereert en voedt haar<br \/>&#8211; aanbrengen op een gereinigde, droge huid.   <\/p>\n<p>Ingredi\u00ebnten: Butyrospermum Parkii cosm.; Olie Calendula Officinalis Bloemenextract Bio; Olie Tagetes Bloemenextract Bio; Hippophae ramnoides Olie; Tocopheryl Acetete; Natuurlijk Parfum.<\/p>\n<p>Bewaren bij kamertemperatuur <\/p>\n","protected":false},"excerpt":{"rendered":"<p>Sheaboter voor tatoe\u00ebren met calendula Het product bevat 100% natuurlijke ingredi\u00ebnten. Het voedt de huid en verwijdert het gevoel van spanning en ruwheid. De natuurlijke kruidengeur versterkt het gevoel van frisse lucht. Calendula maceraat verzacht irritaties en activeert het vernieuwingsproces van de opperhuid.&#8211; aanbevolen voor alle huidtypes, vooral voor de droge en beschadigde huid&#8211; maakt [&hellip;]<\/p>\n","protected":false},"featured_media":8555,"comment_status":"open","ping_status":"closed","template":"","meta":{"site-sidebar-layout":"default","site-content-layout":"content-boxed-container","ast-site-content-layout":"default","site-content-style":"default","site-sidebar-style":"default","ast-global-header-display":"","ast-banner-title-visibility":"","ast-main-header-display":"","ast-hfb-above-header-display":"","ast-hfb-below-header-display":"","ast-hfb-mobile-header-display":"","site-post-title":"","ast-breadcrumbs-content":"","ast-featured-img":"","footer-sml-layout":"","ast-disable-related-posts":"","theme-transparent-header-meta":"disabled","adv-header-id-meta":"","stick-header-meta":"enabled","header-above-stick-meta":"on","header-main-stick-meta":"on","header-below-stick-meta":"on","astra-migrate-meta-layouts":"default","ast-page-background-enabled":"default","ast-page-background-meta":{"desktop":{"background-color":"var(--ast-global-color-4)","background-image":"","background-repeat":"repeat","background-position":"center center","background-size":"auto","background-attachment":"scroll","background-type":"","background-media":"","overlay-type":"","overlay-color":"","overlay-opacity":"","overlay-gradient":""},"tablet":{"background-color":"","background-image":"","background-repeat":"repeat","background-position":"center center","background-size":"auto","background-attachment":"scroll","background-type":"","background-media":"","overlay-type":"","overlay-color":"","overlay-opacity":"","overlay-gradient":""},"mobile":{"background-color":"","background-image":"","background-repeat":"repeat","background-position":"center center","background-size":"auto","background-attachment":"scroll","background-type":"","background-media":"","overlay-type":"","overlay-color":"","overlay-opacity":"","overlay-gradient":""}},"ast-content-background-meta":{"desktop":{"background-color":"var(--ast-global-color-5)","background-image":"","background-repeat":"repeat","background-position":"center center","background-size":"auto","background-attachment":"scroll","background-type":"","background-media":"","overlay-type":"","overlay-color":"","overlay-opacity":"","overlay-gradient":""},"tablet":{"background-color":"var(--ast-global-color-5)","background-image":"","background-repeat":"repeat","background-position":"center center","background-size":"auto","background-attachment":"scroll","background-type":"","background-media":"","overlay-type":"","overlay-color":"","overlay-opacity":"","overlay-gradient":""},"mobile":{"background-color":"var(--ast-global-color-5)","background-image":"","background-repeat":"repeat","background-position":"center center","background-size":"auto","background-attachment":"scroll","background-type":"","background-media":"","overlay-type":"","overlay-color":"","overlay-opacity":"","overlay-gradient":""}}},"product_brand":[],"product_cat":[92],"product_tag":[],"class_list":{"0":"post-5159","1":"product","2":"type-product","3":"status-publish","4":"has-post-thumbnail","6":"product_cat-med-tattoo-nl","7":"desktop-align-left","8":"tablet-align-left","9":"mobile-align-left","10":"ast-product-gallery-layout-horizontal-slider","11":"ast-product-tabs-layout-distributed","13":"first","14":"outofstock","15":"taxable","16":"shipping-taxable","17":"purchasable","18":"product-type-simple"},"yoast_head":"<!-- This site is optimized with the Yoast SEO plugin v27.4 - https:\/\/yoast.com\/product\/yoast-seo-wordpress\/ -->\n<title>MED.TATTOO TIJDENS TATTOOING - Sheaboter voor tatoe\u00ebren 50ml - MED.TATTOO<\/title>\n<meta name=\"robots\" content=\"index, follow, max-snippet:-1, max-image-preview:large, max-video-preview:-1\" \/>\n<link rel=\"canonical\" href=\"https:\/\/med.tattoo\/nl\/product\/med-tattoo-tijdens-tattooing-sheaboter-voor-tatoeeren-50ml\/\" \/>\n<meta property=\"og:locale\" content=\"nl_NL\" \/>\n<meta property=\"og:type\" content=\"article\" \/>\n<meta property=\"og:title\" content=\"MED.TATTOO TIJDENS TATTOOING - Sheaboter voor tatoe\u00ebren 50ml - MED.TATTOO\" \/>\n<meta property=\"og:description\" content=\"Sheaboter voor tatoe\u00ebren met calendula Het product bevat 100% natuurlijke ingredi\u00ebnten. Het voedt de huid en verwijdert het gevoel van spanning en ruwheid. De natuurlijke kruidengeur versterkt het gevoel van frisse lucht. Calendula maceraat verzacht irritaties en activeert het vernieuwingsproces van de opperhuid.&#8211; aanbevolen voor alle huidtypes, vooral voor de droge en beschadigde huid&#8211; maakt [&hellip;]\" \/>\n<meta property=\"og:url\" content=\"https:\/\/med.tattoo\/nl\/product\/med-tattoo-tijdens-tattooing-sheaboter-voor-tatoeeren-50ml\/\" \/>\n<meta property=\"og:site_name\" content=\"MED.TATTOO\" \/>\n<meta property=\"article:publisher\" content=\"https:\/\/www.facebook.com\/profile.php?id=100084366705613\" \/>\n<meta property=\"article:modified_time\" content=\"2026-03-26T08:40:30+00:00\" \/>\n<meta property=\"og:image\" content=\"https:\/\/med.tattoo\/wp-content\/uploads\/2025\/05\/144_med.tattoo-maslo-shea-do-tatuazu-50ml_1742990451.jpg\" \/>\n\t<meta property=\"og:image:width\" content=\"933\" \/>\n\t<meta property=\"og:image:height\" content=\"700\" \/>\n\t<meta property=\"og:image:type\" content=\"image\/jpeg\" \/>\n<meta name=\"twitter:card\" content=\"summary_large_image\" \/>\n<script type=\"application\/ld+json\" class=\"yoast-schema-graph\">{\"@context\":\"https:\\\/\\\/schema.org\",\"@graph\":[{\"@type\":\"WebPage\",\"@id\":\"https:\\\/\\\/med.tattoo\\\/nl\\\/product\\\/med-tattoo-tijdens-tattooing-sheaboter-voor-tatoeeren-50ml\\\/\",\"url\":\"https:\\\/\\\/med.tattoo\\\/nl\\\/product\\\/med-tattoo-tijdens-tattooing-sheaboter-voor-tatoeeren-50ml\\\/\",\"name\":\"MED.TATTOO TIJDENS TATTOOING - Sheaboter voor tatoe\u00ebren 50ml - MED.TATTOO\",\"isPartOf\":{\"@id\":\"https:\\\/\\\/med.tattoo\\\/nl\\\/#website\"},\"primaryImageOfPage\":{\"@id\":\"https:\\\/\\\/med.tattoo\\\/nl\\\/product\\\/med-tattoo-tijdens-tattooing-sheaboter-voor-tatoeeren-50ml\\\/#primaryimage\"},\"image\":{\"@id\":\"https:\\\/\\\/med.tattoo\\\/nl\\\/product\\\/med-tattoo-tijdens-tattooing-sheaboter-voor-tatoeeren-50ml\\\/#primaryimage\"},\"thumbnailUrl\":\"https:\\\/\\\/med.tattoo\\\/wp-content\\\/uploads\\\/2025\\\/05\\\/144_med.tattoo-maslo-shea-do-tatuazu-50ml_1742990451.jpg\",\"datePublished\":\"2021-08-20T08:49:35+00:00\",\"dateModified\":\"2026-03-26T08:40:30+00:00\",\"breadcrumb\":{\"@id\":\"https:\\\/\\\/med.tattoo\\\/nl\\\/product\\\/med-tattoo-tijdens-tattooing-sheaboter-voor-tatoeeren-50ml\\\/#breadcrumb\"},\"inLanguage\":\"nl-NL\",\"potentialAction\":[{\"@type\":\"ReadAction\",\"target\":[\"https:\\\/\\\/med.tattoo\\\/nl\\\/product\\\/med-tattoo-tijdens-tattooing-sheaboter-voor-tatoeeren-50ml\\\/\"]}]},{\"@type\":\"ImageObject\",\"inLanguage\":\"nl-NL\",\"@id\":\"https:\\\/\\\/med.tattoo\\\/nl\\\/product\\\/med-tattoo-tijdens-tattooing-sheaboter-voor-tatoeeren-50ml\\\/#primaryimage\",\"url\":\"https:\\\/\\\/med.tattoo\\\/wp-content\\\/uploads\\\/2025\\\/05\\\/144_med.tattoo-maslo-shea-do-tatuazu-50ml_1742990451.jpg\",\"contentUrl\":\"https:\\\/\\\/med.tattoo\\\/wp-content\\\/uploads\\\/2025\\\/05\\\/144_med.tattoo-maslo-shea-do-tatuazu-50ml_1742990451.jpg\",\"width\":933,\"height\":700},{\"@type\":\"BreadcrumbList\",\"@id\":\"https:\\\/\\\/med.tattoo\\\/nl\\\/product\\\/med-tattoo-tijdens-tattooing-sheaboter-voor-tatoeeren-50ml\\\/#breadcrumb\",\"itemListElement\":[{\"@type\":\"ListItem\",\"position\":1,\"name\":\"Strona G\u0142\u00f3wna\",\"item\":\"https:\\\/\\\/med.tattoo\\\/nl\\\/\"},{\"@type\":\"ListItem\",\"position\":2,\"name\":\"Winkel op\",\"item\":\"https:\\\/\\\/med.tattoo\\\/nl\\\/winkel-op\\\/\"},{\"@type\":\"ListItem\",\"position\":3,\"name\":\"MED.TATTOO TIJDENS TATTOOING &#8211; Sheaboter voor tatoe\u00ebren 50ml\"}]},{\"@type\":\"WebSite\",\"@id\":\"https:\\\/\\\/med.tattoo\\\/nl\\\/#website\",\"url\":\"https:\\\/\\\/med.tattoo\\\/nl\\\/\",\"name\":\"MED.TATTOO\",\"description\":\"Wszystko dla Twojego tatua\u017cu\",\"publisher\":{\"@id\":\"https:\\\/\\\/med.tattoo\\\/nl\\\/#organization\"},\"potentialAction\":[{\"@type\":\"SearchAction\",\"target\":{\"@type\":\"EntryPoint\",\"urlTemplate\":\"https:\\\/\\\/med.tattoo\\\/nl\\\/?s={search_term_string}\"},\"query-input\":{\"@type\":\"PropertyValueSpecification\",\"valueRequired\":true,\"valueName\":\"search_term_string\"}}],\"inLanguage\":\"nl-NL\"},{\"@type\":\"Organization\",\"@id\":\"https:\\\/\\\/med.tattoo\\\/nl\\\/#organization\",\"name\":\"MED.TATTOO\",\"url\":\"https:\\\/\\\/med.tattoo\\\/nl\\\/\",\"logo\":{\"@type\":\"ImageObject\",\"inLanguage\":\"nl-NL\",\"@id\":\"https:\\\/\\\/med.tattoo\\\/nl\\\/#\\\/schema\\\/logo\\\/image\\\/\",\"url\":\"https:\\\/\\\/med.tattoo\\\/wp-content\\\/uploads\\\/2025\\\/05\\\/Bez-tytulu-600S300-px-1-e1658908183800.png\",\"contentUrl\":\"https:\\\/\\\/med.tattoo\\\/wp-content\\\/uploads\\\/2025\\\/05\\\/Bez-tytulu-600S300-px-1-e1658908183800.png\",\"width\":600,\"height\":61,\"caption\":\"MED.TATTOO\"},\"image\":{\"@id\":\"https:\\\/\\\/med.tattoo\\\/nl\\\/#\\\/schema\\\/logo\\\/image\\\/\"},\"sameAs\":[\"https:\\\/\\\/www.facebook.com\\\/profile.php?id=100084366705613\",\"https:\\\/\\\/www.instagram.com\\\/med.tattoo_official\\\/\"]}]}<\/script>\n<!-- \/ Yoast SEO plugin. -->","yoast_head_json":{"title":"MED.TATTOO TIJDENS TATTOOING - Sheaboter voor tatoe\u00ebren 50ml - MED.TATTOO","robots":{"index":"index","follow":"follow","max-snippet":"max-snippet:-1","max-image-preview":"max-image-preview:large","max-video-preview":"max-video-preview:-1"},"canonical":"https:\/\/med.tattoo\/nl\/product\/med-tattoo-tijdens-tattooing-sheaboter-voor-tatoeeren-50ml\/","og_locale":"nl_NL","og_type":"article","og_title":"MED.TATTOO TIJDENS TATTOOING - Sheaboter voor tatoe\u00ebren 50ml - MED.TATTOO","og_description":"Sheaboter voor tatoe\u00ebren met calendula Het product bevat 100% natuurlijke ingredi\u00ebnten. Het voedt de huid en verwijdert het gevoel van spanning en ruwheid. De natuurlijke kruidengeur versterkt het gevoel van frisse lucht. Calendula maceraat verzacht irritaties en activeert het vernieuwingsproces van de opperhuid.&#8211; aanbevolen voor alle huidtypes, vooral voor de droge en beschadigde huid&#8211; maakt [&hellip;]","og_url":"https:\/\/med.tattoo\/nl\/product\/med-tattoo-tijdens-tattooing-sheaboter-voor-tatoeeren-50ml\/","og_site_name":"MED.TATTOO","article_publisher":"https:\/\/www.facebook.com\/profile.php?id=100084366705613","article_modified_time":"2026-03-26T08:40:30+00:00","og_image":[{"width":933,"height":700,"url":"https:\/\/med.tattoo\/wp-content\/uploads\/2025\/05\/144_med.tattoo-maslo-shea-do-tatuazu-50ml_1742990451.jpg","type":"image\/jpeg"}],"twitter_card":"summary_large_image","schema":{"@context":"https:\/\/schema.org","@graph":[{"@type":"WebPage","@id":"https:\/\/med.tattoo\/nl\/product\/med-tattoo-tijdens-tattooing-sheaboter-voor-tatoeeren-50ml\/","url":"https:\/\/med.tattoo\/nl\/product\/med-tattoo-tijdens-tattooing-sheaboter-voor-tatoeeren-50ml\/","name":"MED.TATTOO TIJDENS TATTOOING - Sheaboter voor tatoe\u00ebren 50ml - MED.TATTOO","isPartOf":{"@id":"https:\/\/med.tattoo\/nl\/#website"},"primaryImageOfPage":{"@id":"https:\/\/med.tattoo\/nl\/product\/med-tattoo-tijdens-tattooing-sheaboter-voor-tatoeeren-50ml\/#primaryimage"},"image":{"@id":"https:\/\/med.tattoo\/nl\/product\/med-tattoo-tijdens-tattooing-sheaboter-voor-tatoeeren-50ml\/#primaryimage"},"thumbnailUrl":"https:\/\/med.tattoo\/wp-content\/uploads\/2025\/05\/144_med.tattoo-maslo-shea-do-tatuazu-50ml_1742990451.jpg","datePublished":"2021-08-20T08:49:35+00:00","dateModified":"2026-03-26T08:40:30+00:00","breadcrumb":{"@id":"https:\/\/med.tattoo\/nl\/product\/med-tattoo-tijdens-tattooing-sheaboter-voor-tatoeeren-50ml\/#breadcrumb"},"inLanguage":"nl-NL","potentialAction":[{"@type":"ReadAction","target":["https:\/\/med.tattoo\/nl\/product\/med-tattoo-tijdens-tattooing-sheaboter-voor-tatoeeren-50ml\/"]}]},{"@type":"ImageObject","inLanguage":"nl-NL","@id":"https:\/\/med.tattoo\/nl\/product\/med-tattoo-tijdens-tattooing-sheaboter-voor-tatoeeren-50ml\/#primaryimage","url":"https:\/\/med.tattoo\/wp-content\/uploads\/2025\/05\/144_med.tattoo-maslo-shea-do-tatuazu-50ml_1742990451.jpg","contentUrl":"https:\/\/med.tattoo\/wp-content\/uploads\/2025\/05\/144_med.tattoo-maslo-shea-do-tatuazu-50ml_1742990451.jpg","width":933,"height":700},{"@type":"BreadcrumbList","@id":"https:\/\/med.tattoo\/nl\/product\/med-tattoo-tijdens-tattooing-sheaboter-voor-tatoeeren-50ml\/#breadcrumb","itemListElement":[{"@type":"ListItem","position":1,"name":"Strona G\u0142\u00f3wna","item":"https:\/\/med.tattoo\/nl\/"},{"@type":"ListItem","position":2,"name":"Winkel op","item":"https:\/\/med.tattoo\/nl\/winkel-op\/"},{"@type":"ListItem","position":3,"name":"MED.TATTOO TIJDENS TATTOOING &#8211; Sheaboter voor tatoe\u00ebren 50ml"}]},{"@type":"WebSite","@id":"https:\/\/med.tattoo\/nl\/#website","url":"https:\/\/med.tattoo\/nl\/","name":"MED.TATTOO","description":"Wszystko dla Twojego tatua\u017cu","publisher":{"@id":"https:\/\/med.tattoo\/nl\/#organization"},"potentialAction":[{"@type":"SearchAction","target":{"@type":"EntryPoint","urlTemplate":"https:\/\/med.tattoo\/nl\/?s={search_term_string}"},"query-input":{"@type":"PropertyValueSpecification","valueRequired":true,"valueName":"search_term_string"}}],"inLanguage":"nl-NL"},{"@type":"Organization","@id":"https:\/\/med.tattoo\/nl\/#organization","name":"MED.TATTOO","url":"https:\/\/med.tattoo\/nl\/","logo":{"@type":"ImageObject","inLanguage":"nl-NL","@id":"https:\/\/med.tattoo\/nl\/#\/schema\/logo\/image\/","url":"https:\/\/med.tattoo\/wp-content\/uploads\/2025\/05\/Bez-tytulu-600S300-px-1-e1658908183800.png","contentUrl":"https:\/\/med.tattoo\/wp-content\/uploads\/2025\/05\/Bez-tytulu-600S300-px-1-e1658908183800.png","width":600,"height":61,"caption":"MED.TATTOO"},"image":{"@id":"https:\/\/med.tattoo\/nl\/#\/schema\/logo\/image\/"},"sameAs":["https:\/\/www.facebook.com\/profile.php?id=100084366705613","https:\/\/www.instagram.com\/med.tattoo_official\/"]}]}},"_links":{"self":[{"href":"https:\/\/med.tattoo\/nl\/wp-json\/wp\/v2\/product\/5159","targetHints":{"allow":["GET"]}}],"collection":[{"href":"https:\/\/med.tattoo\/nl\/wp-json\/wp\/v2\/product"}],"about":[{"href":"https:\/\/med.tattoo\/nl\/wp-json\/wp\/v2\/types\/product"}],"replies":[{"embeddable":true,"href":"https:\/\/med.tattoo\/nl\/wp-json\/wp\/v2\/comments?post=5159"}],"wp:featuredmedia":[{"embeddable":true,"href":"https:\/\/med.tattoo\/nl\/wp-json\/wp\/v2\/media\/8555"}],"wp:attachment":[{"href":"https:\/\/med.tattoo\/nl\/wp-json\/wp\/v2\/media?parent=5159"}],"wp:term":[{"taxonomy":"product_brand","embeddable":true,"href":"https:\/\/med.tattoo\/nl\/wp-json\/wp\/v2\/product_brand?post=5159"},{"taxonomy":"product_cat","embeddable":true,"href":"https:\/\/med.tattoo\/nl\/wp-json\/wp\/v2\/product_cat?post=5159"},{"taxonomy":"product_tag","embeddable":true,"href":"https:\/\/med.tattoo\/nl\/wp-json\/wp\/v2\/product_tag?post=5159"}],"curies":[{"name":"wp","href":"https:\/\/api.w.org\/{rel}","templated":true}]}}