{"id":5203,"date":"2021-08-20T11:46:22","date_gmt":"2021-08-20T09:46:22","guid":{"rendered":"https:\/\/med.tattoo\/produkt\/med-tattoo-after-tattoo-helende-tatoeage-creme-50ml\/"},"modified":"2025-11-23T23:50:14","modified_gmt":"2025-11-23T22:50:14","slug":"med-tattoo-after-tattoo-helende-tatoeage-creme-50ml","status":"publish","type":"product","link":"https:\/\/med.tattoo\/nl\/product\/med-tattoo-after-tattoo-helende-tatoeage-creme-50ml\/","title":{"rendered":"MED.TATTOO AFTER TATTOO &#8211; helende tatoeage cr\u00e8me 50ml"},"content":{"rendered":"<p>Herstellende cr\u00e8me voor tatoeages met goudsbloemextract<\/p>\n<p>Helende tatoeagecr\u00e8me met calendula  <\/p>\n<p>Een samenstelling van olijfextract van calendula bloemen, sheaboter en oli\u00ebn: zonnebloem, jojoba, avocado, macadamianoot, amarantzaad; rijk aan onverzadigde vetzuren, fosfolipiden, fytosterolen, carotenen, lecithinen, squaleen, vitamine A, E, D, K en PP, mineralen en chlorofyl; bevat panthenol.<br \/>&#8211; heeft een regenererende, voedende werking,<br \/>&#8211; smeert en hydrateert de huid,<br \/>&#8211; heeft een verzachtende werking op de huid die gevoelig is voor irritatie,<br \/>&#8211; maakt de huid uitzonderlijk glad, zacht en elastisch,<br \/>&#8211; bevat antioxidanten die door het vernietigen van vrije radicalen de oxidatiereactie &#8211; een van de oorzaken van huidveroudering &#8211; voorkomen,<br \/>&#8211; beschermt tegen de effecten van schadelijke atmosferische factoren,<br \/>&#8211; heeft een natuurlijke zonnefilter.<br \/>\uf0d8 breng de cr\u00e8me aan op een gereinigde huid en masseer zachtjes in.<\/p>\n<p>\uf0d8 aanbevolen voor dagelijkse huidverzorging en regeneratie, vooral &#8217;s nachts<\/p>\n<p>Bewaren bij kamertemperatuur<\/p>\n<p>toepassing: kleine hoeveelheden aanbrengen op een gewassen, droge huid<br \/>verpakking: 50ml  <\/p>\n<p>Ingredi\u00ebnten: Agua, Olea Europea (Olijf) Fruitolie (en) Callendula Officinalis Bloemextract, Glycerinen, Helianthus Annus Zaadolie, Butyrospermum Parkii Fruit Shea (Karite) Butter, Cetyl Alcohol, Polysorbaat 60, Macademia Ternifolia Zaadolie, Persea Gratissima (Avocado) Olie, Simmondsia Chinensis (Jojoba) Zaadolie, Tocopheryl Acetaat, Retinol, Ergocalciferol, Panthenol, Lanoline, Amaranthus cruentus Olie, Cera alba, Kaliumsorbaat, Diazolidinyl Urea, Natriumbenzoaat, , Parfum.<br \/>de vermelde ingredi\u00ebntenlijst is in overeenstemming met de huidige productietoestand<\/p>\n","protected":false},"excerpt":{"rendered":"<p>Herstellende cr\u00e8me voor tatoeages met goudsbloemextract Helende tatoeagecr\u00e8me met calendula Een samenstelling van olijfextract van calendula bloemen, sheaboter en oli\u00ebn: zonnebloem, jojoba, avocado, macadamianoot, amarantzaad; rijk aan onverzadigde vetzuren, fosfolipiden, fytosterolen, carotenen, lecithinen, squaleen, vitamine A, E, D, K en PP, mineralen en chlorofyl; bevat panthenol.&#8211; heeft een regenererende, voedende werking,&#8211; smeert en hydrateert de [&hellip;]<\/p>\n","protected":false},"featured_media":10695,"comment_status":"open","ping_status":"closed","template":"","meta":{"site-sidebar-layout":"default","site-content-layout":"content-boxed-container","ast-site-content-layout":"default","site-content-style":"default","site-sidebar-style":"default","ast-global-header-display":"","ast-banner-title-visibility":"","ast-main-header-display":"","ast-hfb-above-header-display":"","ast-hfb-below-header-display":"","ast-hfb-mobile-header-display":"","site-post-title":"","ast-breadcrumbs-content":"","ast-featured-img":"","footer-sml-layout":"","ast-disable-related-posts":"","theme-transparent-header-meta":"disabled","adv-header-id-meta":"","stick-header-meta":"enabled","header-above-stick-meta":"on","header-main-stick-meta":"on","header-below-stick-meta":"on","astra-migrate-meta-layouts":"default","ast-page-background-enabled":"default","ast-page-background-meta":{"desktop":{"background-color":"var(--ast-global-color-4)","background-image":"","background-repeat":"repeat","background-position":"center center","background-size":"auto","background-attachment":"scroll","background-type":"","background-media":"","overlay-type":"","overlay-color":"","overlay-opacity":"","overlay-gradient":""},"tablet":{"background-color":"","background-image":"","background-repeat":"repeat","background-position":"center center","background-size":"auto","background-attachment":"scroll","background-type":"","background-media":"","overlay-type":"","overlay-color":"","overlay-opacity":"","overlay-gradient":""},"mobile":{"background-color":"","background-image":"","background-repeat":"repeat","background-position":"center center","background-size":"auto","background-attachment":"scroll","background-type":"","background-media":"","overlay-type":"","overlay-color":"","overlay-opacity":"","overlay-gradient":""}},"ast-content-background-meta":{"desktop":{"background-color":"var(--ast-global-color-5)","background-image":"","background-repeat":"repeat","background-position":"center center","background-size":"auto","background-attachment":"scroll","background-type":"","background-media":"","overlay-type":"","overlay-color":"","overlay-opacity":"","overlay-gradient":""},"tablet":{"background-color":"var(--ast-global-color-5)","background-image":"","background-repeat":"repeat","background-position":"center center","background-size":"auto","background-attachment":"scroll","background-type":"","background-media":"","overlay-type":"","overlay-color":"","overlay-opacity":"","overlay-gradient":""},"mobile":{"background-color":"var(--ast-global-color-5)","background-image":"","background-repeat":"repeat","background-position":"center center","background-size":"auto","background-attachment":"scroll","background-type":"","background-media":"","overlay-type":"","overlay-color":"","overlay-opacity":"","overlay-gradient":""}}},"product_brand":[],"product_cat":[92],"product_tag":[],"class_list":{"0":"post-5203","1":"product","2":"type-product","3":"status-publish","4":"has-post-thumbnail","6":"product_cat-med-tattoo-nl","7":"desktop-align-left","8":"tablet-align-left","9":"mobile-align-left","10":"ast-product-gallery-layout-horizontal-slider","11":"ast-product-gallery-with-no-image","12":"ast-product-tabs-layout-distributed","14":"first","15":"instock","16":"taxable","17":"shipping-taxable","18":"purchasable","19":"product-type-simple"},"yoast_head":"<!-- This site is optimized with the Yoast SEO plugin v27.3 - https:\/\/yoast.com\/product\/yoast-seo-wordpress\/ -->\n<title>MED.TATTOO AFTER TATTOO - helende tatoeage cr\u00e8me 50ml - MED.TATTOO<\/title>\n<meta name=\"robots\" content=\"index, follow, max-snippet:-1, max-image-preview:large, max-video-preview:-1\" \/>\n<link rel=\"canonical\" href=\"https:\/\/med.tattoo\/nl\/product\/med-tattoo-after-tattoo-helende-tatoeage-creme-50ml\/\" \/>\n<meta property=\"og:locale\" content=\"nl_NL\" \/>\n<meta property=\"og:type\" content=\"article\" \/>\n<meta property=\"og:title\" content=\"MED.TATTOO AFTER TATTOO - helende tatoeage cr\u00e8me 50ml - MED.TATTOO\" \/>\n<meta property=\"og:description\" content=\"Herstellende cr\u00e8me voor tatoeages met goudsbloemextract Helende tatoeagecr\u00e8me met calendula Een samenstelling van olijfextract van calendula bloemen, sheaboter en oli\u00ebn: zonnebloem, jojoba, avocado, macadamianoot, amarantzaad; rijk aan onverzadigde vetzuren, fosfolipiden, fytosterolen, carotenen, lecithinen, squaleen, vitamine A, E, D, K en PP, mineralen en chlorofyl; bevat panthenol.&#8211; heeft een regenererende, voedende werking,&#8211; smeert en hydrateert de [&hellip;]\" \/>\n<meta property=\"og:url\" content=\"https:\/\/med.tattoo\/nl\/product\/med-tattoo-after-tattoo-helende-tatoeage-creme-50ml\/\" \/>\n<meta property=\"og:site_name\" content=\"MED.TATTOO\" \/>\n<meta property=\"article:publisher\" content=\"https:\/\/www.facebook.com\/profile.php?id=100084366705613\" \/>\n<meta property=\"article:modified_time\" content=\"2025-11-23T22:50:14+00:00\" \/>\n<meta name=\"twitter:card\" content=\"summary_large_image\" \/>\n<meta name=\"twitter:label1\" content=\"Geschatte leestijd\" \/>\n\t<meta name=\"twitter:data1\" content=\"1 minuut\" \/>\n<script type=\"application\/ld+json\" class=\"yoast-schema-graph\">{\"@context\":\"https:\\\/\\\/schema.org\",\"@graph\":[{\"@type\":\"WebPage\",\"@id\":\"https:\\\/\\\/med.tattoo\\\/nl\\\/product\\\/med-tattoo-after-tattoo-helende-tatoeage-creme-50ml\\\/\",\"url\":\"https:\\\/\\\/med.tattoo\\\/nl\\\/product\\\/med-tattoo-after-tattoo-helende-tatoeage-creme-50ml\\\/\",\"name\":\"MED.TATTOO AFTER TATTOO - helende tatoeage cr\u00e8me 50ml - MED.TATTOO\",\"isPartOf\":{\"@id\":\"https:\\\/\\\/med.tattoo\\\/nl\\\/#website\"},\"primaryImageOfPage\":{\"@id\":\"https:\\\/\\\/med.tattoo\\\/nl\\\/product\\\/med-tattoo-after-tattoo-helende-tatoeage-creme-50ml\\\/#primaryimage\"},\"image\":{\"@id\":\"https:\\\/\\\/med.tattoo\\\/nl\\\/product\\\/med-tattoo-after-tattoo-helende-tatoeage-creme-50ml\\\/#primaryimage\"},\"thumbnailUrl\":\"https:\\\/\\\/med.tattoo\\\/wp-content\\\/uploads\\\/2025\\\/05\\\/140_med.tattoo-gojacy-krem-do-tatuazu-50ml_1742990451.jpg\",\"datePublished\":\"2021-08-20T09:46:22+00:00\",\"dateModified\":\"2025-11-23T22:50:14+00:00\",\"breadcrumb\":{\"@id\":\"https:\\\/\\\/med.tattoo\\\/nl\\\/product\\\/med-tattoo-after-tattoo-helende-tatoeage-creme-50ml\\\/#breadcrumb\"},\"inLanguage\":\"nl-NL\",\"potentialAction\":[{\"@type\":\"ReadAction\",\"target\":[\"https:\\\/\\\/med.tattoo\\\/nl\\\/product\\\/med-tattoo-after-tattoo-helende-tatoeage-creme-50ml\\\/\"]}]},{\"@type\":\"ImageObject\",\"inLanguage\":\"nl-NL\",\"@id\":\"https:\\\/\\\/med.tattoo\\\/nl\\\/product\\\/med-tattoo-after-tattoo-helende-tatoeage-creme-50ml\\\/#primaryimage\",\"url\":\"https:\\\/\\\/med.tattoo\\\/wp-content\\\/uploads\\\/2025\\\/05\\\/140_med.tattoo-gojacy-krem-do-tatuazu-50ml_1742990451.jpg\",\"contentUrl\":\"https:\\\/\\\/med.tattoo\\\/wp-content\\\/uploads\\\/2025\\\/05\\\/140_med.tattoo-gojacy-krem-do-tatuazu-50ml_1742990451.jpg\",\"width\":952,\"height\":700},{\"@type\":\"BreadcrumbList\",\"@id\":\"https:\\\/\\\/med.tattoo\\\/nl\\\/product\\\/med-tattoo-after-tattoo-helende-tatoeage-creme-50ml\\\/#breadcrumb\",\"itemListElement\":[{\"@type\":\"ListItem\",\"position\":1,\"name\":\"Strona G\u0142\u00f3wna\",\"item\":\"https:\\\/\\\/med.tattoo\\\/nl\\\/\"},{\"@type\":\"ListItem\",\"position\":2,\"name\":\"Winkel op\",\"item\":\"https:\\\/\\\/med.tattoo\\\/nl\\\/winkel-op\\\/\"},{\"@type\":\"ListItem\",\"position\":3,\"name\":\"MED.TATTOO AFTER TATTOO &#8211; helende tatoeage cr\u00e8me 50ml\"}]},{\"@type\":\"WebSite\",\"@id\":\"https:\\\/\\\/med.tattoo\\\/nl\\\/#website\",\"url\":\"https:\\\/\\\/med.tattoo\\\/nl\\\/\",\"name\":\"MED.TATTOO\",\"description\":\"Wszystko dla Twojego tatua\u017cu\",\"publisher\":{\"@id\":\"https:\\\/\\\/med.tattoo\\\/nl\\\/#organization\"},\"potentialAction\":[{\"@type\":\"SearchAction\",\"target\":{\"@type\":\"EntryPoint\",\"urlTemplate\":\"https:\\\/\\\/med.tattoo\\\/nl\\\/?s={search_term_string}\"},\"query-input\":{\"@type\":\"PropertyValueSpecification\",\"valueRequired\":true,\"valueName\":\"search_term_string\"}}],\"inLanguage\":\"nl-NL\"},{\"@type\":\"Organization\",\"@id\":\"https:\\\/\\\/med.tattoo\\\/nl\\\/#organization\",\"name\":\"MED.TATTOO\",\"url\":\"https:\\\/\\\/med.tattoo\\\/nl\\\/\",\"logo\":{\"@type\":\"ImageObject\",\"inLanguage\":\"nl-NL\",\"@id\":\"https:\\\/\\\/med.tattoo\\\/nl\\\/#\\\/schema\\\/logo\\\/image\\\/\",\"url\":\"https:\\\/\\\/med.tattoo\\\/wp-content\\\/uploads\\\/2025\\\/05\\\/Bez-tytulu-600S300-px-1-e1658908183800.png\",\"contentUrl\":\"https:\\\/\\\/med.tattoo\\\/wp-content\\\/uploads\\\/2025\\\/05\\\/Bez-tytulu-600S300-px-1-e1658908183800.png\",\"width\":600,\"height\":61,\"caption\":\"MED.TATTOO\"},\"image\":{\"@id\":\"https:\\\/\\\/med.tattoo\\\/nl\\\/#\\\/schema\\\/logo\\\/image\\\/\"},\"sameAs\":[\"https:\\\/\\\/www.facebook.com\\\/profile.php?id=100084366705613\",\"https:\\\/\\\/www.instagram.com\\\/med.tattoo_official\\\/\"]}]}<\/script>\n<!-- \/ Yoast SEO plugin. -->","yoast_head_json":{"title":"MED.TATTOO AFTER TATTOO - helende tatoeage cr\u00e8me 50ml - MED.TATTOO","robots":{"index":"index","follow":"follow","max-snippet":"max-snippet:-1","max-image-preview":"max-image-preview:large","max-video-preview":"max-video-preview:-1"},"canonical":"https:\/\/med.tattoo\/nl\/product\/med-tattoo-after-tattoo-helende-tatoeage-creme-50ml\/","og_locale":"nl_NL","og_type":"article","og_title":"MED.TATTOO AFTER TATTOO - helende tatoeage cr\u00e8me 50ml - MED.TATTOO","og_description":"Herstellende cr\u00e8me voor tatoeages met goudsbloemextract Helende tatoeagecr\u00e8me met calendula Een samenstelling van olijfextract van calendula bloemen, sheaboter en oli\u00ebn: zonnebloem, jojoba, avocado, macadamianoot, amarantzaad; rijk aan onverzadigde vetzuren, fosfolipiden, fytosterolen, carotenen, lecithinen, squaleen, vitamine A, E, D, K en PP, mineralen en chlorofyl; bevat panthenol.&#8211; heeft een regenererende, voedende werking,&#8211; smeert en hydrateert de [&hellip;]","og_url":"https:\/\/med.tattoo\/nl\/product\/med-tattoo-after-tattoo-helende-tatoeage-creme-50ml\/","og_site_name":"MED.TATTOO","article_publisher":"https:\/\/www.facebook.com\/profile.php?id=100084366705613","article_modified_time":"2025-11-23T22:50:14+00:00","twitter_card":"summary_large_image","twitter_misc":{"Geschatte leestijd":"1 minuut"},"schema":{"@context":"https:\/\/schema.org","@graph":[{"@type":"WebPage","@id":"https:\/\/med.tattoo\/nl\/product\/med-tattoo-after-tattoo-helende-tatoeage-creme-50ml\/","url":"https:\/\/med.tattoo\/nl\/product\/med-tattoo-after-tattoo-helende-tatoeage-creme-50ml\/","name":"MED.TATTOO AFTER TATTOO - helende tatoeage cr\u00e8me 50ml - MED.TATTOO","isPartOf":{"@id":"https:\/\/med.tattoo\/nl\/#website"},"primaryImageOfPage":{"@id":"https:\/\/med.tattoo\/nl\/product\/med-tattoo-after-tattoo-helende-tatoeage-creme-50ml\/#primaryimage"},"image":{"@id":"https:\/\/med.tattoo\/nl\/product\/med-tattoo-after-tattoo-helende-tatoeage-creme-50ml\/#primaryimage"},"thumbnailUrl":"https:\/\/med.tattoo\/wp-content\/uploads\/2025\/05\/140_med.tattoo-gojacy-krem-do-tatuazu-50ml_1742990451.jpg","datePublished":"2021-08-20T09:46:22+00:00","dateModified":"2025-11-23T22:50:14+00:00","breadcrumb":{"@id":"https:\/\/med.tattoo\/nl\/product\/med-tattoo-after-tattoo-helende-tatoeage-creme-50ml\/#breadcrumb"},"inLanguage":"nl-NL","potentialAction":[{"@type":"ReadAction","target":["https:\/\/med.tattoo\/nl\/product\/med-tattoo-after-tattoo-helende-tatoeage-creme-50ml\/"]}]},{"@type":"ImageObject","inLanguage":"nl-NL","@id":"https:\/\/med.tattoo\/nl\/product\/med-tattoo-after-tattoo-helende-tatoeage-creme-50ml\/#primaryimage","url":"https:\/\/med.tattoo\/wp-content\/uploads\/2025\/05\/140_med.tattoo-gojacy-krem-do-tatuazu-50ml_1742990451.jpg","contentUrl":"https:\/\/med.tattoo\/wp-content\/uploads\/2025\/05\/140_med.tattoo-gojacy-krem-do-tatuazu-50ml_1742990451.jpg","width":952,"height":700},{"@type":"BreadcrumbList","@id":"https:\/\/med.tattoo\/nl\/product\/med-tattoo-after-tattoo-helende-tatoeage-creme-50ml\/#breadcrumb","itemListElement":[{"@type":"ListItem","position":1,"name":"Strona G\u0142\u00f3wna","item":"https:\/\/med.tattoo\/nl\/"},{"@type":"ListItem","position":2,"name":"Winkel op","item":"https:\/\/med.tattoo\/nl\/winkel-op\/"},{"@type":"ListItem","position":3,"name":"MED.TATTOO AFTER TATTOO &#8211; helende tatoeage cr\u00e8me 50ml"}]},{"@type":"WebSite","@id":"https:\/\/med.tattoo\/nl\/#website","url":"https:\/\/med.tattoo\/nl\/","name":"MED.TATTOO","description":"Wszystko dla Twojego tatua\u017cu","publisher":{"@id":"https:\/\/med.tattoo\/nl\/#organization"},"potentialAction":[{"@type":"SearchAction","target":{"@type":"EntryPoint","urlTemplate":"https:\/\/med.tattoo\/nl\/?s={search_term_string}"},"query-input":{"@type":"PropertyValueSpecification","valueRequired":true,"valueName":"search_term_string"}}],"inLanguage":"nl-NL"},{"@type":"Organization","@id":"https:\/\/med.tattoo\/nl\/#organization","name":"MED.TATTOO","url":"https:\/\/med.tattoo\/nl\/","logo":{"@type":"ImageObject","inLanguage":"nl-NL","@id":"https:\/\/med.tattoo\/nl\/#\/schema\/logo\/image\/","url":"https:\/\/med.tattoo\/wp-content\/uploads\/2025\/05\/Bez-tytulu-600S300-px-1-e1658908183800.png","contentUrl":"https:\/\/med.tattoo\/wp-content\/uploads\/2025\/05\/Bez-tytulu-600S300-px-1-e1658908183800.png","width":600,"height":61,"caption":"MED.TATTOO"},"image":{"@id":"https:\/\/med.tattoo\/nl\/#\/schema\/logo\/image\/"},"sameAs":["https:\/\/www.facebook.com\/profile.php?id=100084366705613","https:\/\/www.instagram.com\/med.tattoo_official\/"]}]}},"_links":{"self":[{"href":"https:\/\/med.tattoo\/nl\/wp-json\/wp\/v2\/product\/5203","targetHints":{"allow":["GET"]}}],"collection":[{"href":"https:\/\/med.tattoo\/nl\/wp-json\/wp\/v2\/product"}],"about":[{"href":"https:\/\/med.tattoo\/nl\/wp-json\/wp\/v2\/types\/product"}],"replies":[{"embeddable":true,"href":"https:\/\/med.tattoo\/nl\/wp-json\/wp\/v2\/comments?post=5203"}],"wp:featuredmedia":[{"embeddable":true,"href":"https:\/\/med.tattoo\/nl\/wp-json\/wp\/v2\/media\/10695"}],"wp:attachment":[{"href":"https:\/\/med.tattoo\/nl\/wp-json\/wp\/v2\/media?parent=5203"}],"wp:term":[{"taxonomy":"product_brand","embeddable":true,"href":"https:\/\/med.tattoo\/nl\/wp-json\/wp\/v2\/product_brand?post=5203"},{"taxonomy":"product_cat","embeddable":true,"href":"https:\/\/med.tattoo\/nl\/wp-json\/wp\/v2\/product_cat?post=5203"},{"taxonomy":"product_tag","embeddable":true,"href":"https:\/\/med.tattoo\/nl\/wp-json\/wp\/v2\/product_tag?post=5203"}],"curies":[{"name":"wp","href":"https:\/\/api.w.org\/{rel}","templated":true}]}}