{"id":5240,"date":"2021-08-20T11:50:58","date_gmt":"2021-08-20T09:50:58","guid":{"rendered":"https:\/\/med.tattoo\/produkt\/med-tattoo-waarschuwing-vaseline-met-calendula-500g\/"},"modified":"2025-05-15T09:19:38","modified_gmt":"2025-05-15T07:19:38","slug":"med-tattoo-waarschuwing-vaseline-met-calendula-500g","status":"publish","type":"product","link":"https:\/\/med.tattoo\/nl\/product\/med-tattoo-waarschuwing-vaseline-met-calendula-500g\/","title":{"rendered":"MED.TATTOO WAARSCHUWING &#8211; Vaseline met calendula 500g"},"content":{"rendered":"<p>Alle gebruikte bestanddelen zijn van natuurlijke oorsprong. Dit geeft het comfort van het gebruik van een biologisch zeer actief en dus effectief preparaat.<br \/>Oliemaceraten op basis van hoogwaardige cosmetische olijfolie met biologische calendula bloemen en fluweel zorgen voor een regenererende werking op de opperhuid, versnellen de wondgenezing; ze hebben een antibacteri\u00eble werking en antioxiderende eigenschappen verbeteren de teint en beschermen tegen zonnestraling. Ze bevatten natuurlijke vitamine F om de huid te beschermen tegen vochtverlies. Hierdoor wordt de natuurlijke lipidebescherming van de opperhuid hersteld. Ze stimuleren de bloedsomloop, waardoor de huid beter gevoed en gladder wordt.<br \/>De meeste oppervlakteactieve stoffen die in cosmetische producten worden gebruikt, zijn van synthetische oorsprong. Ze hebben een irriterend en allergeen effect op de huid. Onze maceraten bevatten natuurlijke stoffen uit verschillende metabolietgroepen zoals flavono\u00efden, fenolzuren, saponinen, alkalo\u00efden, triterpenen, lipiden, caroteno\u00efden. Het werkingsmechanisme van deze verbindingen omvat stimulering van de ontstekingsreactie en het immuunsysteem, en ontgifting.       <\/p>\n","protected":false},"excerpt":{"rendered":"<p>Alle gebruikte bestanddelen zijn van natuurlijke oorsprong. Dit geeft het comfort van het gebruik van een biologisch zeer actief en dus effectief preparaat.Oliemaceraten op basis van hoogwaardige cosmetische olijfolie met biologische calendula bloemen en fluweel zorgen voor een regenererende werking op de opperhuid, versnellen de wondgenezing; ze hebben een antibacteri\u00eble werking en antioxiderende eigenschappen verbeteren [&hellip;]<\/p>\n","protected":false},"featured_media":8864,"comment_status":"open","ping_status":"closed","template":"","meta":{"site-sidebar-layout":"default","site-content-layout":"content-boxed-container","ast-site-content-layout":"default","site-content-style":"default","site-sidebar-style":"default","ast-global-header-display":"","ast-banner-title-visibility":"","ast-main-header-display":"","ast-hfb-above-header-display":"","ast-hfb-below-header-display":"","ast-hfb-mobile-header-display":"","site-post-title":"","ast-breadcrumbs-content":"","ast-featured-img":"","footer-sml-layout":"","ast-disable-related-posts":"","theme-transparent-header-meta":"disabled","adv-header-id-meta":"","stick-header-meta":"enabled","header-above-stick-meta":"on","header-main-stick-meta":"on","header-below-stick-meta":"on","astra-migrate-meta-layouts":"default","ast-page-background-enabled":"default","ast-page-background-meta":{"desktop":{"background-color":"var(--ast-global-color-4)","background-image":"","background-repeat":"repeat","background-position":"center center","background-size":"auto","background-attachment":"scroll","background-type":"","background-media":"","overlay-type":"","overlay-color":"","overlay-opacity":"","overlay-gradient":""},"tablet":{"background-color":"","background-image":"","background-repeat":"repeat","background-position":"center center","background-size":"auto","background-attachment":"scroll","background-type":"","background-media":"","overlay-type":"","overlay-color":"","overlay-opacity":"","overlay-gradient":""},"mobile":{"background-color":"","background-image":"","background-repeat":"repeat","background-position":"center center","background-size":"auto","background-attachment":"scroll","background-type":"","background-media":"","overlay-type":"","overlay-color":"","overlay-opacity":"","overlay-gradient":""}},"ast-content-background-meta":{"desktop":{"background-color":"var(--ast-global-color-5)","background-image":"","background-repeat":"repeat","background-position":"center center","background-size":"auto","background-attachment":"scroll","background-type":"","background-media":"","overlay-type":"","overlay-color":"","overlay-opacity":"","overlay-gradient":""},"tablet":{"background-color":"var(--ast-global-color-5)","background-image":"","background-repeat":"repeat","background-position":"center center","background-size":"auto","background-attachment":"scroll","background-type":"","background-media":"","overlay-type":"","overlay-color":"","overlay-opacity":"","overlay-gradient":""},"mobile":{"background-color":"var(--ast-global-color-5)","background-image":"","background-repeat":"repeat","background-position":"center center","background-size":"auto","background-attachment":"scroll","background-type":"","background-media":"","overlay-type":"","overlay-color":"","overlay-opacity":"","overlay-gradient":""}}},"product_brand":[],"product_cat":[92],"product_tag":[],"class_list":{"0":"post-5240","1":"product","2":"type-product","3":"status-publish","4":"has-post-thumbnail","6":"product_cat-med-tattoo-nl","7":"desktop-align-left","8":"tablet-align-left","9":"mobile-align-left","10":"ast-product-gallery-layout-horizontal-slider","11":"ast-product-tabs-layout-distributed","13":"first","14":"outofstock","15":"taxable","16":"shipping-taxable","17":"purchasable","18":"product-type-simple"},"yoast_head":"<!-- This site is optimized with the Yoast SEO plugin v27.3 - https:\/\/yoast.com\/product\/yoast-seo-wordpress\/ -->\n<title>MED.TATTOO WAARSCHUWING - Vaseline met calendula 500g - MED.TATTOO<\/title>\n<meta name=\"robots\" content=\"index, follow, max-snippet:-1, max-image-preview:large, max-video-preview:-1\" \/>\n<link rel=\"canonical\" href=\"https:\/\/med.tattoo\/nl\/product\/med-tattoo-waarschuwing-vaseline-met-calendula-500g\/\" \/>\n<meta property=\"og:locale\" content=\"nl_NL\" \/>\n<meta property=\"og:type\" content=\"article\" \/>\n<meta property=\"og:title\" content=\"MED.TATTOO WAARSCHUWING - Vaseline met calendula 500g - MED.TATTOO\" \/>\n<meta property=\"og:description\" content=\"Alle gebruikte bestanddelen zijn van natuurlijke oorsprong. Dit geeft het comfort van het gebruik van een biologisch zeer actief en dus effectief preparaat.Oliemaceraten op basis van hoogwaardige cosmetische olijfolie met biologische calendula bloemen en fluweel zorgen voor een regenererende werking op de opperhuid, versnellen de wondgenezing; ze hebben een antibacteri\u00eble werking en antioxiderende eigenschappen verbeteren [&hellip;]\" \/>\n<meta property=\"og:url\" content=\"https:\/\/med.tattoo\/nl\/product\/med-tattoo-waarschuwing-vaseline-met-calendula-500g\/\" \/>\n<meta property=\"og:site_name\" content=\"MED.TATTOO\" \/>\n<meta property=\"article:publisher\" content=\"https:\/\/www.facebook.com\/profile.php?id=100084366705613\" \/>\n<meta property=\"article:modified_time\" content=\"2025-05-15T07:19:38+00:00\" \/>\n<meta property=\"og:image\" content=\"https:\/\/med.tattoo\/wp-content\/uploads\/2025\/05\/75_med.tattoo-wazelina-z-nagietkiem-500g_1742990452.jpg\" \/>\n\t<meta property=\"og:image:width\" content=\"935\" \/>\n\t<meta property=\"og:image:height\" content=\"700\" \/>\n\t<meta property=\"og:image:type\" content=\"image\/jpeg\" \/>\n<meta name=\"twitter:card\" content=\"summary_large_image\" \/>\n<meta name=\"twitter:label1\" content=\"Geschatte leestijd\" \/>\n\t<meta name=\"twitter:data1\" content=\"1 minuut\" \/>\n<script type=\"application\/ld+json\" class=\"yoast-schema-graph\">{\"@context\":\"https:\\\/\\\/schema.org\",\"@graph\":[{\"@type\":\"WebPage\",\"@id\":\"https:\\\/\\\/med.tattoo\\\/nl\\\/product\\\/med-tattoo-waarschuwing-vaseline-met-calendula-500g\\\/\",\"url\":\"https:\\\/\\\/med.tattoo\\\/nl\\\/product\\\/med-tattoo-waarschuwing-vaseline-met-calendula-500g\\\/\",\"name\":\"MED.TATTOO WAARSCHUWING - Vaseline met calendula 500g - MED.TATTOO\",\"isPartOf\":{\"@id\":\"https:\\\/\\\/med.tattoo\\\/nl\\\/#website\"},\"primaryImageOfPage\":{\"@id\":\"https:\\\/\\\/med.tattoo\\\/nl\\\/product\\\/med-tattoo-waarschuwing-vaseline-met-calendula-500g\\\/#primaryimage\"},\"image\":{\"@id\":\"https:\\\/\\\/med.tattoo\\\/nl\\\/product\\\/med-tattoo-waarschuwing-vaseline-met-calendula-500g\\\/#primaryimage\"},\"thumbnailUrl\":\"https:\\\/\\\/med.tattoo\\\/wp-content\\\/uploads\\\/2025\\\/05\\\/75_med.tattoo-wazelina-z-nagietkiem-500g_1742990452.jpg\",\"datePublished\":\"2021-08-20T09:50:58+00:00\",\"dateModified\":\"2025-05-15T07:19:38+00:00\",\"breadcrumb\":{\"@id\":\"https:\\\/\\\/med.tattoo\\\/nl\\\/product\\\/med-tattoo-waarschuwing-vaseline-met-calendula-500g\\\/#breadcrumb\"},\"inLanguage\":\"nl-NL\",\"potentialAction\":[{\"@type\":\"ReadAction\",\"target\":[\"https:\\\/\\\/med.tattoo\\\/nl\\\/product\\\/med-tattoo-waarschuwing-vaseline-met-calendula-500g\\\/\"]}]},{\"@type\":\"ImageObject\",\"inLanguage\":\"nl-NL\",\"@id\":\"https:\\\/\\\/med.tattoo\\\/nl\\\/product\\\/med-tattoo-waarschuwing-vaseline-met-calendula-500g\\\/#primaryimage\",\"url\":\"https:\\\/\\\/med.tattoo\\\/wp-content\\\/uploads\\\/2025\\\/05\\\/75_med.tattoo-wazelina-z-nagietkiem-500g_1742990452.jpg\",\"contentUrl\":\"https:\\\/\\\/med.tattoo\\\/wp-content\\\/uploads\\\/2025\\\/05\\\/75_med.tattoo-wazelina-z-nagietkiem-500g_1742990452.jpg\",\"width\":935,\"height\":700},{\"@type\":\"BreadcrumbList\",\"@id\":\"https:\\\/\\\/med.tattoo\\\/nl\\\/product\\\/med-tattoo-waarschuwing-vaseline-met-calendula-500g\\\/#breadcrumb\",\"itemListElement\":[{\"@type\":\"ListItem\",\"position\":1,\"name\":\"Strona G\u0142\u00f3wna\",\"item\":\"https:\\\/\\\/med.tattoo\\\/nl\\\/\"},{\"@type\":\"ListItem\",\"position\":2,\"name\":\"Winkel op\",\"item\":\"https:\\\/\\\/med.tattoo\\\/nl\\\/winkel-op\\\/\"},{\"@type\":\"ListItem\",\"position\":3,\"name\":\"MED.TATTOO WAARSCHUWING &#8211; Vaseline met calendula 500g\"}]},{\"@type\":\"WebSite\",\"@id\":\"https:\\\/\\\/med.tattoo\\\/nl\\\/#website\",\"url\":\"https:\\\/\\\/med.tattoo\\\/nl\\\/\",\"name\":\"MED.TATTOO\",\"description\":\"Wszystko dla Twojego tatua\u017cu\",\"publisher\":{\"@id\":\"https:\\\/\\\/med.tattoo\\\/nl\\\/#organization\"},\"potentialAction\":[{\"@type\":\"SearchAction\",\"target\":{\"@type\":\"EntryPoint\",\"urlTemplate\":\"https:\\\/\\\/med.tattoo\\\/nl\\\/?s={search_term_string}\"},\"query-input\":{\"@type\":\"PropertyValueSpecification\",\"valueRequired\":true,\"valueName\":\"search_term_string\"}}],\"inLanguage\":\"nl-NL\"},{\"@type\":\"Organization\",\"@id\":\"https:\\\/\\\/med.tattoo\\\/nl\\\/#organization\",\"name\":\"MED.TATTOO\",\"url\":\"https:\\\/\\\/med.tattoo\\\/nl\\\/\",\"logo\":{\"@type\":\"ImageObject\",\"inLanguage\":\"nl-NL\",\"@id\":\"https:\\\/\\\/med.tattoo\\\/nl\\\/#\\\/schema\\\/logo\\\/image\\\/\",\"url\":\"https:\\\/\\\/med.tattoo\\\/wp-content\\\/uploads\\\/2025\\\/05\\\/Bez-tytulu-600S300-px-1-e1658908183800.png\",\"contentUrl\":\"https:\\\/\\\/med.tattoo\\\/wp-content\\\/uploads\\\/2025\\\/05\\\/Bez-tytulu-600S300-px-1-e1658908183800.png\",\"width\":600,\"height\":61,\"caption\":\"MED.TATTOO\"},\"image\":{\"@id\":\"https:\\\/\\\/med.tattoo\\\/nl\\\/#\\\/schema\\\/logo\\\/image\\\/\"},\"sameAs\":[\"https:\\\/\\\/www.facebook.com\\\/profile.php?id=100084366705613\",\"https:\\\/\\\/www.instagram.com\\\/med.tattoo_official\\\/\"]}]}<\/script>\n<!-- \/ Yoast SEO plugin. -->","yoast_head_json":{"title":"MED.TATTOO WAARSCHUWING - Vaseline met calendula 500g - MED.TATTOO","robots":{"index":"index","follow":"follow","max-snippet":"max-snippet:-1","max-image-preview":"max-image-preview:large","max-video-preview":"max-video-preview:-1"},"canonical":"https:\/\/med.tattoo\/nl\/product\/med-tattoo-waarschuwing-vaseline-met-calendula-500g\/","og_locale":"nl_NL","og_type":"article","og_title":"MED.TATTOO WAARSCHUWING - Vaseline met calendula 500g - MED.TATTOO","og_description":"Alle gebruikte bestanddelen zijn van natuurlijke oorsprong. Dit geeft het comfort van het gebruik van een biologisch zeer actief en dus effectief preparaat.Oliemaceraten op basis van hoogwaardige cosmetische olijfolie met biologische calendula bloemen en fluweel zorgen voor een regenererende werking op de opperhuid, versnellen de wondgenezing; ze hebben een antibacteri\u00eble werking en antioxiderende eigenschappen verbeteren [&hellip;]","og_url":"https:\/\/med.tattoo\/nl\/product\/med-tattoo-waarschuwing-vaseline-met-calendula-500g\/","og_site_name":"MED.TATTOO","article_publisher":"https:\/\/www.facebook.com\/profile.php?id=100084366705613","article_modified_time":"2025-05-15T07:19:38+00:00","og_image":[{"width":935,"height":700,"url":"https:\/\/med.tattoo\/wp-content\/uploads\/2025\/05\/75_med.tattoo-wazelina-z-nagietkiem-500g_1742990452.jpg","type":"image\/jpeg"}],"twitter_card":"summary_large_image","twitter_misc":{"Geschatte leestijd":"1 minuut"},"schema":{"@context":"https:\/\/schema.org","@graph":[{"@type":"WebPage","@id":"https:\/\/med.tattoo\/nl\/product\/med-tattoo-waarschuwing-vaseline-met-calendula-500g\/","url":"https:\/\/med.tattoo\/nl\/product\/med-tattoo-waarschuwing-vaseline-met-calendula-500g\/","name":"MED.TATTOO WAARSCHUWING - Vaseline met calendula 500g - MED.TATTOO","isPartOf":{"@id":"https:\/\/med.tattoo\/nl\/#website"},"primaryImageOfPage":{"@id":"https:\/\/med.tattoo\/nl\/product\/med-tattoo-waarschuwing-vaseline-met-calendula-500g\/#primaryimage"},"image":{"@id":"https:\/\/med.tattoo\/nl\/product\/med-tattoo-waarschuwing-vaseline-met-calendula-500g\/#primaryimage"},"thumbnailUrl":"https:\/\/med.tattoo\/wp-content\/uploads\/2025\/05\/75_med.tattoo-wazelina-z-nagietkiem-500g_1742990452.jpg","datePublished":"2021-08-20T09:50:58+00:00","dateModified":"2025-05-15T07:19:38+00:00","breadcrumb":{"@id":"https:\/\/med.tattoo\/nl\/product\/med-tattoo-waarschuwing-vaseline-met-calendula-500g\/#breadcrumb"},"inLanguage":"nl-NL","potentialAction":[{"@type":"ReadAction","target":["https:\/\/med.tattoo\/nl\/product\/med-tattoo-waarschuwing-vaseline-met-calendula-500g\/"]}]},{"@type":"ImageObject","inLanguage":"nl-NL","@id":"https:\/\/med.tattoo\/nl\/product\/med-tattoo-waarschuwing-vaseline-met-calendula-500g\/#primaryimage","url":"https:\/\/med.tattoo\/wp-content\/uploads\/2025\/05\/75_med.tattoo-wazelina-z-nagietkiem-500g_1742990452.jpg","contentUrl":"https:\/\/med.tattoo\/wp-content\/uploads\/2025\/05\/75_med.tattoo-wazelina-z-nagietkiem-500g_1742990452.jpg","width":935,"height":700},{"@type":"BreadcrumbList","@id":"https:\/\/med.tattoo\/nl\/product\/med-tattoo-waarschuwing-vaseline-met-calendula-500g\/#breadcrumb","itemListElement":[{"@type":"ListItem","position":1,"name":"Strona G\u0142\u00f3wna","item":"https:\/\/med.tattoo\/nl\/"},{"@type":"ListItem","position":2,"name":"Winkel op","item":"https:\/\/med.tattoo\/nl\/winkel-op\/"},{"@type":"ListItem","position":3,"name":"MED.TATTOO WAARSCHUWING &#8211; Vaseline met calendula 500g"}]},{"@type":"WebSite","@id":"https:\/\/med.tattoo\/nl\/#website","url":"https:\/\/med.tattoo\/nl\/","name":"MED.TATTOO","description":"Wszystko dla Twojego tatua\u017cu","publisher":{"@id":"https:\/\/med.tattoo\/nl\/#organization"},"potentialAction":[{"@type":"SearchAction","target":{"@type":"EntryPoint","urlTemplate":"https:\/\/med.tattoo\/nl\/?s={search_term_string}"},"query-input":{"@type":"PropertyValueSpecification","valueRequired":true,"valueName":"search_term_string"}}],"inLanguage":"nl-NL"},{"@type":"Organization","@id":"https:\/\/med.tattoo\/nl\/#organization","name":"MED.TATTOO","url":"https:\/\/med.tattoo\/nl\/","logo":{"@type":"ImageObject","inLanguage":"nl-NL","@id":"https:\/\/med.tattoo\/nl\/#\/schema\/logo\/image\/","url":"https:\/\/med.tattoo\/wp-content\/uploads\/2025\/05\/Bez-tytulu-600S300-px-1-e1658908183800.png","contentUrl":"https:\/\/med.tattoo\/wp-content\/uploads\/2025\/05\/Bez-tytulu-600S300-px-1-e1658908183800.png","width":600,"height":61,"caption":"MED.TATTOO"},"image":{"@id":"https:\/\/med.tattoo\/nl\/#\/schema\/logo\/image\/"},"sameAs":["https:\/\/www.facebook.com\/profile.php?id=100084366705613","https:\/\/www.instagram.com\/med.tattoo_official\/"]}]}},"_links":{"self":[{"href":"https:\/\/med.tattoo\/nl\/wp-json\/wp\/v2\/product\/5240","targetHints":{"allow":["GET"]}}],"collection":[{"href":"https:\/\/med.tattoo\/nl\/wp-json\/wp\/v2\/product"}],"about":[{"href":"https:\/\/med.tattoo\/nl\/wp-json\/wp\/v2\/types\/product"}],"replies":[{"embeddable":true,"href":"https:\/\/med.tattoo\/nl\/wp-json\/wp\/v2\/comments?post=5240"}],"wp:featuredmedia":[{"embeddable":true,"href":"https:\/\/med.tattoo\/nl\/wp-json\/wp\/v2\/media\/8864"}],"wp:attachment":[{"href":"https:\/\/med.tattoo\/nl\/wp-json\/wp\/v2\/media?parent=5240"}],"wp:term":[{"taxonomy":"product_brand","embeddable":true,"href":"https:\/\/med.tattoo\/nl\/wp-json\/wp\/v2\/product_brand?post=5240"},{"taxonomy":"product_cat","embeddable":true,"href":"https:\/\/med.tattoo\/nl\/wp-json\/wp\/v2\/product_cat?post=5240"},{"taxonomy":"product_tag","embeddable":true,"href":"https:\/\/med.tattoo\/nl\/wp-json\/wp\/v2\/product_tag?post=5240"}],"curies":[{"name":"wp","href":"https:\/\/api.w.org\/{rel}","templated":true}]}}