{"id":9379,"date":"2025-05-15T07:39:29","date_gmt":"2025-05-15T05:39:29","guid":{"rendered":"https:\/\/med.tattoo\/produkt\/rol-ongeweven-stof-70-50-50-14g-wit\/"},"modified":"2025-05-15T07:39:29","modified_gmt":"2025-05-15T05:39:29","slug":"rol-ongeweven-stof-70-50-50-14g-wit","status":"publish","type":"product","link":"https:\/\/med.tattoo\/nl\/product\/rol-ongeweven-stof-70-50-50-14g-wit\/","title":{"rendered":"Rol ongeweven stof 70\/50\/50 14g wit"},"content":{"rendered":"<p>Non-woven beschermende pads, ontworpen om voorwerpen te beschermen op plaatsen waar hygi\u00ebnisch schoongemaakt moet worden.<\/p>\n<p>Beschermende kompressen worden overal gebruikt waar bescherming en isolatie van de pati\u00ebnt vereist is, van mogelijk besmette en vervuilde gebieden (bank, behandelbedden, enz.).<\/p>\n<p>Doel:<\/p>\n<p>hygi\u00ebnische reinheid garanderen<\/p>\n<p>Toepassing:<\/p>\n<p>Artsenpraktijken,<br \/>\nbehandelkamers,<br \/>\nfysiotherapiefaciliteiten,<br \/>\nbehandelbanken,<br \/>\nbedden,<br \/>\nbehandeltafels,<br \/>\ngynaecologische bedden,<br \/>\nmassagestoelen,<br \/>\nschoonheidssalons,<br \/>\nkapsalons<br \/>\nVoordelen:<\/p>\n<p>wegwerp,<br \/>\nhygi\u00ebne en comfort voor de pati\u00ebnt<br \/>\nverschillende maten,<br \/>\nbreed scala aan toepassingen,<br \/>\nperforatie waardoor het kompres op het juiste punt kan worden gescheurd<\/p>\n","protected":false},"excerpt":{"rendered":"<p>Non-woven beschermende pads, ontworpen om voorwerpen te beschermen op plaatsen waar hygi\u00ebnisch schoongemaakt moet worden. Beschermende kompressen worden overal gebruikt waar bescherming en isolatie van de pati\u00ebnt vereist is, van mogelijk besmette en vervuilde gebieden (bank, behandelbedden, enz.). Doel: hygi\u00ebnische reinheid garanderen Toepassing: Artsenpraktijken, behandelkamers, fysiotherapiefaciliteiten, behandelbanken, bedden, behandeltafels, gynaecologische bedden, massagestoelen, schoonheidssalons, kapsalons Voordelen: [&hellip;]<\/p>\n","protected":false},"featured_media":7616,"comment_status":"closed","ping_status":"open","template":"","meta":{"site-sidebar-layout":"default","site-content-layout":"","ast-site-content-layout":"default","site-content-style":"default","site-sidebar-style":"default","ast-global-header-display":"","ast-banner-title-visibility":"","ast-main-header-display":"","ast-hfb-above-header-display":"","ast-hfb-below-header-display":"","ast-hfb-mobile-header-display":"","site-post-title":"","ast-breadcrumbs-content":"","ast-featured-img":"","footer-sml-layout":"","ast-disable-related-posts":"","theme-transparent-header-meta":"","adv-header-id-meta":"","stick-header-meta":"","header-above-stick-meta":"","header-main-stick-meta":"","header-below-stick-meta":"","astra-migrate-meta-layouts":"default","ast-page-background-enabled":"default","ast-page-background-meta":{"desktop":{"background-color":"var(--ast-global-color-4)","background-image":"","background-repeat":"repeat","background-position":"center center","background-size":"auto","background-attachment":"scroll","background-type":"","background-media":"","overlay-type":"","overlay-color":"","overlay-opacity":"","overlay-gradient":""},"tablet":{"background-color":"","background-image":"","background-repeat":"repeat","background-position":"center center","background-size":"auto","background-attachment":"scroll","background-type":"","background-media":"","overlay-type":"","overlay-color":"","overlay-opacity":"","overlay-gradient":""},"mobile":{"background-color":"","background-image":"","background-repeat":"repeat","background-position":"center center","background-size":"auto","background-attachment":"scroll","background-type":"","background-media":"","overlay-type":"","overlay-color":"","overlay-opacity":"","overlay-gradient":""}},"ast-content-background-meta":{"desktop":{"background-color":"var(--ast-global-color-5)","background-image":"","background-repeat":"repeat","background-position":"center center","background-size":"auto","background-attachment":"scroll","background-type":"","background-media":"","overlay-type":"","overlay-color":"","overlay-opacity":"","overlay-gradient":""},"tablet":{"background-color":"var(--ast-global-color-5)","background-image":"","background-repeat":"repeat","background-position":"center center","background-size":"auto","background-attachment":"scroll","background-type":"","background-media":"","overlay-type":"","overlay-color":"","overlay-opacity":"","overlay-gradient":""},"mobile":{"background-color":"var(--ast-global-color-5)","background-image":"","background-repeat":"repeat","background-position":"center center","background-size":"auto","background-attachment":"scroll","background-type":"","background-media":"","overlay-type":"","overlay-color":"","overlay-opacity":"","overlay-gradient":""}}},"product_brand":[],"product_cat":[92],"product_tag":[],"class_list":{"0":"post-9379","1":"product","2":"type-product","3":"status-publish","4":"has-post-thumbnail","6":"product_cat-med-tattoo-nl","7":"desktop-align-left","8":"tablet-align-left","9":"mobile-align-left","10":"ast-product-gallery-layout-horizontal-slider","11":"ast-product-gallery-with-no-image","12":"ast-product-tabs-layout-distributed","14":"first","15":"instock","16":"purchasable","17":"product-type-simple"},"yoast_head":"<!-- This site is optimized with the Yoast SEO plugin v27.5 - https:\/\/yoast.com\/product\/yoast-seo-wordpress\/ -->\n<title>Rol ongeweven stof 70\/50\/50 14g wit - MED.TATTOO<\/title>\n<meta name=\"robots\" content=\"index, follow, max-snippet:-1, max-image-preview:large, max-video-preview:-1\" \/>\n<link rel=\"canonical\" href=\"https:\/\/med.tattoo\/nl\/product\/rol-ongeweven-stof-70-50-50-14g-wit\/\" \/>\n<meta property=\"og:locale\" content=\"nl_NL\" \/>\n<meta property=\"og:type\" content=\"article\" \/>\n<meta property=\"og:title\" content=\"Rol ongeweven stof 70\/50\/50 14g wit - MED.TATTOO\" \/>\n<meta property=\"og:description\" content=\"Non-woven beschermende pads, ontworpen om voorwerpen te beschermen op plaatsen waar hygi\u00ebnisch schoongemaakt moet worden. Beschermende kompressen worden overal gebruikt waar bescherming en isolatie van de pati\u00ebnt vereist is, van mogelijk besmette en vervuilde gebieden (bank, behandelbedden, enz.). Doel: hygi\u00ebnische reinheid garanderen Toepassing: Artsenpraktijken, behandelkamers, fysiotherapiefaciliteiten, behandelbanken, bedden, behandeltafels, gynaecologische bedden, massagestoelen, schoonheidssalons, kapsalons Voordelen: [&hellip;]\" \/>\n<meta property=\"og:url\" content=\"https:\/\/med.tattoo\/nl\/product\/rol-ongeweven-stof-70-50-50-14g-wit\/\" \/>\n<meta property=\"og:site_name\" content=\"MED.TATTOO\" \/>\n<meta property=\"article:publisher\" content=\"https:\/\/www.facebook.com\/profile.php?id=100084366705613\" \/>\n<meta name=\"twitter:card\" content=\"summary_large_image\" \/>\n<script type=\"application\/ld+json\" class=\"yoast-schema-graph\">{\"@context\":\"https:\\\/\\\/schema.org\",\"@graph\":[{\"@type\":\"WebPage\",\"@id\":\"https:\\\/\\\/med.tattoo\\\/nl\\\/product\\\/rol-ongeweven-stof-70-50-50-14g-wit\\\/\",\"url\":\"https:\\\/\\\/med.tattoo\\\/nl\\\/product\\\/rol-ongeweven-stof-70-50-50-14g-wit\\\/\",\"name\":\"Rol ongeweven stof 70\\\/50\\\/50 14g wit - MED.TATTOO\",\"isPartOf\":{\"@id\":\"https:\\\/\\\/med.tattoo\\\/nl\\\/#website\"},\"primaryImageOfPage\":{\"@id\":\"https:\\\/\\\/med.tattoo\\\/nl\\\/product\\\/rol-ongeweven-stof-70-50-50-14g-wit\\\/#primaryimage\"},\"image\":{\"@id\":\"https:\\\/\\\/med.tattoo\\\/nl\\\/product\\\/rol-ongeweven-stof-70-50-50-14g-wit\\\/#primaryimage\"},\"thumbnailUrl\":\"https:\\\/\\\/med.tattoo\\\/wp-content\\\/uploads\\\/2025\\\/05\\\/4006_podklad-wloknina-rola-70-50-50-14g-biala_1744270706.jpg\",\"datePublished\":\"2025-05-15T05:39:29+00:00\",\"breadcrumb\":{\"@id\":\"https:\\\/\\\/med.tattoo\\\/nl\\\/product\\\/rol-ongeweven-stof-70-50-50-14g-wit\\\/#breadcrumb\"},\"inLanguage\":\"nl-NL\",\"potentialAction\":[{\"@type\":\"ReadAction\",\"target\":[\"https:\\\/\\\/med.tattoo\\\/nl\\\/product\\\/rol-ongeweven-stof-70-50-50-14g-wit\\\/\"]}]},{\"@type\":\"ImageObject\",\"inLanguage\":\"nl-NL\",\"@id\":\"https:\\\/\\\/med.tattoo\\\/nl\\\/product\\\/rol-ongeweven-stof-70-50-50-14g-wit\\\/#primaryimage\",\"url\":\"https:\\\/\\\/med.tattoo\\\/wp-content\\\/uploads\\\/2025\\\/05\\\/4006_podklad-wloknina-rola-70-50-50-14g-biala_1744270706.jpg\",\"contentUrl\":\"https:\\\/\\\/med.tattoo\\\/wp-content\\\/uploads\\\/2025\\\/05\\\/4006_podklad-wloknina-rola-70-50-50-14g-biala_1744270706.jpg\",\"width\":909,\"height\":873},{\"@type\":\"BreadcrumbList\",\"@id\":\"https:\\\/\\\/med.tattoo\\\/nl\\\/product\\\/rol-ongeweven-stof-70-50-50-14g-wit\\\/#breadcrumb\",\"itemListElement\":[{\"@type\":\"ListItem\",\"position\":1,\"name\":\"Strona G\u0142\u00f3wna\",\"item\":\"https:\\\/\\\/med.tattoo\\\/nl\\\/\"},{\"@type\":\"ListItem\",\"position\":2,\"name\":\"Winkel op\",\"item\":\"https:\\\/\\\/med.tattoo\\\/nl\\\/winkel-op\\\/\"},{\"@type\":\"ListItem\",\"position\":3,\"name\":\"Rol ongeweven stof 70\\\/50\\\/50 14g wit\"}]},{\"@type\":\"WebSite\",\"@id\":\"https:\\\/\\\/med.tattoo\\\/nl\\\/#website\",\"url\":\"https:\\\/\\\/med.tattoo\\\/nl\\\/\",\"name\":\"MED.TATTOO\",\"description\":\"Wszystko dla Twojego tatua\u017cu\",\"publisher\":{\"@id\":\"https:\\\/\\\/med.tattoo\\\/nl\\\/#organization\"},\"potentialAction\":[{\"@type\":\"SearchAction\",\"target\":{\"@type\":\"EntryPoint\",\"urlTemplate\":\"https:\\\/\\\/med.tattoo\\\/nl\\\/?s={search_term_string}\"},\"query-input\":{\"@type\":\"PropertyValueSpecification\",\"valueRequired\":true,\"valueName\":\"search_term_string\"}}],\"inLanguage\":\"nl-NL\"},{\"@type\":\"Organization\",\"@id\":\"https:\\\/\\\/med.tattoo\\\/nl\\\/#organization\",\"name\":\"MED.TATTOO\",\"url\":\"https:\\\/\\\/med.tattoo\\\/nl\\\/\",\"logo\":{\"@type\":\"ImageObject\",\"inLanguage\":\"nl-NL\",\"@id\":\"https:\\\/\\\/med.tattoo\\\/nl\\\/#\\\/schema\\\/logo\\\/image\\\/\",\"url\":\"https:\\\/\\\/med.tattoo\\\/wp-content\\\/uploads\\\/2025\\\/05\\\/Bez-tytulu-600S300-px-1-e1658908183800.png\",\"contentUrl\":\"https:\\\/\\\/med.tattoo\\\/wp-content\\\/uploads\\\/2025\\\/05\\\/Bez-tytulu-600S300-px-1-e1658908183800.png\",\"width\":600,\"height\":61,\"caption\":\"MED.TATTOO\"},\"image\":{\"@id\":\"https:\\\/\\\/med.tattoo\\\/nl\\\/#\\\/schema\\\/logo\\\/image\\\/\"},\"sameAs\":[\"https:\\\/\\\/www.facebook.com\\\/profile.php?id=100084366705613\",\"https:\\\/\\\/www.instagram.com\\\/med.tattoo_official\\\/\"]}]}<\/script>\n<!-- \/ Yoast SEO plugin. -->","yoast_head_json":{"title":"Rol ongeweven stof 70\/50\/50 14g wit - MED.TATTOO","robots":{"index":"index","follow":"follow","max-snippet":"max-snippet:-1","max-image-preview":"max-image-preview:large","max-video-preview":"max-video-preview:-1"},"canonical":"https:\/\/med.tattoo\/nl\/product\/rol-ongeweven-stof-70-50-50-14g-wit\/","og_locale":"nl_NL","og_type":"article","og_title":"Rol ongeweven stof 70\/50\/50 14g wit - MED.TATTOO","og_description":"Non-woven beschermende pads, ontworpen om voorwerpen te beschermen op plaatsen waar hygi\u00ebnisch schoongemaakt moet worden. Beschermende kompressen worden overal gebruikt waar bescherming en isolatie van de pati\u00ebnt vereist is, van mogelijk besmette en vervuilde gebieden (bank, behandelbedden, enz.). Doel: hygi\u00ebnische reinheid garanderen Toepassing: Artsenpraktijken, behandelkamers, fysiotherapiefaciliteiten, behandelbanken, bedden, behandeltafels, gynaecologische bedden, massagestoelen, schoonheidssalons, kapsalons Voordelen: [&hellip;]","og_url":"https:\/\/med.tattoo\/nl\/product\/rol-ongeweven-stof-70-50-50-14g-wit\/","og_site_name":"MED.TATTOO","article_publisher":"https:\/\/www.facebook.com\/profile.php?id=100084366705613","twitter_card":"summary_large_image","schema":{"@context":"https:\/\/schema.org","@graph":[{"@type":"WebPage","@id":"https:\/\/med.tattoo\/nl\/product\/rol-ongeweven-stof-70-50-50-14g-wit\/","url":"https:\/\/med.tattoo\/nl\/product\/rol-ongeweven-stof-70-50-50-14g-wit\/","name":"Rol ongeweven stof 70\/50\/50 14g wit - MED.TATTOO","isPartOf":{"@id":"https:\/\/med.tattoo\/nl\/#website"},"primaryImageOfPage":{"@id":"https:\/\/med.tattoo\/nl\/product\/rol-ongeweven-stof-70-50-50-14g-wit\/#primaryimage"},"image":{"@id":"https:\/\/med.tattoo\/nl\/product\/rol-ongeweven-stof-70-50-50-14g-wit\/#primaryimage"},"thumbnailUrl":"https:\/\/med.tattoo\/wp-content\/uploads\/2025\/05\/4006_podklad-wloknina-rola-70-50-50-14g-biala_1744270706.jpg","datePublished":"2025-05-15T05:39:29+00:00","breadcrumb":{"@id":"https:\/\/med.tattoo\/nl\/product\/rol-ongeweven-stof-70-50-50-14g-wit\/#breadcrumb"},"inLanguage":"nl-NL","potentialAction":[{"@type":"ReadAction","target":["https:\/\/med.tattoo\/nl\/product\/rol-ongeweven-stof-70-50-50-14g-wit\/"]}]},{"@type":"ImageObject","inLanguage":"nl-NL","@id":"https:\/\/med.tattoo\/nl\/product\/rol-ongeweven-stof-70-50-50-14g-wit\/#primaryimage","url":"https:\/\/med.tattoo\/wp-content\/uploads\/2025\/05\/4006_podklad-wloknina-rola-70-50-50-14g-biala_1744270706.jpg","contentUrl":"https:\/\/med.tattoo\/wp-content\/uploads\/2025\/05\/4006_podklad-wloknina-rola-70-50-50-14g-biala_1744270706.jpg","width":909,"height":873},{"@type":"BreadcrumbList","@id":"https:\/\/med.tattoo\/nl\/product\/rol-ongeweven-stof-70-50-50-14g-wit\/#breadcrumb","itemListElement":[{"@type":"ListItem","position":1,"name":"Strona G\u0142\u00f3wna","item":"https:\/\/med.tattoo\/nl\/"},{"@type":"ListItem","position":2,"name":"Winkel op","item":"https:\/\/med.tattoo\/nl\/winkel-op\/"},{"@type":"ListItem","position":3,"name":"Rol ongeweven stof 70\/50\/50 14g wit"}]},{"@type":"WebSite","@id":"https:\/\/med.tattoo\/nl\/#website","url":"https:\/\/med.tattoo\/nl\/","name":"MED.TATTOO","description":"Wszystko dla Twojego tatua\u017cu","publisher":{"@id":"https:\/\/med.tattoo\/nl\/#organization"},"potentialAction":[{"@type":"SearchAction","target":{"@type":"EntryPoint","urlTemplate":"https:\/\/med.tattoo\/nl\/?s={search_term_string}"},"query-input":{"@type":"PropertyValueSpecification","valueRequired":true,"valueName":"search_term_string"}}],"inLanguage":"nl-NL"},{"@type":"Organization","@id":"https:\/\/med.tattoo\/nl\/#organization","name":"MED.TATTOO","url":"https:\/\/med.tattoo\/nl\/","logo":{"@type":"ImageObject","inLanguage":"nl-NL","@id":"https:\/\/med.tattoo\/nl\/#\/schema\/logo\/image\/","url":"https:\/\/med.tattoo\/wp-content\/uploads\/2025\/05\/Bez-tytulu-600S300-px-1-e1658908183800.png","contentUrl":"https:\/\/med.tattoo\/wp-content\/uploads\/2025\/05\/Bez-tytulu-600S300-px-1-e1658908183800.png","width":600,"height":61,"caption":"MED.TATTOO"},"image":{"@id":"https:\/\/med.tattoo\/nl\/#\/schema\/logo\/image\/"},"sameAs":["https:\/\/www.facebook.com\/profile.php?id=100084366705613","https:\/\/www.instagram.com\/med.tattoo_official\/"]}]}},"_links":{"self":[{"href":"https:\/\/med.tattoo\/nl\/wp-json\/wp\/v2\/product\/9379","targetHints":{"allow":["GET"]}}],"collection":[{"href":"https:\/\/med.tattoo\/nl\/wp-json\/wp\/v2\/product"}],"about":[{"href":"https:\/\/med.tattoo\/nl\/wp-json\/wp\/v2\/types\/product"}],"replies":[{"embeddable":true,"href":"https:\/\/med.tattoo\/nl\/wp-json\/wp\/v2\/comments?post=9379"}],"wp:featuredmedia":[{"embeddable":true,"href":"https:\/\/med.tattoo\/nl\/wp-json\/wp\/v2\/media\/7616"}],"wp:attachment":[{"href":"https:\/\/med.tattoo\/nl\/wp-json\/wp\/v2\/media?parent=9379"}],"wp:term":[{"taxonomy":"product_brand","embeddable":true,"href":"https:\/\/med.tattoo\/nl\/wp-json\/wp\/v2\/product_brand?post=9379"},{"taxonomy":"product_cat","embeddable":true,"href":"https:\/\/med.tattoo\/nl\/wp-json\/wp\/v2\/product_cat?post=9379"},{"taxonomy":"product_tag","embeddable":true,"href":"https:\/\/med.tattoo\/nl\/wp-json\/wp\/v2\/product_tag?post=9379"}],"curies":[{"name":"wp","href":"https:\/\/api.w.org\/{rel}","templated":true}]}}