{"id":9625,"date":"2025-05-15T07:39:29","date_gmt":"2025-05-15T05:39:29","guid":{"rendered":"https:\/\/med.tattoo\/produkt\/poedervrije-nitril-handschoenen-100st-xl-zwart\/"},"modified":"2025-05-15T07:39:29","modified_gmt":"2025-05-15T05:39:29","slug":"poedervrije-nitril-handschoenen-100st-xl-zwart","status":"publish","type":"product","link":"https:\/\/med.tattoo\/nl\/product\/poedervrije-nitril-handschoenen-100st-xl-zwart\/","title":{"rendered":"Poedervrije nitril handschoenen 100st XL zwart"},"content":{"rendered":"<p>Deze uiterst doeltreffende nitril handschoenen bieden uw handen uitstekende bescherming in allerlei omstandigheden. Ze kunnen worden gebruikt in de voedingsindustrie, winkels, schoonheidssalons, kapsalons, tatoeagestudio&#8217;s, klinieken en ziekenhuizen. Dankzij hun gestructureerde ontwerp zijn ze ook ideaal voor precisiewerk. Ze zijn gemaakt van extreem duurzaam, sterk nitrilmateriaal. Ze zijn latexvrij, wat betekent dat ze ook gebruikt kunnen worden door mensen met een gevoelige huid of allergie\u00ebn. Ze zijn extreem flexibel en bestand tegen perforaties, insnijdingen en gaten. Ze zijn dun, zodat ze de gevoeligheid van de hand niet beperken en goed passen.      <\/p>\n<p>Doeltreffende bescherming<br \/>\nNitril handschoenen zijn gemaakt van hoogwaardige materialen die geen latexprote\u00efnen bevatten, waardoor ze ideaal zijn voor mensen met allergie\u00ebn en mensen met een gevoelige huid die snel rood wordt. Ze beschermen uw handen tegen chemicali\u00ebn, cytostatica, virussen en bacteri\u00ebn. <\/p>\n<p>Flexibel<br \/>\nNitril is een uiterst flexibel materiaal dat zich aan elke handvorm aanpast. Een verpakking bevat handschoenen die zowel rechter- als linkerhanden passen. Ze hebben een extreem hoge weerstand tegen perforaties, prikken en snijden. Ze beschermen uw handen dus perfect.   <\/p>\n<p>Multifunctionele<br \/>\nhandschoenen zijn geweldig voor mensen die op openbare plaatsen werken, zoals winkels, schoonheidssalons, kappers en klinieken of ziekenhuizen. Ze kunnen dagelijks gebruikt worden tijdens een pandemie of epidemie. <\/p>\n<p>Getextureerd<br \/>\nHet oppervlak van de handschoenen is getextureerd, waardoor het veel gemakkelijker is om voorwerpen van verschillende vormen en oppervlakken vast te pakken, zowel droog als nat. Ze zijn perfect voor precisiewerk. De verpakking bevat tot 100 handschoenen, waarmee u zichzelf kunt beschermen in het geval van een pandemie of epidemie.  <\/p>\n<p>AQL: 1,5 na verpakking (in de fabriek aangebrachte informatie op de verpakking)<\/p>\n<p>Dikte (enkelwandig) min: Vinger: 0,10 mm Palm: 0,07 mm<\/p>\n<p>Handschoellengte volgens EN 455-2: min. 240 mm <\/p>\n<p>Scheurkracht voor\/na veroudering: min. 7,0 N <\/p>\n<p>Conformiteit: Klasse I volgens Richtlijn 93\/42\/EEG betreffende medische hulpmiddelen en MDR (EU 2017\/745) Categorie III volgens Verordening 2016\/425 betreffende persoonlijke beschermingsmiddelen CE-markering<\/p>\n<p>Conformiteit met normen: EN 455-1,2,3,4; EN ISO 374-1,5; EN 374-2,3,4; EN 16523-1; EN 420; EN 388; ASTM F 1671; ASTM D 6978; ISO 22000; ISO 9001; ISO 13485; ISO 14001; OHSAS 18001; EN ISO 15223-1; ISO-10993-1; EN ISO 14971; ISO 2859-1; EN ISO 21171.<\/p>\n","protected":false},"excerpt":{"rendered":"<p>Deze uiterst doeltreffende nitril handschoenen bieden uw handen uitstekende bescherming in allerlei omstandigheden. Ze kunnen worden gebruikt in de voedingsindustrie, winkels, schoonheidssalons, kapsalons, tatoeagestudio&#8217;s, klinieken en ziekenhuizen. Dankzij hun gestructureerde ontwerp zijn ze ook ideaal voor precisiewerk. Ze zijn gemaakt van extreem duurzaam, sterk nitrilmateriaal. Ze zijn latexvrij, wat betekent dat ze ook gebruikt kunnen [&hellip;]<\/p>\n","protected":false},"featured_media":8401,"comment_status":"closed","ping_status":"closed","template":"","meta":{"site-sidebar-layout":"default","site-content-layout":"","ast-site-content-layout":"default","site-content-style":"default","site-sidebar-style":"default","ast-global-header-display":"","ast-banner-title-visibility":"","ast-main-header-display":"","ast-hfb-above-header-display":"","ast-hfb-below-header-display":"","ast-hfb-mobile-header-display":"","site-post-title":"","ast-breadcrumbs-content":"","ast-featured-img":"","footer-sml-layout":"","ast-disable-related-posts":"","theme-transparent-header-meta":"","adv-header-id-meta":"","stick-header-meta":"","header-above-stick-meta":"","header-main-stick-meta":"","header-below-stick-meta":"","astra-migrate-meta-layouts":"default","ast-page-background-enabled":"default","ast-page-background-meta":{"desktop":{"background-color":"var(--ast-global-color-4)","background-image":"","background-repeat":"repeat","background-position":"center center","background-size":"auto","background-attachment":"scroll","background-type":"","background-media":"","overlay-type":"","overlay-color":"","overlay-opacity":"","overlay-gradient":""},"tablet":{"background-color":"","background-image":"","background-repeat":"repeat","background-position":"center center","background-size":"auto","background-attachment":"scroll","background-type":"","background-media":"","overlay-type":"","overlay-color":"","overlay-opacity":"","overlay-gradient":""},"mobile":{"background-color":"","background-image":"","background-repeat":"repeat","background-position":"center center","background-size":"auto","background-attachment":"scroll","background-type":"","background-media":"","overlay-type":"","overlay-color":"","overlay-opacity":"","overlay-gradient":""}},"ast-content-background-meta":{"desktop":{"background-color":"var(--ast-global-color-5)","background-image":"","background-repeat":"repeat","background-position":"center center","background-size":"auto","background-attachment":"scroll","background-type":"","background-media":"","overlay-type":"","overlay-color":"","overlay-opacity":"","overlay-gradient":""},"tablet":{"background-color":"var(--ast-global-color-5)","background-image":"","background-repeat":"repeat","background-position":"center center","background-size":"auto","background-attachment":"scroll","background-type":"","background-media":"","overlay-type":"","overlay-color":"","overlay-opacity":"","overlay-gradient":""},"mobile":{"background-color":"var(--ast-global-color-5)","background-image":"","background-repeat":"repeat","background-position":"center center","background-size":"auto","background-attachment":"scroll","background-type":"","background-media":"","overlay-type":"","overlay-color":"","overlay-opacity":"","overlay-gradient":""}}},"product_brand":[],"product_cat":[92],"product_tag":[],"class_list":{"0":"post-9625","1":"product","2":"type-product","3":"status-publish","4":"has-post-thumbnail","6":"product_cat-med-tattoo-nl","7":"desktop-align-left","8":"tablet-align-left","9":"mobile-align-left","10":"ast-product-gallery-layout-horizontal-slider","11":"ast-product-gallery-with-no-image","12":"ast-product-tabs-layout-distributed","14":"first","15":"instock","16":"purchasable","17":"product-type-simple"},"yoast_head":"<!-- This site is optimized with the Yoast SEO plugin v27.3 - https:\/\/yoast.com\/product\/yoast-seo-wordpress\/ -->\n<title>Poedervrije nitril handschoenen 100st XL zwart - MED.TATTOO<\/title>\n<meta name=\"robots\" content=\"index, follow, max-snippet:-1, max-image-preview:large, max-video-preview:-1\" \/>\n<link rel=\"canonical\" href=\"https:\/\/med.tattoo\/nl\/product\/poedervrije-nitril-handschoenen-100st-xl-zwart\/\" \/>\n<meta property=\"og:locale\" content=\"nl_NL\" \/>\n<meta property=\"og:type\" content=\"article\" \/>\n<meta property=\"og:title\" content=\"Poedervrije nitril handschoenen 100st XL zwart - MED.TATTOO\" \/>\n<meta property=\"og:description\" content=\"Deze uiterst doeltreffende nitril handschoenen bieden uw handen uitstekende bescherming in allerlei omstandigheden. Ze kunnen worden gebruikt in de voedingsindustrie, winkels, schoonheidssalons, kapsalons, tatoeagestudio&#8217;s, klinieken en ziekenhuizen. Dankzij hun gestructureerde ontwerp zijn ze ook ideaal voor precisiewerk. Ze zijn gemaakt van extreem duurzaam, sterk nitrilmateriaal. Ze zijn latexvrij, wat betekent dat ze ook gebruikt kunnen [&hellip;]\" \/>\n<meta property=\"og:url\" content=\"https:\/\/med.tattoo\/nl\/product\/poedervrije-nitril-handschoenen-100st-xl-zwart\/\" \/>\n<meta property=\"og:site_name\" content=\"MED.TATTOO\" \/>\n<meta property=\"article:publisher\" content=\"https:\/\/www.facebook.com\/profile.php?id=100084366705613\" \/>\n<meta name=\"twitter:card\" content=\"summary_large_image\" \/>\n<meta name=\"twitter:label1\" content=\"Geschatte leestijd\" \/>\n\t<meta name=\"twitter:data1\" content=\"2 minuten\" \/>\n<script type=\"application\/ld+json\" class=\"yoast-schema-graph\">{\"@context\":\"https:\\\/\\\/schema.org\",\"@graph\":[{\"@type\":\"WebPage\",\"@id\":\"https:\\\/\\\/med.tattoo\\\/nl\\\/product\\\/poedervrije-nitril-handschoenen-100st-xl-zwart\\\/\",\"url\":\"https:\\\/\\\/med.tattoo\\\/nl\\\/product\\\/poedervrije-nitril-handschoenen-100st-xl-zwart\\\/\",\"name\":\"Poedervrije nitril handschoenen 100st XL zwart - MED.TATTOO\",\"isPartOf\":{\"@id\":\"https:\\\/\\\/med.tattoo\\\/nl\\\/#website\"},\"primaryImageOfPage\":{\"@id\":\"https:\\\/\\\/med.tattoo\\\/nl\\\/product\\\/poedervrije-nitril-handschoenen-100st-xl-zwart\\\/#primaryimage\"},\"image\":{\"@id\":\"https:\\\/\\\/med.tattoo\\\/nl\\\/product\\\/poedervrije-nitril-handschoenen-100st-xl-zwart\\\/#primaryimage\"},\"thumbnailUrl\":\"https:\\\/\\\/med.tattoo\\\/wp-content\\\/uploads\\\/2025\\\/05\\\/609_rekawice-nitrylowe-bezpudrowe-100szt-xl-czarne-med_1744006959.png\",\"datePublished\":\"2025-05-15T05:39:29+00:00\",\"breadcrumb\":{\"@id\":\"https:\\\/\\\/med.tattoo\\\/nl\\\/product\\\/poedervrije-nitril-handschoenen-100st-xl-zwart\\\/#breadcrumb\"},\"inLanguage\":\"nl-NL\",\"potentialAction\":[{\"@type\":\"ReadAction\",\"target\":[\"https:\\\/\\\/med.tattoo\\\/nl\\\/product\\\/poedervrije-nitril-handschoenen-100st-xl-zwart\\\/\"]}]},{\"@type\":\"ImageObject\",\"inLanguage\":\"nl-NL\",\"@id\":\"https:\\\/\\\/med.tattoo\\\/nl\\\/product\\\/poedervrije-nitril-handschoenen-100st-xl-zwart\\\/#primaryimage\",\"url\":\"https:\\\/\\\/med.tattoo\\\/wp-content\\\/uploads\\\/2025\\\/05\\\/609_rekawice-nitrylowe-bezpudrowe-100szt-xl-czarne-med_1744006959.png\",\"contentUrl\":\"https:\\\/\\\/med.tattoo\\\/wp-content\\\/uploads\\\/2025\\\/05\\\/609_rekawice-nitrylowe-bezpudrowe-100szt-xl-czarne-med_1744006959.png\",\"width\":454,\"height\":449},{\"@type\":\"BreadcrumbList\",\"@id\":\"https:\\\/\\\/med.tattoo\\\/nl\\\/product\\\/poedervrije-nitril-handschoenen-100st-xl-zwart\\\/#breadcrumb\",\"itemListElement\":[{\"@type\":\"ListItem\",\"position\":1,\"name\":\"Strona G\u0142\u00f3wna\",\"item\":\"https:\\\/\\\/med.tattoo\\\/nl\\\/\"},{\"@type\":\"ListItem\",\"position\":2,\"name\":\"Winkel op\",\"item\":\"https:\\\/\\\/med.tattoo\\\/nl\\\/winkel-op\\\/\"},{\"@type\":\"ListItem\",\"position\":3,\"name\":\"Poedervrije nitril handschoenen 100st XL zwart\"}]},{\"@type\":\"WebSite\",\"@id\":\"https:\\\/\\\/med.tattoo\\\/nl\\\/#website\",\"url\":\"https:\\\/\\\/med.tattoo\\\/nl\\\/\",\"name\":\"MED.TATTOO\",\"description\":\"Wszystko dla Twojego tatua\u017cu\",\"publisher\":{\"@id\":\"https:\\\/\\\/med.tattoo\\\/nl\\\/#organization\"},\"potentialAction\":[{\"@type\":\"SearchAction\",\"target\":{\"@type\":\"EntryPoint\",\"urlTemplate\":\"https:\\\/\\\/med.tattoo\\\/nl\\\/?s={search_term_string}\"},\"query-input\":{\"@type\":\"PropertyValueSpecification\",\"valueRequired\":true,\"valueName\":\"search_term_string\"}}],\"inLanguage\":\"nl-NL\"},{\"@type\":\"Organization\",\"@id\":\"https:\\\/\\\/med.tattoo\\\/nl\\\/#organization\",\"name\":\"MED.TATTOO\",\"url\":\"https:\\\/\\\/med.tattoo\\\/nl\\\/\",\"logo\":{\"@type\":\"ImageObject\",\"inLanguage\":\"nl-NL\",\"@id\":\"https:\\\/\\\/med.tattoo\\\/nl\\\/#\\\/schema\\\/logo\\\/image\\\/\",\"url\":\"https:\\\/\\\/med.tattoo\\\/wp-content\\\/uploads\\\/2025\\\/05\\\/Bez-tytulu-600S300-px-1-e1658908183800.png\",\"contentUrl\":\"https:\\\/\\\/med.tattoo\\\/wp-content\\\/uploads\\\/2025\\\/05\\\/Bez-tytulu-600S300-px-1-e1658908183800.png\",\"width\":600,\"height\":61,\"caption\":\"MED.TATTOO\"},\"image\":{\"@id\":\"https:\\\/\\\/med.tattoo\\\/nl\\\/#\\\/schema\\\/logo\\\/image\\\/\"},\"sameAs\":[\"https:\\\/\\\/www.facebook.com\\\/profile.php?id=100084366705613\",\"https:\\\/\\\/www.instagram.com\\\/med.tattoo_official\\\/\"]}]}<\/script>\n<!-- \/ Yoast SEO plugin. -->","yoast_head_json":{"title":"Poedervrije nitril handschoenen 100st XL zwart - MED.TATTOO","robots":{"index":"index","follow":"follow","max-snippet":"max-snippet:-1","max-image-preview":"max-image-preview:large","max-video-preview":"max-video-preview:-1"},"canonical":"https:\/\/med.tattoo\/nl\/product\/poedervrije-nitril-handschoenen-100st-xl-zwart\/","og_locale":"nl_NL","og_type":"article","og_title":"Poedervrije nitril handschoenen 100st XL zwart - MED.TATTOO","og_description":"Deze uiterst doeltreffende nitril handschoenen bieden uw handen uitstekende bescherming in allerlei omstandigheden. Ze kunnen worden gebruikt in de voedingsindustrie, winkels, schoonheidssalons, kapsalons, tatoeagestudio&#8217;s, klinieken en ziekenhuizen. Dankzij hun gestructureerde ontwerp zijn ze ook ideaal voor precisiewerk. Ze zijn gemaakt van extreem duurzaam, sterk nitrilmateriaal. Ze zijn latexvrij, wat betekent dat ze ook gebruikt kunnen [&hellip;]","og_url":"https:\/\/med.tattoo\/nl\/product\/poedervrije-nitril-handschoenen-100st-xl-zwart\/","og_site_name":"MED.TATTOO","article_publisher":"https:\/\/www.facebook.com\/profile.php?id=100084366705613","twitter_card":"summary_large_image","twitter_misc":{"Geschatte leestijd":"2 minuten"},"schema":{"@context":"https:\/\/schema.org","@graph":[{"@type":"WebPage","@id":"https:\/\/med.tattoo\/nl\/product\/poedervrije-nitril-handschoenen-100st-xl-zwart\/","url":"https:\/\/med.tattoo\/nl\/product\/poedervrije-nitril-handschoenen-100st-xl-zwart\/","name":"Poedervrije nitril handschoenen 100st XL zwart - MED.TATTOO","isPartOf":{"@id":"https:\/\/med.tattoo\/nl\/#website"},"primaryImageOfPage":{"@id":"https:\/\/med.tattoo\/nl\/product\/poedervrije-nitril-handschoenen-100st-xl-zwart\/#primaryimage"},"image":{"@id":"https:\/\/med.tattoo\/nl\/product\/poedervrije-nitril-handschoenen-100st-xl-zwart\/#primaryimage"},"thumbnailUrl":"https:\/\/med.tattoo\/wp-content\/uploads\/2025\/05\/609_rekawice-nitrylowe-bezpudrowe-100szt-xl-czarne-med_1744006959.png","datePublished":"2025-05-15T05:39:29+00:00","breadcrumb":{"@id":"https:\/\/med.tattoo\/nl\/product\/poedervrije-nitril-handschoenen-100st-xl-zwart\/#breadcrumb"},"inLanguage":"nl-NL","potentialAction":[{"@type":"ReadAction","target":["https:\/\/med.tattoo\/nl\/product\/poedervrije-nitril-handschoenen-100st-xl-zwart\/"]}]},{"@type":"ImageObject","inLanguage":"nl-NL","@id":"https:\/\/med.tattoo\/nl\/product\/poedervrije-nitril-handschoenen-100st-xl-zwart\/#primaryimage","url":"https:\/\/med.tattoo\/wp-content\/uploads\/2025\/05\/609_rekawice-nitrylowe-bezpudrowe-100szt-xl-czarne-med_1744006959.png","contentUrl":"https:\/\/med.tattoo\/wp-content\/uploads\/2025\/05\/609_rekawice-nitrylowe-bezpudrowe-100szt-xl-czarne-med_1744006959.png","width":454,"height":449},{"@type":"BreadcrumbList","@id":"https:\/\/med.tattoo\/nl\/product\/poedervrije-nitril-handschoenen-100st-xl-zwart\/#breadcrumb","itemListElement":[{"@type":"ListItem","position":1,"name":"Strona G\u0142\u00f3wna","item":"https:\/\/med.tattoo\/nl\/"},{"@type":"ListItem","position":2,"name":"Winkel op","item":"https:\/\/med.tattoo\/nl\/winkel-op\/"},{"@type":"ListItem","position":3,"name":"Poedervrije nitril handschoenen 100st XL zwart"}]},{"@type":"WebSite","@id":"https:\/\/med.tattoo\/nl\/#website","url":"https:\/\/med.tattoo\/nl\/","name":"MED.TATTOO","description":"Wszystko dla Twojego tatua\u017cu","publisher":{"@id":"https:\/\/med.tattoo\/nl\/#organization"},"potentialAction":[{"@type":"SearchAction","target":{"@type":"EntryPoint","urlTemplate":"https:\/\/med.tattoo\/nl\/?s={search_term_string}"},"query-input":{"@type":"PropertyValueSpecification","valueRequired":true,"valueName":"search_term_string"}}],"inLanguage":"nl-NL"},{"@type":"Organization","@id":"https:\/\/med.tattoo\/nl\/#organization","name":"MED.TATTOO","url":"https:\/\/med.tattoo\/nl\/","logo":{"@type":"ImageObject","inLanguage":"nl-NL","@id":"https:\/\/med.tattoo\/nl\/#\/schema\/logo\/image\/","url":"https:\/\/med.tattoo\/wp-content\/uploads\/2025\/05\/Bez-tytulu-600S300-px-1-e1658908183800.png","contentUrl":"https:\/\/med.tattoo\/wp-content\/uploads\/2025\/05\/Bez-tytulu-600S300-px-1-e1658908183800.png","width":600,"height":61,"caption":"MED.TATTOO"},"image":{"@id":"https:\/\/med.tattoo\/nl\/#\/schema\/logo\/image\/"},"sameAs":["https:\/\/www.facebook.com\/profile.php?id=100084366705613","https:\/\/www.instagram.com\/med.tattoo_official\/"]}]}},"_links":{"self":[{"href":"https:\/\/med.tattoo\/nl\/wp-json\/wp\/v2\/product\/9625","targetHints":{"allow":["GET"]}}],"collection":[{"href":"https:\/\/med.tattoo\/nl\/wp-json\/wp\/v2\/product"}],"about":[{"href":"https:\/\/med.tattoo\/nl\/wp-json\/wp\/v2\/types\/product"}],"replies":[{"embeddable":true,"href":"https:\/\/med.tattoo\/nl\/wp-json\/wp\/v2\/comments?post=9625"}],"wp:featuredmedia":[{"embeddable":true,"href":"https:\/\/med.tattoo\/nl\/wp-json\/wp\/v2\/media\/8401"}],"wp:attachment":[{"href":"https:\/\/med.tattoo\/nl\/wp-json\/wp\/v2\/media?parent=9625"}],"wp:term":[{"taxonomy":"product_brand","embeddable":true,"href":"https:\/\/med.tattoo\/nl\/wp-json\/wp\/v2\/product_brand?post=9625"},{"taxonomy":"product_cat","embeddable":true,"href":"https:\/\/med.tattoo\/nl\/wp-json\/wp\/v2\/product_cat?post=9625"},{"taxonomy":"product_tag","embeddable":true,"href":"https:\/\/med.tattoo\/nl\/wp-json\/wp\/v2\/product_tag?post=9625"}],"curies":[{"name":"wp","href":"https:\/\/api.w.org\/{rel}","templated":true}]}}