{"id":9866,"date":"2025-05-15T07:31:03","date_gmt":"2025-05-15T05:31:03","guid":{"rendered":"https:\/\/med.tattoo\/produkt\/sterillhand-500ml-gel-met-pompje-voor-handdesinfectie-gelijkwaardig-aan-velodes-phagogel-spirigel\/"},"modified":"2025-05-15T07:31:03","modified_gmt":"2025-05-15T05:31:03","slug":"sterillhand-500ml-gel-met-pompje-voor-handdesinfectie-gelijkwaardig-aan-velodes-phagogel-spirigel","status":"publish","type":"product","link":"https:\/\/med.tattoo\/nl\/product\/sterillhand-500ml-gel-met-pompje-voor-handdesinfectie-gelijkwaardig-aan-velodes-phagogel-spirigel\/","title":{"rendered":"Sterillhand 500ml gel met pompje voor handdesinfectie (gelijkwaardig aan Velodes, Phago&#8217;Gel, Spirigel )"},"content":{"rendered":"<p>Sterillhand gespecialiseerde desinfectiegel voor hygi\u00ebnische en chirurgische handdesinfectie.<\/p>\n<p>De formule activeert zijn werking onmiddellijk na gebruik.<\/p>\n<p>Het bestrijdt effectief alle soorten virussen, schimmels, mycobacteri\u00ebn en bacteri\u00ebn.<\/p>\n<p>Het is dermatologisch getest.<\/p>\n<p>De unieke samenstelling voorkomt uitdroging van de handen.<\/p>\n<p>Aanbevolen toepassing:<\/p>\n<p>Hygi\u00ebnische handdesinfectie: Wrijf Sterillhand desinfectiegel in 30 sec. in de handen.<\/p>\n<p>Desinfectie van chirurgische handen:Wrijf Sterillhand handdesinfectiegel 2,5 minuten in. Herhaal het proces. <\/p>\n<p>Samenstelling:<\/p>\n<p>Smeermiddelen<br \/>\nIsopropylalcohol 1-5%<br \/>\nBenzylalcohol 0,5-2%<br \/>\nEthylalcohol 70-80%<\/p>\n","protected":false},"excerpt":{"rendered":"<p>Sterillhand gespecialiseerde desinfectiegel voor hygi\u00ebnische en chirurgische handdesinfectie. De formule activeert zijn werking onmiddellijk na gebruik. Het bestrijdt effectief alle soorten virussen, schimmels, mycobacteri\u00ebn en bacteri\u00ebn. Het is dermatologisch getest. De unieke samenstelling voorkomt uitdroging van de handen. Aanbevolen toepassing: Hygi\u00ebnische handdesinfectie: Wrijf Sterillhand desinfectiegel in 30 sec. in de handen. Desinfectie van chirurgische handen:Wrijf [&hellip;]<\/p>\n","protected":false},"featured_media":8130,"comment_status":"closed","ping_status":"open","template":"","meta":{"site-sidebar-layout":"default","site-content-layout":"","ast-site-content-layout":"default","site-content-style":"default","site-sidebar-style":"default","ast-global-header-display":"","ast-banner-title-visibility":"","ast-main-header-display":"","ast-hfb-above-header-display":"","ast-hfb-below-header-display":"","ast-hfb-mobile-header-display":"","site-post-title":"","ast-breadcrumbs-content":"","ast-featured-img":"","footer-sml-layout":"","ast-disable-related-posts":"","theme-transparent-header-meta":"","adv-header-id-meta":"","stick-header-meta":"","header-above-stick-meta":"","header-main-stick-meta":"","header-below-stick-meta":"","astra-migrate-meta-layouts":"default","ast-page-background-enabled":"default","ast-page-background-meta":{"desktop":{"background-color":"var(--ast-global-color-4)","background-image":"","background-repeat":"repeat","background-position":"center center","background-size":"auto","background-attachment":"scroll","background-type":"","background-media":"","overlay-type":"","overlay-color":"","overlay-opacity":"","overlay-gradient":""},"tablet":{"background-color":"","background-image":"","background-repeat":"repeat","background-position":"center center","background-size":"auto","background-attachment":"scroll","background-type":"","background-media":"","overlay-type":"","overlay-color":"","overlay-opacity":"","overlay-gradient":""},"mobile":{"background-color":"","background-image":"","background-repeat":"repeat","background-position":"center center","background-size":"auto","background-attachment":"scroll","background-type":"","background-media":"","overlay-type":"","overlay-color":"","overlay-opacity":"","overlay-gradient":""}},"ast-content-background-meta":{"desktop":{"background-color":"var(--ast-global-color-5)","background-image":"","background-repeat":"repeat","background-position":"center center","background-size":"auto","background-attachment":"scroll","background-type":"","background-media":"","overlay-type":"","overlay-color":"","overlay-opacity":"","overlay-gradient":""},"tablet":{"background-color":"var(--ast-global-color-5)","background-image":"","background-repeat":"repeat","background-position":"center center","background-size":"auto","background-attachment":"scroll","background-type":"","background-media":"","overlay-type":"","overlay-color":"","overlay-opacity":"","overlay-gradient":""},"mobile":{"background-color":"var(--ast-global-color-5)","background-image":"","background-repeat":"repeat","background-position":"center center","background-size":"auto","background-attachment":"scroll","background-type":"","background-media":"","overlay-type":"","overlay-color":"","overlay-opacity":"","overlay-gradient":""}}},"product_brand":[],"product_cat":[92],"product_tag":[],"class_list":{"0":"post-9866","1":"product","2":"type-product","3":"status-publish","4":"has-post-thumbnail","6":"product_cat-med-tattoo-nl","7":"desktop-align-left","8":"tablet-align-left","9":"mobile-align-left","10":"ast-product-gallery-layout-horizontal-slider","11":"ast-product-gallery-with-no-image","12":"ast-product-tabs-layout-distributed","14":"first","15":"instock","16":"purchasable","17":"product-type-simple"},"yoast_head":"<!-- This site is optimized with the Yoast SEO plugin v27.3 - https:\/\/yoast.com\/product\/yoast-seo-wordpress\/ -->\n<title>Sterillhand 500ml gel met pompje voor handdesinfectie (gelijkwaardig aan Velodes, Phago&#039;Gel, Spirigel ) - MED.TATTOO<\/title>\n<meta name=\"robots\" content=\"index, follow, max-snippet:-1, max-image-preview:large, max-video-preview:-1\" \/>\n<link rel=\"canonical\" href=\"https:\/\/med.tattoo\/nl\/product\/sterillhand-500ml-gel-met-pompje-voor-handdesinfectie-gelijkwaardig-aan-velodes-phagogel-spirigel\/\" \/>\n<meta property=\"og:locale\" content=\"nl_NL\" \/>\n<meta property=\"og:type\" content=\"article\" \/>\n<meta property=\"og:title\" content=\"Sterillhand 500ml gel met pompje voor handdesinfectie (gelijkwaardig aan Velodes, Phago&#039;Gel, Spirigel ) - MED.TATTOO\" \/>\n<meta property=\"og:description\" content=\"Sterillhand gespecialiseerde desinfectiegel voor hygi\u00ebnische en chirurgische handdesinfectie. De formule activeert zijn werking onmiddellijk na gebruik. Het bestrijdt effectief alle soorten virussen, schimmels, mycobacteri\u00ebn en bacteri\u00ebn. Het is dermatologisch getest. De unieke samenstelling voorkomt uitdroging van de handen. Aanbevolen toepassing: Hygi\u00ebnische handdesinfectie: Wrijf Sterillhand desinfectiegel in 30 sec. in de handen. Desinfectie van chirurgische handen:Wrijf [&hellip;]\" \/>\n<meta property=\"og:url\" content=\"https:\/\/med.tattoo\/nl\/product\/sterillhand-500ml-gel-met-pompje-voor-handdesinfectie-gelijkwaardig-aan-velodes-phagogel-spirigel\/\" \/>\n<meta property=\"og:site_name\" content=\"MED.TATTOO\" \/>\n<meta property=\"article:publisher\" content=\"https:\/\/www.facebook.com\/profile.php?id=100084366705613\" \/>\n<meta name=\"twitter:card\" content=\"summary_large_image\" \/>\n<script type=\"application\/ld+json\" class=\"yoast-schema-graph\">{\"@context\":\"https:\\\/\\\/schema.org\",\"@graph\":[{\"@type\":\"WebPage\",\"@id\":\"https:\\\/\\\/med.tattoo\\\/nl\\\/product\\\/sterillhand-500ml-gel-met-pompje-voor-handdesinfectie-gelijkwaardig-aan-velodes-phagogel-spirigel\\\/\",\"url\":\"https:\\\/\\\/med.tattoo\\\/nl\\\/product\\\/sterillhand-500ml-gel-met-pompje-voor-handdesinfectie-gelijkwaardig-aan-velodes-phagogel-spirigel\\\/\",\"name\":\"Sterillhand 500ml gel met pompje voor handdesinfectie (gelijkwaardig aan Velodes, Phago'Gel, Spirigel ) - MED.TATTOO\",\"isPartOf\":{\"@id\":\"https:\\\/\\\/med.tattoo\\\/nl\\\/#website\"},\"primaryImageOfPage\":{\"@id\":\"https:\\\/\\\/med.tattoo\\\/nl\\\/product\\\/sterillhand-500ml-gel-met-pompje-voor-handdesinfectie-gelijkwaardig-aan-velodes-phagogel-spirigel\\\/#primaryimage\"},\"image\":{\"@id\":\"https:\\\/\\\/med.tattoo\\\/nl\\\/product\\\/sterillhand-500ml-gel-met-pompje-voor-handdesinfectie-gelijkwaardig-aan-velodes-phagogel-spirigel\\\/#primaryimage\"},\"thumbnailUrl\":\"https:\\\/\\\/med.tattoo\\\/wp-content\\\/uploads\\\/2025\\\/05\\\/2123_sterillhand-500ml-gel-z-pompka-do-dezynfekcji-rak_1744007032.jpg\",\"datePublished\":\"2025-05-15T05:31:03+00:00\",\"breadcrumb\":{\"@id\":\"https:\\\/\\\/med.tattoo\\\/nl\\\/product\\\/sterillhand-500ml-gel-met-pompje-voor-handdesinfectie-gelijkwaardig-aan-velodes-phagogel-spirigel\\\/#breadcrumb\"},\"inLanguage\":\"nl-NL\",\"potentialAction\":[{\"@type\":\"ReadAction\",\"target\":[\"https:\\\/\\\/med.tattoo\\\/nl\\\/product\\\/sterillhand-500ml-gel-met-pompje-voor-handdesinfectie-gelijkwaardig-aan-velodes-phagogel-spirigel\\\/\"]}]},{\"@type\":\"ImageObject\",\"inLanguage\":\"nl-NL\",\"@id\":\"https:\\\/\\\/med.tattoo\\\/nl\\\/product\\\/sterillhand-500ml-gel-met-pompje-voor-handdesinfectie-gelijkwaardig-aan-velodes-phagogel-spirigel\\\/#primaryimage\",\"url\":\"https:\\\/\\\/med.tattoo\\\/wp-content\\\/uploads\\\/2025\\\/05\\\/2123_sterillhand-500ml-gel-z-pompka-do-dezynfekcji-rak_1744007032.jpg\",\"contentUrl\":\"https:\\\/\\\/med.tattoo\\\/wp-content\\\/uploads\\\/2025\\\/05\\\/2123_sterillhand-500ml-gel-z-pompka-do-dezynfekcji-rak_1744007032.jpg\",\"width\":497,\"height\":800},{\"@type\":\"BreadcrumbList\",\"@id\":\"https:\\\/\\\/med.tattoo\\\/nl\\\/product\\\/sterillhand-500ml-gel-met-pompje-voor-handdesinfectie-gelijkwaardig-aan-velodes-phagogel-spirigel\\\/#breadcrumb\",\"itemListElement\":[{\"@type\":\"ListItem\",\"position\":1,\"name\":\"Strona G\u0142\u00f3wna\",\"item\":\"https:\\\/\\\/med.tattoo\\\/nl\\\/\"},{\"@type\":\"ListItem\",\"position\":2,\"name\":\"Winkel op\",\"item\":\"https:\\\/\\\/med.tattoo\\\/nl\\\/winkel-op\\\/\"},{\"@type\":\"ListItem\",\"position\":3,\"name\":\"Sterillhand 500ml gel met pompje voor handdesinfectie (gelijkwaardig aan Velodes, Phago&#8217;Gel, Spirigel )\"}]},{\"@type\":\"WebSite\",\"@id\":\"https:\\\/\\\/med.tattoo\\\/nl\\\/#website\",\"url\":\"https:\\\/\\\/med.tattoo\\\/nl\\\/\",\"name\":\"MED.TATTOO\",\"description\":\"Wszystko dla Twojego tatua\u017cu\",\"publisher\":{\"@id\":\"https:\\\/\\\/med.tattoo\\\/nl\\\/#organization\"},\"potentialAction\":[{\"@type\":\"SearchAction\",\"target\":{\"@type\":\"EntryPoint\",\"urlTemplate\":\"https:\\\/\\\/med.tattoo\\\/nl\\\/?s={search_term_string}\"},\"query-input\":{\"@type\":\"PropertyValueSpecification\",\"valueRequired\":true,\"valueName\":\"search_term_string\"}}],\"inLanguage\":\"nl-NL\"},{\"@type\":\"Organization\",\"@id\":\"https:\\\/\\\/med.tattoo\\\/nl\\\/#organization\",\"name\":\"MED.TATTOO\",\"url\":\"https:\\\/\\\/med.tattoo\\\/nl\\\/\",\"logo\":{\"@type\":\"ImageObject\",\"inLanguage\":\"nl-NL\",\"@id\":\"https:\\\/\\\/med.tattoo\\\/nl\\\/#\\\/schema\\\/logo\\\/image\\\/\",\"url\":\"https:\\\/\\\/med.tattoo\\\/wp-content\\\/uploads\\\/2025\\\/05\\\/Bez-tytulu-600S300-px-1-e1658908183800.png\",\"contentUrl\":\"https:\\\/\\\/med.tattoo\\\/wp-content\\\/uploads\\\/2025\\\/05\\\/Bez-tytulu-600S300-px-1-e1658908183800.png\",\"width\":600,\"height\":61,\"caption\":\"MED.TATTOO\"},\"image\":{\"@id\":\"https:\\\/\\\/med.tattoo\\\/nl\\\/#\\\/schema\\\/logo\\\/image\\\/\"},\"sameAs\":[\"https:\\\/\\\/www.facebook.com\\\/profile.php?id=100084366705613\",\"https:\\\/\\\/www.instagram.com\\\/med.tattoo_official\\\/\"]}]}<\/script>\n<!-- \/ Yoast SEO plugin. -->","yoast_head_json":{"title":"Sterillhand 500ml gel met pompje voor handdesinfectie (gelijkwaardig aan Velodes, Phago'Gel, Spirigel ) - MED.TATTOO","robots":{"index":"index","follow":"follow","max-snippet":"max-snippet:-1","max-image-preview":"max-image-preview:large","max-video-preview":"max-video-preview:-1"},"canonical":"https:\/\/med.tattoo\/nl\/product\/sterillhand-500ml-gel-met-pompje-voor-handdesinfectie-gelijkwaardig-aan-velodes-phagogel-spirigel\/","og_locale":"nl_NL","og_type":"article","og_title":"Sterillhand 500ml gel met pompje voor handdesinfectie (gelijkwaardig aan Velodes, Phago'Gel, Spirigel ) - MED.TATTOO","og_description":"Sterillhand gespecialiseerde desinfectiegel voor hygi\u00ebnische en chirurgische handdesinfectie. De formule activeert zijn werking onmiddellijk na gebruik. Het bestrijdt effectief alle soorten virussen, schimmels, mycobacteri\u00ebn en bacteri\u00ebn. Het is dermatologisch getest. De unieke samenstelling voorkomt uitdroging van de handen. Aanbevolen toepassing: Hygi\u00ebnische handdesinfectie: Wrijf Sterillhand desinfectiegel in 30 sec. in de handen. Desinfectie van chirurgische handen:Wrijf [&hellip;]","og_url":"https:\/\/med.tattoo\/nl\/product\/sterillhand-500ml-gel-met-pompje-voor-handdesinfectie-gelijkwaardig-aan-velodes-phagogel-spirigel\/","og_site_name":"MED.TATTOO","article_publisher":"https:\/\/www.facebook.com\/profile.php?id=100084366705613","twitter_card":"summary_large_image","schema":{"@context":"https:\/\/schema.org","@graph":[{"@type":"WebPage","@id":"https:\/\/med.tattoo\/nl\/product\/sterillhand-500ml-gel-met-pompje-voor-handdesinfectie-gelijkwaardig-aan-velodes-phagogel-spirigel\/","url":"https:\/\/med.tattoo\/nl\/product\/sterillhand-500ml-gel-met-pompje-voor-handdesinfectie-gelijkwaardig-aan-velodes-phagogel-spirigel\/","name":"Sterillhand 500ml gel met pompje voor handdesinfectie (gelijkwaardig aan Velodes, Phago'Gel, Spirigel ) - MED.TATTOO","isPartOf":{"@id":"https:\/\/med.tattoo\/nl\/#website"},"primaryImageOfPage":{"@id":"https:\/\/med.tattoo\/nl\/product\/sterillhand-500ml-gel-met-pompje-voor-handdesinfectie-gelijkwaardig-aan-velodes-phagogel-spirigel\/#primaryimage"},"image":{"@id":"https:\/\/med.tattoo\/nl\/product\/sterillhand-500ml-gel-met-pompje-voor-handdesinfectie-gelijkwaardig-aan-velodes-phagogel-spirigel\/#primaryimage"},"thumbnailUrl":"https:\/\/med.tattoo\/wp-content\/uploads\/2025\/05\/2123_sterillhand-500ml-gel-z-pompka-do-dezynfekcji-rak_1744007032.jpg","datePublished":"2025-05-15T05:31:03+00:00","breadcrumb":{"@id":"https:\/\/med.tattoo\/nl\/product\/sterillhand-500ml-gel-met-pompje-voor-handdesinfectie-gelijkwaardig-aan-velodes-phagogel-spirigel\/#breadcrumb"},"inLanguage":"nl-NL","potentialAction":[{"@type":"ReadAction","target":["https:\/\/med.tattoo\/nl\/product\/sterillhand-500ml-gel-met-pompje-voor-handdesinfectie-gelijkwaardig-aan-velodes-phagogel-spirigel\/"]}]},{"@type":"ImageObject","inLanguage":"nl-NL","@id":"https:\/\/med.tattoo\/nl\/product\/sterillhand-500ml-gel-met-pompje-voor-handdesinfectie-gelijkwaardig-aan-velodes-phagogel-spirigel\/#primaryimage","url":"https:\/\/med.tattoo\/wp-content\/uploads\/2025\/05\/2123_sterillhand-500ml-gel-z-pompka-do-dezynfekcji-rak_1744007032.jpg","contentUrl":"https:\/\/med.tattoo\/wp-content\/uploads\/2025\/05\/2123_sterillhand-500ml-gel-z-pompka-do-dezynfekcji-rak_1744007032.jpg","width":497,"height":800},{"@type":"BreadcrumbList","@id":"https:\/\/med.tattoo\/nl\/product\/sterillhand-500ml-gel-met-pompje-voor-handdesinfectie-gelijkwaardig-aan-velodes-phagogel-spirigel\/#breadcrumb","itemListElement":[{"@type":"ListItem","position":1,"name":"Strona G\u0142\u00f3wna","item":"https:\/\/med.tattoo\/nl\/"},{"@type":"ListItem","position":2,"name":"Winkel op","item":"https:\/\/med.tattoo\/nl\/winkel-op\/"},{"@type":"ListItem","position":3,"name":"Sterillhand 500ml gel met pompje voor handdesinfectie (gelijkwaardig aan Velodes, Phago&#8217;Gel, Spirigel )"}]},{"@type":"WebSite","@id":"https:\/\/med.tattoo\/nl\/#website","url":"https:\/\/med.tattoo\/nl\/","name":"MED.TATTOO","description":"Wszystko dla Twojego tatua\u017cu","publisher":{"@id":"https:\/\/med.tattoo\/nl\/#organization"},"potentialAction":[{"@type":"SearchAction","target":{"@type":"EntryPoint","urlTemplate":"https:\/\/med.tattoo\/nl\/?s={search_term_string}"},"query-input":{"@type":"PropertyValueSpecification","valueRequired":true,"valueName":"search_term_string"}}],"inLanguage":"nl-NL"},{"@type":"Organization","@id":"https:\/\/med.tattoo\/nl\/#organization","name":"MED.TATTOO","url":"https:\/\/med.tattoo\/nl\/","logo":{"@type":"ImageObject","inLanguage":"nl-NL","@id":"https:\/\/med.tattoo\/nl\/#\/schema\/logo\/image\/","url":"https:\/\/med.tattoo\/wp-content\/uploads\/2025\/05\/Bez-tytulu-600S300-px-1-e1658908183800.png","contentUrl":"https:\/\/med.tattoo\/wp-content\/uploads\/2025\/05\/Bez-tytulu-600S300-px-1-e1658908183800.png","width":600,"height":61,"caption":"MED.TATTOO"},"image":{"@id":"https:\/\/med.tattoo\/nl\/#\/schema\/logo\/image\/"},"sameAs":["https:\/\/www.facebook.com\/profile.php?id=100084366705613","https:\/\/www.instagram.com\/med.tattoo_official\/"]}]}},"_links":{"self":[{"href":"https:\/\/med.tattoo\/nl\/wp-json\/wp\/v2\/product\/9866","targetHints":{"allow":["GET"]}}],"collection":[{"href":"https:\/\/med.tattoo\/nl\/wp-json\/wp\/v2\/product"}],"about":[{"href":"https:\/\/med.tattoo\/nl\/wp-json\/wp\/v2\/types\/product"}],"replies":[{"embeddable":true,"href":"https:\/\/med.tattoo\/nl\/wp-json\/wp\/v2\/comments?post=9866"}],"wp:featuredmedia":[{"embeddable":true,"href":"https:\/\/med.tattoo\/nl\/wp-json\/wp\/v2\/media\/8130"}],"wp:attachment":[{"href":"https:\/\/med.tattoo\/nl\/wp-json\/wp\/v2\/media?parent=9866"}],"wp:term":[{"taxonomy":"product_brand","embeddable":true,"href":"https:\/\/med.tattoo\/nl\/wp-json\/wp\/v2\/product_brand?post=9866"},{"taxonomy":"product_cat","embeddable":true,"href":"https:\/\/med.tattoo\/nl\/wp-json\/wp\/v2\/product_cat?post=9866"},{"taxonomy":"product_tag","embeddable":true,"href":"https:\/\/med.tattoo\/nl\/wp-json\/wp\/v2\/product_tag?post=9866"}],"curies":[{"name":"wp","href":"https:\/\/api.w.org\/{rel}","templated":true}]}}