{"id":4698,"date":"2025-05-07T10:30:02","date_gmt":"2025-05-07T08:30:02","guid":{"rendered":"https:\/\/med.tattoo\/sobre-nos\/"},"modified":"2025-04-08T17:10:42","modified_gmt":"2025-04-08T15:10:42","slug":"sobre-nos","status":"publish","type":"page","link":"https:\/\/med.tattoo\/pt-pt\/sobre-nos\/","title":{"rendered":"Sobre n\u00f3s"},"content":{"rendered":"\t\t<div data-elementor-type=\"wp-page\" data-elementor-id=\"4698\" class=\"elementor elementor-4698 elementor-381\" data-elementor-settings=\"{&quot;ha_cmc_init_switcher&quot;:&quot;no&quot;}\" data-elementor-post-type=\"page\">\n\t\t\t\t\t\t<section class=\"elementor-section elementor-top-section elementor-element elementor-element-440e8a16 elementor-section-boxed elementor-section-height-default elementor-section-height-default\" data-id=\"440e8a16\" data-element_type=\"section\" data-e-type=\"section\" data-settings=\"{&quot;background_background&quot;:&quot;classic&quot;}\">\n\t\t\t\t\t\t<div class=\"elementor-container elementor-column-gap-default\">\n\t\t\t\t\t<div class=\"elementor-column elementor-col-100 elementor-top-column elementor-element elementor-element-43f28151\" data-id=\"43f28151\" data-element_type=\"column\" data-e-type=\"column\">\n\t\t\t<div class=\"elementor-widget-wrap elementor-element-populated\">\n\t\t\t\t\t\t<div class=\"elementor-element elementor-element-1b5ce88 elementor-widget elementor-widget-heading\" data-id=\"1b5ce88\" data-element_type=\"widget\" data-e-type=\"widget\" data-widget_type=\"heading.default\">\n\t\t\t\t<div class=\"elementor-widget-container\">\n\t\t\t\t\t<h1 class=\"elementor-heading-title elementor-size-default\">SOBRE N\u00d3S<\/h1>\t\t\t\t<\/div>\n\t\t\t\t<\/div>\n\t\t\t\t<div class=\"elementor-element elementor-element-9296ee8 elementor-widget elementor-widget-heading\" data-id=\"9296ee8\" data-element_type=\"widget\" data-e-type=\"widget\" data-widget_type=\"heading.default\">\n\t\t\t\t<div class=\"elementor-widget-container\">\n\t\t\t\t\t<h2 class=\"elementor-heading-title elementor-size-default\">Med.tattoo - fabricante de cosm\u00e9ticos naturais para tatuagens<\/h2>\t\t\t\t<\/div>\n\t\t\t\t<\/div>\n\t\t\t\t<div class=\"elementor-element elementor-element-1437547 elementor-widget elementor-widget-text-editor\" data-id=\"1437547\" data-element_type=\"widget\" data-e-type=\"widget\" data-widget_type=\"text-editor.default\">\n\t\t\t\t<div class=\"elementor-widget-container\">\n\t\t\t\t\t\t\t\t\t<p>Med.tattoo \u00e9 uma marca emergente dedicada \u00e0 produ\u00e7\u00e3o de cosm\u00e9ticos e acess\u00f3rios profissionais para o tratamento de tatuagens. \u00c9 criada por pessoas que combinam os seus conhecimentos e experi\u00eancia farmac\u00eautica com a sua paix\u00e3o pela fitoterapia e cosm\u00e9tica. Esta combina\u00e7\u00e3o n\u00e3o podia falhar!  <\/p>\t\t\t\t\t\t\t\t<\/div>\n\t\t\t\t<\/div>\n\t\t\t\t<div class=\"elementor-element elementor-element-60a56c0 elementor-widget elementor-widget-heading\" data-id=\"60a56c0\" data-element_type=\"widget\" data-e-type=\"widget\" data-widget_type=\"heading.default\">\n\t\t\t\t<div class=\"elementor-widget-container\">\n\t\t\t\t\t<h2 class=\"elementor-heading-title elementor-size-default\">Conhe\u00e7a-nos melhor<\/h2>\t\t\t\t<\/div>\n\t\t\t\t<\/div>\n\t\t\t\t<div class=\"elementor-element elementor-element-b28ae90 elementor-widget elementor-widget-text-editor\" data-id=\"b28ae90\" data-element_type=\"widget\" data-e-type=\"widget\" data-widget_type=\"text-editor.default\">\n\t\t\t\t<div class=\"elementor-widget-container\">\n\t\t\t\t\t\t\t\t\t<p><strong>Krzysiek<\/strong> &#8211; cultiva cal\u00eandula, veludo e camomila h\u00e1 mais de vinte anos, produzindo macerados e extractos a partir delas.<\/p>\t\t\t\t\t\t\t\t<\/div>\n\t\t\t\t<\/div>\n\t\t\t\t<div class=\"elementor-element elementor-element-fed1c78 elementor-widget elementor-widget-text-editor\" data-id=\"fed1c78\" data-element_type=\"widget\" data-e-type=\"widget\" data-widget_type=\"text-editor.default\">\n\t\t\t\t<div class=\"elementor-widget-container\">\n\t\t\t\t\t\t\t\t\t<p><strong>Cuba<\/strong> &#8211; tendo trabalhado continuamente como farmac\u00eautica na ind\u00fastria farmac\u00eautica durante quase vinte anos, esfor\u00e7a-se por ajudar as pessoas. Especialmente as que necessitam de cuidados prolongados. Trata-se de um grupo \u00fanico de doentes com problemas como os de pele.   <\/p>\t\t\t\t\t\t\t\t<\/div>\n\t\t\t\t<\/div>\n\t\t\t\t<div class=\"elementor-element elementor-element-e554c1f elementor-widget elementor-widget-text-editor\" data-id=\"e554c1f\" data-element_type=\"widget\" data-e-type=\"widget\" data-widget_type=\"text-editor.default\">\n\t\t\t\t<div class=\"elementor-widget-container\">\n\t\t\t\t\t\t\t\t\t<p>Na Med.tattoo, assumimos a <strong>produ\u00e7\u00e3o e a distribui\u00e7\u00e3o de produtos para o cuidado das tatuagens<\/strong> porque dispomos de um vasto leque de conhecimentos nesta \u00e1rea. Junt\u00e1mos for\u00e7as para criar produtos dedicados \u00e0s pessoas tatuadas e aos tatuadores. <\/p><p>Antes de produzirmos os nossos produtos, pass\u00e1mos muitas horas a falar com tatuadores profissionais e propriet\u00e1rios de tatuagens, para conhecermos as necessidades do mercado e podermos aperfei\u00e7oar ainda mais as f\u00f3rmulas.<\/p><p>Os nossos <strong>cosm\u00e9ticos para tatuagens<\/strong> n\u00e3o s\u00e3o produzidos em massa, pelo que podemos garantir-lhe a m\u00e1xima qualidade e aten\u00e7\u00e3o aos pormenores. <strong>Os cremes para tatuagens, as manteigas para tatuagens, a vaselina de cal\u00eandula e os \u00f3leos para a pele<\/strong> s\u00e3o todos produtos da mais alta qualidade, confirmados pelos certificados exigidos.<\/p><p>Na produ\u00e7\u00e3o de cosm\u00e9ticos naturais, o nosso principal objetivo \u00e9 a qualidade. Tal como no cultivo de ervas, aqui n\u00e3o s\u00e3o utilizados herbicidas, os cosm\u00e9ticos n\u00e3o t\u00eam aditivos ou conservantes artificiais. Os cosm\u00e9ticos tamb\u00e9m n\u00e3o s\u00e3o testados em animais. Os cosm\u00e9ticos que criamos<strong> s\u00e3o 100% naturais e veganos<\/strong>.   <\/p><p>A produ\u00e7\u00e3o de <strong>produtos cosm\u00e9ticos para tratamento de tatuagens e cicatriza\u00e7\u00e3o<\/strong> <strong>da Med.tatto <\/strong>\u00e9 efectuada num laborat\u00f3rio de renome na Eslov\u00e1quia, que garante o cumprimento de todas as normas da UE.<\/p><p>Oferecemos aos nossos clientes cosm\u00e9ticos 100% naturais e veganos. Os produtos de cuidados da pele e os acess\u00f3rios de cicatriza\u00e7\u00e3o de tatuagens da Med.tattoo s\u00e3o da mais alta qualidade, confort\u00e1veis de utilizar, seguros para a pele e, acima de tudo, eficazes! Descubra a nossa gama e aproveite as vantagens da <a href=\"https:\/\/med.tattoo\/sklep\/\"><strong>compras online<\/strong><\/a> a pre\u00e7os atractivos. N\u00e3o hesite em contactar-nos!   <\/p>\t\t\t\t\t\t\t\t<\/div>\n\t\t\t\t<\/div>\n\t\t\t\t\t<\/div>\n\t\t<\/div>\n\t\t\t\t\t<\/div>\n\t\t<\/section>\n\t\t\t\t<\/div>\n\t\t","protected":false},"excerpt":{"rendered":"<p>SOBRE N\u00d3S Med.tattoo &#8211; fabricante de cosm\u00e9ticos naturais para tatuagens Med.tattoo \u00e9 uma marca emergente dedicada \u00e0 produ\u00e7\u00e3o de cosm\u00e9ticos e acess\u00f3rios profissionais para o tratamento de tatuagens. \u00c9 criada por pessoas que combinam os seus conhecimentos e experi\u00eancia farmac\u00eautica com a sua paix\u00e3o pela fitoterapia e cosm\u00e9tica. Esta combina\u00e7\u00e3o n\u00e3o podia falhar! Conhe\u00e7a-nos melhor [&hellip;]<\/p>\n","protected":false},"author":1,"featured_media":0,"parent":0,"menu_order":0,"comment_status":"closed","ping_status":"closed","template":"","meta":{"site-sidebar-layout":"no-sidebar","site-content-layout":"page-builder","ast-site-content-layout":"default","site-content-style":"default","site-sidebar-style":"default","ast-global-header-display":"","ast-banner-title-visibility":"","ast-main-header-display":"","ast-hfb-above-header-display":"","ast-hfb-below-header-display":"","ast-hfb-mobile-header-display":"","site-post-title":"disabled","ast-breadcrumbs-content":"disabled","ast-featured-img":"disabled","footer-sml-layout":"","ast-disable-related-posts":"","theme-transparent-header-meta":"disabled","adv-header-id-meta":"","stick-header-meta":"enabled","header-above-stick-meta":"","header-main-stick-meta":"disabled","header-below-stick-meta":"","astra-migrate-meta-layouts":"default","ast-page-background-enabled":"default","ast-page-background-meta":{"desktop":{"background-color":"var(--ast-global-color-4)","background-image":"","background-repeat":"repeat","background-position":"center center","background-size":"auto","background-attachment":"scroll","background-type":"","background-media":"","overlay-type":"","overlay-color":"","overlay-opacity":"","overlay-gradient":""},"tablet":{"background-color":"","background-image":"","background-repeat":"repeat","background-position":"center center","background-size":"auto","background-attachment":"scroll","background-type":"","background-media":"","overlay-type":"","overlay-color":"","overlay-opacity":"","overlay-gradient":""},"mobile":{"background-color":"","background-image":"","background-repeat":"repeat","background-position":"center center","background-size":"auto","background-attachment":"scroll","background-type":"","background-media":"","overlay-type":"","overlay-color":"","overlay-opacity":"","overlay-gradient":""}},"ast-content-background-meta":{"desktop":{"background-color":"var(--ast-global-color-5)","background-image":"","background-repeat":"repeat","background-position":"center center","background-size":"auto","background-attachment":"scroll","background-type":"","background-media":"","overlay-type":"","overlay-color":"","overlay-opacity":"","overlay-gradient":""},"tablet":{"background-color":"var(--ast-global-color-5)","background-image":"","background-repeat":"repeat","background-position":"center center","background-size":"auto","background-attachment":"scroll","background-type":"","background-media":"","overlay-type":"","overlay-color":"","overlay-opacity":"","overlay-gradient":""},"mobile":{"background-color":"var(--ast-global-color-5)","background-image":"","background-repeat":"repeat","background-position":"center center","background-size":"auto","background-attachment":"scroll","background-type":"","background-media":"","overlay-type":"","overlay-color":"","overlay-opacity":"","overlay-gradient":""}},"footnotes":""},"class_list":["post-4698","page","type-page","status-publish","hentry"],"yoast_head":"<!-- This site is optimized with the Yoast SEO plugin v27.3 - https:\/\/yoast.com\/product\/yoast-seo-wordpress\/ -->\n<title>Cuidados com as tatuagens com os cosm\u00e9ticos da Med.tattoo - Sobre n\u00f3s<\/title>\n<meta name=\"description\" content=\"Na Med.tatto dedicamo-nos \u00e0 venda de cosm\u00e9ticos pr\u00f3prios para o tratamento de tatuagens. Oferecemos-lhe cosm\u00e9ticos 100% naturais e veganos. Saiba mais sobre n\u00f3s!\" \/>\n<meta name=\"robots\" content=\"index, follow, max-snippet:-1, max-image-preview:large, max-video-preview:-1\" \/>\n<link rel=\"canonical\" href=\"https:\/\/med.tattoo\/pt-pt\/sobre-nos\/\" \/>\n<meta property=\"og:locale\" content=\"pt_PT\" \/>\n<meta property=\"og:type\" content=\"article\" \/>\n<meta property=\"og:title\" content=\"Cuidados com as tatuagens com os cosm\u00e9ticos da Med.tattoo - Sobre n\u00f3s\" \/>\n<meta property=\"og:description\" content=\"Na Med.tatto dedicamo-nos \u00e0 venda de cosm\u00e9ticos pr\u00f3prios para o tratamento de tatuagens. Oferecemos-lhe cosm\u00e9ticos 100% naturais e veganos. Saiba mais sobre n\u00f3s!\" \/>\n<meta property=\"og:url\" content=\"https:\/\/med.tattoo\/pt-pt\/sobre-nos\/\" \/>\n<meta property=\"og:site_name\" content=\"MED.TATTOO\" \/>\n<meta property=\"article:publisher\" content=\"https:\/\/www.facebook.com\/profile.php?id=100084366705613\" \/>\n<meta name=\"twitter:card\" content=\"summary_large_image\" \/>\n<meta name=\"twitter:label1\" content=\"Tempo estimado de leitura\" \/>\n\t<meta name=\"twitter:data1\" content=\"2 minutos\" \/>\n<script type=\"application\/ld+json\" class=\"yoast-schema-graph\">{\"@context\":\"https:\\\/\\\/schema.org\",\"@graph\":[{\"@type\":\"WebPage\",\"@id\":\"https:\\\/\\\/med.tattoo\\\/pt-pt\\\/sobre-nos\\\/\",\"url\":\"https:\\\/\\\/med.tattoo\\\/pt-pt\\\/sobre-nos\\\/\",\"name\":\"Cuidados com as tatuagens com os cosm\u00e9ticos da Med.tattoo - Sobre n\u00f3s\",\"isPartOf\":{\"@id\":\"https:\\\/\\\/med.tattoo\\\/pt-pt\\\/#website\"},\"datePublished\":\"2025-05-07T08:30:02+00:00\",\"description\":\"Na Med.tatto dedicamo-nos \u00e0 venda de cosm\u00e9ticos pr\u00f3prios para o tratamento de tatuagens. Oferecemos-lhe cosm\u00e9ticos 100% naturais e veganos. Saiba mais sobre n\u00f3s!\",\"breadcrumb\":{\"@id\":\"https:\\\/\\\/med.tattoo\\\/pt-pt\\\/sobre-nos\\\/#breadcrumb\"},\"inLanguage\":\"pt-PT\",\"potentialAction\":[{\"@type\":\"ReadAction\",\"target\":[\"https:\\\/\\\/med.tattoo\\\/pt-pt\\\/sobre-nos\\\/\"]}]},{\"@type\":\"BreadcrumbList\",\"@id\":\"https:\\\/\\\/med.tattoo\\\/pt-pt\\\/sobre-nos\\\/#breadcrumb\",\"itemListElement\":[{\"@type\":\"ListItem\",\"position\":1,\"name\":\"Strona G\u0142\u00f3wna\",\"item\":\"https:\\\/\\\/med.tattoo\\\/pt-pt\\\/\"},{\"@type\":\"ListItem\",\"position\":2,\"name\":\"Sobre n\u00f3s\"}]},{\"@type\":\"WebSite\",\"@id\":\"https:\\\/\\\/med.tattoo\\\/pt-pt\\\/#website\",\"url\":\"https:\\\/\\\/med.tattoo\\\/pt-pt\\\/\",\"name\":\"MED.TATTOO\",\"description\":\"Wszystko dla Twojego tatua\u017cu\",\"publisher\":{\"@id\":\"https:\\\/\\\/med.tattoo\\\/pt-pt\\\/#organization\"},\"potentialAction\":[{\"@type\":\"SearchAction\",\"target\":{\"@type\":\"EntryPoint\",\"urlTemplate\":\"https:\\\/\\\/med.tattoo\\\/pt-pt\\\/?s={search_term_string}\"},\"query-input\":{\"@type\":\"PropertyValueSpecification\",\"valueRequired\":true,\"valueName\":\"search_term_string\"}}],\"inLanguage\":\"pt-PT\"},{\"@type\":\"Organization\",\"@id\":\"https:\\\/\\\/med.tattoo\\\/pt-pt\\\/#organization\",\"name\":\"MED.TATTOO\",\"url\":\"https:\\\/\\\/med.tattoo\\\/pt-pt\\\/\",\"logo\":{\"@type\":\"ImageObject\",\"inLanguage\":\"pt-PT\",\"@id\":\"https:\\\/\\\/med.tattoo\\\/pt-pt\\\/#\\\/schema\\\/logo\\\/image\\\/\",\"url\":\"https:\\\/\\\/med.tattoo\\\/wp-content\\\/uploads\\\/2025\\\/05\\\/Bez-tytulu-600S300-px-1-e1658908183800.png\",\"contentUrl\":\"https:\\\/\\\/med.tattoo\\\/wp-content\\\/uploads\\\/2025\\\/05\\\/Bez-tytulu-600S300-px-1-e1658908183800.png\",\"width\":600,\"height\":61,\"caption\":\"MED.TATTOO\"},\"image\":{\"@id\":\"https:\\\/\\\/med.tattoo\\\/pt-pt\\\/#\\\/schema\\\/logo\\\/image\\\/\"},\"sameAs\":[\"https:\\\/\\\/www.facebook.com\\\/profile.php?id=100084366705613\",\"https:\\\/\\\/www.instagram.com\\\/med.tattoo_official\\\/\"]}]}<\/script>\n<!-- \/ Yoast SEO plugin. -->","yoast_head_json":{"title":"Cuidados com as tatuagens com os cosm\u00e9ticos da Med.tattoo - Sobre n\u00f3s","description":"Na Med.tatto dedicamo-nos \u00e0 venda de cosm\u00e9ticos pr\u00f3prios para o tratamento de tatuagens. Oferecemos-lhe cosm\u00e9ticos 100% naturais e veganos. Saiba mais sobre n\u00f3s!","robots":{"index":"index","follow":"follow","max-snippet":"max-snippet:-1","max-image-preview":"max-image-preview:large","max-video-preview":"max-video-preview:-1"},"canonical":"https:\/\/med.tattoo\/pt-pt\/sobre-nos\/","og_locale":"pt_PT","og_type":"article","og_title":"Cuidados com as tatuagens com os cosm\u00e9ticos da Med.tattoo - Sobre n\u00f3s","og_description":"Na Med.tatto dedicamo-nos \u00e0 venda de cosm\u00e9ticos pr\u00f3prios para o tratamento de tatuagens. Oferecemos-lhe cosm\u00e9ticos 100% naturais e veganos. Saiba mais sobre n\u00f3s!","og_url":"https:\/\/med.tattoo\/pt-pt\/sobre-nos\/","og_site_name":"MED.TATTOO","article_publisher":"https:\/\/www.facebook.com\/profile.php?id=100084366705613","twitter_card":"summary_large_image","twitter_misc":{"Tempo estimado de leitura":"2 minutos"},"schema":{"@context":"https:\/\/schema.org","@graph":[{"@type":"WebPage","@id":"https:\/\/med.tattoo\/pt-pt\/sobre-nos\/","url":"https:\/\/med.tattoo\/pt-pt\/sobre-nos\/","name":"Cuidados com as tatuagens com os cosm\u00e9ticos da Med.tattoo - Sobre n\u00f3s","isPartOf":{"@id":"https:\/\/med.tattoo\/pt-pt\/#website"},"datePublished":"2025-05-07T08:30:02+00:00","description":"Na Med.tatto dedicamo-nos \u00e0 venda de cosm\u00e9ticos pr\u00f3prios para o tratamento de tatuagens. Oferecemos-lhe cosm\u00e9ticos 100% naturais e veganos. Saiba mais sobre n\u00f3s!","breadcrumb":{"@id":"https:\/\/med.tattoo\/pt-pt\/sobre-nos\/#breadcrumb"},"inLanguage":"pt-PT","potentialAction":[{"@type":"ReadAction","target":["https:\/\/med.tattoo\/pt-pt\/sobre-nos\/"]}]},{"@type":"BreadcrumbList","@id":"https:\/\/med.tattoo\/pt-pt\/sobre-nos\/#breadcrumb","itemListElement":[{"@type":"ListItem","position":1,"name":"Strona G\u0142\u00f3wna","item":"https:\/\/med.tattoo\/pt-pt\/"},{"@type":"ListItem","position":2,"name":"Sobre n\u00f3s"}]},{"@type":"WebSite","@id":"https:\/\/med.tattoo\/pt-pt\/#website","url":"https:\/\/med.tattoo\/pt-pt\/","name":"MED.TATTOO","description":"Wszystko dla Twojego tatua\u017cu","publisher":{"@id":"https:\/\/med.tattoo\/pt-pt\/#organization"},"potentialAction":[{"@type":"SearchAction","target":{"@type":"EntryPoint","urlTemplate":"https:\/\/med.tattoo\/pt-pt\/?s={search_term_string}"},"query-input":{"@type":"PropertyValueSpecification","valueRequired":true,"valueName":"search_term_string"}}],"inLanguage":"pt-PT"},{"@type":"Organization","@id":"https:\/\/med.tattoo\/pt-pt\/#organization","name":"MED.TATTOO","url":"https:\/\/med.tattoo\/pt-pt\/","logo":{"@type":"ImageObject","inLanguage":"pt-PT","@id":"https:\/\/med.tattoo\/pt-pt\/#\/schema\/logo\/image\/","url":"https:\/\/med.tattoo\/wp-content\/uploads\/2025\/05\/Bez-tytulu-600S300-px-1-e1658908183800.png","contentUrl":"https:\/\/med.tattoo\/wp-content\/uploads\/2025\/05\/Bez-tytulu-600S300-px-1-e1658908183800.png","width":600,"height":61,"caption":"MED.TATTOO"},"image":{"@id":"https:\/\/med.tattoo\/pt-pt\/#\/schema\/logo\/image\/"},"sameAs":["https:\/\/www.facebook.com\/profile.php?id=100084366705613","https:\/\/www.instagram.com\/med.tattoo_official\/"]}]}},"_links":{"self":[{"href":"https:\/\/med.tattoo\/pt-pt\/wp-json\/wp\/v2\/pages\/4698","targetHints":{"allow":["GET"]}}],"collection":[{"href":"https:\/\/med.tattoo\/pt-pt\/wp-json\/wp\/v2\/pages"}],"about":[{"href":"https:\/\/med.tattoo\/pt-pt\/wp-json\/wp\/v2\/types\/page"}],"author":[{"embeddable":true,"href":"https:\/\/med.tattoo\/pt-pt\/wp-json\/wp\/v2\/users\/1"}],"replies":[{"embeddable":true,"href":"https:\/\/med.tattoo\/pt-pt\/wp-json\/wp\/v2\/comments?post=4698"}],"version-history":[{"count":1,"href":"https:\/\/med.tattoo\/pt-pt\/wp-json\/wp\/v2\/pages\/4698\/revisions"}],"predecessor-version":[{"id":4704,"href":"https:\/\/med.tattoo\/pt-pt\/wp-json\/wp\/v2\/pages\/4698\/revisions\/4704"}],"wp:attachment":[{"href":"https:\/\/med.tattoo\/pt-pt\/wp-json\/wp\/v2\/media?parent=4698"}],"curies":[{"name":"wp","href":"https:\/\/api.w.org\/{rel}","templated":true}]}}