{"id":10224,"date":"2025-05-15T07:29:14","date_gmt":"2025-05-15T05:29:14","guid":{"rendered":"https:\/\/med.tattoo\/produkt\/luvas-de-nitrilo-sem-po-100-unidades-xs-preto\/"},"modified":"2025-05-15T07:29:14","modified_gmt":"2025-05-15T05:29:14","slug":"luvas-de-nitrilo-sem-po-100-unidades-xs-preto","status":"publish","type":"product","link":"https:\/\/med.tattoo\/pt-pt\/produto\/luvas-de-nitrilo-sem-po-100-unidades-xs-preto\/","title":{"rendered":"Luvas de nitrilo sem p\u00f3 100 unidades XS preto"},"content":{"rendered":"<p>Estas luvas de nitrilo extremamente eficazes proporcionar\u00e3o \u00e0s suas m\u00e3os uma excelente prote\u00e7\u00e3o numa variedade de condi\u00e7\u00f5es. Podem ser utilizadas na ind\u00fastria alimentar, em lojas, sal\u00f5es de beleza, cabeleireiros, est\u00fadios de tatuagem, cl\u00ednicas e hospitais. Gra\u00e7as ao seu design texturado, s\u00e3o tamb\u00e9m ideais para trabalhos de precis\u00e3o. S\u00e3o fabricadas em material nitrilo extremamente dur\u00e1vel e resistente. N\u00e3o cont\u00eam l\u00e1tex, o que significa que tamb\u00e9m podem ser utilizadas por pessoas com pele sens\u00edvel ou alergias. S\u00e3o extremamente flex\u00edveis e resistentes a perfura\u00e7\u00f5es, cortes e furos. S\u00e3o finas, pelo que n\u00e3o limitam a sensibilidade da m\u00e3o e adaptam-se perfeitamente.      <\/p>\n<p>Prote\u00e7\u00e3o eficaz<br \/>\nAs luvas de nitrilo s\u00e3o fabricadas a partir de materiais de alta qualidade que n\u00e3o cont\u00eam prote\u00ednas de l\u00e1tex, o que as torna ideais para quem sofre de alergias e para pessoas com pele sens\u00edvel com tend\u00eancia para a vermelhid\u00e3o. Proteger\u00e3o as suas m\u00e3os contra produtos qu\u00edmicos, agentes citost\u00e1ticos, v\u00edrus e bact\u00e9rias. <\/p>\n<p>Flex\u00edvel<br \/>\nO nitrilo \u00e9 um material extremamente flex\u00edvel que se adapta a qualquer forma de m\u00e3o. Um pacote cont\u00e9m luvas que se adaptam tanto \u00e0 m\u00e3o direita como \u00e0 esquerda. T\u00eam uma resist\u00eancia extremamente elevada a perfura\u00e7\u00f5es, furos e cortes. Por conseguinte, proteger\u00e3o perfeitamente as suas m\u00e3os.   <\/p>\n<p>As luvas multifuncionais<br \/>\ns\u00e3o \u00f3ptimas para pessoas que trabalham em locais p\u00fablicos, como lojas, sal\u00f5es de beleza, cabeleireiros e cl\u00ednicas ou hospitais. Podem ser utilizadas diariamente durante uma pandemia ou epidemia. <\/p>\n<p>Texturizadas<br \/>\nA superf\u00edcie das luvas \u00e9 texturizada, o que facilita a ader\u00eancia a objectos de diferentes formas e superf\u00edcies, tanto secos como molhados. S\u00e3o perfeitas para trabalhos de precis\u00e3o. A embalagem cont\u00e9m at\u00e9 100 luvas, o que lhe permitir\u00e1 proteger-se em caso de pandemia ou epidemia.  <\/p>\n<p>AQL: 1,5 ap\u00f3s a embalagem (informa\u00e7\u00f5es de f\u00e1brica na embalagem)<\/p>\n<p>Espessura (parede simples) m\u00edn: Dedo: 0,10 mm Palma: 0,07 mm<\/p>\n<p>Comprimento da luva de acordo com a norma EN 455-2: m\u00edn. 240 mm <\/p>\n<p>For\u00e7a de rutura antes\/depois do envelhecimento: min. 7,0 N <\/p>\n<p>Conformidade: Classe I de acordo com a Diretiva 93\/42\/CEE relativa aos dispositivos m\u00e9dicos e MDR (UE 2017\/745) Categoria III de acordo com o Regulamento 2016\/425 relativo aos equipamentos de prote\u00e7\u00e3o individual Marca\u00e7\u00e3o CE<\/p>\n<p>Conformidade com as normas: EN 455-1,2,3,4; EN ISO 374-1,5; EN 374-2,3,4; EN 16523-1; EN 420; EN 388; ASTM F 1671; ASTM D 6978; ISO 22000; ISO 9001; ISO 13485; ISO 14001; OHSAS 18001; EN ISO 15223-1; ISO-10993-1; EN ISO 14971; ISO 2859-1; EN ISO 21171.<\/p>\n","protected":false},"excerpt":{"rendered":"<p>Estas luvas de nitrilo extremamente eficazes proporcionar\u00e3o \u00e0s suas m\u00e3os uma excelente prote\u00e7\u00e3o numa variedade de condi\u00e7\u00f5es. Podem ser utilizadas na ind\u00fastria alimentar, em lojas, sal\u00f5es de beleza, cabeleireiros, est\u00fadios de tatuagem, cl\u00ednicas e hospitais. Gra\u00e7as ao seu design texturado, s\u00e3o tamb\u00e9m ideais para trabalhos de precis\u00e3o. S\u00e3o fabricadas em material nitrilo extremamente dur\u00e1vel e [&hellip;]<\/p>\n","protected":false},"featured_media":7918,"comment_status":"closed","ping_status":"closed","template":"","meta":{"site-sidebar-layout":"default","site-content-layout":"","ast-site-content-layout":"default","site-content-style":"default","site-sidebar-style":"default","ast-global-header-display":"","ast-banner-title-visibility":"","ast-main-header-display":"","ast-hfb-above-header-display":"","ast-hfb-below-header-display":"","ast-hfb-mobile-header-display":"","site-post-title":"","ast-breadcrumbs-content":"","ast-featured-img":"","footer-sml-layout":"","ast-disable-related-posts":"","theme-transparent-header-meta":"","adv-header-id-meta":"","stick-header-meta":"","header-above-stick-meta":"","header-main-stick-meta":"","header-below-stick-meta":"","astra-migrate-meta-layouts":"default","ast-page-background-enabled":"default","ast-page-background-meta":{"desktop":{"background-color":"var(--ast-global-color-4)","background-image":"","background-repeat":"repeat","background-position":"center center","background-size":"auto","background-attachment":"scroll","background-type":"","background-media":"","overlay-type":"","overlay-color":"","overlay-opacity":"","overlay-gradient":""},"tablet":{"background-color":"","background-image":"","background-repeat":"repeat","background-position":"center center","background-size":"auto","background-attachment":"scroll","background-type":"","background-media":"","overlay-type":"","overlay-color":"","overlay-opacity":"","overlay-gradient":""},"mobile":{"background-color":"","background-image":"","background-repeat":"repeat","background-position":"center center","background-size":"auto","background-attachment":"scroll","background-type":"","background-media":"","overlay-type":"","overlay-color":"","overlay-opacity":"","overlay-gradient":""}},"ast-content-background-meta":{"desktop":{"background-color":"var(--ast-global-color-5)","background-image":"","background-repeat":"repeat","background-position":"center center","background-size":"auto","background-attachment":"scroll","background-type":"","background-media":"","overlay-type":"","overlay-color":"","overlay-opacity":"","overlay-gradient":""},"tablet":{"background-color":"var(--ast-global-color-5)","background-image":"","background-repeat":"repeat","background-position":"center center","background-size":"auto","background-attachment":"scroll","background-type":"","background-media":"","overlay-type":"","overlay-color":"","overlay-opacity":"","overlay-gradient":""},"mobile":{"background-color":"var(--ast-global-color-5)","background-image":"","background-repeat":"repeat","background-position":"center center","background-size":"auto","background-attachment":"scroll","background-type":"","background-media":"","overlay-type":"","overlay-color":"","overlay-opacity":"","overlay-gradient":""}}},"product_brand":[],"product_cat":[90],"product_tag":[],"class_list":{"0":"post-10224","1":"product","2":"type-product","3":"status-publish","4":"has-post-thumbnail","6":"product_cat-med-tattoo-pt","7":"desktop-align-left","8":"tablet-align-left","9":"mobile-align-left","10":"ast-product-gallery-layout-horizontal-slider","11":"ast-product-gallery-with-no-image","12":"ast-product-tabs-layout-distributed","14":"first","15":"instock","16":"purchasable","17":"product-type-simple"},"yoast_head":"<!-- This site is optimized with the Yoast SEO plugin v27.4 - https:\/\/yoast.com\/product\/yoast-seo-wordpress\/ -->\n<title>Luvas de nitrilo sem p\u00f3 100 unidades XS preto - MED.TATTOO<\/title>\n<meta name=\"robots\" content=\"index, follow, max-snippet:-1, max-image-preview:large, max-video-preview:-1\" \/>\n<link rel=\"canonical\" href=\"https:\/\/med.tattoo\/pt-pt\/produto\/luvas-de-nitrilo-sem-po-100-unidades-xs-preto\/\" \/>\n<meta property=\"og:locale\" content=\"pt_PT\" \/>\n<meta property=\"og:type\" content=\"article\" \/>\n<meta property=\"og:title\" content=\"Luvas de nitrilo sem p\u00f3 100 unidades XS preto - MED.TATTOO\" \/>\n<meta property=\"og:description\" content=\"Estas luvas de nitrilo extremamente eficazes proporcionar\u00e3o \u00e0s suas m\u00e3os uma excelente prote\u00e7\u00e3o numa variedade de condi\u00e7\u00f5es. Podem ser utilizadas na ind\u00fastria alimentar, em lojas, sal\u00f5es de beleza, cabeleireiros, est\u00fadios de tatuagem, cl\u00ednicas e hospitais. Gra\u00e7as ao seu design texturado, s\u00e3o tamb\u00e9m ideais para trabalhos de precis\u00e3o. S\u00e3o fabricadas em material nitrilo extremamente dur\u00e1vel e [&hellip;]\" \/>\n<meta property=\"og:url\" content=\"https:\/\/med.tattoo\/pt-pt\/produto\/luvas-de-nitrilo-sem-po-100-unidades-xs-preto\/\" \/>\n<meta property=\"og:site_name\" content=\"MED.TATTOO\" \/>\n<meta property=\"article:publisher\" content=\"https:\/\/www.facebook.com\/profile.php?id=100084366705613\" \/>\n<meta name=\"twitter:card\" content=\"summary_large_image\" \/>\n<meta name=\"twitter:label1\" content=\"Tempo estimado de leitura\" \/>\n\t<meta name=\"twitter:data1\" content=\"2 minutos\" \/>\n<script type=\"application\/ld+json\" class=\"yoast-schema-graph\">{\"@context\":\"https:\\\/\\\/schema.org\",\"@graph\":[{\"@type\":\"WebPage\",\"@id\":\"https:\\\/\\\/med.tattoo\\\/pt-pt\\\/produto\\\/luvas-de-nitrilo-sem-po-100-unidades-xs-preto\\\/\",\"url\":\"https:\\\/\\\/med.tattoo\\\/pt-pt\\\/produto\\\/luvas-de-nitrilo-sem-po-100-unidades-xs-preto\\\/\",\"name\":\"Luvas de nitrilo sem p\u00f3 100 unidades XS preto - MED.TATTOO\",\"isPartOf\":{\"@id\":\"https:\\\/\\\/med.tattoo\\\/pt-pt\\\/#website\"},\"primaryImageOfPage\":{\"@id\":\"https:\\\/\\\/med.tattoo\\\/pt-pt\\\/produto\\\/luvas-de-nitrilo-sem-po-100-unidades-xs-preto\\\/#primaryimage\"},\"image\":{\"@id\":\"https:\\\/\\\/med.tattoo\\\/pt-pt\\\/produto\\\/luvas-de-nitrilo-sem-po-100-unidades-xs-preto\\\/#primaryimage\"},\"thumbnailUrl\":\"https:\\\/\\\/med.tattoo\\\/wp-content\\\/uploads\\\/2025\\\/05\\\/122_rekawice-nitrylowe-bezpudrowe-100szt-xs-czarne_1744006959.png\",\"datePublished\":\"2025-05-15T05:29:14+00:00\",\"breadcrumb\":{\"@id\":\"https:\\\/\\\/med.tattoo\\\/pt-pt\\\/produto\\\/luvas-de-nitrilo-sem-po-100-unidades-xs-preto\\\/#breadcrumb\"},\"inLanguage\":\"pt-PT\",\"potentialAction\":[{\"@type\":\"ReadAction\",\"target\":[\"https:\\\/\\\/med.tattoo\\\/pt-pt\\\/produto\\\/luvas-de-nitrilo-sem-po-100-unidades-xs-preto\\\/\"]}]},{\"@type\":\"ImageObject\",\"inLanguage\":\"pt-PT\",\"@id\":\"https:\\\/\\\/med.tattoo\\\/pt-pt\\\/produto\\\/luvas-de-nitrilo-sem-po-100-unidades-xs-preto\\\/#primaryimage\",\"url\":\"https:\\\/\\\/med.tattoo\\\/wp-content\\\/uploads\\\/2025\\\/05\\\/122_rekawice-nitrylowe-bezpudrowe-100szt-xs-czarne_1744006959.png\",\"contentUrl\":\"https:\\\/\\\/med.tattoo\\\/wp-content\\\/uploads\\\/2025\\\/05\\\/122_rekawice-nitrylowe-bezpudrowe-100szt-xs-czarne_1744006959.png\",\"width\":454,\"height\":449},{\"@type\":\"BreadcrumbList\",\"@id\":\"https:\\\/\\\/med.tattoo\\\/pt-pt\\\/produto\\\/luvas-de-nitrilo-sem-po-100-unidades-xs-preto\\\/#breadcrumb\",\"itemListElement\":[{\"@type\":\"ListItem\",\"position\":1,\"name\":\"Strona G\u0142\u00f3wna\",\"item\":\"https:\\\/\\\/med.tattoo\\\/pt-pt\\\/\"},{\"@type\":\"ListItem\",\"position\":2,\"name\":\"Loja\",\"item\":\"https:\\\/\\\/med.tattoo\\\/pt-pt\\\/loja\\\/\"},{\"@type\":\"ListItem\",\"position\":3,\"name\":\"Luvas de nitrilo sem p\u00f3 100 unidades XS preto\"}]},{\"@type\":\"WebSite\",\"@id\":\"https:\\\/\\\/med.tattoo\\\/pt-pt\\\/#website\",\"url\":\"https:\\\/\\\/med.tattoo\\\/pt-pt\\\/\",\"name\":\"MED.TATTOO\",\"description\":\"Wszystko dla Twojego tatua\u017cu\",\"publisher\":{\"@id\":\"https:\\\/\\\/med.tattoo\\\/pt-pt\\\/#organization\"},\"potentialAction\":[{\"@type\":\"SearchAction\",\"target\":{\"@type\":\"EntryPoint\",\"urlTemplate\":\"https:\\\/\\\/med.tattoo\\\/pt-pt\\\/?s={search_term_string}\"},\"query-input\":{\"@type\":\"PropertyValueSpecification\",\"valueRequired\":true,\"valueName\":\"search_term_string\"}}],\"inLanguage\":\"pt-PT\"},{\"@type\":\"Organization\",\"@id\":\"https:\\\/\\\/med.tattoo\\\/pt-pt\\\/#organization\",\"name\":\"MED.TATTOO\",\"url\":\"https:\\\/\\\/med.tattoo\\\/pt-pt\\\/\",\"logo\":{\"@type\":\"ImageObject\",\"inLanguage\":\"pt-PT\",\"@id\":\"https:\\\/\\\/med.tattoo\\\/pt-pt\\\/#\\\/schema\\\/logo\\\/image\\\/\",\"url\":\"https:\\\/\\\/med.tattoo\\\/wp-content\\\/uploads\\\/2025\\\/05\\\/Bez-tytulu-600S300-px-1-e1658908183800.png\",\"contentUrl\":\"https:\\\/\\\/med.tattoo\\\/wp-content\\\/uploads\\\/2025\\\/05\\\/Bez-tytulu-600S300-px-1-e1658908183800.png\",\"width\":600,\"height\":61,\"caption\":\"MED.TATTOO\"},\"image\":{\"@id\":\"https:\\\/\\\/med.tattoo\\\/pt-pt\\\/#\\\/schema\\\/logo\\\/image\\\/\"},\"sameAs\":[\"https:\\\/\\\/www.facebook.com\\\/profile.php?id=100084366705613\",\"https:\\\/\\\/www.instagram.com\\\/med.tattoo_official\\\/\"]}]}<\/script>\n<!-- \/ Yoast SEO plugin. -->","yoast_head_json":{"title":"Luvas de nitrilo sem p\u00f3 100 unidades XS preto - MED.TATTOO","robots":{"index":"index","follow":"follow","max-snippet":"max-snippet:-1","max-image-preview":"max-image-preview:large","max-video-preview":"max-video-preview:-1"},"canonical":"https:\/\/med.tattoo\/pt-pt\/produto\/luvas-de-nitrilo-sem-po-100-unidades-xs-preto\/","og_locale":"pt_PT","og_type":"article","og_title":"Luvas de nitrilo sem p\u00f3 100 unidades XS preto - MED.TATTOO","og_description":"Estas luvas de nitrilo extremamente eficazes proporcionar\u00e3o \u00e0s suas m\u00e3os uma excelente prote\u00e7\u00e3o numa variedade de condi\u00e7\u00f5es. Podem ser utilizadas na ind\u00fastria alimentar, em lojas, sal\u00f5es de beleza, cabeleireiros, est\u00fadios de tatuagem, cl\u00ednicas e hospitais. Gra\u00e7as ao seu design texturado, s\u00e3o tamb\u00e9m ideais para trabalhos de precis\u00e3o. S\u00e3o fabricadas em material nitrilo extremamente dur\u00e1vel e [&hellip;]","og_url":"https:\/\/med.tattoo\/pt-pt\/produto\/luvas-de-nitrilo-sem-po-100-unidades-xs-preto\/","og_site_name":"MED.TATTOO","article_publisher":"https:\/\/www.facebook.com\/profile.php?id=100084366705613","twitter_card":"summary_large_image","twitter_misc":{"Tempo estimado de leitura":"2 minutos"},"schema":{"@context":"https:\/\/schema.org","@graph":[{"@type":"WebPage","@id":"https:\/\/med.tattoo\/pt-pt\/produto\/luvas-de-nitrilo-sem-po-100-unidades-xs-preto\/","url":"https:\/\/med.tattoo\/pt-pt\/produto\/luvas-de-nitrilo-sem-po-100-unidades-xs-preto\/","name":"Luvas de nitrilo sem p\u00f3 100 unidades XS preto - MED.TATTOO","isPartOf":{"@id":"https:\/\/med.tattoo\/pt-pt\/#website"},"primaryImageOfPage":{"@id":"https:\/\/med.tattoo\/pt-pt\/produto\/luvas-de-nitrilo-sem-po-100-unidades-xs-preto\/#primaryimage"},"image":{"@id":"https:\/\/med.tattoo\/pt-pt\/produto\/luvas-de-nitrilo-sem-po-100-unidades-xs-preto\/#primaryimage"},"thumbnailUrl":"https:\/\/med.tattoo\/wp-content\/uploads\/2025\/05\/122_rekawice-nitrylowe-bezpudrowe-100szt-xs-czarne_1744006959.png","datePublished":"2025-05-15T05:29:14+00:00","breadcrumb":{"@id":"https:\/\/med.tattoo\/pt-pt\/produto\/luvas-de-nitrilo-sem-po-100-unidades-xs-preto\/#breadcrumb"},"inLanguage":"pt-PT","potentialAction":[{"@type":"ReadAction","target":["https:\/\/med.tattoo\/pt-pt\/produto\/luvas-de-nitrilo-sem-po-100-unidades-xs-preto\/"]}]},{"@type":"ImageObject","inLanguage":"pt-PT","@id":"https:\/\/med.tattoo\/pt-pt\/produto\/luvas-de-nitrilo-sem-po-100-unidades-xs-preto\/#primaryimage","url":"https:\/\/med.tattoo\/wp-content\/uploads\/2025\/05\/122_rekawice-nitrylowe-bezpudrowe-100szt-xs-czarne_1744006959.png","contentUrl":"https:\/\/med.tattoo\/wp-content\/uploads\/2025\/05\/122_rekawice-nitrylowe-bezpudrowe-100szt-xs-czarne_1744006959.png","width":454,"height":449},{"@type":"BreadcrumbList","@id":"https:\/\/med.tattoo\/pt-pt\/produto\/luvas-de-nitrilo-sem-po-100-unidades-xs-preto\/#breadcrumb","itemListElement":[{"@type":"ListItem","position":1,"name":"Strona G\u0142\u00f3wna","item":"https:\/\/med.tattoo\/pt-pt\/"},{"@type":"ListItem","position":2,"name":"Loja","item":"https:\/\/med.tattoo\/pt-pt\/loja\/"},{"@type":"ListItem","position":3,"name":"Luvas de nitrilo sem p\u00f3 100 unidades XS preto"}]},{"@type":"WebSite","@id":"https:\/\/med.tattoo\/pt-pt\/#website","url":"https:\/\/med.tattoo\/pt-pt\/","name":"MED.TATTOO","description":"Wszystko dla Twojego tatua\u017cu","publisher":{"@id":"https:\/\/med.tattoo\/pt-pt\/#organization"},"potentialAction":[{"@type":"SearchAction","target":{"@type":"EntryPoint","urlTemplate":"https:\/\/med.tattoo\/pt-pt\/?s={search_term_string}"},"query-input":{"@type":"PropertyValueSpecification","valueRequired":true,"valueName":"search_term_string"}}],"inLanguage":"pt-PT"},{"@type":"Organization","@id":"https:\/\/med.tattoo\/pt-pt\/#organization","name":"MED.TATTOO","url":"https:\/\/med.tattoo\/pt-pt\/","logo":{"@type":"ImageObject","inLanguage":"pt-PT","@id":"https:\/\/med.tattoo\/pt-pt\/#\/schema\/logo\/image\/","url":"https:\/\/med.tattoo\/wp-content\/uploads\/2025\/05\/Bez-tytulu-600S300-px-1-e1658908183800.png","contentUrl":"https:\/\/med.tattoo\/wp-content\/uploads\/2025\/05\/Bez-tytulu-600S300-px-1-e1658908183800.png","width":600,"height":61,"caption":"MED.TATTOO"},"image":{"@id":"https:\/\/med.tattoo\/pt-pt\/#\/schema\/logo\/image\/"},"sameAs":["https:\/\/www.facebook.com\/profile.php?id=100084366705613","https:\/\/www.instagram.com\/med.tattoo_official\/"]}]}},"_links":{"self":[{"href":"https:\/\/med.tattoo\/pt-pt\/wp-json\/wp\/v2\/product\/10224","targetHints":{"allow":["GET"]}}],"collection":[{"href":"https:\/\/med.tattoo\/pt-pt\/wp-json\/wp\/v2\/product"}],"about":[{"href":"https:\/\/med.tattoo\/pt-pt\/wp-json\/wp\/v2\/types\/product"}],"replies":[{"embeddable":true,"href":"https:\/\/med.tattoo\/pt-pt\/wp-json\/wp\/v2\/comments?post=10224"}],"wp:featuredmedia":[{"embeddable":true,"href":"https:\/\/med.tattoo\/pt-pt\/wp-json\/wp\/v2\/media\/7918"}],"wp:attachment":[{"href":"https:\/\/med.tattoo\/pt-pt\/wp-json\/wp\/v2\/media?parent=10224"}],"wp:term":[{"taxonomy":"product_brand","embeddable":true,"href":"https:\/\/med.tattoo\/pt-pt\/wp-json\/wp\/v2\/product_brand?post=10224"},{"taxonomy":"product_cat","embeddable":true,"href":"https:\/\/med.tattoo\/pt-pt\/wp-json\/wp\/v2\/product_cat?post=10224"},{"taxonomy":"product_tag","embeddable":true,"href":"https:\/\/med.tattoo\/pt-pt\/wp-json\/wp\/v2\/product_tag?post=10224"}],"curies":[{"name":"wp","href":"https:\/\/api.w.org\/{rel}","templated":true}]}}