{"id":10257,"date":"2025-05-15T07:29:14","date_gmt":"2025-05-15T05:29:14","guid":{"rendered":"https:\/\/med.tattoo\/produkt\/fato-de-banho-para-estoma-em-rolo-33x48cm-40pcs-roxo\/"},"modified":"2025-05-15T07:29:14","modified_gmt":"2025-05-15T05:29:14","slug":"fato-de-banho-para-estoma-em-rolo-33x48cm-40pcs-roxo","status":"publish","type":"product","link":"https:\/\/med.tattoo\/pt-pt\/produto\/fato-de-banho-para-estoma-em-rolo-33x48cm-40pcs-roxo\/","title":{"rendered":"Fato de banho para estoma em rolo 33x48cm\/40pcs roxo"},"content":{"rendered":"<p>Guardanapos descart\u00e1veis em rolo<\/p>\n<p>O pre\u00e7o refere-se a 1 unidade.<\/p>\n<p>O produto \u00e9 vendido em caixas de 35 unidades.<\/p>\n<p>Os panos de enrolar descart\u00e1veis s\u00e3o um equipamento essencial nas pr\u00e1ticas m\u00e9dicas em que \u00e9 necess\u00e1rio proteger o doente durante os procedimentos m\u00e9dicos. Os guardanapos descart\u00e1veis s\u00e3o concebidos para absorver fluidos corporais, prepara\u00e7\u00f5es terap\u00eauticas ou outras subst\u00e2ncias utilizadas durante procedimentos em cirurgias dent\u00e1rias ou ortod\u00f4nticas. Os panos de enrolar descart\u00e1veis tamb\u00e9m podem ser utilizados em hospitais, lares de idosos e hosp\u00edcios para a presta\u00e7\u00e3o de cuidados a doentes acamados (administra\u00e7\u00e3o oral de l\u00edquidos ou refei\u00e7\u00f5es).  <\/p>\n<p>Objetivo:<\/p>\n<p>Cirurgias dent\u00e1rias,<br \/>\ncirurgias ortod\u00f4nticas,<br \/>\ncirurgias prot\u00e9ticas,<br \/>\nhospitais,<br \/>\nhosp\u00edcios,<br \/>\nlares de idosos,<br \/>\nAplica\u00e7\u00e3o:<\/p>\n<p>Prote\u00e7\u00e3o dos doentes<br \/>\nVantagens:<\/p>\n<p>vasta gama de cores &#8211; adapt\u00e1vel ao esquema de cores e \u00e0 decora\u00e7\u00e3o<br \/>\ndo escrit\u00f3rio:<\/p>\n<p>descart\u00e1vel,<br \/>\nprotetora &#8211; protege a roupa do doente contra a sujidade,<br \/>\nmacia, agrad\u00e1vel ao toque,<br \/>\ncom perfura\u00e7\u00e3o para facilitar a remo\u00e7\u00e3o de campos individuais,<br \/>\nfeita de papel de seda, adicionalmente protegida com uma camada de folha de alum\u00ednio,<br \/>\nprotege as partes n\u00e3o cobertas do corpo do doente de poss\u00edveis irrita\u00e7\u00f5es ou alergias,<br \/>\nprevine a transfer\u00eancia de bact\u00e9rias atrav\u00e9s do corpo ou da roupa contaminada do doente,<br \/>\nreduz o risco de infe\u00e7\u00e3o,<br \/>\nDimens\u00f5es:<\/p>\n<p>33 x 48<br \/>\n40 pcs. em 1 rolo <\/p>\n","protected":false},"excerpt":{"rendered":"<p>Guardanapos descart\u00e1veis em rolo O pre\u00e7o refere-se a 1 unidade. O produto \u00e9 vendido em caixas de 35 unidades. Os panos de enrolar descart\u00e1veis s\u00e3o um equipamento essencial nas pr\u00e1ticas m\u00e9dicas em que \u00e9 necess\u00e1rio proteger o doente durante os procedimentos m\u00e9dicos. Os guardanapos descart\u00e1veis s\u00e3o concebidos para absorver fluidos corporais, prepara\u00e7\u00f5es terap\u00eauticas ou outras [&hellip;]<\/p>\n","protected":false},"featured_media":7934,"comment_status":"closed","ping_status":"open","template":"","meta":{"site-sidebar-layout":"default","site-content-layout":"","ast-site-content-layout":"default","site-content-style":"default","site-sidebar-style":"default","ast-global-header-display":"","ast-banner-title-visibility":"","ast-main-header-display":"","ast-hfb-above-header-display":"","ast-hfb-below-header-display":"","ast-hfb-mobile-header-display":"","site-post-title":"","ast-breadcrumbs-content":"","ast-featured-img":"","footer-sml-layout":"","ast-disable-related-posts":"","theme-transparent-header-meta":"","adv-header-id-meta":"","stick-header-meta":"","header-above-stick-meta":"","header-main-stick-meta":"","header-below-stick-meta":"","astra-migrate-meta-layouts":"default","ast-page-background-enabled":"default","ast-page-background-meta":{"desktop":{"background-color":"var(--ast-global-color-4)","background-image":"","background-repeat":"repeat","background-position":"center center","background-size":"auto","background-attachment":"scroll","background-type":"","background-media":"","overlay-type":"","overlay-color":"","overlay-opacity":"","overlay-gradient":""},"tablet":{"background-color":"","background-image":"","background-repeat":"repeat","background-position":"center center","background-size":"auto","background-attachment":"scroll","background-type":"","background-media":"","overlay-type":"","overlay-color":"","overlay-opacity":"","overlay-gradient":""},"mobile":{"background-color":"","background-image":"","background-repeat":"repeat","background-position":"center center","background-size":"auto","background-attachment":"scroll","background-type":"","background-media":"","overlay-type":"","overlay-color":"","overlay-opacity":"","overlay-gradient":""}},"ast-content-background-meta":{"desktop":{"background-color":"var(--ast-global-color-5)","background-image":"","background-repeat":"repeat","background-position":"center center","background-size":"auto","background-attachment":"scroll","background-type":"","background-media":"","overlay-type":"","overlay-color":"","overlay-opacity":"","overlay-gradient":""},"tablet":{"background-color":"var(--ast-global-color-5)","background-image":"","background-repeat":"repeat","background-position":"center center","background-size":"auto","background-attachment":"scroll","background-type":"","background-media":"","overlay-type":"","overlay-color":"","overlay-opacity":"","overlay-gradient":""},"mobile":{"background-color":"var(--ast-global-color-5)","background-image":"","background-repeat":"repeat","background-position":"center center","background-size":"auto","background-attachment":"scroll","background-type":"","background-media":"","overlay-type":"","overlay-color":"","overlay-opacity":"","overlay-gradient":""}}},"product_brand":[],"product_cat":[90],"product_tag":[],"class_list":{"0":"post-10257","1":"product","2":"type-product","3":"status-publish","4":"has-post-thumbnail","6":"product_cat-med-tattoo-pt","7":"desktop-align-left","8":"tablet-align-left","9":"mobile-align-left","10":"ast-product-gallery-layout-horizontal-slider","11":"ast-product-gallery-with-no-image","12":"ast-product-tabs-layout-distributed","14":"first","15":"outofstock","16":"purchasable","17":"product-type-simple"},"yoast_head":"<!-- This site is optimized with the Yoast SEO plugin v27.4 - https:\/\/yoast.com\/product\/yoast-seo-wordpress\/ -->\n<title>Fato de banho para estoma em rolo 33x48cm\/40pcs roxo - MED.TATTOO<\/title>\n<meta name=\"robots\" content=\"index, follow, max-snippet:-1, max-image-preview:large, max-video-preview:-1\" \/>\n<link rel=\"canonical\" href=\"https:\/\/med.tattoo\/pt-pt\/produto\/fato-de-banho-para-estoma-em-rolo-33x48cm-40pcs-roxo\/\" \/>\n<meta property=\"og:locale\" content=\"pt_PT\" \/>\n<meta property=\"og:type\" content=\"article\" \/>\n<meta property=\"og:title\" content=\"Fato de banho para estoma em rolo 33x48cm\/40pcs roxo - MED.TATTOO\" \/>\n<meta property=\"og:description\" content=\"Guardanapos descart\u00e1veis em rolo O pre\u00e7o refere-se a 1 unidade. O produto \u00e9 vendido em caixas de 35 unidades. Os panos de enrolar descart\u00e1veis s\u00e3o um equipamento essencial nas pr\u00e1ticas m\u00e9dicas em que \u00e9 necess\u00e1rio proteger o doente durante os procedimentos m\u00e9dicos. Os guardanapos descart\u00e1veis s\u00e3o concebidos para absorver fluidos corporais, prepara\u00e7\u00f5es terap\u00eauticas ou outras [&hellip;]\" \/>\n<meta property=\"og:url\" content=\"https:\/\/med.tattoo\/pt-pt\/produto\/fato-de-banho-para-estoma-em-rolo-33x48cm-40pcs-roxo\/\" \/>\n<meta property=\"og:site_name\" content=\"MED.TATTOO\" \/>\n<meta property=\"article:publisher\" content=\"https:\/\/www.facebook.com\/profile.php?id=100084366705613\" \/>\n<meta name=\"twitter:card\" content=\"summary_large_image\" \/>\n<meta name=\"twitter:label1\" content=\"Tempo estimado de leitura\" \/>\n\t<meta name=\"twitter:data1\" content=\"1 minuto\" \/>\n<script type=\"application\/ld+json\" class=\"yoast-schema-graph\">{\"@context\":\"https:\\\/\\\/schema.org\",\"@graph\":[{\"@type\":\"WebPage\",\"@id\":\"https:\\\/\\\/med.tattoo\\\/pt-pt\\\/produto\\\/fato-de-banho-para-estoma-em-rolo-33x48cm-40pcs-roxo\\\/\",\"url\":\"https:\\\/\\\/med.tattoo\\\/pt-pt\\\/produto\\\/fato-de-banho-para-estoma-em-rolo-33x48cm-40pcs-roxo\\\/\",\"name\":\"Fato de banho para estoma em rolo 33x48cm\\\/40pcs roxo - MED.TATTOO\",\"isPartOf\":{\"@id\":\"https:\\\/\\\/med.tattoo\\\/pt-pt\\\/#website\"},\"primaryImageOfPage\":{\"@id\":\"https:\\\/\\\/med.tattoo\\\/pt-pt\\\/produto\\\/fato-de-banho-para-estoma-em-rolo-33x48cm-40pcs-roxo\\\/#primaryimage\"},\"image\":{\"@id\":\"https:\\\/\\\/med.tattoo\\\/pt-pt\\\/produto\\\/fato-de-banho-para-estoma-em-rolo-33x48cm-40pcs-roxo\\\/#primaryimage\"},\"thumbnailUrl\":\"https:\\\/\\\/med.tattoo\\\/wp-content\\\/uploads\\\/2025\\\/05\\\/237_podklad-serweta-stom.w-rolce-33x48cm-40szt-fioleto_1744006858.png\",\"datePublished\":\"2025-05-15T05:29:14+00:00\",\"breadcrumb\":{\"@id\":\"https:\\\/\\\/med.tattoo\\\/pt-pt\\\/produto\\\/fato-de-banho-para-estoma-em-rolo-33x48cm-40pcs-roxo\\\/#breadcrumb\"},\"inLanguage\":\"pt-PT\",\"potentialAction\":[{\"@type\":\"ReadAction\",\"target\":[\"https:\\\/\\\/med.tattoo\\\/pt-pt\\\/produto\\\/fato-de-banho-para-estoma-em-rolo-33x48cm-40pcs-roxo\\\/\"]}]},{\"@type\":\"ImageObject\",\"inLanguage\":\"pt-PT\",\"@id\":\"https:\\\/\\\/med.tattoo\\\/pt-pt\\\/produto\\\/fato-de-banho-para-estoma-em-rolo-33x48cm-40pcs-roxo\\\/#primaryimage\",\"url\":\"https:\\\/\\\/med.tattoo\\\/wp-content\\\/uploads\\\/2025\\\/05\\\/237_podklad-serweta-stom.w-rolce-33x48cm-40szt-fioleto_1744006858.png\",\"contentUrl\":\"https:\\\/\\\/med.tattoo\\\/wp-content\\\/uploads\\\/2025\\\/05\\\/237_podklad-serweta-stom.w-rolce-33x48cm-40szt-fioleto_1744006858.png\",\"width\":637,\"height\":581},{\"@type\":\"BreadcrumbList\",\"@id\":\"https:\\\/\\\/med.tattoo\\\/pt-pt\\\/produto\\\/fato-de-banho-para-estoma-em-rolo-33x48cm-40pcs-roxo\\\/#breadcrumb\",\"itemListElement\":[{\"@type\":\"ListItem\",\"position\":1,\"name\":\"Strona G\u0142\u00f3wna\",\"item\":\"https:\\\/\\\/med.tattoo\\\/pt-pt\\\/\"},{\"@type\":\"ListItem\",\"position\":2,\"name\":\"Loja\",\"item\":\"https:\\\/\\\/med.tattoo\\\/pt-pt\\\/loja\\\/\"},{\"@type\":\"ListItem\",\"position\":3,\"name\":\"Fato de banho para estoma em rolo 33x48cm\\\/40pcs roxo\"}]},{\"@type\":\"WebSite\",\"@id\":\"https:\\\/\\\/med.tattoo\\\/pt-pt\\\/#website\",\"url\":\"https:\\\/\\\/med.tattoo\\\/pt-pt\\\/\",\"name\":\"MED.TATTOO\",\"description\":\"Wszystko dla Twojego tatua\u017cu\",\"publisher\":{\"@id\":\"https:\\\/\\\/med.tattoo\\\/pt-pt\\\/#organization\"},\"potentialAction\":[{\"@type\":\"SearchAction\",\"target\":{\"@type\":\"EntryPoint\",\"urlTemplate\":\"https:\\\/\\\/med.tattoo\\\/pt-pt\\\/?s={search_term_string}\"},\"query-input\":{\"@type\":\"PropertyValueSpecification\",\"valueRequired\":true,\"valueName\":\"search_term_string\"}}],\"inLanguage\":\"pt-PT\"},{\"@type\":\"Organization\",\"@id\":\"https:\\\/\\\/med.tattoo\\\/pt-pt\\\/#organization\",\"name\":\"MED.TATTOO\",\"url\":\"https:\\\/\\\/med.tattoo\\\/pt-pt\\\/\",\"logo\":{\"@type\":\"ImageObject\",\"inLanguage\":\"pt-PT\",\"@id\":\"https:\\\/\\\/med.tattoo\\\/pt-pt\\\/#\\\/schema\\\/logo\\\/image\\\/\",\"url\":\"https:\\\/\\\/med.tattoo\\\/wp-content\\\/uploads\\\/2025\\\/05\\\/Bez-tytulu-600S300-px-1-e1658908183800.png\",\"contentUrl\":\"https:\\\/\\\/med.tattoo\\\/wp-content\\\/uploads\\\/2025\\\/05\\\/Bez-tytulu-600S300-px-1-e1658908183800.png\",\"width\":600,\"height\":61,\"caption\":\"MED.TATTOO\"},\"image\":{\"@id\":\"https:\\\/\\\/med.tattoo\\\/pt-pt\\\/#\\\/schema\\\/logo\\\/image\\\/\"},\"sameAs\":[\"https:\\\/\\\/www.facebook.com\\\/profile.php?id=100084366705613\",\"https:\\\/\\\/www.instagram.com\\\/med.tattoo_official\\\/\"]}]}<\/script>\n<!-- \/ Yoast SEO plugin. -->","yoast_head_json":{"title":"Fato de banho para estoma em rolo 33x48cm\/40pcs roxo - MED.TATTOO","robots":{"index":"index","follow":"follow","max-snippet":"max-snippet:-1","max-image-preview":"max-image-preview:large","max-video-preview":"max-video-preview:-1"},"canonical":"https:\/\/med.tattoo\/pt-pt\/produto\/fato-de-banho-para-estoma-em-rolo-33x48cm-40pcs-roxo\/","og_locale":"pt_PT","og_type":"article","og_title":"Fato de banho para estoma em rolo 33x48cm\/40pcs roxo - MED.TATTOO","og_description":"Guardanapos descart\u00e1veis em rolo O pre\u00e7o refere-se a 1 unidade. O produto \u00e9 vendido em caixas de 35 unidades. Os panos de enrolar descart\u00e1veis s\u00e3o um equipamento essencial nas pr\u00e1ticas m\u00e9dicas em que \u00e9 necess\u00e1rio proteger o doente durante os procedimentos m\u00e9dicos. Os guardanapos descart\u00e1veis s\u00e3o concebidos para absorver fluidos corporais, prepara\u00e7\u00f5es terap\u00eauticas ou outras [&hellip;]","og_url":"https:\/\/med.tattoo\/pt-pt\/produto\/fato-de-banho-para-estoma-em-rolo-33x48cm-40pcs-roxo\/","og_site_name":"MED.TATTOO","article_publisher":"https:\/\/www.facebook.com\/profile.php?id=100084366705613","twitter_card":"summary_large_image","twitter_misc":{"Tempo estimado de leitura":"1 minuto"},"schema":{"@context":"https:\/\/schema.org","@graph":[{"@type":"WebPage","@id":"https:\/\/med.tattoo\/pt-pt\/produto\/fato-de-banho-para-estoma-em-rolo-33x48cm-40pcs-roxo\/","url":"https:\/\/med.tattoo\/pt-pt\/produto\/fato-de-banho-para-estoma-em-rolo-33x48cm-40pcs-roxo\/","name":"Fato de banho para estoma em rolo 33x48cm\/40pcs roxo - MED.TATTOO","isPartOf":{"@id":"https:\/\/med.tattoo\/pt-pt\/#website"},"primaryImageOfPage":{"@id":"https:\/\/med.tattoo\/pt-pt\/produto\/fato-de-banho-para-estoma-em-rolo-33x48cm-40pcs-roxo\/#primaryimage"},"image":{"@id":"https:\/\/med.tattoo\/pt-pt\/produto\/fato-de-banho-para-estoma-em-rolo-33x48cm-40pcs-roxo\/#primaryimage"},"thumbnailUrl":"https:\/\/med.tattoo\/wp-content\/uploads\/2025\/05\/237_podklad-serweta-stom.w-rolce-33x48cm-40szt-fioleto_1744006858.png","datePublished":"2025-05-15T05:29:14+00:00","breadcrumb":{"@id":"https:\/\/med.tattoo\/pt-pt\/produto\/fato-de-banho-para-estoma-em-rolo-33x48cm-40pcs-roxo\/#breadcrumb"},"inLanguage":"pt-PT","potentialAction":[{"@type":"ReadAction","target":["https:\/\/med.tattoo\/pt-pt\/produto\/fato-de-banho-para-estoma-em-rolo-33x48cm-40pcs-roxo\/"]}]},{"@type":"ImageObject","inLanguage":"pt-PT","@id":"https:\/\/med.tattoo\/pt-pt\/produto\/fato-de-banho-para-estoma-em-rolo-33x48cm-40pcs-roxo\/#primaryimage","url":"https:\/\/med.tattoo\/wp-content\/uploads\/2025\/05\/237_podklad-serweta-stom.w-rolce-33x48cm-40szt-fioleto_1744006858.png","contentUrl":"https:\/\/med.tattoo\/wp-content\/uploads\/2025\/05\/237_podklad-serweta-stom.w-rolce-33x48cm-40szt-fioleto_1744006858.png","width":637,"height":581},{"@type":"BreadcrumbList","@id":"https:\/\/med.tattoo\/pt-pt\/produto\/fato-de-banho-para-estoma-em-rolo-33x48cm-40pcs-roxo\/#breadcrumb","itemListElement":[{"@type":"ListItem","position":1,"name":"Strona G\u0142\u00f3wna","item":"https:\/\/med.tattoo\/pt-pt\/"},{"@type":"ListItem","position":2,"name":"Loja","item":"https:\/\/med.tattoo\/pt-pt\/loja\/"},{"@type":"ListItem","position":3,"name":"Fato de banho para estoma em rolo 33x48cm\/40pcs roxo"}]},{"@type":"WebSite","@id":"https:\/\/med.tattoo\/pt-pt\/#website","url":"https:\/\/med.tattoo\/pt-pt\/","name":"MED.TATTOO","description":"Wszystko dla Twojego tatua\u017cu","publisher":{"@id":"https:\/\/med.tattoo\/pt-pt\/#organization"},"potentialAction":[{"@type":"SearchAction","target":{"@type":"EntryPoint","urlTemplate":"https:\/\/med.tattoo\/pt-pt\/?s={search_term_string}"},"query-input":{"@type":"PropertyValueSpecification","valueRequired":true,"valueName":"search_term_string"}}],"inLanguage":"pt-PT"},{"@type":"Organization","@id":"https:\/\/med.tattoo\/pt-pt\/#organization","name":"MED.TATTOO","url":"https:\/\/med.tattoo\/pt-pt\/","logo":{"@type":"ImageObject","inLanguage":"pt-PT","@id":"https:\/\/med.tattoo\/pt-pt\/#\/schema\/logo\/image\/","url":"https:\/\/med.tattoo\/wp-content\/uploads\/2025\/05\/Bez-tytulu-600S300-px-1-e1658908183800.png","contentUrl":"https:\/\/med.tattoo\/wp-content\/uploads\/2025\/05\/Bez-tytulu-600S300-px-1-e1658908183800.png","width":600,"height":61,"caption":"MED.TATTOO"},"image":{"@id":"https:\/\/med.tattoo\/pt-pt\/#\/schema\/logo\/image\/"},"sameAs":["https:\/\/www.facebook.com\/profile.php?id=100084366705613","https:\/\/www.instagram.com\/med.tattoo_official\/"]}]}},"_links":{"self":[{"href":"https:\/\/med.tattoo\/pt-pt\/wp-json\/wp\/v2\/product\/10257","targetHints":{"allow":["GET"]}}],"collection":[{"href":"https:\/\/med.tattoo\/pt-pt\/wp-json\/wp\/v2\/product"}],"about":[{"href":"https:\/\/med.tattoo\/pt-pt\/wp-json\/wp\/v2\/types\/product"}],"replies":[{"embeddable":true,"href":"https:\/\/med.tattoo\/pt-pt\/wp-json\/wp\/v2\/comments?post=10257"}],"wp:featuredmedia":[{"embeddable":true,"href":"https:\/\/med.tattoo\/pt-pt\/wp-json\/wp\/v2\/media\/7934"}],"wp:attachment":[{"href":"https:\/\/med.tattoo\/pt-pt\/wp-json\/wp\/v2\/media?parent=10257"}],"wp:term":[{"taxonomy":"product_brand","embeddable":true,"href":"https:\/\/med.tattoo\/pt-pt\/wp-json\/wp\/v2\/product_brand?post=10257"},{"taxonomy":"product_cat","embeddable":true,"href":"https:\/\/med.tattoo\/pt-pt\/wp-json\/wp\/v2\/product_cat?post=10257"},{"taxonomy":"product_tag","embeddable":true,"href":"https:\/\/med.tattoo\/pt-pt\/wp-json\/wp\/v2\/product_tag?post=10257"}],"curies":[{"name":"wp","href":"https:\/\/api.w.org\/{rel}","templated":true}]}}