{"id":5180,"date":"2021-08-20T11:46:22","date_gmt":"2021-08-20T09:46:22","guid":{"rendered":"https:\/\/med.tattoo\/produkt\/med-tattoo-after-tattoo-creme-cicatrizante-para-tatuagens-50ml\/"},"modified":"2025-11-23T23:50:14","modified_gmt":"2025-11-23T22:50:14","slug":"med-tattoo-after-tattoo-creme-cicatrizante-para-tatuagens-50ml","status":"publish","type":"product","link":"https:\/\/med.tattoo\/pt-pt\/produto\/med-tattoo-after-tattoo-creme-cicatrizante-para-tatuagens-50ml\/","title":{"rendered":"MED.TATTOO AFTER TATTOO &#8211; creme cicatrizante para tatuagens 50ml"},"content":{"rendered":"<p>Creme cicatrizante para tatuagens com extrato de cal\u00eandula<\/p>\n<p>Creme cicatrizante para tatuagens com cal\u00eandula  <\/p>\n<p>Uma composi\u00e7\u00e3o de extrato de azeitona de flores de cal\u00eandula, manteiga de karit\u00e9 e \u00f3leos: girassol, jojoba, abacate, noz de macad\u00e2mia, semente de amaranto; rico em \u00e1cidos gordos insaturados, fosfol\u00edpidos, fitoester\u00f3is, carotenos, lecitinas, esqualeno, vitaminas A, E, D, K e PP, minerais e clorofila; cont\u00e9m pantenol.<br \/>&#8211; tem um efeito regenerador e nutritivo,<br \/>&#8211; lubrifica e hidrata a pele,<br \/>&#8211; tem um efeito calmante na pele propensa a irrita\u00e7\u00f5es,<br \/>&#8211; d\u00e1 \u00e0 pele uma suavidade, maciez e elasticidade excepcionais,<br \/>&#8211; cont\u00e9m antioxidantes que, ao destru\u00edrem os radicais livres, previnem a rea\u00e7\u00e3o de oxida\u00e7\u00e3o &#8211; uma das causas do envelhecimento da pele,<br \/>&#8211; protege contra os efeitos dos factores atmosf\u00e9ricos nocivos,<br \/>&#8211; tem um protetor solar natural.<br \/>\uf0d8 Aplique o creme na pele limpa e massaje suavemente.<\/p>\n<p>\uf0d8 recomendado para o cuidado e regenera\u00e7\u00e3o di\u00e1rios da pele, especialmente \u00e0 noite<\/p>\n<p>Armazene \u00e0 temperatura ambiente<\/p>\n<p>aplica\u00e7\u00e3o: aplique pequenas quantidades na pele lavada e seca<br \/>embalagem: 50ml  <\/p>\n<p>Ingredientes: Agua, Olea Europea (Azeitona) \u00d3leo de Fruta (e) Extrato de Flor de Callendula Officinalis, Glicerinas, \u00d3leo de Semente de Helianthus Annus, Butyrospermum Parkii Fruit Shea (Karite) Butter, Cetyl Alcohol, Polysorbate 60, Macademia Ternifolia Seed Oil, \u00d3leo de Persea Gratissima (Abacate), \u00d3leo de Semente de Simmondsia Chinensis (Jojoba), Acetato de Tocoferilo, Retinol, Ergocalciferol, Pantenol, Lanolina, \u00d3leo de Amaranthus cruentus, Cera alba, Sorbato de Pot\u00e1ssio, Diazolidinil Ureia, Benzoato de S\u00f3dio, , Parfum.<br \/>a lista de ingredientes indicada est\u00e1 em conformidade com o estado atual de fabrico<\/p>\n","protected":false},"excerpt":{"rendered":"<p>Creme cicatrizante para tatuagens com extrato de cal\u00eandula Creme cicatrizante para tatuagens com cal\u00eandula Uma composi\u00e7\u00e3o de extrato de azeitona de flores de cal\u00eandula, manteiga de karit\u00e9 e \u00f3leos: girassol, jojoba, abacate, noz de macad\u00e2mia, semente de amaranto; rico em \u00e1cidos gordos insaturados, fosfol\u00edpidos, fitoester\u00f3is, carotenos, lecitinas, esqualeno, vitaminas A, E, D, K e PP, [&hellip;]<\/p>\n","protected":false},"featured_media":10699,"comment_status":"open","ping_status":"closed","template":"","meta":{"site-sidebar-layout":"default","site-content-layout":"content-boxed-container","ast-site-content-layout":"default","site-content-style":"default","site-sidebar-style":"default","ast-global-header-display":"","ast-banner-title-visibility":"","ast-main-header-display":"","ast-hfb-above-header-display":"","ast-hfb-below-header-display":"","ast-hfb-mobile-header-display":"","site-post-title":"","ast-breadcrumbs-content":"","ast-featured-img":"","footer-sml-layout":"","ast-disable-related-posts":"","theme-transparent-header-meta":"disabled","adv-header-id-meta":"","stick-header-meta":"enabled","header-above-stick-meta":"on","header-main-stick-meta":"on","header-below-stick-meta":"on","astra-migrate-meta-layouts":"default","ast-page-background-enabled":"default","ast-page-background-meta":{"desktop":{"background-color":"var(--ast-global-color-4)","background-image":"","background-repeat":"repeat","background-position":"center center","background-size":"auto","background-attachment":"scroll","background-type":"","background-media":"","overlay-type":"","overlay-color":"","overlay-opacity":"","overlay-gradient":""},"tablet":{"background-color":"","background-image":"","background-repeat":"repeat","background-position":"center center","background-size":"auto","background-attachment":"scroll","background-type":"","background-media":"","overlay-type":"","overlay-color":"","overlay-opacity":"","overlay-gradient":""},"mobile":{"background-color":"","background-image":"","background-repeat":"repeat","background-position":"center center","background-size":"auto","background-attachment":"scroll","background-type":"","background-media":"","overlay-type":"","overlay-color":"","overlay-opacity":"","overlay-gradient":""}},"ast-content-background-meta":{"desktop":{"background-color":"var(--ast-global-color-5)","background-image":"","background-repeat":"repeat","background-position":"center center","background-size":"auto","background-attachment":"scroll","background-type":"","background-media":"","overlay-type":"","overlay-color":"","overlay-opacity":"","overlay-gradient":""},"tablet":{"background-color":"var(--ast-global-color-5)","background-image":"","background-repeat":"repeat","background-position":"center center","background-size":"auto","background-attachment":"scroll","background-type":"","background-media":"","overlay-type":"","overlay-color":"","overlay-opacity":"","overlay-gradient":""},"mobile":{"background-color":"var(--ast-global-color-5)","background-image":"","background-repeat":"repeat","background-position":"center center","background-size":"auto","background-attachment":"scroll","background-type":"","background-media":"","overlay-type":"","overlay-color":"","overlay-opacity":"","overlay-gradient":""}}},"product_brand":[],"product_cat":[90],"product_tag":[],"class_list":{"0":"post-5180","1":"product","2":"type-product","3":"status-publish","4":"has-post-thumbnail","6":"product_cat-med-tattoo-pt","7":"desktop-align-left","8":"tablet-align-left","9":"mobile-align-left","10":"ast-product-gallery-layout-horizontal-slider","11":"ast-product-gallery-with-no-image","12":"ast-product-tabs-layout-distributed","14":"first","15":"instock","16":"taxable","17":"shipping-taxable","18":"purchasable","19":"product-type-simple"},"yoast_head":"<!-- This site is optimized with the Yoast SEO plugin v27.3 - https:\/\/yoast.com\/product\/yoast-seo-wordpress\/ -->\n<title>MED.TATTOO AFTER TATTOO - creme cicatrizante para tatuagens 50ml - MED.TATTOO<\/title>\n<meta name=\"robots\" content=\"index, follow, max-snippet:-1, max-image-preview:large, max-video-preview:-1\" \/>\n<link rel=\"canonical\" href=\"https:\/\/med.tattoo\/pt-pt\/produto\/med-tattoo-after-tattoo-creme-cicatrizante-para-tatuagens-50ml\/\" \/>\n<meta property=\"og:locale\" content=\"pt_PT\" \/>\n<meta property=\"og:type\" content=\"article\" \/>\n<meta property=\"og:title\" content=\"MED.TATTOO AFTER TATTOO - creme cicatrizante para tatuagens 50ml - MED.TATTOO\" \/>\n<meta property=\"og:description\" content=\"Creme cicatrizante para tatuagens com extrato de cal\u00eandula Creme cicatrizante para tatuagens com cal\u00eandula Uma composi\u00e7\u00e3o de extrato de azeitona de flores de cal\u00eandula, manteiga de karit\u00e9 e \u00f3leos: girassol, jojoba, abacate, noz de macad\u00e2mia, semente de amaranto; rico em \u00e1cidos gordos insaturados, fosfol\u00edpidos, fitoester\u00f3is, carotenos, lecitinas, esqualeno, vitaminas A, E, D, K e PP, [&hellip;]\" \/>\n<meta property=\"og:url\" content=\"https:\/\/med.tattoo\/pt-pt\/produto\/med-tattoo-after-tattoo-creme-cicatrizante-para-tatuagens-50ml\/\" \/>\n<meta property=\"og:site_name\" content=\"MED.TATTOO\" \/>\n<meta property=\"article:publisher\" content=\"https:\/\/www.facebook.com\/profile.php?id=100084366705613\" \/>\n<meta property=\"article:modified_time\" content=\"2025-11-23T22:50:14+00:00\" \/>\n<meta name=\"twitter:card\" content=\"summary_large_image\" \/>\n<meta name=\"twitter:label1\" content=\"Tempo estimado de leitura\" \/>\n\t<meta name=\"twitter:data1\" content=\"1 minuto\" \/>\n<script type=\"application\/ld+json\" class=\"yoast-schema-graph\">{\"@context\":\"https:\\\/\\\/schema.org\",\"@graph\":[{\"@type\":\"WebPage\",\"@id\":\"https:\\\/\\\/med.tattoo\\\/pt-pt\\\/produto\\\/med-tattoo-after-tattoo-creme-cicatrizante-para-tatuagens-50ml\\\/\",\"url\":\"https:\\\/\\\/med.tattoo\\\/pt-pt\\\/produto\\\/med-tattoo-after-tattoo-creme-cicatrizante-para-tatuagens-50ml\\\/\",\"name\":\"MED.TATTOO AFTER TATTOO - creme cicatrizante para tatuagens 50ml - MED.TATTOO\",\"isPartOf\":{\"@id\":\"https:\\\/\\\/med.tattoo\\\/pt-pt\\\/#website\"},\"primaryImageOfPage\":{\"@id\":\"https:\\\/\\\/med.tattoo\\\/pt-pt\\\/produto\\\/med-tattoo-after-tattoo-creme-cicatrizante-para-tatuagens-50ml\\\/#primaryimage\"},\"image\":{\"@id\":\"https:\\\/\\\/med.tattoo\\\/pt-pt\\\/produto\\\/med-tattoo-after-tattoo-creme-cicatrizante-para-tatuagens-50ml\\\/#primaryimage\"},\"thumbnailUrl\":\"https:\\\/\\\/med.tattoo\\\/wp-content\\\/uploads\\\/2025\\\/05\\\/140_med.tattoo-gojacy-krem-do-tatuazu-50ml_1742990451.jpg\",\"datePublished\":\"2021-08-20T09:46:22+00:00\",\"dateModified\":\"2025-11-23T22:50:14+00:00\",\"breadcrumb\":{\"@id\":\"https:\\\/\\\/med.tattoo\\\/pt-pt\\\/produto\\\/med-tattoo-after-tattoo-creme-cicatrizante-para-tatuagens-50ml\\\/#breadcrumb\"},\"inLanguage\":\"pt-PT\",\"potentialAction\":[{\"@type\":\"ReadAction\",\"target\":[\"https:\\\/\\\/med.tattoo\\\/pt-pt\\\/produto\\\/med-tattoo-after-tattoo-creme-cicatrizante-para-tatuagens-50ml\\\/\"]}]},{\"@type\":\"ImageObject\",\"inLanguage\":\"pt-PT\",\"@id\":\"https:\\\/\\\/med.tattoo\\\/pt-pt\\\/produto\\\/med-tattoo-after-tattoo-creme-cicatrizante-para-tatuagens-50ml\\\/#primaryimage\",\"url\":\"https:\\\/\\\/med.tattoo\\\/wp-content\\\/uploads\\\/2025\\\/05\\\/140_med.tattoo-gojacy-krem-do-tatuazu-50ml_1742990451.jpg\",\"contentUrl\":\"https:\\\/\\\/med.tattoo\\\/wp-content\\\/uploads\\\/2025\\\/05\\\/140_med.tattoo-gojacy-krem-do-tatuazu-50ml_1742990451.jpg\",\"width\":952,\"height\":700},{\"@type\":\"BreadcrumbList\",\"@id\":\"https:\\\/\\\/med.tattoo\\\/pt-pt\\\/produto\\\/med-tattoo-after-tattoo-creme-cicatrizante-para-tatuagens-50ml\\\/#breadcrumb\",\"itemListElement\":[{\"@type\":\"ListItem\",\"position\":1,\"name\":\"Strona G\u0142\u00f3wna\",\"item\":\"https:\\\/\\\/med.tattoo\\\/pt-pt\\\/\"},{\"@type\":\"ListItem\",\"position\":2,\"name\":\"Loja\",\"item\":\"https:\\\/\\\/med.tattoo\\\/pt-pt\\\/loja\\\/\"},{\"@type\":\"ListItem\",\"position\":3,\"name\":\"MED.TATTOO AFTER TATTOO &#8211; creme cicatrizante para tatuagens 50ml\"}]},{\"@type\":\"WebSite\",\"@id\":\"https:\\\/\\\/med.tattoo\\\/pt-pt\\\/#website\",\"url\":\"https:\\\/\\\/med.tattoo\\\/pt-pt\\\/\",\"name\":\"MED.TATTOO\",\"description\":\"Wszystko dla Twojego tatua\u017cu\",\"publisher\":{\"@id\":\"https:\\\/\\\/med.tattoo\\\/pt-pt\\\/#organization\"},\"potentialAction\":[{\"@type\":\"SearchAction\",\"target\":{\"@type\":\"EntryPoint\",\"urlTemplate\":\"https:\\\/\\\/med.tattoo\\\/pt-pt\\\/?s={search_term_string}\"},\"query-input\":{\"@type\":\"PropertyValueSpecification\",\"valueRequired\":true,\"valueName\":\"search_term_string\"}}],\"inLanguage\":\"pt-PT\"},{\"@type\":\"Organization\",\"@id\":\"https:\\\/\\\/med.tattoo\\\/pt-pt\\\/#organization\",\"name\":\"MED.TATTOO\",\"url\":\"https:\\\/\\\/med.tattoo\\\/pt-pt\\\/\",\"logo\":{\"@type\":\"ImageObject\",\"inLanguage\":\"pt-PT\",\"@id\":\"https:\\\/\\\/med.tattoo\\\/pt-pt\\\/#\\\/schema\\\/logo\\\/image\\\/\",\"url\":\"https:\\\/\\\/med.tattoo\\\/wp-content\\\/uploads\\\/2025\\\/05\\\/Bez-tytulu-600S300-px-1-e1658908183800.png\",\"contentUrl\":\"https:\\\/\\\/med.tattoo\\\/wp-content\\\/uploads\\\/2025\\\/05\\\/Bez-tytulu-600S300-px-1-e1658908183800.png\",\"width\":600,\"height\":61,\"caption\":\"MED.TATTOO\"},\"image\":{\"@id\":\"https:\\\/\\\/med.tattoo\\\/pt-pt\\\/#\\\/schema\\\/logo\\\/image\\\/\"},\"sameAs\":[\"https:\\\/\\\/www.facebook.com\\\/profile.php?id=100084366705613\",\"https:\\\/\\\/www.instagram.com\\\/med.tattoo_official\\\/\"]}]}<\/script>\n<!-- \/ Yoast SEO plugin. -->","yoast_head_json":{"title":"MED.TATTOO AFTER TATTOO - creme cicatrizante para tatuagens 50ml - MED.TATTOO","robots":{"index":"index","follow":"follow","max-snippet":"max-snippet:-1","max-image-preview":"max-image-preview:large","max-video-preview":"max-video-preview:-1"},"canonical":"https:\/\/med.tattoo\/pt-pt\/produto\/med-tattoo-after-tattoo-creme-cicatrizante-para-tatuagens-50ml\/","og_locale":"pt_PT","og_type":"article","og_title":"MED.TATTOO AFTER TATTOO - creme cicatrizante para tatuagens 50ml - MED.TATTOO","og_description":"Creme cicatrizante para tatuagens com extrato de cal\u00eandula Creme cicatrizante para tatuagens com cal\u00eandula Uma composi\u00e7\u00e3o de extrato de azeitona de flores de cal\u00eandula, manteiga de karit\u00e9 e \u00f3leos: girassol, jojoba, abacate, noz de macad\u00e2mia, semente de amaranto; rico em \u00e1cidos gordos insaturados, fosfol\u00edpidos, fitoester\u00f3is, carotenos, lecitinas, esqualeno, vitaminas A, E, D, K e PP, [&hellip;]","og_url":"https:\/\/med.tattoo\/pt-pt\/produto\/med-tattoo-after-tattoo-creme-cicatrizante-para-tatuagens-50ml\/","og_site_name":"MED.TATTOO","article_publisher":"https:\/\/www.facebook.com\/profile.php?id=100084366705613","article_modified_time":"2025-11-23T22:50:14+00:00","twitter_card":"summary_large_image","twitter_misc":{"Tempo estimado de leitura":"1 minuto"},"schema":{"@context":"https:\/\/schema.org","@graph":[{"@type":"WebPage","@id":"https:\/\/med.tattoo\/pt-pt\/produto\/med-tattoo-after-tattoo-creme-cicatrizante-para-tatuagens-50ml\/","url":"https:\/\/med.tattoo\/pt-pt\/produto\/med-tattoo-after-tattoo-creme-cicatrizante-para-tatuagens-50ml\/","name":"MED.TATTOO AFTER TATTOO - creme cicatrizante para tatuagens 50ml - MED.TATTOO","isPartOf":{"@id":"https:\/\/med.tattoo\/pt-pt\/#website"},"primaryImageOfPage":{"@id":"https:\/\/med.tattoo\/pt-pt\/produto\/med-tattoo-after-tattoo-creme-cicatrizante-para-tatuagens-50ml\/#primaryimage"},"image":{"@id":"https:\/\/med.tattoo\/pt-pt\/produto\/med-tattoo-after-tattoo-creme-cicatrizante-para-tatuagens-50ml\/#primaryimage"},"thumbnailUrl":"https:\/\/med.tattoo\/wp-content\/uploads\/2025\/05\/140_med.tattoo-gojacy-krem-do-tatuazu-50ml_1742990451.jpg","datePublished":"2021-08-20T09:46:22+00:00","dateModified":"2025-11-23T22:50:14+00:00","breadcrumb":{"@id":"https:\/\/med.tattoo\/pt-pt\/produto\/med-tattoo-after-tattoo-creme-cicatrizante-para-tatuagens-50ml\/#breadcrumb"},"inLanguage":"pt-PT","potentialAction":[{"@type":"ReadAction","target":["https:\/\/med.tattoo\/pt-pt\/produto\/med-tattoo-after-tattoo-creme-cicatrizante-para-tatuagens-50ml\/"]}]},{"@type":"ImageObject","inLanguage":"pt-PT","@id":"https:\/\/med.tattoo\/pt-pt\/produto\/med-tattoo-after-tattoo-creme-cicatrizante-para-tatuagens-50ml\/#primaryimage","url":"https:\/\/med.tattoo\/wp-content\/uploads\/2025\/05\/140_med.tattoo-gojacy-krem-do-tatuazu-50ml_1742990451.jpg","contentUrl":"https:\/\/med.tattoo\/wp-content\/uploads\/2025\/05\/140_med.tattoo-gojacy-krem-do-tatuazu-50ml_1742990451.jpg","width":952,"height":700},{"@type":"BreadcrumbList","@id":"https:\/\/med.tattoo\/pt-pt\/produto\/med-tattoo-after-tattoo-creme-cicatrizante-para-tatuagens-50ml\/#breadcrumb","itemListElement":[{"@type":"ListItem","position":1,"name":"Strona G\u0142\u00f3wna","item":"https:\/\/med.tattoo\/pt-pt\/"},{"@type":"ListItem","position":2,"name":"Loja","item":"https:\/\/med.tattoo\/pt-pt\/loja\/"},{"@type":"ListItem","position":3,"name":"MED.TATTOO AFTER TATTOO &#8211; creme cicatrizante para tatuagens 50ml"}]},{"@type":"WebSite","@id":"https:\/\/med.tattoo\/pt-pt\/#website","url":"https:\/\/med.tattoo\/pt-pt\/","name":"MED.TATTOO","description":"Wszystko dla Twojego tatua\u017cu","publisher":{"@id":"https:\/\/med.tattoo\/pt-pt\/#organization"},"potentialAction":[{"@type":"SearchAction","target":{"@type":"EntryPoint","urlTemplate":"https:\/\/med.tattoo\/pt-pt\/?s={search_term_string}"},"query-input":{"@type":"PropertyValueSpecification","valueRequired":true,"valueName":"search_term_string"}}],"inLanguage":"pt-PT"},{"@type":"Organization","@id":"https:\/\/med.tattoo\/pt-pt\/#organization","name":"MED.TATTOO","url":"https:\/\/med.tattoo\/pt-pt\/","logo":{"@type":"ImageObject","inLanguage":"pt-PT","@id":"https:\/\/med.tattoo\/pt-pt\/#\/schema\/logo\/image\/","url":"https:\/\/med.tattoo\/wp-content\/uploads\/2025\/05\/Bez-tytulu-600S300-px-1-e1658908183800.png","contentUrl":"https:\/\/med.tattoo\/wp-content\/uploads\/2025\/05\/Bez-tytulu-600S300-px-1-e1658908183800.png","width":600,"height":61,"caption":"MED.TATTOO"},"image":{"@id":"https:\/\/med.tattoo\/pt-pt\/#\/schema\/logo\/image\/"},"sameAs":["https:\/\/www.facebook.com\/profile.php?id=100084366705613","https:\/\/www.instagram.com\/med.tattoo_official\/"]}]}},"_links":{"self":[{"href":"https:\/\/med.tattoo\/pt-pt\/wp-json\/wp\/v2\/product\/5180","targetHints":{"allow":["GET"]}}],"collection":[{"href":"https:\/\/med.tattoo\/pt-pt\/wp-json\/wp\/v2\/product"}],"about":[{"href":"https:\/\/med.tattoo\/pt-pt\/wp-json\/wp\/v2\/types\/product"}],"replies":[{"embeddable":true,"href":"https:\/\/med.tattoo\/pt-pt\/wp-json\/wp\/v2\/comments?post=5180"}],"wp:featuredmedia":[{"embeddable":true,"href":"https:\/\/med.tattoo\/pt-pt\/wp-json\/wp\/v2\/media\/10699"}],"wp:attachment":[{"href":"https:\/\/med.tattoo\/pt-pt\/wp-json\/wp\/v2\/media?parent=5180"}],"wp:term":[{"taxonomy":"product_brand","embeddable":true,"href":"https:\/\/med.tattoo\/pt-pt\/wp-json\/wp\/v2\/product_brand?post=5180"},{"taxonomy":"product_cat","embeddable":true,"href":"https:\/\/med.tattoo\/pt-pt\/wp-json\/wp\/v2\/product_cat?post=5180"},{"taxonomy":"product_tag","embeddable":true,"href":"https:\/\/med.tattoo\/pt-pt\/wp-json\/wp\/v2\/product_tag?post=5180"}],"curies":[{"name":"wp","href":"https:\/\/api.w.org\/{rel}","templated":true}]}}