{"id":8954,"date":"2025-05-15T07:20:32","date_gmt":"2025-05-15T05:20:32","guid":{"rendered":"https:\/\/med.tattoo\/produkt\/med-tattoo-protectores-de-mamilos-em-cetim-cor-de-carne-20-unid-2\/"},"modified":"2025-05-15T07:20:32","modified_gmt":"2025-05-15T05:20:32","slug":"med-tattoo-protectores-de-mamilos-em-cetim-cor-de-carne-20-unid-2","status":"publish","type":"product","link":"https:\/\/med.tattoo\/pt-pt\/produto\/med-tattoo-protectores-de-mamilos-em-cetim-cor-de-carne-20-unid-2\/","title":{"rendered":"MED.TATTOO &#8211; Protectores de mamilos em cetim cor de carne 20 unid."},"content":{"rendered":"<p>Protectores de mamilos em cetim &#8211; 20 pcs<\/p>\n<p>Protectores de mamilos em cetim &#8211; perfeitos para qualquer est\u00fadio.<br \/>\nOs protectores de mamilos t\u00eam cola no exterior &#8211; o centro, com um di\u00e2metro de 3,5 cm, \u00e9 coberto com velo fino para garantir o conforto durante a utiliza\u00e7\u00e3o.<\/p>\n<p>Di\u00e2metro exterior da flor &#8211; 7,5 cm.<\/p>\n","protected":false},"excerpt":{"rendered":"<p>Protectores de mamilos em cetim &#8211; 20 pcs Protectores de mamilos em cetim &#8211; perfeitos para qualquer est\u00fadio. Os protectores de mamilos t\u00eam cola no exterior &#8211; o centro, com um di\u00e2metro de 3,5 cm, \u00e9 coberto com velo fino para garantir o conforto durante a utiliza\u00e7\u00e3o. Di\u00e2metro exterior da flor &#8211; 7,5 cm.<\/p>\n","protected":false},"featured_media":10739,"comment_status":"closed","ping_status":"open","template":"","meta":{"site-sidebar-layout":"default","site-content-layout":"","ast-site-content-layout":"default","site-content-style":"default","site-sidebar-style":"default","ast-global-header-display":"","ast-banner-title-visibility":"","ast-main-header-display":"","ast-hfb-above-header-display":"","ast-hfb-below-header-display":"","ast-hfb-mobile-header-display":"","site-post-title":"","ast-breadcrumbs-content":"","ast-featured-img":"","footer-sml-layout":"","ast-disable-related-posts":"","theme-transparent-header-meta":"","adv-header-id-meta":"","stick-header-meta":"","header-above-stick-meta":"","header-main-stick-meta":"","header-below-stick-meta":"","astra-migrate-meta-layouts":"default","ast-page-background-enabled":"default","ast-page-background-meta":{"desktop":{"background-color":"var(--ast-global-color-4)","background-image":"","background-repeat":"repeat","background-position":"center center","background-size":"auto","background-attachment":"scroll","background-type":"","background-media":"","overlay-type":"","overlay-color":"","overlay-opacity":"","overlay-gradient":""},"tablet":{"background-color":"","background-image":"","background-repeat":"repeat","background-position":"center center","background-size":"auto","background-attachment":"scroll","background-type":"","background-media":"","overlay-type":"","overlay-color":"","overlay-opacity":"","overlay-gradient":""},"mobile":{"background-color":"","background-image":"","background-repeat":"repeat","background-position":"center center","background-size":"auto","background-attachment":"scroll","background-type":"","background-media":"","overlay-type":"","overlay-color":"","overlay-opacity":"","overlay-gradient":""}},"ast-content-background-meta":{"desktop":{"background-color":"var(--ast-global-color-5)","background-image":"","background-repeat":"repeat","background-position":"center center","background-size":"auto","background-attachment":"scroll","background-type":"","background-media":"","overlay-type":"","overlay-color":"","overlay-opacity":"","overlay-gradient":""},"tablet":{"background-color":"var(--ast-global-color-5)","background-image":"","background-repeat":"repeat","background-position":"center center","background-size":"auto","background-attachment":"scroll","background-type":"","background-media":"","overlay-type":"","overlay-color":"","overlay-opacity":"","overlay-gradient":""},"mobile":{"background-color":"var(--ast-global-color-5)","background-image":"","background-repeat":"repeat","background-position":"center center","background-size":"auto","background-attachment":"scroll","background-type":"","background-media":"","overlay-type":"","overlay-color":"","overlay-opacity":"","overlay-gradient":""}}},"product_brand":[],"product_cat":[90],"product_tag":[],"class_list":{"0":"post-8954","1":"product","2":"type-product","3":"status-publish","4":"has-post-thumbnail","6":"product_cat-med-tattoo-pt","7":"desktop-align-left","8":"tablet-align-left","9":"mobile-align-left","10":"ast-product-gallery-layout-horizontal-slider","11":"ast-product-gallery-with-no-image","12":"ast-product-tabs-layout-distributed","14":"first","15":"instock","16":"purchasable","17":"product-type-simple"},"yoast_head":"<!-- This site is optimized with the Yoast SEO plugin v27.3 - https:\/\/yoast.com\/product\/yoast-seo-wordpress\/ -->\n<title>MED.TATTOO - Protectores de mamilos em cetim cor de carne 20 unid. - MED.TATTOO<\/title>\n<meta name=\"robots\" content=\"index, follow, max-snippet:-1, max-image-preview:large, max-video-preview:-1\" \/>\n<link rel=\"canonical\" href=\"https:\/\/med.tattoo\/pt-pt\/produto\/med-tattoo-protectores-de-mamilos-em-cetim-cor-de-carne-20-unid-2\/\" \/>\n<meta property=\"og:locale\" content=\"pt_PT\" \/>\n<meta property=\"og:type\" content=\"article\" \/>\n<meta property=\"og:title\" content=\"MED.TATTOO - Protectores de mamilos em cetim cor de carne 20 unid. - MED.TATTOO\" \/>\n<meta property=\"og:description\" content=\"Protectores de mamilos em cetim &#8211; 20 pcs Protectores de mamilos em cetim &#8211; perfeitos para qualquer est\u00fadio. Os protectores de mamilos t\u00eam cola no exterior &#8211; o centro, com um di\u00e2metro de 3,5 cm, \u00e9 coberto com velo fino para garantir o conforto durante a utiliza\u00e7\u00e3o. Di\u00e2metro exterior da flor &#8211; 7,5 cm.\" \/>\n<meta property=\"og:url\" content=\"https:\/\/med.tattoo\/pt-pt\/produto\/med-tattoo-protectores-de-mamilos-em-cetim-cor-de-carne-20-unid-2\/\" \/>\n<meta property=\"og:site_name\" content=\"MED.TATTOO\" \/>\n<meta property=\"article:publisher\" content=\"https:\/\/www.facebook.com\/profile.php?id=100084366705613\" \/>\n<meta name=\"twitter:card\" content=\"summary_large_image\" \/>\n<script type=\"application\/ld+json\" class=\"yoast-schema-graph\">{\"@context\":\"https:\\\/\\\/schema.org\",\"@graph\":[{\"@type\":\"WebPage\",\"@id\":\"https:\\\/\\\/med.tattoo\\\/pt-pt\\\/produto\\\/med-tattoo-protectores-de-mamilos-em-cetim-cor-de-carne-20-unid-2\\\/\",\"url\":\"https:\\\/\\\/med.tattoo\\\/pt-pt\\\/produto\\\/med-tattoo-protectores-de-mamilos-em-cetim-cor-de-carne-20-unid-2\\\/\",\"name\":\"MED.TATTOO - Protectores de mamilos em cetim cor de carne 20 unid. - MED.TATTOO\",\"isPartOf\":{\"@id\":\"https:\\\/\\\/med.tattoo\\\/pt-pt\\\/#website\"},\"primaryImageOfPage\":{\"@id\":\"https:\\\/\\\/med.tattoo\\\/pt-pt\\\/produto\\\/med-tattoo-protectores-de-mamilos-em-cetim-cor-de-carne-20-unid-2\\\/#primaryimage\"},\"image\":{\"@id\":\"https:\\\/\\\/med.tattoo\\\/pt-pt\\\/produto\\\/med-tattoo-protectores-de-mamilos-em-cetim-cor-de-carne-20-unid-2\\\/#primaryimage\"},\"thumbnailUrl\":\"https:\\\/\\\/med.tattoo\\\/wp-content\\\/uploads\\\/2025\\\/05\\\/596_med.tattoo-oslonki-satynowe-na-sutki-ciel-20szt_1742990451.jpg\",\"datePublished\":\"2025-05-15T05:20:32+00:00\",\"breadcrumb\":{\"@id\":\"https:\\\/\\\/med.tattoo\\\/pt-pt\\\/produto\\\/med-tattoo-protectores-de-mamilos-em-cetim-cor-de-carne-20-unid-2\\\/#breadcrumb\"},\"inLanguage\":\"pt-PT\",\"potentialAction\":[{\"@type\":\"ReadAction\",\"target\":[\"https:\\\/\\\/med.tattoo\\\/pt-pt\\\/produto\\\/med-tattoo-protectores-de-mamilos-em-cetim-cor-de-carne-20-unid-2\\\/\"]}]},{\"@type\":\"ImageObject\",\"inLanguage\":\"pt-PT\",\"@id\":\"https:\\\/\\\/med.tattoo\\\/pt-pt\\\/produto\\\/med-tattoo-protectores-de-mamilos-em-cetim-cor-de-carne-20-unid-2\\\/#primaryimage\",\"url\":\"https:\\\/\\\/med.tattoo\\\/wp-content\\\/uploads\\\/2025\\\/05\\\/596_med.tattoo-oslonki-satynowe-na-sutki-ciel-20szt_1742990451.jpg\",\"contentUrl\":\"https:\\\/\\\/med.tattoo\\\/wp-content\\\/uploads\\\/2025\\\/05\\\/596_med.tattoo-oslonki-satynowe-na-sutki-ciel-20szt_1742990451.jpg\",\"width\":1200,\"height\":686},{\"@type\":\"BreadcrumbList\",\"@id\":\"https:\\\/\\\/med.tattoo\\\/pt-pt\\\/produto\\\/med-tattoo-protectores-de-mamilos-em-cetim-cor-de-carne-20-unid-2\\\/#breadcrumb\",\"itemListElement\":[{\"@type\":\"ListItem\",\"position\":1,\"name\":\"Strona G\u0142\u00f3wna\",\"item\":\"https:\\\/\\\/med.tattoo\\\/pt-pt\\\/\"},{\"@type\":\"ListItem\",\"position\":2,\"name\":\"Loja\",\"item\":\"https:\\\/\\\/med.tattoo\\\/pt-pt\\\/loja\\\/\"},{\"@type\":\"ListItem\",\"position\":3,\"name\":\"MED.TATTOO &#8211; Protectores de mamilos em cetim cor de carne 20 unid.\"}]},{\"@type\":\"WebSite\",\"@id\":\"https:\\\/\\\/med.tattoo\\\/pt-pt\\\/#website\",\"url\":\"https:\\\/\\\/med.tattoo\\\/pt-pt\\\/\",\"name\":\"MED.TATTOO\",\"description\":\"Wszystko dla Twojego tatua\u017cu\",\"publisher\":{\"@id\":\"https:\\\/\\\/med.tattoo\\\/pt-pt\\\/#organization\"},\"potentialAction\":[{\"@type\":\"SearchAction\",\"target\":{\"@type\":\"EntryPoint\",\"urlTemplate\":\"https:\\\/\\\/med.tattoo\\\/pt-pt\\\/?s={search_term_string}\"},\"query-input\":{\"@type\":\"PropertyValueSpecification\",\"valueRequired\":true,\"valueName\":\"search_term_string\"}}],\"inLanguage\":\"pt-PT\"},{\"@type\":\"Organization\",\"@id\":\"https:\\\/\\\/med.tattoo\\\/pt-pt\\\/#organization\",\"name\":\"MED.TATTOO\",\"url\":\"https:\\\/\\\/med.tattoo\\\/pt-pt\\\/\",\"logo\":{\"@type\":\"ImageObject\",\"inLanguage\":\"pt-PT\",\"@id\":\"https:\\\/\\\/med.tattoo\\\/pt-pt\\\/#\\\/schema\\\/logo\\\/image\\\/\",\"url\":\"https:\\\/\\\/med.tattoo\\\/wp-content\\\/uploads\\\/2025\\\/05\\\/Bez-tytulu-600S300-px-1-e1658908183800.png\",\"contentUrl\":\"https:\\\/\\\/med.tattoo\\\/wp-content\\\/uploads\\\/2025\\\/05\\\/Bez-tytulu-600S300-px-1-e1658908183800.png\",\"width\":600,\"height\":61,\"caption\":\"MED.TATTOO\"},\"image\":{\"@id\":\"https:\\\/\\\/med.tattoo\\\/pt-pt\\\/#\\\/schema\\\/logo\\\/image\\\/\"},\"sameAs\":[\"https:\\\/\\\/www.facebook.com\\\/profile.php?id=100084366705613\",\"https:\\\/\\\/www.instagram.com\\\/med.tattoo_official\\\/\"]}]}<\/script>\n<!-- \/ Yoast SEO plugin. -->","yoast_head_json":{"title":"MED.TATTOO - Protectores de mamilos em cetim cor de carne 20 unid. - MED.TATTOO","robots":{"index":"index","follow":"follow","max-snippet":"max-snippet:-1","max-image-preview":"max-image-preview:large","max-video-preview":"max-video-preview:-1"},"canonical":"https:\/\/med.tattoo\/pt-pt\/produto\/med-tattoo-protectores-de-mamilos-em-cetim-cor-de-carne-20-unid-2\/","og_locale":"pt_PT","og_type":"article","og_title":"MED.TATTOO - Protectores de mamilos em cetim cor de carne 20 unid. - MED.TATTOO","og_description":"Protectores de mamilos em cetim &#8211; 20 pcs Protectores de mamilos em cetim &#8211; perfeitos para qualquer est\u00fadio. Os protectores de mamilos t\u00eam cola no exterior &#8211; o centro, com um di\u00e2metro de 3,5 cm, \u00e9 coberto com velo fino para garantir o conforto durante a utiliza\u00e7\u00e3o. Di\u00e2metro exterior da flor &#8211; 7,5 cm.","og_url":"https:\/\/med.tattoo\/pt-pt\/produto\/med-tattoo-protectores-de-mamilos-em-cetim-cor-de-carne-20-unid-2\/","og_site_name":"MED.TATTOO","article_publisher":"https:\/\/www.facebook.com\/profile.php?id=100084366705613","twitter_card":"summary_large_image","schema":{"@context":"https:\/\/schema.org","@graph":[{"@type":"WebPage","@id":"https:\/\/med.tattoo\/pt-pt\/produto\/med-tattoo-protectores-de-mamilos-em-cetim-cor-de-carne-20-unid-2\/","url":"https:\/\/med.tattoo\/pt-pt\/produto\/med-tattoo-protectores-de-mamilos-em-cetim-cor-de-carne-20-unid-2\/","name":"MED.TATTOO - Protectores de mamilos em cetim cor de carne 20 unid. - MED.TATTOO","isPartOf":{"@id":"https:\/\/med.tattoo\/pt-pt\/#website"},"primaryImageOfPage":{"@id":"https:\/\/med.tattoo\/pt-pt\/produto\/med-tattoo-protectores-de-mamilos-em-cetim-cor-de-carne-20-unid-2\/#primaryimage"},"image":{"@id":"https:\/\/med.tattoo\/pt-pt\/produto\/med-tattoo-protectores-de-mamilos-em-cetim-cor-de-carne-20-unid-2\/#primaryimage"},"thumbnailUrl":"https:\/\/med.tattoo\/wp-content\/uploads\/2025\/05\/596_med.tattoo-oslonki-satynowe-na-sutki-ciel-20szt_1742990451.jpg","datePublished":"2025-05-15T05:20:32+00:00","breadcrumb":{"@id":"https:\/\/med.tattoo\/pt-pt\/produto\/med-tattoo-protectores-de-mamilos-em-cetim-cor-de-carne-20-unid-2\/#breadcrumb"},"inLanguage":"pt-PT","potentialAction":[{"@type":"ReadAction","target":["https:\/\/med.tattoo\/pt-pt\/produto\/med-tattoo-protectores-de-mamilos-em-cetim-cor-de-carne-20-unid-2\/"]}]},{"@type":"ImageObject","inLanguage":"pt-PT","@id":"https:\/\/med.tattoo\/pt-pt\/produto\/med-tattoo-protectores-de-mamilos-em-cetim-cor-de-carne-20-unid-2\/#primaryimage","url":"https:\/\/med.tattoo\/wp-content\/uploads\/2025\/05\/596_med.tattoo-oslonki-satynowe-na-sutki-ciel-20szt_1742990451.jpg","contentUrl":"https:\/\/med.tattoo\/wp-content\/uploads\/2025\/05\/596_med.tattoo-oslonki-satynowe-na-sutki-ciel-20szt_1742990451.jpg","width":1200,"height":686},{"@type":"BreadcrumbList","@id":"https:\/\/med.tattoo\/pt-pt\/produto\/med-tattoo-protectores-de-mamilos-em-cetim-cor-de-carne-20-unid-2\/#breadcrumb","itemListElement":[{"@type":"ListItem","position":1,"name":"Strona G\u0142\u00f3wna","item":"https:\/\/med.tattoo\/pt-pt\/"},{"@type":"ListItem","position":2,"name":"Loja","item":"https:\/\/med.tattoo\/pt-pt\/loja\/"},{"@type":"ListItem","position":3,"name":"MED.TATTOO &#8211; Protectores de mamilos em cetim cor de carne 20 unid."}]},{"@type":"WebSite","@id":"https:\/\/med.tattoo\/pt-pt\/#website","url":"https:\/\/med.tattoo\/pt-pt\/","name":"MED.TATTOO","description":"Wszystko dla Twojego tatua\u017cu","publisher":{"@id":"https:\/\/med.tattoo\/pt-pt\/#organization"},"potentialAction":[{"@type":"SearchAction","target":{"@type":"EntryPoint","urlTemplate":"https:\/\/med.tattoo\/pt-pt\/?s={search_term_string}"},"query-input":{"@type":"PropertyValueSpecification","valueRequired":true,"valueName":"search_term_string"}}],"inLanguage":"pt-PT"},{"@type":"Organization","@id":"https:\/\/med.tattoo\/pt-pt\/#organization","name":"MED.TATTOO","url":"https:\/\/med.tattoo\/pt-pt\/","logo":{"@type":"ImageObject","inLanguage":"pt-PT","@id":"https:\/\/med.tattoo\/pt-pt\/#\/schema\/logo\/image\/","url":"https:\/\/med.tattoo\/wp-content\/uploads\/2025\/05\/Bez-tytulu-600S300-px-1-e1658908183800.png","contentUrl":"https:\/\/med.tattoo\/wp-content\/uploads\/2025\/05\/Bez-tytulu-600S300-px-1-e1658908183800.png","width":600,"height":61,"caption":"MED.TATTOO"},"image":{"@id":"https:\/\/med.tattoo\/pt-pt\/#\/schema\/logo\/image\/"},"sameAs":["https:\/\/www.facebook.com\/profile.php?id=100084366705613","https:\/\/www.instagram.com\/med.tattoo_official\/"]}]}},"_links":{"self":[{"href":"https:\/\/med.tattoo\/pt-pt\/wp-json\/wp\/v2\/product\/8954","targetHints":{"allow":["GET"]}}],"collection":[{"href":"https:\/\/med.tattoo\/pt-pt\/wp-json\/wp\/v2\/product"}],"about":[{"href":"https:\/\/med.tattoo\/pt-pt\/wp-json\/wp\/v2\/types\/product"}],"replies":[{"embeddable":true,"href":"https:\/\/med.tattoo\/pt-pt\/wp-json\/wp\/v2\/comments?post=8954"}],"wp:featuredmedia":[{"embeddable":true,"href":"https:\/\/med.tattoo\/pt-pt\/wp-json\/wp\/v2\/media\/10739"}],"wp:attachment":[{"href":"https:\/\/med.tattoo\/pt-pt\/wp-json\/wp\/v2\/media?parent=8954"}],"wp:term":[{"taxonomy":"product_brand","embeddable":true,"href":"https:\/\/med.tattoo\/pt-pt\/wp-json\/wp\/v2\/product_brand?post=8954"},{"taxonomy":"product_cat","embeddable":true,"href":"https:\/\/med.tattoo\/pt-pt\/wp-json\/wp\/v2\/product_cat?post=8954"},{"taxonomy":"product_tag","embeddable":true,"href":"https:\/\/med.tattoo\/pt-pt\/wp-json\/wp\/v2\/product_tag?post=8954"}],"curies":[{"name":"wp","href":"https:\/\/api.w.org\/{rel}","templated":true}]}}