{"id":9076,"date":"2025-05-15T07:25:49","date_gmt":"2025-05-15T05:25:49","guid":{"rendered":"https:\/\/med.tattoo\/produkt\/desinfetante-para-maos-e-superficies-dual-72-alpinus-5l\/"},"modified":"2025-05-15T07:25:49","modified_gmt":"2025-05-15T05:25:49","slug":"desinfetante-para-maos-e-superficies-dual-72-alpinus-5l","status":"publish","type":"product","link":"https:\/\/med.tattoo\/pt-pt\/produto\/desinfetante-para-maos-e-superficies-dual-72-alpinus-5l\/","title":{"rendered":"Desinfetante para m\u00e3os e superf\u00edcies DUAL 72 &#8211; ALPINUS 5L"},"content":{"rendered":"<p>DUAL 72 &#8211; ALPINUS MEDICA<\/p>\n<p>O produto \u00e9 adequado para a desinfe\u00e7\u00e3o higi\u00e9nica e cir\u00fargica das m\u00e3os, bem como para a desinfe\u00e7\u00e3o da pele intacta e inalterada. Tamb\u00e9m \u00e9 adequado para a desinfe\u00e7\u00e3o de superf\u00edcies, aparelhos, equipamento e mobili\u00e1rio em contacto com alimentos e fora dele. Destina-se a ser utilizado em \u00e1reas m\u00e9dicas, cosm\u00e9ticas, alimentares, institucionais e dom\u00e9sticas.  <\/p>\n<p>Propriedades b\u00e1sicas da formula\u00e7\u00e3o:<\/p>\n<p>produto biocida,<br \/>\npronto a usar &#8211; sem dilui\u00e7\u00e3o,<br \/>\ncont\u00e9m uma f\u00f3rmula hidratante para n\u00e3o secar a pele e n\u00e3o deixar marcas nas superf\u00edcies,<br \/>\neficaz contra bact\u00e9rias, fungos, micobact\u00e9rias e v\u00edrus &#8211; incluindo o coronav\u00edrus COVID-19,<br \/>\ntestado de acordo com as normas PN-EN 1500 (desinfe\u00e7\u00e3o higi\u00e9nica das m\u00e3os) e PN-EN 12791 (desinfe\u00e7\u00e3o cir\u00fargica das m\u00e3os),<br \/>\ncom a\u00e7\u00e3o imediata e prolongada durante mais de 3 horas.<br \/>\nSubst\u00e2ncia ativa: etanol 72g\/100g.<\/p>\n<p>Embalagem comercial:<\/p>\n<p>Recipiente de 5000 l<\/p>\n<p>Quantidade m\u00e1xima de produtos l\u00edquidos de 5L numa encomenda de 2 unidades.<\/p>\n","protected":false},"excerpt":{"rendered":"<p>DUAL 72 &#8211; ALPINUS MEDICA O produto \u00e9 adequado para a desinfe\u00e7\u00e3o higi\u00e9nica e cir\u00fargica das m\u00e3os, bem como para a desinfe\u00e7\u00e3o da pele intacta e inalterada. Tamb\u00e9m \u00e9 adequado para a desinfe\u00e7\u00e3o de superf\u00edcies, aparelhos, equipamento e mobili\u00e1rio em contacto com alimentos e fora dele. Destina-se a ser utilizado em \u00e1reas m\u00e9dicas, cosm\u00e9ticas, alimentares, [&hellip;]<\/p>\n","protected":false},"featured_media":7604,"comment_status":"closed","ping_status":"open","template":"","meta":{"site-sidebar-layout":"default","site-content-layout":"","ast-site-content-layout":"default","site-content-style":"default","site-sidebar-style":"default","ast-global-header-display":"","ast-banner-title-visibility":"","ast-main-header-display":"","ast-hfb-above-header-display":"","ast-hfb-below-header-display":"","ast-hfb-mobile-header-display":"","site-post-title":"","ast-breadcrumbs-content":"","ast-featured-img":"","footer-sml-layout":"","ast-disable-related-posts":"","theme-transparent-header-meta":"","adv-header-id-meta":"","stick-header-meta":"","header-above-stick-meta":"","header-main-stick-meta":"","header-below-stick-meta":"","astra-migrate-meta-layouts":"default","ast-page-background-enabled":"default","ast-page-background-meta":{"desktop":{"background-color":"var(--ast-global-color-4)","background-image":"","background-repeat":"repeat","background-position":"center center","background-size":"auto","background-attachment":"scroll","background-type":"","background-media":"","overlay-type":"","overlay-color":"","overlay-opacity":"","overlay-gradient":""},"tablet":{"background-color":"","background-image":"","background-repeat":"repeat","background-position":"center center","background-size":"auto","background-attachment":"scroll","background-type":"","background-media":"","overlay-type":"","overlay-color":"","overlay-opacity":"","overlay-gradient":""},"mobile":{"background-color":"","background-image":"","background-repeat":"repeat","background-position":"center center","background-size":"auto","background-attachment":"scroll","background-type":"","background-media":"","overlay-type":"","overlay-color":"","overlay-opacity":"","overlay-gradient":""}},"ast-content-background-meta":{"desktop":{"background-color":"var(--ast-global-color-5)","background-image":"","background-repeat":"repeat","background-position":"center center","background-size":"auto","background-attachment":"scroll","background-type":"","background-media":"","overlay-type":"","overlay-color":"","overlay-opacity":"","overlay-gradient":""},"tablet":{"background-color":"var(--ast-global-color-5)","background-image":"","background-repeat":"repeat","background-position":"center center","background-size":"auto","background-attachment":"scroll","background-type":"","background-media":"","overlay-type":"","overlay-color":"","overlay-opacity":"","overlay-gradient":""},"mobile":{"background-color":"var(--ast-global-color-5)","background-image":"","background-repeat":"repeat","background-position":"center center","background-size":"auto","background-attachment":"scroll","background-type":"","background-media":"","overlay-type":"","overlay-color":"","overlay-opacity":"","overlay-gradient":""}}},"product_brand":[],"product_cat":[90],"product_tag":[],"class_list":{"0":"post-9076","1":"product","2":"type-product","3":"status-publish","4":"has-post-thumbnail","6":"product_cat-med-tattoo-pt","7":"desktop-align-left","8":"tablet-align-left","9":"mobile-align-left","10":"ast-product-gallery-layout-horizontal-slider","11":"ast-product-gallery-with-no-image","12":"ast-product-tabs-layout-distributed","14":"first","15":"instock","16":"purchasable","17":"product-type-simple"},"yoast_head":"<!-- This site is optimized with the Yoast SEO plugin v27.4 - https:\/\/yoast.com\/product\/yoast-seo-wordpress\/ -->\n<title>Desinfetante para m\u00e3os e superf\u00edcies DUAL 72 - ALPINUS 5L - MED.TATTOO<\/title>\n<meta name=\"robots\" content=\"index, follow, max-snippet:-1, max-image-preview:large, max-video-preview:-1\" \/>\n<link rel=\"canonical\" href=\"https:\/\/med.tattoo\/pt-pt\/produto\/desinfetante-para-maos-e-superficies-dual-72-alpinus-5l\/\" \/>\n<meta property=\"og:locale\" content=\"pt_PT\" \/>\n<meta property=\"og:type\" content=\"article\" \/>\n<meta property=\"og:title\" content=\"Desinfetante para m\u00e3os e superf\u00edcies DUAL 72 - ALPINUS 5L - MED.TATTOO\" \/>\n<meta property=\"og:description\" content=\"DUAL 72 &#8211; ALPINUS MEDICA O produto \u00e9 adequado para a desinfe\u00e7\u00e3o higi\u00e9nica e cir\u00fargica das m\u00e3os, bem como para a desinfe\u00e7\u00e3o da pele intacta e inalterada. Tamb\u00e9m \u00e9 adequado para a desinfe\u00e7\u00e3o de superf\u00edcies, aparelhos, equipamento e mobili\u00e1rio em contacto com alimentos e fora dele. Destina-se a ser utilizado em \u00e1reas m\u00e9dicas, cosm\u00e9ticas, alimentares, [&hellip;]\" \/>\n<meta property=\"og:url\" content=\"https:\/\/med.tattoo\/pt-pt\/produto\/desinfetante-para-maos-e-superficies-dual-72-alpinus-5l\/\" \/>\n<meta property=\"og:site_name\" content=\"MED.TATTOO\" \/>\n<meta property=\"article:publisher\" content=\"https:\/\/www.facebook.com\/profile.php?id=100084366705613\" \/>\n<meta name=\"twitter:card\" content=\"summary_large_image\" \/>\n<meta name=\"twitter:label1\" content=\"Tempo estimado de leitura\" \/>\n\t<meta name=\"twitter:data1\" content=\"1 minuto\" \/>\n<script type=\"application\/ld+json\" class=\"yoast-schema-graph\">{\"@context\":\"https:\\\/\\\/schema.org\",\"@graph\":[{\"@type\":\"WebPage\",\"@id\":\"https:\\\/\\\/med.tattoo\\\/pt-pt\\\/produto\\\/desinfetante-para-maos-e-superficies-dual-72-alpinus-5l\\\/\",\"url\":\"https:\\\/\\\/med.tattoo\\\/pt-pt\\\/produto\\\/desinfetante-para-maos-e-superficies-dual-72-alpinus-5l\\\/\",\"name\":\"Desinfetante para m\u00e3os e superf\u00edcies DUAL 72 - ALPINUS 5L - MED.TATTOO\",\"isPartOf\":{\"@id\":\"https:\\\/\\\/med.tattoo\\\/pt-pt\\\/#website\"},\"primaryImageOfPage\":{\"@id\":\"https:\\\/\\\/med.tattoo\\\/pt-pt\\\/produto\\\/desinfetante-para-maos-e-superficies-dual-72-alpinus-5l\\\/#primaryimage\"},\"image\":{\"@id\":\"https:\\\/\\\/med.tattoo\\\/pt-pt\\\/produto\\\/desinfetante-para-maos-e-superficies-dual-72-alpinus-5l\\\/#primaryimage\"},\"thumbnailUrl\":\"https:\\\/\\\/med.tattoo\\\/wp-content\\\/uploads\\\/2025\\\/05\\\/1638_plyn-do-dezynfekcji-rak-i-powierzchni-dual-72-al_1744007030.jpg\",\"datePublished\":\"2025-05-15T05:25:49+00:00\",\"breadcrumb\":{\"@id\":\"https:\\\/\\\/med.tattoo\\\/pt-pt\\\/produto\\\/desinfetante-para-maos-e-superficies-dual-72-alpinus-5l\\\/#breadcrumb\"},\"inLanguage\":\"pt-PT\",\"potentialAction\":[{\"@type\":\"ReadAction\",\"target\":[\"https:\\\/\\\/med.tattoo\\\/pt-pt\\\/produto\\\/desinfetante-para-maos-e-superficies-dual-72-alpinus-5l\\\/\"]}]},{\"@type\":\"ImageObject\",\"inLanguage\":\"pt-PT\",\"@id\":\"https:\\\/\\\/med.tattoo\\\/pt-pt\\\/produto\\\/desinfetante-para-maos-e-superficies-dual-72-alpinus-5l\\\/#primaryimage\",\"url\":\"https:\\\/\\\/med.tattoo\\\/wp-content\\\/uploads\\\/2025\\\/05\\\/1638_plyn-do-dezynfekcji-rak-i-powierzchni-dual-72-al_1744007030.jpg\",\"contentUrl\":\"https:\\\/\\\/med.tattoo\\\/wp-content\\\/uploads\\\/2025\\\/05\\\/1638_plyn-do-dezynfekcji-rak-i-powierzchni-dual-72-al_1744007030.jpg\",\"width\":582,\"height\":800},{\"@type\":\"BreadcrumbList\",\"@id\":\"https:\\\/\\\/med.tattoo\\\/pt-pt\\\/produto\\\/desinfetante-para-maos-e-superficies-dual-72-alpinus-5l\\\/#breadcrumb\",\"itemListElement\":[{\"@type\":\"ListItem\",\"position\":1,\"name\":\"Strona G\u0142\u00f3wna\",\"item\":\"https:\\\/\\\/med.tattoo\\\/pt-pt\\\/\"},{\"@type\":\"ListItem\",\"position\":2,\"name\":\"Loja\",\"item\":\"https:\\\/\\\/med.tattoo\\\/pt-pt\\\/loja\\\/\"},{\"@type\":\"ListItem\",\"position\":3,\"name\":\"Desinfetante para m\u00e3os e superf\u00edcies DUAL 72 &#8211; ALPINUS 5L\"}]},{\"@type\":\"WebSite\",\"@id\":\"https:\\\/\\\/med.tattoo\\\/pt-pt\\\/#website\",\"url\":\"https:\\\/\\\/med.tattoo\\\/pt-pt\\\/\",\"name\":\"MED.TATTOO\",\"description\":\"Wszystko dla Twojego tatua\u017cu\",\"publisher\":{\"@id\":\"https:\\\/\\\/med.tattoo\\\/pt-pt\\\/#organization\"},\"potentialAction\":[{\"@type\":\"SearchAction\",\"target\":{\"@type\":\"EntryPoint\",\"urlTemplate\":\"https:\\\/\\\/med.tattoo\\\/pt-pt\\\/?s={search_term_string}\"},\"query-input\":{\"@type\":\"PropertyValueSpecification\",\"valueRequired\":true,\"valueName\":\"search_term_string\"}}],\"inLanguage\":\"pt-PT\"},{\"@type\":\"Organization\",\"@id\":\"https:\\\/\\\/med.tattoo\\\/pt-pt\\\/#organization\",\"name\":\"MED.TATTOO\",\"url\":\"https:\\\/\\\/med.tattoo\\\/pt-pt\\\/\",\"logo\":{\"@type\":\"ImageObject\",\"inLanguage\":\"pt-PT\",\"@id\":\"https:\\\/\\\/med.tattoo\\\/pt-pt\\\/#\\\/schema\\\/logo\\\/image\\\/\",\"url\":\"https:\\\/\\\/med.tattoo\\\/wp-content\\\/uploads\\\/2025\\\/05\\\/Bez-tytulu-600S300-px-1-e1658908183800.png\",\"contentUrl\":\"https:\\\/\\\/med.tattoo\\\/wp-content\\\/uploads\\\/2025\\\/05\\\/Bez-tytulu-600S300-px-1-e1658908183800.png\",\"width\":600,\"height\":61,\"caption\":\"MED.TATTOO\"},\"image\":{\"@id\":\"https:\\\/\\\/med.tattoo\\\/pt-pt\\\/#\\\/schema\\\/logo\\\/image\\\/\"},\"sameAs\":[\"https:\\\/\\\/www.facebook.com\\\/profile.php?id=100084366705613\",\"https:\\\/\\\/www.instagram.com\\\/med.tattoo_official\\\/\"]}]}<\/script>\n<!-- \/ Yoast SEO plugin. -->","yoast_head_json":{"title":"Desinfetante para m\u00e3os e superf\u00edcies DUAL 72 - ALPINUS 5L - MED.TATTOO","robots":{"index":"index","follow":"follow","max-snippet":"max-snippet:-1","max-image-preview":"max-image-preview:large","max-video-preview":"max-video-preview:-1"},"canonical":"https:\/\/med.tattoo\/pt-pt\/produto\/desinfetante-para-maos-e-superficies-dual-72-alpinus-5l\/","og_locale":"pt_PT","og_type":"article","og_title":"Desinfetante para m\u00e3os e superf\u00edcies DUAL 72 - ALPINUS 5L - MED.TATTOO","og_description":"DUAL 72 &#8211; ALPINUS MEDICA O produto \u00e9 adequado para a desinfe\u00e7\u00e3o higi\u00e9nica e cir\u00fargica das m\u00e3os, bem como para a desinfe\u00e7\u00e3o da pele intacta e inalterada. Tamb\u00e9m \u00e9 adequado para a desinfe\u00e7\u00e3o de superf\u00edcies, aparelhos, equipamento e mobili\u00e1rio em contacto com alimentos e fora dele. Destina-se a ser utilizado em \u00e1reas m\u00e9dicas, cosm\u00e9ticas, alimentares, [&hellip;]","og_url":"https:\/\/med.tattoo\/pt-pt\/produto\/desinfetante-para-maos-e-superficies-dual-72-alpinus-5l\/","og_site_name":"MED.TATTOO","article_publisher":"https:\/\/www.facebook.com\/profile.php?id=100084366705613","twitter_card":"summary_large_image","twitter_misc":{"Tempo estimado de leitura":"1 minuto"},"schema":{"@context":"https:\/\/schema.org","@graph":[{"@type":"WebPage","@id":"https:\/\/med.tattoo\/pt-pt\/produto\/desinfetante-para-maos-e-superficies-dual-72-alpinus-5l\/","url":"https:\/\/med.tattoo\/pt-pt\/produto\/desinfetante-para-maos-e-superficies-dual-72-alpinus-5l\/","name":"Desinfetante para m\u00e3os e superf\u00edcies DUAL 72 - ALPINUS 5L - MED.TATTOO","isPartOf":{"@id":"https:\/\/med.tattoo\/pt-pt\/#website"},"primaryImageOfPage":{"@id":"https:\/\/med.tattoo\/pt-pt\/produto\/desinfetante-para-maos-e-superficies-dual-72-alpinus-5l\/#primaryimage"},"image":{"@id":"https:\/\/med.tattoo\/pt-pt\/produto\/desinfetante-para-maos-e-superficies-dual-72-alpinus-5l\/#primaryimage"},"thumbnailUrl":"https:\/\/med.tattoo\/wp-content\/uploads\/2025\/05\/1638_plyn-do-dezynfekcji-rak-i-powierzchni-dual-72-al_1744007030.jpg","datePublished":"2025-05-15T05:25:49+00:00","breadcrumb":{"@id":"https:\/\/med.tattoo\/pt-pt\/produto\/desinfetante-para-maos-e-superficies-dual-72-alpinus-5l\/#breadcrumb"},"inLanguage":"pt-PT","potentialAction":[{"@type":"ReadAction","target":["https:\/\/med.tattoo\/pt-pt\/produto\/desinfetante-para-maos-e-superficies-dual-72-alpinus-5l\/"]}]},{"@type":"ImageObject","inLanguage":"pt-PT","@id":"https:\/\/med.tattoo\/pt-pt\/produto\/desinfetante-para-maos-e-superficies-dual-72-alpinus-5l\/#primaryimage","url":"https:\/\/med.tattoo\/wp-content\/uploads\/2025\/05\/1638_plyn-do-dezynfekcji-rak-i-powierzchni-dual-72-al_1744007030.jpg","contentUrl":"https:\/\/med.tattoo\/wp-content\/uploads\/2025\/05\/1638_plyn-do-dezynfekcji-rak-i-powierzchni-dual-72-al_1744007030.jpg","width":582,"height":800},{"@type":"BreadcrumbList","@id":"https:\/\/med.tattoo\/pt-pt\/produto\/desinfetante-para-maos-e-superficies-dual-72-alpinus-5l\/#breadcrumb","itemListElement":[{"@type":"ListItem","position":1,"name":"Strona G\u0142\u00f3wna","item":"https:\/\/med.tattoo\/pt-pt\/"},{"@type":"ListItem","position":2,"name":"Loja","item":"https:\/\/med.tattoo\/pt-pt\/loja\/"},{"@type":"ListItem","position":3,"name":"Desinfetante para m\u00e3os e superf\u00edcies DUAL 72 &#8211; ALPINUS 5L"}]},{"@type":"WebSite","@id":"https:\/\/med.tattoo\/pt-pt\/#website","url":"https:\/\/med.tattoo\/pt-pt\/","name":"MED.TATTOO","description":"Wszystko dla Twojego tatua\u017cu","publisher":{"@id":"https:\/\/med.tattoo\/pt-pt\/#organization"},"potentialAction":[{"@type":"SearchAction","target":{"@type":"EntryPoint","urlTemplate":"https:\/\/med.tattoo\/pt-pt\/?s={search_term_string}"},"query-input":{"@type":"PropertyValueSpecification","valueRequired":true,"valueName":"search_term_string"}}],"inLanguage":"pt-PT"},{"@type":"Organization","@id":"https:\/\/med.tattoo\/pt-pt\/#organization","name":"MED.TATTOO","url":"https:\/\/med.tattoo\/pt-pt\/","logo":{"@type":"ImageObject","inLanguage":"pt-PT","@id":"https:\/\/med.tattoo\/pt-pt\/#\/schema\/logo\/image\/","url":"https:\/\/med.tattoo\/wp-content\/uploads\/2025\/05\/Bez-tytulu-600S300-px-1-e1658908183800.png","contentUrl":"https:\/\/med.tattoo\/wp-content\/uploads\/2025\/05\/Bez-tytulu-600S300-px-1-e1658908183800.png","width":600,"height":61,"caption":"MED.TATTOO"},"image":{"@id":"https:\/\/med.tattoo\/pt-pt\/#\/schema\/logo\/image\/"},"sameAs":["https:\/\/www.facebook.com\/profile.php?id=100084366705613","https:\/\/www.instagram.com\/med.tattoo_official\/"]}]}},"_links":{"self":[{"href":"https:\/\/med.tattoo\/pt-pt\/wp-json\/wp\/v2\/product\/9076","targetHints":{"allow":["GET"]}}],"collection":[{"href":"https:\/\/med.tattoo\/pt-pt\/wp-json\/wp\/v2\/product"}],"about":[{"href":"https:\/\/med.tattoo\/pt-pt\/wp-json\/wp\/v2\/types\/product"}],"replies":[{"embeddable":true,"href":"https:\/\/med.tattoo\/pt-pt\/wp-json\/wp\/v2\/comments?post=9076"}],"wp:featuredmedia":[{"embeddable":true,"href":"https:\/\/med.tattoo\/pt-pt\/wp-json\/wp\/v2\/media\/7604"}],"wp:attachment":[{"href":"https:\/\/med.tattoo\/pt-pt\/wp-json\/wp\/v2\/media?parent=9076"}],"wp:term":[{"taxonomy":"product_brand","embeddable":true,"href":"https:\/\/med.tattoo\/pt-pt\/wp-json\/wp\/v2\/product_brand?post=9076"},{"taxonomy":"product_cat","embeddable":true,"href":"https:\/\/med.tattoo\/pt-pt\/wp-json\/wp\/v2\/product_cat?post=9076"},{"taxonomy":"product_tag","embeddable":true,"href":"https:\/\/med.tattoo\/pt-pt\/wp-json\/wp\/v2\/product_tag?post=9076"}],"curies":[{"name":"wp","href":"https:\/\/api.w.org\/{rel}","templated":true}]}}