{"id":9186,"date":"2025-05-15T07:39:29","date_gmt":"2025-05-15T05:39:29","guid":{"rendered":"https:\/\/med.tattoo\/produkt\/maquina-de-barbear-cirurgica-de-lamina-dupla-8-1pc\/"},"modified":"2025-05-15T07:39:29","modified_gmt":"2025-05-15T05:39:29","slug":"maquina-de-barbear-cirurgica-de-lamina-dupla-8-1pc","status":"publish","type":"product","link":"https:\/\/med.tattoo\/pt-pt\/produto\/maquina-de-barbear-cirurgica-de-lamina-dupla-8-1pc\/","title":{"rendered":"M\u00e1quina de barbear cir\u00fargica de l\u00e2mina dupla 8% 1pc"},"content":{"rendered":"<p>M\u00e1quina de barbear descart\u00e1vel com duas l\u00e2minas. O cabo da m\u00e1quina de barbear \u00e9 feito de pl\u00e1stico. S\u00e3o utilizadas para remover os p\u00ealos do corpo de uma forma muito confort\u00e1vel e segura. As l\u00e2minas de barbear n\u00e3o s\u00e3o esterilizadas, mas tamb\u00e9m s\u00e3o feitas de a\u00e7o inoxid\u00e1vel de alta qualidade. A l\u00e2mina dupla \u00e9 suficientemente afiada para dar \u00e0 \u00e1rea depilada um acabamento muito suave. As l\u00e2minas de barbear descart\u00e1veis s\u00e3o utilizadas principalmente para rapar determinadas zonas do corpo imediatamente antes de procedimentos m\u00e9dicos ou cosm\u00e9ticos. Tamb\u00e9m s\u00e3o utilizadas em casa. As m\u00e1quinas de barbear s\u00e3o muito f\u00e1ceis de utilizar e extremamente confort\u00e1veis. A l\u00e2mina dupla adapta-se perfeitamente ao corpo. As cabe\u00e7as das l\u00e2minas de barbear descart\u00e1veis est\u00e3o protegidas por protectores de pl\u00e1stico para n\u00e3o se danificarem durante o transporte.         <\/p>\n","protected":false},"excerpt":{"rendered":"<p>M\u00e1quina de barbear descart\u00e1vel com duas l\u00e2minas. O cabo da m\u00e1quina de barbear \u00e9 feito de pl\u00e1stico. S\u00e3o utilizadas para remover os p\u00ealos do corpo de uma forma muito confort\u00e1vel e segura. As l\u00e2minas de barbear n\u00e3o s\u00e3o esterilizadas, mas tamb\u00e9m s\u00e3o feitas de a\u00e7o inoxid\u00e1vel de alta qualidade. A l\u00e2mina dupla \u00e9 suficientemente afiada [&hellip;]<\/p>\n","protected":false},"featured_media":8397,"comment_status":"closed","ping_status":"open","template":"","meta":{"site-sidebar-layout":"default","site-content-layout":"","ast-site-content-layout":"default","site-content-style":"default","site-sidebar-style":"default","ast-global-header-display":"","ast-banner-title-visibility":"","ast-main-header-display":"","ast-hfb-above-header-display":"","ast-hfb-below-header-display":"","ast-hfb-mobile-header-display":"","site-post-title":"","ast-breadcrumbs-content":"","ast-featured-img":"","footer-sml-layout":"","ast-disable-related-posts":"","theme-transparent-header-meta":"","adv-header-id-meta":"","stick-header-meta":"","header-above-stick-meta":"","header-main-stick-meta":"","header-below-stick-meta":"","astra-migrate-meta-layouts":"default","ast-page-background-enabled":"default","ast-page-background-meta":{"desktop":{"background-color":"var(--ast-global-color-4)","background-image":"","background-repeat":"repeat","background-position":"center center","background-size":"auto","background-attachment":"scroll","background-type":"","background-media":"","overlay-type":"","overlay-color":"","overlay-opacity":"","overlay-gradient":""},"tablet":{"background-color":"","background-image":"","background-repeat":"repeat","background-position":"center center","background-size":"auto","background-attachment":"scroll","background-type":"","background-media":"","overlay-type":"","overlay-color":"","overlay-opacity":"","overlay-gradient":""},"mobile":{"background-color":"","background-image":"","background-repeat":"repeat","background-position":"center center","background-size":"auto","background-attachment":"scroll","background-type":"","background-media":"","overlay-type":"","overlay-color":"","overlay-opacity":"","overlay-gradient":""}},"ast-content-background-meta":{"desktop":{"background-color":"var(--ast-global-color-5)","background-image":"","background-repeat":"repeat","background-position":"center center","background-size":"auto","background-attachment":"scroll","background-type":"","background-media":"","overlay-type":"","overlay-color":"","overlay-opacity":"","overlay-gradient":""},"tablet":{"background-color":"var(--ast-global-color-5)","background-image":"","background-repeat":"repeat","background-position":"center center","background-size":"auto","background-attachment":"scroll","background-type":"","background-media":"","overlay-type":"","overlay-color":"","overlay-opacity":"","overlay-gradient":""},"mobile":{"background-color":"var(--ast-global-color-5)","background-image":"","background-repeat":"repeat","background-position":"center center","background-size":"auto","background-attachment":"scroll","background-type":"","background-media":"","overlay-type":"","overlay-color":"","overlay-opacity":"","overlay-gradient":""}}},"product_brand":[],"product_cat":[90],"product_tag":[],"class_list":{"0":"post-9186","1":"product","2":"type-product","3":"status-publish","4":"has-post-thumbnail","6":"product_cat-med-tattoo-pt","7":"desktop-align-left","8":"tablet-align-left","9":"mobile-align-left","10":"ast-product-gallery-layout-horizontal-slider","11":"ast-product-gallery-with-no-image","12":"ast-product-tabs-layout-distributed","14":"first","15":"instock","16":"purchasable","17":"product-type-simple"},"yoast_head":"<!-- This site is optimized with the Yoast SEO plugin v27.4 - https:\/\/yoast.com\/product\/yoast-seo-wordpress\/ -->\n<title>M\u00e1quina de barbear cir\u00fargica de l\u00e2mina dupla 8% 1pc - MED.TATTOO<\/title>\n<meta name=\"robots\" content=\"index, follow, max-snippet:-1, max-image-preview:large, max-video-preview:-1\" \/>\n<link rel=\"canonical\" href=\"https:\/\/med.tattoo\/pt-pt\/produto\/maquina-de-barbear-cirurgica-de-lamina-dupla-8-1pc\/\" \/>\n<meta property=\"og:locale\" content=\"pt_PT\" \/>\n<meta property=\"og:type\" content=\"article\" \/>\n<meta property=\"og:title\" content=\"M\u00e1quina de barbear cir\u00fargica de l\u00e2mina dupla 8% 1pc - MED.TATTOO\" \/>\n<meta property=\"og:description\" content=\"M\u00e1quina de barbear descart\u00e1vel com duas l\u00e2minas. O cabo da m\u00e1quina de barbear \u00e9 feito de pl\u00e1stico. S\u00e3o utilizadas para remover os p\u00ealos do corpo de uma forma muito confort\u00e1vel e segura. As l\u00e2minas de barbear n\u00e3o s\u00e3o esterilizadas, mas tamb\u00e9m s\u00e3o feitas de a\u00e7o inoxid\u00e1vel de alta qualidade. A l\u00e2mina dupla \u00e9 suficientemente afiada [&hellip;]\" \/>\n<meta property=\"og:url\" content=\"https:\/\/med.tattoo\/pt-pt\/produto\/maquina-de-barbear-cirurgica-de-lamina-dupla-8-1pc\/\" \/>\n<meta property=\"og:site_name\" content=\"MED.TATTOO\" \/>\n<meta property=\"article:publisher\" content=\"https:\/\/www.facebook.com\/profile.php?id=100084366705613\" \/>\n<meta name=\"twitter:card\" content=\"summary_large_image\" \/>\n<meta name=\"twitter:label1\" content=\"Tempo estimado de leitura\" \/>\n\t<meta name=\"twitter:data1\" content=\"1 minuto\" \/>\n<script type=\"application\/ld+json\" class=\"yoast-schema-graph\">{\"@context\":\"https:\\\/\\\/schema.org\",\"@graph\":[{\"@type\":\"WebPage\",\"@id\":\"https:\\\/\\\/med.tattoo\\\/pt-pt\\\/produto\\\/maquina-de-barbear-cirurgica-de-lamina-dupla-8-1pc\\\/\",\"url\":\"https:\\\/\\\/med.tattoo\\\/pt-pt\\\/produto\\\/maquina-de-barbear-cirurgica-de-lamina-dupla-8-1pc\\\/\",\"name\":\"M\u00e1quina de barbear cir\u00fargica de l\u00e2mina dupla 8% 1pc - MED.TATTOO\",\"isPartOf\":{\"@id\":\"https:\\\/\\\/med.tattoo\\\/pt-pt\\\/#website\"},\"primaryImageOfPage\":{\"@id\":\"https:\\\/\\\/med.tattoo\\\/pt-pt\\\/produto\\\/maquina-de-barbear-cirurgica-de-lamina-dupla-8-1pc\\\/#primaryimage\"},\"image\":{\"@id\":\"https:\\\/\\\/med.tattoo\\\/pt-pt\\\/produto\\\/maquina-de-barbear-cirurgica-de-lamina-dupla-8-1pc\\\/#primaryimage\"},\"thumbnailUrl\":\"https:\\\/\\\/med.tattoo\\\/wp-content\\\/uploads\\\/2025\\\/05\\\/130_golarka-j.u.-chirurgiczna.-z-podwojnym-ostrz-8-_1742990450.png\",\"datePublished\":\"2025-05-15T05:39:29+00:00\",\"breadcrumb\":{\"@id\":\"https:\\\/\\\/med.tattoo\\\/pt-pt\\\/produto\\\/maquina-de-barbear-cirurgica-de-lamina-dupla-8-1pc\\\/#breadcrumb\"},\"inLanguage\":\"pt-PT\",\"potentialAction\":[{\"@type\":\"ReadAction\",\"target\":[\"https:\\\/\\\/med.tattoo\\\/pt-pt\\\/produto\\\/maquina-de-barbear-cirurgica-de-lamina-dupla-8-1pc\\\/\"]}]},{\"@type\":\"ImageObject\",\"inLanguage\":\"pt-PT\",\"@id\":\"https:\\\/\\\/med.tattoo\\\/pt-pt\\\/produto\\\/maquina-de-barbear-cirurgica-de-lamina-dupla-8-1pc\\\/#primaryimage\",\"url\":\"https:\\\/\\\/med.tattoo\\\/wp-content\\\/uploads\\\/2025\\\/05\\\/130_golarka-j.u.-chirurgiczna.-z-podwojnym-ostrz-8-_1742990450.png\",\"contentUrl\":\"https:\\\/\\\/med.tattoo\\\/wp-content\\\/uploads\\\/2025\\\/05\\\/130_golarka-j.u.-chirurgiczna.-z-podwojnym-ostrz-8-_1742990450.png\",\"width\":407,\"height\":375},{\"@type\":\"BreadcrumbList\",\"@id\":\"https:\\\/\\\/med.tattoo\\\/pt-pt\\\/produto\\\/maquina-de-barbear-cirurgica-de-lamina-dupla-8-1pc\\\/#breadcrumb\",\"itemListElement\":[{\"@type\":\"ListItem\",\"position\":1,\"name\":\"Strona G\u0142\u00f3wna\",\"item\":\"https:\\\/\\\/med.tattoo\\\/pt-pt\\\/\"},{\"@type\":\"ListItem\",\"position\":2,\"name\":\"Loja\",\"item\":\"https:\\\/\\\/med.tattoo\\\/pt-pt\\\/loja\\\/\"},{\"@type\":\"ListItem\",\"position\":3,\"name\":\"M\u00e1quina de barbear cir\u00fargica de l\u00e2mina dupla 8% 1pc\"}]},{\"@type\":\"WebSite\",\"@id\":\"https:\\\/\\\/med.tattoo\\\/pt-pt\\\/#website\",\"url\":\"https:\\\/\\\/med.tattoo\\\/pt-pt\\\/\",\"name\":\"MED.TATTOO\",\"description\":\"Wszystko dla Twojego tatua\u017cu\",\"publisher\":{\"@id\":\"https:\\\/\\\/med.tattoo\\\/pt-pt\\\/#organization\"},\"potentialAction\":[{\"@type\":\"SearchAction\",\"target\":{\"@type\":\"EntryPoint\",\"urlTemplate\":\"https:\\\/\\\/med.tattoo\\\/pt-pt\\\/?s={search_term_string}\"},\"query-input\":{\"@type\":\"PropertyValueSpecification\",\"valueRequired\":true,\"valueName\":\"search_term_string\"}}],\"inLanguage\":\"pt-PT\"},{\"@type\":\"Organization\",\"@id\":\"https:\\\/\\\/med.tattoo\\\/pt-pt\\\/#organization\",\"name\":\"MED.TATTOO\",\"url\":\"https:\\\/\\\/med.tattoo\\\/pt-pt\\\/\",\"logo\":{\"@type\":\"ImageObject\",\"inLanguage\":\"pt-PT\",\"@id\":\"https:\\\/\\\/med.tattoo\\\/pt-pt\\\/#\\\/schema\\\/logo\\\/image\\\/\",\"url\":\"https:\\\/\\\/med.tattoo\\\/wp-content\\\/uploads\\\/2025\\\/05\\\/Bez-tytulu-600S300-px-1-e1658908183800.png\",\"contentUrl\":\"https:\\\/\\\/med.tattoo\\\/wp-content\\\/uploads\\\/2025\\\/05\\\/Bez-tytulu-600S300-px-1-e1658908183800.png\",\"width\":600,\"height\":61,\"caption\":\"MED.TATTOO\"},\"image\":{\"@id\":\"https:\\\/\\\/med.tattoo\\\/pt-pt\\\/#\\\/schema\\\/logo\\\/image\\\/\"},\"sameAs\":[\"https:\\\/\\\/www.facebook.com\\\/profile.php?id=100084366705613\",\"https:\\\/\\\/www.instagram.com\\\/med.tattoo_official\\\/\"]}]}<\/script>\n<!-- \/ Yoast SEO plugin. -->","yoast_head_json":{"title":"M\u00e1quina de barbear cir\u00fargica de l\u00e2mina dupla 8% 1pc - MED.TATTOO","robots":{"index":"index","follow":"follow","max-snippet":"max-snippet:-1","max-image-preview":"max-image-preview:large","max-video-preview":"max-video-preview:-1"},"canonical":"https:\/\/med.tattoo\/pt-pt\/produto\/maquina-de-barbear-cirurgica-de-lamina-dupla-8-1pc\/","og_locale":"pt_PT","og_type":"article","og_title":"M\u00e1quina de barbear cir\u00fargica de l\u00e2mina dupla 8% 1pc - MED.TATTOO","og_description":"M\u00e1quina de barbear descart\u00e1vel com duas l\u00e2minas. O cabo da m\u00e1quina de barbear \u00e9 feito de pl\u00e1stico. S\u00e3o utilizadas para remover os p\u00ealos do corpo de uma forma muito confort\u00e1vel e segura. As l\u00e2minas de barbear n\u00e3o s\u00e3o esterilizadas, mas tamb\u00e9m s\u00e3o feitas de a\u00e7o inoxid\u00e1vel de alta qualidade. A l\u00e2mina dupla \u00e9 suficientemente afiada [&hellip;]","og_url":"https:\/\/med.tattoo\/pt-pt\/produto\/maquina-de-barbear-cirurgica-de-lamina-dupla-8-1pc\/","og_site_name":"MED.TATTOO","article_publisher":"https:\/\/www.facebook.com\/profile.php?id=100084366705613","twitter_card":"summary_large_image","twitter_misc":{"Tempo estimado de leitura":"1 minuto"},"schema":{"@context":"https:\/\/schema.org","@graph":[{"@type":"WebPage","@id":"https:\/\/med.tattoo\/pt-pt\/produto\/maquina-de-barbear-cirurgica-de-lamina-dupla-8-1pc\/","url":"https:\/\/med.tattoo\/pt-pt\/produto\/maquina-de-barbear-cirurgica-de-lamina-dupla-8-1pc\/","name":"M\u00e1quina de barbear cir\u00fargica de l\u00e2mina dupla 8% 1pc - MED.TATTOO","isPartOf":{"@id":"https:\/\/med.tattoo\/pt-pt\/#website"},"primaryImageOfPage":{"@id":"https:\/\/med.tattoo\/pt-pt\/produto\/maquina-de-barbear-cirurgica-de-lamina-dupla-8-1pc\/#primaryimage"},"image":{"@id":"https:\/\/med.tattoo\/pt-pt\/produto\/maquina-de-barbear-cirurgica-de-lamina-dupla-8-1pc\/#primaryimage"},"thumbnailUrl":"https:\/\/med.tattoo\/wp-content\/uploads\/2025\/05\/130_golarka-j.u.-chirurgiczna.-z-podwojnym-ostrz-8-_1742990450.png","datePublished":"2025-05-15T05:39:29+00:00","breadcrumb":{"@id":"https:\/\/med.tattoo\/pt-pt\/produto\/maquina-de-barbear-cirurgica-de-lamina-dupla-8-1pc\/#breadcrumb"},"inLanguage":"pt-PT","potentialAction":[{"@type":"ReadAction","target":["https:\/\/med.tattoo\/pt-pt\/produto\/maquina-de-barbear-cirurgica-de-lamina-dupla-8-1pc\/"]}]},{"@type":"ImageObject","inLanguage":"pt-PT","@id":"https:\/\/med.tattoo\/pt-pt\/produto\/maquina-de-barbear-cirurgica-de-lamina-dupla-8-1pc\/#primaryimage","url":"https:\/\/med.tattoo\/wp-content\/uploads\/2025\/05\/130_golarka-j.u.-chirurgiczna.-z-podwojnym-ostrz-8-_1742990450.png","contentUrl":"https:\/\/med.tattoo\/wp-content\/uploads\/2025\/05\/130_golarka-j.u.-chirurgiczna.-z-podwojnym-ostrz-8-_1742990450.png","width":407,"height":375},{"@type":"BreadcrumbList","@id":"https:\/\/med.tattoo\/pt-pt\/produto\/maquina-de-barbear-cirurgica-de-lamina-dupla-8-1pc\/#breadcrumb","itemListElement":[{"@type":"ListItem","position":1,"name":"Strona G\u0142\u00f3wna","item":"https:\/\/med.tattoo\/pt-pt\/"},{"@type":"ListItem","position":2,"name":"Loja","item":"https:\/\/med.tattoo\/pt-pt\/loja\/"},{"@type":"ListItem","position":3,"name":"M\u00e1quina de barbear cir\u00fargica de l\u00e2mina dupla 8% 1pc"}]},{"@type":"WebSite","@id":"https:\/\/med.tattoo\/pt-pt\/#website","url":"https:\/\/med.tattoo\/pt-pt\/","name":"MED.TATTOO","description":"Wszystko dla Twojego tatua\u017cu","publisher":{"@id":"https:\/\/med.tattoo\/pt-pt\/#organization"},"potentialAction":[{"@type":"SearchAction","target":{"@type":"EntryPoint","urlTemplate":"https:\/\/med.tattoo\/pt-pt\/?s={search_term_string}"},"query-input":{"@type":"PropertyValueSpecification","valueRequired":true,"valueName":"search_term_string"}}],"inLanguage":"pt-PT"},{"@type":"Organization","@id":"https:\/\/med.tattoo\/pt-pt\/#organization","name":"MED.TATTOO","url":"https:\/\/med.tattoo\/pt-pt\/","logo":{"@type":"ImageObject","inLanguage":"pt-PT","@id":"https:\/\/med.tattoo\/pt-pt\/#\/schema\/logo\/image\/","url":"https:\/\/med.tattoo\/wp-content\/uploads\/2025\/05\/Bez-tytulu-600S300-px-1-e1658908183800.png","contentUrl":"https:\/\/med.tattoo\/wp-content\/uploads\/2025\/05\/Bez-tytulu-600S300-px-1-e1658908183800.png","width":600,"height":61,"caption":"MED.TATTOO"},"image":{"@id":"https:\/\/med.tattoo\/pt-pt\/#\/schema\/logo\/image\/"},"sameAs":["https:\/\/www.facebook.com\/profile.php?id=100084366705613","https:\/\/www.instagram.com\/med.tattoo_official\/"]}]}},"_links":{"self":[{"href":"https:\/\/med.tattoo\/pt-pt\/wp-json\/wp\/v2\/product\/9186","targetHints":{"allow":["GET"]}}],"collection":[{"href":"https:\/\/med.tattoo\/pt-pt\/wp-json\/wp\/v2\/product"}],"about":[{"href":"https:\/\/med.tattoo\/pt-pt\/wp-json\/wp\/v2\/types\/product"}],"replies":[{"embeddable":true,"href":"https:\/\/med.tattoo\/pt-pt\/wp-json\/wp\/v2\/comments?post=9186"}],"wp:featuredmedia":[{"embeddable":true,"href":"https:\/\/med.tattoo\/pt-pt\/wp-json\/wp\/v2\/media\/8397"}],"wp:attachment":[{"href":"https:\/\/med.tattoo\/pt-pt\/wp-json\/wp\/v2\/media?parent=9186"}],"wp:term":[{"taxonomy":"product_brand","embeddable":true,"href":"https:\/\/med.tattoo\/pt-pt\/wp-json\/wp\/v2\/product_brand?post=9186"},{"taxonomy":"product_cat","embeddable":true,"href":"https:\/\/med.tattoo\/pt-pt\/wp-json\/wp\/v2\/product_cat?post=9186"},{"taxonomy":"product_tag","embeddable":true,"href":"https:\/\/med.tattoo\/pt-pt\/wp-json\/wp\/v2\/product_tag?post=9186"}],"curies":[{"name":"wp","href":"https:\/\/api.w.org\/{rel}","templated":true}]}}