{"id":9388,"date":"2025-05-15T07:16:57","date_gmt":"2025-05-15T05:16:57","guid":{"rendered":"https:\/\/med.tattoo\/produkt\/enzymex-l9-1l-limpeza-desinfecao-de-instrumentos\/"},"modified":"2025-05-15T07:16:57","modified_gmt":"2025-05-15T05:16:57","slug":"enzymex-l9-1l-limpeza-desinfecao-de-instrumentos","status":"publish","type":"product","link":"https:\/\/med.tattoo\/pt-pt\/produto\/enzymex-l9-1l-limpeza-desinfecao-de-instrumentos\/","title":{"rendered":"Enzymex L9 1L Limpeza, desinfe\u00e7\u00e3o de instrumentos"},"content":{"rendered":"<p>Enzymex L9<\/p>\n<p>Concentrado de enzimas triplas para a limpeza e desinfe\u00e7\u00e3o manual de instrumentos, endosc\u00f3pios e outros dispositivos m\u00e9dicos.<br \/>\nPrepara\u00e7\u00e3o l\u00edquida com excelentes propriedades de desinfe\u00e7\u00e3o e limpeza, amplo espetro biocida em 10 minutos: bact\u00e9rias, micobact\u00e9rias, leveduras, v\u00edrus (HIV, HBV, HCV, Vaccinia\/Corona, Herpes), concentra\u00e7\u00e3o da solu\u00e7\u00e3o de trabalho a partir de 0,5%, testada em condi\u00e7\u00f5es de sujidade de acordo com a fase 2\/1 e a fase 2\/2 das normas europeias. Um complexo de tr\u00eas enzimas (protease, lipase, amilase) em combina\u00e7\u00e3o com detergentes dissolve os contaminantes org\u00e2nicos (sangue, pus, prote\u00ednas, etc.) impedindo a sua fixa\u00e7\u00e3o (secagem, coagula\u00e7\u00e3o) e a forma\u00e7\u00e3o de biofilme. O pH neutro e o teor anticorrosivo da solu\u00e7\u00e3o protegem os instrumentos contra danos e corros\u00e3o &#8211; a elevada compatibilidade dos materiais confirmada por numerosos testes, os instrumentos podem ser armazenados com seguran\u00e7a na solu\u00e7\u00e3o at\u00e9 72 horas. O produto permanece ativo independentemente da qualidade da \u00e1gua, pode ser utilizado em m\u00e1quinas de limpeza por ultra-sons e em m\u00e1quinas de lavar semi-autom\u00e1ticas.   <\/p>\n","protected":false},"excerpt":{"rendered":"<p>Enzymex L9 Concentrado de enzimas triplas para a limpeza e desinfe\u00e7\u00e3o manual de instrumentos, endosc\u00f3pios e outros dispositivos m\u00e9dicos. Prepara\u00e7\u00e3o l\u00edquida com excelentes propriedades de desinfe\u00e7\u00e3o e limpeza, amplo espetro biocida em 10 minutos: bact\u00e9rias, micobact\u00e9rias, leveduras, v\u00edrus (HIV, HBV, HCV, Vaccinia\/Corona, Herpes), concentra\u00e7\u00e3o da solu\u00e7\u00e3o de trabalho a partir de 0,5%, testada em condi\u00e7\u00f5es [&hellip;]<\/p>\n","protected":false},"featured_media":7221,"comment_status":"closed","ping_status":"open","template":"","meta":{"site-sidebar-layout":"default","site-content-layout":"","ast-site-content-layout":"default","site-content-style":"default","site-sidebar-style":"default","ast-global-header-display":"","ast-banner-title-visibility":"","ast-main-header-display":"","ast-hfb-above-header-display":"","ast-hfb-below-header-display":"","ast-hfb-mobile-header-display":"","site-post-title":"","ast-breadcrumbs-content":"","ast-featured-img":"","footer-sml-layout":"","ast-disable-related-posts":"","theme-transparent-header-meta":"","adv-header-id-meta":"","stick-header-meta":"","header-above-stick-meta":"","header-main-stick-meta":"","header-below-stick-meta":"","astra-migrate-meta-layouts":"default","ast-page-background-enabled":"default","ast-page-background-meta":{"desktop":{"background-color":"var(--ast-global-color-4)","background-image":"","background-repeat":"repeat","background-position":"center center","background-size":"auto","background-attachment":"scroll","background-type":"","background-media":"","overlay-type":"","overlay-color":"","overlay-opacity":"","overlay-gradient":""},"tablet":{"background-color":"","background-image":"","background-repeat":"repeat","background-position":"center center","background-size":"auto","background-attachment":"scroll","background-type":"","background-media":"","overlay-type":"","overlay-color":"","overlay-opacity":"","overlay-gradient":""},"mobile":{"background-color":"","background-image":"","background-repeat":"repeat","background-position":"center center","background-size":"auto","background-attachment":"scroll","background-type":"","background-media":"","overlay-type":"","overlay-color":"","overlay-opacity":"","overlay-gradient":""}},"ast-content-background-meta":{"desktop":{"background-color":"var(--ast-global-color-5)","background-image":"","background-repeat":"repeat","background-position":"center center","background-size":"auto","background-attachment":"scroll","background-type":"","background-media":"","overlay-type":"","overlay-color":"","overlay-opacity":"","overlay-gradient":""},"tablet":{"background-color":"var(--ast-global-color-5)","background-image":"","background-repeat":"repeat","background-position":"center center","background-size":"auto","background-attachment":"scroll","background-type":"","background-media":"","overlay-type":"","overlay-color":"","overlay-opacity":"","overlay-gradient":""},"mobile":{"background-color":"var(--ast-global-color-5)","background-image":"","background-repeat":"repeat","background-position":"center center","background-size":"auto","background-attachment":"scroll","background-type":"","background-media":"","overlay-type":"","overlay-color":"","overlay-opacity":"","overlay-gradient":""}}},"product_brand":[],"product_cat":[90],"product_tag":[],"class_list":{"0":"post-9388","1":"product","2":"type-product","3":"status-publish","4":"has-post-thumbnail","6":"product_cat-med-tattoo-pt","7":"desktop-align-left","8":"tablet-align-left","9":"mobile-align-left","10":"ast-product-gallery-layout-horizontal-slider","11":"ast-product-gallery-with-no-image","12":"ast-product-tabs-layout-distributed","14":"first","15":"instock","16":"purchasable","17":"product-type-simple"},"yoast_head":"<!-- This site is optimized with the Yoast SEO plugin v27.3 - https:\/\/yoast.com\/product\/yoast-seo-wordpress\/ -->\n<title>Enzymex L9 1L Limpeza, desinfe\u00e7\u00e3o de instrumentos - MED.TATTOO<\/title>\n<meta name=\"robots\" content=\"index, follow, max-snippet:-1, max-image-preview:large, max-video-preview:-1\" \/>\n<link rel=\"canonical\" href=\"https:\/\/med.tattoo\/pt-pt\/produto\/enzymex-l9-1l-limpeza-desinfecao-de-instrumentos\/\" \/>\n<meta property=\"og:locale\" content=\"pt_PT\" \/>\n<meta property=\"og:type\" content=\"article\" \/>\n<meta property=\"og:title\" content=\"Enzymex L9 1L Limpeza, desinfe\u00e7\u00e3o de instrumentos - MED.TATTOO\" \/>\n<meta property=\"og:description\" content=\"Enzymex L9 Concentrado de enzimas triplas para a limpeza e desinfe\u00e7\u00e3o manual de instrumentos, endosc\u00f3pios e outros dispositivos m\u00e9dicos. Prepara\u00e7\u00e3o l\u00edquida com excelentes propriedades de desinfe\u00e7\u00e3o e limpeza, amplo espetro biocida em 10 minutos: bact\u00e9rias, micobact\u00e9rias, leveduras, v\u00edrus (HIV, HBV, HCV, Vaccinia\/Corona, Herpes), concentra\u00e7\u00e3o da solu\u00e7\u00e3o de trabalho a partir de 0,5%, testada em condi\u00e7\u00f5es [&hellip;]\" \/>\n<meta property=\"og:url\" content=\"https:\/\/med.tattoo\/pt-pt\/produto\/enzymex-l9-1l-limpeza-desinfecao-de-instrumentos\/\" \/>\n<meta property=\"og:site_name\" content=\"MED.TATTOO\" \/>\n<meta property=\"article:publisher\" content=\"https:\/\/www.facebook.com\/profile.php?id=100084366705613\" \/>\n<meta name=\"twitter:card\" content=\"summary_large_image\" \/>\n<meta name=\"twitter:label1\" content=\"Tempo estimado de leitura\" \/>\n\t<meta name=\"twitter:data1\" content=\"1 minuto\" \/>\n<script type=\"application\/ld+json\" class=\"yoast-schema-graph\">{\"@context\":\"https:\\\/\\\/schema.org\",\"@graph\":[{\"@type\":\"WebPage\",\"@id\":\"https:\\\/\\\/med.tattoo\\\/pt-pt\\\/produto\\\/enzymex-l9-1l-limpeza-desinfecao-de-instrumentos\\\/\",\"url\":\"https:\\\/\\\/med.tattoo\\\/pt-pt\\\/produto\\\/enzymex-l9-1l-limpeza-desinfecao-de-instrumentos\\\/\",\"name\":\"Enzymex L9 1L Limpeza, desinfe\u00e7\u00e3o de instrumentos - MED.TATTOO\",\"isPartOf\":{\"@id\":\"https:\\\/\\\/med.tattoo\\\/pt-pt\\\/#website\"},\"primaryImageOfPage\":{\"@id\":\"https:\\\/\\\/med.tattoo\\\/pt-pt\\\/produto\\\/enzymex-l9-1l-limpeza-desinfecao-de-instrumentos\\\/#primaryimage\"},\"image\":{\"@id\":\"https:\\\/\\\/med.tattoo\\\/pt-pt\\\/produto\\\/enzymex-l9-1l-limpeza-desinfecao-de-instrumentos\\\/#primaryimage\"},\"thumbnailUrl\":\"https:\\\/\\\/med.tattoo\\\/wp-content\\\/uploads\\\/2025\\\/05\\\/848_enzymex-l9-1l_1744007027.jpg\",\"datePublished\":\"2025-05-15T05:16:57+00:00\",\"breadcrumb\":{\"@id\":\"https:\\\/\\\/med.tattoo\\\/pt-pt\\\/produto\\\/enzymex-l9-1l-limpeza-desinfecao-de-instrumentos\\\/#breadcrumb\"},\"inLanguage\":\"pt-PT\",\"potentialAction\":[{\"@type\":\"ReadAction\",\"target\":[\"https:\\\/\\\/med.tattoo\\\/pt-pt\\\/produto\\\/enzymex-l9-1l-limpeza-desinfecao-de-instrumentos\\\/\"]}]},{\"@type\":\"ImageObject\",\"inLanguage\":\"pt-PT\",\"@id\":\"https:\\\/\\\/med.tattoo\\\/pt-pt\\\/produto\\\/enzymex-l9-1l-limpeza-desinfecao-de-instrumentos\\\/#primaryimage\",\"url\":\"https:\\\/\\\/med.tattoo\\\/wp-content\\\/uploads\\\/2025\\\/05\\\/848_enzymex-l9-1l_1744007027.jpg\",\"contentUrl\":\"https:\\\/\\\/med.tattoo\\\/wp-content\\\/uploads\\\/2025\\\/05\\\/848_enzymex-l9-1l_1744007027.jpg\",\"width\":862,\"height\":1000},{\"@type\":\"BreadcrumbList\",\"@id\":\"https:\\\/\\\/med.tattoo\\\/pt-pt\\\/produto\\\/enzymex-l9-1l-limpeza-desinfecao-de-instrumentos\\\/#breadcrumb\",\"itemListElement\":[{\"@type\":\"ListItem\",\"position\":1,\"name\":\"Strona G\u0142\u00f3wna\",\"item\":\"https:\\\/\\\/med.tattoo\\\/pt-pt\\\/\"},{\"@type\":\"ListItem\",\"position\":2,\"name\":\"Loja\",\"item\":\"https:\\\/\\\/med.tattoo\\\/pt-pt\\\/loja\\\/\"},{\"@type\":\"ListItem\",\"position\":3,\"name\":\"Enzymex L9 1L Limpeza, desinfe\u00e7\u00e3o de instrumentos\"}]},{\"@type\":\"WebSite\",\"@id\":\"https:\\\/\\\/med.tattoo\\\/pt-pt\\\/#website\",\"url\":\"https:\\\/\\\/med.tattoo\\\/pt-pt\\\/\",\"name\":\"MED.TATTOO\",\"description\":\"Wszystko dla Twojego tatua\u017cu\",\"publisher\":{\"@id\":\"https:\\\/\\\/med.tattoo\\\/pt-pt\\\/#organization\"},\"potentialAction\":[{\"@type\":\"SearchAction\",\"target\":{\"@type\":\"EntryPoint\",\"urlTemplate\":\"https:\\\/\\\/med.tattoo\\\/pt-pt\\\/?s={search_term_string}\"},\"query-input\":{\"@type\":\"PropertyValueSpecification\",\"valueRequired\":true,\"valueName\":\"search_term_string\"}}],\"inLanguage\":\"pt-PT\"},{\"@type\":\"Organization\",\"@id\":\"https:\\\/\\\/med.tattoo\\\/pt-pt\\\/#organization\",\"name\":\"MED.TATTOO\",\"url\":\"https:\\\/\\\/med.tattoo\\\/pt-pt\\\/\",\"logo\":{\"@type\":\"ImageObject\",\"inLanguage\":\"pt-PT\",\"@id\":\"https:\\\/\\\/med.tattoo\\\/pt-pt\\\/#\\\/schema\\\/logo\\\/image\\\/\",\"url\":\"https:\\\/\\\/med.tattoo\\\/wp-content\\\/uploads\\\/2025\\\/05\\\/Bez-tytulu-600S300-px-1-e1658908183800.png\",\"contentUrl\":\"https:\\\/\\\/med.tattoo\\\/wp-content\\\/uploads\\\/2025\\\/05\\\/Bez-tytulu-600S300-px-1-e1658908183800.png\",\"width\":600,\"height\":61,\"caption\":\"MED.TATTOO\"},\"image\":{\"@id\":\"https:\\\/\\\/med.tattoo\\\/pt-pt\\\/#\\\/schema\\\/logo\\\/image\\\/\"},\"sameAs\":[\"https:\\\/\\\/www.facebook.com\\\/profile.php?id=100084366705613\",\"https:\\\/\\\/www.instagram.com\\\/med.tattoo_official\\\/\"]}]}<\/script>\n<!-- \/ Yoast SEO plugin. -->","yoast_head_json":{"title":"Enzymex L9 1L Limpeza, desinfe\u00e7\u00e3o de instrumentos - MED.TATTOO","robots":{"index":"index","follow":"follow","max-snippet":"max-snippet:-1","max-image-preview":"max-image-preview:large","max-video-preview":"max-video-preview:-1"},"canonical":"https:\/\/med.tattoo\/pt-pt\/produto\/enzymex-l9-1l-limpeza-desinfecao-de-instrumentos\/","og_locale":"pt_PT","og_type":"article","og_title":"Enzymex L9 1L Limpeza, desinfe\u00e7\u00e3o de instrumentos - MED.TATTOO","og_description":"Enzymex L9 Concentrado de enzimas triplas para a limpeza e desinfe\u00e7\u00e3o manual de instrumentos, endosc\u00f3pios e outros dispositivos m\u00e9dicos. Prepara\u00e7\u00e3o l\u00edquida com excelentes propriedades de desinfe\u00e7\u00e3o e limpeza, amplo espetro biocida em 10 minutos: bact\u00e9rias, micobact\u00e9rias, leveduras, v\u00edrus (HIV, HBV, HCV, Vaccinia\/Corona, Herpes), concentra\u00e7\u00e3o da solu\u00e7\u00e3o de trabalho a partir de 0,5%, testada em condi\u00e7\u00f5es [&hellip;]","og_url":"https:\/\/med.tattoo\/pt-pt\/produto\/enzymex-l9-1l-limpeza-desinfecao-de-instrumentos\/","og_site_name":"MED.TATTOO","article_publisher":"https:\/\/www.facebook.com\/profile.php?id=100084366705613","twitter_card":"summary_large_image","twitter_misc":{"Tempo estimado de leitura":"1 minuto"},"schema":{"@context":"https:\/\/schema.org","@graph":[{"@type":"WebPage","@id":"https:\/\/med.tattoo\/pt-pt\/produto\/enzymex-l9-1l-limpeza-desinfecao-de-instrumentos\/","url":"https:\/\/med.tattoo\/pt-pt\/produto\/enzymex-l9-1l-limpeza-desinfecao-de-instrumentos\/","name":"Enzymex L9 1L Limpeza, desinfe\u00e7\u00e3o de instrumentos - MED.TATTOO","isPartOf":{"@id":"https:\/\/med.tattoo\/pt-pt\/#website"},"primaryImageOfPage":{"@id":"https:\/\/med.tattoo\/pt-pt\/produto\/enzymex-l9-1l-limpeza-desinfecao-de-instrumentos\/#primaryimage"},"image":{"@id":"https:\/\/med.tattoo\/pt-pt\/produto\/enzymex-l9-1l-limpeza-desinfecao-de-instrumentos\/#primaryimage"},"thumbnailUrl":"https:\/\/med.tattoo\/wp-content\/uploads\/2025\/05\/848_enzymex-l9-1l_1744007027.jpg","datePublished":"2025-05-15T05:16:57+00:00","breadcrumb":{"@id":"https:\/\/med.tattoo\/pt-pt\/produto\/enzymex-l9-1l-limpeza-desinfecao-de-instrumentos\/#breadcrumb"},"inLanguage":"pt-PT","potentialAction":[{"@type":"ReadAction","target":["https:\/\/med.tattoo\/pt-pt\/produto\/enzymex-l9-1l-limpeza-desinfecao-de-instrumentos\/"]}]},{"@type":"ImageObject","inLanguage":"pt-PT","@id":"https:\/\/med.tattoo\/pt-pt\/produto\/enzymex-l9-1l-limpeza-desinfecao-de-instrumentos\/#primaryimage","url":"https:\/\/med.tattoo\/wp-content\/uploads\/2025\/05\/848_enzymex-l9-1l_1744007027.jpg","contentUrl":"https:\/\/med.tattoo\/wp-content\/uploads\/2025\/05\/848_enzymex-l9-1l_1744007027.jpg","width":862,"height":1000},{"@type":"BreadcrumbList","@id":"https:\/\/med.tattoo\/pt-pt\/produto\/enzymex-l9-1l-limpeza-desinfecao-de-instrumentos\/#breadcrumb","itemListElement":[{"@type":"ListItem","position":1,"name":"Strona G\u0142\u00f3wna","item":"https:\/\/med.tattoo\/pt-pt\/"},{"@type":"ListItem","position":2,"name":"Loja","item":"https:\/\/med.tattoo\/pt-pt\/loja\/"},{"@type":"ListItem","position":3,"name":"Enzymex L9 1L Limpeza, desinfe\u00e7\u00e3o de instrumentos"}]},{"@type":"WebSite","@id":"https:\/\/med.tattoo\/pt-pt\/#website","url":"https:\/\/med.tattoo\/pt-pt\/","name":"MED.TATTOO","description":"Wszystko dla Twojego tatua\u017cu","publisher":{"@id":"https:\/\/med.tattoo\/pt-pt\/#organization"},"potentialAction":[{"@type":"SearchAction","target":{"@type":"EntryPoint","urlTemplate":"https:\/\/med.tattoo\/pt-pt\/?s={search_term_string}"},"query-input":{"@type":"PropertyValueSpecification","valueRequired":true,"valueName":"search_term_string"}}],"inLanguage":"pt-PT"},{"@type":"Organization","@id":"https:\/\/med.tattoo\/pt-pt\/#organization","name":"MED.TATTOO","url":"https:\/\/med.tattoo\/pt-pt\/","logo":{"@type":"ImageObject","inLanguage":"pt-PT","@id":"https:\/\/med.tattoo\/pt-pt\/#\/schema\/logo\/image\/","url":"https:\/\/med.tattoo\/wp-content\/uploads\/2025\/05\/Bez-tytulu-600S300-px-1-e1658908183800.png","contentUrl":"https:\/\/med.tattoo\/wp-content\/uploads\/2025\/05\/Bez-tytulu-600S300-px-1-e1658908183800.png","width":600,"height":61,"caption":"MED.TATTOO"},"image":{"@id":"https:\/\/med.tattoo\/pt-pt\/#\/schema\/logo\/image\/"},"sameAs":["https:\/\/www.facebook.com\/profile.php?id=100084366705613","https:\/\/www.instagram.com\/med.tattoo_official\/"]}]}},"_links":{"self":[{"href":"https:\/\/med.tattoo\/pt-pt\/wp-json\/wp\/v2\/product\/9388","targetHints":{"allow":["GET"]}}],"collection":[{"href":"https:\/\/med.tattoo\/pt-pt\/wp-json\/wp\/v2\/product"}],"about":[{"href":"https:\/\/med.tattoo\/pt-pt\/wp-json\/wp\/v2\/types\/product"}],"replies":[{"embeddable":true,"href":"https:\/\/med.tattoo\/pt-pt\/wp-json\/wp\/v2\/comments?post=9388"}],"wp:featuredmedia":[{"embeddable":true,"href":"https:\/\/med.tattoo\/pt-pt\/wp-json\/wp\/v2\/media\/7221"}],"wp:attachment":[{"href":"https:\/\/med.tattoo\/pt-pt\/wp-json\/wp\/v2\/media?parent=9388"}],"wp:term":[{"taxonomy":"product_brand","embeddable":true,"href":"https:\/\/med.tattoo\/pt-pt\/wp-json\/wp\/v2\/product_brand?post=9388"},{"taxonomy":"product_cat","embeddable":true,"href":"https:\/\/med.tattoo\/pt-pt\/wp-json\/wp\/v2\/product_cat?post=9388"},{"taxonomy":"product_tag","embeddable":true,"href":"https:\/\/med.tattoo\/pt-pt\/wp-json\/wp\/v2\/product_tag?post=9388"}],"curies":[{"name":"wp","href":"https:\/\/api.w.org\/{rel}","templated":true}]}}