{"id":9424,"date":"2025-05-15T07:33:19","date_gmt":"2025-05-15T05:33:19","guid":{"rendered":"https:\/\/med.tattoo\/produkt\/subpavimento-com-folha-de-aluminio-1x-papel-de-seda-1x-folha-de-aluminio-38cm-x-50m-rosa\/"},"modified":"2025-05-15T07:33:19","modified_gmt":"2025-05-15T05:33:19","slug":"subpavimento-com-folha-de-aluminio-1x-papel-de-seda-1x-folha-de-aluminio-38cm-x-50m-rosa","status":"publish","type":"product","link":"https:\/\/med.tattoo\/pt-pt\/produto\/subpavimento-com-folha-de-aluminio-1x-papel-de-seda-1x-folha-de-aluminio-38cm-x-50m-rosa\/","title":{"rendered":"Subpavimento com folha de alum\u00ednio 1x papel de seda 1x folha de alum\u00ednio 38cm x 50m Rosa"},"content":{"rendered":"<p>Almofada m\u00e9dica laminada 38 cm<\/p>\n<p>Est\u00e1 a pensar como fixar eficazmente a cadeira ginecol\u00f3gica? Est\u00e1 \u00e0 procura de uma forma de garantir o conforto da sua doente durante o exame? <\/p>\n<p>Indica\u00e7\u00f5es do produto:<\/p>\n<p>Incluem, nomeadamente, todos os tipos de testes e tratamentos <\/p>\n<p>Propriedades:<br \/>\nat\u00e9 50 metros num rolo!<br \/>\nO penso m\u00e9dico tem duas camadas (tecido + folha), o que contribui para o seu elevado n\u00edvel de absor\u00e7\u00e3o<br \/>\n\u00c9 f\u00e1cil de rasgar, o que lhe poupar\u00e1 tempo durante o exame<br \/>\nO produto n\u00e3o delamina, o que garante uma grande durabilidade<br \/>\n\u00c9 agrad\u00e1vel ao toque, o que garante conforto durante o exame ginecol\u00f3gico<br \/>\nO tamanho \u00e9 de 38 \u00d7 50 cm, o penso \u00e9 perfurado a cada 38 cm<br \/>\nO produto \u00e9 fabricado na Gr\u00e9cia.<\/p>\n","protected":false},"excerpt":{"rendered":"<p>Almofada m\u00e9dica laminada 38 cm Est\u00e1 a pensar como fixar eficazmente a cadeira ginecol\u00f3gica? Est\u00e1 \u00e0 procura de uma forma de garantir o conforto da sua doente durante o exame? Indica\u00e7\u00f5es do produto: Incluem, nomeadamente, todos os tipos de testes e tratamentos Propriedades: at\u00e9 50 metros num rolo! O penso m\u00e9dico tem duas camadas (tecido [&hellip;]<\/p>\n","protected":false},"featured_media":8261,"comment_status":"closed","ping_status":"open","template":"","meta":{"site-sidebar-layout":"default","site-content-layout":"","ast-site-content-layout":"default","site-content-style":"default","site-sidebar-style":"default","ast-global-header-display":"","ast-banner-title-visibility":"","ast-main-header-display":"","ast-hfb-above-header-display":"","ast-hfb-below-header-display":"","ast-hfb-mobile-header-display":"","site-post-title":"","ast-breadcrumbs-content":"","ast-featured-img":"","footer-sml-layout":"","ast-disable-related-posts":"","theme-transparent-header-meta":"","adv-header-id-meta":"","stick-header-meta":"","header-above-stick-meta":"","header-main-stick-meta":"","header-below-stick-meta":"","astra-migrate-meta-layouts":"default","ast-page-background-enabled":"default","ast-page-background-meta":{"desktop":{"background-color":"var(--ast-global-color-4)","background-image":"","background-repeat":"repeat","background-position":"center center","background-size":"auto","background-attachment":"scroll","background-type":"","background-media":"","overlay-type":"","overlay-color":"","overlay-opacity":"","overlay-gradient":""},"tablet":{"background-color":"","background-image":"","background-repeat":"repeat","background-position":"center center","background-size":"auto","background-attachment":"scroll","background-type":"","background-media":"","overlay-type":"","overlay-color":"","overlay-opacity":"","overlay-gradient":""},"mobile":{"background-color":"","background-image":"","background-repeat":"repeat","background-position":"center center","background-size":"auto","background-attachment":"scroll","background-type":"","background-media":"","overlay-type":"","overlay-color":"","overlay-opacity":"","overlay-gradient":""}},"ast-content-background-meta":{"desktop":{"background-color":"var(--ast-global-color-5)","background-image":"","background-repeat":"repeat","background-position":"center center","background-size":"auto","background-attachment":"scroll","background-type":"","background-media":"","overlay-type":"","overlay-color":"","overlay-opacity":"","overlay-gradient":""},"tablet":{"background-color":"var(--ast-global-color-5)","background-image":"","background-repeat":"repeat","background-position":"center center","background-size":"auto","background-attachment":"scroll","background-type":"","background-media":"","overlay-type":"","overlay-color":"","overlay-opacity":"","overlay-gradient":""},"mobile":{"background-color":"var(--ast-global-color-5)","background-image":"","background-repeat":"repeat","background-position":"center center","background-size":"auto","background-attachment":"scroll","background-type":"","background-media":"","overlay-type":"","overlay-color":"","overlay-opacity":"","overlay-gradient":""}}},"product_brand":[],"product_cat":[90],"product_tag":[],"class_list":{"0":"post-9424","1":"product","2":"type-product","3":"status-publish","4":"has-post-thumbnail","6":"product_cat-med-tattoo-pt","7":"desktop-align-left","8":"tablet-align-left","9":"mobile-align-left","10":"ast-product-gallery-layout-horizontal-slider","11":"ast-product-gallery-with-no-image","12":"ast-product-tabs-layout-distributed","14":"first","15":"outofstock","16":"purchasable","17":"product-type-simple"},"yoast_head":"<!-- This site is optimized with the Yoast SEO plugin v27.3 - https:\/\/yoast.com\/product\/yoast-seo-wordpress\/ -->\n<title>Subpavimento com folha de alum\u00ednio 1x papel de seda 1x folha de alum\u00ednio 38cm x 50m Rosa - MED.TATTOO<\/title>\n<meta name=\"robots\" content=\"index, follow, max-snippet:-1, max-image-preview:large, max-video-preview:-1\" \/>\n<link rel=\"canonical\" href=\"https:\/\/med.tattoo\/pt-pt\/produto\/subpavimento-com-folha-de-aluminio-1x-papel-de-seda-1x-folha-de-aluminio-38cm-x-50m-rosa\/\" \/>\n<meta property=\"og:locale\" content=\"pt_PT\" \/>\n<meta property=\"og:type\" content=\"article\" \/>\n<meta property=\"og:title\" content=\"Subpavimento com folha de alum\u00ednio 1x papel de seda 1x folha de alum\u00ednio 38cm x 50m Rosa - MED.TATTOO\" \/>\n<meta property=\"og:description\" content=\"Almofada m\u00e9dica laminada 38 cm Est\u00e1 a pensar como fixar eficazmente a cadeira ginecol\u00f3gica? Est\u00e1 \u00e0 procura de uma forma de garantir o conforto da sua doente durante o exame? Indica\u00e7\u00f5es do produto: Incluem, nomeadamente, todos os tipos de testes e tratamentos Propriedades: at\u00e9 50 metros num rolo! O penso m\u00e9dico tem duas camadas (tecido [&hellip;]\" \/>\n<meta property=\"og:url\" content=\"https:\/\/med.tattoo\/pt-pt\/produto\/subpavimento-com-folha-de-aluminio-1x-papel-de-seda-1x-folha-de-aluminio-38cm-x-50m-rosa\/\" \/>\n<meta property=\"og:site_name\" content=\"MED.TATTOO\" \/>\n<meta property=\"article:publisher\" content=\"https:\/\/www.facebook.com\/profile.php?id=100084366705613\" \/>\n<meta name=\"twitter:card\" content=\"summary_large_image\" \/>\n<meta name=\"twitter:label1\" content=\"Tempo estimado de leitura\" \/>\n\t<meta name=\"twitter:data1\" content=\"1 minuto\" \/>\n<script type=\"application\/ld+json\" class=\"yoast-schema-graph\">{\"@context\":\"https:\\\/\\\/schema.org\",\"@graph\":[{\"@type\":\"WebPage\",\"@id\":\"https:\\\/\\\/med.tattoo\\\/pt-pt\\\/produto\\\/subpavimento-com-folha-de-aluminio-1x-papel-de-seda-1x-folha-de-aluminio-38cm-x-50m-rosa\\\/\",\"url\":\"https:\\\/\\\/med.tattoo\\\/pt-pt\\\/produto\\\/subpavimento-com-folha-de-aluminio-1x-papel-de-seda-1x-folha-de-aluminio-38cm-x-50m-rosa\\\/\",\"name\":\"Subpavimento com folha de alum\u00ednio 1x papel de seda 1x folha de alum\u00ednio 38cm x 50m Rosa - MED.TATTOO\",\"isPartOf\":{\"@id\":\"https:\\\/\\\/med.tattoo\\\/pt-pt\\\/#website\"},\"primaryImageOfPage\":{\"@id\":\"https:\\\/\\\/med.tattoo\\\/pt-pt\\\/produto\\\/subpavimento-com-folha-de-aluminio-1x-papel-de-seda-1x-folha-de-aluminio-38cm-x-50m-rosa\\\/#primaryimage\"},\"image\":{\"@id\":\"https:\\\/\\\/med.tattoo\\\/pt-pt\\\/produto\\\/subpavimento-com-folha-de-aluminio-1x-papel-de-seda-1x-folha-de-aluminio-38cm-x-50m-rosa\\\/#primaryimage\"},\"thumbnailUrl\":\"https:\\\/\\\/med.tattoo\\\/wp-content\\\/uploads\\\/2025\\\/05\\\/1601_podklad-podfoliowany-1x-bibula-1x-folia-38cm-x-50r_1744006854.jpg\",\"datePublished\":\"2025-05-15T05:33:19+00:00\",\"breadcrumb\":{\"@id\":\"https:\\\/\\\/med.tattoo\\\/pt-pt\\\/produto\\\/subpavimento-com-folha-de-aluminio-1x-papel-de-seda-1x-folha-de-aluminio-38cm-x-50m-rosa\\\/#breadcrumb\"},\"inLanguage\":\"pt-PT\",\"potentialAction\":[{\"@type\":\"ReadAction\",\"target\":[\"https:\\\/\\\/med.tattoo\\\/pt-pt\\\/produto\\\/subpavimento-com-folha-de-aluminio-1x-papel-de-seda-1x-folha-de-aluminio-38cm-x-50m-rosa\\\/\"]}]},{\"@type\":\"ImageObject\",\"inLanguage\":\"pt-PT\",\"@id\":\"https:\\\/\\\/med.tattoo\\\/pt-pt\\\/produto\\\/subpavimento-com-folha-de-aluminio-1x-papel-de-seda-1x-folha-de-aluminio-38cm-x-50m-rosa\\\/#primaryimage\",\"url\":\"https:\\\/\\\/med.tattoo\\\/wp-content\\\/uploads\\\/2025\\\/05\\\/1601_podklad-podfoliowany-1x-bibula-1x-folia-38cm-x-50r_1744006854.jpg\",\"contentUrl\":\"https:\\\/\\\/med.tattoo\\\/wp-content\\\/uploads\\\/2025\\\/05\\\/1601_podklad-podfoliowany-1x-bibula-1x-folia-38cm-x-50r_1744006854.jpg\",\"width\":614,\"height\":734},{\"@type\":\"BreadcrumbList\",\"@id\":\"https:\\\/\\\/med.tattoo\\\/pt-pt\\\/produto\\\/subpavimento-com-folha-de-aluminio-1x-papel-de-seda-1x-folha-de-aluminio-38cm-x-50m-rosa\\\/#breadcrumb\",\"itemListElement\":[{\"@type\":\"ListItem\",\"position\":1,\"name\":\"Strona G\u0142\u00f3wna\",\"item\":\"https:\\\/\\\/med.tattoo\\\/pt-pt\\\/\"},{\"@type\":\"ListItem\",\"position\":2,\"name\":\"Loja\",\"item\":\"https:\\\/\\\/med.tattoo\\\/pt-pt\\\/loja\\\/\"},{\"@type\":\"ListItem\",\"position\":3,\"name\":\"Subpavimento com folha de alum\u00ednio 1x papel de seda 1x folha de alum\u00ednio 38cm x 50m Rosa\"}]},{\"@type\":\"WebSite\",\"@id\":\"https:\\\/\\\/med.tattoo\\\/pt-pt\\\/#website\",\"url\":\"https:\\\/\\\/med.tattoo\\\/pt-pt\\\/\",\"name\":\"MED.TATTOO\",\"description\":\"Wszystko dla Twojego tatua\u017cu\",\"publisher\":{\"@id\":\"https:\\\/\\\/med.tattoo\\\/pt-pt\\\/#organization\"},\"potentialAction\":[{\"@type\":\"SearchAction\",\"target\":{\"@type\":\"EntryPoint\",\"urlTemplate\":\"https:\\\/\\\/med.tattoo\\\/pt-pt\\\/?s={search_term_string}\"},\"query-input\":{\"@type\":\"PropertyValueSpecification\",\"valueRequired\":true,\"valueName\":\"search_term_string\"}}],\"inLanguage\":\"pt-PT\"},{\"@type\":\"Organization\",\"@id\":\"https:\\\/\\\/med.tattoo\\\/pt-pt\\\/#organization\",\"name\":\"MED.TATTOO\",\"url\":\"https:\\\/\\\/med.tattoo\\\/pt-pt\\\/\",\"logo\":{\"@type\":\"ImageObject\",\"inLanguage\":\"pt-PT\",\"@id\":\"https:\\\/\\\/med.tattoo\\\/pt-pt\\\/#\\\/schema\\\/logo\\\/image\\\/\",\"url\":\"https:\\\/\\\/med.tattoo\\\/wp-content\\\/uploads\\\/2025\\\/05\\\/Bez-tytulu-600S300-px-1-e1658908183800.png\",\"contentUrl\":\"https:\\\/\\\/med.tattoo\\\/wp-content\\\/uploads\\\/2025\\\/05\\\/Bez-tytulu-600S300-px-1-e1658908183800.png\",\"width\":600,\"height\":61,\"caption\":\"MED.TATTOO\"},\"image\":{\"@id\":\"https:\\\/\\\/med.tattoo\\\/pt-pt\\\/#\\\/schema\\\/logo\\\/image\\\/\"},\"sameAs\":[\"https:\\\/\\\/www.facebook.com\\\/profile.php?id=100084366705613\",\"https:\\\/\\\/www.instagram.com\\\/med.tattoo_official\\\/\"]}]}<\/script>\n<!-- \/ Yoast SEO plugin. -->","yoast_head_json":{"title":"Subpavimento com folha de alum\u00ednio 1x papel de seda 1x folha de alum\u00ednio 38cm x 50m Rosa - MED.TATTOO","robots":{"index":"index","follow":"follow","max-snippet":"max-snippet:-1","max-image-preview":"max-image-preview:large","max-video-preview":"max-video-preview:-1"},"canonical":"https:\/\/med.tattoo\/pt-pt\/produto\/subpavimento-com-folha-de-aluminio-1x-papel-de-seda-1x-folha-de-aluminio-38cm-x-50m-rosa\/","og_locale":"pt_PT","og_type":"article","og_title":"Subpavimento com folha de alum\u00ednio 1x papel de seda 1x folha de alum\u00ednio 38cm x 50m Rosa - MED.TATTOO","og_description":"Almofada m\u00e9dica laminada 38 cm Est\u00e1 a pensar como fixar eficazmente a cadeira ginecol\u00f3gica? Est\u00e1 \u00e0 procura de uma forma de garantir o conforto da sua doente durante o exame? Indica\u00e7\u00f5es do produto: Incluem, nomeadamente, todos os tipos de testes e tratamentos Propriedades: at\u00e9 50 metros num rolo! O penso m\u00e9dico tem duas camadas (tecido [&hellip;]","og_url":"https:\/\/med.tattoo\/pt-pt\/produto\/subpavimento-com-folha-de-aluminio-1x-papel-de-seda-1x-folha-de-aluminio-38cm-x-50m-rosa\/","og_site_name":"MED.TATTOO","article_publisher":"https:\/\/www.facebook.com\/profile.php?id=100084366705613","twitter_card":"summary_large_image","twitter_misc":{"Tempo estimado de leitura":"1 minuto"},"schema":{"@context":"https:\/\/schema.org","@graph":[{"@type":"WebPage","@id":"https:\/\/med.tattoo\/pt-pt\/produto\/subpavimento-com-folha-de-aluminio-1x-papel-de-seda-1x-folha-de-aluminio-38cm-x-50m-rosa\/","url":"https:\/\/med.tattoo\/pt-pt\/produto\/subpavimento-com-folha-de-aluminio-1x-papel-de-seda-1x-folha-de-aluminio-38cm-x-50m-rosa\/","name":"Subpavimento com folha de alum\u00ednio 1x papel de seda 1x folha de alum\u00ednio 38cm x 50m Rosa - MED.TATTOO","isPartOf":{"@id":"https:\/\/med.tattoo\/pt-pt\/#website"},"primaryImageOfPage":{"@id":"https:\/\/med.tattoo\/pt-pt\/produto\/subpavimento-com-folha-de-aluminio-1x-papel-de-seda-1x-folha-de-aluminio-38cm-x-50m-rosa\/#primaryimage"},"image":{"@id":"https:\/\/med.tattoo\/pt-pt\/produto\/subpavimento-com-folha-de-aluminio-1x-papel-de-seda-1x-folha-de-aluminio-38cm-x-50m-rosa\/#primaryimage"},"thumbnailUrl":"https:\/\/med.tattoo\/wp-content\/uploads\/2025\/05\/1601_podklad-podfoliowany-1x-bibula-1x-folia-38cm-x-50r_1744006854.jpg","datePublished":"2025-05-15T05:33:19+00:00","breadcrumb":{"@id":"https:\/\/med.tattoo\/pt-pt\/produto\/subpavimento-com-folha-de-aluminio-1x-papel-de-seda-1x-folha-de-aluminio-38cm-x-50m-rosa\/#breadcrumb"},"inLanguage":"pt-PT","potentialAction":[{"@type":"ReadAction","target":["https:\/\/med.tattoo\/pt-pt\/produto\/subpavimento-com-folha-de-aluminio-1x-papel-de-seda-1x-folha-de-aluminio-38cm-x-50m-rosa\/"]}]},{"@type":"ImageObject","inLanguage":"pt-PT","@id":"https:\/\/med.tattoo\/pt-pt\/produto\/subpavimento-com-folha-de-aluminio-1x-papel-de-seda-1x-folha-de-aluminio-38cm-x-50m-rosa\/#primaryimage","url":"https:\/\/med.tattoo\/wp-content\/uploads\/2025\/05\/1601_podklad-podfoliowany-1x-bibula-1x-folia-38cm-x-50r_1744006854.jpg","contentUrl":"https:\/\/med.tattoo\/wp-content\/uploads\/2025\/05\/1601_podklad-podfoliowany-1x-bibula-1x-folia-38cm-x-50r_1744006854.jpg","width":614,"height":734},{"@type":"BreadcrumbList","@id":"https:\/\/med.tattoo\/pt-pt\/produto\/subpavimento-com-folha-de-aluminio-1x-papel-de-seda-1x-folha-de-aluminio-38cm-x-50m-rosa\/#breadcrumb","itemListElement":[{"@type":"ListItem","position":1,"name":"Strona G\u0142\u00f3wna","item":"https:\/\/med.tattoo\/pt-pt\/"},{"@type":"ListItem","position":2,"name":"Loja","item":"https:\/\/med.tattoo\/pt-pt\/loja\/"},{"@type":"ListItem","position":3,"name":"Subpavimento com folha de alum\u00ednio 1x papel de seda 1x folha de alum\u00ednio 38cm x 50m Rosa"}]},{"@type":"WebSite","@id":"https:\/\/med.tattoo\/pt-pt\/#website","url":"https:\/\/med.tattoo\/pt-pt\/","name":"MED.TATTOO","description":"Wszystko dla Twojego tatua\u017cu","publisher":{"@id":"https:\/\/med.tattoo\/pt-pt\/#organization"},"potentialAction":[{"@type":"SearchAction","target":{"@type":"EntryPoint","urlTemplate":"https:\/\/med.tattoo\/pt-pt\/?s={search_term_string}"},"query-input":{"@type":"PropertyValueSpecification","valueRequired":true,"valueName":"search_term_string"}}],"inLanguage":"pt-PT"},{"@type":"Organization","@id":"https:\/\/med.tattoo\/pt-pt\/#organization","name":"MED.TATTOO","url":"https:\/\/med.tattoo\/pt-pt\/","logo":{"@type":"ImageObject","inLanguage":"pt-PT","@id":"https:\/\/med.tattoo\/pt-pt\/#\/schema\/logo\/image\/","url":"https:\/\/med.tattoo\/wp-content\/uploads\/2025\/05\/Bez-tytulu-600S300-px-1-e1658908183800.png","contentUrl":"https:\/\/med.tattoo\/wp-content\/uploads\/2025\/05\/Bez-tytulu-600S300-px-1-e1658908183800.png","width":600,"height":61,"caption":"MED.TATTOO"},"image":{"@id":"https:\/\/med.tattoo\/pt-pt\/#\/schema\/logo\/image\/"},"sameAs":["https:\/\/www.facebook.com\/profile.php?id=100084366705613","https:\/\/www.instagram.com\/med.tattoo_official\/"]}]}},"_links":{"self":[{"href":"https:\/\/med.tattoo\/pt-pt\/wp-json\/wp\/v2\/product\/9424","targetHints":{"allow":["GET"]}}],"collection":[{"href":"https:\/\/med.tattoo\/pt-pt\/wp-json\/wp\/v2\/product"}],"about":[{"href":"https:\/\/med.tattoo\/pt-pt\/wp-json\/wp\/v2\/types\/product"}],"replies":[{"embeddable":true,"href":"https:\/\/med.tattoo\/pt-pt\/wp-json\/wp\/v2\/comments?post=9424"}],"wp:featuredmedia":[{"embeddable":true,"href":"https:\/\/med.tattoo\/pt-pt\/wp-json\/wp\/v2\/media\/8261"}],"wp:attachment":[{"href":"https:\/\/med.tattoo\/pt-pt\/wp-json\/wp\/v2\/media?parent=9424"}],"wp:term":[{"taxonomy":"product_brand","embeddable":true,"href":"https:\/\/med.tattoo\/pt-pt\/wp-json\/wp\/v2\/product_brand?post=9424"},{"taxonomy":"product_cat","embeddable":true,"href":"https:\/\/med.tattoo\/pt-pt\/wp-json\/wp\/v2\/product_cat?post=9424"},{"taxonomy":"product_tag","embeddable":true,"href":"https:\/\/med.tattoo\/pt-pt\/wp-json\/wp\/v2\/product_tag?post=9424"}],"curies":[{"name":"wp","href":"https:\/\/api.w.org\/{rel}","templated":true}]}}