{"id":9459,"date":"2025-05-15T07:36:31","date_gmt":"2025-05-15T05:36:31","guid":{"rendered":"https:\/\/med.tattoo\/produkt\/suprasorb-f-10cm-10m-pelicula-de-penso-em-rolo-2\/"},"modified":"2025-05-15T07:36:31","modified_gmt":"2025-05-15T05:36:31","slug":"suprasorb-f-10cm-10m-pelicula-de-penso-em-rolo-2","status":"publish","type":"product","link":"https:\/\/med.tattoo\/pt-pt\/produto\/suprasorb-f-10cm-10m-pelicula-de-penso-em-rolo-2\/","title":{"rendered":"Suprasorb F 10cm* 10m pel\u00edcula de penso em rolo"},"content":{"rendered":"<p>Proporciona uma prote\u00e7\u00e3o transparente. A pel\u00edcula flex\u00edvel de poliuretano \u00e9 perme\u00e1vel ao ar e, atrav\u00e9s da troca de gases e calor, permite a cria\u00e7\u00e3o de um ambiente h\u00famido na ferida para promover a cicatriza\u00e7\u00e3o. Suprasorb F \u00e9 imperme\u00e1vel aos fluidos e protege a ferida ou o local da pun\u00e7\u00e3o da coloniza\u00e7\u00e3o por bact\u00e9rias que penetram a partir do exterior.  <\/p>\n<p>A estrutura transparente do penso facilita a inspe\u00e7\u00e3o da ferida e do local da pun\u00e7\u00e3o. Suprasorb F \u00e9 um penso flex\u00edvel e extens\u00edvel que \u00e9 muito f\u00e1cil de utilizar. O Suprasorb F pode ser limpo, mesmo com desinfectantes que contenham \u00e1lcool, iodo ou octenidina. O penso proporciona uma boa prote\u00e7\u00e3o contra influ\u00eancias externas e n\u00e3o interfere com o banho ou o duche. Suprasorb F est\u00e1 dispon\u00edvel como uma compressa de pel\u00edcula est\u00e9ril para feridas ou como uma compressa de pel\u00edcula n\u00e3o est\u00e9ril em rolo.    <\/p>\n<p>Frequ\u00eancia das mudan\u00e7as de penso:<\/p>\n<p>O m\u00e9dico assistente deve mudar o penso em fun\u00e7\u00e3o do estado da ferida, do grau de exsudado e da presen\u00e7a de um penso secund\u00e1rio, o mais tardar ap\u00f3s 5 a 7 dias.<\/p>\n<p>Propriedades:<\/p>\n<p>f\u00e1cil aplica\u00e7\u00e3o<br \/>\nelevado conforto de utiliza\u00e7\u00e3o devido \u00e0 fixa\u00e7\u00e3o segura e flex\u00edvel<br \/>\nmuito bom controlo da ferida<br \/>\nprote\u00e7\u00e3o eficaz contra influ\u00eancias externas, por exemplo, germes<br \/>\nmuito boa cicatriza\u00e7\u00e3o da ferida devido \u00e0 elevada permeabilidade ao ar<br \/>\npossibilidade de tomar banho com o penso<br \/>\nresistente \u00e0 abras\u00e3o, tamb\u00e9m com desinfectantes que contenham \u00e1lcool, iodo ou octenidina<\/p>\n","protected":false},"excerpt":{"rendered":"<p>Proporciona uma prote\u00e7\u00e3o transparente. A pel\u00edcula flex\u00edvel de poliuretano \u00e9 perme\u00e1vel ao ar e, atrav\u00e9s da troca de gases e calor, permite a cria\u00e7\u00e3o de um ambiente h\u00famido na ferida para promover a cicatriza\u00e7\u00e3o. Suprasorb F \u00e9 imperme\u00e1vel aos fluidos e protege a ferida ou o local da pun\u00e7\u00e3o da coloniza\u00e7\u00e3o por bact\u00e9rias que penetram [&hellip;]<\/p>\n","protected":false},"featured_media":10771,"comment_status":"closed","ping_status":"open","template":"","meta":{"site-sidebar-layout":"default","site-content-layout":"","ast-site-content-layout":"default","site-content-style":"default","site-sidebar-style":"default","ast-global-header-display":"","ast-banner-title-visibility":"","ast-main-header-display":"","ast-hfb-above-header-display":"","ast-hfb-below-header-display":"","ast-hfb-mobile-header-display":"","site-post-title":"","ast-breadcrumbs-content":"","ast-featured-img":"","footer-sml-layout":"","ast-disable-related-posts":"","theme-transparent-header-meta":"","adv-header-id-meta":"","stick-header-meta":"","header-above-stick-meta":"","header-main-stick-meta":"","header-below-stick-meta":"","astra-migrate-meta-layouts":"default","ast-page-background-enabled":"default","ast-page-background-meta":{"desktop":{"background-color":"var(--ast-global-color-4)","background-image":"","background-repeat":"repeat","background-position":"center center","background-size":"auto","background-attachment":"scroll","background-type":"","background-media":"","overlay-type":"","overlay-color":"","overlay-opacity":"","overlay-gradient":""},"tablet":{"background-color":"","background-image":"","background-repeat":"repeat","background-position":"center center","background-size":"auto","background-attachment":"scroll","background-type":"","background-media":"","overlay-type":"","overlay-color":"","overlay-opacity":"","overlay-gradient":""},"mobile":{"background-color":"","background-image":"","background-repeat":"repeat","background-position":"center center","background-size":"auto","background-attachment":"scroll","background-type":"","background-media":"","overlay-type":"","overlay-color":"","overlay-opacity":"","overlay-gradient":""}},"ast-content-background-meta":{"desktop":{"background-color":"var(--ast-global-color-5)","background-image":"","background-repeat":"repeat","background-position":"center center","background-size":"auto","background-attachment":"scroll","background-type":"","background-media":"","overlay-type":"","overlay-color":"","overlay-opacity":"","overlay-gradient":""},"tablet":{"background-color":"var(--ast-global-color-5)","background-image":"","background-repeat":"repeat","background-position":"center center","background-size":"auto","background-attachment":"scroll","background-type":"","background-media":"","overlay-type":"","overlay-color":"","overlay-opacity":"","overlay-gradient":""},"mobile":{"background-color":"var(--ast-global-color-5)","background-image":"","background-repeat":"repeat","background-position":"center center","background-size":"auto","background-attachment":"scroll","background-type":"","background-media":"","overlay-type":"","overlay-color":"","overlay-opacity":"","overlay-gradient":""}}},"product_brand":[],"product_cat":[90],"product_tag":[],"class_list":{"0":"post-9459","1":"product","2":"type-product","3":"status-publish","4":"has-post-thumbnail","6":"product_cat-med-tattoo-pt","7":"desktop-align-left","8":"tablet-align-left","9":"mobile-align-left","10":"ast-product-gallery-layout-horizontal-slider","11":"ast-product-gallery-with-no-image","12":"ast-product-tabs-layout-distributed","14":"first","15":"instock","16":"purchasable","17":"product-type-simple"},"yoast_head":"<!-- This site is optimized with the Yoast SEO plugin v27.3 - https:\/\/yoast.com\/product\/yoast-seo-wordpress\/ -->\n<title>Suprasorb F 10cm* 10m pel\u00edcula de penso em rolo - MED.TATTOO<\/title>\n<meta name=\"robots\" content=\"index, follow, max-snippet:-1, max-image-preview:large, max-video-preview:-1\" \/>\n<link rel=\"canonical\" href=\"https:\/\/med.tattoo\/pt-pt\/produto\/suprasorb-f-10cm-10m-pelicula-de-penso-em-rolo-2\/\" \/>\n<meta property=\"og:locale\" content=\"pt_PT\" \/>\n<meta property=\"og:type\" content=\"article\" \/>\n<meta property=\"og:title\" content=\"Suprasorb F 10cm* 10m pel\u00edcula de penso em rolo - MED.TATTOO\" \/>\n<meta property=\"og:description\" content=\"Proporciona uma prote\u00e7\u00e3o transparente. A pel\u00edcula flex\u00edvel de poliuretano \u00e9 perme\u00e1vel ao ar e, atrav\u00e9s da troca de gases e calor, permite a cria\u00e7\u00e3o de um ambiente h\u00famido na ferida para promover a cicatriza\u00e7\u00e3o. Suprasorb F \u00e9 imperme\u00e1vel aos fluidos e protege a ferida ou o local da pun\u00e7\u00e3o da coloniza\u00e7\u00e3o por bact\u00e9rias que penetram [&hellip;]\" \/>\n<meta property=\"og:url\" content=\"https:\/\/med.tattoo\/pt-pt\/produto\/suprasorb-f-10cm-10m-pelicula-de-penso-em-rolo-2\/\" \/>\n<meta property=\"og:site_name\" content=\"MED.TATTOO\" \/>\n<meta property=\"article:publisher\" content=\"https:\/\/www.facebook.com\/profile.php?id=100084366705613\" \/>\n<meta name=\"twitter:card\" content=\"summary_large_image\" \/>\n<meta name=\"twitter:label1\" content=\"Tempo estimado de leitura\" \/>\n\t<meta name=\"twitter:data1\" content=\"1 minuto\" \/>\n<script type=\"application\/ld+json\" class=\"yoast-schema-graph\">{\"@context\":\"https:\\\/\\\/schema.org\",\"@graph\":[{\"@type\":\"WebPage\",\"@id\":\"https:\\\/\\\/med.tattoo\\\/pt-pt\\\/produto\\\/suprasorb-f-10cm-10m-pelicula-de-penso-em-rolo-2\\\/\",\"url\":\"https:\\\/\\\/med.tattoo\\\/pt-pt\\\/produto\\\/suprasorb-f-10cm-10m-pelicula-de-penso-em-rolo-2\\\/\",\"name\":\"Suprasorb F 10cm* 10m pel\u00edcula de penso em rolo - MED.TATTOO\",\"isPartOf\":{\"@id\":\"https:\\\/\\\/med.tattoo\\\/pt-pt\\\/#website\"},\"primaryImageOfPage\":{\"@id\":\"https:\\\/\\\/med.tattoo\\\/pt-pt\\\/produto\\\/suprasorb-f-10cm-10m-pelicula-de-penso-em-rolo-2\\\/#primaryimage\"},\"image\":{\"@id\":\"https:\\\/\\\/med.tattoo\\\/pt-pt\\\/produto\\\/suprasorb-f-10cm-10m-pelicula-de-penso-em-rolo-2\\\/#primaryimage\"},\"thumbnailUrl\":\"https:\\\/\\\/med.tattoo\\\/wp-content\\\/uploads\\\/2025\\\/05\\\/2333_suprasorb-f-10-10cm-opatrunek-foliowy-na-rolce_1742990462.jpg\",\"datePublished\":\"2025-05-15T05:36:31+00:00\",\"breadcrumb\":{\"@id\":\"https:\\\/\\\/med.tattoo\\\/pt-pt\\\/produto\\\/suprasorb-f-10cm-10m-pelicula-de-penso-em-rolo-2\\\/#breadcrumb\"},\"inLanguage\":\"pt-PT\",\"potentialAction\":[{\"@type\":\"ReadAction\",\"target\":[\"https:\\\/\\\/med.tattoo\\\/pt-pt\\\/produto\\\/suprasorb-f-10cm-10m-pelicula-de-penso-em-rolo-2\\\/\"]}]},{\"@type\":\"ImageObject\",\"inLanguage\":\"pt-PT\",\"@id\":\"https:\\\/\\\/med.tattoo\\\/pt-pt\\\/produto\\\/suprasorb-f-10cm-10m-pelicula-de-penso-em-rolo-2\\\/#primaryimage\",\"url\":\"https:\\\/\\\/med.tattoo\\\/wp-content\\\/uploads\\\/2025\\\/05\\\/2333_suprasorb-f-10-10cm-opatrunek-foliowy-na-rolce_1742990462.jpg\",\"contentUrl\":\"https:\\\/\\\/med.tattoo\\\/wp-content\\\/uploads\\\/2025\\\/05\\\/2333_suprasorb-f-10-10cm-opatrunek-foliowy-na-rolce_1742990462.jpg\",\"width\":826,\"height\":633},{\"@type\":\"BreadcrumbList\",\"@id\":\"https:\\\/\\\/med.tattoo\\\/pt-pt\\\/produto\\\/suprasorb-f-10cm-10m-pelicula-de-penso-em-rolo-2\\\/#breadcrumb\",\"itemListElement\":[{\"@type\":\"ListItem\",\"position\":1,\"name\":\"Strona G\u0142\u00f3wna\",\"item\":\"https:\\\/\\\/med.tattoo\\\/pt-pt\\\/\"},{\"@type\":\"ListItem\",\"position\":2,\"name\":\"Loja\",\"item\":\"https:\\\/\\\/med.tattoo\\\/pt-pt\\\/loja\\\/\"},{\"@type\":\"ListItem\",\"position\":3,\"name\":\"Suprasorb F 10cm* 10m pel\u00edcula de penso em rolo\"}]},{\"@type\":\"WebSite\",\"@id\":\"https:\\\/\\\/med.tattoo\\\/pt-pt\\\/#website\",\"url\":\"https:\\\/\\\/med.tattoo\\\/pt-pt\\\/\",\"name\":\"MED.TATTOO\",\"description\":\"Wszystko dla Twojego tatua\u017cu\",\"publisher\":{\"@id\":\"https:\\\/\\\/med.tattoo\\\/pt-pt\\\/#organization\"},\"potentialAction\":[{\"@type\":\"SearchAction\",\"target\":{\"@type\":\"EntryPoint\",\"urlTemplate\":\"https:\\\/\\\/med.tattoo\\\/pt-pt\\\/?s={search_term_string}\"},\"query-input\":{\"@type\":\"PropertyValueSpecification\",\"valueRequired\":true,\"valueName\":\"search_term_string\"}}],\"inLanguage\":\"pt-PT\"},{\"@type\":\"Organization\",\"@id\":\"https:\\\/\\\/med.tattoo\\\/pt-pt\\\/#organization\",\"name\":\"MED.TATTOO\",\"url\":\"https:\\\/\\\/med.tattoo\\\/pt-pt\\\/\",\"logo\":{\"@type\":\"ImageObject\",\"inLanguage\":\"pt-PT\",\"@id\":\"https:\\\/\\\/med.tattoo\\\/pt-pt\\\/#\\\/schema\\\/logo\\\/image\\\/\",\"url\":\"https:\\\/\\\/med.tattoo\\\/wp-content\\\/uploads\\\/2025\\\/05\\\/Bez-tytulu-600S300-px-1-e1658908183800.png\",\"contentUrl\":\"https:\\\/\\\/med.tattoo\\\/wp-content\\\/uploads\\\/2025\\\/05\\\/Bez-tytulu-600S300-px-1-e1658908183800.png\",\"width\":600,\"height\":61,\"caption\":\"MED.TATTOO\"},\"image\":{\"@id\":\"https:\\\/\\\/med.tattoo\\\/pt-pt\\\/#\\\/schema\\\/logo\\\/image\\\/\"},\"sameAs\":[\"https:\\\/\\\/www.facebook.com\\\/profile.php?id=100084366705613\",\"https:\\\/\\\/www.instagram.com\\\/med.tattoo_official\\\/\"]}]}<\/script>\n<!-- \/ Yoast SEO plugin. -->","yoast_head_json":{"title":"Suprasorb F 10cm* 10m pel\u00edcula de penso em rolo - MED.TATTOO","robots":{"index":"index","follow":"follow","max-snippet":"max-snippet:-1","max-image-preview":"max-image-preview:large","max-video-preview":"max-video-preview:-1"},"canonical":"https:\/\/med.tattoo\/pt-pt\/produto\/suprasorb-f-10cm-10m-pelicula-de-penso-em-rolo-2\/","og_locale":"pt_PT","og_type":"article","og_title":"Suprasorb F 10cm* 10m pel\u00edcula de penso em rolo - MED.TATTOO","og_description":"Proporciona uma prote\u00e7\u00e3o transparente. A pel\u00edcula flex\u00edvel de poliuretano \u00e9 perme\u00e1vel ao ar e, atrav\u00e9s da troca de gases e calor, permite a cria\u00e7\u00e3o de um ambiente h\u00famido na ferida para promover a cicatriza\u00e7\u00e3o. Suprasorb F \u00e9 imperme\u00e1vel aos fluidos e protege a ferida ou o local da pun\u00e7\u00e3o da coloniza\u00e7\u00e3o por bact\u00e9rias que penetram [&hellip;]","og_url":"https:\/\/med.tattoo\/pt-pt\/produto\/suprasorb-f-10cm-10m-pelicula-de-penso-em-rolo-2\/","og_site_name":"MED.TATTOO","article_publisher":"https:\/\/www.facebook.com\/profile.php?id=100084366705613","twitter_card":"summary_large_image","twitter_misc":{"Tempo estimado de leitura":"1 minuto"},"schema":{"@context":"https:\/\/schema.org","@graph":[{"@type":"WebPage","@id":"https:\/\/med.tattoo\/pt-pt\/produto\/suprasorb-f-10cm-10m-pelicula-de-penso-em-rolo-2\/","url":"https:\/\/med.tattoo\/pt-pt\/produto\/suprasorb-f-10cm-10m-pelicula-de-penso-em-rolo-2\/","name":"Suprasorb F 10cm* 10m pel\u00edcula de penso em rolo - MED.TATTOO","isPartOf":{"@id":"https:\/\/med.tattoo\/pt-pt\/#website"},"primaryImageOfPage":{"@id":"https:\/\/med.tattoo\/pt-pt\/produto\/suprasorb-f-10cm-10m-pelicula-de-penso-em-rolo-2\/#primaryimage"},"image":{"@id":"https:\/\/med.tattoo\/pt-pt\/produto\/suprasorb-f-10cm-10m-pelicula-de-penso-em-rolo-2\/#primaryimage"},"thumbnailUrl":"https:\/\/med.tattoo\/wp-content\/uploads\/2025\/05\/2333_suprasorb-f-10-10cm-opatrunek-foliowy-na-rolce_1742990462.jpg","datePublished":"2025-05-15T05:36:31+00:00","breadcrumb":{"@id":"https:\/\/med.tattoo\/pt-pt\/produto\/suprasorb-f-10cm-10m-pelicula-de-penso-em-rolo-2\/#breadcrumb"},"inLanguage":"pt-PT","potentialAction":[{"@type":"ReadAction","target":["https:\/\/med.tattoo\/pt-pt\/produto\/suprasorb-f-10cm-10m-pelicula-de-penso-em-rolo-2\/"]}]},{"@type":"ImageObject","inLanguage":"pt-PT","@id":"https:\/\/med.tattoo\/pt-pt\/produto\/suprasorb-f-10cm-10m-pelicula-de-penso-em-rolo-2\/#primaryimage","url":"https:\/\/med.tattoo\/wp-content\/uploads\/2025\/05\/2333_suprasorb-f-10-10cm-opatrunek-foliowy-na-rolce_1742990462.jpg","contentUrl":"https:\/\/med.tattoo\/wp-content\/uploads\/2025\/05\/2333_suprasorb-f-10-10cm-opatrunek-foliowy-na-rolce_1742990462.jpg","width":826,"height":633},{"@type":"BreadcrumbList","@id":"https:\/\/med.tattoo\/pt-pt\/produto\/suprasorb-f-10cm-10m-pelicula-de-penso-em-rolo-2\/#breadcrumb","itemListElement":[{"@type":"ListItem","position":1,"name":"Strona G\u0142\u00f3wna","item":"https:\/\/med.tattoo\/pt-pt\/"},{"@type":"ListItem","position":2,"name":"Loja","item":"https:\/\/med.tattoo\/pt-pt\/loja\/"},{"@type":"ListItem","position":3,"name":"Suprasorb F 10cm* 10m pel\u00edcula de penso em rolo"}]},{"@type":"WebSite","@id":"https:\/\/med.tattoo\/pt-pt\/#website","url":"https:\/\/med.tattoo\/pt-pt\/","name":"MED.TATTOO","description":"Wszystko dla Twojego tatua\u017cu","publisher":{"@id":"https:\/\/med.tattoo\/pt-pt\/#organization"},"potentialAction":[{"@type":"SearchAction","target":{"@type":"EntryPoint","urlTemplate":"https:\/\/med.tattoo\/pt-pt\/?s={search_term_string}"},"query-input":{"@type":"PropertyValueSpecification","valueRequired":true,"valueName":"search_term_string"}}],"inLanguage":"pt-PT"},{"@type":"Organization","@id":"https:\/\/med.tattoo\/pt-pt\/#organization","name":"MED.TATTOO","url":"https:\/\/med.tattoo\/pt-pt\/","logo":{"@type":"ImageObject","inLanguage":"pt-PT","@id":"https:\/\/med.tattoo\/pt-pt\/#\/schema\/logo\/image\/","url":"https:\/\/med.tattoo\/wp-content\/uploads\/2025\/05\/Bez-tytulu-600S300-px-1-e1658908183800.png","contentUrl":"https:\/\/med.tattoo\/wp-content\/uploads\/2025\/05\/Bez-tytulu-600S300-px-1-e1658908183800.png","width":600,"height":61,"caption":"MED.TATTOO"},"image":{"@id":"https:\/\/med.tattoo\/pt-pt\/#\/schema\/logo\/image\/"},"sameAs":["https:\/\/www.facebook.com\/profile.php?id=100084366705613","https:\/\/www.instagram.com\/med.tattoo_official\/"]}]}},"_links":{"self":[{"href":"https:\/\/med.tattoo\/pt-pt\/wp-json\/wp\/v2\/product\/9459","targetHints":{"allow":["GET"]}}],"collection":[{"href":"https:\/\/med.tattoo\/pt-pt\/wp-json\/wp\/v2\/product"}],"about":[{"href":"https:\/\/med.tattoo\/pt-pt\/wp-json\/wp\/v2\/types\/product"}],"replies":[{"embeddable":true,"href":"https:\/\/med.tattoo\/pt-pt\/wp-json\/wp\/v2\/comments?post=9459"}],"wp:featuredmedia":[{"embeddable":true,"href":"https:\/\/med.tattoo\/pt-pt\/wp-json\/wp\/v2\/media\/10771"}],"wp:attachment":[{"href":"https:\/\/med.tattoo\/pt-pt\/wp-json\/wp\/v2\/media?parent=9459"}],"wp:term":[{"taxonomy":"product_brand","embeddable":true,"href":"https:\/\/med.tattoo\/pt-pt\/wp-json\/wp\/v2\/product_brand?post=9459"},{"taxonomy":"product_cat","embeddable":true,"href":"https:\/\/med.tattoo\/pt-pt\/wp-json\/wp\/v2\/product_cat?post=9459"},{"taxonomy":"product_tag","embeddable":true,"href":"https:\/\/med.tattoo\/pt-pt\/wp-json\/wp\/v2\/product_tag?post=9459"}],"curies":[{"name":"wp","href":"https:\/\/api.w.org\/{rel}","templated":true}]}}