{"id":9560,"date":"2025-05-15T07:36:31","date_gmt":"2025-05-15T05:36:31","guid":{"rendered":"https:\/\/med.tattoo\/produkt\/rolo-de-toalha-de-celulose-2-camadas-150m-branco-1pc-premium\/"},"modified":"2025-05-15T07:36:31","modified_gmt":"2025-05-15T05:36:31","slug":"rolo-de-toalha-de-celulose-2-camadas-150m-branco-1pc-premium","status":"publish","type":"product","link":"https:\/\/med.tattoo\/pt-pt\/produto\/rolo-de-toalha-de-celulose-2-camadas-150m-branco-1pc-premium\/","title":{"rendered":"Rolo de toalha de celulose 2 camadas 150m branco 1pc PREMIUM"},"content":{"rendered":"<p>Toalha de papel Celulose italiana 150m 2 camadas  <\/p>\n<p>-Fonte: 100% italiano Pura Ovata Di Cellulosa<\/p>\n<p>-N\u00famero de camadas: 2<br \/>\n-Comprimento: 150 m<br \/>\n-Di\u00e2metro do rolo: 20 cm<br \/>\n-Altura do rolo: 20 cm<br \/>\n-Dimens\u00f5es da folha: 24&#215;20 cm<br \/>\n-6 pe\u00e7as por embalagem<br \/>\n-Cor: branco neve<br \/>\n-Ranhurado e perfurado<\/p>\n<p>Os panos de limpeza industrial de celulose s\u00e3o produtos de qualidade superior para todos os fins, fabricados a partir de 100% de celulose &#8211; uma mat\u00e9ria-prima macia, mas dura, resistente \u00e0 delamina\u00e7\u00e3o e \u00e0 humidade.  <\/p>\n<p>O principal objetivo do produto \u00e9 limpar e polir diferentes tipos de superf\u00edcies sem deixar riscos. Os panos de limpeza de celulose s\u00e3o adequados para limpar superf\u00edcies com \u00e1gua, solventes, \u00f3leos e detergentes. <\/p>\n<p>Embalado em 6 pe\u00e7as<\/p>\n<p>Pre\u00e7o por rolo<\/p>\n","protected":false},"excerpt":{"rendered":"<p>Toalha de papel Celulose italiana 150m 2 camadas -Fonte: 100% italiano Pura Ovata Di Cellulosa -N\u00famero de camadas: 2 -Comprimento: 150 m -Di\u00e2metro do rolo: 20 cm -Altura do rolo: 20 cm -Dimens\u00f5es da folha: 24&#215;20 cm -6 pe\u00e7as por embalagem -Cor: branco neve -Ranhurado e perfurado Os panos de limpeza industrial de celulose s\u00e3o [&hellip;]<\/p>\n","protected":false},"featured_media":8346,"comment_status":"closed","ping_status":"open","template":"","meta":{"site-sidebar-layout":"default","site-content-layout":"","ast-site-content-layout":"default","site-content-style":"default","site-sidebar-style":"default","ast-global-header-display":"","ast-banner-title-visibility":"","ast-main-header-display":"","ast-hfb-above-header-display":"","ast-hfb-below-header-display":"","ast-hfb-mobile-header-display":"","site-post-title":"","ast-breadcrumbs-content":"","ast-featured-img":"","footer-sml-layout":"","ast-disable-related-posts":"","theme-transparent-header-meta":"","adv-header-id-meta":"","stick-header-meta":"","header-above-stick-meta":"","header-main-stick-meta":"","header-below-stick-meta":"","astra-migrate-meta-layouts":"default","ast-page-background-enabled":"default","ast-page-background-meta":{"desktop":{"background-color":"var(--ast-global-color-4)","background-image":"","background-repeat":"repeat","background-position":"center center","background-size":"auto","background-attachment":"scroll","background-type":"","background-media":"","overlay-type":"","overlay-color":"","overlay-opacity":"","overlay-gradient":""},"tablet":{"background-color":"","background-image":"","background-repeat":"repeat","background-position":"center center","background-size":"auto","background-attachment":"scroll","background-type":"","background-media":"","overlay-type":"","overlay-color":"","overlay-opacity":"","overlay-gradient":""},"mobile":{"background-color":"","background-image":"","background-repeat":"repeat","background-position":"center center","background-size":"auto","background-attachment":"scroll","background-type":"","background-media":"","overlay-type":"","overlay-color":"","overlay-opacity":"","overlay-gradient":""}},"ast-content-background-meta":{"desktop":{"background-color":"var(--ast-global-color-5)","background-image":"","background-repeat":"repeat","background-position":"center center","background-size":"auto","background-attachment":"scroll","background-type":"","background-media":"","overlay-type":"","overlay-color":"","overlay-opacity":"","overlay-gradient":""},"tablet":{"background-color":"var(--ast-global-color-5)","background-image":"","background-repeat":"repeat","background-position":"center center","background-size":"auto","background-attachment":"scroll","background-type":"","background-media":"","overlay-type":"","overlay-color":"","overlay-opacity":"","overlay-gradient":""},"mobile":{"background-color":"var(--ast-global-color-5)","background-image":"","background-repeat":"repeat","background-position":"center center","background-size":"auto","background-attachment":"scroll","background-type":"","background-media":"","overlay-type":"","overlay-color":"","overlay-opacity":"","overlay-gradient":""}}},"product_brand":[],"product_cat":[90],"product_tag":[],"class_list":{"0":"post-9560","1":"product","2":"type-product","3":"status-publish","4":"has-post-thumbnail","6":"product_cat-med-tattoo-pt","7":"desktop-align-left","8":"tablet-align-left","9":"mobile-align-left","10":"ast-product-gallery-layout-horizontal-slider","11":"ast-product-gallery-with-no-image","12":"ast-product-tabs-layout-distributed","14":"first","15":"instock","16":"purchasable","17":"product-type-simple"},"yoast_head":"<!-- This site is optimized with the Yoast SEO plugin v27.3 - https:\/\/yoast.com\/product\/yoast-seo-wordpress\/ -->\n<title>Rolo de toalha de celulose 2 camadas 150m branco 1pc PREMIUM - MED.TATTOO<\/title>\n<meta name=\"robots\" content=\"index, follow, max-snippet:-1, max-image-preview:large, max-video-preview:-1\" \/>\n<link rel=\"canonical\" href=\"https:\/\/med.tattoo\/pt-pt\/produto\/rolo-de-toalha-de-celulose-2-camadas-150m-branco-1pc-premium\/\" \/>\n<meta property=\"og:locale\" content=\"pt_PT\" \/>\n<meta property=\"og:type\" content=\"article\" \/>\n<meta property=\"og:title\" content=\"Rolo de toalha de celulose 2 camadas 150m branco 1pc PREMIUM - MED.TATTOO\" \/>\n<meta property=\"og:description\" content=\"Toalha de papel Celulose italiana 150m 2 camadas -Fonte: 100% italiano Pura Ovata Di Cellulosa -N\u00famero de camadas: 2 -Comprimento: 150 m -Di\u00e2metro do rolo: 20 cm -Altura do rolo: 20 cm -Dimens\u00f5es da folha: 24&#215;20 cm -6 pe\u00e7as por embalagem -Cor: branco neve -Ranhurado e perfurado Os panos de limpeza industrial de celulose s\u00e3o [&hellip;]\" \/>\n<meta property=\"og:url\" content=\"https:\/\/med.tattoo\/pt-pt\/produto\/rolo-de-toalha-de-celulose-2-camadas-150m-branco-1pc-premium\/\" \/>\n<meta property=\"og:site_name\" content=\"MED.TATTOO\" \/>\n<meta property=\"article:publisher\" content=\"https:\/\/www.facebook.com\/profile.php?id=100084366705613\" \/>\n<meta name=\"twitter:card\" content=\"summary_large_image\" \/>\n<meta name=\"twitter:label1\" content=\"Tempo estimado de leitura\" \/>\n\t<meta name=\"twitter:data1\" content=\"1 minuto\" \/>\n<script type=\"application\/ld+json\" class=\"yoast-schema-graph\">{\"@context\":\"https:\\\/\\\/schema.org\",\"@graph\":[{\"@type\":\"WebPage\",\"@id\":\"https:\\\/\\\/med.tattoo\\\/pt-pt\\\/produto\\\/rolo-de-toalha-de-celulose-2-camadas-150m-branco-1pc-premium\\\/\",\"url\":\"https:\\\/\\\/med.tattoo\\\/pt-pt\\\/produto\\\/rolo-de-toalha-de-celulose-2-camadas-150m-branco-1pc-premium\\\/\",\"name\":\"Rolo de toalha de celulose 2 camadas 150m branco 1pc PREMIUM - MED.TATTOO\",\"isPartOf\":{\"@id\":\"https:\\\/\\\/med.tattoo\\\/pt-pt\\\/#website\"},\"primaryImageOfPage\":{\"@id\":\"https:\\\/\\\/med.tattoo\\\/pt-pt\\\/produto\\\/rolo-de-toalha-de-celulose-2-camadas-150m-branco-1pc-premium\\\/#primaryimage\"},\"image\":{\"@id\":\"https:\\\/\\\/med.tattoo\\\/pt-pt\\\/produto\\\/rolo-de-toalha-de-celulose-2-camadas-150m-branco-1pc-premium\\\/#primaryimage\"},\"thumbnailUrl\":\"https:\\\/\\\/med.tattoo\\\/wp-content\\\/uploads\\\/2025\\\/05\\\/297_recznik-czysciwo-z-celulozy-w-roli-midi-2-warstwy_1744006931.png\",\"datePublished\":\"2025-05-15T05:36:31+00:00\",\"breadcrumb\":{\"@id\":\"https:\\\/\\\/med.tattoo\\\/pt-pt\\\/produto\\\/rolo-de-toalha-de-celulose-2-camadas-150m-branco-1pc-premium\\\/#breadcrumb\"},\"inLanguage\":\"pt-PT\",\"potentialAction\":[{\"@type\":\"ReadAction\",\"target\":[\"https:\\\/\\\/med.tattoo\\\/pt-pt\\\/produto\\\/rolo-de-toalha-de-celulose-2-camadas-150m-branco-1pc-premium\\\/\"]}]},{\"@type\":\"ImageObject\",\"inLanguage\":\"pt-PT\",\"@id\":\"https:\\\/\\\/med.tattoo\\\/pt-pt\\\/produto\\\/rolo-de-toalha-de-celulose-2-camadas-150m-branco-1pc-premium\\\/#primaryimage\",\"url\":\"https:\\\/\\\/med.tattoo\\\/wp-content\\\/uploads\\\/2025\\\/05\\\/297_recznik-czysciwo-z-celulozy-w-roli-midi-2-warstwy_1744006931.png\",\"contentUrl\":\"https:\\\/\\\/med.tattoo\\\/wp-content\\\/uploads\\\/2025\\\/05\\\/297_recznik-czysciwo-z-celulozy-w-roli-midi-2-warstwy_1744006931.png\",\"width\":785,\"height\":741},{\"@type\":\"BreadcrumbList\",\"@id\":\"https:\\\/\\\/med.tattoo\\\/pt-pt\\\/produto\\\/rolo-de-toalha-de-celulose-2-camadas-150m-branco-1pc-premium\\\/#breadcrumb\",\"itemListElement\":[{\"@type\":\"ListItem\",\"position\":1,\"name\":\"Strona G\u0142\u00f3wna\",\"item\":\"https:\\\/\\\/med.tattoo\\\/pt-pt\\\/\"},{\"@type\":\"ListItem\",\"position\":2,\"name\":\"Loja\",\"item\":\"https:\\\/\\\/med.tattoo\\\/pt-pt\\\/loja\\\/\"},{\"@type\":\"ListItem\",\"position\":3,\"name\":\"Rolo de toalha de celulose 2 camadas 150m branco 1pc PREMIUM\"}]},{\"@type\":\"WebSite\",\"@id\":\"https:\\\/\\\/med.tattoo\\\/pt-pt\\\/#website\",\"url\":\"https:\\\/\\\/med.tattoo\\\/pt-pt\\\/\",\"name\":\"MED.TATTOO\",\"description\":\"Wszystko dla Twojego tatua\u017cu\",\"publisher\":{\"@id\":\"https:\\\/\\\/med.tattoo\\\/pt-pt\\\/#organization\"},\"potentialAction\":[{\"@type\":\"SearchAction\",\"target\":{\"@type\":\"EntryPoint\",\"urlTemplate\":\"https:\\\/\\\/med.tattoo\\\/pt-pt\\\/?s={search_term_string}\"},\"query-input\":{\"@type\":\"PropertyValueSpecification\",\"valueRequired\":true,\"valueName\":\"search_term_string\"}}],\"inLanguage\":\"pt-PT\"},{\"@type\":\"Organization\",\"@id\":\"https:\\\/\\\/med.tattoo\\\/pt-pt\\\/#organization\",\"name\":\"MED.TATTOO\",\"url\":\"https:\\\/\\\/med.tattoo\\\/pt-pt\\\/\",\"logo\":{\"@type\":\"ImageObject\",\"inLanguage\":\"pt-PT\",\"@id\":\"https:\\\/\\\/med.tattoo\\\/pt-pt\\\/#\\\/schema\\\/logo\\\/image\\\/\",\"url\":\"https:\\\/\\\/med.tattoo\\\/wp-content\\\/uploads\\\/2025\\\/05\\\/Bez-tytulu-600S300-px-1-e1658908183800.png\",\"contentUrl\":\"https:\\\/\\\/med.tattoo\\\/wp-content\\\/uploads\\\/2025\\\/05\\\/Bez-tytulu-600S300-px-1-e1658908183800.png\",\"width\":600,\"height\":61,\"caption\":\"MED.TATTOO\"},\"image\":{\"@id\":\"https:\\\/\\\/med.tattoo\\\/pt-pt\\\/#\\\/schema\\\/logo\\\/image\\\/\"},\"sameAs\":[\"https:\\\/\\\/www.facebook.com\\\/profile.php?id=100084366705613\",\"https:\\\/\\\/www.instagram.com\\\/med.tattoo_official\\\/\"]}]}<\/script>\n<!-- \/ Yoast SEO plugin. -->","yoast_head_json":{"title":"Rolo de toalha de celulose 2 camadas 150m branco 1pc PREMIUM - MED.TATTOO","robots":{"index":"index","follow":"follow","max-snippet":"max-snippet:-1","max-image-preview":"max-image-preview:large","max-video-preview":"max-video-preview:-1"},"canonical":"https:\/\/med.tattoo\/pt-pt\/produto\/rolo-de-toalha-de-celulose-2-camadas-150m-branco-1pc-premium\/","og_locale":"pt_PT","og_type":"article","og_title":"Rolo de toalha de celulose 2 camadas 150m branco 1pc PREMIUM - MED.TATTOO","og_description":"Toalha de papel Celulose italiana 150m 2 camadas -Fonte: 100% italiano Pura Ovata Di Cellulosa -N\u00famero de camadas: 2 -Comprimento: 150 m -Di\u00e2metro do rolo: 20 cm -Altura do rolo: 20 cm -Dimens\u00f5es da folha: 24&#215;20 cm -6 pe\u00e7as por embalagem -Cor: branco neve -Ranhurado e perfurado Os panos de limpeza industrial de celulose s\u00e3o [&hellip;]","og_url":"https:\/\/med.tattoo\/pt-pt\/produto\/rolo-de-toalha-de-celulose-2-camadas-150m-branco-1pc-premium\/","og_site_name":"MED.TATTOO","article_publisher":"https:\/\/www.facebook.com\/profile.php?id=100084366705613","twitter_card":"summary_large_image","twitter_misc":{"Tempo estimado de leitura":"1 minuto"},"schema":{"@context":"https:\/\/schema.org","@graph":[{"@type":"WebPage","@id":"https:\/\/med.tattoo\/pt-pt\/produto\/rolo-de-toalha-de-celulose-2-camadas-150m-branco-1pc-premium\/","url":"https:\/\/med.tattoo\/pt-pt\/produto\/rolo-de-toalha-de-celulose-2-camadas-150m-branco-1pc-premium\/","name":"Rolo de toalha de celulose 2 camadas 150m branco 1pc PREMIUM - MED.TATTOO","isPartOf":{"@id":"https:\/\/med.tattoo\/pt-pt\/#website"},"primaryImageOfPage":{"@id":"https:\/\/med.tattoo\/pt-pt\/produto\/rolo-de-toalha-de-celulose-2-camadas-150m-branco-1pc-premium\/#primaryimage"},"image":{"@id":"https:\/\/med.tattoo\/pt-pt\/produto\/rolo-de-toalha-de-celulose-2-camadas-150m-branco-1pc-premium\/#primaryimage"},"thumbnailUrl":"https:\/\/med.tattoo\/wp-content\/uploads\/2025\/05\/297_recznik-czysciwo-z-celulozy-w-roli-midi-2-warstwy_1744006931.png","datePublished":"2025-05-15T05:36:31+00:00","breadcrumb":{"@id":"https:\/\/med.tattoo\/pt-pt\/produto\/rolo-de-toalha-de-celulose-2-camadas-150m-branco-1pc-premium\/#breadcrumb"},"inLanguage":"pt-PT","potentialAction":[{"@type":"ReadAction","target":["https:\/\/med.tattoo\/pt-pt\/produto\/rolo-de-toalha-de-celulose-2-camadas-150m-branco-1pc-premium\/"]}]},{"@type":"ImageObject","inLanguage":"pt-PT","@id":"https:\/\/med.tattoo\/pt-pt\/produto\/rolo-de-toalha-de-celulose-2-camadas-150m-branco-1pc-premium\/#primaryimage","url":"https:\/\/med.tattoo\/wp-content\/uploads\/2025\/05\/297_recznik-czysciwo-z-celulozy-w-roli-midi-2-warstwy_1744006931.png","contentUrl":"https:\/\/med.tattoo\/wp-content\/uploads\/2025\/05\/297_recznik-czysciwo-z-celulozy-w-roli-midi-2-warstwy_1744006931.png","width":785,"height":741},{"@type":"BreadcrumbList","@id":"https:\/\/med.tattoo\/pt-pt\/produto\/rolo-de-toalha-de-celulose-2-camadas-150m-branco-1pc-premium\/#breadcrumb","itemListElement":[{"@type":"ListItem","position":1,"name":"Strona G\u0142\u00f3wna","item":"https:\/\/med.tattoo\/pt-pt\/"},{"@type":"ListItem","position":2,"name":"Loja","item":"https:\/\/med.tattoo\/pt-pt\/loja\/"},{"@type":"ListItem","position":3,"name":"Rolo de toalha de celulose 2 camadas 150m branco 1pc PREMIUM"}]},{"@type":"WebSite","@id":"https:\/\/med.tattoo\/pt-pt\/#website","url":"https:\/\/med.tattoo\/pt-pt\/","name":"MED.TATTOO","description":"Wszystko dla Twojego tatua\u017cu","publisher":{"@id":"https:\/\/med.tattoo\/pt-pt\/#organization"},"potentialAction":[{"@type":"SearchAction","target":{"@type":"EntryPoint","urlTemplate":"https:\/\/med.tattoo\/pt-pt\/?s={search_term_string}"},"query-input":{"@type":"PropertyValueSpecification","valueRequired":true,"valueName":"search_term_string"}}],"inLanguage":"pt-PT"},{"@type":"Organization","@id":"https:\/\/med.tattoo\/pt-pt\/#organization","name":"MED.TATTOO","url":"https:\/\/med.tattoo\/pt-pt\/","logo":{"@type":"ImageObject","inLanguage":"pt-PT","@id":"https:\/\/med.tattoo\/pt-pt\/#\/schema\/logo\/image\/","url":"https:\/\/med.tattoo\/wp-content\/uploads\/2025\/05\/Bez-tytulu-600S300-px-1-e1658908183800.png","contentUrl":"https:\/\/med.tattoo\/wp-content\/uploads\/2025\/05\/Bez-tytulu-600S300-px-1-e1658908183800.png","width":600,"height":61,"caption":"MED.TATTOO"},"image":{"@id":"https:\/\/med.tattoo\/pt-pt\/#\/schema\/logo\/image\/"},"sameAs":["https:\/\/www.facebook.com\/profile.php?id=100084366705613","https:\/\/www.instagram.com\/med.tattoo_official\/"]}]}},"_links":{"self":[{"href":"https:\/\/med.tattoo\/pt-pt\/wp-json\/wp\/v2\/product\/9560","targetHints":{"allow":["GET"]}}],"collection":[{"href":"https:\/\/med.tattoo\/pt-pt\/wp-json\/wp\/v2\/product"}],"about":[{"href":"https:\/\/med.tattoo\/pt-pt\/wp-json\/wp\/v2\/types\/product"}],"replies":[{"embeddable":true,"href":"https:\/\/med.tattoo\/pt-pt\/wp-json\/wp\/v2\/comments?post=9560"}],"wp:featuredmedia":[{"embeddable":true,"href":"https:\/\/med.tattoo\/pt-pt\/wp-json\/wp\/v2\/media\/8346"}],"wp:attachment":[{"href":"https:\/\/med.tattoo\/pt-pt\/wp-json\/wp\/v2\/media?parent=9560"}],"wp:term":[{"taxonomy":"product_brand","embeddable":true,"href":"https:\/\/med.tattoo\/pt-pt\/wp-json\/wp\/v2\/product_brand?post=9560"},{"taxonomy":"product_cat","embeddable":true,"href":"https:\/\/med.tattoo\/pt-pt\/wp-json\/wp\/v2\/product_cat?post=9560"},{"taxonomy":"product_tag","embeddable":true,"href":"https:\/\/med.tattoo\/pt-pt\/wp-json\/wp\/v2\/product_tag?post=9560"}],"curies":[{"name":"wp","href":"https:\/\/api.w.org\/{rel}","templated":true}]}}