{"id":9563,"date":"2025-05-15T07:36:31","date_gmt":"2025-05-15T05:36:31","guid":{"rendered":"https:\/\/med.tattoo\/produkt\/faixa-adesiva-25cm45m-1pc-elastico-turquesa-autocolante\/"},"modified":"2025-05-15T07:36:31","modified_gmt":"2025-05-15T05:36:31","slug":"faixa-adesiva-25cm45m-1pc-elastico-turquesa-autocolante","status":"publish","type":"product","link":"https:\/\/med.tattoo\/pt-pt\/produto\/faixa-adesiva-25cm45m-1pc-elastico-turquesa-autocolante\/","title":{"rendered":"Faixa adesiva 2,5cm*4,5m 1pc el\u00e1stico turquesa, autocolante"},"content":{"rendered":"<p>Uma ligadura \u00e9 uma ligadura el\u00e1stica (mant\u00e9m uma tens\u00e3o constante) com uma estrutura coesiva (auto-adesiva, adere apenas a si pr\u00f3pria). A nossa ligadura el\u00e1stica \u00e9 feita de um material leve, respir\u00e1vel e dur\u00e1vel que n\u00e3o agride a pele. O grau de compress\u00e3o desejado \u00e9 obtido no momento da aplica\u00e7\u00e3o. N\u00e3o requer a utiliza\u00e7\u00e3o de clipes ou adesivos de fixa\u00e7\u00e3o adicionais. O comprimento da ligadura pode ser ajustado sem utilizar uma tesoura. N\u00e3o deixa marcas quando \u00e9 retirada. Gra\u00e7as \u00e0s suas propriedades, a ligadura el\u00e1stica \u00e9 adequada para superf\u00edcies irregulares. Evita o sobreaquecimento e permite que a pele respire &#8211; \u00e9 perme\u00e1vel ao vapor de \u00e1gua e ao ar. Proporciona-lhe conforto e comodidade durante a utiliza\u00e7\u00e3o.        <\/p>\n<p>Na produ\u00e7\u00e3o de ligaduras el\u00e1sticas, baseamo-nos em tecnologia moderna e solu\u00e7\u00f5es inovadoras para garantir que a qualidade dos produtos oferecidos \u00e9 a mais elevada poss\u00edvel.<\/p>\n<p>A ligadura est\u00e1 dispon\u00edvel em v\u00e1rias cores e tamanhos.<\/p>\n<p>A ligadura \u00e9 um excelente protetor de ligaduras &#8211; mant\u00e9m a ligadura firmemente no lugar sem o risco de se deslocar. \u00d3timo para utilizar depois de ferimentos.  Tamb\u00e9m \u00e9 utilizada para fazer ligaduras para o cotovelo, pulso, p\u00e9 e joelho. A ligadura el\u00e1stica tamb\u00e9m tem sido utilizada como prote\u00e7\u00e3o adicional sob protectores. Ao controlar a for\u00e7a de compress\u00e3o, a ligadura el\u00e1stica pode ser utilizada como ligadura de compress\u00e3o para doen\u00e7as venosas dos membros inferiores. Gra\u00e7as \u00e0 sua aplica\u00e7\u00e3o r\u00e1pida e f\u00e1cil, a nossa ligadura el\u00e1stica tamb\u00e9m pode ser utilizada para fixar dispositivos utilizados em tatuagens, maquilhagem permanente e outros dispositivos m\u00e9dicos.   <\/p>\n<p>A nossa ligadura \u00e9 perfeita para uso veterin\u00e1rio, uma vez que n\u00e3o adere ao cabelo.<br \/>\nAplica\u00e7\u00e3o:<br \/>\n\u00c9 utilizada para ligar o cotovelo, o pulso, o joelho e o p\u00e9.<br \/>\nO produto \u00e9 mais frequentemente utilizado como uma base sob os pensos, substituindo uma esponja leve, proporcionando adicionalmente a estabiliza\u00e7\u00e3o da \u00e1rea.<br \/>\n\u00c9 utilizada como uma prote\u00e7\u00e3o adicional sob almofadas.<br \/>\nTamb\u00e9m \u00e9 \u00fatil em \u00e1reas de flex\u00e3o frequente, por exemplo, articula\u00e7\u00f5es.<br \/>\nO produto \u00e9 utilizado em fitas desportivas. Ajuda a melhorar a ader\u00eancia dos pensos de kinesiotaping &#8211; recomenda-se, portanto, a sua utiliza\u00e7\u00e3o para aumentar a durabilidade e o conforto das fitas.<br \/>\nA ligadura \u00e9 flex\u00edvel, o que a torna ideal para aplica\u00e7\u00f5es em zonas da pele propensas a transpira\u00e7\u00e3o excessiva (por exemplo, palmas das m\u00e3os ou plantas dos p\u00e9s). O produto garante que n\u00e3o h\u00e1 desconforto, apenas conforto causado pela aplica\u00e7\u00e3o.<br \/>\nPode ser utilizado como ligadura de compress\u00e3o e prote\u00e7\u00e3o para doen\u00e7as venosas dos membros inferiores, prevenindo e tratando les\u00f5es nos m\u00fasculos, tend\u00f5es e ligamentos.<br \/>\nTamb\u00e9m utilizado como imobiliza\u00e7\u00e3o parcial em caso de entorse, para a coloca\u00e7\u00e3o de v\u00e1rios pensos, talas e sacos de frio e de calor, em caso de incha\u00e7o dos membros devido a insufici\u00eancia circulat\u00f3ria, para a aplica\u00e7\u00e3o de pensos.<br \/>\nVantagens da ligadura :<br \/>\naplica-se r\u00e1pida e facilmente<br \/>\nn\u00e3o se &#8220;cola&#8221; \u00e0 pele, ao vestu\u00e1rio ou aos pensos<br \/>\nautocolante<br \/>\nevita o sobreaquecimento e permite que a pele respire<br \/>\nflex\u00edvel<br \/>\na ligadura \u00e9 facilmente removida<br \/>\nn\u00e3o deixa vest\u00edgios ap\u00f3s a remo\u00e7\u00e3o<br \/>\nperme\u00e1vel ao vapor de \u00e1gua e ao ar<br \/>\ncoesivo (autoadesivo) e antiderrapante<br \/>\nn\u00e3o necessita de clips ou pensos<br \/>\nproporciona conforto e comodidade<br \/>\nmant\u00e9m uma tens\u00e3o constante (n\u00e3o se solta ap\u00f3s a aplica\u00e7\u00e3o)<br \/>\ncoerente em ambos os lados<br \/>\nas partes desejadas podem ser f\u00e1cil e livremente separadas, arrancando-as<br \/>\npermite o controlo da resist\u00eancia \u00e0 compress\u00e3o<br \/>\nem muitas cores e padr\u00f5es alegres e em v\u00e1rios tamanhos<\/p>\n","protected":false},"excerpt":{"rendered":"<p>Uma ligadura \u00e9 uma ligadura el\u00e1stica (mant\u00e9m uma tens\u00e3o constante) com uma estrutura coesiva (auto-adesiva, adere apenas a si pr\u00f3pria). A nossa ligadura el\u00e1stica \u00e9 feita de um material leve, respir\u00e1vel e dur\u00e1vel que n\u00e3o agride a pele. O grau de compress\u00e3o desejado \u00e9 obtido no momento da aplica\u00e7\u00e3o. N\u00e3o requer a utiliza\u00e7\u00e3o de clipes [&hellip;]<\/p>\n","protected":false},"featured_media":8325,"comment_status":"closed","ping_status":"open","template":"","meta":{"site-sidebar-layout":"default","site-content-layout":"","ast-site-content-layout":"default","site-content-style":"default","site-sidebar-style":"default","ast-global-header-display":"","ast-banner-title-visibility":"","ast-main-header-display":"","ast-hfb-above-header-display":"","ast-hfb-below-header-display":"","ast-hfb-mobile-header-display":"","site-post-title":"","ast-breadcrumbs-content":"","ast-featured-img":"","footer-sml-layout":"","ast-disable-related-posts":"","theme-transparent-header-meta":"","adv-header-id-meta":"","stick-header-meta":"","header-above-stick-meta":"","header-main-stick-meta":"","header-below-stick-meta":"","astra-migrate-meta-layouts":"default","ast-page-background-enabled":"default","ast-page-background-meta":{"desktop":{"background-color":"var(--ast-global-color-4)","background-image":"","background-repeat":"repeat","background-position":"center center","background-size":"auto","background-attachment":"scroll","background-type":"","background-media":"","overlay-type":"","overlay-color":"","overlay-opacity":"","overlay-gradient":""},"tablet":{"background-color":"","background-image":"","background-repeat":"repeat","background-position":"center center","background-size":"auto","background-attachment":"scroll","background-type":"","background-media":"","overlay-type":"","overlay-color":"","overlay-opacity":"","overlay-gradient":""},"mobile":{"background-color":"","background-image":"","background-repeat":"repeat","background-position":"center center","background-size":"auto","background-attachment":"scroll","background-type":"","background-media":"","overlay-type":"","overlay-color":"","overlay-opacity":"","overlay-gradient":""}},"ast-content-background-meta":{"desktop":{"background-color":"var(--ast-global-color-5)","background-image":"","background-repeat":"repeat","background-position":"center center","background-size":"auto","background-attachment":"scroll","background-type":"","background-media":"","overlay-type":"","overlay-color":"","overlay-opacity":"","overlay-gradient":""},"tablet":{"background-color":"var(--ast-global-color-5)","background-image":"","background-repeat":"repeat","background-position":"center center","background-size":"auto","background-attachment":"scroll","background-type":"","background-media":"","overlay-type":"","overlay-color":"","overlay-opacity":"","overlay-gradient":""},"mobile":{"background-color":"var(--ast-global-color-5)","background-image":"","background-repeat":"repeat","background-position":"center center","background-size":"auto","background-attachment":"scroll","background-type":"","background-media":"","overlay-type":"","overlay-color":"","overlay-opacity":"","overlay-gradient":""}}},"product_brand":[],"product_cat":[90],"product_tag":[],"class_list":{"0":"post-9563","1":"product","2":"type-product","3":"status-publish","4":"has-post-thumbnail","6":"product_cat-med-tattoo-pt","7":"desktop-align-left","8":"tablet-align-left","9":"mobile-align-left","10":"ast-product-gallery-layout-horizontal-slider","11":"ast-product-gallery-with-no-image","12":"ast-product-tabs-layout-distributed","14":"first","15":"outofstock","16":"purchasable","17":"product-type-simple"},"yoast_head":"<!-- This site is optimized with the Yoast SEO plugin v27.3 - https:\/\/yoast.com\/product\/yoast-seo-wordpress\/ -->\n<title>Faixa adesiva 2,5cm*4,5m 1pc el\u00e1stico turquesa, autocolante - MED.TATTOO<\/title>\n<meta name=\"robots\" content=\"index, follow, max-snippet:-1, max-image-preview:large, max-video-preview:-1\" \/>\n<link rel=\"canonical\" href=\"https:\/\/med.tattoo\/pt-pt\/produto\/faixa-adesiva-25cm45m-1pc-elastico-turquesa-autocolante\/\" \/>\n<meta property=\"og:locale\" content=\"pt_PT\" \/>\n<meta property=\"og:type\" content=\"article\" \/>\n<meta property=\"og:title\" content=\"Faixa adesiva 2,5cm*4,5m 1pc el\u00e1stico turquesa, autocolante - MED.TATTOO\" \/>\n<meta property=\"og:description\" content=\"Uma ligadura \u00e9 uma ligadura el\u00e1stica (mant\u00e9m uma tens\u00e3o constante) com uma estrutura coesiva (auto-adesiva, adere apenas a si pr\u00f3pria). A nossa ligadura el\u00e1stica \u00e9 feita de um material leve, respir\u00e1vel e dur\u00e1vel que n\u00e3o agride a pele. O grau de compress\u00e3o desejado \u00e9 obtido no momento da aplica\u00e7\u00e3o. N\u00e3o requer a utiliza\u00e7\u00e3o de clipes [&hellip;]\" \/>\n<meta property=\"og:url\" content=\"https:\/\/med.tattoo\/pt-pt\/produto\/faixa-adesiva-25cm45m-1pc-elastico-turquesa-autocolante\/\" \/>\n<meta property=\"og:site_name\" content=\"MED.TATTOO\" \/>\n<meta property=\"article:publisher\" content=\"https:\/\/www.facebook.com\/profile.php?id=100084366705613\" \/>\n<meta name=\"twitter:card\" content=\"summary_large_image\" \/>\n<meta name=\"twitter:label1\" content=\"Tempo estimado de leitura\" \/>\n\t<meta name=\"twitter:data1\" content=\"3 minutos\" \/>\n<script type=\"application\/ld+json\" class=\"yoast-schema-graph\">{\"@context\":\"https:\\\/\\\/schema.org\",\"@graph\":[{\"@type\":\"WebPage\",\"@id\":\"https:\\\/\\\/med.tattoo\\\/pt-pt\\\/produto\\\/faixa-adesiva-25cm45m-1pc-elastico-turquesa-autocolante\\\/\",\"url\":\"https:\\\/\\\/med.tattoo\\\/pt-pt\\\/produto\\\/faixa-adesiva-25cm45m-1pc-elastico-turquesa-autocolante\\\/\",\"name\":\"Faixa adesiva 2,5cm*4,5m 1pc el\u00e1stico turquesa, autocolante - MED.TATTOO\",\"isPartOf\":{\"@id\":\"https:\\\/\\\/med.tattoo\\\/pt-pt\\\/#website\"},\"primaryImageOfPage\":{\"@id\":\"https:\\\/\\\/med.tattoo\\\/pt-pt\\\/produto\\\/faixa-adesiva-25cm45m-1pc-elastico-turquesa-autocolante\\\/#primaryimage\"},\"image\":{\"@id\":\"https:\\\/\\\/med.tattoo\\\/pt-pt\\\/produto\\\/faixa-adesiva-25cm45m-1pc-elastico-turquesa-autocolante\\\/#primaryimage\"},\"thumbnailUrl\":\"https:\\\/\\\/med.tattoo\\\/wp-content\\\/uploads\\\/2025\\\/05\\\/2246_opaska-kohezyjna-2-5cm-4-5m-1szt-turkusowa-elastyc_1744006712.jpg\",\"datePublished\":\"2025-05-15T05:36:31+00:00\",\"breadcrumb\":{\"@id\":\"https:\\\/\\\/med.tattoo\\\/pt-pt\\\/produto\\\/faixa-adesiva-25cm45m-1pc-elastico-turquesa-autocolante\\\/#breadcrumb\"},\"inLanguage\":\"pt-PT\",\"potentialAction\":[{\"@type\":\"ReadAction\",\"target\":[\"https:\\\/\\\/med.tattoo\\\/pt-pt\\\/produto\\\/faixa-adesiva-25cm45m-1pc-elastico-turquesa-autocolante\\\/\"]}]},{\"@type\":\"ImageObject\",\"inLanguage\":\"pt-PT\",\"@id\":\"https:\\\/\\\/med.tattoo\\\/pt-pt\\\/produto\\\/faixa-adesiva-25cm45m-1pc-elastico-turquesa-autocolante\\\/#primaryimage\",\"url\":\"https:\\\/\\\/med.tattoo\\\/wp-content\\\/uploads\\\/2025\\\/05\\\/2246_opaska-kohezyjna-2-5cm-4-5m-1szt-turkusowa-elastyc_1744006712.jpg\",\"contentUrl\":\"https:\\\/\\\/med.tattoo\\\/wp-content\\\/uploads\\\/2025\\\/05\\\/2246_opaska-kohezyjna-2-5cm-4-5m-1szt-turkusowa-elastyc_1744006712.jpg\",\"width\":832,\"height\":633},{\"@type\":\"BreadcrumbList\",\"@id\":\"https:\\\/\\\/med.tattoo\\\/pt-pt\\\/produto\\\/faixa-adesiva-25cm45m-1pc-elastico-turquesa-autocolante\\\/#breadcrumb\",\"itemListElement\":[{\"@type\":\"ListItem\",\"position\":1,\"name\":\"Strona G\u0142\u00f3wna\",\"item\":\"https:\\\/\\\/med.tattoo\\\/pt-pt\\\/\"},{\"@type\":\"ListItem\",\"position\":2,\"name\":\"Loja\",\"item\":\"https:\\\/\\\/med.tattoo\\\/pt-pt\\\/loja\\\/\"},{\"@type\":\"ListItem\",\"position\":3,\"name\":\"Faixa adesiva 2,5cm*4,5m 1pc el\u00e1stico turquesa, autocolante\"}]},{\"@type\":\"WebSite\",\"@id\":\"https:\\\/\\\/med.tattoo\\\/pt-pt\\\/#website\",\"url\":\"https:\\\/\\\/med.tattoo\\\/pt-pt\\\/\",\"name\":\"MED.TATTOO\",\"description\":\"Wszystko dla Twojego tatua\u017cu\",\"publisher\":{\"@id\":\"https:\\\/\\\/med.tattoo\\\/pt-pt\\\/#organization\"},\"potentialAction\":[{\"@type\":\"SearchAction\",\"target\":{\"@type\":\"EntryPoint\",\"urlTemplate\":\"https:\\\/\\\/med.tattoo\\\/pt-pt\\\/?s={search_term_string}\"},\"query-input\":{\"@type\":\"PropertyValueSpecification\",\"valueRequired\":true,\"valueName\":\"search_term_string\"}}],\"inLanguage\":\"pt-PT\"},{\"@type\":\"Organization\",\"@id\":\"https:\\\/\\\/med.tattoo\\\/pt-pt\\\/#organization\",\"name\":\"MED.TATTOO\",\"url\":\"https:\\\/\\\/med.tattoo\\\/pt-pt\\\/\",\"logo\":{\"@type\":\"ImageObject\",\"inLanguage\":\"pt-PT\",\"@id\":\"https:\\\/\\\/med.tattoo\\\/pt-pt\\\/#\\\/schema\\\/logo\\\/image\\\/\",\"url\":\"https:\\\/\\\/med.tattoo\\\/wp-content\\\/uploads\\\/2025\\\/05\\\/Bez-tytulu-600S300-px-1-e1658908183800.png\",\"contentUrl\":\"https:\\\/\\\/med.tattoo\\\/wp-content\\\/uploads\\\/2025\\\/05\\\/Bez-tytulu-600S300-px-1-e1658908183800.png\",\"width\":600,\"height\":61,\"caption\":\"MED.TATTOO\"},\"image\":{\"@id\":\"https:\\\/\\\/med.tattoo\\\/pt-pt\\\/#\\\/schema\\\/logo\\\/image\\\/\"},\"sameAs\":[\"https:\\\/\\\/www.facebook.com\\\/profile.php?id=100084366705613\",\"https:\\\/\\\/www.instagram.com\\\/med.tattoo_official\\\/\"]}]}<\/script>\n<!-- \/ Yoast SEO plugin. -->","yoast_head_json":{"title":"Faixa adesiva 2,5cm*4,5m 1pc el\u00e1stico turquesa, autocolante - MED.TATTOO","robots":{"index":"index","follow":"follow","max-snippet":"max-snippet:-1","max-image-preview":"max-image-preview:large","max-video-preview":"max-video-preview:-1"},"canonical":"https:\/\/med.tattoo\/pt-pt\/produto\/faixa-adesiva-25cm45m-1pc-elastico-turquesa-autocolante\/","og_locale":"pt_PT","og_type":"article","og_title":"Faixa adesiva 2,5cm*4,5m 1pc el\u00e1stico turquesa, autocolante - MED.TATTOO","og_description":"Uma ligadura \u00e9 uma ligadura el\u00e1stica (mant\u00e9m uma tens\u00e3o constante) com uma estrutura coesiva (auto-adesiva, adere apenas a si pr\u00f3pria). A nossa ligadura el\u00e1stica \u00e9 feita de um material leve, respir\u00e1vel e dur\u00e1vel que n\u00e3o agride a pele. O grau de compress\u00e3o desejado \u00e9 obtido no momento da aplica\u00e7\u00e3o. N\u00e3o requer a utiliza\u00e7\u00e3o de clipes [&hellip;]","og_url":"https:\/\/med.tattoo\/pt-pt\/produto\/faixa-adesiva-25cm45m-1pc-elastico-turquesa-autocolante\/","og_site_name":"MED.TATTOO","article_publisher":"https:\/\/www.facebook.com\/profile.php?id=100084366705613","twitter_card":"summary_large_image","twitter_misc":{"Tempo estimado de leitura":"3 minutos"},"schema":{"@context":"https:\/\/schema.org","@graph":[{"@type":"WebPage","@id":"https:\/\/med.tattoo\/pt-pt\/produto\/faixa-adesiva-25cm45m-1pc-elastico-turquesa-autocolante\/","url":"https:\/\/med.tattoo\/pt-pt\/produto\/faixa-adesiva-25cm45m-1pc-elastico-turquesa-autocolante\/","name":"Faixa adesiva 2,5cm*4,5m 1pc el\u00e1stico turquesa, autocolante - MED.TATTOO","isPartOf":{"@id":"https:\/\/med.tattoo\/pt-pt\/#website"},"primaryImageOfPage":{"@id":"https:\/\/med.tattoo\/pt-pt\/produto\/faixa-adesiva-25cm45m-1pc-elastico-turquesa-autocolante\/#primaryimage"},"image":{"@id":"https:\/\/med.tattoo\/pt-pt\/produto\/faixa-adesiva-25cm45m-1pc-elastico-turquesa-autocolante\/#primaryimage"},"thumbnailUrl":"https:\/\/med.tattoo\/wp-content\/uploads\/2025\/05\/2246_opaska-kohezyjna-2-5cm-4-5m-1szt-turkusowa-elastyc_1744006712.jpg","datePublished":"2025-05-15T05:36:31+00:00","breadcrumb":{"@id":"https:\/\/med.tattoo\/pt-pt\/produto\/faixa-adesiva-25cm45m-1pc-elastico-turquesa-autocolante\/#breadcrumb"},"inLanguage":"pt-PT","potentialAction":[{"@type":"ReadAction","target":["https:\/\/med.tattoo\/pt-pt\/produto\/faixa-adesiva-25cm45m-1pc-elastico-turquesa-autocolante\/"]}]},{"@type":"ImageObject","inLanguage":"pt-PT","@id":"https:\/\/med.tattoo\/pt-pt\/produto\/faixa-adesiva-25cm45m-1pc-elastico-turquesa-autocolante\/#primaryimage","url":"https:\/\/med.tattoo\/wp-content\/uploads\/2025\/05\/2246_opaska-kohezyjna-2-5cm-4-5m-1szt-turkusowa-elastyc_1744006712.jpg","contentUrl":"https:\/\/med.tattoo\/wp-content\/uploads\/2025\/05\/2246_opaska-kohezyjna-2-5cm-4-5m-1szt-turkusowa-elastyc_1744006712.jpg","width":832,"height":633},{"@type":"BreadcrumbList","@id":"https:\/\/med.tattoo\/pt-pt\/produto\/faixa-adesiva-25cm45m-1pc-elastico-turquesa-autocolante\/#breadcrumb","itemListElement":[{"@type":"ListItem","position":1,"name":"Strona G\u0142\u00f3wna","item":"https:\/\/med.tattoo\/pt-pt\/"},{"@type":"ListItem","position":2,"name":"Loja","item":"https:\/\/med.tattoo\/pt-pt\/loja\/"},{"@type":"ListItem","position":3,"name":"Faixa adesiva 2,5cm*4,5m 1pc el\u00e1stico turquesa, autocolante"}]},{"@type":"WebSite","@id":"https:\/\/med.tattoo\/pt-pt\/#website","url":"https:\/\/med.tattoo\/pt-pt\/","name":"MED.TATTOO","description":"Wszystko dla Twojego tatua\u017cu","publisher":{"@id":"https:\/\/med.tattoo\/pt-pt\/#organization"},"potentialAction":[{"@type":"SearchAction","target":{"@type":"EntryPoint","urlTemplate":"https:\/\/med.tattoo\/pt-pt\/?s={search_term_string}"},"query-input":{"@type":"PropertyValueSpecification","valueRequired":true,"valueName":"search_term_string"}}],"inLanguage":"pt-PT"},{"@type":"Organization","@id":"https:\/\/med.tattoo\/pt-pt\/#organization","name":"MED.TATTOO","url":"https:\/\/med.tattoo\/pt-pt\/","logo":{"@type":"ImageObject","inLanguage":"pt-PT","@id":"https:\/\/med.tattoo\/pt-pt\/#\/schema\/logo\/image\/","url":"https:\/\/med.tattoo\/wp-content\/uploads\/2025\/05\/Bez-tytulu-600S300-px-1-e1658908183800.png","contentUrl":"https:\/\/med.tattoo\/wp-content\/uploads\/2025\/05\/Bez-tytulu-600S300-px-1-e1658908183800.png","width":600,"height":61,"caption":"MED.TATTOO"},"image":{"@id":"https:\/\/med.tattoo\/pt-pt\/#\/schema\/logo\/image\/"},"sameAs":["https:\/\/www.facebook.com\/profile.php?id=100084366705613","https:\/\/www.instagram.com\/med.tattoo_official\/"]}]}},"_links":{"self":[{"href":"https:\/\/med.tattoo\/pt-pt\/wp-json\/wp\/v2\/product\/9563","targetHints":{"allow":["GET"]}}],"collection":[{"href":"https:\/\/med.tattoo\/pt-pt\/wp-json\/wp\/v2\/product"}],"about":[{"href":"https:\/\/med.tattoo\/pt-pt\/wp-json\/wp\/v2\/types\/product"}],"replies":[{"embeddable":true,"href":"https:\/\/med.tattoo\/pt-pt\/wp-json\/wp\/v2\/comments?post=9563"}],"wp:featuredmedia":[{"embeddable":true,"href":"https:\/\/med.tattoo\/pt-pt\/wp-json\/wp\/v2\/media\/8325"}],"wp:attachment":[{"href":"https:\/\/med.tattoo\/pt-pt\/wp-json\/wp\/v2\/media?parent=9563"}],"wp:term":[{"taxonomy":"product_brand","embeddable":true,"href":"https:\/\/med.tattoo\/pt-pt\/wp-json\/wp\/v2\/product_brand?post=9563"},{"taxonomy":"product_cat","embeddable":true,"href":"https:\/\/med.tattoo\/pt-pt\/wp-json\/wp\/v2\/product_cat?post=9563"},{"taxonomy":"product_tag","embeddable":true,"href":"https:\/\/med.tattoo\/pt-pt\/wp-json\/wp\/v2\/product_tag?post=9563"}],"curies":[{"name":"wp","href":"https:\/\/api.w.org\/{rel}","templated":true}]}}