{"id":9721,"date":"2025-05-15T07:25:49","date_gmt":"2025-05-15T05:25:49","guid":{"rendered":"https:\/\/med.tattoo\/produkt\/resguardo-midi-med-50cm-x-50m-azul\/"},"modified":"2025-05-15T07:25:49","modified_gmt":"2025-05-15T05:25:49","slug":"resguardo-midi-med-50cm-x-50m-azul","status":"publish","type":"product","link":"https:\/\/med.tattoo\/pt-pt\/produto\/resguardo-midi-med-50cm-x-50m-azul\/","title":{"rendered":"Resguardo MIDI-MED 50cm x 50m Azul"},"content":{"rendered":"<p>As almofadas higi\u00e9nicas descart\u00e1veis s\u00e3o utilizadas para proteger artigos em \u00e1reas onde \u00e9 necess\u00e1rio aplicar medidas de prote\u00e7\u00e3o adicionais para garantir a higiene e a limpeza. As almofadas s\u00e3o feitas de papel de seda colorido refor\u00e7ado com folha de PE. <\/p>\n<p>Objetivo:<br \/>\nprote\u00e7\u00e3o,<br \/>\nprote\u00e7\u00e3o<\/p>\n<p>Aplica\u00e7\u00e3o:<br \/>\ninstala\u00e7\u00f5es m\u00e9dicas,<br \/>\nsal\u00f5es de beleza,<br \/>\nhosp\u00edcios,<br \/>\nhospitais,<br \/>\nenfermarias neonatais,<br \/>\nenfermarias geri\u00e1tricas,<br \/>\nfrald\u00e1rios,<br \/>\nalmofadas para camas,<br \/>\nlares de idosos,<br \/>\nenfermarias ginecol\u00f3gicas,<br \/>\ncuidados paliativos,<br \/>\ncuidados domicili\u00e1rios de doentes acamados,<br \/>\ncomo prote\u00e7\u00e3o adicional da roupa de cama hospitalar<\/p>\n<p>Os pensos higi\u00e9nicos descart\u00e1veis s\u00e3o ideais em locais onde \u00e9 necess\u00e1ria uma higiene adicional relacionada com uma atividade como a mudan\u00e7a de fraldas. Tamb\u00e9m servem o seu objetivo em enfermarias ginecol\u00f3gicas para mulheres, por exemplo, no per\u00edodo p\u00f3s-natal. S\u00e3o um produto ideal para instala\u00e7\u00f5es que tratam doentes acamados ou com problemas de incontin\u00eancia.  <\/p>\n<p>Vantagens:<br \/>\ndescart\u00e1vel,<br \/>\nhigi\u00e9nico,<br \/>\nrefor\u00e7ado com uma camada de pel\u00edcula,<br \/>\nr\u00e1pido e f\u00e1cil de mudar,<br \/>\nprevine a infe\u00e7\u00e3o cruzada,<br \/>\ncom perfura\u00e7\u00e3o para rasgar facilmente um \u00fanico penso,<br \/>\nvasta gama de cores,<br \/>\ndando uma sensa\u00e7\u00e3o de higiene e conforto<\/p>\n<p>Dados t\u00e9cnicos:<br \/>\ncamada \u00fanica,<br \/>\ntamanho do suporte \u00fanico 50 x 50,<\/p>\n<p>Cor:<br \/>\nbranco,<br \/>\nverde m\u00e9dico,<br \/>\nazul<\/p>\n","protected":false},"excerpt":{"rendered":"<p>As almofadas higi\u00e9nicas descart\u00e1veis s\u00e3o utilizadas para proteger artigos em \u00e1reas onde \u00e9 necess\u00e1rio aplicar medidas de prote\u00e7\u00e3o adicionais para garantir a higiene e a limpeza. As almofadas s\u00e3o feitas de papel de seda colorido refor\u00e7ado com folha de PE. Objetivo: prote\u00e7\u00e3o, prote\u00e7\u00e3o Aplica\u00e7\u00e3o: instala\u00e7\u00f5es m\u00e9dicas, sal\u00f5es de beleza, hosp\u00edcios, hospitais, enfermarias neonatais, enfermarias geri\u00e1tricas, [&hellip;]<\/p>\n","protected":false},"featured_media":7652,"comment_status":"closed","ping_status":"open","template":"","meta":{"site-sidebar-layout":"default","site-content-layout":"","ast-site-content-layout":"default","site-content-style":"default","site-sidebar-style":"default","ast-global-header-display":"","ast-banner-title-visibility":"","ast-main-header-display":"","ast-hfb-above-header-display":"","ast-hfb-below-header-display":"","ast-hfb-mobile-header-display":"","site-post-title":"","ast-breadcrumbs-content":"","ast-featured-img":"","footer-sml-layout":"","ast-disable-related-posts":"","theme-transparent-header-meta":"","adv-header-id-meta":"","stick-header-meta":"","header-above-stick-meta":"","header-main-stick-meta":"","header-below-stick-meta":"","astra-migrate-meta-layouts":"default","ast-page-background-enabled":"default","ast-page-background-meta":{"desktop":{"background-color":"var(--ast-global-color-4)","background-image":"","background-repeat":"repeat","background-position":"center center","background-size":"auto","background-attachment":"scroll","background-type":"","background-media":"","overlay-type":"","overlay-color":"","overlay-opacity":"","overlay-gradient":""},"tablet":{"background-color":"","background-image":"","background-repeat":"repeat","background-position":"center center","background-size":"auto","background-attachment":"scroll","background-type":"","background-media":"","overlay-type":"","overlay-color":"","overlay-opacity":"","overlay-gradient":""},"mobile":{"background-color":"","background-image":"","background-repeat":"repeat","background-position":"center center","background-size":"auto","background-attachment":"scroll","background-type":"","background-media":"","overlay-type":"","overlay-color":"","overlay-opacity":"","overlay-gradient":""}},"ast-content-background-meta":{"desktop":{"background-color":"var(--ast-global-color-5)","background-image":"","background-repeat":"repeat","background-position":"center center","background-size":"auto","background-attachment":"scroll","background-type":"","background-media":"","overlay-type":"","overlay-color":"","overlay-opacity":"","overlay-gradient":""},"tablet":{"background-color":"var(--ast-global-color-5)","background-image":"","background-repeat":"repeat","background-position":"center center","background-size":"auto","background-attachment":"scroll","background-type":"","background-media":"","overlay-type":"","overlay-color":"","overlay-opacity":"","overlay-gradient":""},"mobile":{"background-color":"var(--ast-global-color-5)","background-image":"","background-repeat":"repeat","background-position":"center center","background-size":"auto","background-attachment":"scroll","background-type":"","background-media":"","overlay-type":"","overlay-color":"","overlay-opacity":"","overlay-gradient":""}}},"product_brand":[],"product_cat":[90],"product_tag":[],"class_list":{"0":"post-9721","1":"product","2":"type-product","3":"status-publish","4":"has-post-thumbnail","6":"product_cat-med-tattoo-pt","7":"desktop-align-left","8":"tablet-align-left","9":"mobile-align-left","10":"ast-product-gallery-layout-horizontal-slider","11":"ast-product-gallery-with-no-image","12":"ast-product-tabs-layout-distributed","14":"first","15":"instock","16":"purchasable","17":"product-type-simple"},"yoast_head":"<!-- This site is optimized with the Yoast SEO plugin v27.5 - https:\/\/yoast.com\/product\/yoast-seo-wordpress\/ -->\n<title>Resguardo MIDI-MED 50cm x 50m Azul - MED.TATTOO<\/title>\n<meta name=\"robots\" content=\"index, follow, max-snippet:-1, max-image-preview:large, max-video-preview:-1\" \/>\n<link rel=\"canonical\" href=\"https:\/\/med.tattoo\/pt-pt\/produto\/resguardo-midi-med-50cm-x-50m-azul\/\" \/>\n<meta property=\"og:locale\" content=\"pt_PT\" \/>\n<meta property=\"og:type\" content=\"article\" \/>\n<meta property=\"og:title\" content=\"Resguardo MIDI-MED 50cm x 50m Azul - MED.TATTOO\" \/>\n<meta property=\"og:description\" content=\"As almofadas higi\u00e9nicas descart\u00e1veis s\u00e3o utilizadas para proteger artigos em \u00e1reas onde \u00e9 necess\u00e1rio aplicar medidas de prote\u00e7\u00e3o adicionais para garantir a higiene e a limpeza. As almofadas s\u00e3o feitas de papel de seda colorido refor\u00e7ado com folha de PE. Objetivo: prote\u00e7\u00e3o, prote\u00e7\u00e3o Aplica\u00e7\u00e3o: instala\u00e7\u00f5es m\u00e9dicas, sal\u00f5es de beleza, hosp\u00edcios, hospitais, enfermarias neonatais, enfermarias geri\u00e1tricas, [&hellip;]\" \/>\n<meta property=\"og:url\" content=\"https:\/\/med.tattoo\/pt-pt\/produto\/resguardo-midi-med-50cm-x-50m-azul\/\" \/>\n<meta property=\"og:site_name\" content=\"MED.TATTOO\" \/>\n<meta property=\"article:publisher\" content=\"https:\/\/www.facebook.com\/profile.php?id=100084366705613\" \/>\n<meta name=\"twitter:card\" content=\"summary_large_image\" \/>\n<meta name=\"twitter:label1\" content=\"Tempo estimado de leitura\" \/>\n\t<meta name=\"twitter:data1\" content=\"1 minuto\" \/>\n<script type=\"application\/ld+json\" class=\"yoast-schema-graph\">{\"@context\":\"https:\\\/\\\/schema.org\",\"@graph\":[{\"@type\":\"WebPage\",\"@id\":\"https:\\\/\\\/med.tattoo\\\/pt-pt\\\/produto\\\/resguardo-midi-med-50cm-x-50m-azul\\\/\",\"url\":\"https:\\\/\\\/med.tattoo\\\/pt-pt\\\/produto\\\/resguardo-midi-med-50cm-x-50m-azul\\\/\",\"name\":\"Resguardo MIDI-MED 50cm x 50m Azul - MED.TATTOO\",\"isPartOf\":{\"@id\":\"https:\\\/\\\/med.tattoo\\\/pt-pt\\\/#website\"},\"primaryImageOfPage\":{\"@id\":\"https:\\\/\\\/med.tattoo\\\/pt-pt\\\/produto\\\/resguardo-midi-med-50cm-x-50m-azul\\\/#primaryimage\"},\"image\":{\"@id\":\"https:\\\/\\\/med.tattoo\\\/pt-pt\\\/produto\\\/resguardo-midi-med-50cm-x-50m-azul\\\/#primaryimage\"},\"thumbnailUrl\":\"https:\\\/\\\/med.tattoo\\\/wp-content\\\/uploads\\\/2025\\\/05\\\/2846_podklad-podfoliowany-midi-med-50cm-x-50m-niebieski_1744006856.jpg\",\"datePublished\":\"2025-05-15T05:25:49+00:00\",\"breadcrumb\":{\"@id\":\"https:\\\/\\\/med.tattoo\\\/pt-pt\\\/produto\\\/resguardo-midi-med-50cm-x-50m-azul\\\/#breadcrumb\"},\"inLanguage\":\"pt-PT\",\"potentialAction\":[{\"@type\":\"ReadAction\",\"target\":[\"https:\\\/\\\/med.tattoo\\\/pt-pt\\\/produto\\\/resguardo-midi-med-50cm-x-50m-azul\\\/\"]}]},{\"@type\":\"ImageObject\",\"inLanguage\":\"pt-PT\",\"@id\":\"https:\\\/\\\/med.tattoo\\\/pt-pt\\\/produto\\\/resguardo-midi-med-50cm-x-50m-azul\\\/#primaryimage\",\"url\":\"https:\\\/\\\/med.tattoo\\\/wp-content\\\/uploads\\\/2025\\\/05\\\/2846_podklad-podfoliowany-midi-med-50cm-x-50m-niebieski_1744006856.jpg\",\"contentUrl\":\"https:\\\/\\\/med.tattoo\\\/wp-content\\\/uploads\\\/2025\\\/05\\\/2846_podklad-podfoliowany-midi-med-50cm-x-50m-niebieski_1744006856.jpg\",\"width\":487,\"height\":962},{\"@type\":\"BreadcrumbList\",\"@id\":\"https:\\\/\\\/med.tattoo\\\/pt-pt\\\/produto\\\/resguardo-midi-med-50cm-x-50m-azul\\\/#breadcrumb\",\"itemListElement\":[{\"@type\":\"ListItem\",\"position\":1,\"name\":\"Strona G\u0142\u00f3wna\",\"item\":\"https:\\\/\\\/med.tattoo\\\/pt-pt\\\/\"},{\"@type\":\"ListItem\",\"position\":2,\"name\":\"Loja\",\"item\":\"https:\\\/\\\/med.tattoo\\\/pt-pt\\\/loja\\\/\"},{\"@type\":\"ListItem\",\"position\":3,\"name\":\"Resguardo MIDI-MED 50cm x 50m Azul\"}]},{\"@type\":\"WebSite\",\"@id\":\"https:\\\/\\\/med.tattoo\\\/pt-pt\\\/#website\",\"url\":\"https:\\\/\\\/med.tattoo\\\/pt-pt\\\/\",\"name\":\"MED.TATTOO\",\"description\":\"Wszystko dla Twojego tatua\u017cu\",\"publisher\":{\"@id\":\"https:\\\/\\\/med.tattoo\\\/pt-pt\\\/#organization\"},\"potentialAction\":[{\"@type\":\"SearchAction\",\"target\":{\"@type\":\"EntryPoint\",\"urlTemplate\":\"https:\\\/\\\/med.tattoo\\\/pt-pt\\\/?s={search_term_string}\"},\"query-input\":{\"@type\":\"PropertyValueSpecification\",\"valueRequired\":true,\"valueName\":\"search_term_string\"}}],\"inLanguage\":\"pt-PT\"},{\"@type\":\"Organization\",\"@id\":\"https:\\\/\\\/med.tattoo\\\/pt-pt\\\/#organization\",\"name\":\"MED.TATTOO\",\"url\":\"https:\\\/\\\/med.tattoo\\\/pt-pt\\\/\",\"logo\":{\"@type\":\"ImageObject\",\"inLanguage\":\"pt-PT\",\"@id\":\"https:\\\/\\\/med.tattoo\\\/pt-pt\\\/#\\\/schema\\\/logo\\\/image\\\/\",\"url\":\"https:\\\/\\\/med.tattoo\\\/wp-content\\\/uploads\\\/2025\\\/05\\\/Bez-tytulu-600S300-px-1-e1658908183800.png\",\"contentUrl\":\"https:\\\/\\\/med.tattoo\\\/wp-content\\\/uploads\\\/2025\\\/05\\\/Bez-tytulu-600S300-px-1-e1658908183800.png\",\"width\":600,\"height\":61,\"caption\":\"MED.TATTOO\"},\"image\":{\"@id\":\"https:\\\/\\\/med.tattoo\\\/pt-pt\\\/#\\\/schema\\\/logo\\\/image\\\/\"},\"sameAs\":[\"https:\\\/\\\/www.facebook.com\\\/profile.php?id=100084366705613\",\"https:\\\/\\\/www.instagram.com\\\/med.tattoo_official\\\/\"]}]}<\/script>\n<!-- \/ Yoast SEO plugin. -->","yoast_head_json":{"title":"Resguardo MIDI-MED 50cm x 50m Azul - MED.TATTOO","robots":{"index":"index","follow":"follow","max-snippet":"max-snippet:-1","max-image-preview":"max-image-preview:large","max-video-preview":"max-video-preview:-1"},"canonical":"https:\/\/med.tattoo\/pt-pt\/produto\/resguardo-midi-med-50cm-x-50m-azul\/","og_locale":"pt_PT","og_type":"article","og_title":"Resguardo MIDI-MED 50cm x 50m Azul - MED.TATTOO","og_description":"As almofadas higi\u00e9nicas descart\u00e1veis s\u00e3o utilizadas para proteger artigos em \u00e1reas onde \u00e9 necess\u00e1rio aplicar medidas de prote\u00e7\u00e3o adicionais para garantir a higiene e a limpeza. As almofadas s\u00e3o feitas de papel de seda colorido refor\u00e7ado com folha de PE. Objetivo: prote\u00e7\u00e3o, prote\u00e7\u00e3o Aplica\u00e7\u00e3o: instala\u00e7\u00f5es m\u00e9dicas, sal\u00f5es de beleza, hosp\u00edcios, hospitais, enfermarias neonatais, enfermarias geri\u00e1tricas, [&hellip;]","og_url":"https:\/\/med.tattoo\/pt-pt\/produto\/resguardo-midi-med-50cm-x-50m-azul\/","og_site_name":"MED.TATTOO","article_publisher":"https:\/\/www.facebook.com\/profile.php?id=100084366705613","twitter_card":"summary_large_image","twitter_misc":{"Tempo estimado de leitura":"1 minuto"},"schema":{"@context":"https:\/\/schema.org","@graph":[{"@type":"WebPage","@id":"https:\/\/med.tattoo\/pt-pt\/produto\/resguardo-midi-med-50cm-x-50m-azul\/","url":"https:\/\/med.tattoo\/pt-pt\/produto\/resguardo-midi-med-50cm-x-50m-azul\/","name":"Resguardo MIDI-MED 50cm x 50m Azul - MED.TATTOO","isPartOf":{"@id":"https:\/\/med.tattoo\/pt-pt\/#website"},"primaryImageOfPage":{"@id":"https:\/\/med.tattoo\/pt-pt\/produto\/resguardo-midi-med-50cm-x-50m-azul\/#primaryimage"},"image":{"@id":"https:\/\/med.tattoo\/pt-pt\/produto\/resguardo-midi-med-50cm-x-50m-azul\/#primaryimage"},"thumbnailUrl":"https:\/\/med.tattoo\/wp-content\/uploads\/2025\/05\/2846_podklad-podfoliowany-midi-med-50cm-x-50m-niebieski_1744006856.jpg","datePublished":"2025-05-15T05:25:49+00:00","breadcrumb":{"@id":"https:\/\/med.tattoo\/pt-pt\/produto\/resguardo-midi-med-50cm-x-50m-azul\/#breadcrumb"},"inLanguage":"pt-PT","potentialAction":[{"@type":"ReadAction","target":["https:\/\/med.tattoo\/pt-pt\/produto\/resguardo-midi-med-50cm-x-50m-azul\/"]}]},{"@type":"ImageObject","inLanguage":"pt-PT","@id":"https:\/\/med.tattoo\/pt-pt\/produto\/resguardo-midi-med-50cm-x-50m-azul\/#primaryimage","url":"https:\/\/med.tattoo\/wp-content\/uploads\/2025\/05\/2846_podklad-podfoliowany-midi-med-50cm-x-50m-niebieski_1744006856.jpg","contentUrl":"https:\/\/med.tattoo\/wp-content\/uploads\/2025\/05\/2846_podklad-podfoliowany-midi-med-50cm-x-50m-niebieski_1744006856.jpg","width":487,"height":962},{"@type":"BreadcrumbList","@id":"https:\/\/med.tattoo\/pt-pt\/produto\/resguardo-midi-med-50cm-x-50m-azul\/#breadcrumb","itemListElement":[{"@type":"ListItem","position":1,"name":"Strona G\u0142\u00f3wna","item":"https:\/\/med.tattoo\/pt-pt\/"},{"@type":"ListItem","position":2,"name":"Loja","item":"https:\/\/med.tattoo\/pt-pt\/loja\/"},{"@type":"ListItem","position":3,"name":"Resguardo MIDI-MED 50cm x 50m Azul"}]},{"@type":"WebSite","@id":"https:\/\/med.tattoo\/pt-pt\/#website","url":"https:\/\/med.tattoo\/pt-pt\/","name":"MED.TATTOO","description":"Wszystko dla Twojego tatua\u017cu","publisher":{"@id":"https:\/\/med.tattoo\/pt-pt\/#organization"},"potentialAction":[{"@type":"SearchAction","target":{"@type":"EntryPoint","urlTemplate":"https:\/\/med.tattoo\/pt-pt\/?s={search_term_string}"},"query-input":{"@type":"PropertyValueSpecification","valueRequired":true,"valueName":"search_term_string"}}],"inLanguage":"pt-PT"},{"@type":"Organization","@id":"https:\/\/med.tattoo\/pt-pt\/#organization","name":"MED.TATTOO","url":"https:\/\/med.tattoo\/pt-pt\/","logo":{"@type":"ImageObject","inLanguage":"pt-PT","@id":"https:\/\/med.tattoo\/pt-pt\/#\/schema\/logo\/image\/","url":"https:\/\/med.tattoo\/wp-content\/uploads\/2025\/05\/Bez-tytulu-600S300-px-1-e1658908183800.png","contentUrl":"https:\/\/med.tattoo\/wp-content\/uploads\/2025\/05\/Bez-tytulu-600S300-px-1-e1658908183800.png","width":600,"height":61,"caption":"MED.TATTOO"},"image":{"@id":"https:\/\/med.tattoo\/pt-pt\/#\/schema\/logo\/image\/"},"sameAs":["https:\/\/www.facebook.com\/profile.php?id=100084366705613","https:\/\/www.instagram.com\/med.tattoo_official\/"]}]}},"_links":{"self":[{"href":"https:\/\/med.tattoo\/pt-pt\/wp-json\/wp\/v2\/product\/9721","targetHints":{"allow":["GET"]}}],"collection":[{"href":"https:\/\/med.tattoo\/pt-pt\/wp-json\/wp\/v2\/product"}],"about":[{"href":"https:\/\/med.tattoo\/pt-pt\/wp-json\/wp\/v2\/types\/product"}],"replies":[{"embeddable":true,"href":"https:\/\/med.tattoo\/pt-pt\/wp-json\/wp\/v2\/comments?post=9721"}],"wp:featuredmedia":[{"embeddable":true,"href":"https:\/\/med.tattoo\/pt-pt\/wp-json\/wp\/v2\/media\/7652"}],"wp:attachment":[{"href":"https:\/\/med.tattoo\/pt-pt\/wp-json\/wp\/v2\/media?parent=9721"}],"wp:term":[{"taxonomy":"product_brand","embeddable":true,"href":"https:\/\/med.tattoo\/pt-pt\/wp-json\/wp\/v2\/product_brand?post=9721"},{"taxonomy":"product_cat","embeddable":true,"href":"https:\/\/med.tattoo\/pt-pt\/wp-json\/wp\/v2\/product_cat?post=9721"},{"taxonomy":"product_tag","embeddable":true,"href":"https:\/\/med.tattoo\/pt-pt\/wp-json\/wp\/v2\/product_tag?post=9721"}],"curies":[{"name":"wp","href":"https:\/\/api.w.org\/{rel}","templated":true}]}}