{"id":9858,"date":"2025-05-15T07:31:03","date_gmt":"2025-05-15T05:31:03","guid":{"rendered":"https:\/\/med.tattoo\/produkt\/sterillhand-1l-bomba-desinfetante-para-as-maos-equivalente-a-ahd-velodes-skinman\/"},"modified":"2025-05-15T07:31:03","modified_gmt":"2025-05-15T05:31:03","slug":"sterillhand-1l-bomba-desinfetante-para-as-maos-equivalente-a-ahd-velodes-skinman","status":"publish","type":"product","link":"https:\/\/med.tattoo\/pt-pt\/produto\/sterillhand-1l-bomba-desinfetante-para-as-maos-equivalente-a-ahd-velodes-skinman\/","title":{"rendered":"Sterillhand 1L bomba desinfetante para as m\u00e3os (equivalente a AHD, Velodes, Skinman)"},"content":{"rendered":"<p>Uma prepara\u00e7\u00e3o para a desinfe\u00e7\u00e3o cir\u00fargica e higi\u00e9nica das m\u00e3os. Sterihand \u00e9 um desinfetante para as m\u00e3os \u00e0 base de \u00e1lcool, adequado para utiliza\u00e7\u00e3o em instala\u00e7\u00f5es de cuidados de sa\u00fade, mas tamb\u00e9m em locais como escolas, cinemas, grandes locais de trabalho, clubes e gin\u00e1sios onde as normas de higiene devem ser mantidas. <\/p>\n<p>Desinfe\u00e7\u00e3o higi\u00e9nica das m\u00e3os: Esfregue 3 ml de desinfetante para m\u00e3os e pele Sterillhand na pele das m\u00e3os durante 30 segundos.<\/p>\n<p>Desinfe\u00e7\u00e3o cir\u00fargica das m\u00e3os: Esfregue 5 ml de desinfetante para m\u00e3os e pele Sterillhand na pele das m\u00e3os durante 2,5 minutos. Repita o processo. <\/p>\n<p>Distin\u00e7\u00f5es<\/p>\n<p>desinfe\u00e7\u00e3o das m\u00e3os<\/p>\n<p>prepara\u00e7\u00e3o pronta a usar, n\u00e3o seca a pele,<\/p>\n<p>prepara\u00e7\u00e3o \u00e0 base de \u00e1lcoois com uma composi\u00e7\u00e3o de subst\u00e2ncias hidratantes para a pele,<\/p>\n<p>n\u00e3o seca as m\u00e3os &#8211; dermatologicamente testado &#8211; n\u00e3o provoca alergias,<\/p>\n<p>O desinfetante para m\u00e3os e pele Sterillhand \u00e9 eficaz contra: bact\u00e9rias (MRSA), fungos, micobact\u00e9rias (Tbc), v\u00edrus: com envelope, adeno, poliomielite, rota, VIH, VHB, VHC.<\/p>\n<p>Certificado de registo n\u00ba MZ 2554\/05, Produto Biocida. cat. n\u00ba STERILHAND0-5p garrafa 5 l  <\/p>\n<p>Composi\u00e7\u00e3o qu\u00edmica<\/p>\n<p>\u00c1lcool et\u00edlico 72% \u00c1lcool isoprop\u00edlico 3% \u00c1lcool benz\u00edlico 1% Subst\u00e2ncias oleosas.<\/p>\n","protected":false},"excerpt":{"rendered":"<p>Uma prepara\u00e7\u00e3o para a desinfe\u00e7\u00e3o cir\u00fargica e higi\u00e9nica das m\u00e3os. Sterihand \u00e9 um desinfetante para as m\u00e3os \u00e0 base de \u00e1lcool, adequado para utiliza\u00e7\u00e3o em instala\u00e7\u00f5es de cuidados de sa\u00fade, mas tamb\u00e9m em locais como escolas, cinemas, grandes locais de trabalho, clubes e gin\u00e1sios onde as normas de higiene devem ser mantidas. Desinfe\u00e7\u00e3o higi\u00e9nica das [&hellip;]<\/p>\n","protected":false},"featured_media":8118,"comment_status":"closed","ping_status":"open","template":"","meta":{"site-sidebar-layout":"default","site-content-layout":"","ast-site-content-layout":"default","site-content-style":"default","site-sidebar-style":"default","ast-global-header-display":"","ast-banner-title-visibility":"","ast-main-header-display":"","ast-hfb-above-header-display":"","ast-hfb-below-header-display":"","ast-hfb-mobile-header-display":"","site-post-title":"","ast-breadcrumbs-content":"","ast-featured-img":"","footer-sml-layout":"","ast-disable-related-posts":"","theme-transparent-header-meta":"","adv-header-id-meta":"","stick-header-meta":"","header-above-stick-meta":"","header-main-stick-meta":"","header-below-stick-meta":"","astra-migrate-meta-layouts":"default","ast-page-background-enabled":"default","ast-page-background-meta":{"desktop":{"background-color":"var(--ast-global-color-4)","background-image":"","background-repeat":"repeat","background-position":"center center","background-size":"auto","background-attachment":"scroll","background-type":"","background-media":"","overlay-type":"","overlay-color":"","overlay-opacity":"","overlay-gradient":""},"tablet":{"background-color":"","background-image":"","background-repeat":"repeat","background-position":"center center","background-size":"auto","background-attachment":"scroll","background-type":"","background-media":"","overlay-type":"","overlay-color":"","overlay-opacity":"","overlay-gradient":""},"mobile":{"background-color":"","background-image":"","background-repeat":"repeat","background-position":"center center","background-size":"auto","background-attachment":"scroll","background-type":"","background-media":"","overlay-type":"","overlay-color":"","overlay-opacity":"","overlay-gradient":""}},"ast-content-background-meta":{"desktop":{"background-color":"var(--ast-global-color-5)","background-image":"","background-repeat":"repeat","background-position":"center center","background-size":"auto","background-attachment":"scroll","background-type":"","background-media":"","overlay-type":"","overlay-color":"","overlay-opacity":"","overlay-gradient":""},"tablet":{"background-color":"var(--ast-global-color-5)","background-image":"","background-repeat":"repeat","background-position":"center center","background-size":"auto","background-attachment":"scroll","background-type":"","background-media":"","overlay-type":"","overlay-color":"","overlay-opacity":"","overlay-gradient":""},"mobile":{"background-color":"var(--ast-global-color-5)","background-image":"","background-repeat":"repeat","background-position":"center center","background-size":"auto","background-attachment":"scroll","background-type":"","background-media":"","overlay-type":"","overlay-color":"","overlay-opacity":"","overlay-gradient":""}}},"product_brand":[],"product_cat":[90],"product_tag":[],"class_list":{"0":"post-9858","1":"product","2":"type-product","3":"status-publish","4":"has-post-thumbnail","6":"product_cat-med-tattoo-pt","7":"desktop-align-left","8":"tablet-align-left","9":"mobile-align-left","10":"ast-product-gallery-layout-horizontal-slider","11":"ast-product-gallery-with-no-image","12":"ast-product-tabs-layout-distributed","14":"first","15":"instock","16":"purchasable","17":"product-type-simple"},"yoast_head":"<!-- This site is optimized with the Yoast SEO plugin v27.3 - https:\/\/yoast.com\/product\/yoast-seo-wordpress\/ -->\n<title>Sterillhand 1L bomba desinfetante para as m\u00e3os (equivalente a AHD, Velodes, Skinman) - MED.TATTOO<\/title>\n<meta name=\"robots\" content=\"index, follow, max-snippet:-1, max-image-preview:large, max-video-preview:-1\" \/>\n<link rel=\"canonical\" href=\"https:\/\/med.tattoo\/pt-pt\/produto\/sterillhand-1l-bomba-desinfetante-para-as-maos-equivalente-a-ahd-velodes-skinman\/\" \/>\n<meta property=\"og:locale\" content=\"pt_PT\" \/>\n<meta property=\"og:type\" content=\"article\" \/>\n<meta property=\"og:title\" content=\"Sterillhand 1L bomba desinfetante para as m\u00e3os (equivalente a AHD, Velodes, Skinman) - MED.TATTOO\" \/>\n<meta property=\"og:description\" content=\"Uma prepara\u00e7\u00e3o para a desinfe\u00e7\u00e3o cir\u00fargica e higi\u00e9nica das m\u00e3os. Sterihand \u00e9 um desinfetante para as m\u00e3os \u00e0 base de \u00e1lcool, adequado para utiliza\u00e7\u00e3o em instala\u00e7\u00f5es de cuidados de sa\u00fade, mas tamb\u00e9m em locais como escolas, cinemas, grandes locais de trabalho, clubes e gin\u00e1sios onde as normas de higiene devem ser mantidas. Desinfe\u00e7\u00e3o higi\u00e9nica das [&hellip;]\" \/>\n<meta property=\"og:url\" content=\"https:\/\/med.tattoo\/pt-pt\/produto\/sterillhand-1l-bomba-desinfetante-para-as-maos-equivalente-a-ahd-velodes-skinman\/\" \/>\n<meta property=\"og:site_name\" content=\"MED.TATTOO\" \/>\n<meta property=\"article:publisher\" content=\"https:\/\/www.facebook.com\/profile.php?id=100084366705613\" \/>\n<meta name=\"twitter:card\" content=\"summary_large_image\" \/>\n<meta name=\"twitter:label1\" content=\"Tempo estimado de leitura\" \/>\n\t<meta name=\"twitter:data1\" content=\"1 minuto\" \/>\n<script type=\"application\/ld+json\" class=\"yoast-schema-graph\">{\"@context\":\"https:\\\/\\\/schema.org\",\"@graph\":[{\"@type\":\"WebPage\",\"@id\":\"https:\\\/\\\/med.tattoo\\\/pt-pt\\\/produto\\\/sterillhand-1l-bomba-desinfetante-para-as-maos-equivalente-a-ahd-velodes-skinman\\\/\",\"url\":\"https:\\\/\\\/med.tattoo\\\/pt-pt\\\/produto\\\/sterillhand-1l-bomba-desinfetante-para-as-maos-equivalente-a-ahd-velodes-skinman\\\/\",\"name\":\"Sterillhand 1L bomba desinfetante para as m\u00e3os (equivalente a AHD, Velodes, Skinman) - MED.TATTOO\",\"isPartOf\":{\"@id\":\"https:\\\/\\\/med.tattoo\\\/pt-pt\\\/#website\"},\"primaryImageOfPage\":{\"@id\":\"https:\\\/\\\/med.tattoo\\\/pt-pt\\\/produto\\\/sterillhand-1l-bomba-desinfetante-para-as-maos-equivalente-a-ahd-velodes-skinman\\\/#primaryimage\"},\"image\":{\"@id\":\"https:\\\/\\\/med.tattoo\\\/pt-pt\\\/produto\\\/sterillhand-1l-bomba-desinfetante-para-as-maos-equivalente-a-ahd-velodes-skinman\\\/#primaryimage\"},\"thumbnailUrl\":\"https:\\\/\\\/med.tattoo\\\/wp-content\\\/uploads\\\/2025\\\/05\\\/356_sterillhand-1l-z-pompka-plyn-do-dezynfekcji-rak_1744007032.jpg\",\"datePublished\":\"2025-05-15T05:31:03+00:00\",\"breadcrumb\":{\"@id\":\"https:\\\/\\\/med.tattoo\\\/pt-pt\\\/produto\\\/sterillhand-1l-bomba-desinfetante-para-as-maos-equivalente-a-ahd-velodes-skinman\\\/#breadcrumb\"},\"inLanguage\":\"pt-PT\",\"potentialAction\":[{\"@type\":\"ReadAction\",\"target\":[\"https:\\\/\\\/med.tattoo\\\/pt-pt\\\/produto\\\/sterillhand-1l-bomba-desinfetante-para-as-maos-equivalente-a-ahd-velodes-skinman\\\/\"]}]},{\"@type\":\"ImageObject\",\"inLanguage\":\"pt-PT\",\"@id\":\"https:\\\/\\\/med.tattoo\\\/pt-pt\\\/produto\\\/sterillhand-1l-bomba-desinfetante-para-as-maos-equivalente-a-ahd-velodes-skinman\\\/#primaryimage\",\"url\":\"https:\\\/\\\/med.tattoo\\\/wp-content\\\/uploads\\\/2025\\\/05\\\/356_sterillhand-1l-z-pompka-plyn-do-dezynfekcji-rak_1744007032.jpg\",\"contentUrl\":\"https:\\\/\\\/med.tattoo\\\/wp-content\\\/uploads\\\/2025\\\/05\\\/356_sterillhand-1l-z-pompka-plyn-do-dezynfekcji-rak_1744007032.jpg\",\"width\":375,\"height\":800},{\"@type\":\"BreadcrumbList\",\"@id\":\"https:\\\/\\\/med.tattoo\\\/pt-pt\\\/produto\\\/sterillhand-1l-bomba-desinfetante-para-as-maos-equivalente-a-ahd-velodes-skinman\\\/#breadcrumb\",\"itemListElement\":[{\"@type\":\"ListItem\",\"position\":1,\"name\":\"Strona G\u0142\u00f3wna\",\"item\":\"https:\\\/\\\/med.tattoo\\\/pt-pt\\\/\"},{\"@type\":\"ListItem\",\"position\":2,\"name\":\"Loja\",\"item\":\"https:\\\/\\\/med.tattoo\\\/pt-pt\\\/loja\\\/\"},{\"@type\":\"ListItem\",\"position\":3,\"name\":\"Sterillhand 1L bomba desinfetante para as m\u00e3os (equivalente a AHD, Velodes, Skinman)\"}]},{\"@type\":\"WebSite\",\"@id\":\"https:\\\/\\\/med.tattoo\\\/pt-pt\\\/#website\",\"url\":\"https:\\\/\\\/med.tattoo\\\/pt-pt\\\/\",\"name\":\"MED.TATTOO\",\"description\":\"Wszystko dla Twojego tatua\u017cu\",\"publisher\":{\"@id\":\"https:\\\/\\\/med.tattoo\\\/pt-pt\\\/#organization\"},\"potentialAction\":[{\"@type\":\"SearchAction\",\"target\":{\"@type\":\"EntryPoint\",\"urlTemplate\":\"https:\\\/\\\/med.tattoo\\\/pt-pt\\\/?s={search_term_string}\"},\"query-input\":{\"@type\":\"PropertyValueSpecification\",\"valueRequired\":true,\"valueName\":\"search_term_string\"}}],\"inLanguage\":\"pt-PT\"},{\"@type\":\"Organization\",\"@id\":\"https:\\\/\\\/med.tattoo\\\/pt-pt\\\/#organization\",\"name\":\"MED.TATTOO\",\"url\":\"https:\\\/\\\/med.tattoo\\\/pt-pt\\\/\",\"logo\":{\"@type\":\"ImageObject\",\"inLanguage\":\"pt-PT\",\"@id\":\"https:\\\/\\\/med.tattoo\\\/pt-pt\\\/#\\\/schema\\\/logo\\\/image\\\/\",\"url\":\"https:\\\/\\\/med.tattoo\\\/wp-content\\\/uploads\\\/2025\\\/05\\\/Bez-tytulu-600S300-px-1-e1658908183800.png\",\"contentUrl\":\"https:\\\/\\\/med.tattoo\\\/wp-content\\\/uploads\\\/2025\\\/05\\\/Bez-tytulu-600S300-px-1-e1658908183800.png\",\"width\":600,\"height\":61,\"caption\":\"MED.TATTOO\"},\"image\":{\"@id\":\"https:\\\/\\\/med.tattoo\\\/pt-pt\\\/#\\\/schema\\\/logo\\\/image\\\/\"},\"sameAs\":[\"https:\\\/\\\/www.facebook.com\\\/profile.php?id=100084366705613\",\"https:\\\/\\\/www.instagram.com\\\/med.tattoo_official\\\/\"]}]}<\/script>\n<!-- \/ Yoast SEO plugin. -->","yoast_head_json":{"title":"Sterillhand 1L bomba desinfetante para as m\u00e3os (equivalente a AHD, Velodes, Skinman) - MED.TATTOO","robots":{"index":"index","follow":"follow","max-snippet":"max-snippet:-1","max-image-preview":"max-image-preview:large","max-video-preview":"max-video-preview:-1"},"canonical":"https:\/\/med.tattoo\/pt-pt\/produto\/sterillhand-1l-bomba-desinfetante-para-as-maos-equivalente-a-ahd-velodes-skinman\/","og_locale":"pt_PT","og_type":"article","og_title":"Sterillhand 1L bomba desinfetante para as m\u00e3os (equivalente a AHD, Velodes, Skinman) - MED.TATTOO","og_description":"Uma prepara\u00e7\u00e3o para a desinfe\u00e7\u00e3o cir\u00fargica e higi\u00e9nica das m\u00e3os. Sterihand \u00e9 um desinfetante para as m\u00e3os \u00e0 base de \u00e1lcool, adequado para utiliza\u00e7\u00e3o em instala\u00e7\u00f5es de cuidados de sa\u00fade, mas tamb\u00e9m em locais como escolas, cinemas, grandes locais de trabalho, clubes e gin\u00e1sios onde as normas de higiene devem ser mantidas. Desinfe\u00e7\u00e3o higi\u00e9nica das [&hellip;]","og_url":"https:\/\/med.tattoo\/pt-pt\/produto\/sterillhand-1l-bomba-desinfetante-para-as-maos-equivalente-a-ahd-velodes-skinman\/","og_site_name":"MED.TATTOO","article_publisher":"https:\/\/www.facebook.com\/profile.php?id=100084366705613","twitter_card":"summary_large_image","twitter_misc":{"Tempo estimado de leitura":"1 minuto"},"schema":{"@context":"https:\/\/schema.org","@graph":[{"@type":"WebPage","@id":"https:\/\/med.tattoo\/pt-pt\/produto\/sterillhand-1l-bomba-desinfetante-para-as-maos-equivalente-a-ahd-velodes-skinman\/","url":"https:\/\/med.tattoo\/pt-pt\/produto\/sterillhand-1l-bomba-desinfetante-para-as-maos-equivalente-a-ahd-velodes-skinman\/","name":"Sterillhand 1L bomba desinfetante para as m\u00e3os (equivalente a AHD, Velodes, Skinman) - MED.TATTOO","isPartOf":{"@id":"https:\/\/med.tattoo\/pt-pt\/#website"},"primaryImageOfPage":{"@id":"https:\/\/med.tattoo\/pt-pt\/produto\/sterillhand-1l-bomba-desinfetante-para-as-maos-equivalente-a-ahd-velodes-skinman\/#primaryimage"},"image":{"@id":"https:\/\/med.tattoo\/pt-pt\/produto\/sterillhand-1l-bomba-desinfetante-para-as-maos-equivalente-a-ahd-velodes-skinman\/#primaryimage"},"thumbnailUrl":"https:\/\/med.tattoo\/wp-content\/uploads\/2025\/05\/356_sterillhand-1l-z-pompka-plyn-do-dezynfekcji-rak_1744007032.jpg","datePublished":"2025-05-15T05:31:03+00:00","breadcrumb":{"@id":"https:\/\/med.tattoo\/pt-pt\/produto\/sterillhand-1l-bomba-desinfetante-para-as-maos-equivalente-a-ahd-velodes-skinman\/#breadcrumb"},"inLanguage":"pt-PT","potentialAction":[{"@type":"ReadAction","target":["https:\/\/med.tattoo\/pt-pt\/produto\/sterillhand-1l-bomba-desinfetante-para-as-maos-equivalente-a-ahd-velodes-skinman\/"]}]},{"@type":"ImageObject","inLanguage":"pt-PT","@id":"https:\/\/med.tattoo\/pt-pt\/produto\/sterillhand-1l-bomba-desinfetante-para-as-maos-equivalente-a-ahd-velodes-skinman\/#primaryimage","url":"https:\/\/med.tattoo\/wp-content\/uploads\/2025\/05\/356_sterillhand-1l-z-pompka-plyn-do-dezynfekcji-rak_1744007032.jpg","contentUrl":"https:\/\/med.tattoo\/wp-content\/uploads\/2025\/05\/356_sterillhand-1l-z-pompka-plyn-do-dezynfekcji-rak_1744007032.jpg","width":375,"height":800},{"@type":"BreadcrumbList","@id":"https:\/\/med.tattoo\/pt-pt\/produto\/sterillhand-1l-bomba-desinfetante-para-as-maos-equivalente-a-ahd-velodes-skinman\/#breadcrumb","itemListElement":[{"@type":"ListItem","position":1,"name":"Strona G\u0142\u00f3wna","item":"https:\/\/med.tattoo\/pt-pt\/"},{"@type":"ListItem","position":2,"name":"Loja","item":"https:\/\/med.tattoo\/pt-pt\/loja\/"},{"@type":"ListItem","position":3,"name":"Sterillhand 1L bomba desinfetante para as m\u00e3os (equivalente a AHD, Velodes, Skinman)"}]},{"@type":"WebSite","@id":"https:\/\/med.tattoo\/pt-pt\/#website","url":"https:\/\/med.tattoo\/pt-pt\/","name":"MED.TATTOO","description":"Wszystko dla Twojego tatua\u017cu","publisher":{"@id":"https:\/\/med.tattoo\/pt-pt\/#organization"},"potentialAction":[{"@type":"SearchAction","target":{"@type":"EntryPoint","urlTemplate":"https:\/\/med.tattoo\/pt-pt\/?s={search_term_string}"},"query-input":{"@type":"PropertyValueSpecification","valueRequired":true,"valueName":"search_term_string"}}],"inLanguage":"pt-PT"},{"@type":"Organization","@id":"https:\/\/med.tattoo\/pt-pt\/#organization","name":"MED.TATTOO","url":"https:\/\/med.tattoo\/pt-pt\/","logo":{"@type":"ImageObject","inLanguage":"pt-PT","@id":"https:\/\/med.tattoo\/pt-pt\/#\/schema\/logo\/image\/","url":"https:\/\/med.tattoo\/wp-content\/uploads\/2025\/05\/Bez-tytulu-600S300-px-1-e1658908183800.png","contentUrl":"https:\/\/med.tattoo\/wp-content\/uploads\/2025\/05\/Bez-tytulu-600S300-px-1-e1658908183800.png","width":600,"height":61,"caption":"MED.TATTOO"},"image":{"@id":"https:\/\/med.tattoo\/pt-pt\/#\/schema\/logo\/image\/"},"sameAs":["https:\/\/www.facebook.com\/profile.php?id=100084366705613","https:\/\/www.instagram.com\/med.tattoo_official\/"]}]}},"_links":{"self":[{"href":"https:\/\/med.tattoo\/pt-pt\/wp-json\/wp\/v2\/product\/9858","targetHints":{"allow":["GET"]}}],"collection":[{"href":"https:\/\/med.tattoo\/pt-pt\/wp-json\/wp\/v2\/product"}],"about":[{"href":"https:\/\/med.tattoo\/pt-pt\/wp-json\/wp\/v2\/types\/product"}],"replies":[{"embeddable":true,"href":"https:\/\/med.tattoo\/pt-pt\/wp-json\/wp\/v2\/comments?post=9858"}],"wp:featuredmedia":[{"embeddable":true,"href":"https:\/\/med.tattoo\/pt-pt\/wp-json\/wp\/v2\/media\/8118"}],"wp:attachment":[{"href":"https:\/\/med.tattoo\/pt-pt\/wp-json\/wp\/v2\/media?parent=9858"}],"wp:term":[{"taxonomy":"product_brand","embeddable":true,"href":"https:\/\/med.tattoo\/pt-pt\/wp-json\/wp\/v2\/product_brand?post=9858"},{"taxonomy":"product_cat","embeddable":true,"href":"https:\/\/med.tattoo\/pt-pt\/wp-json\/wp\/v2\/product_cat?post=9858"},{"taxonomy":"product_tag","embeddable":true,"href":"https:\/\/med.tattoo\/pt-pt\/wp-json\/wp\/v2\/product_tag?post=9858"}],"curies":[{"name":"wp","href":"https:\/\/api.w.org\/{rel}","templated":true}]}}