{"id":9859,"date":"2025-05-15T07:31:03","date_gmt":"2025-05-15T05:31:03","guid":{"rendered":"https:\/\/med.tattoo\/produkt\/gel-sterillhand-500ml-com-bomba-para-desinfecao-das-maos-equivalente-a-velodes-phagogel-spirigel\/"},"modified":"2025-05-15T07:31:03","modified_gmt":"2025-05-15T05:31:03","slug":"gel-sterillhand-500ml-com-bomba-para-desinfecao-das-maos-equivalente-a-velodes-phagogel-spirigel","status":"publish","type":"product","link":"https:\/\/med.tattoo\/pt-pt\/produto\/gel-sterillhand-500ml-com-bomba-para-desinfecao-das-maos-equivalente-a-velodes-phagogel-spirigel\/","title":{"rendered":"Gel Sterillhand 500ml com bomba para desinfe\u00e7\u00e3o das m\u00e3os (equivalente a Velodes, Phago&#8217;Gel, Spirigel )"},"content":{"rendered":"<p>Gel de desinfe\u00e7\u00e3o especializado Sterillhand para a desinfe\u00e7\u00e3o higi\u00e9nica e cir\u00fargica das m\u00e3os.<\/p>\n<p>A f\u00f3rmula ativa a sua a\u00e7\u00e3o imediatamente ap\u00f3s a utiliza\u00e7\u00e3o.<\/p>\n<p>Combate eficazmente todos os tipos de v\u00edrus, fungos, micobact\u00e9rias e bact\u00e9rias.<\/p>\n<p>Foi testado dermatologicamente.<\/p>\n<p>A sua composi\u00e7\u00e3o \u00fanica evita que as suas m\u00e3os fiquem secas.<\/p>\n<p>Aplica\u00e7\u00e3o recomendada:<\/p>\n<p>Desinfe\u00e7\u00e3o higi\u00e9nica das m\u00e3os: Esfregue o gel de desinfe\u00e7\u00e3o Sterillhand nas m\u00e3os em 30 segundos.<\/p>\n<p>Desinfe\u00e7\u00e3o cir\u00fargica das m\u00e3os: Esfregue o gel de desinfe\u00e7\u00e3o das m\u00e3os Sterillhand durante 2,5 minutos. Repita o processo. <\/p>\n<p>Composi\u00e7\u00e3o:<\/p>\n<p>Lubrificantes<br \/>\n\u00c1lcool isoprop\u00edlico 1-5%<br \/>\n\u00c1lcool benz\u00edlico 0,5-2%<br \/>\n\u00c1lcool et\u00edlico 70-80%<\/p>\n","protected":false},"excerpt":{"rendered":"<p>Gel de desinfe\u00e7\u00e3o especializado Sterillhand para a desinfe\u00e7\u00e3o higi\u00e9nica e cir\u00fargica das m\u00e3os. A f\u00f3rmula ativa a sua a\u00e7\u00e3o imediatamente ap\u00f3s a utiliza\u00e7\u00e3o. Combate eficazmente todos os tipos de v\u00edrus, fungos, micobact\u00e9rias e bact\u00e9rias. Foi testado dermatologicamente. A sua composi\u00e7\u00e3o \u00fanica evita que as suas m\u00e3os fiquem secas. Aplica\u00e7\u00e3o recomendada: Desinfe\u00e7\u00e3o higi\u00e9nica das m\u00e3os: Esfregue [&hellip;]<\/p>\n","protected":false},"featured_media":8134,"comment_status":"closed","ping_status":"open","template":"","meta":{"site-sidebar-layout":"default","site-content-layout":"","ast-site-content-layout":"default","site-content-style":"default","site-sidebar-style":"default","ast-global-header-display":"","ast-banner-title-visibility":"","ast-main-header-display":"","ast-hfb-above-header-display":"","ast-hfb-below-header-display":"","ast-hfb-mobile-header-display":"","site-post-title":"","ast-breadcrumbs-content":"","ast-featured-img":"","footer-sml-layout":"","ast-disable-related-posts":"","theme-transparent-header-meta":"","adv-header-id-meta":"","stick-header-meta":"","header-above-stick-meta":"","header-main-stick-meta":"","header-below-stick-meta":"","astra-migrate-meta-layouts":"default","ast-page-background-enabled":"default","ast-page-background-meta":{"desktop":{"background-color":"var(--ast-global-color-4)","background-image":"","background-repeat":"repeat","background-position":"center center","background-size":"auto","background-attachment":"scroll","background-type":"","background-media":"","overlay-type":"","overlay-color":"","overlay-opacity":"","overlay-gradient":""},"tablet":{"background-color":"","background-image":"","background-repeat":"repeat","background-position":"center center","background-size":"auto","background-attachment":"scroll","background-type":"","background-media":"","overlay-type":"","overlay-color":"","overlay-opacity":"","overlay-gradient":""},"mobile":{"background-color":"","background-image":"","background-repeat":"repeat","background-position":"center center","background-size":"auto","background-attachment":"scroll","background-type":"","background-media":"","overlay-type":"","overlay-color":"","overlay-opacity":"","overlay-gradient":""}},"ast-content-background-meta":{"desktop":{"background-color":"var(--ast-global-color-5)","background-image":"","background-repeat":"repeat","background-position":"center center","background-size":"auto","background-attachment":"scroll","background-type":"","background-media":"","overlay-type":"","overlay-color":"","overlay-opacity":"","overlay-gradient":""},"tablet":{"background-color":"var(--ast-global-color-5)","background-image":"","background-repeat":"repeat","background-position":"center center","background-size":"auto","background-attachment":"scroll","background-type":"","background-media":"","overlay-type":"","overlay-color":"","overlay-opacity":"","overlay-gradient":""},"mobile":{"background-color":"var(--ast-global-color-5)","background-image":"","background-repeat":"repeat","background-position":"center center","background-size":"auto","background-attachment":"scroll","background-type":"","background-media":"","overlay-type":"","overlay-color":"","overlay-opacity":"","overlay-gradient":""}}},"product_brand":[],"product_cat":[90],"product_tag":[],"class_list":{"0":"post-9859","1":"product","2":"type-product","3":"status-publish","4":"has-post-thumbnail","6":"product_cat-med-tattoo-pt","7":"desktop-align-left","8":"tablet-align-left","9":"mobile-align-left","10":"ast-product-gallery-layout-horizontal-slider","11":"ast-product-gallery-with-no-image","12":"ast-product-tabs-layout-distributed","14":"first","15":"instock","16":"purchasable","17":"product-type-simple"},"yoast_head":"<!-- This site is optimized with the Yoast SEO plugin v27.3 - https:\/\/yoast.com\/product\/yoast-seo-wordpress\/ -->\n<title>Gel Sterillhand 500ml com bomba para desinfe\u00e7\u00e3o das m\u00e3os (equivalente a Velodes, Phago&#039;Gel, Spirigel ) - MED.TATTOO<\/title>\n<meta name=\"robots\" content=\"index, follow, max-snippet:-1, max-image-preview:large, max-video-preview:-1\" \/>\n<link rel=\"canonical\" href=\"https:\/\/med.tattoo\/pt-pt\/produto\/gel-sterillhand-500ml-com-bomba-para-desinfecao-das-maos-equivalente-a-velodes-phagogel-spirigel\/\" \/>\n<meta property=\"og:locale\" content=\"pt_PT\" \/>\n<meta property=\"og:type\" content=\"article\" \/>\n<meta property=\"og:title\" content=\"Gel Sterillhand 500ml com bomba para desinfe\u00e7\u00e3o das m\u00e3os (equivalente a Velodes, Phago&#039;Gel, Spirigel ) - MED.TATTOO\" \/>\n<meta property=\"og:description\" content=\"Gel de desinfe\u00e7\u00e3o especializado Sterillhand para a desinfe\u00e7\u00e3o higi\u00e9nica e cir\u00fargica das m\u00e3os. A f\u00f3rmula ativa a sua a\u00e7\u00e3o imediatamente ap\u00f3s a utiliza\u00e7\u00e3o. Combate eficazmente todos os tipos de v\u00edrus, fungos, micobact\u00e9rias e bact\u00e9rias. Foi testado dermatologicamente. A sua composi\u00e7\u00e3o \u00fanica evita que as suas m\u00e3os fiquem secas. Aplica\u00e7\u00e3o recomendada: Desinfe\u00e7\u00e3o higi\u00e9nica das m\u00e3os: Esfregue [&hellip;]\" \/>\n<meta property=\"og:url\" content=\"https:\/\/med.tattoo\/pt-pt\/produto\/gel-sterillhand-500ml-com-bomba-para-desinfecao-das-maos-equivalente-a-velodes-phagogel-spirigel\/\" \/>\n<meta property=\"og:site_name\" content=\"MED.TATTOO\" \/>\n<meta property=\"article:publisher\" content=\"https:\/\/www.facebook.com\/profile.php?id=100084366705613\" \/>\n<meta name=\"twitter:card\" content=\"summary_large_image\" \/>\n<meta name=\"twitter:label1\" content=\"Tempo estimado de leitura\" \/>\n\t<meta name=\"twitter:data1\" content=\"1 minuto\" \/>\n<script type=\"application\/ld+json\" class=\"yoast-schema-graph\">{\"@context\":\"https:\\\/\\\/schema.org\",\"@graph\":[{\"@type\":\"WebPage\",\"@id\":\"https:\\\/\\\/med.tattoo\\\/pt-pt\\\/produto\\\/gel-sterillhand-500ml-com-bomba-para-desinfecao-das-maos-equivalente-a-velodes-phagogel-spirigel\\\/\",\"url\":\"https:\\\/\\\/med.tattoo\\\/pt-pt\\\/produto\\\/gel-sterillhand-500ml-com-bomba-para-desinfecao-das-maos-equivalente-a-velodes-phagogel-spirigel\\\/\",\"name\":\"Gel Sterillhand 500ml com bomba para desinfe\u00e7\u00e3o das m\u00e3os (equivalente a Velodes, Phago'Gel, Spirigel ) - MED.TATTOO\",\"isPartOf\":{\"@id\":\"https:\\\/\\\/med.tattoo\\\/pt-pt\\\/#website\"},\"primaryImageOfPage\":{\"@id\":\"https:\\\/\\\/med.tattoo\\\/pt-pt\\\/produto\\\/gel-sterillhand-500ml-com-bomba-para-desinfecao-das-maos-equivalente-a-velodes-phagogel-spirigel\\\/#primaryimage\"},\"image\":{\"@id\":\"https:\\\/\\\/med.tattoo\\\/pt-pt\\\/produto\\\/gel-sterillhand-500ml-com-bomba-para-desinfecao-das-maos-equivalente-a-velodes-phagogel-spirigel\\\/#primaryimage\"},\"thumbnailUrl\":\"https:\\\/\\\/med.tattoo\\\/wp-content\\\/uploads\\\/2025\\\/05\\\/2123_sterillhand-500ml-gel-z-pompka-do-dezynfekcji-rak_1744007032.jpg\",\"datePublished\":\"2025-05-15T05:31:03+00:00\",\"breadcrumb\":{\"@id\":\"https:\\\/\\\/med.tattoo\\\/pt-pt\\\/produto\\\/gel-sterillhand-500ml-com-bomba-para-desinfecao-das-maos-equivalente-a-velodes-phagogel-spirigel\\\/#breadcrumb\"},\"inLanguage\":\"pt-PT\",\"potentialAction\":[{\"@type\":\"ReadAction\",\"target\":[\"https:\\\/\\\/med.tattoo\\\/pt-pt\\\/produto\\\/gel-sterillhand-500ml-com-bomba-para-desinfecao-das-maos-equivalente-a-velodes-phagogel-spirigel\\\/\"]}]},{\"@type\":\"ImageObject\",\"inLanguage\":\"pt-PT\",\"@id\":\"https:\\\/\\\/med.tattoo\\\/pt-pt\\\/produto\\\/gel-sterillhand-500ml-com-bomba-para-desinfecao-das-maos-equivalente-a-velodes-phagogel-spirigel\\\/#primaryimage\",\"url\":\"https:\\\/\\\/med.tattoo\\\/wp-content\\\/uploads\\\/2025\\\/05\\\/2123_sterillhand-500ml-gel-z-pompka-do-dezynfekcji-rak_1744007032.jpg\",\"contentUrl\":\"https:\\\/\\\/med.tattoo\\\/wp-content\\\/uploads\\\/2025\\\/05\\\/2123_sterillhand-500ml-gel-z-pompka-do-dezynfekcji-rak_1744007032.jpg\",\"width\":497,\"height\":800},{\"@type\":\"BreadcrumbList\",\"@id\":\"https:\\\/\\\/med.tattoo\\\/pt-pt\\\/produto\\\/gel-sterillhand-500ml-com-bomba-para-desinfecao-das-maos-equivalente-a-velodes-phagogel-spirigel\\\/#breadcrumb\",\"itemListElement\":[{\"@type\":\"ListItem\",\"position\":1,\"name\":\"Strona G\u0142\u00f3wna\",\"item\":\"https:\\\/\\\/med.tattoo\\\/pt-pt\\\/\"},{\"@type\":\"ListItem\",\"position\":2,\"name\":\"Loja\",\"item\":\"https:\\\/\\\/med.tattoo\\\/pt-pt\\\/loja\\\/\"},{\"@type\":\"ListItem\",\"position\":3,\"name\":\"Gel Sterillhand 500ml com bomba para desinfe\u00e7\u00e3o das m\u00e3os (equivalente a Velodes, Phago&#8217;Gel, Spirigel )\"}]},{\"@type\":\"WebSite\",\"@id\":\"https:\\\/\\\/med.tattoo\\\/pt-pt\\\/#website\",\"url\":\"https:\\\/\\\/med.tattoo\\\/pt-pt\\\/\",\"name\":\"MED.TATTOO\",\"description\":\"Wszystko dla Twojego tatua\u017cu\",\"publisher\":{\"@id\":\"https:\\\/\\\/med.tattoo\\\/pt-pt\\\/#organization\"},\"potentialAction\":[{\"@type\":\"SearchAction\",\"target\":{\"@type\":\"EntryPoint\",\"urlTemplate\":\"https:\\\/\\\/med.tattoo\\\/pt-pt\\\/?s={search_term_string}\"},\"query-input\":{\"@type\":\"PropertyValueSpecification\",\"valueRequired\":true,\"valueName\":\"search_term_string\"}}],\"inLanguage\":\"pt-PT\"},{\"@type\":\"Organization\",\"@id\":\"https:\\\/\\\/med.tattoo\\\/pt-pt\\\/#organization\",\"name\":\"MED.TATTOO\",\"url\":\"https:\\\/\\\/med.tattoo\\\/pt-pt\\\/\",\"logo\":{\"@type\":\"ImageObject\",\"inLanguage\":\"pt-PT\",\"@id\":\"https:\\\/\\\/med.tattoo\\\/pt-pt\\\/#\\\/schema\\\/logo\\\/image\\\/\",\"url\":\"https:\\\/\\\/med.tattoo\\\/wp-content\\\/uploads\\\/2025\\\/05\\\/Bez-tytulu-600S300-px-1-e1658908183800.png\",\"contentUrl\":\"https:\\\/\\\/med.tattoo\\\/wp-content\\\/uploads\\\/2025\\\/05\\\/Bez-tytulu-600S300-px-1-e1658908183800.png\",\"width\":600,\"height\":61,\"caption\":\"MED.TATTOO\"},\"image\":{\"@id\":\"https:\\\/\\\/med.tattoo\\\/pt-pt\\\/#\\\/schema\\\/logo\\\/image\\\/\"},\"sameAs\":[\"https:\\\/\\\/www.facebook.com\\\/profile.php?id=100084366705613\",\"https:\\\/\\\/www.instagram.com\\\/med.tattoo_official\\\/\"]}]}<\/script>\n<!-- \/ Yoast SEO plugin. -->","yoast_head_json":{"title":"Gel Sterillhand 500ml com bomba para desinfe\u00e7\u00e3o das m\u00e3os (equivalente a Velodes, Phago'Gel, Spirigel ) - MED.TATTOO","robots":{"index":"index","follow":"follow","max-snippet":"max-snippet:-1","max-image-preview":"max-image-preview:large","max-video-preview":"max-video-preview:-1"},"canonical":"https:\/\/med.tattoo\/pt-pt\/produto\/gel-sterillhand-500ml-com-bomba-para-desinfecao-das-maos-equivalente-a-velodes-phagogel-spirigel\/","og_locale":"pt_PT","og_type":"article","og_title":"Gel Sterillhand 500ml com bomba para desinfe\u00e7\u00e3o das m\u00e3os (equivalente a Velodes, Phago'Gel, Spirigel ) - MED.TATTOO","og_description":"Gel de desinfe\u00e7\u00e3o especializado Sterillhand para a desinfe\u00e7\u00e3o higi\u00e9nica e cir\u00fargica das m\u00e3os. A f\u00f3rmula ativa a sua a\u00e7\u00e3o imediatamente ap\u00f3s a utiliza\u00e7\u00e3o. Combate eficazmente todos os tipos de v\u00edrus, fungos, micobact\u00e9rias e bact\u00e9rias. Foi testado dermatologicamente. A sua composi\u00e7\u00e3o \u00fanica evita que as suas m\u00e3os fiquem secas. Aplica\u00e7\u00e3o recomendada: Desinfe\u00e7\u00e3o higi\u00e9nica das m\u00e3os: Esfregue [&hellip;]","og_url":"https:\/\/med.tattoo\/pt-pt\/produto\/gel-sterillhand-500ml-com-bomba-para-desinfecao-das-maos-equivalente-a-velodes-phagogel-spirigel\/","og_site_name":"MED.TATTOO","article_publisher":"https:\/\/www.facebook.com\/profile.php?id=100084366705613","twitter_card":"summary_large_image","twitter_misc":{"Tempo estimado de leitura":"1 minuto"},"schema":{"@context":"https:\/\/schema.org","@graph":[{"@type":"WebPage","@id":"https:\/\/med.tattoo\/pt-pt\/produto\/gel-sterillhand-500ml-com-bomba-para-desinfecao-das-maos-equivalente-a-velodes-phagogel-spirigel\/","url":"https:\/\/med.tattoo\/pt-pt\/produto\/gel-sterillhand-500ml-com-bomba-para-desinfecao-das-maos-equivalente-a-velodes-phagogel-spirigel\/","name":"Gel Sterillhand 500ml com bomba para desinfe\u00e7\u00e3o das m\u00e3os (equivalente a Velodes, Phago'Gel, Spirigel ) - MED.TATTOO","isPartOf":{"@id":"https:\/\/med.tattoo\/pt-pt\/#website"},"primaryImageOfPage":{"@id":"https:\/\/med.tattoo\/pt-pt\/produto\/gel-sterillhand-500ml-com-bomba-para-desinfecao-das-maos-equivalente-a-velodes-phagogel-spirigel\/#primaryimage"},"image":{"@id":"https:\/\/med.tattoo\/pt-pt\/produto\/gel-sterillhand-500ml-com-bomba-para-desinfecao-das-maos-equivalente-a-velodes-phagogel-spirigel\/#primaryimage"},"thumbnailUrl":"https:\/\/med.tattoo\/wp-content\/uploads\/2025\/05\/2123_sterillhand-500ml-gel-z-pompka-do-dezynfekcji-rak_1744007032.jpg","datePublished":"2025-05-15T05:31:03+00:00","breadcrumb":{"@id":"https:\/\/med.tattoo\/pt-pt\/produto\/gel-sterillhand-500ml-com-bomba-para-desinfecao-das-maos-equivalente-a-velodes-phagogel-spirigel\/#breadcrumb"},"inLanguage":"pt-PT","potentialAction":[{"@type":"ReadAction","target":["https:\/\/med.tattoo\/pt-pt\/produto\/gel-sterillhand-500ml-com-bomba-para-desinfecao-das-maos-equivalente-a-velodes-phagogel-spirigel\/"]}]},{"@type":"ImageObject","inLanguage":"pt-PT","@id":"https:\/\/med.tattoo\/pt-pt\/produto\/gel-sterillhand-500ml-com-bomba-para-desinfecao-das-maos-equivalente-a-velodes-phagogel-spirigel\/#primaryimage","url":"https:\/\/med.tattoo\/wp-content\/uploads\/2025\/05\/2123_sterillhand-500ml-gel-z-pompka-do-dezynfekcji-rak_1744007032.jpg","contentUrl":"https:\/\/med.tattoo\/wp-content\/uploads\/2025\/05\/2123_sterillhand-500ml-gel-z-pompka-do-dezynfekcji-rak_1744007032.jpg","width":497,"height":800},{"@type":"BreadcrumbList","@id":"https:\/\/med.tattoo\/pt-pt\/produto\/gel-sterillhand-500ml-com-bomba-para-desinfecao-das-maos-equivalente-a-velodes-phagogel-spirigel\/#breadcrumb","itemListElement":[{"@type":"ListItem","position":1,"name":"Strona G\u0142\u00f3wna","item":"https:\/\/med.tattoo\/pt-pt\/"},{"@type":"ListItem","position":2,"name":"Loja","item":"https:\/\/med.tattoo\/pt-pt\/loja\/"},{"@type":"ListItem","position":3,"name":"Gel Sterillhand 500ml com bomba para desinfe\u00e7\u00e3o das m\u00e3os (equivalente a Velodes, Phago&#8217;Gel, Spirigel )"}]},{"@type":"WebSite","@id":"https:\/\/med.tattoo\/pt-pt\/#website","url":"https:\/\/med.tattoo\/pt-pt\/","name":"MED.TATTOO","description":"Wszystko dla Twojego tatua\u017cu","publisher":{"@id":"https:\/\/med.tattoo\/pt-pt\/#organization"},"potentialAction":[{"@type":"SearchAction","target":{"@type":"EntryPoint","urlTemplate":"https:\/\/med.tattoo\/pt-pt\/?s={search_term_string}"},"query-input":{"@type":"PropertyValueSpecification","valueRequired":true,"valueName":"search_term_string"}}],"inLanguage":"pt-PT"},{"@type":"Organization","@id":"https:\/\/med.tattoo\/pt-pt\/#organization","name":"MED.TATTOO","url":"https:\/\/med.tattoo\/pt-pt\/","logo":{"@type":"ImageObject","inLanguage":"pt-PT","@id":"https:\/\/med.tattoo\/pt-pt\/#\/schema\/logo\/image\/","url":"https:\/\/med.tattoo\/wp-content\/uploads\/2025\/05\/Bez-tytulu-600S300-px-1-e1658908183800.png","contentUrl":"https:\/\/med.tattoo\/wp-content\/uploads\/2025\/05\/Bez-tytulu-600S300-px-1-e1658908183800.png","width":600,"height":61,"caption":"MED.TATTOO"},"image":{"@id":"https:\/\/med.tattoo\/pt-pt\/#\/schema\/logo\/image\/"},"sameAs":["https:\/\/www.facebook.com\/profile.php?id=100084366705613","https:\/\/www.instagram.com\/med.tattoo_official\/"]}]}},"_links":{"self":[{"href":"https:\/\/med.tattoo\/pt-pt\/wp-json\/wp\/v2\/product\/9859","targetHints":{"allow":["GET"]}}],"collection":[{"href":"https:\/\/med.tattoo\/pt-pt\/wp-json\/wp\/v2\/product"}],"about":[{"href":"https:\/\/med.tattoo\/pt-pt\/wp-json\/wp\/v2\/types\/product"}],"replies":[{"embeddable":true,"href":"https:\/\/med.tattoo\/pt-pt\/wp-json\/wp\/v2\/comments?post=9859"}],"wp:featuredmedia":[{"embeddable":true,"href":"https:\/\/med.tattoo\/pt-pt\/wp-json\/wp\/v2\/media\/8134"}],"wp:attachment":[{"href":"https:\/\/med.tattoo\/pt-pt\/wp-json\/wp\/v2\/media?parent=9859"}],"wp:term":[{"taxonomy":"product_brand","embeddable":true,"href":"https:\/\/med.tattoo\/pt-pt\/wp-json\/wp\/v2\/product_brand?post=9859"},{"taxonomy":"product_cat","embeddable":true,"href":"https:\/\/med.tattoo\/pt-pt\/wp-json\/wp\/v2\/product_cat?post=9859"},{"taxonomy":"product_tag","embeddable":true,"href":"https:\/\/med.tattoo\/pt-pt\/wp-json\/wp\/v2\/product_tag?post=9859"}],"curies":[{"name":"wp","href":"https:\/\/api.w.org\/{rel}","templated":true}]}}