{"id":9938,"date":"2025-05-15T07:27:36","date_gmt":"2025-05-15T05:27:36","guid":{"rendered":"https:\/\/med.tattoo\/produkt\/contentor-de-residuos-hospitalares-02l-plano-1pc\/"},"modified":"2025-05-15T07:27:36","modified_gmt":"2025-05-15T05:27:36","slug":"contentor-de-residuos-hospitalares-02l-plano-1pc","status":"publish","type":"product","link":"https:\/\/med.tattoo\/pt-pt\/produto\/contentor-de-residuos-hospitalares-02l-plano-1pc\/","title":{"rendered":"Contentor de res\u00edduos hospitalares 0,2L plano 1pc"},"content":{"rendered":"<p>Um pr\u00e1tico recipiente de pl\u00e1stico &#8211; polipropileno em vermelho. \u00c9 \u00e0 prova de \u00e1gua e resistente a perfura\u00e7\u00f5es. Tem um recorte especial na tampa que permite a separa\u00e7\u00e3o segura da agulha da seringa.  <\/p>\n<p>O contentor ostenta o r\u00f3tulo de aviso &#8220;material infecioso&#8221;, juntamente com outras informa\u00e7\u00f5es exigidas pela PZH.<\/p>\n<p>O contentor vermelho \u00e9 para os res\u00edduos:<\/p>\n<p>que contenham microrganismos patog\u00e9nicos vivos ou as suas toxinas e outras formas capazes de transmitir material gen\u00e9tico que se acredita causarem doen\u00e7as em seres humanos e animais;<br \/>\npartes e \u00f3rg\u00e3os do corpo, bem como recipientes para sangue e conservantes de sangue para o seu armazenamento;<br \/>\nbanhos biol\u00f3gicos activos terap\u00eauticos usados com propriedades infecciosas;<br \/>\nres\u00edduos da alimenta\u00e7\u00e3o de doentes em enfermarias infecciosas.<br \/>\nOs recipientes devem ter um fecho que n\u00e3o exija o contacto com o seu conte\u00fado. Os recipientes devem ser mudados pelo menos de 72 em 72 horas, com exce\u00e7\u00e3o dos sacos onde s\u00e3o recolhidos os res\u00edduos hospitalares altamente infecciosos, que s\u00e3o mudados de 24 em 24 horas. <\/p>\n<p>Se o contentor estiver danificado, deite-o fora com o seu conte\u00fado. Lembre-se de n\u00e3o transportar res\u00edduos hospitalares para fora do local! <\/p>\n<p>Os contentores de res\u00edduos hospitalares s\u00e3o concebidos para que os materiais infecciosos possam ser eliminados de uma forma totalmente higi\u00e9nica e segura. Os produtos oferecidos cumprem todas as normas, requisitos e padr\u00f5es. Gra\u00e7as a eles, podemos eliminar os res\u00edduos sem contacto e envi\u00e1-los para elimina\u00e7\u00e3o. Os contentores s\u00e3o muito robustos &#8211; resistentes a perfura\u00e7\u00f5es por agulhas, impactos e choques.   <\/p>\n","protected":false},"excerpt":{"rendered":"<p>Um pr\u00e1tico recipiente de pl\u00e1stico &#8211; polipropileno em vermelho. \u00c9 \u00e0 prova de \u00e1gua e resistente a perfura\u00e7\u00f5es. Tem um recorte especial na tampa que permite a separa\u00e7\u00e3o segura da agulha da seringa. O contentor ostenta o r\u00f3tulo de aviso &#8220;material infecioso&#8221;, juntamente com outras informa\u00e7\u00f5es exigidas pela PZH. O contentor vermelho \u00e9 para os [&hellip;]<\/p>\n","protected":false},"featured_media":7750,"comment_status":"closed","ping_status":"open","template":"","meta":{"site-sidebar-layout":"default","site-content-layout":"","ast-site-content-layout":"default","site-content-style":"default","site-sidebar-style":"default","ast-global-header-display":"","ast-banner-title-visibility":"","ast-main-header-display":"","ast-hfb-above-header-display":"","ast-hfb-below-header-display":"","ast-hfb-mobile-header-display":"","site-post-title":"","ast-breadcrumbs-content":"","ast-featured-img":"","footer-sml-layout":"","ast-disable-related-posts":"","theme-transparent-header-meta":"","adv-header-id-meta":"","stick-header-meta":"","header-above-stick-meta":"","header-main-stick-meta":"","header-below-stick-meta":"","astra-migrate-meta-layouts":"default","ast-page-background-enabled":"default","ast-page-background-meta":{"desktop":{"background-color":"var(--ast-global-color-4)","background-image":"","background-repeat":"repeat","background-position":"center center","background-size":"auto","background-attachment":"scroll","background-type":"","background-media":"","overlay-type":"","overlay-color":"","overlay-opacity":"","overlay-gradient":""},"tablet":{"background-color":"","background-image":"","background-repeat":"repeat","background-position":"center center","background-size":"auto","background-attachment":"scroll","background-type":"","background-media":"","overlay-type":"","overlay-color":"","overlay-opacity":"","overlay-gradient":""},"mobile":{"background-color":"","background-image":"","background-repeat":"repeat","background-position":"center center","background-size":"auto","background-attachment":"scroll","background-type":"","background-media":"","overlay-type":"","overlay-color":"","overlay-opacity":"","overlay-gradient":""}},"ast-content-background-meta":{"desktop":{"background-color":"var(--ast-global-color-5)","background-image":"","background-repeat":"repeat","background-position":"center center","background-size":"auto","background-attachment":"scroll","background-type":"","background-media":"","overlay-type":"","overlay-color":"","overlay-opacity":"","overlay-gradient":""},"tablet":{"background-color":"var(--ast-global-color-5)","background-image":"","background-repeat":"repeat","background-position":"center center","background-size":"auto","background-attachment":"scroll","background-type":"","background-media":"","overlay-type":"","overlay-color":"","overlay-opacity":"","overlay-gradient":""},"mobile":{"background-color":"var(--ast-global-color-5)","background-image":"","background-repeat":"repeat","background-position":"center center","background-size":"auto","background-attachment":"scroll","background-type":"","background-media":"","overlay-type":"","overlay-color":"","overlay-opacity":"","overlay-gradient":""}}},"product_brand":[],"product_cat":[90],"product_tag":[],"class_list":{"0":"post-9938","1":"product","2":"type-product","3":"status-publish","4":"has-post-thumbnail","6":"product_cat-med-tattoo-pt","7":"desktop-align-left","8":"tablet-align-left","9":"mobile-align-left","10":"ast-product-gallery-layout-horizontal-slider","11":"ast-product-gallery-with-no-image","12":"ast-product-tabs-layout-distributed","14":"first","15":"instock","16":"purchasable","17":"product-type-simple"},"yoast_head":"<!-- This site is optimized with the Yoast SEO plugin v27.3 - https:\/\/yoast.com\/product\/yoast-seo-wordpress\/ -->\n<title>Contentor de res\u00edduos hospitalares 0,2L plano 1pc - MED.TATTOO<\/title>\n<meta name=\"robots\" content=\"index, follow, max-snippet:-1, max-image-preview:large, max-video-preview:-1\" \/>\n<link rel=\"canonical\" href=\"https:\/\/med.tattoo\/pt-pt\/produto\/contentor-de-residuos-hospitalares-02l-plano-1pc\/\" \/>\n<meta property=\"og:locale\" content=\"pt_PT\" \/>\n<meta property=\"og:type\" content=\"article\" \/>\n<meta property=\"og:title\" content=\"Contentor de res\u00edduos hospitalares 0,2L plano 1pc - MED.TATTOO\" \/>\n<meta property=\"og:description\" content=\"Um pr\u00e1tico recipiente de pl\u00e1stico &#8211; polipropileno em vermelho. \u00c9 \u00e0 prova de \u00e1gua e resistente a perfura\u00e7\u00f5es. Tem um recorte especial na tampa que permite a separa\u00e7\u00e3o segura da agulha da seringa. O contentor ostenta o r\u00f3tulo de aviso &#8220;material infecioso&#8221;, juntamente com outras informa\u00e7\u00f5es exigidas pela PZH. O contentor vermelho \u00e9 para os [&hellip;]\" \/>\n<meta property=\"og:url\" content=\"https:\/\/med.tattoo\/pt-pt\/produto\/contentor-de-residuos-hospitalares-02l-plano-1pc\/\" \/>\n<meta property=\"og:site_name\" content=\"MED.TATTOO\" \/>\n<meta property=\"article:publisher\" content=\"https:\/\/www.facebook.com\/profile.php?id=100084366705613\" \/>\n<meta name=\"twitter:card\" content=\"summary_large_image\" \/>\n<meta name=\"twitter:label1\" content=\"Tempo estimado de leitura\" \/>\n\t<meta name=\"twitter:data1\" content=\"1 minuto\" \/>\n<script type=\"application\/ld+json\" class=\"yoast-schema-graph\">{\"@context\":\"https:\\\/\\\/schema.org\",\"@graph\":[{\"@type\":\"WebPage\",\"@id\":\"https:\\\/\\\/med.tattoo\\\/pt-pt\\\/produto\\\/contentor-de-residuos-hospitalares-02l-plano-1pc\\\/\",\"url\":\"https:\\\/\\\/med.tattoo\\\/pt-pt\\\/produto\\\/contentor-de-residuos-hospitalares-02l-plano-1pc\\\/\",\"name\":\"Contentor de res\u00edduos hospitalares 0,2L plano 1pc - MED.TATTOO\",\"isPartOf\":{\"@id\":\"https:\\\/\\\/med.tattoo\\\/pt-pt\\\/#website\"},\"primaryImageOfPage\":{\"@id\":\"https:\\\/\\\/med.tattoo\\\/pt-pt\\\/produto\\\/contentor-de-residuos-hospitalares-02l-plano-1pc\\\/#primaryimage\"},\"image\":{\"@id\":\"https:\\\/\\\/med.tattoo\\\/pt-pt\\\/produto\\\/contentor-de-residuos-hospitalares-02l-plano-1pc\\\/#primaryimage\"},\"thumbnailUrl\":\"https:\\\/\\\/med.tattoo\\\/wp-content\\\/uploads\\\/2025\\\/05\\\/388_pojemnik-na-odpady-medyczne-0-2l-plaski-1szt_1744006885.jpg\",\"datePublished\":\"2025-05-15T05:27:36+00:00\",\"breadcrumb\":{\"@id\":\"https:\\\/\\\/med.tattoo\\\/pt-pt\\\/produto\\\/contentor-de-residuos-hospitalares-02l-plano-1pc\\\/#breadcrumb\"},\"inLanguage\":\"pt-PT\",\"potentialAction\":[{\"@type\":\"ReadAction\",\"target\":[\"https:\\\/\\\/med.tattoo\\\/pt-pt\\\/produto\\\/contentor-de-residuos-hospitalares-02l-plano-1pc\\\/\"]}]},{\"@type\":\"ImageObject\",\"inLanguage\":\"pt-PT\",\"@id\":\"https:\\\/\\\/med.tattoo\\\/pt-pt\\\/produto\\\/contentor-de-residuos-hospitalares-02l-plano-1pc\\\/#primaryimage\",\"url\":\"https:\\\/\\\/med.tattoo\\\/wp-content\\\/uploads\\\/2025\\\/05\\\/388_pojemnik-na-odpady-medyczne-0-2l-plaski-1szt_1744006885.jpg\",\"contentUrl\":\"https:\\\/\\\/med.tattoo\\\/wp-content\\\/uploads\\\/2025\\\/05\\\/388_pojemnik-na-odpady-medyczne-0-2l-plaski-1szt_1744006885.jpg\",\"width\":526,\"height\":334},{\"@type\":\"BreadcrumbList\",\"@id\":\"https:\\\/\\\/med.tattoo\\\/pt-pt\\\/produto\\\/contentor-de-residuos-hospitalares-02l-plano-1pc\\\/#breadcrumb\",\"itemListElement\":[{\"@type\":\"ListItem\",\"position\":1,\"name\":\"Strona G\u0142\u00f3wna\",\"item\":\"https:\\\/\\\/med.tattoo\\\/pt-pt\\\/\"},{\"@type\":\"ListItem\",\"position\":2,\"name\":\"Loja\",\"item\":\"https:\\\/\\\/med.tattoo\\\/pt-pt\\\/loja\\\/\"},{\"@type\":\"ListItem\",\"position\":3,\"name\":\"Contentor de res\u00edduos hospitalares 0,2L plano 1pc\"}]},{\"@type\":\"WebSite\",\"@id\":\"https:\\\/\\\/med.tattoo\\\/pt-pt\\\/#website\",\"url\":\"https:\\\/\\\/med.tattoo\\\/pt-pt\\\/\",\"name\":\"MED.TATTOO\",\"description\":\"Wszystko dla Twojego tatua\u017cu\",\"publisher\":{\"@id\":\"https:\\\/\\\/med.tattoo\\\/pt-pt\\\/#organization\"},\"potentialAction\":[{\"@type\":\"SearchAction\",\"target\":{\"@type\":\"EntryPoint\",\"urlTemplate\":\"https:\\\/\\\/med.tattoo\\\/pt-pt\\\/?s={search_term_string}\"},\"query-input\":{\"@type\":\"PropertyValueSpecification\",\"valueRequired\":true,\"valueName\":\"search_term_string\"}}],\"inLanguage\":\"pt-PT\"},{\"@type\":\"Organization\",\"@id\":\"https:\\\/\\\/med.tattoo\\\/pt-pt\\\/#organization\",\"name\":\"MED.TATTOO\",\"url\":\"https:\\\/\\\/med.tattoo\\\/pt-pt\\\/\",\"logo\":{\"@type\":\"ImageObject\",\"inLanguage\":\"pt-PT\",\"@id\":\"https:\\\/\\\/med.tattoo\\\/pt-pt\\\/#\\\/schema\\\/logo\\\/image\\\/\",\"url\":\"https:\\\/\\\/med.tattoo\\\/wp-content\\\/uploads\\\/2025\\\/05\\\/Bez-tytulu-600S300-px-1-e1658908183800.png\",\"contentUrl\":\"https:\\\/\\\/med.tattoo\\\/wp-content\\\/uploads\\\/2025\\\/05\\\/Bez-tytulu-600S300-px-1-e1658908183800.png\",\"width\":600,\"height\":61,\"caption\":\"MED.TATTOO\"},\"image\":{\"@id\":\"https:\\\/\\\/med.tattoo\\\/pt-pt\\\/#\\\/schema\\\/logo\\\/image\\\/\"},\"sameAs\":[\"https:\\\/\\\/www.facebook.com\\\/profile.php?id=100084366705613\",\"https:\\\/\\\/www.instagram.com\\\/med.tattoo_official\\\/\"]}]}<\/script>\n<!-- \/ Yoast SEO plugin. -->","yoast_head_json":{"title":"Contentor de res\u00edduos hospitalares 0,2L plano 1pc - MED.TATTOO","robots":{"index":"index","follow":"follow","max-snippet":"max-snippet:-1","max-image-preview":"max-image-preview:large","max-video-preview":"max-video-preview:-1"},"canonical":"https:\/\/med.tattoo\/pt-pt\/produto\/contentor-de-residuos-hospitalares-02l-plano-1pc\/","og_locale":"pt_PT","og_type":"article","og_title":"Contentor de res\u00edduos hospitalares 0,2L plano 1pc - MED.TATTOO","og_description":"Um pr\u00e1tico recipiente de pl\u00e1stico &#8211; polipropileno em vermelho. \u00c9 \u00e0 prova de \u00e1gua e resistente a perfura\u00e7\u00f5es. Tem um recorte especial na tampa que permite a separa\u00e7\u00e3o segura da agulha da seringa. O contentor ostenta o r\u00f3tulo de aviso &#8220;material infecioso&#8221;, juntamente com outras informa\u00e7\u00f5es exigidas pela PZH. O contentor vermelho \u00e9 para os [&hellip;]","og_url":"https:\/\/med.tattoo\/pt-pt\/produto\/contentor-de-residuos-hospitalares-02l-plano-1pc\/","og_site_name":"MED.TATTOO","article_publisher":"https:\/\/www.facebook.com\/profile.php?id=100084366705613","twitter_card":"summary_large_image","twitter_misc":{"Tempo estimado de leitura":"1 minuto"},"schema":{"@context":"https:\/\/schema.org","@graph":[{"@type":"WebPage","@id":"https:\/\/med.tattoo\/pt-pt\/produto\/contentor-de-residuos-hospitalares-02l-plano-1pc\/","url":"https:\/\/med.tattoo\/pt-pt\/produto\/contentor-de-residuos-hospitalares-02l-plano-1pc\/","name":"Contentor de res\u00edduos hospitalares 0,2L plano 1pc - MED.TATTOO","isPartOf":{"@id":"https:\/\/med.tattoo\/pt-pt\/#website"},"primaryImageOfPage":{"@id":"https:\/\/med.tattoo\/pt-pt\/produto\/contentor-de-residuos-hospitalares-02l-plano-1pc\/#primaryimage"},"image":{"@id":"https:\/\/med.tattoo\/pt-pt\/produto\/contentor-de-residuos-hospitalares-02l-plano-1pc\/#primaryimage"},"thumbnailUrl":"https:\/\/med.tattoo\/wp-content\/uploads\/2025\/05\/388_pojemnik-na-odpady-medyczne-0-2l-plaski-1szt_1744006885.jpg","datePublished":"2025-05-15T05:27:36+00:00","breadcrumb":{"@id":"https:\/\/med.tattoo\/pt-pt\/produto\/contentor-de-residuos-hospitalares-02l-plano-1pc\/#breadcrumb"},"inLanguage":"pt-PT","potentialAction":[{"@type":"ReadAction","target":["https:\/\/med.tattoo\/pt-pt\/produto\/contentor-de-residuos-hospitalares-02l-plano-1pc\/"]}]},{"@type":"ImageObject","inLanguage":"pt-PT","@id":"https:\/\/med.tattoo\/pt-pt\/produto\/contentor-de-residuos-hospitalares-02l-plano-1pc\/#primaryimage","url":"https:\/\/med.tattoo\/wp-content\/uploads\/2025\/05\/388_pojemnik-na-odpady-medyczne-0-2l-plaski-1szt_1744006885.jpg","contentUrl":"https:\/\/med.tattoo\/wp-content\/uploads\/2025\/05\/388_pojemnik-na-odpady-medyczne-0-2l-plaski-1szt_1744006885.jpg","width":526,"height":334},{"@type":"BreadcrumbList","@id":"https:\/\/med.tattoo\/pt-pt\/produto\/contentor-de-residuos-hospitalares-02l-plano-1pc\/#breadcrumb","itemListElement":[{"@type":"ListItem","position":1,"name":"Strona G\u0142\u00f3wna","item":"https:\/\/med.tattoo\/pt-pt\/"},{"@type":"ListItem","position":2,"name":"Loja","item":"https:\/\/med.tattoo\/pt-pt\/loja\/"},{"@type":"ListItem","position":3,"name":"Contentor de res\u00edduos hospitalares 0,2L plano 1pc"}]},{"@type":"WebSite","@id":"https:\/\/med.tattoo\/pt-pt\/#website","url":"https:\/\/med.tattoo\/pt-pt\/","name":"MED.TATTOO","description":"Wszystko dla Twojego tatua\u017cu","publisher":{"@id":"https:\/\/med.tattoo\/pt-pt\/#organization"},"potentialAction":[{"@type":"SearchAction","target":{"@type":"EntryPoint","urlTemplate":"https:\/\/med.tattoo\/pt-pt\/?s={search_term_string}"},"query-input":{"@type":"PropertyValueSpecification","valueRequired":true,"valueName":"search_term_string"}}],"inLanguage":"pt-PT"},{"@type":"Organization","@id":"https:\/\/med.tattoo\/pt-pt\/#organization","name":"MED.TATTOO","url":"https:\/\/med.tattoo\/pt-pt\/","logo":{"@type":"ImageObject","inLanguage":"pt-PT","@id":"https:\/\/med.tattoo\/pt-pt\/#\/schema\/logo\/image\/","url":"https:\/\/med.tattoo\/wp-content\/uploads\/2025\/05\/Bez-tytulu-600S300-px-1-e1658908183800.png","contentUrl":"https:\/\/med.tattoo\/wp-content\/uploads\/2025\/05\/Bez-tytulu-600S300-px-1-e1658908183800.png","width":600,"height":61,"caption":"MED.TATTOO"},"image":{"@id":"https:\/\/med.tattoo\/pt-pt\/#\/schema\/logo\/image\/"},"sameAs":["https:\/\/www.facebook.com\/profile.php?id=100084366705613","https:\/\/www.instagram.com\/med.tattoo_official\/"]}]}},"_links":{"self":[{"href":"https:\/\/med.tattoo\/pt-pt\/wp-json\/wp\/v2\/product\/9938","targetHints":{"allow":["GET"]}}],"collection":[{"href":"https:\/\/med.tattoo\/pt-pt\/wp-json\/wp\/v2\/product"}],"about":[{"href":"https:\/\/med.tattoo\/pt-pt\/wp-json\/wp\/v2\/types\/product"}],"replies":[{"embeddable":true,"href":"https:\/\/med.tattoo\/pt-pt\/wp-json\/wp\/v2\/comments?post=9938"}],"wp:featuredmedia":[{"embeddable":true,"href":"https:\/\/med.tattoo\/pt-pt\/wp-json\/wp\/v2\/media\/7750"}],"wp:attachment":[{"href":"https:\/\/med.tattoo\/pt-pt\/wp-json\/wp\/v2\/media?parent=9938"}],"wp:term":[{"taxonomy":"product_brand","embeddable":true,"href":"https:\/\/med.tattoo\/pt-pt\/wp-json\/wp\/v2\/product_brand?post=9938"},{"taxonomy":"product_cat","embeddable":true,"href":"https:\/\/med.tattoo\/pt-pt\/wp-json\/wp\/v2\/product_cat?post=9938"},{"taxonomy":"product_tag","embeddable":true,"href":"https:\/\/med.tattoo\/pt-pt\/wp-json\/wp\/v2\/product_tag?post=9938"}],"curies":[{"name":"wp","href":"https:\/\/api.w.org\/{rel}","templated":true}]}}