{"id":9944,"date":"2025-05-15T07:27:36","date_gmt":"2025-05-15T05:27:36","guid":{"rendered":"https:\/\/med.tattoo\/produkt\/univel-plus-underlay-2x-papel-de-seda-1x-folha-de-aluminio-60cm-x-50m-branco\/"},"modified":"2025-05-15T07:27:36","modified_gmt":"2025-05-15T05:27:36","slug":"univel-plus-underlay-2x-papel-de-seda-1x-folha-de-aluminio-60cm-x-50m-branco","status":"publish","type":"product","link":"https:\/\/med.tattoo\/pt-pt\/produto\/univel-plus-underlay-2x-papel-de-seda-1x-folha-de-aluminio-60cm-x-50m-branco\/","title":{"rendered":"UNIVEL PLUS underlay 2x papel de seda 1x folha de alum\u00ednio 60cm x 50m Branco"},"content":{"rendered":"<p>Almofadas de prote\u00e7\u00e3o descart\u00e1veis de papel tissue 3 camadas<\/p>\n<p>white<br \/>\nOs pensos higi\u00e9nicos descart\u00e1veis Univel Plus s\u00e3o feitos de duas camadas de papel de seda laminado com uma camada de pel\u00edcula protetora. Isto torna os resguardos leves e macios. T\u00eam uma elevada resist\u00eancia \u00e0 tra\u00e7\u00e3o e s\u00e3o \u00e0 prova de \u00e1gua, o que garante o conforto da sua utiliza\u00e7\u00e3o.  <\/p>\n<p>DETALHES<\/p>\n<p>N\u00famero de pe\u00e7as por rolo: 80<br \/>\nComprimento da banda em rolo: 40 mb<br \/>\nN\u00famero de rolos por embalagem: 9<\/p>\n<p>QUAIS S\u00c3O AS VANTAGENS DAS S\u00c9RIES DE ALTA PROTEC\u00c7\u00c3O EM ROLO Univel Plus?<\/p>\n<p>Os pensos de prote\u00e7\u00e3o descart\u00e1veis Univel Plus s\u00e3o de tr\u00eas camadas (tecido, papel absorvente, pel\u00edcula). A parte superior \u00e9 feita de duas camadas de papel higi\u00e9nico (100% celulose) e a parte inferior \u00e9 constitu\u00edda por uma forte camada de pel\u00edcula de polietileno. Esta combina\u00e7\u00e3o torna o resguardo imperme\u00e1vel e antiderrapante. Os resguardos Univel Plus s\u00e3o macios, leves, funcionais e vers\u00e1teis. S\u00e3o imperme\u00e1veis e t\u00eam uma elevada resist\u00eancia ao rasgamento.    <\/p>\n","protected":false},"excerpt":{"rendered":"<p>Almofadas de prote\u00e7\u00e3o descart\u00e1veis de papel tissue 3 camadas white Os pensos higi\u00e9nicos descart\u00e1veis Univel Plus s\u00e3o feitos de duas camadas de papel de seda laminado com uma camada de pel\u00edcula protetora. Isto torna os resguardos leves e macios. T\u00eam uma elevada resist\u00eancia \u00e0 tra\u00e7\u00e3o e s\u00e3o \u00e0 prova de \u00e1gua, o que garante o [&hellip;]<\/p>\n","protected":false},"featured_media":7742,"comment_status":"closed","ping_status":"open","template":"","meta":{"site-sidebar-layout":"default","site-content-layout":"","ast-site-content-layout":"default","site-content-style":"default","site-sidebar-style":"default","ast-global-header-display":"","ast-banner-title-visibility":"","ast-main-header-display":"","ast-hfb-above-header-display":"","ast-hfb-below-header-display":"","ast-hfb-mobile-header-display":"","site-post-title":"","ast-breadcrumbs-content":"","ast-featured-img":"","footer-sml-layout":"","ast-disable-related-posts":"","theme-transparent-header-meta":"","adv-header-id-meta":"","stick-header-meta":"","header-above-stick-meta":"","header-main-stick-meta":"","header-below-stick-meta":"","astra-migrate-meta-layouts":"default","ast-page-background-enabled":"default","ast-page-background-meta":{"desktop":{"background-color":"var(--ast-global-color-4)","background-image":"","background-repeat":"repeat","background-position":"center center","background-size":"auto","background-attachment":"scroll","background-type":"","background-media":"","overlay-type":"","overlay-color":"","overlay-opacity":"","overlay-gradient":""},"tablet":{"background-color":"","background-image":"","background-repeat":"repeat","background-position":"center center","background-size":"auto","background-attachment":"scroll","background-type":"","background-media":"","overlay-type":"","overlay-color":"","overlay-opacity":"","overlay-gradient":""},"mobile":{"background-color":"","background-image":"","background-repeat":"repeat","background-position":"center center","background-size":"auto","background-attachment":"scroll","background-type":"","background-media":"","overlay-type":"","overlay-color":"","overlay-opacity":"","overlay-gradient":""}},"ast-content-background-meta":{"desktop":{"background-color":"var(--ast-global-color-5)","background-image":"","background-repeat":"repeat","background-position":"center center","background-size":"auto","background-attachment":"scroll","background-type":"","background-media":"","overlay-type":"","overlay-color":"","overlay-opacity":"","overlay-gradient":""},"tablet":{"background-color":"var(--ast-global-color-5)","background-image":"","background-repeat":"repeat","background-position":"center center","background-size":"auto","background-attachment":"scroll","background-type":"","background-media":"","overlay-type":"","overlay-color":"","overlay-opacity":"","overlay-gradient":""},"mobile":{"background-color":"var(--ast-global-color-5)","background-image":"","background-repeat":"repeat","background-position":"center center","background-size":"auto","background-attachment":"scroll","background-type":"","background-media":"","overlay-type":"","overlay-color":"","overlay-opacity":"","overlay-gradient":""}}},"product_brand":[],"product_cat":[90],"product_tag":[],"class_list":{"0":"post-9944","1":"product","2":"type-product","3":"status-publish","4":"has-post-thumbnail","6":"product_cat-med-tattoo-pt","7":"desktop-align-left","8":"tablet-align-left","9":"mobile-align-left","10":"ast-product-gallery-layout-horizontal-slider","11":"ast-product-gallery-with-no-image","12":"ast-product-tabs-layout-distributed","14":"first","15":"instock","16":"purchasable","17":"product-type-simple"},"yoast_head":"<!-- This site is optimized with the Yoast SEO plugin v27.3 - https:\/\/yoast.com\/product\/yoast-seo-wordpress\/ -->\n<title>UNIVEL PLUS underlay 2x papel de seda 1x folha de alum\u00ednio 60cm x 50m Branco - MED.TATTOO<\/title>\n<meta name=\"robots\" content=\"index, follow, max-snippet:-1, max-image-preview:large, max-video-preview:-1\" \/>\n<link rel=\"canonical\" href=\"https:\/\/med.tattoo\/pt-pt\/produto\/univel-plus-underlay-2x-papel-de-seda-1x-folha-de-aluminio-60cm-x-50m-branco\/\" \/>\n<meta property=\"og:locale\" content=\"pt_PT\" \/>\n<meta property=\"og:type\" content=\"article\" \/>\n<meta property=\"og:title\" content=\"UNIVEL PLUS underlay 2x papel de seda 1x folha de alum\u00ednio 60cm x 50m Branco - MED.TATTOO\" \/>\n<meta property=\"og:description\" content=\"Almofadas de prote\u00e7\u00e3o descart\u00e1veis de papel tissue 3 camadas white Os pensos higi\u00e9nicos descart\u00e1veis Univel Plus s\u00e3o feitos de duas camadas de papel de seda laminado com uma camada de pel\u00edcula protetora. Isto torna os resguardos leves e macios. T\u00eam uma elevada resist\u00eancia \u00e0 tra\u00e7\u00e3o e s\u00e3o \u00e0 prova de \u00e1gua, o que garante o [&hellip;]\" \/>\n<meta property=\"og:url\" content=\"https:\/\/med.tattoo\/pt-pt\/produto\/univel-plus-underlay-2x-papel-de-seda-1x-folha-de-aluminio-60cm-x-50m-branco\/\" \/>\n<meta property=\"og:site_name\" content=\"MED.TATTOO\" \/>\n<meta property=\"article:publisher\" content=\"https:\/\/www.facebook.com\/profile.php?id=100084366705613\" \/>\n<meta name=\"twitter:card\" content=\"summary_large_image\" \/>\n<meta name=\"twitter:label1\" content=\"Tempo estimado de leitura\" \/>\n\t<meta name=\"twitter:data1\" content=\"1 minuto\" \/>\n<script type=\"application\/ld+json\" class=\"yoast-schema-graph\">{\"@context\":\"https:\\\/\\\/schema.org\",\"@graph\":[{\"@type\":\"WebPage\",\"@id\":\"https:\\\/\\\/med.tattoo\\\/pt-pt\\\/produto\\\/univel-plus-underlay-2x-papel-de-seda-1x-folha-de-aluminio-60cm-x-50m-branco\\\/\",\"url\":\"https:\\\/\\\/med.tattoo\\\/pt-pt\\\/produto\\\/univel-plus-underlay-2x-papel-de-seda-1x-folha-de-aluminio-60cm-x-50m-branco\\\/\",\"name\":\"UNIVEL PLUS underlay 2x papel de seda 1x folha de alum\u00ednio 60cm x 50m Branco - MED.TATTOO\",\"isPartOf\":{\"@id\":\"https:\\\/\\\/med.tattoo\\\/pt-pt\\\/#website\"},\"primaryImageOfPage\":{\"@id\":\"https:\\\/\\\/med.tattoo\\\/pt-pt\\\/produto\\\/univel-plus-underlay-2x-papel-de-seda-1x-folha-de-aluminio-60cm-x-50m-branco\\\/#primaryimage\"},\"image\":{\"@id\":\"https:\\\/\\\/med.tattoo\\\/pt-pt\\\/produto\\\/univel-plus-underlay-2x-papel-de-seda-1x-folha-de-aluminio-60cm-x-50m-branco\\\/#primaryimage\"},\"thumbnailUrl\":\"https:\\\/\\\/med.tattoo\\\/wp-content\\\/uploads\\\/2025\\\/05\\\/2834_podklad-podfoliowany-2x-bibula-1x-folia-60cm-x-50b_1744006857.jpg\",\"datePublished\":\"2025-05-15T05:27:36+00:00\",\"breadcrumb\":{\"@id\":\"https:\\\/\\\/med.tattoo\\\/pt-pt\\\/produto\\\/univel-plus-underlay-2x-papel-de-seda-1x-folha-de-aluminio-60cm-x-50m-branco\\\/#breadcrumb\"},\"inLanguage\":\"pt-PT\",\"potentialAction\":[{\"@type\":\"ReadAction\",\"target\":[\"https:\\\/\\\/med.tattoo\\\/pt-pt\\\/produto\\\/univel-plus-underlay-2x-papel-de-seda-1x-folha-de-aluminio-60cm-x-50m-branco\\\/\"]}]},{\"@type\":\"ImageObject\",\"inLanguage\":\"pt-PT\",\"@id\":\"https:\\\/\\\/med.tattoo\\\/pt-pt\\\/produto\\\/univel-plus-underlay-2x-papel-de-seda-1x-folha-de-aluminio-60cm-x-50m-branco\\\/#primaryimage\",\"url\":\"https:\\\/\\\/med.tattoo\\\/wp-content\\\/uploads\\\/2025\\\/05\\\/2834_podklad-podfoliowany-2x-bibula-1x-folia-60cm-x-50b_1744006857.jpg\",\"contentUrl\":\"https:\\\/\\\/med.tattoo\\\/wp-content\\\/uploads\\\/2025\\\/05\\\/2834_podklad-podfoliowany-2x-bibula-1x-folia-60cm-x-50b_1744006857.jpg\",\"width\":1037,\"height\":668},{\"@type\":\"BreadcrumbList\",\"@id\":\"https:\\\/\\\/med.tattoo\\\/pt-pt\\\/produto\\\/univel-plus-underlay-2x-papel-de-seda-1x-folha-de-aluminio-60cm-x-50m-branco\\\/#breadcrumb\",\"itemListElement\":[{\"@type\":\"ListItem\",\"position\":1,\"name\":\"Strona G\u0142\u00f3wna\",\"item\":\"https:\\\/\\\/med.tattoo\\\/pt-pt\\\/\"},{\"@type\":\"ListItem\",\"position\":2,\"name\":\"Loja\",\"item\":\"https:\\\/\\\/med.tattoo\\\/pt-pt\\\/loja\\\/\"},{\"@type\":\"ListItem\",\"position\":3,\"name\":\"UNIVEL PLUS underlay 2x papel de seda 1x folha de alum\u00ednio 60cm x 50m Branco\"}]},{\"@type\":\"WebSite\",\"@id\":\"https:\\\/\\\/med.tattoo\\\/pt-pt\\\/#website\",\"url\":\"https:\\\/\\\/med.tattoo\\\/pt-pt\\\/\",\"name\":\"MED.TATTOO\",\"description\":\"Wszystko dla Twojego tatua\u017cu\",\"publisher\":{\"@id\":\"https:\\\/\\\/med.tattoo\\\/pt-pt\\\/#organization\"},\"potentialAction\":[{\"@type\":\"SearchAction\",\"target\":{\"@type\":\"EntryPoint\",\"urlTemplate\":\"https:\\\/\\\/med.tattoo\\\/pt-pt\\\/?s={search_term_string}\"},\"query-input\":{\"@type\":\"PropertyValueSpecification\",\"valueRequired\":true,\"valueName\":\"search_term_string\"}}],\"inLanguage\":\"pt-PT\"},{\"@type\":\"Organization\",\"@id\":\"https:\\\/\\\/med.tattoo\\\/pt-pt\\\/#organization\",\"name\":\"MED.TATTOO\",\"url\":\"https:\\\/\\\/med.tattoo\\\/pt-pt\\\/\",\"logo\":{\"@type\":\"ImageObject\",\"inLanguage\":\"pt-PT\",\"@id\":\"https:\\\/\\\/med.tattoo\\\/pt-pt\\\/#\\\/schema\\\/logo\\\/image\\\/\",\"url\":\"https:\\\/\\\/med.tattoo\\\/wp-content\\\/uploads\\\/2025\\\/05\\\/Bez-tytulu-600S300-px-1-e1658908183800.png\",\"contentUrl\":\"https:\\\/\\\/med.tattoo\\\/wp-content\\\/uploads\\\/2025\\\/05\\\/Bez-tytulu-600S300-px-1-e1658908183800.png\",\"width\":600,\"height\":61,\"caption\":\"MED.TATTOO\"},\"image\":{\"@id\":\"https:\\\/\\\/med.tattoo\\\/pt-pt\\\/#\\\/schema\\\/logo\\\/image\\\/\"},\"sameAs\":[\"https:\\\/\\\/www.facebook.com\\\/profile.php?id=100084366705613\",\"https:\\\/\\\/www.instagram.com\\\/med.tattoo_official\\\/\"]}]}<\/script>\n<!-- \/ Yoast SEO plugin. -->","yoast_head_json":{"title":"UNIVEL PLUS underlay 2x papel de seda 1x folha de alum\u00ednio 60cm x 50m Branco - MED.TATTOO","robots":{"index":"index","follow":"follow","max-snippet":"max-snippet:-1","max-image-preview":"max-image-preview:large","max-video-preview":"max-video-preview:-1"},"canonical":"https:\/\/med.tattoo\/pt-pt\/produto\/univel-plus-underlay-2x-papel-de-seda-1x-folha-de-aluminio-60cm-x-50m-branco\/","og_locale":"pt_PT","og_type":"article","og_title":"UNIVEL PLUS underlay 2x papel de seda 1x folha de alum\u00ednio 60cm x 50m Branco - MED.TATTOO","og_description":"Almofadas de prote\u00e7\u00e3o descart\u00e1veis de papel tissue 3 camadas white Os pensos higi\u00e9nicos descart\u00e1veis Univel Plus s\u00e3o feitos de duas camadas de papel de seda laminado com uma camada de pel\u00edcula protetora. Isto torna os resguardos leves e macios. T\u00eam uma elevada resist\u00eancia \u00e0 tra\u00e7\u00e3o e s\u00e3o \u00e0 prova de \u00e1gua, o que garante o [&hellip;]","og_url":"https:\/\/med.tattoo\/pt-pt\/produto\/univel-plus-underlay-2x-papel-de-seda-1x-folha-de-aluminio-60cm-x-50m-branco\/","og_site_name":"MED.TATTOO","article_publisher":"https:\/\/www.facebook.com\/profile.php?id=100084366705613","twitter_card":"summary_large_image","twitter_misc":{"Tempo estimado de leitura":"1 minuto"},"schema":{"@context":"https:\/\/schema.org","@graph":[{"@type":"WebPage","@id":"https:\/\/med.tattoo\/pt-pt\/produto\/univel-plus-underlay-2x-papel-de-seda-1x-folha-de-aluminio-60cm-x-50m-branco\/","url":"https:\/\/med.tattoo\/pt-pt\/produto\/univel-plus-underlay-2x-papel-de-seda-1x-folha-de-aluminio-60cm-x-50m-branco\/","name":"UNIVEL PLUS underlay 2x papel de seda 1x folha de alum\u00ednio 60cm x 50m Branco - MED.TATTOO","isPartOf":{"@id":"https:\/\/med.tattoo\/pt-pt\/#website"},"primaryImageOfPage":{"@id":"https:\/\/med.tattoo\/pt-pt\/produto\/univel-plus-underlay-2x-papel-de-seda-1x-folha-de-aluminio-60cm-x-50m-branco\/#primaryimage"},"image":{"@id":"https:\/\/med.tattoo\/pt-pt\/produto\/univel-plus-underlay-2x-papel-de-seda-1x-folha-de-aluminio-60cm-x-50m-branco\/#primaryimage"},"thumbnailUrl":"https:\/\/med.tattoo\/wp-content\/uploads\/2025\/05\/2834_podklad-podfoliowany-2x-bibula-1x-folia-60cm-x-50b_1744006857.jpg","datePublished":"2025-05-15T05:27:36+00:00","breadcrumb":{"@id":"https:\/\/med.tattoo\/pt-pt\/produto\/univel-plus-underlay-2x-papel-de-seda-1x-folha-de-aluminio-60cm-x-50m-branco\/#breadcrumb"},"inLanguage":"pt-PT","potentialAction":[{"@type":"ReadAction","target":["https:\/\/med.tattoo\/pt-pt\/produto\/univel-plus-underlay-2x-papel-de-seda-1x-folha-de-aluminio-60cm-x-50m-branco\/"]}]},{"@type":"ImageObject","inLanguage":"pt-PT","@id":"https:\/\/med.tattoo\/pt-pt\/produto\/univel-plus-underlay-2x-papel-de-seda-1x-folha-de-aluminio-60cm-x-50m-branco\/#primaryimage","url":"https:\/\/med.tattoo\/wp-content\/uploads\/2025\/05\/2834_podklad-podfoliowany-2x-bibula-1x-folia-60cm-x-50b_1744006857.jpg","contentUrl":"https:\/\/med.tattoo\/wp-content\/uploads\/2025\/05\/2834_podklad-podfoliowany-2x-bibula-1x-folia-60cm-x-50b_1744006857.jpg","width":1037,"height":668},{"@type":"BreadcrumbList","@id":"https:\/\/med.tattoo\/pt-pt\/produto\/univel-plus-underlay-2x-papel-de-seda-1x-folha-de-aluminio-60cm-x-50m-branco\/#breadcrumb","itemListElement":[{"@type":"ListItem","position":1,"name":"Strona G\u0142\u00f3wna","item":"https:\/\/med.tattoo\/pt-pt\/"},{"@type":"ListItem","position":2,"name":"Loja","item":"https:\/\/med.tattoo\/pt-pt\/loja\/"},{"@type":"ListItem","position":3,"name":"UNIVEL PLUS underlay 2x papel de seda 1x folha de alum\u00ednio 60cm x 50m Branco"}]},{"@type":"WebSite","@id":"https:\/\/med.tattoo\/pt-pt\/#website","url":"https:\/\/med.tattoo\/pt-pt\/","name":"MED.TATTOO","description":"Wszystko dla Twojego tatua\u017cu","publisher":{"@id":"https:\/\/med.tattoo\/pt-pt\/#organization"},"potentialAction":[{"@type":"SearchAction","target":{"@type":"EntryPoint","urlTemplate":"https:\/\/med.tattoo\/pt-pt\/?s={search_term_string}"},"query-input":{"@type":"PropertyValueSpecification","valueRequired":true,"valueName":"search_term_string"}}],"inLanguage":"pt-PT"},{"@type":"Organization","@id":"https:\/\/med.tattoo\/pt-pt\/#organization","name":"MED.TATTOO","url":"https:\/\/med.tattoo\/pt-pt\/","logo":{"@type":"ImageObject","inLanguage":"pt-PT","@id":"https:\/\/med.tattoo\/pt-pt\/#\/schema\/logo\/image\/","url":"https:\/\/med.tattoo\/wp-content\/uploads\/2025\/05\/Bez-tytulu-600S300-px-1-e1658908183800.png","contentUrl":"https:\/\/med.tattoo\/wp-content\/uploads\/2025\/05\/Bez-tytulu-600S300-px-1-e1658908183800.png","width":600,"height":61,"caption":"MED.TATTOO"},"image":{"@id":"https:\/\/med.tattoo\/pt-pt\/#\/schema\/logo\/image\/"},"sameAs":["https:\/\/www.facebook.com\/profile.php?id=100084366705613","https:\/\/www.instagram.com\/med.tattoo_official\/"]}]}},"_links":{"self":[{"href":"https:\/\/med.tattoo\/pt-pt\/wp-json\/wp\/v2\/product\/9944","targetHints":{"allow":["GET"]}}],"collection":[{"href":"https:\/\/med.tattoo\/pt-pt\/wp-json\/wp\/v2\/product"}],"about":[{"href":"https:\/\/med.tattoo\/pt-pt\/wp-json\/wp\/v2\/types\/product"}],"replies":[{"embeddable":true,"href":"https:\/\/med.tattoo\/pt-pt\/wp-json\/wp\/v2\/comments?post=9944"}],"wp:featuredmedia":[{"embeddable":true,"href":"https:\/\/med.tattoo\/pt-pt\/wp-json\/wp\/v2\/media\/7742"}],"wp:attachment":[{"href":"https:\/\/med.tattoo\/pt-pt\/wp-json\/wp\/v2\/media?parent=9944"}],"wp:term":[{"taxonomy":"product_brand","embeddable":true,"href":"https:\/\/med.tattoo\/pt-pt\/wp-json\/wp\/v2\/product_brand?post=9944"},{"taxonomy":"product_cat","embeddable":true,"href":"https:\/\/med.tattoo\/pt-pt\/wp-json\/wp\/v2\/product_cat?post=9944"},{"taxonomy":"product_tag","embeddable":true,"href":"https:\/\/med.tattoo\/pt-pt\/wp-json\/wp\/v2\/product_tag?post=9944"}],"curies":[{"name":"wp","href":"https:\/\/api.w.org\/{rel}","templated":true}]}}