{"id":5514,"date":"2025-05-07T10:30:29","date_gmt":"2025-05-07T08:30:29","guid":{"rendered":"https:\/\/med.tattoo\/ingrijirea-tatuajelor\/"},"modified":"2025-05-05T11:08:39","modified_gmt":"2025-05-05T09:08:39","slug":"ingrijirea-tatuajelor","status":"publish","type":"page","link":"https:\/\/med.tattoo\/ro\/ingrijirea-tatuajelor\/","title":{"rendered":"\u00cengrijirea tatuajelor"},"content":{"rendered":"\t\t<div data-elementor-type=\"wp-page\" data-elementor-id=\"5514\" class=\"elementor elementor-5514 elementor-1913\" data-elementor-settings=\"{&quot;ha_cmc_init_switcher&quot;:&quot;no&quot;}\" data-elementor-post-type=\"page\">\n\t\t\t\t\t\t<section class=\"elementor-section elementor-top-section elementor-element elementor-element-6e6b34e elementor-section-boxed elementor-section-height-default elementor-section-height-default\" data-id=\"6e6b34e\" data-element_type=\"section\" data-e-type=\"section\">\n\t\t\t\t\t\t<div class=\"elementor-container elementor-column-gap-default\">\n\t\t\t\t\t<div class=\"elementor-column elementor-col-100 elementor-top-column elementor-element elementor-element-d3d92af\" data-id=\"d3d92af\" data-element_type=\"column\" data-e-type=\"column\">\n\t\t\t<div class=\"elementor-widget-wrap elementor-element-populated\">\n\t\t\t\t\t\t<div class=\"elementor-element elementor-element-7ef7211 elementor-widget elementor-widget-heading\" data-id=\"7ef7211\" data-element_type=\"widget\" data-e-type=\"widget\" data-widget_type=\"heading.default\">\n\t\t\t\t<div class=\"elementor-widget-container\">\n\t\t\t\t\t<h1 class=\"elementor-heading-title elementor-size-default\">\u00ceNGRIJIREA TATUAJELOR<\/h1>\t\t\t\t<\/div>\n\t\t\t\t<\/div>\n\t\t\t\t<div class=\"elementor-element elementor-element-81cf96f elementor-widget elementor-widget-text-editor\" data-id=\"81cf96f\" data-element_type=\"widget\" data-e-type=\"widget\" data-widget_type=\"text-editor.default\">\n\t\t\t\t<div class=\"elementor-widget-container\">\n\t\t\t\t\t\t\t\t\t<p>Regenerarea celular\u0103 dureaz\u0103 de obicei aproximativ trei s\u0103pt\u0103m\u00e2ni dup\u0103 tatuare, iar tatuajul dvs. va str\u0103luci \u00een culori reale pentru prima dat\u0103. Utiliza\u021bi Crema \u0219i Uleiul de \u00eengrijire a tatuajelor \u0219i v\u0103 ve\u021bi bucura de culorile intense. <\/p>\t\t\t\t\t\t\t\t<\/div>\n\t\t\t\t<\/div>\n\t\t\t\t\t<\/div>\n\t\t<\/div>\n\t\t\t\t\t<\/div>\n\t\t<\/section>\n\t\t\t\t<section class=\"elementor-section elementor-top-section elementor-element elementor-element-2adeed29 elementor-section-boxed elementor-section-height-default elementor-section-height-default\" data-id=\"2adeed29\" data-element_type=\"section\" data-e-type=\"section\" data-settings=\"{&quot;background_background&quot;:&quot;classic&quot;}\">\n\t\t\t\t\t\t<div class=\"elementor-container elementor-column-gap-no\">\n\t\t\t\t\t<div class=\"elementor-column elementor-col-100 elementor-top-column elementor-element elementor-element-6491df5c\" data-id=\"6491df5c\" data-element_type=\"column\" data-e-type=\"column\">\n\t\t\t<div class=\"elementor-widget-wrap elementor-element-populated\">\n\t\t\t\t\t\t<div class=\"elementor-element elementor-element-671ca138 elementor-widget elementor-widget-icon-box\" data-id=\"671ca138\" data-element_type=\"widget\" data-e-type=\"widget\" data-widget_type=\"icon-box.default\">\n\t\t\t\t<div class=\"elementor-widget-container\">\n\t\t\t\t\t\t\t<div class=\"elementor-icon-box-wrapper\">\n\n\t\t\t\n\t\t\t\t\t\t<div class=\"elementor-icon-box-content\">\n\n\t\t\t\t\t\t\t\t\t<h3 class=\"elementor-icon-box-title\">\n\t\t\t\t\t\t<span  >\n\t\t\t\t\t\t\t<img decoding=\"async\" role=\"img\" class=\"emoji\" alt=\"\ud83d\udc47\" src=\"https:\/\/s.w.org\/images\/core\/emoji\/14.0.0\/svg\/1f447.svg\">  Vezi produse pentru \u00eengrijire\t\t\t\t\t\t<\/span>\n\t\t\t\t\t<\/h3>\n\t\t\t\t\n\t\t\t\t\n\t\t\t<\/div>\n\t\t\t\n\t\t<\/div>\n\t\t\t\t\t\t<\/div>\n\t\t\t\t<\/div>\n\t\t\t\t\t<\/div>\n\t\t<\/div>\n\t\t\t\t\t<\/div>\n\t\t<\/section>\n\t\t\t\t<section class=\"elementor-section elementor-top-section elementor-element elementor-element-4b3767e2 elementor-section-boxed elementor-section-height-default elementor-section-height-default\" data-id=\"4b3767e2\" data-element_type=\"section\" data-e-type=\"section\">\n\t\t\t\t\t\t<div class=\"elementor-container elementor-column-gap-default\">\n\t\t\t\t\t<div class=\"elementor-column elementor-col-100 elementor-top-column elementor-element elementor-element-6f03ca6d\" data-id=\"6f03ca6d\" data-element_type=\"column\" data-e-type=\"column\">\n\t\t\t<div class=\"elementor-widget-wrap elementor-element-populated\">\n\t\t\t\t\t\t<div class=\"elementor-element elementor-element-48b6392a elementor-widget elementor-widget-heading\" data-id=\"48b6392a\" data-element_type=\"widget\" data-e-type=\"widget\" data-widget_type=\"heading.default\">\n\t\t\t\t<div class=\"elementor-widget-container\">\n\t\t\t\t\t<h2 class=\"elementor-heading-title elementor-size-default\">\u00cengrijirea tatuajului dup\u0103 vindecare<\/h2>\t\t\t\t<\/div>\n\t\t\t\t<\/div>\n\t\t\t\t<div class=\"elementor-element elementor-element-324f0955 elementor-widget elementor-widget-text-editor\" data-id=\"324f0955\" data-element_type=\"widget\" data-e-type=\"widget\" data-widget_type=\"text-editor.default\">\n\t\t\t\t<div class=\"elementor-widget-container\">\n\t\t\t\t\t\t\t\t\t<p>Imediat dup\u0103 un tatuaj, pielea devine iritat\u0103 \u0219i necesit\u0103 \u00eengrijire special\u0103. Folia de protec\u021bie pentru tatuaje, care se aplic\u0103 pe pielea proasp\u0103t tatuat\u0103, o protejeaz\u0103 de alte daune, iar cosmeticele de vindecare a tatuajelor accelereaz\u0103 regenerarea pielii. \u00cen aceast\u0103 perioad\u0103, pielea are nevoie de hidratare intensiv\u0103 pentru a fi c\u00e2t mai supl\u0103 posibil. Pe suprafa\u021ba pielii care se vindec\u0103 se vor forma cruste; nu le ridica\u021bi, ci a\u0219tepta\u021bi s\u0103 cad\u0103 de la sine. Utilizarea cremelor pentru piele accelereaz\u0103 semnificativ \u00eendep\u0103rtarea acestora.    <\/p><p>Odat\u0103 ce tatuajul s-a vindecat, pielea va deveni neted\u0103, dar va necesita \u00een continuare \u00eengrijire regulat\u0103. Utilizarea produselor cosmetice potrivite \u00een acest scop (crem\u0103 de calendula cu colagen sau <strong>ulei pentru \u00eengrijirea tatuajelor)<\/strong> va asigura hidratarea \u0219i hr\u0103nirea corespunz\u0103toare \u00een fiecare zi. <\/p>\t\t\t\t\t\t\t\t<\/div>\n\t\t\t\t<\/div>\n\t\t\t\t<div class=\"elementor-element elementor-element-2d7f2977 elementor-widget elementor-widget-heading\" data-id=\"2d7f2977\" data-element_type=\"widget\" data-e-type=\"widget\" data-widget_type=\"heading.default\">\n\t\t\t\t<div class=\"elementor-widget-container\">\n\t\t\t\t\t<h2 class=\"elementor-heading-title elementor-size-default\">Cosmetice pentru \u00eengrijirea tatuajelor vindecate de la Med.tattoo - garan\u021bie de calitate \u0219i satisfac\u021bie<\/h2>\t\t\t\t<\/div>\n\t\t\t\t<\/div>\n\t\t\t\t<div class=\"elementor-element elementor-element-5307f446 elementor-widget elementor-widget-text-editor\" data-id=\"5307f446\" data-element_type=\"widget\" data-e-type=\"widget\" data-widget_type=\"text-editor.default\">\n\t\t\t\t<div class=\"elementor-widget-container\">\n\t\t\t\t\t\t\t\t\t<p><strong>\u00cen magazinul online Med.tattoo<\/strong> oferim produse cosmetice pentru \u00eengrijirea <strong>tatuajelor<\/strong> pe baza formulelor noastre proprii. Toate preparatele &#8211; creme, unturi sau uleiuri sunt create numai din ingrediente naturale \u0219i nu con\u021bin aditivi artificiali. <strong>Cosmeticele vegane pentru tatuaje de la Med.tattoo <\/strong>sunt potrivite at\u00e2t pentru b\u0103rba\u021bi, c\u00e2t \u0219i pentru femei \u0219i nu sensibilizeaz\u0103 sau irit\u0103 pielea delicat\u0103. <\/p><p>Pentru a lubrifia suprafa\u021ba pielii cu un tatuaj dup\u0103 ce acesta s-a vindecat, v\u0103 recomand\u0103m s\u0103 utiliza\u021bi crem\u0103 de calendula cu colagen sau <strong>ulei<\/strong> pentru tatuaje. At\u00e2t uleiul pentru tatuaje, c\u00e2t \u0219i crema cu colagen v\u0103 vor netezi pielea, vor avea un efect antibacterian \u0219i dezinfectant, vor preveni uscarea pielii \u0219i vor l\u0103sa un filtru protector natural pe suprafa\u021ba pielii. Cosmeticele Med.tattoo sunt bine absorbite, nu v\u0103 las\u0103 pielea gras\u0103 \u0219i sunt foarte eficiente. Ele pot fi utilizate \u00een fiecare zi, ceea ce va contribui la prelungirea duratei de via\u021b\u0103 a tatuajului \u0219i la p\u0103strarea culorilor sale frumoase pentru mai mult timp.   <\/p>\t\t\t\t\t\t\t\t<\/div>\n\t\t\t\t<\/div>\n\t\t\t\t\t<\/div>\n\t\t<\/div>\n\t\t\t\t\t<\/div>\n\t\t<\/section>\n\t\t\t\t<\/div>\n\t\t","protected":false},"excerpt":{"rendered":"<p>\u00ceNGRIJIREA TATUAJELOR Regenerarea celular\u0103 dureaz\u0103 de obicei aproximativ trei s\u0103pt\u0103m\u00e2ni dup\u0103 tatuare, iar tatuajul dvs. va str\u0103luci \u00een culori reale pentru prima dat\u0103. Utiliza\u021bi Crema \u0219i Uleiul de \u00eengrijire a tatuajelor \u0219i v\u0103 ve\u021bi bucura de culorile intense. Vezi produse pentru \u00eengrijire \u00cengrijirea tatuajului dup\u0103 vindecare Imediat dup\u0103 un tatuaj, pielea devine iritat\u0103 \u0219i necesit\u0103 [&hellip;]<\/p>\n","protected":false},"author":1,"featured_media":0,"parent":0,"menu_order":0,"comment_status":"closed","ping_status":"closed","template":"","meta":{"site-sidebar-layout":"no-sidebar","site-content-layout":"page-builder","ast-site-content-layout":"default","site-content-style":"default","site-sidebar-style":"default","ast-global-header-display":"","ast-banner-title-visibility":"","ast-main-header-display":"","ast-hfb-above-header-display":"","ast-hfb-below-header-display":"","ast-hfb-mobile-header-display":"","site-post-title":"disabled","ast-breadcrumbs-content":"","ast-featured-img":"disabled","footer-sml-layout":"","ast-disable-related-posts":"","theme-transparent-header-meta":"disabled","adv-header-id-meta":"","stick-header-meta":"enabled","header-above-stick-meta":"","header-main-stick-meta":"disabled","header-below-stick-meta":"","astra-migrate-meta-layouts":"default","ast-page-background-enabled":"default","ast-page-background-meta":{"desktop":{"background-color":"var(--ast-global-color-4)","background-image":"","background-repeat":"repeat","background-position":"center center","background-size":"auto","background-attachment":"scroll","background-type":"","background-media":"","overlay-type":"","overlay-color":"","overlay-opacity":"","overlay-gradient":""},"tablet":{"background-color":"","background-image":"","background-repeat":"repeat","background-position":"center center","background-size":"auto","background-attachment":"scroll","background-type":"","background-media":"","overlay-type":"","overlay-color":"","overlay-opacity":"","overlay-gradient":""},"mobile":{"background-color":"","background-image":"","background-repeat":"repeat","background-position":"center center","background-size":"auto","background-attachment":"scroll","background-type":"","background-media":"","overlay-type":"","overlay-color":"","overlay-opacity":"","overlay-gradient":""}},"ast-content-background-meta":{"desktop":{"background-color":"var(--ast-global-color-5)","background-image":"","background-repeat":"repeat","background-position":"center center","background-size":"auto","background-attachment":"scroll","background-type":"","background-media":"","overlay-type":"","overlay-color":"","overlay-opacity":"","overlay-gradient":""},"tablet":{"background-color":"var(--ast-global-color-5)","background-image":"","background-repeat":"repeat","background-position":"center center","background-size":"auto","background-attachment":"scroll","background-type":"","background-media":"","overlay-type":"","overlay-color":"","overlay-opacity":"","overlay-gradient":""},"mobile":{"background-color":"var(--ast-global-color-5)","background-image":"","background-repeat":"repeat","background-position":"center center","background-size":"auto","background-attachment":"scroll","background-type":"","background-media":"","overlay-type":"","overlay-color":"","overlay-opacity":"","overlay-gradient":""}},"footnotes":""},"class_list":["post-5514","page","type-page","status-publish","hentry"],"yoast_head":"<!-- This site is optimized with the Yoast SEO plugin v27.4 - https:\/\/yoast.com\/product\/yoast-seo-wordpress\/ -->\n<title>\u00cengrijirea tatuajelor - MED.TATTOO<\/title>\n<meta name=\"description\" content=\"Regenerarea celular\u0103 dureaz\u0103 de obicei aproximativ trei s\u0103pt\u0103m\u00e2ni dup\u0103 tatuare, iar tatuajul dvs. va str\u0103luci \u00een culori reale pentru prima dat\u0103. Utiliza\u021bi...\" \/>\n<meta name=\"robots\" content=\"index, follow, max-snippet:-1, max-image-preview:large, max-video-preview:-1\" \/>\n<link rel=\"canonical\" href=\"https:\/\/med.tattoo\/ro\/ingrijirea-tatuajelor\/\" \/>\n<meta property=\"og:locale\" content=\"ro_RO\" \/>\n<meta property=\"og:type\" content=\"article\" \/>\n<meta property=\"og:title\" content=\"\u00cengrijirea tatuajelor - MED.TATTOO\" \/>\n<meta property=\"og:description\" content=\"Regenerarea celular\u0103 dureaz\u0103 de obicei aproximativ trei s\u0103pt\u0103m\u00e2ni dup\u0103 tatuare, iar tatuajul dvs. va str\u0103luci \u00een culori reale pentru prima dat\u0103. Utiliza\u021bi...\" \/>\n<meta property=\"og:url\" content=\"https:\/\/med.tattoo\/ro\/ingrijirea-tatuajelor\/\" \/>\n<meta property=\"og:site_name\" content=\"MED.TATTOO\" \/>\n<meta property=\"article:publisher\" content=\"https:\/\/www.facebook.com\/profile.php?id=100084366705613\" \/>\n<meta property=\"og:image\" content=\"https:\/\/med.tattoo\/wp-content\/uploads\/2022\/08\/IMG_8199-300x300.jpg\" \/>\n<meta name=\"twitter:card\" content=\"summary_large_image\" \/>\n<meta name=\"twitter:label1\" content=\"Timp estimat pentru citire\" \/>\n\t<meta name=\"twitter:data1\" content=\"2 minute\" \/>\n<script type=\"application\/ld+json\" class=\"yoast-schema-graph\">{\"@context\":\"https:\\\/\\\/schema.org\",\"@graph\":[{\"@type\":\"WebPage\",\"@id\":\"https:\\\/\\\/med.tattoo\\\/ro\\\/ingrijirea-tatuajelor\\\/\",\"url\":\"https:\\\/\\\/med.tattoo\\\/ro\\\/ingrijirea-tatuajelor\\\/\",\"name\":\"\u00cengrijirea tatuajelor - MED.TATTOO\",\"isPartOf\":{\"@id\":\"https:\\\/\\\/med.tattoo\\\/ro\\\/#website\"},\"primaryImageOfPage\":{\"@id\":\"https:\\\/\\\/med.tattoo\\\/ro\\\/ingrijirea-tatuajelor\\\/#primaryimage\"},\"image\":{\"@id\":\"https:\\\/\\\/med.tattoo\\\/ro\\\/ingrijirea-tatuajelor\\\/#primaryimage\"},\"thumbnailUrl\":\"https:\\\/\\\/s.w.org\\\/images\\\/core\\\/emoji\\\/14.0.0\\\/svg\\\/1f447.svg\",\"datePublished\":\"2025-05-07T08:30:29+00:00\",\"description\":\"Regenerarea celular\u0103 dureaz\u0103 de obicei aproximativ trei s\u0103pt\u0103m\u00e2ni dup\u0103 tatuare, iar tatuajul dvs. va str\u0103luci \u00een culori reale pentru prima dat\u0103. Utiliza\u021bi...\",\"breadcrumb\":{\"@id\":\"https:\\\/\\\/med.tattoo\\\/ro\\\/ingrijirea-tatuajelor\\\/#breadcrumb\"},\"inLanguage\":\"ro-RO\",\"potentialAction\":[{\"@type\":\"ReadAction\",\"target\":[\"https:\\\/\\\/med.tattoo\\\/ro\\\/ingrijirea-tatuajelor\\\/\"]}]},{\"@type\":\"ImageObject\",\"inLanguage\":\"ro-RO\",\"@id\":\"https:\\\/\\\/med.tattoo\\\/ro\\\/ingrijirea-tatuajelor\\\/#primaryimage\",\"url\":\"https:\\\/\\\/s.w.org\\\/images\\\/core\\\/emoji\\\/14.0.0\\\/svg\\\/1f447.svg\",\"contentUrl\":\"https:\\\/\\\/s.w.org\\\/images\\\/core\\\/emoji\\\/14.0.0\\\/svg\\\/1f447.svg\"},{\"@type\":\"BreadcrumbList\",\"@id\":\"https:\\\/\\\/med.tattoo\\\/ro\\\/ingrijirea-tatuajelor\\\/#breadcrumb\",\"itemListElement\":[{\"@type\":\"ListItem\",\"position\":1,\"name\":\"Strona G\u0142\u00f3wna\",\"item\":\"https:\\\/\\\/med.tattoo\\\/ro\\\/\"},{\"@type\":\"ListItem\",\"position\":2,\"name\":\"\u00cengrijirea tatuajelor\"}]},{\"@type\":\"WebSite\",\"@id\":\"https:\\\/\\\/med.tattoo\\\/ro\\\/#website\",\"url\":\"https:\\\/\\\/med.tattoo\\\/ro\\\/\",\"name\":\"MED.TATTOO\",\"description\":\"Wszystko dla Twojego tatua\u017cu\",\"publisher\":{\"@id\":\"https:\\\/\\\/med.tattoo\\\/ro\\\/#organization\"},\"potentialAction\":[{\"@type\":\"SearchAction\",\"target\":{\"@type\":\"EntryPoint\",\"urlTemplate\":\"https:\\\/\\\/med.tattoo\\\/ro\\\/?s={search_term_string}\"},\"query-input\":{\"@type\":\"PropertyValueSpecification\",\"valueRequired\":true,\"valueName\":\"search_term_string\"}}],\"inLanguage\":\"ro-RO\"},{\"@type\":\"Organization\",\"@id\":\"https:\\\/\\\/med.tattoo\\\/ro\\\/#organization\",\"name\":\"MED.TATTOO\",\"url\":\"https:\\\/\\\/med.tattoo\\\/ro\\\/\",\"logo\":{\"@type\":\"ImageObject\",\"inLanguage\":\"ro-RO\",\"@id\":\"https:\\\/\\\/med.tattoo\\\/ro\\\/#\\\/schema\\\/logo\\\/image\\\/\",\"url\":\"https:\\\/\\\/med.tattoo\\\/wp-content\\\/uploads\\\/2025\\\/05\\\/Bez-tytulu-600S300-px-1-e1658908183800.png\",\"contentUrl\":\"https:\\\/\\\/med.tattoo\\\/wp-content\\\/uploads\\\/2025\\\/05\\\/Bez-tytulu-600S300-px-1-e1658908183800.png\",\"width\":600,\"height\":61,\"caption\":\"MED.TATTOO\"},\"image\":{\"@id\":\"https:\\\/\\\/med.tattoo\\\/ro\\\/#\\\/schema\\\/logo\\\/image\\\/\"},\"sameAs\":[\"https:\\\/\\\/www.facebook.com\\\/profile.php?id=100084366705613\",\"https:\\\/\\\/www.instagram.com\\\/med.tattoo_official\\\/\"]}]}<\/script>\n<!-- \/ Yoast SEO plugin. -->","yoast_head_json":{"title":"\u00cengrijirea tatuajelor - MED.TATTOO","description":"Regenerarea celular\u0103 dureaz\u0103 de obicei aproximativ trei s\u0103pt\u0103m\u00e2ni dup\u0103 tatuare, iar tatuajul dvs. va str\u0103luci \u00een culori reale pentru prima dat\u0103. Utiliza\u021bi...","robots":{"index":"index","follow":"follow","max-snippet":"max-snippet:-1","max-image-preview":"max-image-preview:large","max-video-preview":"max-video-preview:-1"},"canonical":"https:\/\/med.tattoo\/ro\/ingrijirea-tatuajelor\/","og_locale":"ro_RO","og_type":"article","og_title":"\u00cengrijirea tatuajelor - MED.TATTOO","og_description":"Regenerarea celular\u0103 dureaz\u0103 de obicei aproximativ trei s\u0103pt\u0103m\u00e2ni dup\u0103 tatuare, iar tatuajul dvs. va str\u0103luci \u00een culori reale pentru prima dat\u0103. Utiliza\u021bi...","og_url":"https:\/\/med.tattoo\/ro\/ingrijirea-tatuajelor\/","og_site_name":"MED.TATTOO","article_publisher":"https:\/\/www.facebook.com\/profile.php?id=100084366705613","og_image":[{"url":"https:\/\/med.tattoo\/wp-content\/uploads\/2022\/08\/IMG_8199-300x300.jpg","type":"","width":"","height":""}],"twitter_card":"summary_large_image","twitter_misc":{"Timp estimat pentru citire":"2 minute"},"schema":{"@context":"https:\/\/schema.org","@graph":[{"@type":"WebPage","@id":"https:\/\/med.tattoo\/ro\/ingrijirea-tatuajelor\/","url":"https:\/\/med.tattoo\/ro\/ingrijirea-tatuajelor\/","name":"\u00cengrijirea tatuajelor - MED.TATTOO","isPartOf":{"@id":"https:\/\/med.tattoo\/ro\/#website"},"primaryImageOfPage":{"@id":"https:\/\/med.tattoo\/ro\/ingrijirea-tatuajelor\/#primaryimage"},"image":{"@id":"https:\/\/med.tattoo\/ro\/ingrijirea-tatuajelor\/#primaryimage"},"thumbnailUrl":"https:\/\/s.w.org\/images\/core\/emoji\/14.0.0\/svg\/1f447.svg","datePublished":"2025-05-07T08:30:29+00:00","description":"Regenerarea celular\u0103 dureaz\u0103 de obicei aproximativ trei s\u0103pt\u0103m\u00e2ni dup\u0103 tatuare, iar tatuajul dvs. va str\u0103luci \u00een culori reale pentru prima dat\u0103. Utiliza\u021bi...","breadcrumb":{"@id":"https:\/\/med.tattoo\/ro\/ingrijirea-tatuajelor\/#breadcrumb"},"inLanguage":"ro-RO","potentialAction":[{"@type":"ReadAction","target":["https:\/\/med.tattoo\/ro\/ingrijirea-tatuajelor\/"]}]},{"@type":"ImageObject","inLanguage":"ro-RO","@id":"https:\/\/med.tattoo\/ro\/ingrijirea-tatuajelor\/#primaryimage","url":"https:\/\/s.w.org\/images\/core\/emoji\/14.0.0\/svg\/1f447.svg","contentUrl":"https:\/\/s.w.org\/images\/core\/emoji\/14.0.0\/svg\/1f447.svg"},{"@type":"BreadcrumbList","@id":"https:\/\/med.tattoo\/ro\/ingrijirea-tatuajelor\/#breadcrumb","itemListElement":[{"@type":"ListItem","position":1,"name":"Strona G\u0142\u00f3wna","item":"https:\/\/med.tattoo\/ro\/"},{"@type":"ListItem","position":2,"name":"\u00cengrijirea tatuajelor"}]},{"@type":"WebSite","@id":"https:\/\/med.tattoo\/ro\/#website","url":"https:\/\/med.tattoo\/ro\/","name":"MED.TATTOO","description":"Wszystko dla Twojego tatua\u017cu","publisher":{"@id":"https:\/\/med.tattoo\/ro\/#organization"},"potentialAction":[{"@type":"SearchAction","target":{"@type":"EntryPoint","urlTemplate":"https:\/\/med.tattoo\/ro\/?s={search_term_string}"},"query-input":{"@type":"PropertyValueSpecification","valueRequired":true,"valueName":"search_term_string"}}],"inLanguage":"ro-RO"},{"@type":"Organization","@id":"https:\/\/med.tattoo\/ro\/#organization","name":"MED.TATTOO","url":"https:\/\/med.tattoo\/ro\/","logo":{"@type":"ImageObject","inLanguage":"ro-RO","@id":"https:\/\/med.tattoo\/ro\/#\/schema\/logo\/image\/","url":"https:\/\/med.tattoo\/wp-content\/uploads\/2025\/05\/Bez-tytulu-600S300-px-1-e1658908183800.png","contentUrl":"https:\/\/med.tattoo\/wp-content\/uploads\/2025\/05\/Bez-tytulu-600S300-px-1-e1658908183800.png","width":600,"height":61,"caption":"MED.TATTOO"},"image":{"@id":"https:\/\/med.tattoo\/ro\/#\/schema\/logo\/image\/"},"sameAs":["https:\/\/www.facebook.com\/profile.php?id=100084366705613","https:\/\/www.instagram.com\/med.tattoo_official\/"]}]}},"_links":{"self":[{"href":"https:\/\/med.tattoo\/ro\/wp-json\/wp\/v2\/pages\/5514","targetHints":{"allow":["GET"]}}],"collection":[{"href":"https:\/\/med.tattoo\/ro\/wp-json\/wp\/v2\/pages"}],"about":[{"href":"https:\/\/med.tattoo\/ro\/wp-json\/wp\/v2\/types\/page"}],"author":[{"embeddable":true,"href":"https:\/\/med.tattoo\/ro\/wp-json\/wp\/v2\/users\/1"}],"replies":[{"embeddable":true,"href":"https:\/\/med.tattoo\/ro\/wp-json\/wp\/v2\/comments?post=5514"}],"version-history":[{"count":1,"href":"https:\/\/med.tattoo\/ro\/wp-json\/wp\/v2\/pages\/5514\/revisions"}],"predecessor-version":[{"id":5515,"href":"https:\/\/med.tattoo\/ro\/wp-json\/wp\/v2\/pages\/5514\/revisions\/5515"}],"wp:attachment":[{"href":"https:\/\/med.tattoo\/ro\/wp-json\/wp\/v2\/media?parent=5514"}],"curies":[{"name":"wp","href":"https:\/\/api.w.org\/{rel}","templated":true}]}}