{"id":5588,"date":"2025-05-07T10:30:02","date_gmt":"2025-05-07T08:30:02","guid":{"rendered":"https:\/\/med.tattoo\/despre-noi\/"},"modified":"2025-05-05T11:18:17","modified_gmt":"2025-05-05T09:18:17","slug":"despre-noi","status":"publish","type":"page","link":"https:\/\/med.tattoo\/ro\/despre-noi\/","title":{"rendered":"Despre noi"},"content":{"rendered":"\t\t<div data-elementor-type=\"wp-page\" data-elementor-id=\"5588\" class=\"elementor elementor-5588 elementor-381\" data-elementor-settings=\"{&quot;ha_cmc_init_switcher&quot;:&quot;no&quot;}\" data-elementor-post-type=\"page\">\n\t\t\t\t\t\t<section class=\"elementor-section elementor-top-section elementor-element elementor-element-440e8a16 elementor-section-boxed elementor-section-height-default elementor-section-height-default\" data-id=\"440e8a16\" data-element_type=\"section\" data-e-type=\"section\" data-settings=\"{&quot;background_background&quot;:&quot;classic&quot;}\">\n\t\t\t\t\t\t<div class=\"elementor-container elementor-column-gap-default\">\n\t\t\t\t\t<div class=\"elementor-column elementor-col-100 elementor-top-column elementor-element elementor-element-43f28151\" data-id=\"43f28151\" data-element_type=\"column\" data-e-type=\"column\">\n\t\t\t<div class=\"elementor-widget-wrap elementor-element-populated\">\n\t\t\t\t\t\t<div class=\"elementor-element elementor-element-1b5ce88 elementor-widget elementor-widget-heading\" data-id=\"1b5ce88\" data-element_type=\"widget\" data-e-type=\"widget\" data-widget_type=\"heading.default\">\n\t\t\t\t<div class=\"elementor-widget-container\">\n\t\t\t\t\t<h1 class=\"elementor-heading-title elementor-size-default\">DESPRE NOI<\/h1>\t\t\t\t<\/div>\n\t\t\t\t<\/div>\n\t\t\t\t<div class=\"elementor-element elementor-element-9296ee8 elementor-widget elementor-widget-heading\" data-id=\"9296ee8\" data-element_type=\"widget\" data-e-type=\"widget\" data-widget_type=\"heading.default\">\n\t\t\t\t<div class=\"elementor-widget-container\">\n\t\t\t\t\t<h2 class=\"elementor-heading-title elementor-size-default\">Med.tattoo - produc\u0103tor de produse cosmetice naturale pentru tatuaje<\/h2>\t\t\t\t<\/div>\n\t\t\t\t<\/div>\n\t\t\t\t<div class=\"elementor-element elementor-element-1437547 elementor-widget elementor-widget-text-editor\" data-id=\"1437547\" data-element_type=\"widget\" data-e-type=\"widget\" data-widget_type=\"text-editor.default\">\n\t\t\t\t<div class=\"elementor-widget-container\">\n\t\t\t\t\t\t\t\t\t<p>Med.tattoo este un brand emergent dedicat produc\u021biei de cosmetice \u0219i accesorii profesionale pentru \u00eengrijirea tatuajelor. Acesta este creat de oameni care \u00ee\u0219i combin\u0103 cuno\u0219tin\u021bele \u0219i experien\u021ba farmaceutic\u0103 cu pasiunea pentru fitoterapie \u0219i cosmetic\u0103. O astfel de combina\u021bie nu putea da gre\u0219!  <\/p>\t\t\t\t\t\t\t\t<\/div>\n\t\t\t\t<\/div>\n\t\t\t\t<div class=\"elementor-element elementor-element-60a56c0 elementor-widget elementor-widget-heading\" data-id=\"60a56c0\" data-element_type=\"widget\" data-e-type=\"widget\" data-widget_type=\"heading.default\">\n\t\t\t\t<div class=\"elementor-widget-container\">\n\t\t\t\t\t<h2 class=\"elementor-heading-title elementor-size-default\">S\u0103 ne cunoa\u0219te\u021bi mai bine<\/h2>\t\t\t\t<\/div>\n\t\t\t\t<\/div>\n\t\t\t\t<div class=\"elementor-element elementor-element-b28ae90 elementor-widget elementor-widget-text-editor\" data-id=\"b28ae90\" data-element_type=\"widget\" data-e-type=\"widget\" data-widget_type=\"text-editor.default\">\n\t\t\t\t<div class=\"elementor-widget-container\">\n\t\t\t\t\t\t\t\t\t<p><strong>Krzysiek<\/strong> &#8211; cultiv\u0103 calendula, catifeaua \u0219i mu\u0219e\u021belul de mai bine de dou\u0103zeci de ani, f\u0103c\u00e2nd macerate \u0219i extracte din acestea.<\/p>\t\t\t\t\t\t\t\t<\/div>\n\t\t\t\t<\/div>\n\t\t\t\t<div class=\"elementor-element elementor-element-fed1c78 elementor-widget elementor-widget-text-editor\" data-id=\"fed1c78\" data-element_type=\"widget\" data-e-type=\"widget\" data-widget_type=\"text-editor.default\">\n\t\t\t\t<div class=\"elementor-widget-container\">\n\t\t\t\t\t\t\t\t\t<p><strong>Cuba<\/strong> &#8211; dup\u0103 ce a lucrat continuu ca farmacist \u00een industria farmaceutic\u0103 timp de aproape dou\u0103zeci de ani, se str\u0103duie\u0219te s\u0103 ajute oamenii. \u00cen special pe cei care au nevoie de \u00eengrijire pe termen lung. Ace\u0219tia sunt un grup unic de pacien\u021bi cu probleme cum ar fi problemele de piele.   <\/p>\t\t\t\t\t\t\t\t<\/div>\n\t\t\t\t<\/div>\n\t\t\t\t<div class=\"elementor-element elementor-element-e554c1f elementor-widget elementor-widget-text-editor\" data-id=\"e554c1f\" data-element_type=\"widget\" data-e-type=\"widget\" data-widget_type=\"text-editor.default\">\n\t\t\t\t<div class=\"elementor-widget-container\">\n\t\t\t\t\t\t\t\t\t<p>La Med.tattoo ne-am asumat <strong>produc\u021bia \u0219i distribu\u021bia de produse pentru \u00eengrijirea tatuajelor<\/strong> deoarece avem o gam\u0103 larg\u0103 de expertiz\u0103 \u00een acest domeniu. Ne-am unit for\u021bele pentru a crea produse dedicate persoanelor tatuate \u0219i tatuatorilor. <\/p><p>\u00cenainte de a produce produsele noastre, am petrecut multe ore vorbind cu tatuatori profesioni\u0219ti \u0219i proprietari de tatuaje, astfel \u00eenc\u00e2t am aflat nevoile pie\u021bei \u0219i am putut s\u0103 perfec\u021bion\u0103m \u0219i mai mult formul\u0103rile.<\/p><p><strong>Cosmeticele<\/strong> noastre <strong>pentru tatuaje<\/strong> nu sunt produse \u00een serie, astfel \u00eenc\u00e2t putem garanta cea mai \u00eenalt\u0103 calitate \u0219i aten\u021bie la detalii. <strong>Cremele pentru tatuaje, unturile pentru tatuaje, vaselina de calendula \u0219i uleiurile pentru piele<\/strong> sunt toate produse de cea mai \u00eenalt\u0103 calitate, confirmate de certificatele necesare.<\/p><p>\u00cen produc\u021bia de cosmetice naturale, accentul nostru principal este pus pe calitate. Ca \u0219i \u00een cazul cultiv\u0103rii ierburilor, aici nu se folosesc erbicide, cosmeticele nu au aditivi sau conservan\u021bi artificiali. Nici cosmeticele nu sunt testate pe animale.<strong> Cosmeticele<\/strong> pe care le cre\u0103m<strong> sunt 100% naturale \u0219i vegane<\/strong>.   <\/p><p>Produc\u021bia de produse <strong>cosmetice de \u00eengrijire \u0219i vindecare a tatuajelor<\/strong> <strong>de la Med.tatto <\/strong>are loc \u00eentr-un laborator renumit din Slovacia, care garanteaz\u0103 conformitatea cu toate standardele UE.<\/p><p>Oferim clien\u021bilor no\u0219tri produse cosmetice 100% naturale \u0219i vegane. Produsele de \u00eengrijire a pielii \u0219i accesoriile pentru vindecarea tatuajelor de la Med.tattoo sunt de cea mai \u00eenalt\u0103 calitate, confortabile la utilizare, sigure pentru piele \u0219i, mai presus de toate, eficiente! Consulta\u021bi gama noastr\u0103 \u0219i profita\u021bi de <a href=\"https:\/\/med.tattoo\/sklep\/\"><strong>cump\u0103r\u0103turi online<\/strong><\/a> la pre\u021buri atractive.   Sunte\u021bi bineveni\u021bi!<\/p>\t\t\t\t\t\t\t\t<\/div>\n\t\t\t\t<\/div>\n\t\t\t\t\t<\/div>\n\t\t<\/div>\n\t\t\t\t\t<\/div>\n\t\t<\/section>\n\t\t\t\t<\/div>\n\t\t","protected":false},"excerpt":{"rendered":"<p>DESPRE NOI Med.tattoo &#8211; produc\u0103tor de produse cosmetice naturale pentru tatuaje Med.tattoo este un brand emergent dedicat produc\u021biei de cosmetice \u0219i accesorii profesionale pentru \u00eengrijirea tatuajelor. Acesta este creat de oameni care \u00ee\u0219i combin\u0103 cuno\u0219tin\u021bele \u0219i experien\u021ba farmaceutic\u0103 cu pasiunea pentru fitoterapie \u0219i cosmetic\u0103. O astfel de combina\u021bie nu putea da gre\u0219! S\u0103 ne cunoa\u0219te\u021bi [&hellip;]<\/p>\n","protected":false},"author":1,"featured_media":0,"parent":0,"menu_order":0,"comment_status":"closed","ping_status":"closed","template":"","meta":{"site-sidebar-layout":"no-sidebar","site-content-layout":"page-builder","ast-site-content-layout":"default","site-content-style":"default","site-sidebar-style":"default","ast-global-header-display":"","ast-banner-title-visibility":"","ast-main-header-display":"","ast-hfb-above-header-display":"","ast-hfb-below-header-display":"","ast-hfb-mobile-header-display":"","site-post-title":"disabled","ast-breadcrumbs-content":"disabled","ast-featured-img":"disabled","footer-sml-layout":"","ast-disable-related-posts":"","theme-transparent-header-meta":"disabled","adv-header-id-meta":"","stick-header-meta":"enabled","header-above-stick-meta":"","header-main-stick-meta":"disabled","header-below-stick-meta":"","astra-migrate-meta-layouts":"default","ast-page-background-enabled":"default","ast-page-background-meta":{"desktop":{"background-color":"var(--ast-global-color-4)","background-image":"","background-repeat":"repeat","background-position":"center center","background-size":"auto","background-attachment":"scroll","background-type":"","background-media":"","overlay-type":"","overlay-color":"","overlay-opacity":"","overlay-gradient":""},"tablet":{"background-color":"","background-image":"","background-repeat":"repeat","background-position":"center center","background-size":"auto","background-attachment":"scroll","background-type":"","background-media":"","overlay-type":"","overlay-color":"","overlay-opacity":"","overlay-gradient":""},"mobile":{"background-color":"","background-image":"","background-repeat":"repeat","background-position":"center center","background-size":"auto","background-attachment":"scroll","background-type":"","background-media":"","overlay-type":"","overlay-color":"","overlay-opacity":"","overlay-gradient":""}},"ast-content-background-meta":{"desktop":{"background-color":"var(--ast-global-color-5)","background-image":"","background-repeat":"repeat","background-position":"center center","background-size":"auto","background-attachment":"scroll","background-type":"","background-media":"","overlay-type":"","overlay-color":"","overlay-opacity":"","overlay-gradient":""},"tablet":{"background-color":"var(--ast-global-color-5)","background-image":"","background-repeat":"repeat","background-position":"center center","background-size":"auto","background-attachment":"scroll","background-type":"","background-media":"","overlay-type":"","overlay-color":"","overlay-opacity":"","overlay-gradient":""},"mobile":{"background-color":"var(--ast-global-color-5)","background-image":"","background-repeat":"repeat","background-position":"center center","background-size":"auto","background-attachment":"scroll","background-type":"","background-media":"","overlay-type":"","overlay-color":"","overlay-opacity":"","overlay-gradient":""}},"footnotes":""},"class_list":["post-5588","page","type-page","status-publish","hentry"],"yoast_head":"<!-- This site is optimized with the Yoast SEO plugin v27.3 - https:\/\/yoast.com\/product\/yoast-seo-wordpress\/ -->\n<title>\u00cengrijirea tatuajelor cu produse cosmetice de la Med.tattoo - Despre noi<\/title>\n<meta name=\"description\" content=\"La Med.tatto suntem dedica\u021bi v\u00e2nz\u0103rii de produse cosmetice brevetate pentru \u00eengrijirea tatuajelor. Oferim produse cosmetice 100% naturale \u0219i vegane. Afla\u021bi mai multe despre noi!\" \/>\n<meta name=\"robots\" content=\"index, follow, max-snippet:-1, max-image-preview:large, max-video-preview:-1\" \/>\n<link rel=\"canonical\" href=\"https:\/\/med.tattoo\/ro\/despre-noi\/\" \/>\n<meta property=\"og:locale\" content=\"ro_RO\" \/>\n<meta property=\"og:type\" content=\"article\" \/>\n<meta property=\"og:title\" content=\"\u00cengrijirea tatuajelor cu produse cosmetice de la Med.tattoo - Despre noi\" \/>\n<meta property=\"og:description\" content=\"La Med.tatto suntem dedica\u021bi v\u00e2nz\u0103rii de produse cosmetice brevetate pentru \u00eengrijirea tatuajelor. Oferim produse cosmetice 100% naturale \u0219i vegane. Afla\u021bi mai multe despre noi!\" \/>\n<meta property=\"og:url\" content=\"https:\/\/med.tattoo\/ro\/despre-noi\/\" \/>\n<meta property=\"og:site_name\" content=\"MED.TATTOO\" \/>\n<meta property=\"article:publisher\" content=\"https:\/\/www.facebook.com\/profile.php?id=100084366705613\" \/>\n<meta name=\"twitter:card\" content=\"summary_large_image\" \/>\n<meta name=\"twitter:label1\" content=\"Timp estimat pentru citire\" \/>\n\t<meta name=\"twitter:data1\" content=\"2 minute\" \/>\n<script type=\"application\/ld+json\" class=\"yoast-schema-graph\">{\"@context\":\"https:\\\/\\\/schema.org\",\"@graph\":[{\"@type\":\"WebPage\",\"@id\":\"https:\\\/\\\/med.tattoo\\\/ro\\\/despre-noi\\\/\",\"url\":\"https:\\\/\\\/med.tattoo\\\/ro\\\/despre-noi\\\/\",\"name\":\"\u00cengrijirea tatuajelor cu produse cosmetice de la Med.tattoo - Despre noi\",\"isPartOf\":{\"@id\":\"https:\\\/\\\/med.tattoo\\\/ro\\\/#website\"},\"datePublished\":\"2025-05-07T08:30:02+00:00\",\"description\":\"La Med.tatto suntem dedica\u021bi v\u00e2nz\u0103rii de produse cosmetice brevetate pentru \u00eengrijirea tatuajelor. Oferim produse cosmetice 100% naturale \u0219i vegane. Afla\u021bi mai multe despre noi!\",\"breadcrumb\":{\"@id\":\"https:\\\/\\\/med.tattoo\\\/ro\\\/despre-noi\\\/#breadcrumb\"},\"inLanguage\":\"ro-RO\",\"potentialAction\":[{\"@type\":\"ReadAction\",\"target\":[\"https:\\\/\\\/med.tattoo\\\/ro\\\/despre-noi\\\/\"]}]},{\"@type\":\"BreadcrumbList\",\"@id\":\"https:\\\/\\\/med.tattoo\\\/ro\\\/despre-noi\\\/#breadcrumb\",\"itemListElement\":[{\"@type\":\"ListItem\",\"position\":1,\"name\":\"Strona G\u0142\u00f3wna\",\"item\":\"https:\\\/\\\/med.tattoo\\\/ro\\\/\"},{\"@type\":\"ListItem\",\"position\":2,\"name\":\"Despre noi\"}]},{\"@type\":\"WebSite\",\"@id\":\"https:\\\/\\\/med.tattoo\\\/ro\\\/#website\",\"url\":\"https:\\\/\\\/med.tattoo\\\/ro\\\/\",\"name\":\"MED.TATTOO\",\"description\":\"Wszystko dla Twojego tatua\u017cu\",\"publisher\":{\"@id\":\"https:\\\/\\\/med.tattoo\\\/ro\\\/#organization\"},\"potentialAction\":[{\"@type\":\"SearchAction\",\"target\":{\"@type\":\"EntryPoint\",\"urlTemplate\":\"https:\\\/\\\/med.tattoo\\\/ro\\\/?s={search_term_string}\"},\"query-input\":{\"@type\":\"PropertyValueSpecification\",\"valueRequired\":true,\"valueName\":\"search_term_string\"}}],\"inLanguage\":\"ro-RO\"},{\"@type\":\"Organization\",\"@id\":\"https:\\\/\\\/med.tattoo\\\/ro\\\/#organization\",\"name\":\"MED.TATTOO\",\"url\":\"https:\\\/\\\/med.tattoo\\\/ro\\\/\",\"logo\":{\"@type\":\"ImageObject\",\"inLanguage\":\"ro-RO\",\"@id\":\"https:\\\/\\\/med.tattoo\\\/ro\\\/#\\\/schema\\\/logo\\\/image\\\/\",\"url\":\"https:\\\/\\\/med.tattoo\\\/wp-content\\\/uploads\\\/2025\\\/05\\\/Bez-tytulu-600S300-px-1-e1658908183800.png\",\"contentUrl\":\"https:\\\/\\\/med.tattoo\\\/wp-content\\\/uploads\\\/2025\\\/05\\\/Bez-tytulu-600S300-px-1-e1658908183800.png\",\"width\":600,\"height\":61,\"caption\":\"MED.TATTOO\"},\"image\":{\"@id\":\"https:\\\/\\\/med.tattoo\\\/ro\\\/#\\\/schema\\\/logo\\\/image\\\/\"},\"sameAs\":[\"https:\\\/\\\/www.facebook.com\\\/profile.php?id=100084366705613\",\"https:\\\/\\\/www.instagram.com\\\/med.tattoo_official\\\/\"]}]}<\/script>\n<!-- \/ Yoast SEO plugin. -->","yoast_head_json":{"title":"\u00cengrijirea tatuajelor cu produse cosmetice de la Med.tattoo - Despre noi","description":"La Med.tatto suntem dedica\u021bi v\u00e2nz\u0103rii de produse cosmetice brevetate pentru \u00eengrijirea tatuajelor. Oferim produse cosmetice 100% naturale \u0219i vegane. Afla\u021bi mai multe despre noi!","robots":{"index":"index","follow":"follow","max-snippet":"max-snippet:-1","max-image-preview":"max-image-preview:large","max-video-preview":"max-video-preview:-1"},"canonical":"https:\/\/med.tattoo\/ro\/despre-noi\/","og_locale":"ro_RO","og_type":"article","og_title":"\u00cengrijirea tatuajelor cu produse cosmetice de la Med.tattoo - Despre noi","og_description":"La Med.tatto suntem dedica\u021bi v\u00e2nz\u0103rii de produse cosmetice brevetate pentru \u00eengrijirea tatuajelor. Oferim produse cosmetice 100% naturale \u0219i vegane. Afla\u021bi mai multe despre noi!","og_url":"https:\/\/med.tattoo\/ro\/despre-noi\/","og_site_name":"MED.TATTOO","article_publisher":"https:\/\/www.facebook.com\/profile.php?id=100084366705613","twitter_card":"summary_large_image","twitter_misc":{"Timp estimat pentru citire":"2 minute"},"schema":{"@context":"https:\/\/schema.org","@graph":[{"@type":"WebPage","@id":"https:\/\/med.tattoo\/ro\/despre-noi\/","url":"https:\/\/med.tattoo\/ro\/despre-noi\/","name":"\u00cengrijirea tatuajelor cu produse cosmetice de la Med.tattoo - Despre noi","isPartOf":{"@id":"https:\/\/med.tattoo\/ro\/#website"},"datePublished":"2025-05-07T08:30:02+00:00","description":"La Med.tatto suntem dedica\u021bi v\u00e2nz\u0103rii de produse cosmetice brevetate pentru \u00eengrijirea tatuajelor. Oferim produse cosmetice 100% naturale \u0219i vegane. Afla\u021bi mai multe despre noi!","breadcrumb":{"@id":"https:\/\/med.tattoo\/ro\/despre-noi\/#breadcrumb"},"inLanguage":"ro-RO","potentialAction":[{"@type":"ReadAction","target":["https:\/\/med.tattoo\/ro\/despre-noi\/"]}]},{"@type":"BreadcrumbList","@id":"https:\/\/med.tattoo\/ro\/despre-noi\/#breadcrumb","itemListElement":[{"@type":"ListItem","position":1,"name":"Strona G\u0142\u00f3wna","item":"https:\/\/med.tattoo\/ro\/"},{"@type":"ListItem","position":2,"name":"Despre noi"}]},{"@type":"WebSite","@id":"https:\/\/med.tattoo\/ro\/#website","url":"https:\/\/med.tattoo\/ro\/","name":"MED.TATTOO","description":"Wszystko dla Twojego tatua\u017cu","publisher":{"@id":"https:\/\/med.tattoo\/ro\/#organization"},"potentialAction":[{"@type":"SearchAction","target":{"@type":"EntryPoint","urlTemplate":"https:\/\/med.tattoo\/ro\/?s={search_term_string}"},"query-input":{"@type":"PropertyValueSpecification","valueRequired":true,"valueName":"search_term_string"}}],"inLanguage":"ro-RO"},{"@type":"Organization","@id":"https:\/\/med.tattoo\/ro\/#organization","name":"MED.TATTOO","url":"https:\/\/med.tattoo\/ro\/","logo":{"@type":"ImageObject","inLanguage":"ro-RO","@id":"https:\/\/med.tattoo\/ro\/#\/schema\/logo\/image\/","url":"https:\/\/med.tattoo\/wp-content\/uploads\/2025\/05\/Bez-tytulu-600S300-px-1-e1658908183800.png","contentUrl":"https:\/\/med.tattoo\/wp-content\/uploads\/2025\/05\/Bez-tytulu-600S300-px-1-e1658908183800.png","width":600,"height":61,"caption":"MED.TATTOO"},"image":{"@id":"https:\/\/med.tattoo\/ro\/#\/schema\/logo\/image\/"},"sameAs":["https:\/\/www.facebook.com\/profile.php?id=100084366705613","https:\/\/www.instagram.com\/med.tattoo_official\/"]}]}},"_links":{"self":[{"href":"https:\/\/med.tattoo\/ro\/wp-json\/wp\/v2\/pages\/5588","targetHints":{"allow":["GET"]}}],"collection":[{"href":"https:\/\/med.tattoo\/ro\/wp-json\/wp\/v2\/pages"}],"about":[{"href":"https:\/\/med.tattoo\/ro\/wp-json\/wp\/v2\/types\/page"}],"author":[{"embeddable":true,"href":"https:\/\/med.tattoo\/ro\/wp-json\/wp\/v2\/users\/1"}],"replies":[{"embeddable":true,"href":"https:\/\/med.tattoo\/ro\/wp-json\/wp\/v2\/comments?post=5588"}],"version-history":[{"count":1,"href":"https:\/\/med.tattoo\/ro\/wp-json\/wp\/v2\/pages\/5588\/revisions"}],"predecessor-version":[{"id":5592,"href":"https:\/\/med.tattoo\/ro\/wp-json\/wp\/v2\/pages\/5588\/revisions\/5592"}],"wp:attachment":[{"href":"https:\/\/med.tattoo\/ro\/wp-json\/wp\/v2\/media?parent=5588"}],"curies":[{"name":"wp","href":"https:\/\/api.w.org\/{rel}","templated":true}]}}