{"id":5628,"date":"2025-05-07T10:30:12","date_gmt":"2025-05-07T08:30:12","guid":{"rendered":"https:\/\/med.tattoo\/livrare\/"},"modified":"2025-05-07T14:54:08","modified_gmt":"2025-05-07T12:54:08","slug":"livrare","status":"publish","type":"page","link":"https:\/\/med.tattoo\/ro\/livrare\/","title":{"rendered":"Livrare"},"content":{"rendered":"\t\t<div data-elementor-type=\"wp-page\" data-elementor-id=\"5628\" class=\"elementor elementor-5628 elementor-1834\" data-elementor-settings=\"{&quot;ha_cmc_init_switcher&quot;:&quot;no&quot;}\" data-elementor-post-type=\"page\">\n\t\t\t\t\t\t<section class=\"elementor-section elementor-top-section elementor-element elementor-element-7671f99 elementor-section-boxed elementor-section-height-default elementor-section-height-default\" data-id=\"7671f99\" data-element_type=\"section\" data-e-type=\"section\">\n\t\t\t\t\t\t<div class=\"elementor-container elementor-column-gap-default\">\n\t\t\t\t\t<div class=\"elementor-column elementor-col-100 elementor-top-column elementor-element elementor-element-c32934d\" data-id=\"c32934d\" data-element_type=\"column\" data-e-type=\"column\">\n\t\t\t<div class=\"elementor-widget-wrap elementor-element-populated\">\n\t\t\t\t\t\t<div class=\"elementor-element elementor-element-0bcce18 elementor-widget elementor-widget-heading\" data-id=\"0bcce18\" data-element_type=\"widget\" data-e-type=\"widget\" data-widget_type=\"heading.default\">\n\t\t\t\t<div class=\"elementor-widget-container\">\n\t\t\t\t\t<h1 class=\"elementor-heading-title elementor-size-default\">Livrarea produselor - metode \u0219i costuri de livrare<\/h1>\t\t\t\t<\/div>\n\t\t\t\t<\/div>\n\t\t\t\t<div class=\"elementor-element elementor-element-0720454 elementor-widget elementor-widget-text-editor\" data-id=\"0720454\" data-element_type=\"widget\" data-e-type=\"widget\" data-widget_type=\"text-editor.default\">\n\t\t\t\t<div class=\"elementor-widget-container\">\n\t\t\t\t\t\t\t\t\t<p><span style=\"font-style: inherit; font-weight: inherit;\">Atunci c\u00e2nd primi\u021bi expedi\u021bii prin curier, v\u0103 rug\u0103m s\u0103 verifica\u021bi starea coletului \u00eempreun\u0103 cu curierul. Dac\u0103 g\u0103si\u021bi nereguli \u00een con\u021binutul coletului, v\u0103 rug\u0103m s\u0103 \u00eentocmi\u021bi un protocol de reclama\u021bie, confirmat de curier. \u00cen caz contrar, reclama\u021biile nu vor fi luate \u00een considerare. <\/span><\/p><ul><li>Livrare prin curier \u2013 Plat\u0103 anticipat\u0103 &#8211; pretul va fi calculat in cos<br \/><br \/><\/li><li>Termenul de livrare este de p\u00e2n\u0103 la 48 de ore.<\/li><\/ul>\t\t\t\t\t\t\t\t<\/div>\n\t\t\t\t<\/div>\n\t\t\t\t\t<\/div>\n\t\t<\/div>\n\t\t\t\t\t<\/div>\n\t\t<\/section>\n\t\t\t\t<\/div>\n\t\t","protected":false},"excerpt":{"rendered":"<p>Livrarea produselor &#8211; metode \u0219i costuri de livrare Atunci c\u00e2nd primi\u021bi expedi\u021bii prin curier, v\u0103 rug\u0103m s\u0103 verifica\u021bi starea coletului \u00eempreun\u0103 cu curierul. Dac\u0103 g\u0103si\u021bi nereguli \u00een con\u021binutul coletului, v\u0103 rug\u0103m s\u0103 \u00eentocmi\u021bi un protocol de reclama\u021bie, confirmat de curier. \u00cen caz contrar, reclama\u021biile nu vor fi luate \u00een considerare. Livrare prin curier \u2013 Plat\u0103 [&hellip;]<\/p>\n","protected":false},"author":1,"featured_media":0,"parent":0,"menu_order":0,"comment_status":"closed","ping_status":"closed","template":"","meta":{"site-sidebar-layout":"no-sidebar","site-content-layout":"page-builder","ast-site-content-layout":"default","site-content-style":"default","site-sidebar-style":"default","ast-global-header-display":"","ast-banner-title-visibility":"","ast-main-header-display":"","ast-hfb-above-header-display":"","ast-hfb-below-header-display":"","ast-hfb-mobile-header-display":"","site-post-title":"disabled","ast-breadcrumbs-content":"","ast-featured-img":"disabled","footer-sml-layout":"","ast-disable-related-posts":"","theme-transparent-header-meta":"disabled","adv-header-id-meta":"","stick-header-meta":"enabled","header-above-stick-meta":"","header-main-stick-meta":"disabled","header-below-stick-meta":"","astra-migrate-meta-layouts":"default","ast-page-background-enabled":"default","ast-page-background-meta":{"desktop":{"background-color":"var(--ast-global-color-4)","background-image":"","background-repeat":"repeat","background-position":"center center","background-size":"auto","background-attachment":"scroll","background-type":"","background-media":"","overlay-type":"","overlay-color":"","overlay-opacity":"","overlay-gradient":""},"tablet":{"background-color":"","background-image":"","background-repeat":"repeat","background-position":"center center","background-size":"auto","background-attachment":"scroll","background-type":"","background-media":"","overlay-type":"","overlay-color":"","overlay-opacity":"","overlay-gradient":""},"mobile":{"background-color":"","background-image":"","background-repeat":"repeat","background-position":"center center","background-size":"auto","background-attachment":"scroll","background-type":"","background-media":"","overlay-type":"","overlay-color":"","overlay-opacity":"","overlay-gradient":""}},"ast-content-background-meta":{"desktop":{"background-color":"var(--ast-global-color-5)","background-image":"","background-repeat":"repeat","background-position":"center center","background-size":"auto","background-attachment":"scroll","background-type":"","background-media":"","overlay-type":"","overlay-color":"","overlay-opacity":"","overlay-gradient":""},"tablet":{"background-color":"var(--ast-global-color-5)","background-image":"","background-repeat":"repeat","background-position":"center center","background-size":"auto","background-attachment":"scroll","background-type":"","background-media":"","overlay-type":"","overlay-color":"","overlay-opacity":"","overlay-gradient":""},"mobile":{"background-color":"var(--ast-global-color-5)","background-image":"","background-repeat":"repeat","background-position":"center center","background-size":"auto","background-attachment":"scroll","background-type":"","background-media":"","overlay-type":"","overlay-color":"","overlay-opacity":"","overlay-gradient":""}},"footnotes":""},"class_list":["post-5628","page","type-page","status-publish","hentry"],"yoast_head":"<!-- This site is optimized with the Yoast SEO plugin v27.3 - https:\/\/yoast.com\/product\/yoast-seo-wordpress\/ -->\n<title>Livrare - MED.TATTOO<\/title>\n<meta name=\"description\" content=\"Livrarea produselor - metode \u0219i costuri de livrare. V\u0103 rug\u0103m s\u0103 verifica\u021bi starea coletului cu curierul atunci c\u00e2nd ridica\u021bi coletul....\" \/>\n<meta name=\"robots\" content=\"index, follow, max-snippet:-1, max-image-preview:large, max-video-preview:-1\" \/>\n<link rel=\"canonical\" href=\"https:\/\/med.tattoo\/ro\/livrare\/\" \/>\n<meta property=\"og:locale\" content=\"ro_RO\" \/>\n<meta property=\"og:type\" content=\"article\" \/>\n<meta property=\"og:title\" content=\"Livrare - MED.TATTOO\" \/>\n<meta property=\"og:description\" content=\"Livrarea produselor - metode \u0219i costuri de livrare. V\u0103 rug\u0103m s\u0103 verifica\u021bi starea coletului cu curierul atunci c\u00e2nd ridica\u021bi coletul....\" \/>\n<meta property=\"og:url\" content=\"https:\/\/med.tattoo\/ro\/livrare\/\" \/>\n<meta property=\"og:site_name\" content=\"MED.TATTOO\" \/>\n<meta property=\"article:publisher\" content=\"https:\/\/www.facebook.com\/profile.php?id=100084366705613\" \/>\n<meta property=\"article:modified_time\" content=\"2025-05-07T12:54:08+00:00\" \/>\n<meta name=\"twitter:card\" content=\"summary_large_image\" \/>\n<meta name=\"twitter:label1\" content=\"Timp estimat pentru citire\" \/>\n\t<meta name=\"twitter:data1\" content=\"1 minut\" \/>\n<script type=\"application\/ld+json\" class=\"yoast-schema-graph\">{\"@context\":\"https:\\\/\\\/schema.org\",\"@graph\":[{\"@type\":\"WebPage\",\"@id\":\"https:\\\/\\\/med.tattoo\\\/ro\\\/livrare\\\/\",\"url\":\"https:\\\/\\\/med.tattoo\\\/ro\\\/livrare\\\/\",\"name\":\"Livrare - MED.TATTOO\",\"isPartOf\":{\"@id\":\"https:\\\/\\\/med.tattoo\\\/ro\\\/#website\"},\"datePublished\":\"2025-05-07T08:30:12+00:00\",\"dateModified\":\"2025-05-07T12:54:08+00:00\",\"description\":\"Livrarea produselor - metode \u0219i costuri de livrare. V\u0103 rug\u0103m s\u0103 verifica\u021bi starea coletului cu curierul atunci c\u00e2nd ridica\u021bi coletul....\",\"breadcrumb\":{\"@id\":\"https:\\\/\\\/med.tattoo\\\/ro\\\/livrare\\\/#breadcrumb\"},\"inLanguage\":\"ro-RO\",\"potentialAction\":[{\"@type\":\"ReadAction\",\"target\":[\"https:\\\/\\\/med.tattoo\\\/ro\\\/livrare\\\/\"]}]},{\"@type\":\"BreadcrumbList\",\"@id\":\"https:\\\/\\\/med.tattoo\\\/ro\\\/livrare\\\/#breadcrumb\",\"itemListElement\":[{\"@type\":\"ListItem\",\"position\":1,\"name\":\"Strona G\u0142\u00f3wna\",\"item\":\"https:\\\/\\\/med.tattoo\\\/ro\\\/\"},{\"@type\":\"ListItem\",\"position\":2,\"name\":\"Livrare\"}]},{\"@type\":\"WebSite\",\"@id\":\"https:\\\/\\\/med.tattoo\\\/ro\\\/#website\",\"url\":\"https:\\\/\\\/med.tattoo\\\/ro\\\/\",\"name\":\"MED.TATTOO\",\"description\":\"Wszystko dla Twojego tatua\u017cu\",\"publisher\":{\"@id\":\"https:\\\/\\\/med.tattoo\\\/ro\\\/#organization\"},\"potentialAction\":[{\"@type\":\"SearchAction\",\"target\":{\"@type\":\"EntryPoint\",\"urlTemplate\":\"https:\\\/\\\/med.tattoo\\\/ro\\\/?s={search_term_string}\"},\"query-input\":{\"@type\":\"PropertyValueSpecification\",\"valueRequired\":true,\"valueName\":\"search_term_string\"}}],\"inLanguage\":\"ro-RO\"},{\"@type\":\"Organization\",\"@id\":\"https:\\\/\\\/med.tattoo\\\/ro\\\/#organization\",\"name\":\"MED.TATTOO\",\"url\":\"https:\\\/\\\/med.tattoo\\\/ro\\\/\",\"logo\":{\"@type\":\"ImageObject\",\"inLanguage\":\"ro-RO\",\"@id\":\"https:\\\/\\\/med.tattoo\\\/ro\\\/#\\\/schema\\\/logo\\\/image\\\/\",\"url\":\"https:\\\/\\\/med.tattoo\\\/wp-content\\\/uploads\\\/2025\\\/05\\\/Bez-tytulu-600S300-px-1-e1658908183800.png\",\"contentUrl\":\"https:\\\/\\\/med.tattoo\\\/wp-content\\\/uploads\\\/2025\\\/05\\\/Bez-tytulu-600S300-px-1-e1658908183800.png\",\"width\":600,\"height\":61,\"caption\":\"MED.TATTOO\"},\"image\":{\"@id\":\"https:\\\/\\\/med.tattoo\\\/ro\\\/#\\\/schema\\\/logo\\\/image\\\/\"},\"sameAs\":[\"https:\\\/\\\/www.facebook.com\\\/profile.php?id=100084366705613\",\"https:\\\/\\\/www.instagram.com\\\/med.tattoo_official\\\/\"]}]}<\/script>\n<!-- \/ Yoast SEO plugin. -->","yoast_head_json":{"title":"Livrare - MED.TATTOO","description":"Livrarea produselor - metode \u0219i costuri de livrare. V\u0103 rug\u0103m s\u0103 verifica\u021bi starea coletului cu curierul atunci c\u00e2nd ridica\u021bi coletul....","robots":{"index":"index","follow":"follow","max-snippet":"max-snippet:-1","max-image-preview":"max-image-preview:large","max-video-preview":"max-video-preview:-1"},"canonical":"https:\/\/med.tattoo\/ro\/livrare\/","og_locale":"ro_RO","og_type":"article","og_title":"Livrare - MED.TATTOO","og_description":"Livrarea produselor - metode \u0219i costuri de livrare. V\u0103 rug\u0103m s\u0103 verifica\u021bi starea coletului cu curierul atunci c\u00e2nd ridica\u021bi coletul....","og_url":"https:\/\/med.tattoo\/ro\/livrare\/","og_site_name":"MED.TATTOO","article_publisher":"https:\/\/www.facebook.com\/profile.php?id=100084366705613","article_modified_time":"2025-05-07T12:54:08+00:00","twitter_card":"summary_large_image","twitter_misc":{"Timp estimat pentru citire":"1 minut"},"schema":{"@context":"https:\/\/schema.org","@graph":[{"@type":"WebPage","@id":"https:\/\/med.tattoo\/ro\/livrare\/","url":"https:\/\/med.tattoo\/ro\/livrare\/","name":"Livrare - MED.TATTOO","isPartOf":{"@id":"https:\/\/med.tattoo\/ro\/#website"},"datePublished":"2025-05-07T08:30:12+00:00","dateModified":"2025-05-07T12:54:08+00:00","description":"Livrarea produselor - metode \u0219i costuri de livrare. V\u0103 rug\u0103m s\u0103 verifica\u021bi starea coletului cu curierul atunci c\u00e2nd ridica\u021bi coletul....","breadcrumb":{"@id":"https:\/\/med.tattoo\/ro\/livrare\/#breadcrumb"},"inLanguage":"ro-RO","potentialAction":[{"@type":"ReadAction","target":["https:\/\/med.tattoo\/ro\/livrare\/"]}]},{"@type":"BreadcrumbList","@id":"https:\/\/med.tattoo\/ro\/livrare\/#breadcrumb","itemListElement":[{"@type":"ListItem","position":1,"name":"Strona G\u0142\u00f3wna","item":"https:\/\/med.tattoo\/ro\/"},{"@type":"ListItem","position":2,"name":"Livrare"}]},{"@type":"WebSite","@id":"https:\/\/med.tattoo\/ro\/#website","url":"https:\/\/med.tattoo\/ro\/","name":"MED.TATTOO","description":"Wszystko dla Twojego tatua\u017cu","publisher":{"@id":"https:\/\/med.tattoo\/ro\/#organization"},"potentialAction":[{"@type":"SearchAction","target":{"@type":"EntryPoint","urlTemplate":"https:\/\/med.tattoo\/ro\/?s={search_term_string}"},"query-input":{"@type":"PropertyValueSpecification","valueRequired":true,"valueName":"search_term_string"}}],"inLanguage":"ro-RO"},{"@type":"Organization","@id":"https:\/\/med.tattoo\/ro\/#organization","name":"MED.TATTOO","url":"https:\/\/med.tattoo\/ro\/","logo":{"@type":"ImageObject","inLanguage":"ro-RO","@id":"https:\/\/med.tattoo\/ro\/#\/schema\/logo\/image\/","url":"https:\/\/med.tattoo\/wp-content\/uploads\/2025\/05\/Bez-tytulu-600S300-px-1-e1658908183800.png","contentUrl":"https:\/\/med.tattoo\/wp-content\/uploads\/2025\/05\/Bez-tytulu-600S300-px-1-e1658908183800.png","width":600,"height":61,"caption":"MED.TATTOO"},"image":{"@id":"https:\/\/med.tattoo\/ro\/#\/schema\/logo\/image\/"},"sameAs":["https:\/\/www.facebook.com\/profile.php?id=100084366705613","https:\/\/www.instagram.com\/med.tattoo_official\/"]}]}},"_links":{"self":[{"href":"https:\/\/med.tattoo\/ro\/wp-json\/wp\/v2\/pages\/5628","targetHints":{"allow":["GET"]}}],"collection":[{"href":"https:\/\/med.tattoo\/ro\/wp-json\/wp\/v2\/pages"}],"about":[{"href":"https:\/\/med.tattoo\/ro\/wp-json\/wp\/v2\/types\/page"}],"author":[{"embeddable":true,"href":"https:\/\/med.tattoo\/ro\/wp-json\/wp\/v2\/users\/1"}],"replies":[{"embeddable":true,"href":"https:\/\/med.tattoo\/ro\/wp-json\/wp\/v2\/comments?post=5628"}],"version-history":[{"count":4,"href":"https:\/\/med.tattoo\/ro\/wp-json\/wp\/v2\/pages\/5628\/revisions"}],"predecessor-version":[{"id":6308,"href":"https:\/\/med.tattoo\/ro\/wp-json\/wp\/v2\/pages\/5628\/revisions\/6308"}],"wp:attachment":[{"href":"https:\/\/med.tattoo\/ro\/wp-json\/wp\/v2\/media?parent=5628"}],"curies":[{"name":"wp","href":"https:\/\/api.w.org\/{rel}","templated":true}]}}