{"id":10173,"date":"2025-05-15T07:25:49","date_gmt":"2025-05-15T05:25:49","guid":{"rendered":"https:\/\/med.tattoo\/produkt\/midi-med-underpad-50cm-x-50m-albastru\/"},"modified":"2025-05-15T07:25:49","modified_gmt":"2025-05-15T05:25:49","slug":"midi-med-underpad-50cm-x-50m-albastru","status":"publish","type":"product","link":"https:\/\/med.tattoo\/ro\/produs\/midi-med-underpad-50cm-x-50m-albastru\/","title":{"rendered":"MIDI-MED underpad 50cm x 50m Albastru"},"content":{"rendered":"<p>Tampoanele igienice de unic\u0103 folosin\u021b\u0103 sunt utilizate pentru a proteja articolele \u00een zonele \u00een care trebuie implementate m\u0103suri suplimentare de protec\u021bie pentru a asigura igiena \u0219i cur\u0103\u021benia. Tampoanele sunt fabricate din h\u00e2rtie tissue colorat\u0103, \u00eent\u0103rit\u0103 cu folie PE. <\/p>\n<p>Scop:<br \/>\nprotec\u021bie,<br \/>\nprotec\u021bie<\/p>\n<p>Aplica\u021bie:<br \/>\nunit\u0103\u021bi medicale,<br \/>\nsaloane de \u00eenfrumuse\u021bare,<br \/>\nospicii,<br \/>\nspitale,<br \/>\nsec\u021bii neonatale,<br \/>\nsec\u021bii de geriatrie,<br \/>\ntampoane pentru schimbarea bebelu\u0219ilor,<br \/>\ntampoane de pat,<br \/>\nc\u0103mine de b\u0103tr\u00e2ni,<br \/>\nsec\u021bii ginecologice,<br \/>\n\u00eengrijire paliativ\u0103,<br \/>\n\u00eengrijire la domiciliu a pacien\u021bilor imobiliza\u021bi la pat,<br \/>\nca protec\u021bie suplimentar\u0103 a lenjeriei de pat din spital<\/p>\n<p>Prosoapele igienice de unic\u0103 folosin\u021b\u0103 sunt ideale \u00een locurile \u00een care este nevoie de o igien\u0103 suplimentar\u0103 \u00een leg\u0103tur\u0103 cu o activitate precum schimbarea bebelu\u0219ilor. De asemenea, acestea \u00ee\u0219i \u00eendeplinesc rolul \u00een sec\u021biile ginecologice pentru femei, de exemplu \u00een perioada postnatal\u0103. Acestea sunt un produs ideal pentru unit\u0103\u021bile care trateaz\u0103 pacien\u021bi imobiliza\u021bi la pat sau cu probleme de incontinen\u021b\u0103.  <\/p>\n<p>Avantaje:<br \/>\nde unic\u0103 folosin\u021b\u0103,<br \/>\nigienic,<br \/>\n\u00eent\u0103rit cu un strat de folie,<br \/>\nrapid \u0219i u\u0219or de schimbat,<br \/>\nprevine infec\u021biile \u00eencruci\u0219ate,<br \/>\ncu perfora\u021bii pentru ruperea u\u0219oar\u0103 a unui singur tampon,<br \/>\ngam\u0103 larg\u0103 de culori,<br \/>\nofer\u0103 un sentiment de igien\u0103 \u0219i confort<\/p>\n<p>Date tehnice:<br \/>\nstrat unic,<br \/>\ndimensiunea suportului unic 50 x 50,<\/p>\n<p>Culoare:<br \/>\nalb,<br \/>\nverde medical,<br \/>\nalbastru<\/p>\n","protected":false},"excerpt":{"rendered":"<p>Tampoanele igienice de unic\u0103 folosin\u021b\u0103 sunt utilizate pentru a proteja articolele \u00een zonele \u00een care trebuie implementate m\u0103suri suplimentare de protec\u021bie pentru a asigura igiena \u0219i cur\u0103\u021benia. Tampoanele sunt fabricate din h\u00e2rtie tissue colorat\u0103, \u00eent\u0103rit\u0103 cu folie PE. Scop: protec\u021bie, protec\u021bie Aplica\u021bie: unit\u0103\u021bi medicale, saloane de \u00eenfrumuse\u021bare, ospicii, spitale, sec\u021bii neonatale, sec\u021bii de geriatrie, tampoane [&hellip;]<\/p>\n","protected":false},"featured_media":7653,"comment_status":"closed","ping_status":"open","template":"","meta":{"site-sidebar-layout":"default","site-content-layout":"","ast-site-content-layout":"default","site-content-style":"default","site-sidebar-style":"default","ast-global-header-display":"","ast-banner-title-visibility":"","ast-main-header-display":"","ast-hfb-above-header-display":"","ast-hfb-below-header-display":"","ast-hfb-mobile-header-display":"","site-post-title":"","ast-breadcrumbs-content":"","ast-featured-img":"","footer-sml-layout":"","ast-disable-related-posts":"","theme-transparent-header-meta":"","adv-header-id-meta":"","stick-header-meta":"","header-above-stick-meta":"","header-main-stick-meta":"","header-below-stick-meta":"","astra-migrate-meta-layouts":"default","ast-page-background-enabled":"default","ast-page-background-meta":{"desktop":{"background-color":"var(--ast-global-color-4)","background-image":"","background-repeat":"repeat","background-position":"center center","background-size":"auto","background-attachment":"scroll","background-type":"","background-media":"","overlay-type":"","overlay-color":"","overlay-opacity":"","overlay-gradient":""},"tablet":{"background-color":"","background-image":"","background-repeat":"repeat","background-position":"center center","background-size":"auto","background-attachment":"scroll","background-type":"","background-media":"","overlay-type":"","overlay-color":"","overlay-opacity":"","overlay-gradient":""},"mobile":{"background-color":"","background-image":"","background-repeat":"repeat","background-position":"center center","background-size":"auto","background-attachment":"scroll","background-type":"","background-media":"","overlay-type":"","overlay-color":"","overlay-opacity":"","overlay-gradient":""}},"ast-content-background-meta":{"desktop":{"background-color":"var(--ast-global-color-5)","background-image":"","background-repeat":"repeat","background-position":"center center","background-size":"auto","background-attachment":"scroll","background-type":"","background-media":"","overlay-type":"","overlay-color":"","overlay-opacity":"","overlay-gradient":""},"tablet":{"background-color":"var(--ast-global-color-5)","background-image":"","background-repeat":"repeat","background-position":"center center","background-size":"auto","background-attachment":"scroll","background-type":"","background-media":"","overlay-type":"","overlay-color":"","overlay-opacity":"","overlay-gradient":""},"mobile":{"background-color":"var(--ast-global-color-5)","background-image":"","background-repeat":"repeat","background-position":"center center","background-size":"auto","background-attachment":"scroll","background-type":"","background-media":"","overlay-type":"","overlay-color":"","overlay-opacity":"","overlay-gradient":""}}},"product_brand":[],"product_cat":[25],"product_tag":[],"class_list":{"0":"post-10173","1":"product","2":"type-product","3":"status-publish","4":"has-post-thumbnail","6":"product_cat-med-tattoo","7":"desktop-align-left","8":"tablet-align-left","9":"mobile-align-left","10":"ast-product-gallery-layout-horizontal-slider","11":"ast-product-gallery-with-no-image","12":"ast-product-tabs-layout-distributed","14":"first","15":"instock","16":"purchasable","17":"product-type-simple"},"yoast_head":"<!-- This site is optimized with the Yoast SEO plugin v27.5 - https:\/\/yoast.com\/product\/yoast-seo-wordpress\/ -->\n<title>MIDI-MED underpad 50cm x 50m Albastru - MED.TATTOO<\/title>\n<meta name=\"robots\" content=\"index, follow, max-snippet:-1, max-image-preview:large, max-video-preview:-1\" \/>\n<link rel=\"canonical\" href=\"https:\/\/med.tattoo\/ro\/produs\/midi-med-underpad-50cm-x-50m-albastru\/\" \/>\n<meta property=\"og:locale\" content=\"ro_RO\" \/>\n<meta property=\"og:type\" content=\"article\" \/>\n<meta property=\"og:title\" content=\"MIDI-MED underpad 50cm x 50m Albastru - MED.TATTOO\" \/>\n<meta property=\"og:description\" content=\"Tampoanele igienice de unic\u0103 folosin\u021b\u0103 sunt utilizate pentru a proteja articolele \u00een zonele \u00een care trebuie implementate m\u0103suri suplimentare de protec\u021bie pentru a asigura igiena \u0219i cur\u0103\u021benia. Tampoanele sunt fabricate din h\u00e2rtie tissue colorat\u0103, \u00eent\u0103rit\u0103 cu folie PE. Scop: protec\u021bie, protec\u021bie Aplica\u021bie: unit\u0103\u021bi medicale, saloane de \u00eenfrumuse\u021bare, ospicii, spitale, sec\u021bii neonatale, sec\u021bii de geriatrie, tampoane [&hellip;]\" \/>\n<meta property=\"og:url\" content=\"https:\/\/med.tattoo\/ro\/produs\/midi-med-underpad-50cm-x-50m-albastru\/\" \/>\n<meta property=\"og:site_name\" content=\"MED.TATTOO\" \/>\n<meta property=\"article:publisher\" content=\"https:\/\/www.facebook.com\/profile.php?id=100084366705613\" \/>\n<meta name=\"twitter:card\" content=\"summary_large_image\" \/>\n<meta name=\"twitter:label1\" content=\"Timp estimat pentru citire\" \/>\n\t<meta name=\"twitter:data1\" content=\"1 minut\" \/>\n<script type=\"application\/ld+json\" class=\"yoast-schema-graph\">{\"@context\":\"https:\\\/\\\/schema.org\",\"@graph\":[{\"@type\":\"WebPage\",\"@id\":\"https:\\\/\\\/med.tattoo\\\/ro\\\/produs\\\/midi-med-underpad-50cm-x-50m-albastru\\\/\",\"url\":\"https:\\\/\\\/med.tattoo\\\/ro\\\/produs\\\/midi-med-underpad-50cm-x-50m-albastru\\\/\",\"name\":\"MIDI-MED underpad 50cm x 50m Albastru - MED.TATTOO\",\"isPartOf\":{\"@id\":\"https:\\\/\\\/med.tattoo\\\/ro\\\/#website\"},\"primaryImageOfPage\":{\"@id\":\"https:\\\/\\\/med.tattoo\\\/ro\\\/produs\\\/midi-med-underpad-50cm-x-50m-albastru\\\/#primaryimage\"},\"image\":{\"@id\":\"https:\\\/\\\/med.tattoo\\\/ro\\\/produs\\\/midi-med-underpad-50cm-x-50m-albastru\\\/#primaryimage\"},\"thumbnailUrl\":\"https:\\\/\\\/med.tattoo\\\/wp-content\\\/uploads\\\/2025\\\/05\\\/2846_podklad-podfoliowany-midi-med-50cm-x-50m-niebieski_1744006856.jpg\",\"datePublished\":\"2025-05-15T05:25:49+00:00\",\"breadcrumb\":{\"@id\":\"https:\\\/\\\/med.tattoo\\\/ro\\\/produs\\\/midi-med-underpad-50cm-x-50m-albastru\\\/#breadcrumb\"},\"inLanguage\":\"ro-RO\",\"potentialAction\":[{\"@type\":\"ReadAction\",\"target\":[\"https:\\\/\\\/med.tattoo\\\/ro\\\/produs\\\/midi-med-underpad-50cm-x-50m-albastru\\\/\"]}]},{\"@type\":\"ImageObject\",\"inLanguage\":\"ro-RO\",\"@id\":\"https:\\\/\\\/med.tattoo\\\/ro\\\/produs\\\/midi-med-underpad-50cm-x-50m-albastru\\\/#primaryimage\",\"url\":\"https:\\\/\\\/med.tattoo\\\/wp-content\\\/uploads\\\/2025\\\/05\\\/2846_podklad-podfoliowany-midi-med-50cm-x-50m-niebieski_1744006856.jpg\",\"contentUrl\":\"https:\\\/\\\/med.tattoo\\\/wp-content\\\/uploads\\\/2025\\\/05\\\/2846_podklad-podfoliowany-midi-med-50cm-x-50m-niebieski_1744006856.jpg\",\"width\":487,\"height\":962},{\"@type\":\"BreadcrumbList\",\"@id\":\"https:\\\/\\\/med.tattoo\\\/ro\\\/produs\\\/midi-med-underpad-50cm-x-50m-albastru\\\/#breadcrumb\",\"itemListElement\":[{\"@type\":\"ListItem\",\"position\":1,\"name\":\"Strona G\u0142\u00f3wna\",\"item\":\"https:\\\/\\\/med.tattoo\\\/ro\\\/\"},{\"@type\":\"ListItem\",\"position\":2,\"name\":\"Magazin\",\"item\":\"https:\\\/\\\/med.tattoo\\\/ro\\\/shop\\\/\"},{\"@type\":\"ListItem\",\"position\":3,\"name\":\"MIDI-MED underpad 50cm x 50m Albastru\"}]},{\"@type\":\"WebSite\",\"@id\":\"https:\\\/\\\/med.tattoo\\\/ro\\\/#website\",\"url\":\"https:\\\/\\\/med.tattoo\\\/ro\\\/\",\"name\":\"MED.TATTOO\",\"description\":\"Wszystko dla Twojego tatua\u017cu\",\"publisher\":{\"@id\":\"https:\\\/\\\/med.tattoo\\\/ro\\\/#organization\"},\"potentialAction\":[{\"@type\":\"SearchAction\",\"target\":{\"@type\":\"EntryPoint\",\"urlTemplate\":\"https:\\\/\\\/med.tattoo\\\/ro\\\/?s={search_term_string}\"},\"query-input\":{\"@type\":\"PropertyValueSpecification\",\"valueRequired\":true,\"valueName\":\"search_term_string\"}}],\"inLanguage\":\"ro-RO\"},{\"@type\":\"Organization\",\"@id\":\"https:\\\/\\\/med.tattoo\\\/ro\\\/#organization\",\"name\":\"MED.TATTOO\",\"url\":\"https:\\\/\\\/med.tattoo\\\/ro\\\/\",\"logo\":{\"@type\":\"ImageObject\",\"inLanguage\":\"ro-RO\",\"@id\":\"https:\\\/\\\/med.tattoo\\\/ro\\\/#\\\/schema\\\/logo\\\/image\\\/\",\"url\":\"https:\\\/\\\/med.tattoo\\\/wp-content\\\/uploads\\\/2025\\\/05\\\/Bez-tytulu-600S300-px-1-e1658908183800.png\",\"contentUrl\":\"https:\\\/\\\/med.tattoo\\\/wp-content\\\/uploads\\\/2025\\\/05\\\/Bez-tytulu-600S300-px-1-e1658908183800.png\",\"width\":600,\"height\":61,\"caption\":\"MED.TATTOO\"},\"image\":{\"@id\":\"https:\\\/\\\/med.tattoo\\\/ro\\\/#\\\/schema\\\/logo\\\/image\\\/\"},\"sameAs\":[\"https:\\\/\\\/www.facebook.com\\\/profile.php?id=100084366705613\",\"https:\\\/\\\/www.instagram.com\\\/med.tattoo_official\\\/\"]}]}<\/script>\n<!-- \/ Yoast SEO plugin. -->","yoast_head_json":{"title":"MIDI-MED underpad 50cm x 50m Albastru - MED.TATTOO","robots":{"index":"index","follow":"follow","max-snippet":"max-snippet:-1","max-image-preview":"max-image-preview:large","max-video-preview":"max-video-preview:-1"},"canonical":"https:\/\/med.tattoo\/ro\/produs\/midi-med-underpad-50cm-x-50m-albastru\/","og_locale":"ro_RO","og_type":"article","og_title":"MIDI-MED underpad 50cm x 50m Albastru - MED.TATTOO","og_description":"Tampoanele igienice de unic\u0103 folosin\u021b\u0103 sunt utilizate pentru a proteja articolele \u00een zonele \u00een care trebuie implementate m\u0103suri suplimentare de protec\u021bie pentru a asigura igiena \u0219i cur\u0103\u021benia. Tampoanele sunt fabricate din h\u00e2rtie tissue colorat\u0103, \u00eent\u0103rit\u0103 cu folie PE. Scop: protec\u021bie, protec\u021bie Aplica\u021bie: unit\u0103\u021bi medicale, saloane de \u00eenfrumuse\u021bare, ospicii, spitale, sec\u021bii neonatale, sec\u021bii de geriatrie, tampoane [&hellip;]","og_url":"https:\/\/med.tattoo\/ro\/produs\/midi-med-underpad-50cm-x-50m-albastru\/","og_site_name":"MED.TATTOO","article_publisher":"https:\/\/www.facebook.com\/profile.php?id=100084366705613","twitter_card":"summary_large_image","twitter_misc":{"Timp estimat pentru citire":"1 minut"},"schema":{"@context":"https:\/\/schema.org","@graph":[{"@type":"WebPage","@id":"https:\/\/med.tattoo\/ro\/produs\/midi-med-underpad-50cm-x-50m-albastru\/","url":"https:\/\/med.tattoo\/ro\/produs\/midi-med-underpad-50cm-x-50m-albastru\/","name":"MIDI-MED underpad 50cm x 50m Albastru - MED.TATTOO","isPartOf":{"@id":"https:\/\/med.tattoo\/ro\/#website"},"primaryImageOfPage":{"@id":"https:\/\/med.tattoo\/ro\/produs\/midi-med-underpad-50cm-x-50m-albastru\/#primaryimage"},"image":{"@id":"https:\/\/med.tattoo\/ro\/produs\/midi-med-underpad-50cm-x-50m-albastru\/#primaryimage"},"thumbnailUrl":"https:\/\/med.tattoo\/wp-content\/uploads\/2025\/05\/2846_podklad-podfoliowany-midi-med-50cm-x-50m-niebieski_1744006856.jpg","datePublished":"2025-05-15T05:25:49+00:00","breadcrumb":{"@id":"https:\/\/med.tattoo\/ro\/produs\/midi-med-underpad-50cm-x-50m-albastru\/#breadcrumb"},"inLanguage":"ro-RO","potentialAction":[{"@type":"ReadAction","target":["https:\/\/med.tattoo\/ro\/produs\/midi-med-underpad-50cm-x-50m-albastru\/"]}]},{"@type":"ImageObject","inLanguage":"ro-RO","@id":"https:\/\/med.tattoo\/ro\/produs\/midi-med-underpad-50cm-x-50m-albastru\/#primaryimage","url":"https:\/\/med.tattoo\/wp-content\/uploads\/2025\/05\/2846_podklad-podfoliowany-midi-med-50cm-x-50m-niebieski_1744006856.jpg","contentUrl":"https:\/\/med.tattoo\/wp-content\/uploads\/2025\/05\/2846_podklad-podfoliowany-midi-med-50cm-x-50m-niebieski_1744006856.jpg","width":487,"height":962},{"@type":"BreadcrumbList","@id":"https:\/\/med.tattoo\/ro\/produs\/midi-med-underpad-50cm-x-50m-albastru\/#breadcrumb","itemListElement":[{"@type":"ListItem","position":1,"name":"Strona G\u0142\u00f3wna","item":"https:\/\/med.tattoo\/ro\/"},{"@type":"ListItem","position":2,"name":"Magazin","item":"https:\/\/med.tattoo\/ro\/shop\/"},{"@type":"ListItem","position":3,"name":"MIDI-MED underpad 50cm x 50m Albastru"}]},{"@type":"WebSite","@id":"https:\/\/med.tattoo\/ro\/#website","url":"https:\/\/med.tattoo\/ro\/","name":"MED.TATTOO","description":"Wszystko dla Twojego tatua\u017cu","publisher":{"@id":"https:\/\/med.tattoo\/ro\/#organization"},"potentialAction":[{"@type":"SearchAction","target":{"@type":"EntryPoint","urlTemplate":"https:\/\/med.tattoo\/ro\/?s={search_term_string}"},"query-input":{"@type":"PropertyValueSpecification","valueRequired":true,"valueName":"search_term_string"}}],"inLanguage":"ro-RO"},{"@type":"Organization","@id":"https:\/\/med.tattoo\/ro\/#organization","name":"MED.TATTOO","url":"https:\/\/med.tattoo\/ro\/","logo":{"@type":"ImageObject","inLanguage":"ro-RO","@id":"https:\/\/med.tattoo\/ro\/#\/schema\/logo\/image\/","url":"https:\/\/med.tattoo\/wp-content\/uploads\/2025\/05\/Bez-tytulu-600S300-px-1-e1658908183800.png","contentUrl":"https:\/\/med.tattoo\/wp-content\/uploads\/2025\/05\/Bez-tytulu-600S300-px-1-e1658908183800.png","width":600,"height":61,"caption":"MED.TATTOO"},"image":{"@id":"https:\/\/med.tattoo\/ro\/#\/schema\/logo\/image\/"},"sameAs":["https:\/\/www.facebook.com\/profile.php?id=100084366705613","https:\/\/www.instagram.com\/med.tattoo_official\/"]}]}},"_links":{"self":[{"href":"https:\/\/med.tattoo\/ro\/wp-json\/wp\/v2\/product\/10173","targetHints":{"allow":["GET"]}}],"collection":[{"href":"https:\/\/med.tattoo\/ro\/wp-json\/wp\/v2\/product"}],"about":[{"href":"https:\/\/med.tattoo\/ro\/wp-json\/wp\/v2\/types\/product"}],"replies":[{"embeddable":true,"href":"https:\/\/med.tattoo\/ro\/wp-json\/wp\/v2\/comments?post=10173"}],"wp:featuredmedia":[{"embeddable":true,"href":"https:\/\/med.tattoo\/ro\/wp-json\/wp\/v2\/media\/7653"}],"wp:attachment":[{"href":"https:\/\/med.tattoo\/ro\/wp-json\/wp\/v2\/media?parent=10173"}],"wp:term":[{"taxonomy":"product_brand","embeddable":true,"href":"https:\/\/med.tattoo\/ro\/wp-json\/wp\/v2\/product_brand?post=10173"},{"taxonomy":"product_cat","embeddable":true,"href":"https:\/\/med.tattoo\/ro\/wp-json\/wp\/v2\/product_cat?post=10173"},{"taxonomy":"product_tag","embeddable":true,"href":"https:\/\/med.tattoo\/ro\/wp-json\/wp\/v2\/product_tag?post=10173"}],"curies":[{"name":"wp","href":"https:\/\/api.w.org\/{rel}","templated":true}]}}