{"id":10223,"date":"2025-05-15T07:27:36","date_gmt":"2025-05-15T05:27:36","guid":{"rendered":"https:\/\/med.tattoo\/produkt\/container-pentru-deseuri-medicale-10l-rotund-1pc\/"},"modified":"2025-05-15T07:27:36","modified_gmt":"2025-05-15T05:27:36","slug":"container-pentru-deseuri-medicale-10l-rotund-1pc","status":"publish","type":"product","link":"https:\/\/med.tattoo\/ro\/produs\/container-pentru-deseuri-medicale-10l-rotund-1pc\/","title":{"rendered":"Container pentru de\u0219euri medicale 10L rotund 1pc"},"content":{"rendered":"<p>Un recipient practic fabricat din plastic &#8211; polipropilen\u0103 de culoare ro\u0219ie. Este rezistent la ap\u0103 \u0219i la perforare. Are o decupaj special \u00een capac care permite separarea \u00een siguran\u021b\u0103 a acului de sering\u0103.  <\/p>\n<p>Recipientul poart\u0103 eticheta de avertizare &#8222;material infec\u021bios&#8221; \u00eempreun\u0103 cu alte informa\u021bii solicitate de PZH.<\/p>\n<p>Containerul ro\u0219u este pentru de\u0219euri:<\/p>\n<p>care con\u021bin microorganisme patogene vii sau toxine ale acestora \u0219i alte forme capabile s\u0103 transmit\u0103 material genetic despre care se crede c\u0103 provoac\u0103 boli la oameni \u0219i animale;<br \/>\np\u0103r\u021bi \u0219i organe ale corpului, precum \u0219i recipiente pentru s\u00e2nge \u0219i conservan\u021bi ai s\u00e2ngelui pentru depozitarea acestuia;<br \/>\nb\u0103i biologice active terapeutice utilizate cu propriet\u0103\u021bi infec\u021bioase;<br \/>\nreziduuri provenite din alimenta\u021bia pacien\u021bilor din sec\u021biile infec\u021bioase.<br \/>\nContainerele trebuie s\u0103 aib\u0103 o \u00eenchidere care s\u0103 nu necesite contactul cu con\u021binutul lor. Containerele trebuie schimbate cel pu\u021bin o dat\u0103 la 72 de ore, cu excep\u021bia sacilor \u00een care sunt colectate de\u0219eurile medicale foarte infec\u021bioase &#8211; ace\u0219tia sunt schimba\u021bi la fiecare 24 de ore. <\/p>\n<p>Dac\u0103 recipientul este deteriorat, arunca\u021bi-l complet \u00eempreun\u0103 cu con\u021binutul s\u0103u. V\u0103 rug\u0103m s\u0103 nu uita\u021bi s\u0103 nu transporta\u021bi de\u0219eurile medicale \u00een afara amplasamentului! <\/p>\n<p>Containerele pentru de\u0219euri medicale sunt proiectate astfel \u00eenc\u00e2t materialele infec\u021bioase s\u0103 poat\u0103 fi eliminate \u00eentr-un mod complet igienic \u0219i sigur. Produsele oferite \u00eendeplinesc toate normele, cerin\u021bele \u0219i standardele. Datorit\u0103 acestora, putem s\u0103 elimin\u0103m de\u0219eurile f\u0103r\u0103 contact \u0219i s\u0103 le trimitem spre eliminare. Containerele sunt foarte robuste &#8211; rezistente la \u00een\u021bep\u0103turi de ace, la impacturi \u0219i \u0219ocuri.   <\/p>\n","protected":false},"excerpt":{"rendered":"<p>Un recipient practic fabricat din plastic &#8211; polipropilen\u0103 de culoare ro\u0219ie. Este rezistent la ap\u0103 \u0219i la perforare. Are o decupaj special \u00een capac care permite separarea \u00een siguran\u021b\u0103 a acului de sering\u0103. Recipientul poart\u0103 eticheta de avertizare &#8222;material infec\u021bios&#8221; \u00eempreun\u0103 cu alte informa\u021bii solicitate de PZH. Containerul ro\u0219u este pentru de\u0219euri: care con\u021bin microorganisme [&hellip;]<\/p>\n","protected":false},"featured_media":7775,"comment_status":"closed","ping_status":"open","template":"","meta":{"site-sidebar-layout":"default","site-content-layout":"","ast-site-content-layout":"default","site-content-style":"default","site-sidebar-style":"default","ast-global-header-display":"","ast-banner-title-visibility":"","ast-main-header-display":"","ast-hfb-above-header-display":"","ast-hfb-below-header-display":"","ast-hfb-mobile-header-display":"","site-post-title":"","ast-breadcrumbs-content":"","ast-featured-img":"","footer-sml-layout":"","ast-disable-related-posts":"","theme-transparent-header-meta":"","adv-header-id-meta":"","stick-header-meta":"","header-above-stick-meta":"","header-main-stick-meta":"","header-below-stick-meta":"","astra-migrate-meta-layouts":"default","ast-page-background-enabled":"default","ast-page-background-meta":{"desktop":{"background-color":"var(--ast-global-color-4)","background-image":"","background-repeat":"repeat","background-position":"center center","background-size":"auto","background-attachment":"scroll","background-type":"","background-media":"","overlay-type":"","overlay-color":"","overlay-opacity":"","overlay-gradient":""},"tablet":{"background-color":"","background-image":"","background-repeat":"repeat","background-position":"center center","background-size":"auto","background-attachment":"scroll","background-type":"","background-media":"","overlay-type":"","overlay-color":"","overlay-opacity":"","overlay-gradient":""},"mobile":{"background-color":"","background-image":"","background-repeat":"repeat","background-position":"center center","background-size":"auto","background-attachment":"scroll","background-type":"","background-media":"","overlay-type":"","overlay-color":"","overlay-opacity":"","overlay-gradient":""}},"ast-content-background-meta":{"desktop":{"background-color":"var(--ast-global-color-5)","background-image":"","background-repeat":"repeat","background-position":"center center","background-size":"auto","background-attachment":"scroll","background-type":"","background-media":"","overlay-type":"","overlay-color":"","overlay-opacity":"","overlay-gradient":""},"tablet":{"background-color":"var(--ast-global-color-5)","background-image":"","background-repeat":"repeat","background-position":"center center","background-size":"auto","background-attachment":"scroll","background-type":"","background-media":"","overlay-type":"","overlay-color":"","overlay-opacity":"","overlay-gradient":""},"mobile":{"background-color":"var(--ast-global-color-5)","background-image":"","background-repeat":"repeat","background-position":"center center","background-size":"auto","background-attachment":"scroll","background-type":"","background-media":"","overlay-type":"","overlay-color":"","overlay-opacity":"","overlay-gradient":""}}},"product_brand":[],"product_cat":[25],"product_tag":[],"class_list":{"0":"post-10223","1":"product","2":"type-product","3":"status-publish","4":"has-post-thumbnail","6":"product_cat-med-tattoo","7":"desktop-align-left","8":"tablet-align-left","9":"mobile-align-left","10":"ast-product-gallery-layout-horizontal-slider","11":"ast-product-gallery-with-no-image","12":"ast-product-tabs-layout-distributed","14":"first","15":"instock","16":"purchasable","17":"product-type-simple"},"yoast_head":"<!-- This site is optimized with the Yoast SEO plugin v27.3 - https:\/\/yoast.com\/product\/yoast-seo-wordpress\/ -->\n<title>Container pentru de\u0219euri medicale 10L rotund 1pc - MED.TATTOO<\/title>\n<meta name=\"robots\" content=\"index, follow, max-snippet:-1, max-image-preview:large, max-video-preview:-1\" \/>\n<link rel=\"canonical\" href=\"https:\/\/med.tattoo\/ro\/produs\/container-pentru-deseuri-medicale-10l-rotund-1pc\/\" \/>\n<meta property=\"og:locale\" content=\"ro_RO\" \/>\n<meta property=\"og:type\" content=\"article\" \/>\n<meta property=\"og:title\" content=\"Container pentru de\u0219euri medicale 10L rotund 1pc - MED.TATTOO\" \/>\n<meta property=\"og:description\" content=\"Un recipient practic fabricat din plastic &#8211; polipropilen\u0103 de culoare ro\u0219ie. Este rezistent la ap\u0103 \u0219i la perforare. Are o decupaj special \u00een capac care permite separarea \u00een siguran\u021b\u0103 a acului de sering\u0103. Recipientul poart\u0103 eticheta de avertizare &#8222;material infec\u021bios&#8221; \u00eempreun\u0103 cu alte informa\u021bii solicitate de PZH. Containerul ro\u0219u este pentru de\u0219euri: care con\u021bin microorganisme [&hellip;]\" \/>\n<meta property=\"og:url\" content=\"https:\/\/med.tattoo\/ro\/produs\/container-pentru-deseuri-medicale-10l-rotund-1pc\/\" \/>\n<meta property=\"og:site_name\" content=\"MED.TATTOO\" \/>\n<meta property=\"article:publisher\" content=\"https:\/\/www.facebook.com\/profile.php?id=100084366705613\" \/>\n<meta name=\"twitter:card\" content=\"summary_large_image\" \/>\n<meta name=\"twitter:label1\" content=\"Timp estimat pentru citire\" \/>\n\t<meta name=\"twitter:data1\" content=\"1 minut\" \/>\n<script type=\"application\/ld+json\" class=\"yoast-schema-graph\">{\"@context\":\"https:\\\/\\\/schema.org\",\"@graph\":[{\"@type\":\"WebPage\",\"@id\":\"https:\\\/\\\/med.tattoo\\\/ro\\\/produs\\\/container-pentru-deseuri-medicale-10l-rotund-1pc\\\/\",\"url\":\"https:\\\/\\\/med.tattoo\\\/ro\\\/produs\\\/container-pentru-deseuri-medicale-10l-rotund-1pc\\\/\",\"name\":\"Container pentru de\u0219euri medicale 10L rotund 1pc - MED.TATTOO\",\"isPartOf\":{\"@id\":\"https:\\\/\\\/med.tattoo\\\/ro\\\/#website\"},\"primaryImageOfPage\":{\"@id\":\"https:\\\/\\\/med.tattoo\\\/ro\\\/produs\\\/container-pentru-deseuri-medicale-10l-rotund-1pc\\\/#primaryimage\"},\"image\":{\"@id\":\"https:\\\/\\\/med.tattoo\\\/ro\\\/produs\\\/container-pentru-deseuri-medicale-10l-rotund-1pc\\\/#primaryimage\"},\"thumbnailUrl\":\"https:\\\/\\\/med.tattoo\\\/wp-content\\\/uploads\\\/2025\\\/05\\\/2386_pojemnik-na-odpady-medyczne-10l-okragly-1szt_1744006885.jpg\",\"datePublished\":\"2025-05-15T05:27:36+00:00\",\"breadcrumb\":{\"@id\":\"https:\\\/\\\/med.tattoo\\\/ro\\\/produs\\\/container-pentru-deseuri-medicale-10l-rotund-1pc\\\/#breadcrumb\"},\"inLanguage\":\"ro-RO\",\"potentialAction\":[{\"@type\":\"ReadAction\",\"target\":[\"https:\\\/\\\/med.tattoo\\\/ro\\\/produs\\\/container-pentru-deseuri-medicale-10l-rotund-1pc\\\/\"]}]},{\"@type\":\"ImageObject\",\"inLanguage\":\"ro-RO\",\"@id\":\"https:\\\/\\\/med.tattoo\\\/ro\\\/produs\\\/container-pentru-deseuri-medicale-10l-rotund-1pc\\\/#primaryimage\",\"url\":\"https:\\\/\\\/med.tattoo\\\/wp-content\\\/uploads\\\/2025\\\/05\\\/2386_pojemnik-na-odpady-medyczne-10l-okragly-1szt_1744006885.jpg\",\"contentUrl\":\"https:\\\/\\\/med.tattoo\\\/wp-content\\\/uploads\\\/2025\\\/05\\\/2386_pojemnik-na-odpady-medyczne-10l-okragly-1szt_1744006885.jpg\",\"width\":788,\"height\":946},{\"@type\":\"BreadcrumbList\",\"@id\":\"https:\\\/\\\/med.tattoo\\\/ro\\\/produs\\\/container-pentru-deseuri-medicale-10l-rotund-1pc\\\/#breadcrumb\",\"itemListElement\":[{\"@type\":\"ListItem\",\"position\":1,\"name\":\"Strona G\u0142\u00f3wna\",\"item\":\"https:\\\/\\\/med.tattoo\\\/ro\\\/\"},{\"@type\":\"ListItem\",\"position\":2,\"name\":\"Magazin\",\"item\":\"https:\\\/\\\/med.tattoo\\\/ro\\\/shop\\\/\"},{\"@type\":\"ListItem\",\"position\":3,\"name\":\"Container pentru de\u0219euri medicale 10L rotund 1pc\"}]},{\"@type\":\"WebSite\",\"@id\":\"https:\\\/\\\/med.tattoo\\\/ro\\\/#website\",\"url\":\"https:\\\/\\\/med.tattoo\\\/ro\\\/\",\"name\":\"MED.TATTOO\",\"description\":\"Wszystko dla Twojego tatua\u017cu\",\"publisher\":{\"@id\":\"https:\\\/\\\/med.tattoo\\\/ro\\\/#organization\"},\"potentialAction\":[{\"@type\":\"SearchAction\",\"target\":{\"@type\":\"EntryPoint\",\"urlTemplate\":\"https:\\\/\\\/med.tattoo\\\/ro\\\/?s={search_term_string}\"},\"query-input\":{\"@type\":\"PropertyValueSpecification\",\"valueRequired\":true,\"valueName\":\"search_term_string\"}}],\"inLanguage\":\"ro-RO\"},{\"@type\":\"Organization\",\"@id\":\"https:\\\/\\\/med.tattoo\\\/ro\\\/#organization\",\"name\":\"MED.TATTOO\",\"url\":\"https:\\\/\\\/med.tattoo\\\/ro\\\/\",\"logo\":{\"@type\":\"ImageObject\",\"inLanguage\":\"ro-RO\",\"@id\":\"https:\\\/\\\/med.tattoo\\\/ro\\\/#\\\/schema\\\/logo\\\/image\\\/\",\"url\":\"https:\\\/\\\/med.tattoo\\\/wp-content\\\/uploads\\\/2025\\\/05\\\/Bez-tytulu-600S300-px-1-e1658908183800.png\",\"contentUrl\":\"https:\\\/\\\/med.tattoo\\\/wp-content\\\/uploads\\\/2025\\\/05\\\/Bez-tytulu-600S300-px-1-e1658908183800.png\",\"width\":600,\"height\":61,\"caption\":\"MED.TATTOO\"},\"image\":{\"@id\":\"https:\\\/\\\/med.tattoo\\\/ro\\\/#\\\/schema\\\/logo\\\/image\\\/\"},\"sameAs\":[\"https:\\\/\\\/www.facebook.com\\\/profile.php?id=100084366705613\",\"https:\\\/\\\/www.instagram.com\\\/med.tattoo_official\\\/\"]}]}<\/script>\n<!-- \/ Yoast SEO plugin. -->","yoast_head_json":{"title":"Container pentru de\u0219euri medicale 10L rotund 1pc - MED.TATTOO","robots":{"index":"index","follow":"follow","max-snippet":"max-snippet:-1","max-image-preview":"max-image-preview:large","max-video-preview":"max-video-preview:-1"},"canonical":"https:\/\/med.tattoo\/ro\/produs\/container-pentru-deseuri-medicale-10l-rotund-1pc\/","og_locale":"ro_RO","og_type":"article","og_title":"Container pentru de\u0219euri medicale 10L rotund 1pc - MED.TATTOO","og_description":"Un recipient practic fabricat din plastic &#8211; polipropilen\u0103 de culoare ro\u0219ie. Este rezistent la ap\u0103 \u0219i la perforare. Are o decupaj special \u00een capac care permite separarea \u00een siguran\u021b\u0103 a acului de sering\u0103. Recipientul poart\u0103 eticheta de avertizare &#8222;material infec\u021bios&#8221; \u00eempreun\u0103 cu alte informa\u021bii solicitate de PZH. Containerul ro\u0219u este pentru de\u0219euri: care con\u021bin microorganisme [&hellip;]","og_url":"https:\/\/med.tattoo\/ro\/produs\/container-pentru-deseuri-medicale-10l-rotund-1pc\/","og_site_name":"MED.TATTOO","article_publisher":"https:\/\/www.facebook.com\/profile.php?id=100084366705613","twitter_card":"summary_large_image","twitter_misc":{"Timp estimat pentru citire":"1 minut"},"schema":{"@context":"https:\/\/schema.org","@graph":[{"@type":"WebPage","@id":"https:\/\/med.tattoo\/ro\/produs\/container-pentru-deseuri-medicale-10l-rotund-1pc\/","url":"https:\/\/med.tattoo\/ro\/produs\/container-pentru-deseuri-medicale-10l-rotund-1pc\/","name":"Container pentru de\u0219euri medicale 10L rotund 1pc - MED.TATTOO","isPartOf":{"@id":"https:\/\/med.tattoo\/ro\/#website"},"primaryImageOfPage":{"@id":"https:\/\/med.tattoo\/ro\/produs\/container-pentru-deseuri-medicale-10l-rotund-1pc\/#primaryimage"},"image":{"@id":"https:\/\/med.tattoo\/ro\/produs\/container-pentru-deseuri-medicale-10l-rotund-1pc\/#primaryimage"},"thumbnailUrl":"https:\/\/med.tattoo\/wp-content\/uploads\/2025\/05\/2386_pojemnik-na-odpady-medyczne-10l-okragly-1szt_1744006885.jpg","datePublished":"2025-05-15T05:27:36+00:00","breadcrumb":{"@id":"https:\/\/med.tattoo\/ro\/produs\/container-pentru-deseuri-medicale-10l-rotund-1pc\/#breadcrumb"},"inLanguage":"ro-RO","potentialAction":[{"@type":"ReadAction","target":["https:\/\/med.tattoo\/ro\/produs\/container-pentru-deseuri-medicale-10l-rotund-1pc\/"]}]},{"@type":"ImageObject","inLanguage":"ro-RO","@id":"https:\/\/med.tattoo\/ro\/produs\/container-pentru-deseuri-medicale-10l-rotund-1pc\/#primaryimage","url":"https:\/\/med.tattoo\/wp-content\/uploads\/2025\/05\/2386_pojemnik-na-odpady-medyczne-10l-okragly-1szt_1744006885.jpg","contentUrl":"https:\/\/med.tattoo\/wp-content\/uploads\/2025\/05\/2386_pojemnik-na-odpady-medyczne-10l-okragly-1szt_1744006885.jpg","width":788,"height":946},{"@type":"BreadcrumbList","@id":"https:\/\/med.tattoo\/ro\/produs\/container-pentru-deseuri-medicale-10l-rotund-1pc\/#breadcrumb","itemListElement":[{"@type":"ListItem","position":1,"name":"Strona G\u0142\u00f3wna","item":"https:\/\/med.tattoo\/ro\/"},{"@type":"ListItem","position":2,"name":"Magazin","item":"https:\/\/med.tattoo\/ro\/shop\/"},{"@type":"ListItem","position":3,"name":"Container pentru de\u0219euri medicale 10L rotund 1pc"}]},{"@type":"WebSite","@id":"https:\/\/med.tattoo\/ro\/#website","url":"https:\/\/med.tattoo\/ro\/","name":"MED.TATTOO","description":"Wszystko dla Twojego tatua\u017cu","publisher":{"@id":"https:\/\/med.tattoo\/ro\/#organization"},"potentialAction":[{"@type":"SearchAction","target":{"@type":"EntryPoint","urlTemplate":"https:\/\/med.tattoo\/ro\/?s={search_term_string}"},"query-input":{"@type":"PropertyValueSpecification","valueRequired":true,"valueName":"search_term_string"}}],"inLanguage":"ro-RO"},{"@type":"Organization","@id":"https:\/\/med.tattoo\/ro\/#organization","name":"MED.TATTOO","url":"https:\/\/med.tattoo\/ro\/","logo":{"@type":"ImageObject","inLanguage":"ro-RO","@id":"https:\/\/med.tattoo\/ro\/#\/schema\/logo\/image\/","url":"https:\/\/med.tattoo\/wp-content\/uploads\/2025\/05\/Bez-tytulu-600S300-px-1-e1658908183800.png","contentUrl":"https:\/\/med.tattoo\/wp-content\/uploads\/2025\/05\/Bez-tytulu-600S300-px-1-e1658908183800.png","width":600,"height":61,"caption":"MED.TATTOO"},"image":{"@id":"https:\/\/med.tattoo\/ro\/#\/schema\/logo\/image\/"},"sameAs":["https:\/\/www.facebook.com\/profile.php?id=100084366705613","https:\/\/www.instagram.com\/med.tattoo_official\/"]}]}},"_links":{"self":[{"href":"https:\/\/med.tattoo\/ro\/wp-json\/wp\/v2\/product\/10223","targetHints":{"allow":["GET"]}}],"collection":[{"href":"https:\/\/med.tattoo\/ro\/wp-json\/wp\/v2\/product"}],"about":[{"href":"https:\/\/med.tattoo\/ro\/wp-json\/wp\/v2\/types\/product"}],"replies":[{"embeddable":true,"href":"https:\/\/med.tattoo\/ro\/wp-json\/wp\/v2\/comments?post=10223"}],"wp:featuredmedia":[{"embeddable":true,"href":"https:\/\/med.tattoo\/ro\/wp-json\/wp\/v2\/media\/7775"}],"wp:attachment":[{"href":"https:\/\/med.tattoo\/ro\/wp-json\/wp\/v2\/media?parent=10223"}],"wp:term":[{"taxonomy":"product_brand","embeddable":true,"href":"https:\/\/med.tattoo\/ro\/wp-json\/wp\/v2\/product_brand?post=10223"},{"taxonomy":"product_cat","embeddable":true,"href":"https:\/\/med.tattoo\/ro\/wp-json\/wp\/v2\/product_cat?post=10223"},{"taxonomy":"product_tag","embeddable":true,"href":"https:\/\/med.tattoo\/ro\/wp-json\/wp\/v2\/product_tag?post=10223"}],"curies":[{"name":"wp","href":"https:\/\/api.w.org\/{rel}","templated":true}]}}