{"id":10238,"date":"2025-05-15T07:29:14","date_gmt":"2025-05-15T05:29:14","guid":{"rendered":"https:\/\/med.tattoo\/produkt\/servetele-cu-folie-3343cm-100pcs-negru\/"},"modified":"2025-05-15T07:29:14","modified_gmt":"2025-05-15T05:29:14","slug":"servetele-cu-folie-3343cm-100pcs-negru","status":"publish","type":"product","link":"https:\/\/med.tattoo\/ro\/produs\/servetele-cu-folie-3343cm-100pcs-negru\/","title":{"rendered":"\u0218erve\u021bele cu folie 33*43cm 100pcs negru"},"content":{"rendered":"<p>Substrat cu folie fabricat din h\u00e2rtie absorbant\u0103 \u0219i folie, ideal ca substrat de protec\u021bie \u00eempotriva murd\u0103riei \u0219i a opera\u021biilor cosmetice \u00een care exist\u0103 prezen\u021ba umidit\u0103\u021bii, a apei \u0219i a substan\u021belor dense \u0219i lipicioase.<br \/>\nSubstrat pentru utilizare \u00een cosmetic\u0103, stomatologie, medicin\u0103.<\/p>\n<p>Caracteristici:<\/p>\n<p>pe o parte este o h\u00e2rtie de \u021besut delicat\u0103 \u0219i \u00een acela\u0219i timp rezistent\u0103, cu reliefuri decorative, iar pe cealalt\u0103 parte este o folie delicat\u0103 care protejeaz\u0103 \u00eempotriva p\u0103trunderii umezelii,<br \/>\n\u0219erve\u021belul este delicat la atingere,<br \/>\nprotejeaz\u0103 blaturile de mobil\u0103, tapi\u021beria din piele a scaunelor de cosmetic\u0103, scaunele de podiatrie \u0219i stomatologie s\u0103 nu se ude sau s\u0103 nu se p\u0103teze,<br \/>\n\u0219erve\u021belele sunt utilizate \u00een cosmetic\u0103, coafur\u0103, medicin\u0103, gastronomie,<br \/>\nse caracterizeaz\u0103 prin rezisten\u021b\u0103 mecanic\u0103 ridicat\u0103,<br \/>\nprodusul este \u00eenregistrat la Oficiul pentru \u00eenregistrarea medicamentelor, dispozitivelor medicale \u0219i produselor biocide (TVA8%)<\/p>\n<p>&#8216; L\u0103\u021bimea sec\u021biunii &#8211; 33 cm, lungimea sec\u021biunii &#8211; 43 cm<\/p>\n<p>&#8216; Dou\u0103 straturi de h\u00e2rtie tissue asigur\u0103 o absorb\u021bie excelent\u0103 a fluidelor<\/p>\n<p>&#8216; Stratul de film protejeaz\u0103 \u00eempotriva \u00eenmuiere<\/p>\n<p>&#8216; \u00cenveli\u0219urile de protec\u021bie de unic\u0103 folosin\u021b\u0103 \u00eenseamn\u0103 igien\u0103 100% \u00een timpul tratamentului \u0219i examin\u0103rii<\/p>\n<p>&#8216; Aplica\u021biile principale sunt \u00een spitale, clinici \u0219i cabinete medicale<\/p>\n","protected":false},"excerpt":{"rendered":"<p>Substrat cu folie fabricat din h\u00e2rtie absorbant\u0103 \u0219i folie, ideal ca substrat de protec\u021bie \u00eempotriva murd\u0103riei \u0219i a opera\u021biilor cosmetice \u00een care exist\u0103 prezen\u021ba umidit\u0103\u021bii, a apei \u0219i a substan\u021belor dense \u0219i lipicioase. Substrat pentru utilizare \u00een cosmetic\u0103, stomatologie, medicin\u0103. Caracteristici: pe o parte este o h\u00e2rtie de \u021besut delicat\u0103 \u0219i \u00een acela\u0219i timp rezistent\u0103, [&hellip;]<\/p>\n","protected":false},"featured_media":7999,"comment_status":"closed","ping_status":"open","template":"","meta":{"site-sidebar-layout":"default","site-content-layout":"","ast-site-content-layout":"default","site-content-style":"default","site-sidebar-style":"default","ast-global-header-display":"","ast-banner-title-visibility":"","ast-main-header-display":"","ast-hfb-above-header-display":"","ast-hfb-below-header-display":"","ast-hfb-mobile-header-display":"","site-post-title":"","ast-breadcrumbs-content":"","ast-featured-img":"","footer-sml-layout":"","ast-disable-related-posts":"","theme-transparent-header-meta":"","adv-header-id-meta":"","stick-header-meta":"","header-above-stick-meta":"","header-main-stick-meta":"","header-below-stick-meta":"","astra-migrate-meta-layouts":"default","ast-page-background-enabled":"default","ast-page-background-meta":{"desktop":{"background-color":"var(--ast-global-color-4)","background-image":"","background-repeat":"repeat","background-position":"center center","background-size":"auto","background-attachment":"scroll","background-type":"","background-media":"","overlay-type":"","overlay-color":"","overlay-opacity":"","overlay-gradient":""},"tablet":{"background-color":"","background-image":"","background-repeat":"repeat","background-position":"center center","background-size":"auto","background-attachment":"scroll","background-type":"","background-media":"","overlay-type":"","overlay-color":"","overlay-opacity":"","overlay-gradient":""},"mobile":{"background-color":"","background-image":"","background-repeat":"repeat","background-position":"center center","background-size":"auto","background-attachment":"scroll","background-type":"","background-media":"","overlay-type":"","overlay-color":"","overlay-opacity":"","overlay-gradient":""}},"ast-content-background-meta":{"desktop":{"background-color":"var(--ast-global-color-5)","background-image":"","background-repeat":"repeat","background-position":"center center","background-size":"auto","background-attachment":"scroll","background-type":"","background-media":"","overlay-type":"","overlay-color":"","overlay-opacity":"","overlay-gradient":""},"tablet":{"background-color":"var(--ast-global-color-5)","background-image":"","background-repeat":"repeat","background-position":"center center","background-size":"auto","background-attachment":"scroll","background-type":"","background-media":"","overlay-type":"","overlay-color":"","overlay-opacity":"","overlay-gradient":""},"mobile":{"background-color":"var(--ast-global-color-5)","background-image":"","background-repeat":"repeat","background-position":"center center","background-size":"auto","background-attachment":"scroll","background-type":"","background-media":"","overlay-type":"","overlay-color":"","overlay-opacity":"","overlay-gradient":""}}},"product_brand":[],"product_cat":[25],"product_tag":[],"class_list":{"0":"post-10238","1":"product","2":"type-product","3":"status-publish","4":"has-post-thumbnail","6":"product_cat-med-tattoo","7":"desktop-align-left","8":"tablet-align-left","9":"mobile-align-left","10":"ast-product-gallery-layout-horizontal-slider","11":"ast-product-gallery-with-no-image","12":"ast-product-tabs-layout-distributed","14":"first","15":"instock","16":"purchasable","17":"product-type-simple"},"yoast_head":"<!-- This site is optimized with the Yoast SEO plugin v27.3 - https:\/\/yoast.com\/product\/yoast-seo-wordpress\/ -->\n<title>\u0218erve\u021bele cu folie 33*43cm 100pcs negru - MED.TATTOO<\/title>\n<meta name=\"robots\" content=\"index, follow, max-snippet:-1, max-image-preview:large, max-video-preview:-1\" \/>\n<link rel=\"canonical\" href=\"https:\/\/med.tattoo\/ro\/produs\/servetele-cu-folie-3343cm-100pcs-negru\/\" \/>\n<meta property=\"og:locale\" content=\"ro_RO\" \/>\n<meta property=\"og:type\" content=\"article\" \/>\n<meta property=\"og:title\" content=\"\u0218erve\u021bele cu folie 33*43cm 100pcs negru - MED.TATTOO\" \/>\n<meta property=\"og:description\" content=\"Substrat cu folie fabricat din h\u00e2rtie absorbant\u0103 \u0219i folie, ideal ca substrat de protec\u021bie \u00eempotriva murd\u0103riei \u0219i a opera\u021biilor cosmetice \u00een care exist\u0103 prezen\u021ba umidit\u0103\u021bii, a apei \u0219i a substan\u021belor dense \u0219i lipicioase. Substrat pentru utilizare \u00een cosmetic\u0103, stomatologie, medicin\u0103. Caracteristici: pe o parte este o h\u00e2rtie de \u021besut delicat\u0103 \u0219i \u00een acela\u0219i timp rezistent\u0103, [&hellip;]\" \/>\n<meta property=\"og:url\" content=\"https:\/\/med.tattoo\/ro\/produs\/servetele-cu-folie-3343cm-100pcs-negru\/\" \/>\n<meta property=\"og:site_name\" content=\"MED.TATTOO\" \/>\n<meta property=\"article:publisher\" content=\"https:\/\/www.facebook.com\/profile.php?id=100084366705613\" \/>\n<meta name=\"twitter:card\" content=\"summary_large_image\" \/>\n<meta name=\"twitter:label1\" content=\"Timp estimat pentru citire\" \/>\n\t<meta name=\"twitter:data1\" content=\"1 minut\" \/>\n<script type=\"application\/ld+json\" class=\"yoast-schema-graph\">{\"@context\":\"https:\\\/\\\/schema.org\",\"@graph\":[{\"@type\":\"WebPage\",\"@id\":\"https:\\\/\\\/med.tattoo\\\/ro\\\/produs\\\/servetele-cu-folie-3343cm-100pcs-negru\\\/\",\"url\":\"https:\\\/\\\/med.tattoo\\\/ro\\\/produs\\\/servetele-cu-folie-3343cm-100pcs-negru\\\/\",\"name\":\"\u0218erve\u021bele cu folie 33*43cm 100pcs negru - MED.TATTOO\",\"isPartOf\":{\"@id\":\"https:\\\/\\\/med.tattoo\\\/ro\\\/#website\"},\"primaryImageOfPage\":{\"@id\":\"https:\\\/\\\/med.tattoo\\\/ro\\\/produs\\\/servetele-cu-folie-3343cm-100pcs-negru\\\/#primaryimage\"},\"image\":{\"@id\":\"https:\\\/\\\/med.tattoo\\\/ro\\\/produs\\\/servetele-cu-folie-3343cm-100pcs-negru\\\/#primaryimage\"},\"thumbnailUrl\":\"https:\\\/\\\/med.tattoo\\\/wp-content\\\/uploads\\\/2025\\\/05\\\/1067_serwety-podfoliowane-33-43cm-100szt-czarne_1744006864.png\",\"datePublished\":\"2025-05-15T05:29:14+00:00\",\"breadcrumb\":{\"@id\":\"https:\\\/\\\/med.tattoo\\\/ro\\\/produs\\\/servetele-cu-folie-3343cm-100pcs-negru\\\/#breadcrumb\"},\"inLanguage\":\"ro-RO\",\"potentialAction\":[{\"@type\":\"ReadAction\",\"target\":[\"https:\\\/\\\/med.tattoo\\\/ro\\\/produs\\\/servetele-cu-folie-3343cm-100pcs-negru\\\/\"]}]},{\"@type\":\"ImageObject\",\"inLanguage\":\"ro-RO\",\"@id\":\"https:\\\/\\\/med.tattoo\\\/ro\\\/produs\\\/servetele-cu-folie-3343cm-100pcs-negru\\\/#primaryimage\",\"url\":\"https:\\\/\\\/med.tattoo\\\/wp-content\\\/uploads\\\/2025\\\/05\\\/1067_serwety-podfoliowane-33-43cm-100szt-czarne_1744006864.png\",\"contentUrl\":\"https:\\\/\\\/med.tattoo\\\/wp-content\\\/uploads\\\/2025\\\/05\\\/1067_serwety-podfoliowane-33-43cm-100szt-czarne_1744006864.png\",\"width\":758,\"height\":563},{\"@type\":\"BreadcrumbList\",\"@id\":\"https:\\\/\\\/med.tattoo\\\/ro\\\/produs\\\/servetele-cu-folie-3343cm-100pcs-negru\\\/#breadcrumb\",\"itemListElement\":[{\"@type\":\"ListItem\",\"position\":1,\"name\":\"Strona G\u0142\u00f3wna\",\"item\":\"https:\\\/\\\/med.tattoo\\\/ro\\\/\"},{\"@type\":\"ListItem\",\"position\":2,\"name\":\"Magazin\",\"item\":\"https:\\\/\\\/med.tattoo\\\/ro\\\/shop\\\/\"},{\"@type\":\"ListItem\",\"position\":3,\"name\":\"\u0218erve\u021bele cu folie 33*43cm 100pcs negru\"}]},{\"@type\":\"WebSite\",\"@id\":\"https:\\\/\\\/med.tattoo\\\/ro\\\/#website\",\"url\":\"https:\\\/\\\/med.tattoo\\\/ro\\\/\",\"name\":\"MED.TATTOO\",\"description\":\"Wszystko dla Twojego tatua\u017cu\",\"publisher\":{\"@id\":\"https:\\\/\\\/med.tattoo\\\/ro\\\/#organization\"},\"potentialAction\":[{\"@type\":\"SearchAction\",\"target\":{\"@type\":\"EntryPoint\",\"urlTemplate\":\"https:\\\/\\\/med.tattoo\\\/ro\\\/?s={search_term_string}\"},\"query-input\":{\"@type\":\"PropertyValueSpecification\",\"valueRequired\":true,\"valueName\":\"search_term_string\"}}],\"inLanguage\":\"ro-RO\"},{\"@type\":\"Organization\",\"@id\":\"https:\\\/\\\/med.tattoo\\\/ro\\\/#organization\",\"name\":\"MED.TATTOO\",\"url\":\"https:\\\/\\\/med.tattoo\\\/ro\\\/\",\"logo\":{\"@type\":\"ImageObject\",\"inLanguage\":\"ro-RO\",\"@id\":\"https:\\\/\\\/med.tattoo\\\/ro\\\/#\\\/schema\\\/logo\\\/image\\\/\",\"url\":\"https:\\\/\\\/med.tattoo\\\/wp-content\\\/uploads\\\/2025\\\/05\\\/Bez-tytulu-600S300-px-1-e1658908183800.png\",\"contentUrl\":\"https:\\\/\\\/med.tattoo\\\/wp-content\\\/uploads\\\/2025\\\/05\\\/Bez-tytulu-600S300-px-1-e1658908183800.png\",\"width\":600,\"height\":61,\"caption\":\"MED.TATTOO\"},\"image\":{\"@id\":\"https:\\\/\\\/med.tattoo\\\/ro\\\/#\\\/schema\\\/logo\\\/image\\\/\"},\"sameAs\":[\"https:\\\/\\\/www.facebook.com\\\/profile.php?id=100084366705613\",\"https:\\\/\\\/www.instagram.com\\\/med.tattoo_official\\\/\"]}]}<\/script>\n<!-- \/ Yoast SEO plugin. -->","yoast_head_json":{"title":"\u0218erve\u021bele cu folie 33*43cm 100pcs negru - MED.TATTOO","robots":{"index":"index","follow":"follow","max-snippet":"max-snippet:-1","max-image-preview":"max-image-preview:large","max-video-preview":"max-video-preview:-1"},"canonical":"https:\/\/med.tattoo\/ro\/produs\/servetele-cu-folie-3343cm-100pcs-negru\/","og_locale":"ro_RO","og_type":"article","og_title":"\u0218erve\u021bele cu folie 33*43cm 100pcs negru - MED.TATTOO","og_description":"Substrat cu folie fabricat din h\u00e2rtie absorbant\u0103 \u0219i folie, ideal ca substrat de protec\u021bie \u00eempotriva murd\u0103riei \u0219i a opera\u021biilor cosmetice \u00een care exist\u0103 prezen\u021ba umidit\u0103\u021bii, a apei \u0219i a substan\u021belor dense \u0219i lipicioase. Substrat pentru utilizare \u00een cosmetic\u0103, stomatologie, medicin\u0103. Caracteristici: pe o parte este o h\u00e2rtie de \u021besut delicat\u0103 \u0219i \u00een acela\u0219i timp rezistent\u0103, [&hellip;]","og_url":"https:\/\/med.tattoo\/ro\/produs\/servetele-cu-folie-3343cm-100pcs-negru\/","og_site_name":"MED.TATTOO","article_publisher":"https:\/\/www.facebook.com\/profile.php?id=100084366705613","twitter_card":"summary_large_image","twitter_misc":{"Timp estimat pentru citire":"1 minut"},"schema":{"@context":"https:\/\/schema.org","@graph":[{"@type":"WebPage","@id":"https:\/\/med.tattoo\/ro\/produs\/servetele-cu-folie-3343cm-100pcs-negru\/","url":"https:\/\/med.tattoo\/ro\/produs\/servetele-cu-folie-3343cm-100pcs-negru\/","name":"\u0218erve\u021bele cu folie 33*43cm 100pcs negru - MED.TATTOO","isPartOf":{"@id":"https:\/\/med.tattoo\/ro\/#website"},"primaryImageOfPage":{"@id":"https:\/\/med.tattoo\/ro\/produs\/servetele-cu-folie-3343cm-100pcs-negru\/#primaryimage"},"image":{"@id":"https:\/\/med.tattoo\/ro\/produs\/servetele-cu-folie-3343cm-100pcs-negru\/#primaryimage"},"thumbnailUrl":"https:\/\/med.tattoo\/wp-content\/uploads\/2025\/05\/1067_serwety-podfoliowane-33-43cm-100szt-czarne_1744006864.png","datePublished":"2025-05-15T05:29:14+00:00","breadcrumb":{"@id":"https:\/\/med.tattoo\/ro\/produs\/servetele-cu-folie-3343cm-100pcs-negru\/#breadcrumb"},"inLanguage":"ro-RO","potentialAction":[{"@type":"ReadAction","target":["https:\/\/med.tattoo\/ro\/produs\/servetele-cu-folie-3343cm-100pcs-negru\/"]}]},{"@type":"ImageObject","inLanguage":"ro-RO","@id":"https:\/\/med.tattoo\/ro\/produs\/servetele-cu-folie-3343cm-100pcs-negru\/#primaryimage","url":"https:\/\/med.tattoo\/wp-content\/uploads\/2025\/05\/1067_serwety-podfoliowane-33-43cm-100szt-czarne_1744006864.png","contentUrl":"https:\/\/med.tattoo\/wp-content\/uploads\/2025\/05\/1067_serwety-podfoliowane-33-43cm-100szt-czarne_1744006864.png","width":758,"height":563},{"@type":"BreadcrumbList","@id":"https:\/\/med.tattoo\/ro\/produs\/servetele-cu-folie-3343cm-100pcs-negru\/#breadcrumb","itemListElement":[{"@type":"ListItem","position":1,"name":"Strona G\u0142\u00f3wna","item":"https:\/\/med.tattoo\/ro\/"},{"@type":"ListItem","position":2,"name":"Magazin","item":"https:\/\/med.tattoo\/ro\/shop\/"},{"@type":"ListItem","position":3,"name":"\u0218erve\u021bele cu folie 33*43cm 100pcs negru"}]},{"@type":"WebSite","@id":"https:\/\/med.tattoo\/ro\/#website","url":"https:\/\/med.tattoo\/ro\/","name":"MED.TATTOO","description":"Wszystko dla Twojego tatua\u017cu","publisher":{"@id":"https:\/\/med.tattoo\/ro\/#organization"},"potentialAction":[{"@type":"SearchAction","target":{"@type":"EntryPoint","urlTemplate":"https:\/\/med.tattoo\/ro\/?s={search_term_string}"},"query-input":{"@type":"PropertyValueSpecification","valueRequired":true,"valueName":"search_term_string"}}],"inLanguage":"ro-RO"},{"@type":"Organization","@id":"https:\/\/med.tattoo\/ro\/#organization","name":"MED.TATTOO","url":"https:\/\/med.tattoo\/ro\/","logo":{"@type":"ImageObject","inLanguage":"ro-RO","@id":"https:\/\/med.tattoo\/ro\/#\/schema\/logo\/image\/","url":"https:\/\/med.tattoo\/wp-content\/uploads\/2025\/05\/Bez-tytulu-600S300-px-1-e1658908183800.png","contentUrl":"https:\/\/med.tattoo\/wp-content\/uploads\/2025\/05\/Bez-tytulu-600S300-px-1-e1658908183800.png","width":600,"height":61,"caption":"MED.TATTOO"},"image":{"@id":"https:\/\/med.tattoo\/ro\/#\/schema\/logo\/image\/"},"sameAs":["https:\/\/www.facebook.com\/profile.php?id=100084366705613","https:\/\/www.instagram.com\/med.tattoo_official\/"]}]}},"_links":{"self":[{"href":"https:\/\/med.tattoo\/ro\/wp-json\/wp\/v2\/product\/10238","targetHints":{"allow":["GET"]}}],"collection":[{"href":"https:\/\/med.tattoo\/ro\/wp-json\/wp\/v2\/product"}],"about":[{"href":"https:\/\/med.tattoo\/ro\/wp-json\/wp\/v2\/types\/product"}],"replies":[{"embeddable":true,"href":"https:\/\/med.tattoo\/ro\/wp-json\/wp\/v2\/comments?post=10238"}],"wp:featuredmedia":[{"embeddable":true,"href":"https:\/\/med.tattoo\/ro\/wp-json\/wp\/v2\/media\/7999"}],"wp:attachment":[{"href":"https:\/\/med.tattoo\/ro\/wp-json\/wp\/v2\/media?parent=10238"}],"wp:term":[{"taxonomy":"product_brand","embeddable":true,"href":"https:\/\/med.tattoo\/ro\/wp-json\/wp\/v2\/product_brand?post=10238"},{"taxonomy":"product_cat","embeddable":true,"href":"https:\/\/med.tattoo\/ro\/wp-json\/wp\/v2\/product_cat?post=10238"},{"taxonomy":"product_tag","embeddable":true,"href":"https:\/\/med.tattoo\/ro\/wp-json\/wp\/v2\/product_tag?post=10238"}],"curies":[{"name":"wp","href":"https:\/\/api.w.org\/{rel}","templated":true}]}}