{"id":10278,"date":"2025-05-15T07:29:14","date_gmt":"2025-05-15T05:29:14","guid":{"rendered":"https:\/\/med.tattoo\/produkt\/manusi-din-nitril-fara-pudra-100pcs-l-negru\/"},"modified":"2025-05-15T07:29:14","modified_gmt":"2025-05-15T05:29:14","slug":"manusi-din-nitril-fara-pudra-100pcs-l-negru","status":"publish","type":"product","link":"https:\/\/med.tattoo\/ro\/produs\/manusi-din-nitril-fara-pudra-100pcs-l-negru\/","title":{"rendered":"M\u0103nu\u0219i din nitril f\u0103r\u0103 pudr\u0103 100pcs L negru"},"content":{"rendered":"<p>M\u0103nu\u0219ile din nitril reprezint\u0103 o barier\u0103 de protec\u021bie eficient\u0103 pentru personalul medical care efectueaz\u0103 proceduri pe pacien\u021bi. M\u0103nu\u0219ile sunt potrivite \u0219i pentru \u00eengrijirea unei persoane bolnave acas\u0103 sau \u00eentr-un centru de \u00eengrijire, precum \u0219i \u00een saloanele de \u00eenfrumuse\u021bare sau \u00een saloanele de tatuaje.   <\/p>\n<p>M\u0103nu\u0219ile ofer\u0103 o barier\u0103 \u00eempotriva p\u0103trunderii microbiene. Acestea sunt utilizate \u00een principal pentru examin\u0103ri medicale \u0219i alte proceduri de diagnosticare. <\/p>\n<p>M\u0103nu\u0219ile nu con\u021bin latex \u0219i, prin urmare, sunt potrivite pentru persoanele care sunt alergice la acest material. Sunt rezistente la rupere \u0219i se potrivesc bine m\u00e2inii. Nu sunt pudrate.  <\/p>\n<p>Caracteristicile produsului:<br \/>\nprodus medical clasa I<br \/>\nprotec\u021bie individual\u0103 cat III<br \/>\nasepsie: non-steril<br \/>\nmaterial: nitril<br \/>\npudrare: niciuna<br \/>\nsuprafa\u021b\u0103 interioar\u0103: clorinat\u0103<br \/>\nsuprafa\u021b\u0103 exterioar\u0103: texturat\u0103 pe v\u00e2rful degetelor<br \/>\nculoare: negru<br \/>\nform\u0103: universal pentru ambele m\u00e2ini<br \/>\nlungime: standard<br \/>\nman\u0219et\u0103: rulat\u0103<br \/>\nAQL: 1.5<br \/>\nadecvat pentru contactul cu alimentele  <\/p>\n","protected":false},"excerpt":{"rendered":"<p>M\u0103nu\u0219ile din nitril reprezint\u0103 o barier\u0103 de protec\u021bie eficient\u0103 pentru personalul medical care efectueaz\u0103 proceduri pe pacien\u021bi. M\u0103nu\u0219ile sunt potrivite \u0219i pentru \u00eengrijirea unei persoane bolnave acas\u0103 sau \u00eentr-un centru de \u00eengrijire, precum \u0219i \u00een saloanele de \u00eenfrumuse\u021bare sau \u00een saloanele de tatuaje. M\u0103nu\u0219ile ofer\u0103 o barier\u0103 \u00eempotriva p\u0103trunderii microbiene. Acestea sunt utilizate \u00een principal [&hellip;]<\/p>\n","protected":false},"featured_media":7879,"comment_status":"closed","ping_status":"closed","template":"","meta":{"site-sidebar-layout":"default","site-content-layout":"","ast-site-content-layout":"default","site-content-style":"default","site-sidebar-style":"default","ast-global-header-display":"","ast-banner-title-visibility":"","ast-main-header-display":"","ast-hfb-above-header-display":"","ast-hfb-below-header-display":"","ast-hfb-mobile-header-display":"","site-post-title":"","ast-breadcrumbs-content":"","ast-featured-img":"","footer-sml-layout":"","ast-disable-related-posts":"","theme-transparent-header-meta":"","adv-header-id-meta":"","stick-header-meta":"","header-above-stick-meta":"","header-main-stick-meta":"","header-below-stick-meta":"","astra-migrate-meta-layouts":"default","ast-page-background-enabled":"default","ast-page-background-meta":{"desktop":{"background-color":"var(--ast-global-color-4)","background-image":"","background-repeat":"repeat","background-position":"center center","background-size":"auto","background-attachment":"scroll","background-type":"","background-media":"","overlay-type":"","overlay-color":"","overlay-opacity":"","overlay-gradient":""},"tablet":{"background-color":"","background-image":"","background-repeat":"repeat","background-position":"center center","background-size":"auto","background-attachment":"scroll","background-type":"","background-media":"","overlay-type":"","overlay-color":"","overlay-opacity":"","overlay-gradient":""},"mobile":{"background-color":"","background-image":"","background-repeat":"repeat","background-position":"center center","background-size":"auto","background-attachment":"scroll","background-type":"","background-media":"","overlay-type":"","overlay-color":"","overlay-opacity":"","overlay-gradient":""}},"ast-content-background-meta":{"desktop":{"background-color":"var(--ast-global-color-5)","background-image":"","background-repeat":"repeat","background-position":"center center","background-size":"auto","background-attachment":"scroll","background-type":"","background-media":"","overlay-type":"","overlay-color":"","overlay-opacity":"","overlay-gradient":""},"tablet":{"background-color":"var(--ast-global-color-5)","background-image":"","background-repeat":"repeat","background-position":"center center","background-size":"auto","background-attachment":"scroll","background-type":"","background-media":"","overlay-type":"","overlay-color":"","overlay-opacity":"","overlay-gradient":""},"mobile":{"background-color":"var(--ast-global-color-5)","background-image":"","background-repeat":"repeat","background-position":"center center","background-size":"auto","background-attachment":"scroll","background-type":"","background-media":"","overlay-type":"","overlay-color":"","overlay-opacity":"","overlay-gradient":""}}},"product_brand":[],"product_cat":[25],"product_tag":[],"class_list":{"0":"post-10278","1":"product","2":"type-product","3":"status-publish","4":"has-post-thumbnail","6":"product_cat-med-tattoo","7":"desktop-align-left","8":"tablet-align-left","9":"mobile-align-left","10":"ast-product-gallery-layout-horizontal-slider","11":"ast-product-gallery-with-no-image","12":"ast-product-tabs-layout-distributed","14":"first","15":"instock","16":"purchasable","17":"product-type-simple"},"yoast_head":"<!-- This site is optimized with the Yoast SEO plugin v27.3 - https:\/\/yoast.com\/product\/yoast-seo-wordpress\/ -->\n<title>M\u0103nu\u0219i din nitril f\u0103r\u0103 pudr\u0103 100pcs L negru - MED.TATTOO<\/title>\n<meta name=\"robots\" content=\"index, follow, max-snippet:-1, max-image-preview:large, max-video-preview:-1\" \/>\n<link rel=\"canonical\" href=\"https:\/\/med.tattoo\/ro\/produs\/manusi-din-nitril-fara-pudra-100pcs-l-negru\/\" \/>\n<meta property=\"og:locale\" content=\"ro_RO\" \/>\n<meta property=\"og:type\" content=\"article\" \/>\n<meta property=\"og:title\" content=\"M\u0103nu\u0219i din nitril f\u0103r\u0103 pudr\u0103 100pcs L negru - MED.TATTOO\" \/>\n<meta property=\"og:description\" content=\"M\u0103nu\u0219ile din nitril reprezint\u0103 o barier\u0103 de protec\u021bie eficient\u0103 pentru personalul medical care efectueaz\u0103 proceduri pe pacien\u021bi. M\u0103nu\u0219ile sunt potrivite \u0219i pentru \u00eengrijirea unei persoane bolnave acas\u0103 sau \u00eentr-un centru de \u00eengrijire, precum \u0219i \u00een saloanele de \u00eenfrumuse\u021bare sau \u00een saloanele de tatuaje. M\u0103nu\u0219ile ofer\u0103 o barier\u0103 \u00eempotriva p\u0103trunderii microbiene. Acestea sunt utilizate \u00een principal [&hellip;]\" \/>\n<meta property=\"og:url\" content=\"https:\/\/med.tattoo\/ro\/produs\/manusi-din-nitril-fara-pudra-100pcs-l-negru\/\" \/>\n<meta property=\"og:site_name\" content=\"MED.TATTOO\" \/>\n<meta property=\"article:publisher\" content=\"https:\/\/www.facebook.com\/profile.php?id=100084366705613\" \/>\n<meta name=\"twitter:card\" content=\"summary_large_image\" \/>\n<meta name=\"twitter:label1\" content=\"Timp estimat pentru citire\" \/>\n\t<meta name=\"twitter:data1\" content=\"1 minut\" \/>\n<script type=\"application\/ld+json\" class=\"yoast-schema-graph\">{\"@context\":\"https:\\\/\\\/schema.org\",\"@graph\":[{\"@type\":\"WebPage\",\"@id\":\"https:\\\/\\\/med.tattoo\\\/ro\\\/produs\\\/manusi-din-nitril-fara-pudra-100pcs-l-negru\\\/\",\"url\":\"https:\\\/\\\/med.tattoo\\\/ro\\\/produs\\\/manusi-din-nitril-fara-pudra-100pcs-l-negru\\\/\",\"name\":\"M\u0103nu\u0219i din nitril f\u0103r\u0103 pudr\u0103 100pcs L negru - MED.TATTOO\",\"isPartOf\":{\"@id\":\"https:\\\/\\\/med.tattoo\\\/ro\\\/#website\"},\"primaryImageOfPage\":{\"@id\":\"https:\\\/\\\/med.tattoo\\\/ro\\\/produs\\\/manusi-din-nitril-fara-pudra-100pcs-l-negru\\\/#primaryimage\"},\"image\":{\"@id\":\"https:\\\/\\\/med.tattoo\\\/ro\\\/produs\\\/manusi-din-nitril-fara-pudra-100pcs-l-negru\\\/#primaryimage\"},\"thumbnailUrl\":\"https:\\\/\\\/med.tattoo\\\/wp-content\\\/uploads\\\/2025\\\/05\\\/3063_rekawice-nitrylowe-bezpudrowe-100szt-l-czarne_1744006958.jpg\",\"datePublished\":\"2025-05-15T05:29:14+00:00\",\"breadcrumb\":{\"@id\":\"https:\\\/\\\/med.tattoo\\\/ro\\\/produs\\\/manusi-din-nitril-fara-pudra-100pcs-l-negru\\\/#breadcrumb\"},\"inLanguage\":\"ro-RO\",\"potentialAction\":[{\"@type\":\"ReadAction\",\"target\":[\"https:\\\/\\\/med.tattoo\\\/ro\\\/produs\\\/manusi-din-nitril-fara-pudra-100pcs-l-negru\\\/\"]}]},{\"@type\":\"ImageObject\",\"inLanguage\":\"ro-RO\",\"@id\":\"https:\\\/\\\/med.tattoo\\\/ro\\\/produs\\\/manusi-din-nitril-fara-pudra-100pcs-l-negru\\\/#primaryimage\",\"url\":\"https:\\\/\\\/med.tattoo\\\/wp-content\\\/uploads\\\/2025\\\/05\\\/3063_rekawice-nitrylowe-bezpudrowe-100szt-l-czarne_1744006958.jpg\",\"contentUrl\":\"https:\\\/\\\/med.tattoo\\\/wp-content\\\/uploads\\\/2025\\\/05\\\/3063_rekawice-nitrylowe-bezpudrowe-100szt-l-czarne_1744006958.jpg\",\"width\":765,\"height\":767},{\"@type\":\"BreadcrumbList\",\"@id\":\"https:\\\/\\\/med.tattoo\\\/ro\\\/produs\\\/manusi-din-nitril-fara-pudra-100pcs-l-negru\\\/#breadcrumb\",\"itemListElement\":[{\"@type\":\"ListItem\",\"position\":1,\"name\":\"Strona G\u0142\u00f3wna\",\"item\":\"https:\\\/\\\/med.tattoo\\\/ro\\\/\"},{\"@type\":\"ListItem\",\"position\":2,\"name\":\"Magazin\",\"item\":\"https:\\\/\\\/med.tattoo\\\/ro\\\/shop\\\/\"},{\"@type\":\"ListItem\",\"position\":3,\"name\":\"M\u0103nu\u0219i din nitril f\u0103r\u0103 pudr\u0103 100pcs L negru\"}]},{\"@type\":\"WebSite\",\"@id\":\"https:\\\/\\\/med.tattoo\\\/ro\\\/#website\",\"url\":\"https:\\\/\\\/med.tattoo\\\/ro\\\/\",\"name\":\"MED.TATTOO\",\"description\":\"Wszystko dla Twojego tatua\u017cu\",\"publisher\":{\"@id\":\"https:\\\/\\\/med.tattoo\\\/ro\\\/#organization\"},\"potentialAction\":[{\"@type\":\"SearchAction\",\"target\":{\"@type\":\"EntryPoint\",\"urlTemplate\":\"https:\\\/\\\/med.tattoo\\\/ro\\\/?s={search_term_string}\"},\"query-input\":{\"@type\":\"PropertyValueSpecification\",\"valueRequired\":true,\"valueName\":\"search_term_string\"}}],\"inLanguage\":\"ro-RO\"},{\"@type\":\"Organization\",\"@id\":\"https:\\\/\\\/med.tattoo\\\/ro\\\/#organization\",\"name\":\"MED.TATTOO\",\"url\":\"https:\\\/\\\/med.tattoo\\\/ro\\\/\",\"logo\":{\"@type\":\"ImageObject\",\"inLanguage\":\"ro-RO\",\"@id\":\"https:\\\/\\\/med.tattoo\\\/ro\\\/#\\\/schema\\\/logo\\\/image\\\/\",\"url\":\"https:\\\/\\\/med.tattoo\\\/wp-content\\\/uploads\\\/2025\\\/05\\\/Bez-tytulu-600S300-px-1-e1658908183800.png\",\"contentUrl\":\"https:\\\/\\\/med.tattoo\\\/wp-content\\\/uploads\\\/2025\\\/05\\\/Bez-tytulu-600S300-px-1-e1658908183800.png\",\"width\":600,\"height\":61,\"caption\":\"MED.TATTOO\"},\"image\":{\"@id\":\"https:\\\/\\\/med.tattoo\\\/ro\\\/#\\\/schema\\\/logo\\\/image\\\/\"},\"sameAs\":[\"https:\\\/\\\/www.facebook.com\\\/profile.php?id=100084366705613\",\"https:\\\/\\\/www.instagram.com\\\/med.tattoo_official\\\/\"]}]}<\/script>\n<!-- \/ Yoast SEO plugin. -->","yoast_head_json":{"title":"M\u0103nu\u0219i din nitril f\u0103r\u0103 pudr\u0103 100pcs L negru - MED.TATTOO","robots":{"index":"index","follow":"follow","max-snippet":"max-snippet:-1","max-image-preview":"max-image-preview:large","max-video-preview":"max-video-preview:-1"},"canonical":"https:\/\/med.tattoo\/ro\/produs\/manusi-din-nitril-fara-pudra-100pcs-l-negru\/","og_locale":"ro_RO","og_type":"article","og_title":"M\u0103nu\u0219i din nitril f\u0103r\u0103 pudr\u0103 100pcs L negru - MED.TATTOO","og_description":"M\u0103nu\u0219ile din nitril reprezint\u0103 o barier\u0103 de protec\u021bie eficient\u0103 pentru personalul medical care efectueaz\u0103 proceduri pe pacien\u021bi. M\u0103nu\u0219ile sunt potrivite \u0219i pentru \u00eengrijirea unei persoane bolnave acas\u0103 sau \u00eentr-un centru de \u00eengrijire, precum \u0219i \u00een saloanele de \u00eenfrumuse\u021bare sau \u00een saloanele de tatuaje. M\u0103nu\u0219ile ofer\u0103 o barier\u0103 \u00eempotriva p\u0103trunderii microbiene. Acestea sunt utilizate \u00een principal [&hellip;]","og_url":"https:\/\/med.tattoo\/ro\/produs\/manusi-din-nitril-fara-pudra-100pcs-l-negru\/","og_site_name":"MED.TATTOO","article_publisher":"https:\/\/www.facebook.com\/profile.php?id=100084366705613","twitter_card":"summary_large_image","twitter_misc":{"Timp estimat pentru citire":"1 minut"},"schema":{"@context":"https:\/\/schema.org","@graph":[{"@type":"WebPage","@id":"https:\/\/med.tattoo\/ro\/produs\/manusi-din-nitril-fara-pudra-100pcs-l-negru\/","url":"https:\/\/med.tattoo\/ro\/produs\/manusi-din-nitril-fara-pudra-100pcs-l-negru\/","name":"M\u0103nu\u0219i din nitril f\u0103r\u0103 pudr\u0103 100pcs L negru - MED.TATTOO","isPartOf":{"@id":"https:\/\/med.tattoo\/ro\/#website"},"primaryImageOfPage":{"@id":"https:\/\/med.tattoo\/ro\/produs\/manusi-din-nitril-fara-pudra-100pcs-l-negru\/#primaryimage"},"image":{"@id":"https:\/\/med.tattoo\/ro\/produs\/manusi-din-nitril-fara-pudra-100pcs-l-negru\/#primaryimage"},"thumbnailUrl":"https:\/\/med.tattoo\/wp-content\/uploads\/2025\/05\/3063_rekawice-nitrylowe-bezpudrowe-100szt-l-czarne_1744006958.jpg","datePublished":"2025-05-15T05:29:14+00:00","breadcrumb":{"@id":"https:\/\/med.tattoo\/ro\/produs\/manusi-din-nitril-fara-pudra-100pcs-l-negru\/#breadcrumb"},"inLanguage":"ro-RO","potentialAction":[{"@type":"ReadAction","target":["https:\/\/med.tattoo\/ro\/produs\/manusi-din-nitril-fara-pudra-100pcs-l-negru\/"]}]},{"@type":"ImageObject","inLanguage":"ro-RO","@id":"https:\/\/med.tattoo\/ro\/produs\/manusi-din-nitril-fara-pudra-100pcs-l-negru\/#primaryimage","url":"https:\/\/med.tattoo\/wp-content\/uploads\/2025\/05\/3063_rekawice-nitrylowe-bezpudrowe-100szt-l-czarne_1744006958.jpg","contentUrl":"https:\/\/med.tattoo\/wp-content\/uploads\/2025\/05\/3063_rekawice-nitrylowe-bezpudrowe-100szt-l-czarne_1744006958.jpg","width":765,"height":767},{"@type":"BreadcrumbList","@id":"https:\/\/med.tattoo\/ro\/produs\/manusi-din-nitril-fara-pudra-100pcs-l-negru\/#breadcrumb","itemListElement":[{"@type":"ListItem","position":1,"name":"Strona G\u0142\u00f3wna","item":"https:\/\/med.tattoo\/ro\/"},{"@type":"ListItem","position":2,"name":"Magazin","item":"https:\/\/med.tattoo\/ro\/shop\/"},{"@type":"ListItem","position":3,"name":"M\u0103nu\u0219i din nitril f\u0103r\u0103 pudr\u0103 100pcs L negru"}]},{"@type":"WebSite","@id":"https:\/\/med.tattoo\/ro\/#website","url":"https:\/\/med.tattoo\/ro\/","name":"MED.TATTOO","description":"Wszystko dla Twojego tatua\u017cu","publisher":{"@id":"https:\/\/med.tattoo\/ro\/#organization"},"potentialAction":[{"@type":"SearchAction","target":{"@type":"EntryPoint","urlTemplate":"https:\/\/med.tattoo\/ro\/?s={search_term_string}"},"query-input":{"@type":"PropertyValueSpecification","valueRequired":true,"valueName":"search_term_string"}}],"inLanguage":"ro-RO"},{"@type":"Organization","@id":"https:\/\/med.tattoo\/ro\/#organization","name":"MED.TATTOO","url":"https:\/\/med.tattoo\/ro\/","logo":{"@type":"ImageObject","inLanguage":"ro-RO","@id":"https:\/\/med.tattoo\/ro\/#\/schema\/logo\/image\/","url":"https:\/\/med.tattoo\/wp-content\/uploads\/2025\/05\/Bez-tytulu-600S300-px-1-e1658908183800.png","contentUrl":"https:\/\/med.tattoo\/wp-content\/uploads\/2025\/05\/Bez-tytulu-600S300-px-1-e1658908183800.png","width":600,"height":61,"caption":"MED.TATTOO"},"image":{"@id":"https:\/\/med.tattoo\/ro\/#\/schema\/logo\/image\/"},"sameAs":["https:\/\/www.facebook.com\/profile.php?id=100084366705613","https:\/\/www.instagram.com\/med.tattoo_official\/"]}]}},"_links":{"self":[{"href":"https:\/\/med.tattoo\/ro\/wp-json\/wp\/v2\/product\/10278","targetHints":{"allow":["GET"]}}],"collection":[{"href":"https:\/\/med.tattoo\/ro\/wp-json\/wp\/v2\/product"}],"about":[{"href":"https:\/\/med.tattoo\/ro\/wp-json\/wp\/v2\/types\/product"}],"replies":[{"embeddable":true,"href":"https:\/\/med.tattoo\/ro\/wp-json\/wp\/v2\/comments?post=10278"}],"wp:featuredmedia":[{"embeddable":true,"href":"https:\/\/med.tattoo\/ro\/wp-json\/wp\/v2\/media\/7879"}],"wp:attachment":[{"href":"https:\/\/med.tattoo\/ro\/wp-json\/wp\/v2\/media?parent=10278"}],"wp:term":[{"taxonomy":"product_brand","embeddable":true,"href":"https:\/\/med.tattoo\/ro\/wp-json\/wp\/v2\/product_brand?post=10278"},{"taxonomy":"product_cat","embeddable":true,"href":"https:\/\/med.tattoo\/ro\/wp-json\/wp\/v2\/product_cat?post=10278"},{"taxonomy":"product_tag","embeddable":true,"href":"https:\/\/med.tattoo\/ro\/wp-json\/wp\/v2\/product_tag?post=10278"}],"curies":[{"name":"wp","href":"https:\/\/api.w.org\/{rel}","templated":true}]}}