{"id":5650,"date":"2025-01-31T22:46:50","date_gmt":"2025-01-31T21:46:50","guid":{"rendered":"https:\/\/med.tattoo\/produkt\/vaselina-cosmetica-alba-cu-vit-ae-20g\/"},"modified":"2025-05-15T09:39:01","modified_gmt":"2025-05-15T07:39:01","slug":"vaselina-cosmetica-alba-cu-vit-ae-20g","status":"publish","type":"product","link":"https:\/\/med.tattoo\/ro\/produs\/vaselina-cosmetica-alba-cu-vit-ae-20g\/","title":{"rendered":"Vaselin\u0103 cosmetic\u0103 alb\u0103 cu Vit. A+E 20g"},"content":{"rendered":"<p>Vaselina cosmetic\u0103 alb\u0103 cu vitamina A+E este destinat\u0103 \u00eengrijirii \u00eentregului corp, \u00een special a pielii uscate \u0219i a pielii predispuse la AD. <\/p>\n<p>Hipoalergenic, f\u0103r\u0103 parfum.<\/p>\n<p>Ac\u021biune<br \/>\nProtejeaz\u0103, hr\u0103ne\u0219te, hidrateaz\u0103 pielea.<\/p>\n<p>Mod de utilizare<br \/>\nPentru uz extern.<br \/>\nNote de utilizare<br \/>\nV\u0103 rug\u0103m s\u0103 re\u021bine\u021bi c\u0103 un produs hipoalergenic nu garanteaz\u0103 c\u0103 nu exist\u0103 riscul unei reac\u021bii alergice.<br \/>\nCompozi\u021bie<br \/>\nPetrolatum, tocoferil acetat.<br \/>\nCon\u021binut:<\/p>\n<p>20 g<br \/>\nProduc\u0103tor\/responsabil: SYNOPTIS PHARMA<\/p>\n<p>Persoana responsabil\u0103: KOSMED<\/p>\n<p>Metoda de depozitare: 15\u00b0C &#8211; 25\u00b0C<\/p>\n","protected":false},"excerpt":{"rendered":"<p>Vaselina cosmetic\u0103 alb\u0103 cu vitamina A+E este destinat\u0103 \u00eengrijirii \u00eentregului corp, \u00een special a pielii uscate \u0219i a pielii predispuse la AD. Hipoalergenic, f\u0103r\u0103 parfum. Ac\u021biune Protejeaz\u0103, hr\u0103ne\u0219te, hidrateaz\u0103 pielea. Mod de utilizare Pentru uz extern. Note de utilizare V\u0103 rug\u0103m s\u0103 re\u021bine\u021bi c\u0103 un produs hipoalergenic nu garanteaz\u0103 c\u0103 nu exist\u0103 riscul unei reac\u021bii [&hellip;]<\/p>\n","protected":false},"featured_media":4347,"comment_status":"open","ping_status":"closed","template":"","meta":{"site-sidebar-layout":"default","site-content-layout":"","ast-site-content-layout":"default","site-content-style":"default","site-sidebar-style":"default","ast-global-header-display":"","ast-banner-title-visibility":"","ast-main-header-display":"","ast-hfb-above-header-display":"","ast-hfb-below-header-display":"","ast-hfb-mobile-header-display":"","site-post-title":"","ast-breadcrumbs-content":"","ast-featured-img":"","footer-sml-layout":"","ast-disable-related-posts":"","theme-transparent-header-meta":"","adv-header-id-meta":"","stick-header-meta":"","header-above-stick-meta":"","header-main-stick-meta":"","header-below-stick-meta":"","astra-migrate-meta-layouts":"default","ast-page-background-enabled":"default","ast-page-background-meta":{"desktop":{"background-color":"var(--ast-global-color-4)","background-image":"","background-repeat":"repeat","background-position":"center center","background-size":"auto","background-attachment":"scroll","background-type":"","background-media":"","overlay-type":"","overlay-color":"","overlay-opacity":"","overlay-gradient":""},"tablet":{"background-color":"","background-image":"","background-repeat":"repeat","background-position":"center center","background-size":"auto","background-attachment":"scroll","background-type":"","background-media":"","overlay-type":"","overlay-color":"","overlay-opacity":"","overlay-gradient":""},"mobile":{"background-color":"","background-image":"","background-repeat":"repeat","background-position":"center center","background-size":"auto","background-attachment":"scroll","background-type":"","background-media":"","overlay-type":"","overlay-color":"","overlay-opacity":"","overlay-gradient":""}},"ast-content-background-meta":{"desktop":{"background-color":"var(--ast-global-color-5)","background-image":"","background-repeat":"repeat","background-position":"center center","background-size":"auto","background-attachment":"scroll","background-type":"","background-media":"","overlay-type":"","overlay-color":"","overlay-opacity":"","overlay-gradient":""},"tablet":{"background-color":"var(--ast-global-color-5)","background-image":"","background-repeat":"repeat","background-position":"center center","background-size":"auto","background-attachment":"scroll","background-type":"","background-media":"","overlay-type":"","overlay-color":"","overlay-opacity":"","overlay-gradient":""},"mobile":{"background-color":"var(--ast-global-color-5)","background-image":"","background-repeat":"repeat","background-position":"center center","background-size":"auto","background-attachment":"scroll","background-type":"","background-media":"","overlay-type":"","overlay-color":"","overlay-opacity":"","overlay-gradient":""}}},"product_brand":[],"product_cat":[25],"product_tag":[],"class_list":{"0":"post-5650","1":"product","2":"type-product","3":"status-publish","4":"has-post-thumbnail","6":"product_cat-med-tattoo","7":"desktop-align-left","8":"tablet-align-left","9":"mobile-align-left","10":"ast-product-gallery-layout-horizontal-slider","11":"ast-product-gallery-with-no-image","12":"ast-product-tabs-layout-distributed","14":"first","15":"outofstock","16":"taxable","17":"shipping-taxable","18":"purchasable","19":"product-type-simple"},"yoast_head":"<!-- This site is optimized with the Yoast SEO plugin v27.3 - https:\/\/yoast.com\/product\/yoast-seo-wordpress\/ -->\n<title>Vaselin\u0103 cosmetic\u0103 alb\u0103 cu Vit. A+E 20g - MED.TATTOO<\/title>\n<meta name=\"robots\" content=\"index, follow, max-snippet:-1, max-image-preview:large, max-video-preview:-1\" \/>\n<link rel=\"canonical\" href=\"https:\/\/med.tattoo\/ro\/produs\/vaselina-cosmetica-alba-cu-vit-ae-20g\/\" \/>\n<meta property=\"og:locale\" content=\"ro_RO\" \/>\n<meta property=\"og:type\" content=\"article\" \/>\n<meta property=\"og:title\" content=\"Vaselin\u0103 cosmetic\u0103 alb\u0103 cu Vit. A+E 20g - MED.TATTOO\" \/>\n<meta property=\"og:description\" content=\"Vaselina cosmetic\u0103 alb\u0103 cu vitamina A+E este destinat\u0103 \u00eengrijirii \u00eentregului corp, \u00een special a pielii uscate \u0219i a pielii predispuse la AD. Hipoalergenic, f\u0103r\u0103 parfum. Ac\u021biune Protejeaz\u0103, hr\u0103ne\u0219te, hidrateaz\u0103 pielea. Mod de utilizare Pentru uz extern. Note de utilizare V\u0103 rug\u0103m s\u0103 re\u021bine\u021bi c\u0103 un produs hipoalergenic nu garanteaz\u0103 c\u0103 nu exist\u0103 riscul unei reac\u021bii [&hellip;]\" \/>\n<meta property=\"og:url\" content=\"https:\/\/med.tattoo\/ro\/produs\/vaselina-cosmetica-alba-cu-vit-ae-20g\/\" \/>\n<meta property=\"og:site_name\" content=\"MED.TATTOO\" \/>\n<meta property=\"article:publisher\" content=\"https:\/\/www.facebook.com\/profile.php?id=100084366705613\" \/>\n<meta property=\"article:modified_time\" content=\"2025-05-15T07:39:01+00:00\" \/>\n<meta property=\"og:image\" content=\"https:\/\/med.tattoo\/wp-content\/uploads\/2025\/02\/ea7906277f62c32f9947c57472b04b0e.jpg\" \/>\n\t<meta property=\"og:image:width\" content=\"488\" \/>\n\t<meta property=\"og:image:height\" content=\"600\" \/>\n\t<meta property=\"og:image:type\" content=\"image\/jpeg\" \/>\n<meta name=\"twitter:card\" content=\"summary_large_image\" \/>\n<script type=\"application\/ld+json\" class=\"yoast-schema-graph\">{\"@context\":\"https:\\\/\\\/schema.org\",\"@graph\":[{\"@type\":\"WebPage\",\"@id\":\"https:\\\/\\\/med.tattoo\\\/ro\\\/produs\\\/vaselina-cosmetica-alba-cu-vit-ae-20g\\\/\",\"url\":\"https:\\\/\\\/med.tattoo\\\/ro\\\/produs\\\/vaselina-cosmetica-alba-cu-vit-ae-20g\\\/\",\"name\":\"Vaselin\u0103 cosmetic\u0103 alb\u0103 cu Vit. A+E 20g - MED.TATTOO\",\"isPartOf\":{\"@id\":\"https:\\\/\\\/med.tattoo\\\/ro\\\/#website\"},\"primaryImageOfPage\":{\"@id\":\"https:\\\/\\\/med.tattoo\\\/ro\\\/produs\\\/vaselina-cosmetica-alba-cu-vit-ae-20g\\\/#primaryimage\"},\"image\":{\"@id\":\"https:\\\/\\\/med.tattoo\\\/ro\\\/produs\\\/vaselina-cosmetica-alba-cu-vit-ae-20g\\\/#primaryimage\"},\"thumbnailUrl\":\"https:\\\/\\\/med.tattoo\\\/wp-content\\\/uploads\\\/2025\\\/02\\\/ea7906277f62c32f9947c57472b04b0e.jpg\",\"datePublished\":\"2025-01-31T21:46:50+00:00\",\"dateModified\":\"2025-05-15T07:39:01+00:00\",\"breadcrumb\":{\"@id\":\"https:\\\/\\\/med.tattoo\\\/ro\\\/produs\\\/vaselina-cosmetica-alba-cu-vit-ae-20g\\\/#breadcrumb\"},\"inLanguage\":\"ro-RO\",\"potentialAction\":[{\"@type\":\"ReadAction\",\"target\":[\"https:\\\/\\\/med.tattoo\\\/ro\\\/produs\\\/vaselina-cosmetica-alba-cu-vit-ae-20g\\\/\"]}]},{\"@type\":\"ImageObject\",\"inLanguage\":\"ro-RO\",\"@id\":\"https:\\\/\\\/med.tattoo\\\/ro\\\/produs\\\/vaselina-cosmetica-alba-cu-vit-ae-20g\\\/#primaryimage\",\"url\":\"https:\\\/\\\/med.tattoo\\\/wp-content\\\/uploads\\\/2025\\\/02\\\/ea7906277f62c32f9947c57472b04b0e.jpg\",\"contentUrl\":\"https:\\\/\\\/med.tattoo\\\/wp-content\\\/uploads\\\/2025\\\/02\\\/ea7906277f62c32f9947c57472b04b0e.jpg\",\"width\":488,\"height\":600},{\"@type\":\"BreadcrumbList\",\"@id\":\"https:\\\/\\\/med.tattoo\\\/ro\\\/produs\\\/vaselina-cosmetica-alba-cu-vit-ae-20g\\\/#breadcrumb\",\"itemListElement\":[{\"@type\":\"ListItem\",\"position\":1,\"name\":\"Strona G\u0142\u00f3wna\",\"item\":\"https:\\\/\\\/med.tattoo\\\/ro\\\/\"},{\"@type\":\"ListItem\",\"position\":2,\"name\":\"Magazin\",\"item\":\"https:\\\/\\\/med.tattoo\\\/ro\\\/shop\\\/\"},{\"@type\":\"ListItem\",\"position\":3,\"name\":\"Vaselin\u0103 cosmetic\u0103 alb\u0103 cu Vit. A+E 20g\"}]},{\"@type\":\"WebSite\",\"@id\":\"https:\\\/\\\/med.tattoo\\\/ro\\\/#website\",\"url\":\"https:\\\/\\\/med.tattoo\\\/ro\\\/\",\"name\":\"MED.TATTOO\",\"description\":\"Wszystko dla Twojego tatua\u017cu\",\"publisher\":{\"@id\":\"https:\\\/\\\/med.tattoo\\\/ro\\\/#organization\"},\"potentialAction\":[{\"@type\":\"SearchAction\",\"target\":{\"@type\":\"EntryPoint\",\"urlTemplate\":\"https:\\\/\\\/med.tattoo\\\/ro\\\/?s={search_term_string}\"},\"query-input\":{\"@type\":\"PropertyValueSpecification\",\"valueRequired\":true,\"valueName\":\"search_term_string\"}}],\"inLanguage\":\"ro-RO\"},{\"@type\":\"Organization\",\"@id\":\"https:\\\/\\\/med.tattoo\\\/ro\\\/#organization\",\"name\":\"MED.TATTOO\",\"url\":\"https:\\\/\\\/med.tattoo\\\/ro\\\/\",\"logo\":{\"@type\":\"ImageObject\",\"inLanguage\":\"ro-RO\",\"@id\":\"https:\\\/\\\/med.tattoo\\\/ro\\\/#\\\/schema\\\/logo\\\/image\\\/\",\"url\":\"https:\\\/\\\/med.tattoo\\\/wp-content\\\/uploads\\\/2025\\\/05\\\/Bez-tytulu-600S300-px-1-e1658908183800.png\",\"contentUrl\":\"https:\\\/\\\/med.tattoo\\\/wp-content\\\/uploads\\\/2025\\\/05\\\/Bez-tytulu-600S300-px-1-e1658908183800.png\",\"width\":600,\"height\":61,\"caption\":\"MED.TATTOO\"},\"image\":{\"@id\":\"https:\\\/\\\/med.tattoo\\\/ro\\\/#\\\/schema\\\/logo\\\/image\\\/\"},\"sameAs\":[\"https:\\\/\\\/www.facebook.com\\\/profile.php?id=100084366705613\",\"https:\\\/\\\/www.instagram.com\\\/med.tattoo_official\\\/\"]}]}<\/script>\n<!-- \/ Yoast SEO plugin. -->","yoast_head_json":{"title":"Vaselin\u0103 cosmetic\u0103 alb\u0103 cu Vit. A+E 20g - MED.TATTOO","robots":{"index":"index","follow":"follow","max-snippet":"max-snippet:-1","max-image-preview":"max-image-preview:large","max-video-preview":"max-video-preview:-1"},"canonical":"https:\/\/med.tattoo\/ro\/produs\/vaselina-cosmetica-alba-cu-vit-ae-20g\/","og_locale":"ro_RO","og_type":"article","og_title":"Vaselin\u0103 cosmetic\u0103 alb\u0103 cu Vit. A+E 20g - MED.TATTOO","og_description":"Vaselina cosmetic\u0103 alb\u0103 cu vitamina A+E este destinat\u0103 \u00eengrijirii \u00eentregului corp, \u00een special a pielii uscate \u0219i a pielii predispuse la AD. Hipoalergenic, f\u0103r\u0103 parfum. Ac\u021biune Protejeaz\u0103, hr\u0103ne\u0219te, hidrateaz\u0103 pielea. Mod de utilizare Pentru uz extern. Note de utilizare V\u0103 rug\u0103m s\u0103 re\u021bine\u021bi c\u0103 un produs hipoalergenic nu garanteaz\u0103 c\u0103 nu exist\u0103 riscul unei reac\u021bii [&hellip;]","og_url":"https:\/\/med.tattoo\/ro\/produs\/vaselina-cosmetica-alba-cu-vit-ae-20g\/","og_site_name":"MED.TATTOO","article_publisher":"https:\/\/www.facebook.com\/profile.php?id=100084366705613","article_modified_time":"2025-05-15T07:39:01+00:00","og_image":[{"width":488,"height":600,"url":"https:\/\/med.tattoo\/wp-content\/uploads\/2025\/02\/ea7906277f62c32f9947c57472b04b0e.jpg","type":"image\/jpeg"}],"twitter_card":"summary_large_image","schema":{"@context":"https:\/\/schema.org","@graph":[{"@type":"WebPage","@id":"https:\/\/med.tattoo\/ro\/produs\/vaselina-cosmetica-alba-cu-vit-ae-20g\/","url":"https:\/\/med.tattoo\/ro\/produs\/vaselina-cosmetica-alba-cu-vit-ae-20g\/","name":"Vaselin\u0103 cosmetic\u0103 alb\u0103 cu Vit. A+E 20g - MED.TATTOO","isPartOf":{"@id":"https:\/\/med.tattoo\/ro\/#website"},"primaryImageOfPage":{"@id":"https:\/\/med.tattoo\/ro\/produs\/vaselina-cosmetica-alba-cu-vit-ae-20g\/#primaryimage"},"image":{"@id":"https:\/\/med.tattoo\/ro\/produs\/vaselina-cosmetica-alba-cu-vit-ae-20g\/#primaryimage"},"thumbnailUrl":"https:\/\/med.tattoo\/wp-content\/uploads\/2025\/02\/ea7906277f62c32f9947c57472b04b0e.jpg","datePublished":"2025-01-31T21:46:50+00:00","dateModified":"2025-05-15T07:39:01+00:00","breadcrumb":{"@id":"https:\/\/med.tattoo\/ro\/produs\/vaselina-cosmetica-alba-cu-vit-ae-20g\/#breadcrumb"},"inLanguage":"ro-RO","potentialAction":[{"@type":"ReadAction","target":["https:\/\/med.tattoo\/ro\/produs\/vaselina-cosmetica-alba-cu-vit-ae-20g\/"]}]},{"@type":"ImageObject","inLanguage":"ro-RO","@id":"https:\/\/med.tattoo\/ro\/produs\/vaselina-cosmetica-alba-cu-vit-ae-20g\/#primaryimage","url":"https:\/\/med.tattoo\/wp-content\/uploads\/2025\/02\/ea7906277f62c32f9947c57472b04b0e.jpg","contentUrl":"https:\/\/med.tattoo\/wp-content\/uploads\/2025\/02\/ea7906277f62c32f9947c57472b04b0e.jpg","width":488,"height":600},{"@type":"BreadcrumbList","@id":"https:\/\/med.tattoo\/ro\/produs\/vaselina-cosmetica-alba-cu-vit-ae-20g\/#breadcrumb","itemListElement":[{"@type":"ListItem","position":1,"name":"Strona G\u0142\u00f3wna","item":"https:\/\/med.tattoo\/ro\/"},{"@type":"ListItem","position":2,"name":"Magazin","item":"https:\/\/med.tattoo\/ro\/shop\/"},{"@type":"ListItem","position":3,"name":"Vaselin\u0103 cosmetic\u0103 alb\u0103 cu Vit. A+E 20g"}]},{"@type":"WebSite","@id":"https:\/\/med.tattoo\/ro\/#website","url":"https:\/\/med.tattoo\/ro\/","name":"MED.TATTOO","description":"Wszystko dla Twojego tatua\u017cu","publisher":{"@id":"https:\/\/med.tattoo\/ro\/#organization"},"potentialAction":[{"@type":"SearchAction","target":{"@type":"EntryPoint","urlTemplate":"https:\/\/med.tattoo\/ro\/?s={search_term_string}"},"query-input":{"@type":"PropertyValueSpecification","valueRequired":true,"valueName":"search_term_string"}}],"inLanguage":"ro-RO"},{"@type":"Organization","@id":"https:\/\/med.tattoo\/ro\/#organization","name":"MED.TATTOO","url":"https:\/\/med.tattoo\/ro\/","logo":{"@type":"ImageObject","inLanguage":"ro-RO","@id":"https:\/\/med.tattoo\/ro\/#\/schema\/logo\/image\/","url":"https:\/\/med.tattoo\/wp-content\/uploads\/2025\/05\/Bez-tytulu-600S300-px-1-e1658908183800.png","contentUrl":"https:\/\/med.tattoo\/wp-content\/uploads\/2025\/05\/Bez-tytulu-600S300-px-1-e1658908183800.png","width":600,"height":61,"caption":"MED.TATTOO"},"image":{"@id":"https:\/\/med.tattoo\/ro\/#\/schema\/logo\/image\/"},"sameAs":["https:\/\/www.facebook.com\/profile.php?id=100084366705613","https:\/\/www.instagram.com\/med.tattoo_official\/"]}]}},"_links":{"self":[{"href":"https:\/\/med.tattoo\/ro\/wp-json\/wp\/v2\/product\/5650","targetHints":{"allow":["GET"]}}],"collection":[{"href":"https:\/\/med.tattoo\/ro\/wp-json\/wp\/v2\/product"}],"about":[{"href":"https:\/\/med.tattoo\/ro\/wp-json\/wp\/v2\/types\/product"}],"replies":[{"embeddable":true,"href":"https:\/\/med.tattoo\/ro\/wp-json\/wp\/v2\/comments?post=5650"}],"wp:featuredmedia":[{"embeddable":true,"href":"https:\/\/med.tattoo\/ro\/wp-json\/wp\/v2\/media\/4347"}],"wp:attachment":[{"href":"https:\/\/med.tattoo\/ro\/wp-json\/wp\/v2\/media?parent=5650"}],"wp:term":[{"taxonomy":"product_brand","embeddable":true,"href":"https:\/\/med.tattoo\/ro\/wp-json\/wp\/v2\/product_brand?post=5650"},{"taxonomy":"product_cat","embeddable":true,"href":"https:\/\/med.tattoo\/ro\/wp-json\/wp\/v2\/product_cat?post=5650"},{"taxonomy":"product_tag","embeddable":true,"href":"https:\/\/med.tattoo\/ro\/wp-json\/wp\/v2\/product_tag?post=5650"}],"curies":[{"name":"wp","href":"https:\/\/api.w.org\/{rel}","templated":true}]}}