{"id":5656,"date":"2025-01-31T22:47:10","date_gmt":"2025-01-31T21:47:10","guid":{"rendered":"https:\/\/med.tattoo\/produkt\/marker-chirurgical-pentru-piele-cu-doua-fete-1-buc\/"},"modified":"2025-05-15T09:39:56","modified_gmt":"2025-05-15T07:39:56","slug":"marker-chirurgical-pentru-piele-cu-doua-fete-1-buc","status":"publish","type":"product","link":"https:\/\/med.tattoo\/ro\/produs\/marker-chirurgical-pentru-piele-cu-doua-fete-1-buc\/","title":{"rendered":"Marker chirurgical pentru piele cu dou\u0103 fe\u021be 1 buc"},"content":{"rendered":"<p>Marker medical cu dou\u0103 fe\u021be pentru marcarea pielii cu rigl\u0103, steril<\/p>\n<p>Culoare: violet<\/p>\n<p>Steril: da<\/p>\n<p>V\u00e2rf: standard 1.0mm + sub\u021bire 0.5mm<\/p>\n<p>Stilou marker chirurgical steril cu v\u00e2rf dublu. Conceput pentru marcarea zonelor selectate \u00eenainte \u0219i \u00een timpul procedurilor. Markerul este clar vizibil pe piele, iar rigla flexibil\u0103 inclus\u0103 faciliteaz\u0103 trasarea contururilor precise. Cerneala utilizat\u0103 se usuc\u0103 rapid, nu se murd\u0103re\u0219te, nu irit\u0103 pielea \u0219i nu este toxic\u0103. Este ideal pentru utilizarea \u00een chirurgia plastic\u0103, dermatologie sau \u00een saloanele de \u00eenfrumuse\u021bare pentru machiajul parmanent.    <\/p>\n<p>Propriet\u0103\u021bi:<\/p>\n<p>Marker chirurgical dublu<br \/>v\u00e2rfuri de 1,0 mm \u0219i 0,5 mm grosime<br \/>cerneal\u0103 violet\u0103 foarte vizibil\u0103 \u0219i cu uscare rapid\u0103 (solu\u021bie de gen\u021bian\u0103)<br \/>nu p\u0103teaz\u0103 \u0219i nu irit\u0103 pielea<br \/>non-toxic<br \/>rigl\u0103 flexibil\u0103 inclus\u0103 (m\u0103sur\u0103tori metrice \u0219i imperiale)<br \/>deta\u0219abil cu produse pe baz\u0103 de alcool<br \/>produs steril, de unic\u0103 folosin\u021b\u0103<br \/>ambalaj: h\u00e2rtie-foil<\/p>\n","protected":false},"excerpt":{"rendered":"<p>Marker medical cu dou\u0103 fe\u021be pentru marcarea pielii cu rigl\u0103, steril Culoare: violet Steril: da V\u00e2rf: standard 1.0mm + sub\u021bire 0.5mm Stilou marker chirurgical steril cu v\u00e2rf dublu. Conceput pentru marcarea zonelor selectate \u00eenainte \u0219i \u00een timpul procedurilor. Markerul este clar vizibil pe piele, iar rigla flexibil\u0103 inclus\u0103 faciliteaz\u0103 trasarea contururilor precise. Cerneala utilizat\u0103 se [&hellip;]<\/p>\n","protected":false},"featured_media":8743,"comment_status":"open","ping_status":"closed","template":"","meta":{"site-sidebar-layout":"default","site-content-layout":"","ast-site-content-layout":"default","site-content-style":"default","site-sidebar-style":"default","ast-global-header-display":"","ast-banner-title-visibility":"","ast-main-header-display":"","ast-hfb-above-header-display":"","ast-hfb-below-header-display":"","ast-hfb-mobile-header-display":"","site-post-title":"","ast-breadcrumbs-content":"","ast-featured-img":"","footer-sml-layout":"","ast-disable-related-posts":"","theme-transparent-header-meta":"","adv-header-id-meta":"","stick-header-meta":"","header-above-stick-meta":"","header-main-stick-meta":"","header-below-stick-meta":"","astra-migrate-meta-layouts":"default","ast-page-background-enabled":"default","ast-page-background-meta":{"desktop":{"background-color":"var(--ast-global-color-4)","background-image":"","background-repeat":"repeat","background-position":"center center","background-size":"auto","background-attachment":"scroll","background-type":"","background-media":"","overlay-type":"","overlay-color":"","overlay-opacity":"","overlay-gradient":""},"tablet":{"background-color":"","background-image":"","background-repeat":"repeat","background-position":"center center","background-size":"auto","background-attachment":"scroll","background-type":"","background-media":"","overlay-type":"","overlay-color":"","overlay-opacity":"","overlay-gradient":""},"mobile":{"background-color":"","background-image":"","background-repeat":"repeat","background-position":"center center","background-size":"auto","background-attachment":"scroll","background-type":"","background-media":"","overlay-type":"","overlay-color":"","overlay-opacity":"","overlay-gradient":""}},"ast-content-background-meta":{"desktop":{"background-color":"var(--ast-global-color-5)","background-image":"","background-repeat":"repeat","background-position":"center center","background-size":"auto","background-attachment":"scroll","background-type":"","background-media":"","overlay-type":"","overlay-color":"","overlay-opacity":"","overlay-gradient":""},"tablet":{"background-color":"var(--ast-global-color-5)","background-image":"","background-repeat":"repeat","background-position":"center center","background-size":"auto","background-attachment":"scroll","background-type":"","background-media":"","overlay-type":"","overlay-color":"","overlay-opacity":"","overlay-gradient":""},"mobile":{"background-color":"var(--ast-global-color-5)","background-image":"","background-repeat":"repeat","background-position":"center center","background-size":"auto","background-attachment":"scroll","background-type":"","background-media":"","overlay-type":"","overlay-color":"","overlay-opacity":"","overlay-gradient":""}}},"product_brand":[],"product_cat":[25],"product_tag":[],"class_list":{"0":"post-5656","1":"product","2":"type-product","3":"status-publish","4":"has-post-thumbnail","6":"product_cat-med-tattoo","7":"desktop-align-left","8":"tablet-align-left","9":"mobile-align-left","10":"ast-product-gallery-layout-horizontal-slider","11":"ast-product-tabs-layout-distributed","13":"first","14":"instock","15":"taxable","16":"shipping-taxable","17":"purchasable","18":"product-type-simple"},"yoast_head":"<!-- This site is optimized with the Yoast SEO plugin v27.3 - https:\/\/yoast.com\/product\/yoast-seo-wordpress\/ -->\n<title>Marker chirurgical pentru piele cu dou\u0103 fe\u021be 1 buc - MED.TATTOO<\/title>\n<meta name=\"robots\" content=\"index, follow, max-snippet:-1, max-image-preview:large, max-video-preview:-1\" \/>\n<link rel=\"canonical\" href=\"https:\/\/med.tattoo\/ro\/produs\/marker-chirurgical-pentru-piele-cu-doua-fete-1-buc\/\" \/>\n<meta property=\"og:locale\" content=\"ro_RO\" \/>\n<meta property=\"og:type\" content=\"article\" \/>\n<meta property=\"og:title\" content=\"Marker chirurgical pentru piele cu dou\u0103 fe\u021be 1 buc - MED.TATTOO\" \/>\n<meta property=\"og:description\" content=\"Marker medical cu dou\u0103 fe\u021be pentru marcarea pielii cu rigl\u0103, steril Culoare: violet Steril: da V\u00e2rf: standard 1.0mm + sub\u021bire 0.5mm Stilou marker chirurgical steril cu v\u00e2rf dublu. Conceput pentru marcarea zonelor selectate \u00eenainte \u0219i \u00een timpul procedurilor. Markerul este clar vizibil pe piele, iar rigla flexibil\u0103 inclus\u0103 faciliteaz\u0103 trasarea contururilor precise. Cerneala utilizat\u0103 se [&hellip;]\" \/>\n<meta property=\"og:url\" content=\"https:\/\/med.tattoo\/ro\/produs\/marker-chirurgical-pentru-piele-cu-doua-fete-1-buc\/\" \/>\n<meta property=\"og:site_name\" content=\"MED.TATTOO\" \/>\n<meta property=\"article:publisher\" content=\"https:\/\/www.facebook.com\/profile.php?id=100084366705613\" \/>\n<meta property=\"article:modified_time\" content=\"2025-05-15T07:39:56+00:00\" \/>\n<meta property=\"og:image\" content=\"https:\/\/med.tattoo\/wp-content\/uploads\/2025\/05\/2188_marker-chirurgiczny-do-skory-dwustronny-1szt_1742990451.jpg\" \/>\n\t<meta property=\"og:image:width\" content=\"800\" \/>\n\t<meta property=\"og:image:height\" content=\"329\" \/>\n\t<meta property=\"og:image:type\" content=\"image\/jpeg\" \/>\n<meta name=\"twitter:card\" content=\"summary_large_image\" \/>\n<meta name=\"twitter:label1\" content=\"Timp estimat pentru citire\" \/>\n\t<meta name=\"twitter:data1\" content=\"1 minut\" \/>\n<script type=\"application\/ld+json\" class=\"yoast-schema-graph\">{\"@context\":\"https:\\\/\\\/schema.org\",\"@graph\":[{\"@type\":\"WebPage\",\"@id\":\"https:\\\/\\\/med.tattoo\\\/ro\\\/produs\\\/marker-chirurgical-pentru-piele-cu-doua-fete-1-buc\\\/\",\"url\":\"https:\\\/\\\/med.tattoo\\\/ro\\\/produs\\\/marker-chirurgical-pentru-piele-cu-doua-fete-1-buc\\\/\",\"name\":\"Marker chirurgical pentru piele cu dou\u0103 fe\u021be 1 buc - MED.TATTOO\",\"isPartOf\":{\"@id\":\"https:\\\/\\\/med.tattoo\\\/ro\\\/#website\"},\"primaryImageOfPage\":{\"@id\":\"https:\\\/\\\/med.tattoo\\\/ro\\\/produs\\\/marker-chirurgical-pentru-piele-cu-doua-fete-1-buc\\\/#primaryimage\"},\"image\":{\"@id\":\"https:\\\/\\\/med.tattoo\\\/ro\\\/produs\\\/marker-chirurgical-pentru-piele-cu-doua-fete-1-buc\\\/#primaryimage\"},\"thumbnailUrl\":\"https:\\\/\\\/med.tattoo\\\/wp-content\\\/uploads\\\/2025\\\/05\\\/2188_marker-chirurgiczny-do-skory-dwustronny-1szt_1742990451.jpg\",\"datePublished\":\"2025-01-31T21:47:10+00:00\",\"dateModified\":\"2025-05-15T07:39:56+00:00\",\"breadcrumb\":{\"@id\":\"https:\\\/\\\/med.tattoo\\\/ro\\\/produs\\\/marker-chirurgical-pentru-piele-cu-doua-fete-1-buc\\\/#breadcrumb\"},\"inLanguage\":\"ro-RO\",\"potentialAction\":[{\"@type\":\"ReadAction\",\"target\":[\"https:\\\/\\\/med.tattoo\\\/ro\\\/produs\\\/marker-chirurgical-pentru-piele-cu-doua-fete-1-buc\\\/\"]}]},{\"@type\":\"ImageObject\",\"inLanguage\":\"ro-RO\",\"@id\":\"https:\\\/\\\/med.tattoo\\\/ro\\\/produs\\\/marker-chirurgical-pentru-piele-cu-doua-fete-1-buc\\\/#primaryimage\",\"url\":\"https:\\\/\\\/med.tattoo\\\/wp-content\\\/uploads\\\/2025\\\/05\\\/2188_marker-chirurgiczny-do-skory-dwustronny-1szt_1742990451.jpg\",\"contentUrl\":\"https:\\\/\\\/med.tattoo\\\/wp-content\\\/uploads\\\/2025\\\/05\\\/2188_marker-chirurgiczny-do-skory-dwustronny-1szt_1742990451.jpg\",\"width\":800,\"height\":329},{\"@type\":\"BreadcrumbList\",\"@id\":\"https:\\\/\\\/med.tattoo\\\/ro\\\/produs\\\/marker-chirurgical-pentru-piele-cu-doua-fete-1-buc\\\/#breadcrumb\",\"itemListElement\":[{\"@type\":\"ListItem\",\"position\":1,\"name\":\"Strona G\u0142\u00f3wna\",\"item\":\"https:\\\/\\\/med.tattoo\\\/ro\\\/\"},{\"@type\":\"ListItem\",\"position\":2,\"name\":\"Magazin\",\"item\":\"https:\\\/\\\/med.tattoo\\\/ro\\\/shop\\\/\"},{\"@type\":\"ListItem\",\"position\":3,\"name\":\"Marker chirurgical pentru piele cu dou\u0103 fe\u021be 1 buc\"}]},{\"@type\":\"WebSite\",\"@id\":\"https:\\\/\\\/med.tattoo\\\/ro\\\/#website\",\"url\":\"https:\\\/\\\/med.tattoo\\\/ro\\\/\",\"name\":\"MED.TATTOO\",\"description\":\"Wszystko dla Twojego tatua\u017cu\",\"publisher\":{\"@id\":\"https:\\\/\\\/med.tattoo\\\/ro\\\/#organization\"},\"potentialAction\":[{\"@type\":\"SearchAction\",\"target\":{\"@type\":\"EntryPoint\",\"urlTemplate\":\"https:\\\/\\\/med.tattoo\\\/ro\\\/?s={search_term_string}\"},\"query-input\":{\"@type\":\"PropertyValueSpecification\",\"valueRequired\":true,\"valueName\":\"search_term_string\"}}],\"inLanguage\":\"ro-RO\"},{\"@type\":\"Organization\",\"@id\":\"https:\\\/\\\/med.tattoo\\\/ro\\\/#organization\",\"name\":\"MED.TATTOO\",\"url\":\"https:\\\/\\\/med.tattoo\\\/ro\\\/\",\"logo\":{\"@type\":\"ImageObject\",\"inLanguage\":\"ro-RO\",\"@id\":\"https:\\\/\\\/med.tattoo\\\/ro\\\/#\\\/schema\\\/logo\\\/image\\\/\",\"url\":\"https:\\\/\\\/med.tattoo\\\/wp-content\\\/uploads\\\/2025\\\/05\\\/Bez-tytulu-600S300-px-1-e1658908183800.png\",\"contentUrl\":\"https:\\\/\\\/med.tattoo\\\/wp-content\\\/uploads\\\/2025\\\/05\\\/Bez-tytulu-600S300-px-1-e1658908183800.png\",\"width\":600,\"height\":61,\"caption\":\"MED.TATTOO\"},\"image\":{\"@id\":\"https:\\\/\\\/med.tattoo\\\/ro\\\/#\\\/schema\\\/logo\\\/image\\\/\"},\"sameAs\":[\"https:\\\/\\\/www.facebook.com\\\/profile.php?id=100084366705613\",\"https:\\\/\\\/www.instagram.com\\\/med.tattoo_official\\\/\"]}]}<\/script>\n<!-- \/ Yoast SEO plugin. -->","yoast_head_json":{"title":"Marker chirurgical pentru piele cu dou\u0103 fe\u021be 1 buc - MED.TATTOO","robots":{"index":"index","follow":"follow","max-snippet":"max-snippet:-1","max-image-preview":"max-image-preview:large","max-video-preview":"max-video-preview:-1"},"canonical":"https:\/\/med.tattoo\/ro\/produs\/marker-chirurgical-pentru-piele-cu-doua-fete-1-buc\/","og_locale":"ro_RO","og_type":"article","og_title":"Marker chirurgical pentru piele cu dou\u0103 fe\u021be 1 buc - MED.TATTOO","og_description":"Marker medical cu dou\u0103 fe\u021be pentru marcarea pielii cu rigl\u0103, steril Culoare: violet Steril: da V\u00e2rf: standard 1.0mm + sub\u021bire 0.5mm Stilou marker chirurgical steril cu v\u00e2rf dublu. Conceput pentru marcarea zonelor selectate \u00eenainte \u0219i \u00een timpul procedurilor. Markerul este clar vizibil pe piele, iar rigla flexibil\u0103 inclus\u0103 faciliteaz\u0103 trasarea contururilor precise. Cerneala utilizat\u0103 se [&hellip;]","og_url":"https:\/\/med.tattoo\/ro\/produs\/marker-chirurgical-pentru-piele-cu-doua-fete-1-buc\/","og_site_name":"MED.TATTOO","article_publisher":"https:\/\/www.facebook.com\/profile.php?id=100084366705613","article_modified_time":"2025-05-15T07:39:56+00:00","og_image":[{"width":800,"height":329,"url":"https:\/\/med.tattoo\/wp-content\/uploads\/2025\/05\/2188_marker-chirurgiczny-do-skory-dwustronny-1szt_1742990451.jpg","type":"image\/jpeg"}],"twitter_card":"summary_large_image","twitter_misc":{"Timp estimat pentru citire":"1 minut"},"schema":{"@context":"https:\/\/schema.org","@graph":[{"@type":"WebPage","@id":"https:\/\/med.tattoo\/ro\/produs\/marker-chirurgical-pentru-piele-cu-doua-fete-1-buc\/","url":"https:\/\/med.tattoo\/ro\/produs\/marker-chirurgical-pentru-piele-cu-doua-fete-1-buc\/","name":"Marker chirurgical pentru piele cu dou\u0103 fe\u021be 1 buc - MED.TATTOO","isPartOf":{"@id":"https:\/\/med.tattoo\/ro\/#website"},"primaryImageOfPage":{"@id":"https:\/\/med.tattoo\/ro\/produs\/marker-chirurgical-pentru-piele-cu-doua-fete-1-buc\/#primaryimage"},"image":{"@id":"https:\/\/med.tattoo\/ro\/produs\/marker-chirurgical-pentru-piele-cu-doua-fete-1-buc\/#primaryimage"},"thumbnailUrl":"https:\/\/med.tattoo\/wp-content\/uploads\/2025\/05\/2188_marker-chirurgiczny-do-skory-dwustronny-1szt_1742990451.jpg","datePublished":"2025-01-31T21:47:10+00:00","dateModified":"2025-05-15T07:39:56+00:00","breadcrumb":{"@id":"https:\/\/med.tattoo\/ro\/produs\/marker-chirurgical-pentru-piele-cu-doua-fete-1-buc\/#breadcrumb"},"inLanguage":"ro-RO","potentialAction":[{"@type":"ReadAction","target":["https:\/\/med.tattoo\/ro\/produs\/marker-chirurgical-pentru-piele-cu-doua-fete-1-buc\/"]}]},{"@type":"ImageObject","inLanguage":"ro-RO","@id":"https:\/\/med.tattoo\/ro\/produs\/marker-chirurgical-pentru-piele-cu-doua-fete-1-buc\/#primaryimage","url":"https:\/\/med.tattoo\/wp-content\/uploads\/2025\/05\/2188_marker-chirurgiczny-do-skory-dwustronny-1szt_1742990451.jpg","contentUrl":"https:\/\/med.tattoo\/wp-content\/uploads\/2025\/05\/2188_marker-chirurgiczny-do-skory-dwustronny-1szt_1742990451.jpg","width":800,"height":329},{"@type":"BreadcrumbList","@id":"https:\/\/med.tattoo\/ro\/produs\/marker-chirurgical-pentru-piele-cu-doua-fete-1-buc\/#breadcrumb","itemListElement":[{"@type":"ListItem","position":1,"name":"Strona G\u0142\u00f3wna","item":"https:\/\/med.tattoo\/ro\/"},{"@type":"ListItem","position":2,"name":"Magazin","item":"https:\/\/med.tattoo\/ro\/shop\/"},{"@type":"ListItem","position":3,"name":"Marker chirurgical pentru piele cu dou\u0103 fe\u021be 1 buc"}]},{"@type":"WebSite","@id":"https:\/\/med.tattoo\/ro\/#website","url":"https:\/\/med.tattoo\/ro\/","name":"MED.TATTOO","description":"Wszystko dla Twojego tatua\u017cu","publisher":{"@id":"https:\/\/med.tattoo\/ro\/#organization"},"potentialAction":[{"@type":"SearchAction","target":{"@type":"EntryPoint","urlTemplate":"https:\/\/med.tattoo\/ro\/?s={search_term_string}"},"query-input":{"@type":"PropertyValueSpecification","valueRequired":true,"valueName":"search_term_string"}}],"inLanguage":"ro-RO"},{"@type":"Organization","@id":"https:\/\/med.tattoo\/ro\/#organization","name":"MED.TATTOO","url":"https:\/\/med.tattoo\/ro\/","logo":{"@type":"ImageObject","inLanguage":"ro-RO","@id":"https:\/\/med.tattoo\/ro\/#\/schema\/logo\/image\/","url":"https:\/\/med.tattoo\/wp-content\/uploads\/2025\/05\/Bez-tytulu-600S300-px-1-e1658908183800.png","contentUrl":"https:\/\/med.tattoo\/wp-content\/uploads\/2025\/05\/Bez-tytulu-600S300-px-1-e1658908183800.png","width":600,"height":61,"caption":"MED.TATTOO"},"image":{"@id":"https:\/\/med.tattoo\/ro\/#\/schema\/logo\/image\/"},"sameAs":["https:\/\/www.facebook.com\/profile.php?id=100084366705613","https:\/\/www.instagram.com\/med.tattoo_official\/"]}]}},"_links":{"self":[{"href":"https:\/\/med.tattoo\/ro\/wp-json\/wp\/v2\/product\/5656","targetHints":{"allow":["GET"]}}],"collection":[{"href":"https:\/\/med.tattoo\/ro\/wp-json\/wp\/v2\/product"}],"about":[{"href":"https:\/\/med.tattoo\/ro\/wp-json\/wp\/v2\/types\/product"}],"replies":[{"embeddable":true,"href":"https:\/\/med.tattoo\/ro\/wp-json\/wp\/v2\/comments?post=5656"}],"wp:featuredmedia":[{"embeddable":true,"href":"https:\/\/med.tattoo\/ro\/wp-json\/wp\/v2\/media\/8743"}],"wp:attachment":[{"href":"https:\/\/med.tattoo\/ro\/wp-json\/wp\/v2\/media?parent=5656"}],"wp:term":[{"taxonomy":"product_brand","embeddable":true,"href":"https:\/\/med.tattoo\/ro\/wp-json\/wp\/v2\/product_brand?post=5656"},{"taxonomy":"product_cat","embeddable":true,"href":"https:\/\/med.tattoo\/ro\/wp-json\/wp\/v2\/product_cat?post=5656"},{"taxonomy":"product_tag","embeddable":true,"href":"https:\/\/med.tattoo\/ro\/wp-json\/wp\/v2\/product_tag?post=5656"}],"curies":[{"name":"wp","href":"https:\/\/api.w.org\/{rel}","templated":true}]}}