{"id":5778,"date":"2021-08-20T10:45:35","date_gmt":"2021-08-20T08:45:35","guid":{"rendered":"https:\/\/med.tattoo\/produkt\/med-tattoo-color-booster-ulei-pentru-ingrijirea-tatuajelor-100ml\/"},"modified":"2025-05-15T09:26:30","modified_gmt":"2025-05-15T07:26:30","slug":"med-tattoo-color-booster-ulei-pentru-ingrijirea-tatuajelor-100ml","status":"publish","type":"product","link":"https:\/\/med.tattoo\/ro\/produs\/med-tattoo-color-booster-ulei-pentru-ingrijirea-tatuajelor-100ml\/","title":{"rendered":"MED.TATTOO COLOR BOOSTER &#8211; ulei pentru \u00eengrijirea tatuajelor 100ml"},"content":{"rendered":"<p>Ulei de \u00eengrijire \u0219i stimulare a tatuajelor cu extract de g\u0103lbenele<\/p>\n<p>Ulei de calendula pentru \u00eengrijirea \u0219i \u00eembun\u0103t\u0103\u021birea tatuajelor<\/p>\n<p>O compozi\u021bie atent selectat\u0103 de uleiuri vegetale \u00eembog\u0103\u021bite cu extracte de calendula \u0219i mu\u0219e\u021bel \u0219i vitamina E<br \/>\uf0fc hr\u0103ne\u0219te \u0219i neteze\u0219te, sus\u021bine regenerarea pielii<br \/>\uf0fc hidrateaz\u0103 intens pielea, previne uscarea ei<br \/>\uf0fc \u00eembun\u0103t\u0103\u021be\u0219te circula\u021bia s\u00e2ngelui,<br \/>\uf0fc are efect antibacterian, dezinfectant \u0219i calmant<br \/>\uf0fc se absoarbe perfect,<br \/>\uf0fc las\u0103 o pelicul\u0103 protectoare f\u0103r\u0103 senza\u021bie de gr\u0103sime.<br \/>.<br \/>A se p\u0103stra la temperatura camerei; evita\u021bi lumina soarelui<br \/>ambalaj: atomizor 100ml  <\/p>\n<p>aplicare: freca\u021bi cantit\u0103\u021bi mici de ulei &#8211; tampona\u021bi u\u0219or pielea tatuat\u0103  <\/p>\n<p>A se p\u0103stra la temperatura camerei<\/p>\n<p>Ingrediente: Olea Europea (Olive) Fruit Oil (and) Callendula Officinalis Flower Extract, Prunus amygdalus Dulcis (Sweeet Almond) Oil, , Simmondsia Chinensis (Jojoba) Seed Oil, Macademia Ternifolia Seed Oil, Persea Gratissima (Avocado) Oil, Amarantus cruentus Oil, Tocopheryl Acetate,Chamomilla Recuita Extract Parfum.<\/p>\n<p>lista ingredientelor indicate este \u00een conformitate cu stadiul actual de fabrica\u021bie<\/p>\n","protected":false},"excerpt":{"rendered":"<p>Ulei de \u00eengrijire \u0219i stimulare a tatuajelor cu extract de g\u0103lbenele Ulei de calendula pentru \u00eengrijirea \u0219i \u00eembun\u0103t\u0103\u021birea tatuajelor O compozi\u021bie atent selectat\u0103 de uleiuri vegetale \u00eembog\u0103\u021bite cu extracte de calendula \u0219i mu\u0219e\u021bel \u0219i vitamina E\uf0fc hr\u0103ne\u0219te \u0219i neteze\u0219te, sus\u021bine regenerarea pielii\uf0fc hidrateaz\u0103 intens pielea, previne uscarea ei\uf0fc \u00eembun\u0103t\u0103\u021be\u0219te circula\u021bia s\u00e2ngelui,\uf0fc are efect antibacterian, dezinfectant [&hellip;]<\/p>\n","protected":false},"featured_media":10724,"comment_status":"open","ping_status":"closed","template":"","meta":{"site-sidebar-layout":"default","site-content-layout":"content-boxed-container","ast-site-content-layout":"default","site-content-style":"default","site-sidebar-style":"default","ast-global-header-display":"","ast-banner-title-visibility":"","ast-main-header-display":"","ast-hfb-above-header-display":"","ast-hfb-below-header-display":"","ast-hfb-mobile-header-display":"","site-post-title":"","ast-breadcrumbs-content":"","ast-featured-img":"","footer-sml-layout":"","ast-disable-related-posts":"","theme-transparent-header-meta":"disabled","adv-header-id-meta":"","stick-header-meta":"enabled","header-above-stick-meta":"on","header-main-stick-meta":"on","header-below-stick-meta":"on","astra-migrate-meta-layouts":"default","ast-page-background-enabled":"default","ast-page-background-meta":{"desktop":{"background-color":"var(--ast-global-color-4)","background-image":"","background-repeat":"repeat","background-position":"center center","background-size":"auto","background-attachment":"scroll","background-type":"","background-media":"","overlay-type":"","overlay-color":"","overlay-opacity":"","overlay-gradient":""},"tablet":{"background-color":"","background-image":"","background-repeat":"repeat","background-position":"center center","background-size":"auto","background-attachment":"scroll","background-type":"","background-media":"","overlay-type":"","overlay-color":"","overlay-opacity":"","overlay-gradient":""},"mobile":{"background-color":"","background-image":"","background-repeat":"repeat","background-position":"center center","background-size":"auto","background-attachment":"scroll","background-type":"","background-media":"","overlay-type":"","overlay-color":"","overlay-opacity":"","overlay-gradient":""}},"ast-content-background-meta":{"desktop":{"background-color":"var(--ast-global-color-5)","background-image":"","background-repeat":"repeat","background-position":"center center","background-size":"auto","background-attachment":"scroll","background-type":"","background-media":"","overlay-type":"","overlay-color":"","overlay-opacity":"","overlay-gradient":""},"tablet":{"background-color":"var(--ast-global-color-5)","background-image":"","background-repeat":"repeat","background-position":"center center","background-size":"auto","background-attachment":"scroll","background-type":"","background-media":"","overlay-type":"","overlay-color":"","overlay-opacity":"","overlay-gradient":""},"mobile":{"background-color":"var(--ast-global-color-5)","background-image":"","background-repeat":"repeat","background-position":"center center","background-size":"auto","background-attachment":"scroll","background-type":"","background-media":"","overlay-type":"","overlay-color":"","overlay-opacity":"","overlay-gradient":""}}},"product_brand":[],"product_cat":[25],"product_tag":[],"class_list":{"0":"post-5778","1":"product","2":"type-product","3":"status-publish","4":"has-post-thumbnail","6":"product_cat-med-tattoo","7":"desktop-align-left","8":"tablet-align-left","9":"mobile-align-left","10":"ast-product-gallery-layout-horizontal-slider","11":"ast-product-gallery-with-no-image","12":"ast-product-tabs-layout-distributed","14":"first","15":"instock","16":"taxable","17":"shipping-taxable","18":"purchasable","19":"product-type-simple"},"yoast_head":"<!-- This site is optimized with the Yoast SEO plugin v27.4 - https:\/\/yoast.com\/product\/yoast-seo-wordpress\/ -->\n<title>MED.TATTOO COLOR BOOSTER - ulei pentru \u00eengrijirea tatuajelor 100ml - MED.TATTOO<\/title>\n<meta name=\"robots\" content=\"index, follow, max-snippet:-1, max-image-preview:large, max-video-preview:-1\" \/>\n<link rel=\"canonical\" href=\"https:\/\/med.tattoo\/ro\/produs\/med-tattoo-color-booster-ulei-pentru-ingrijirea-tatuajelor-100ml\/\" \/>\n<meta property=\"og:locale\" content=\"ro_RO\" \/>\n<meta property=\"og:type\" content=\"article\" \/>\n<meta property=\"og:title\" content=\"MED.TATTOO COLOR BOOSTER - ulei pentru \u00eengrijirea tatuajelor 100ml - MED.TATTOO\" \/>\n<meta property=\"og:description\" content=\"Ulei de \u00eengrijire \u0219i stimulare a tatuajelor cu extract de g\u0103lbenele Ulei de calendula pentru \u00eengrijirea \u0219i \u00eembun\u0103t\u0103\u021birea tatuajelor O compozi\u021bie atent selectat\u0103 de uleiuri vegetale \u00eembog\u0103\u021bite cu extracte de calendula \u0219i mu\u0219e\u021bel \u0219i vitamina E\uf0fc hr\u0103ne\u0219te \u0219i neteze\u0219te, sus\u021bine regenerarea pielii\uf0fc hidrateaz\u0103 intens pielea, previne uscarea ei\uf0fc \u00eembun\u0103t\u0103\u021be\u0219te circula\u021bia s\u00e2ngelui,\uf0fc are efect antibacterian, dezinfectant [&hellip;]\" \/>\n<meta property=\"og:url\" content=\"https:\/\/med.tattoo\/ro\/produs\/med-tattoo-color-booster-ulei-pentru-ingrijirea-tatuajelor-100ml\/\" \/>\n<meta property=\"og:site_name\" content=\"MED.TATTOO\" \/>\n<meta property=\"article:publisher\" content=\"https:\/\/www.facebook.com\/profile.php?id=100084366705613\" \/>\n<meta property=\"article:modified_time\" content=\"2025-05-15T07:26:30+00:00\" \/>\n<meta name=\"twitter:card\" content=\"summary_large_image\" \/>\n<meta name=\"twitter:label1\" content=\"Timp estimat pentru citire\" \/>\n\t<meta name=\"twitter:data1\" content=\"1 minut\" \/>\n<script type=\"application\/ld+json\" class=\"yoast-schema-graph\">{\"@context\":\"https:\\\/\\\/schema.org\",\"@graph\":[{\"@type\":\"WebPage\",\"@id\":\"https:\\\/\\\/med.tattoo\\\/ro\\\/produs\\\/med-tattoo-color-booster-ulei-pentru-ingrijirea-tatuajelor-100ml\\\/\",\"url\":\"https:\\\/\\\/med.tattoo\\\/ro\\\/produs\\\/med-tattoo-color-booster-ulei-pentru-ingrijirea-tatuajelor-100ml\\\/\",\"name\":\"MED.TATTOO COLOR BOOSTER - ulei pentru \u00eengrijirea tatuajelor 100ml - MED.TATTOO\",\"isPartOf\":{\"@id\":\"https:\\\/\\\/med.tattoo\\\/ro\\\/#website\"},\"primaryImageOfPage\":{\"@id\":\"https:\\\/\\\/med.tattoo\\\/ro\\\/produs\\\/med-tattoo-color-booster-ulei-pentru-ingrijirea-tatuajelor-100ml\\\/#primaryimage\"},\"image\":{\"@id\":\"https:\\\/\\\/med.tattoo\\\/ro\\\/produs\\\/med-tattoo-color-booster-ulei-pentru-ingrijirea-tatuajelor-100ml\\\/#primaryimage\"},\"thumbnailUrl\":\"https:\\\/\\\/med.tattoo\\\/wp-content\\\/uploads\\\/2025\\\/05\\\/142_med.tattoo-olejek-do-pielegnacji-tatuazu-100ml_1742990451.jpg\",\"datePublished\":\"2021-08-20T08:45:35+00:00\",\"dateModified\":\"2025-05-15T07:26:30+00:00\",\"breadcrumb\":{\"@id\":\"https:\\\/\\\/med.tattoo\\\/ro\\\/produs\\\/med-tattoo-color-booster-ulei-pentru-ingrijirea-tatuajelor-100ml\\\/#breadcrumb\"},\"inLanguage\":\"ro-RO\",\"potentialAction\":[{\"@type\":\"ReadAction\",\"target\":[\"https:\\\/\\\/med.tattoo\\\/ro\\\/produs\\\/med-tattoo-color-booster-ulei-pentru-ingrijirea-tatuajelor-100ml\\\/\"]}]},{\"@type\":\"ImageObject\",\"inLanguage\":\"ro-RO\",\"@id\":\"https:\\\/\\\/med.tattoo\\\/ro\\\/produs\\\/med-tattoo-color-booster-ulei-pentru-ingrijirea-tatuajelor-100ml\\\/#primaryimage\",\"url\":\"https:\\\/\\\/med.tattoo\\\/wp-content\\\/uploads\\\/2025\\\/05\\\/142_med.tattoo-olejek-do-pielegnacji-tatuazu-100ml_1742990451.jpg\",\"contentUrl\":\"https:\\\/\\\/med.tattoo\\\/wp-content\\\/uploads\\\/2025\\\/05\\\/142_med.tattoo-olejek-do-pielegnacji-tatuazu-100ml_1742990451.jpg\",\"width\":380,\"height\":700},{\"@type\":\"BreadcrumbList\",\"@id\":\"https:\\\/\\\/med.tattoo\\\/ro\\\/produs\\\/med-tattoo-color-booster-ulei-pentru-ingrijirea-tatuajelor-100ml\\\/#breadcrumb\",\"itemListElement\":[{\"@type\":\"ListItem\",\"position\":1,\"name\":\"Strona G\u0142\u00f3wna\",\"item\":\"https:\\\/\\\/med.tattoo\\\/ro\\\/\"},{\"@type\":\"ListItem\",\"position\":2,\"name\":\"Magazin\",\"item\":\"https:\\\/\\\/med.tattoo\\\/ro\\\/shop\\\/\"},{\"@type\":\"ListItem\",\"position\":3,\"name\":\"MED.TATTOO COLOR BOOSTER &#8211; ulei pentru \u00eengrijirea tatuajelor 100ml\"}]},{\"@type\":\"WebSite\",\"@id\":\"https:\\\/\\\/med.tattoo\\\/ro\\\/#website\",\"url\":\"https:\\\/\\\/med.tattoo\\\/ro\\\/\",\"name\":\"MED.TATTOO\",\"description\":\"Wszystko dla Twojego tatua\u017cu\",\"publisher\":{\"@id\":\"https:\\\/\\\/med.tattoo\\\/ro\\\/#organization\"},\"potentialAction\":[{\"@type\":\"SearchAction\",\"target\":{\"@type\":\"EntryPoint\",\"urlTemplate\":\"https:\\\/\\\/med.tattoo\\\/ro\\\/?s={search_term_string}\"},\"query-input\":{\"@type\":\"PropertyValueSpecification\",\"valueRequired\":true,\"valueName\":\"search_term_string\"}}],\"inLanguage\":\"ro-RO\"},{\"@type\":\"Organization\",\"@id\":\"https:\\\/\\\/med.tattoo\\\/ro\\\/#organization\",\"name\":\"MED.TATTOO\",\"url\":\"https:\\\/\\\/med.tattoo\\\/ro\\\/\",\"logo\":{\"@type\":\"ImageObject\",\"inLanguage\":\"ro-RO\",\"@id\":\"https:\\\/\\\/med.tattoo\\\/ro\\\/#\\\/schema\\\/logo\\\/image\\\/\",\"url\":\"https:\\\/\\\/med.tattoo\\\/wp-content\\\/uploads\\\/2025\\\/05\\\/Bez-tytulu-600S300-px-1-e1658908183800.png\",\"contentUrl\":\"https:\\\/\\\/med.tattoo\\\/wp-content\\\/uploads\\\/2025\\\/05\\\/Bez-tytulu-600S300-px-1-e1658908183800.png\",\"width\":600,\"height\":61,\"caption\":\"MED.TATTOO\"},\"image\":{\"@id\":\"https:\\\/\\\/med.tattoo\\\/ro\\\/#\\\/schema\\\/logo\\\/image\\\/\"},\"sameAs\":[\"https:\\\/\\\/www.facebook.com\\\/profile.php?id=100084366705613\",\"https:\\\/\\\/www.instagram.com\\\/med.tattoo_official\\\/\"]}]}<\/script>\n<!-- \/ Yoast SEO plugin. -->","yoast_head_json":{"title":"MED.TATTOO COLOR BOOSTER - ulei pentru \u00eengrijirea tatuajelor 100ml - MED.TATTOO","robots":{"index":"index","follow":"follow","max-snippet":"max-snippet:-1","max-image-preview":"max-image-preview:large","max-video-preview":"max-video-preview:-1"},"canonical":"https:\/\/med.tattoo\/ro\/produs\/med-tattoo-color-booster-ulei-pentru-ingrijirea-tatuajelor-100ml\/","og_locale":"ro_RO","og_type":"article","og_title":"MED.TATTOO COLOR BOOSTER - ulei pentru \u00eengrijirea tatuajelor 100ml - MED.TATTOO","og_description":"Ulei de \u00eengrijire \u0219i stimulare a tatuajelor cu extract de g\u0103lbenele Ulei de calendula pentru \u00eengrijirea \u0219i \u00eembun\u0103t\u0103\u021birea tatuajelor O compozi\u021bie atent selectat\u0103 de uleiuri vegetale \u00eembog\u0103\u021bite cu extracte de calendula \u0219i mu\u0219e\u021bel \u0219i vitamina E\uf0fc hr\u0103ne\u0219te \u0219i neteze\u0219te, sus\u021bine regenerarea pielii\uf0fc hidrateaz\u0103 intens pielea, previne uscarea ei\uf0fc \u00eembun\u0103t\u0103\u021be\u0219te circula\u021bia s\u00e2ngelui,\uf0fc are efect antibacterian, dezinfectant [&hellip;]","og_url":"https:\/\/med.tattoo\/ro\/produs\/med-tattoo-color-booster-ulei-pentru-ingrijirea-tatuajelor-100ml\/","og_site_name":"MED.TATTOO","article_publisher":"https:\/\/www.facebook.com\/profile.php?id=100084366705613","article_modified_time":"2025-05-15T07:26:30+00:00","twitter_card":"summary_large_image","twitter_misc":{"Timp estimat pentru citire":"1 minut"},"schema":{"@context":"https:\/\/schema.org","@graph":[{"@type":"WebPage","@id":"https:\/\/med.tattoo\/ro\/produs\/med-tattoo-color-booster-ulei-pentru-ingrijirea-tatuajelor-100ml\/","url":"https:\/\/med.tattoo\/ro\/produs\/med-tattoo-color-booster-ulei-pentru-ingrijirea-tatuajelor-100ml\/","name":"MED.TATTOO COLOR BOOSTER - ulei pentru \u00eengrijirea tatuajelor 100ml - MED.TATTOO","isPartOf":{"@id":"https:\/\/med.tattoo\/ro\/#website"},"primaryImageOfPage":{"@id":"https:\/\/med.tattoo\/ro\/produs\/med-tattoo-color-booster-ulei-pentru-ingrijirea-tatuajelor-100ml\/#primaryimage"},"image":{"@id":"https:\/\/med.tattoo\/ro\/produs\/med-tattoo-color-booster-ulei-pentru-ingrijirea-tatuajelor-100ml\/#primaryimage"},"thumbnailUrl":"https:\/\/med.tattoo\/wp-content\/uploads\/2025\/05\/142_med.tattoo-olejek-do-pielegnacji-tatuazu-100ml_1742990451.jpg","datePublished":"2021-08-20T08:45:35+00:00","dateModified":"2025-05-15T07:26:30+00:00","breadcrumb":{"@id":"https:\/\/med.tattoo\/ro\/produs\/med-tattoo-color-booster-ulei-pentru-ingrijirea-tatuajelor-100ml\/#breadcrumb"},"inLanguage":"ro-RO","potentialAction":[{"@type":"ReadAction","target":["https:\/\/med.tattoo\/ro\/produs\/med-tattoo-color-booster-ulei-pentru-ingrijirea-tatuajelor-100ml\/"]}]},{"@type":"ImageObject","inLanguage":"ro-RO","@id":"https:\/\/med.tattoo\/ro\/produs\/med-tattoo-color-booster-ulei-pentru-ingrijirea-tatuajelor-100ml\/#primaryimage","url":"https:\/\/med.tattoo\/wp-content\/uploads\/2025\/05\/142_med.tattoo-olejek-do-pielegnacji-tatuazu-100ml_1742990451.jpg","contentUrl":"https:\/\/med.tattoo\/wp-content\/uploads\/2025\/05\/142_med.tattoo-olejek-do-pielegnacji-tatuazu-100ml_1742990451.jpg","width":380,"height":700},{"@type":"BreadcrumbList","@id":"https:\/\/med.tattoo\/ro\/produs\/med-tattoo-color-booster-ulei-pentru-ingrijirea-tatuajelor-100ml\/#breadcrumb","itemListElement":[{"@type":"ListItem","position":1,"name":"Strona G\u0142\u00f3wna","item":"https:\/\/med.tattoo\/ro\/"},{"@type":"ListItem","position":2,"name":"Magazin","item":"https:\/\/med.tattoo\/ro\/shop\/"},{"@type":"ListItem","position":3,"name":"MED.TATTOO COLOR BOOSTER &#8211; ulei pentru \u00eengrijirea tatuajelor 100ml"}]},{"@type":"WebSite","@id":"https:\/\/med.tattoo\/ro\/#website","url":"https:\/\/med.tattoo\/ro\/","name":"MED.TATTOO","description":"Wszystko dla Twojego tatua\u017cu","publisher":{"@id":"https:\/\/med.tattoo\/ro\/#organization"},"potentialAction":[{"@type":"SearchAction","target":{"@type":"EntryPoint","urlTemplate":"https:\/\/med.tattoo\/ro\/?s={search_term_string}"},"query-input":{"@type":"PropertyValueSpecification","valueRequired":true,"valueName":"search_term_string"}}],"inLanguage":"ro-RO"},{"@type":"Organization","@id":"https:\/\/med.tattoo\/ro\/#organization","name":"MED.TATTOO","url":"https:\/\/med.tattoo\/ro\/","logo":{"@type":"ImageObject","inLanguage":"ro-RO","@id":"https:\/\/med.tattoo\/ro\/#\/schema\/logo\/image\/","url":"https:\/\/med.tattoo\/wp-content\/uploads\/2025\/05\/Bez-tytulu-600S300-px-1-e1658908183800.png","contentUrl":"https:\/\/med.tattoo\/wp-content\/uploads\/2025\/05\/Bez-tytulu-600S300-px-1-e1658908183800.png","width":600,"height":61,"caption":"MED.TATTOO"},"image":{"@id":"https:\/\/med.tattoo\/ro\/#\/schema\/logo\/image\/"},"sameAs":["https:\/\/www.facebook.com\/profile.php?id=100084366705613","https:\/\/www.instagram.com\/med.tattoo_official\/"]}]}},"_links":{"self":[{"href":"https:\/\/med.tattoo\/ro\/wp-json\/wp\/v2\/product\/5778","targetHints":{"allow":["GET"]}}],"collection":[{"href":"https:\/\/med.tattoo\/ro\/wp-json\/wp\/v2\/product"}],"about":[{"href":"https:\/\/med.tattoo\/ro\/wp-json\/wp\/v2\/types\/product"}],"replies":[{"embeddable":true,"href":"https:\/\/med.tattoo\/ro\/wp-json\/wp\/v2\/comments?post=5778"}],"wp:featuredmedia":[{"embeddable":true,"href":"https:\/\/med.tattoo\/ro\/wp-json\/wp\/v2\/media\/10724"}],"wp:attachment":[{"href":"https:\/\/med.tattoo\/ro\/wp-json\/wp\/v2\/media?parent=5778"}],"wp:term":[{"taxonomy":"product_brand","embeddable":true,"href":"https:\/\/med.tattoo\/ro\/wp-json\/wp\/v2\/product_brand?post=5778"},{"taxonomy":"product_cat","embeddable":true,"href":"https:\/\/med.tattoo\/ro\/wp-json\/wp\/v2\/product_cat?post=5778"},{"taxonomy":"product_tag","embeddable":true,"href":"https:\/\/med.tattoo\/ro\/wp-json\/wp\/v2\/product_tag?post=5778"}],"curies":[{"name":"wp","href":"https:\/\/api.w.org\/{rel}","templated":true}]}}