{"id":5789,"date":"2021-08-20T11:46:22","date_gmt":"2021-08-20T09:46:22","guid":{"rendered":"https:\/\/med.tattoo\/produkt\/med-tattoo-after-tattoo-crema-vindecatoare-pentru-tatuaje-50ml\/"},"modified":"2025-11-23T23:50:14","modified_gmt":"2025-11-23T22:50:14","slug":"med-tattoo-after-tattoo-crema-vindecatoare-pentru-tatuaje-50ml","status":"publish","type":"product","link":"https:\/\/med.tattoo\/ro\/produs\/med-tattoo-after-tattoo-crema-vindecatoare-pentru-tatuaje-50ml\/","title":{"rendered":"MED.TATTOO AFTER TATTOO &#8211; crem\u0103 vindec\u0103toare pentru tatuaje 50ml"},"content":{"rendered":"<p>Crem\u0103 de vindecare a tatuajelor cu extract de g\u0103lbenele<\/p>\n<p>Crem\u0103 vindec\u0103toare pentru tatuaje cu calendula  <\/p>\n<p>O compozi\u021bie de extract de m\u0103sline din flori de calendula, unt de shea \u0219i uleiuri: floarea-soarelui, jojoba, avocado, nuci de macadamia, semin\u021be de amarant; bogat\u0103 \u00een acizi gra\u0219i nesatura\u021bi, fosfolipide, fitosteroli, caroteni, lecitine, squalene, vitaminele A, E, D, K \u0219i PP, minerale \u0219i clorofil\u0103; con\u021bine pantenol.<br \/>&#8211; are un efect regenerator, hr\u0103nitor,<br \/>&#8211; lubrifiaz\u0103 \u0219i hidrateaz\u0103 pielea,<br \/>&#8211; are un efect calmant asupra pielii predispuse la irita\u021bii,<br \/>&#8211; confer\u0103 pielii netezime, moliciune \u0219i elasticitate excep\u021bionale,<br \/>&#8211; con\u021bine antioxidan\u021bi care, prin distrugerea radicalilor liberi, previn reac\u021bia de oxidare &#8211; una dintre cauzele \u00eemb\u0103tr\u00e2nirii pielii,<br \/>&#8211; protejeaz\u0103 \u00eempotriva efectelor factorilor atmosferici nocivi,<br \/>&#8211; are un ecran solar natural.<br \/>\uf0d8 Aplica\u021bi crema pe pielea cur\u0103\u021bat\u0103 \u0219i masa\u021bi u\u0219or.<\/p>\n<p>\uf0d8 recomandat pentru \u00eengrijirea \u0219i regenerarea zilnic\u0103 a pielii, \u00een special noaptea<\/p>\n<p>A se p\u0103stra la temperatura camerei<\/p>\n<p>aplicare: aplica\u021bi cantit\u0103\u021bi mici pe pielea sp\u0103lat\u0103 \u0219i uscat\u0103<br \/>pachet: 50ml  <\/p>\n<p>Ingrediente: Ulei de m\u0103sline, ulei de m\u0103sline, ulei de m\u0103sline, ulei de m\u0103sline, ulei de m\u0103sline: Agua, Olea Europea (Olive) Fruit Oil (and) Callendula Officinalis Flower Extract, Glycerins, Helianthus Annus Seed Oil, Butyrospermum Parkii Fruit Shea (Karite) Butter, Cetyl Alcohol, Polysorbate 60, Macademia Ternifolia Seed Oil, Persea Gratissima (Avocado) Oil, Simmondsia Chinensis (Jojoba) Seed Oil, Tocopheryl Acetate, Retinol, Ergocalciferol, Panthenol, Lanolin, Amaranthus cruentus Oil, Cera alba, Potassium Sorbate, Diazolidinyl Urea, Sodium Benzoate, , Parfum.<br \/>lista de ingrediente prezentat\u0103 este \u00een conformitate cu stadiul actual de fabrica\u021bie<\/p>\n","protected":false},"excerpt":{"rendered":"<p>Crem\u0103 de vindecare a tatuajelor cu extract de g\u0103lbenele Crem\u0103 vindec\u0103toare pentru tatuaje cu calendula O compozi\u021bie de extract de m\u0103sline din flori de calendula, unt de shea \u0219i uleiuri: floarea-soarelui, jojoba, avocado, nuci de macadamia, semin\u021be de amarant; bogat\u0103 \u00een acizi gra\u0219i nesatura\u021bi, fosfolipide, fitosteroli, caroteni, lecitine, squalene, vitaminele A, E, D, K \u0219i [&hellip;]<\/p>\n","protected":false},"featured_media":10700,"comment_status":"open","ping_status":"closed","template":"","meta":{"site-sidebar-layout":"default","site-content-layout":"content-boxed-container","ast-site-content-layout":"default","site-content-style":"default","site-sidebar-style":"default","ast-global-header-display":"","ast-banner-title-visibility":"","ast-main-header-display":"","ast-hfb-above-header-display":"","ast-hfb-below-header-display":"","ast-hfb-mobile-header-display":"","site-post-title":"","ast-breadcrumbs-content":"","ast-featured-img":"","footer-sml-layout":"","ast-disable-related-posts":"","theme-transparent-header-meta":"disabled","adv-header-id-meta":"","stick-header-meta":"enabled","header-above-stick-meta":"on","header-main-stick-meta":"on","header-below-stick-meta":"on","astra-migrate-meta-layouts":"default","ast-page-background-enabled":"default","ast-page-background-meta":{"desktop":{"background-color":"var(--ast-global-color-4)","background-image":"","background-repeat":"repeat","background-position":"center center","background-size":"auto","background-attachment":"scroll","background-type":"","background-media":"","overlay-type":"","overlay-color":"","overlay-opacity":"","overlay-gradient":""},"tablet":{"background-color":"","background-image":"","background-repeat":"repeat","background-position":"center center","background-size":"auto","background-attachment":"scroll","background-type":"","background-media":"","overlay-type":"","overlay-color":"","overlay-opacity":"","overlay-gradient":""},"mobile":{"background-color":"","background-image":"","background-repeat":"repeat","background-position":"center center","background-size":"auto","background-attachment":"scroll","background-type":"","background-media":"","overlay-type":"","overlay-color":"","overlay-opacity":"","overlay-gradient":""}},"ast-content-background-meta":{"desktop":{"background-color":"var(--ast-global-color-5)","background-image":"","background-repeat":"repeat","background-position":"center center","background-size":"auto","background-attachment":"scroll","background-type":"","background-media":"","overlay-type":"","overlay-color":"","overlay-opacity":"","overlay-gradient":""},"tablet":{"background-color":"var(--ast-global-color-5)","background-image":"","background-repeat":"repeat","background-position":"center center","background-size":"auto","background-attachment":"scroll","background-type":"","background-media":"","overlay-type":"","overlay-color":"","overlay-opacity":"","overlay-gradient":""},"mobile":{"background-color":"var(--ast-global-color-5)","background-image":"","background-repeat":"repeat","background-position":"center center","background-size":"auto","background-attachment":"scroll","background-type":"","background-media":"","overlay-type":"","overlay-color":"","overlay-opacity":"","overlay-gradient":""}}},"product_brand":[],"product_cat":[25],"product_tag":[],"class_list":{"0":"post-5789","1":"product","2":"type-product","3":"status-publish","4":"has-post-thumbnail","6":"product_cat-med-tattoo","7":"desktop-align-left","8":"tablet-align-left","9":"mobile-align-left","10":"ast-product-gallery-layout-horizontal-slider","11":"ast-product-gallery-with-no-image","12":"ast-product-tabs-layout-distributed","14":"first","15":"instock","16":"taxable","17":"shipping-taxable","18":"purchasable","19":"product-type-simple"},"yoast_head":"<!-- This site is optimized with the Yoast SEO plugin v27.4 - https:\/\/yoast.com\/product\/yoast-seo-wordpress\/ -->\n<title>MED.TATTOO AFTER TATTOO - crem\u0103 vindec\u0103toare pentru tatuaje 50ml - MED.TATTOO<\/title>\n<meta name=\"robots\" content=\"index, follow, max-snippet:-1, max-image-preview:large, max-video-preview:-1\" \/>\n<link rel=\"canonical\" href=\"https:\/\/med.tattoo\/ro\/produs\/med-tattoo-after-tattoo-crema-vindecatoare-pentru-tatuaje-50ml\/\" \/>\n<meta property=\"og:locale\" content=\"ro_RO\" \/>\n<meta property=\"og:type\" content=\"article\" \/>\n<meta property=\"og:title\" content=\"MED.TATTOO AFTER TATTOO - crem\u0103 vindec\u0103toare pentru tatuaje 50ml - MED.TATTOO\" \/>\n<meta property=\"og:description\" content=\"Crem\u0103 de vindecare a tatuajelor cu extract de g\u0103lbenele Crem\u0103 vindec\u0103toare pentru tatuaje cu calendula O compozi\u021bie de extract de m\u0103sline din flori de calendula, unt de shea \u0219i uleiuri: floarea-soarelui, jojoba, avocado, nuci de macadamia, semin\u021be de amarant; bogat\u0103 \u00een acizi gra\u0219i nesatura\u021bi, fosfolipide, fitosteroli, caroteni, lecitine, squalene, vitaminele A, E, D, K \u0219i [&hellip;]\" \/>\n<meta property=\"og:url\" content=\"https:\/\/med.tattoo\/ro\/produs\/med-tattoo-after-tattoo-crema-vindecatoare-pentru-tatuaje-50ml\/\" \/>\n<meta property=\"og:site_name\" content=\"MED.TATTOO\" \/>\n<meta property=\"article:publisher\" content=\"https:\/\/www.facebook.com\/profile.php?id=100084366705613\" \/>\n<meta property=\"article:modified_time\" content=\"2025-11-23T22:50:14+00:00\" \/>\n<meta name=\"twitter:card\" content=\"summary_large_image\" \/>\n<meta name=\"twitter:label1\" content=\"Timp estimat pentru citire\" \/>\n\t<meta name=\"twitter:data1\" content=\"1 minut\" \/>\n<script type=\"application\/ld+json\" class=\"yoast-schema-graph\">{\"@context\":\"https:\\\/\\\/schema.org\",\"@graph\":[{\"@type\":\"WebPage\",\"@id\":\"https:\\\/\\\/med.tattoo\\\/ro\\\/produs\\\/med-tattoo-after-tattoo-crema-vindecatoare-pentru-tatuaje-50ml\\\/\",\"url\":\"https:\\\/\\\/med.tattoo\\\/ro\\\/produs\\\/med-tattoo-after-tattoo-crema-vindecatoare-pentru-tatuaje-50ml\\\/\",\"name\":\"MED.TATTOO AFTER TATTOO - crem\u0103 vindec\u0103toare pentru tatuaje 50ml - MED.TATTOO\",\"isPartOf\":{\"@id\":\"https:\\\/\\\/med.tattoo\\\/ro\\\/#website\"},\"primaryImageOfPage\":{\"@id\":\"https:\\\/\\\/med.tattoo\\\/ro\\\/produs\\\/med-tattoo-after-tattoo-crema-vindecatoare-pentru-tatuaje-50ml\\\/#primaryimage\"},\"image\":{\"@id\":\"https:\\\/\\\/med.tattoo\\\/ro\\\/produs\\\/med-tattoo-after-tattoo-crema-vindecatoare-pentru-tatuaje-50ml\\\/#primaryimage\"},\"thumbnailUrl\":\"https:\\\/\\\/med.tattoo\\\/wp-content\\\/uploads\\\/2025\\\/05\\\/140_med.tattoo-gojacy-krem-do-tatuazu-50ml_1742990451.jpg\",\"datePublished\":\"2021-08-20T09:46:22+00:00\",\"dateModified\":\"2025-11-23T22:50:14+00:00\",\"breadcrumb\":{\"@id\":\"https:\\\/\\\/med.tattoo\\\/ro\\\/produs\\\/med-tattoo-after-tattoo-crema-vindecatoare-pentru-tatuaje-50ml\\\/#breadcrumb\"},\"inLanguage\":\"ro-RO\",\"potentialAction\":[{\"@type\":\"ReadAction\",\"target\":[\"https:\\\/\\\/med.tattoo\\\/ro\\\/produs\\\/med-tattoo-after-tattoo-crema-vindecatoare-pentru-tatuaje-50ml\\\/\"]}]},{\"@type\":\"ImageObject\",\"inLanguage\":\"ro-RO\",\"@id\":\"https:\\\/\\\/med.tattoo\\\/ro\\\/produs\\\/med-tattoo-after-tattoo-crema-vindecatoare-pentru-tatuaje-50ml\\\/#primaryimage\",\"url\":\"https:\\\/\\\/med.tattoo\\\/wp-content\\\/uploads\\\/2025\\\/05\\\/140_med.tattoo-gojacy-krem-do-tatuazu-50ml_1742990451.jpg\",\"contentUrl\":\"https:\\\/\\\/med.tattoo\\\/wp-content\\\/uploads\\\/2025\\\/05\\\/140_med.tattoo-gojacy-krem-do-tatuazu-50ml_1742990451.jpg\",\"width\":952,\"height\":700},{\"@type\":\"BreadcrumbList\",\"@id\":\"https:\\\/\\\/med.tattoo\\\/ro\\\/produs\\\/med-tattoo-after-tattoo-crema-vindecatoare-pentru-tatuaje-50ml\\\/#breadcrumb\",\"itemListElement\":[{\"@type\":\"ListItem\",\"position\":1,\"name\":\"Strona G\u0142\u00f3wna\",\"item\":\"https:\\\/\\\/med.tattoo\\\/ro\\\/\"},{\"@type\":\"ListItem\",\"position\":2,\"name\":\"Magazin\",\"item\":\"https:\\\/\\\/med.tattoo\\\/ro\\\/shop\\\/\"},{\"@type\":\"ListItem\",\"position\":3,\"name\":\"MED.TATTOO AFTER TATTOO &#8211; crem\u0103 vindec\u0103toare pentru tatuaje 50ml\"}]},{\"@type\":\"WebSite\",\"@id\":\"https:\\\/\\\/med.tattoo\\\/ro\\\/#website\",\"url\":\"https:\\\/\\\/med.tattoo\\\/ro\\\/\",\"name\":\"MED.TATTOO\",\"description\":\"Wszystko dla Twojego tatua\u017cu\",\"publisher\":{\"@id\":\"https:\\\/\\\/med.tattoo\\\/ro\\\/#organization\"},\"potentialAction\":[{\"@type\":\"SearchAction\",\"target\":{\"@type\":\"EntryPoint\",\"urlTemplate\":\"https:\\\/\\\/med.tattoo\\\/ro\\\/?s={search_term_string}\"},\"query-input\":{\"@type\":\"PropertyValueSpecification\",\"valueRequired\":true,\"valueName\":\"search_term_string\"}}],\"inLanguage\":\"ro-RO\"},{\"@type\":\"Organization\",\"@id\":\"https:\\\/\\\/med.tattoo\\\/ro\\\/#organization\",\"name\":\"MED.TATTOO\",\"url\":\"https:\\\/\\\/med.tattoo\\\/ro\\\/\",\"logo\":{\"@type\":\"ImageObject\",\"inLanguage\":\"ro-RO\",\"@id\":\"https:\\\/\\\/med.tattoo\\\/ro\\\/#\\\/schema\\\/logo\\\/image\\\/\",\"url\":\"https:\\\/\\\/med.tattoo\\\/wp-content\\\/uploads\\\/2025\\\/05\\\/Bez-tytulu-600S300-px-1-e1658908183800.png\",\"contentUrl\":\"https:\\\/\\\/med.tattoo\\\/wp-content\\\/uploads\\\/2025\\\/05\\\/Bez-tytulu-600S300-px-1-e1658908183800.png\",\"width\":600,\"height\":61,\"caption\":\"MED.TATTOO\"},\"image\":{\"@id\":\"https:\\\/\\\/med.tattoo\\\/ro\\\/#\\\/schema\\\/logo\\\/image\\\/\"},\"sameAs\":[\"https:\\\/\\\/www.facebook.com\\\/profile.php?id=100084366705613\",\"https:\\\/\\\/www.instagram.com\\\/med.tattoo_official\\\/\"]}]}<\/script>\n<!-- \/ Yoast SEO plugin. -->","yoast_head_json":{"title":"MED.TATTOO AFTER TATTOO - crem\u0103 vindec\u0103toare pentru tatuaje 50ml - MED.TATTOO","robots":{"index":"index","follow":"follow","max-snippet":"max-snippet:-1","max-image-preview":"max-image-preview:large","max-video-preview":"max-video-preview:-1"},"canonical":"https:\/\/med.tattoo\/ro\/produs\/med-tattoo-after-tattoo-crema-vindecatoare-pentru-tatuaje-50ml\/","og_locale":"ro_RO","og_type":"article","og_title":"MED.TATTOO AFTER TATTOO - crem\u0103 vindec\u0103toare pentru tatuaje 50ml - MED.TATTOO","og_description":"Crem\u0103 de vindecare a tatuajelor cu extract de g\u0103lbenele Crem\u0103 vindec\u0103toare pentru tatuaje cu calendula O compozi\u021bie de extract de m\u0103sline din flori de calendula, unt de shea \u0219i uleiuri: floarea-soarelui, jojoba, avocado, nuci de macadamia, semin\u021be de amarant; bogat\u0103 \u00een acizi gra\u0219i nesatura\u021bi, fosfolipide, fitosteroli, caroteni, lecitine, squalene, vitaminele A, E, D, K \u0219i [&hellip;]","og_url":"https:\/\/med.tattoo\/ro\/produs\/med-tattoo-after-tattoo-crema-vindecatoare-pentru-tatuaje-50ml\/","og_site_name":"MED.TATTOO","article_publisher":"https:\/\/www.facebook.com\/profile.php?id=100084366705613","article_modified_time":"2025-11-23T22:50:14+00:00","twitter_card":"summary_large_image","twitter_misc":{"Timp estimat pentru citire":"1 minut"},"schema":{"@context":"https:\/\/schema.org","@graph":[{"@type":"WebPage","@id":"https:\/\/med.tattoo\/ro\/produs\/med-tattoo-after-tattoo-crema-vindecatoare-pentru-tatuaje-50ml\/","url":"https:\/\/med.tattoo\/ro\/produs\/med-tattoo-after-tattoo-crema-vindecatoare-pentru-tatuaje-50ml\/","name":"MED.TATTOO AFTER TATTOO - crem\u0103 vindec\u0103toare pentru tatuaje 50ml - MED.TATTOO","isPartOf":{"@id":"https:\/\/med.tattoo\/ro\/#website"},"primaryImageOfPage":{"@id":"https:\/\/med.tattoo\/ro\/produs\/med-tattoo-after-tattoo-crema-vindecatoare-pentru-tatuaje-50ml\/#primaryimage"},"image":{"@id":"https:\/\/med.tattoo\/ro\/produs\/med-tattoo-after-tattoo-crema-vindecatoare-pentru-tatuaje-50ml\/#primaryimage"},"thumbnailUrl":"https:\/\/med.tattoo\/wp-content\/uploads\/2025\/05\/140_med.tattoo-gojacy-krem-do-tatuazu-50ml_1742990451.jpg","datePublished":"2021-08-20T09:46:22+00:00","dateModified":"2025-11-23T22:50:14+00:00","breadcrumb":{"@id":"https:\/\/med.tattoo\/ro\/produs\/med-tattoo-after-tattoo-crema-vindecatoare-pentru-tatuaje-50ml\/#breadcrumb"},"inLanguage":"ro-RO","potentialAction":[{"@type":"ReadAction","target":["https:\/\/med.tattoo\/ro\/produs\/med-tattoo-after-tattoo-crema-vindecatoare-pentru-tatuaje-50ml\/"]}]},{"@type":"ImageObject","inLanguage":"ro-RO","@id":"https:\/\/med.tattoo\/ro\/produs\/med-tattoo-after-tattoo-crema-vindecatoare-pentru-tatuaje-50ml\/#primaryimage","url":"https:\/\/med.tattoo\/wp-content\/uploads\/2025\/05\/140_med.tattoo-gojacy-krem-do-tatuazu-50ml_1742990451.jpg","contentUrl":"https:\/\/med.tattoo\/wp-content\/uploads\/2025\/05\/140_med.tattoo-gojacy-krem-do-tatuazu-50ml_1742990451.jpg","width":952,"height":700},{"@type":"BreadcrumbList","@id":"https:\/\/med.tattoo\/ro\/produs\/med-tattoo-after-tattoo-crema-vindecatoare-pentru-tatuaje-50ml\/#breadcrumb","itemListElement":[{"@type":"ListItem","position":1,"name":"Strona G\u0142\u00f3wna","item":"https:\/\/med.tattoo\/ro\/"},{"@type":"ListItem","position":2,"name":"Magazin","item":"https:\/\/med.tattoo\/ro\/shop\/"},{"@type":"ListItem","position":3,"name":"MED.TATTOO AFTER TATTOO &#8211; crem\u0103 vindec\u0103toare pentru tatuaje 50ml"}]},{"@type":"WebSite","@id":"https:\/\/med.tattoo\/ro\/#website","url":"https:\/\/med.tattoo\/ro\/","name":"MED.TATTOO","description":"Wszystko dla Twojego tatua\u017cu","publisher":{"@id":"https:\/\/med.tattoo\/ro\/#organization"},"potentialAction":[{"@type":"SearchAction","target":{"@type":"EntryPoint","urlTemplate":"https:\/\/med.tattoo\/ro\/?s={search_term_string}"},"query-input":{"@type":"PropertyValueSpecification","valueRequired":true,"valueName":"search_term_string"}}],"inLanguage":"ro-RO"},{"@type":"Organization","@id":"https:\/\/med.tattoo\/ro\/#organization","name":"MED.TATTOO","url":"https:\/\/med.tattoo\/ro\/","logo":{"@type":"ImageObject","inLanguage":"ro-RO","@id":"https:\/\/med.tattoo\/ro\/#\/schema\/logo\/image\/","url":"https:\/\/med.tattoo\/wp-content\/uploads\/2025\/05\/Bez-tytulu-600S300-px-1-e1658908183800.png","contentUrl":"https:\/\/med.tattoo\/wp-content\/uploads\/2025\/05\/Bez-tytulu-600S300-px-1-e1658908183800.png","width":600,"height":61,"caption":"MED.TATTOO"},"image":{"@id":"https:\/\/med.tattoo\/ro\/#\/schema\/logo\/image\/"},"sameAs":["https:\/\/www.facebook.com\/profile.php?id=100084366705613","https:\/\/www.instagram.com\/med.tattoo_official\/"]}]}},"_links":{"self":[{"href":"https:\/\/med.tattoo\/ro\/wp-json\/wp\/v2\/product\/5789","targetHints":{"allow":["GET"]}}],"collection":[{"href":"https:\/\/med.tattoo\/ro\/wp-json\/wp\/v2\/product"}],"about":[{"href":"https:\/\/med.tattoo\/ro\/wp-json\/wp\/v2\/types\/product"}],"replies":[{"embeddable":true,"href":"https:\/\/med.tattoo\/ro\/wp-json\/wp\/v2\/comments?post=5789"}],"wp:featuredmedia":[{"embeddable":true,"href":"https:\/\/med.tattoo\/ro\/wp-json\/wp\/v2\/media\/10700"}],"wp:attachment":[{"href":"https:\/\/med.tattoo\/ro\/wp-json\/wp\/v2\/media?parent=5789"}],"wp:term":[{"taxonomy":"product_brand","embeddable":true,"href":"https:\/\/med.tattoo\/ro\/wp-json\/wp\/v2\/product_brand?post=5789"},{"taxonomy":"product_cat","embeddable":true,"href":"https:\/\/med.tattoo\/ro\/wp-json\/wp\/v2\/product_cat?post=5789"},{"taxonomy":"product_tag","embeddable":true,"href":"https:\/\/med.tattoo\/ro\/wp-json\/wp\/v2\/product_tag?post=5789"}],"curies":[{"name":"wp","href":"https:\/\/api.w.org\/{rel}","templated":true}]}}