{"id":5807,"date":"2021-08-20T10:49:35","date_gmt":"2021-08-20T08:49:35","guid":{"rendered":"https:\/\/med.tattoo\/produkt\/med-tattoo-while-tattooing-unt-de-shea-pentru-tatuaj-50ml\/"},"modified":"2026-03-26T09:40:30","modified_gmt":"2026-03-26T08:40:30","slug":"med-tattoo-while-tattooing-unt-de-shea-pentru-tatuaj-50ml","status":"publish","type":"product","link":"https:\/\/med.tattoo\/ro\/produs\/med-tattoo-while-tattooing-unt-de-shea-pentru-tatuaj-50ml\/","title":{"rendered":"MED.TATTOO WHILE TATTOOING &#8211; Unt de shea pentru tatuaj 50ml"},"content":{"rendered":"<p>Unt de shea pentru tatuaj cu calendula<\/p>\n<p>Produsul con\u021bine 100% ingrediente naturale. Acesta hr\u0103ne\u0219te pielea \u0219i \u00eenl\u0103tur\u0103 senza\u021bia de tensiune \u0219i rugozitate. Parfumul natural de plante \u00eent\u0103re\u0219te senza\u021bia de aer proasp\u0103t. Maceratul de calendula calmeaz\u0103 irita\u021biile \u0219i activeaz\u0103 procesul de re\u00eennoire a epidermei.<br \/>&#8211; recomandat pentru toate tipurile de piele, \u00een special pentru pielea uscat\u0103 \u0219i deteriorat\u0103<br \/>&#8211; neteze\u0219te \u0219i \u00eenmoaie eficient pielea, o regenereaz\u0103 \u0219i o hr\u0103ne\u0219te<br \/>&#8211; se aplic\u0103 pe pielea curat\u0103, uscat\u0103.   <\/p>\n<p>Ingrediente: Butyl Parfum de Parfum de Parfum: Butyrospermum Parkii cosm.; Ulei Calendula Officinalis Flower Extract Bio; Ulei Tagetes Flower Extract Bio; Hippophae ramnoides Oil; Tocopheryl Acetete; Parfum natural.<\/p>\n<p>A se p\u0103stra la temperatura camerei <\/p>\n","protected":false},"excerpt":{"rendered":"<p>Unt de shea pentru tatuaj cu calendula Produsul con\u021bine 100% ingrediente naturale. Acesta hr\u0103ne\u0219te pielea \u0219i \u00eenl\u0103tur\u0103 senza\u021bia de tensiune \u0219i rugozitate. Parfumul natural de plante \u00eent\u0103re\u0219te senza\u021bia de aer proasp\u0103t. Maceratul de calendula calmeaz\u0103 irita\u021biile \u0219i activeaz\u0103 procesul de re\u00eennoire a epidermei.&#8211; recomandat pentru toate tipurile de piele, \u00een special pentru pielea uscat\u0103 \u0219i [&hellip;]<\/p>\n","protected":false},"featured_media":8560,"comment_status":"open","ping_status":"closed","template":"","meta":{"site-sidebar-layout":"default","site-content-layout":"content-boxed-container","ast-site-content-layout":"default","site-content-style":"default","site-sidebar-style":"default","ast-global-header-display":"","ast-banner-title-visibility":"","ast-main-header-display":"","ast-hfb-above-header-display":"","ast-hfb-below-header-display":"","ast-hfb-mobile-header-display":"","site-post-title":"","ast-breadcrumbs-content":"","ast-featured-img":"","footer-sml-layout":"","ast-disable-related-posts":"","theme-transparent-header-meta":"disabled","adv-header-id-meta":"","stick-header-meta":"enabled","header-above-stick-meta":"on","header-main-stick-meta":"on","header-below-stick-meta":"on","astra-migrate-meta-layouts":"default","ast-page-background-enabled":"default","ast-page-background-meta":{"desktop":{"background-color":"var(--ast-global-color-4)","background-image":"","background-repeat":"repeat","background-position":"center center","background-size":"auto","background-attachment":"scroll","background-type":"","background-media":"","overlay-type":"","overlay-color":"","overlay-opacity":"","overlay-gradient":""},"tablet":{"background-color":"","background-image":"","background-repeat":"repeat","background-position":"center center","background-size":"auto","background-attachment":"scroll","background-type":"","background-media":"","overlay-type":"","overlay-color":"","overlay-opacity":"","overlay-gradient":""},"mobile":{"background-color":"","background-image":"","background-repeat":"repeat","background-position":"center center","background-size":"auto","background-attachment":"scroll","background-type":"","background-media":"","overlay-type":"","overlay-color":"","overlay-opacity":"","overlay-gradient":""}},"ast-content-background-meta":{"desktop":{"background-color":"var(--ast-global-color-5)","background-image":"","background-repeat":"repeat","background-position":"center center","background-size":"auto","background-attachment":"scroll","background-type":"","background-media":"","overlay-type":"","overlay-color":"","overlay-opacity":"","overlay-gradient":""},"tablet":{"background-color":"var(--ast-global-color-5)","background-image":"","background-repeat":"repeat","background-position":"center center","background-size":"auto","background-attachment":"scroll","background-type":"","background-media":"","overlay-type":"","overlay-color":"","overlay-opacity":"","overlay-gradient":""},"mobile":{"background-color":"var(--ast-global-color-5)","background-image":"","background-repeat":"repeat","background-position":"center center","background-size":"auto","background-attachment":"scroll","background-type":"","background-media":"","overlay-type":"","overlay-color":"","overlay-opacity":"","overlay-gradient":""}}},"product_brand":[],"product_cat":[25],"product_tag":[],"class_list":{"0":"post-5807","1":"product","2":"type-product","3":"status-publish","4":"has-post-thumbnail","6":"product_cat-med-tattoo","7":"desktop-align-left","8":"tablet-align-left","9":"mobile-align-left","10":"ast-product-gallery-layout-horizontal-slider","11":"ast-product-tabs-layout-distributed","13":"first","14":"outofstock","15":"taxable","16":"shipping-taxable","17":"purchasable","18":"product-type-simple"},"yoast_head":"<!-- This site is optimized with the Yoast SEO plugin v27.3 - https:\/\/yoast.com\/product\/yoast-seo-wordpress\/ -->\n<title>MED.TATTOO WHILE TATTOOING - Unt de shea pentru tatuaj 50ml - MED.TATTOO<\/title>\n<meta name=\"robots\" content=\"index, follow, max-snippet:-1, max-image-preview:large, max-video-preview:-1\" \/>\n<link rel=\"canonical\" href=\"https:\/\/med.tattoo\/ro\/produs\/med-tattoo-while-tattooing-unt-de-shea-pentru-tatuaj-50ml\/\" \/>\n<meta property=\"og:locale\" content=\"ro_RO\" \/>\n<meta property=\"og:type\" content=\"article\" \/>\n<meta property=\"og:title\" content=\"MED.TATTOO WHILE TATTOOING - Unt de shea pentru tatuaj 50ml - MED.TATTOO\" \/>\n<meta property=\"og:description\" content=\"Unt de shea pentru tatuaj cu calendula Produsul con\u021bine 100% ingrediente naturale. Acesta hr\u0103ne\u0219te pielea \u0219i \u00eenl\u0103tur\u0103 senza\u021bia de tensiune \u0219i rugozitate. Parfumul natural de plante \u00eent\u0103re\u0219te senza\u021bia de aer proasp\u0103t. Maceratul de calendula calmeaz\u0103 irita\u021biile \u0219i activeaz\u0103 procesul de re\u00eennoire a epidermei.&#8211; recomandat pentru toate tipurile de piele, \u00een special pentru pielea uscat\u0103 \u0219i [&hellip;]\" \/>\n<meta property=\"og:url\" content=\"https:\/\/med.tattoo\/ro\/produs\/med-tattoo-while-tattooing-unt-de-shea-pentru-tatuaj-50ml\/\" \/>\n<meta property=\"og:site_name\" content=\"MED.TATTOO\" \/>\n<meta property=\"article:publisher\" content=\"https:\/\/www.facebook.com\/profile.php?id=100084366705613\" \/>\n<meta property=\"article:modified_time\" content=\"2026-03-26T08:40:30+00:00\" \/>\n<meta property=\"og:image\" content=\"https:\/\/med.tattoo\/wp-content\/uploads\/2025\/05\/144_med.tattoo-maslo-shea-do-tatuazu-50ml_1742990451.jpg\" \/>\n\t<meta property=\"og:image:width\" content=\"933\" \/>\n\t<meta property=\"og:image:height\" content=\"700\" \/>\n\t<meta property=\"og:image:type\" content=\"image\/jpeg\" \/>\n<meta name=\"twitter:card\" content=\"summary_large_image\" \/>\n<meta name=\"twitter:label1\" content=\"Timp estimat pentru citire\" \/>\n\t<meta name=\"twitter:data1\" content=\"1 minut\" \/>\n<script type=\"application\/ld+json\" class=\"yoast-schema-graph\">{\"@context\":\"https:\\\/\\\/schema.org\",\"@graph\":[{\"@type\":\"WebPage\",\"@id\":\"https:\\\/\\\/med.tattoo\\\/ro\\\/produs\\\/med-tattoo-while-tattooing-unt-de-shea-pentru-tatuaj-50ml\\\/\",\"url\":\"https:\\\/\\\/med.tattoo\\\/ro\\\/produs\\\/med-tattoo-while-tattooing-unt-de-shea-pentru-tatuaj-50ml\\\/\",\"name\":\"MED.TATTOO WHILE TATTOOING - Unt de shea pentru tatuaj 50ml - MED.TATTOO\",\"isPartOf\":{\"@id\":\"https:\\\/\\\/med.tattoo\\\/ro\\\/#website\"},\"primaryImageOfPage\":{\"@id\":\"https:\\\/\\\/med.tattoo\\\/ro\\\/produs\\\/med-tattoo-while-tattooing-unt-de-shea-pentru-tatuaj-50ml\\\/#primaryimage\"},\"image\":{\"@id\":\"https:\\\/\\\/med.tattoo\\\/ro\\\/produs\\\/med-tattoo-while-tattooing-unt-de-shea-pentru-tatuaj-50ml\\\/#primaryimage\"},\"thumbnailUrl\":\"https:\\\/\\\/med.tattoo\\\/wp-content\\\/uploads\\\/2025\\\/05\\\/144_med.tattoo-maslo-shea-do-tatuazu-50ml_1742990451.jpg\",\"datePublished\":\"2021-08-20T08:49:35+00:00\",\"dateModified\":\"2026-03-26T08:40:30+00:00\",\"breadcrumb\":{\"@id\":\"https:\\\/\\\/med.tattoo\\\/ro\\\/produs\\\/med-tattoo-while-tattooing-unt-de-shea-pentru-tatuaj-50ml\\\/#breadcrumb\"},\"inLanguage\":\"ro-RO\",\"potentialAction\":[{\"@type\":\"ReadAction\",\"target\":[\"https:\\\/\\\/med.tattoo\\\/ro\\\/produs\\\/med-tattoo-while-tattooing-unt-de-shea-pentru-tatuaj-50ml\\\/\"]}]},{\"@type\":\"ImageObject\",\"inLanguage\":\"ro-RO\",\"@id\":\"https:\\\/\\\/med.tattoo\\\/ro\\\/produs\\\/med-tattoo-while-tattooing-unt-de-shea-pentru-tatuaj-50ml\\\/#primaryimage\",\"url\":\"https:\\\/\\\/med.tattoo\\\/wp-content\\\/uploads\\\/2025\\\/05\\\/144_med.tattoo-maslo-shea-do-tatuazu-50ml_1742990451.jpg\",\"contentUrl\":\"https:\\\/\\\/med.tattoo\\\/wp-content\\\/uploads\\\/2025\\\/05\\\/144_med.tattoo-maslo-shea-do-tatuazu-50ml_1742990451.jpg\",\"width\":933,\"height\":700},{\"@type\":\"BreadcrumbList\",\"@id\":\"https:\\\/\\\/med.tattoo\\\/ro\\\/produs\\\/med-tattoo-while-tattooing-unt-de-shea-pentru-tatuaj-50ml\\\/#breadcrumb\",\"itemListElement\":[{\"@type\":\"ListItem\",\"position\":1,\"name\":\"Strona G\u0142\u00f3wna\",\"item\":\"https:\\\/\\\/med.tattoo\\\/ro\\\/\"},{\"@type\":\"ListItem\",\"position\":2,\"name\":\"Magazin\",\"item\":\"https:\\\/\\\/med.tattoo\\\/ro\\\/shop\\\/\"},{\"@type\":\"ListItem\",\"position\":3,\"name\":\"MED.TATTOO WHILE TATTOOING &#8211; Unt de shea pentru tatuaj 50ml\"}]},{\"@type\":\"WebSite\",\"@id\":\"https:\\\/\\\/med.tattoo\\\/ro\\\/#website\",\"url\":\"https:\\\/\\\/med.tattoo\\\/ro\\\/\",\"name\":\"MED.TATTOO\",\"description\":\"Wszystko dla Twojego tatua\u017cu\",\"publisher\":{\"@id\":\"https:\\\/\\\/med.tattoo\\\/ro\\\/#organization\"},\"potentialAction\":[{\"@type\":\"SearchAction\",\"target\":{\"@type\":\"EntryPoint\",\"urlTemplate\":\"https:\\\/\\\/med.tattoo\\\/ro\\\/?s={search_term_string}\"},\"query-input\":{\"@type\":\"PropertyValueSpecification\",\"valueRequired\":true,\"valueName\":\"search_term_string\"}}],\"inLanguage\":\"ro-RO\"},{\"@type\":\"Organization\",\"@id\":\"https:\\\/\\\/med.tattoo\\\/ro\\\/#organization\",\"name\":\"MED.TATTOO\",\"url\":\"https:\\\/\\\/med.tattoo\\\/ro\\\/\",\"logo\":{\"@type\":\"ImageObject\",\"inLanguage\":\"ro-RO\",\"@id\":\"https:\\\/\\\/med.tattoo\\\/ro\\\/#\\\/schema\\\/logo\\\/image\\\/\",\"url\":\"https:\\\/\\\/med.tattoo\\\/wp-content\\\/uploads\\\/2025\\\/05\\\/Bez-tytulu-600S300-px-1-e1658908183800.png\",\"contentUrl\":\"https:\\\/\\\/med.tattoo\\\/wp-content\\\/uploads\\\/2025\\\/05\\\/Bez-tytulu-600S300-px-1-e1658908183800.png\",\"width\":600,\"height\":61,\"caption\":\"MED.TATTOO\"},\"image\":{\"@id\":\"https:\\\/\\\/med.tattoo\\\/ro\\\/#\\\/schema\\\/logo\\\/image\\\/\"},\"sameAs\":[\"https:\\\/\\\/www.facebook.com\\\/profile.php?id=100084366705613\",\"https:\\\/\\\/www.instagram.com\\\/med.tattoo_official\\\/\"]}]}<\/script>\n<!-- \/ Yoast SEO plugin. -->","yoast_head_json":{"title":"MED.TATTOO WHILE TATTOOING - Unt de shea pentru tatuaj 50ml - MED.TATTOO","robots":{"index":"index","follow":"follow","max-snippet":"max-snippet:-1","max-image-preview":"max-image-preview:large","max-video-preview":"max-video-preview:-1"},"canonical":"https:\/\/med.tattoo\/ro\/produs\/med-tattoo-while-tattooing-unt-de-shea-pentru-tatuaj-50ml\/","og_locale":"ro_RO","og_type":"article","og_title":"MED.TATTOO WHILE TATTOOING - Unt de shea pentru tatuaj 50ml - MED.TATTOO","og_description":"Unt de shea pentru tatuaj cu calendula Produsul con\u021bine 100% ingrediente naturale. Acesta hr\u0103ne\u0219te pielea \u0219i \u00eenl\u0103tur\u0103 senza\u021bia de tensiune \u0219i rugozitate. Parfumul natural de plante \u00eent\u0103re\u0219te senza\u021bia de aer proasp\u0103t. Maceratul de calendula calmeaz\u0103 irita\u021biile \u0219i activeaz\u0103 procesul de re\u00eennoire a epidermei.&#8211; recomandat pentru toate tipurile de piele, \u00een special pentru pielea uscat\u0103 \u0219i [&hellip;]","og_url":"https:\/\/med.tattoo\/ro\/produs\/med-tattoo-while-tattooing-unt-de-shea-pentru-tatuaj-50ml\/","og_site_name":"MED.TATTOO","article_publisher":"https:\/\/www.facebook.com\/profile.php?id=100084366705613","article_modified_time":"2026-03-26T08:40:30+00:00","og_image":[{"width":933,"height":700,"url":"https:\/\/med.tattoo\/wp-content\/uploads\/2025\/05\/144_med.tattoo-maslo-shea-do-tatuazu-50ml_1742990451.jpg","type":"image\/jpeg"}],"twitter_card":"summary_large_image","twitter_misc":{"Timp estimat pentru citire":"1 minut"},"schema":{"@context":"https:\/\/schema.org","@graph":[{"@type":"WebPage","@id":"https:\/\/med.tattoo\/ro\/produs\/med-tattoo-while-tattooing-unt-de-shea-pentru-tatuaj-50ml\/","url":"https:\/\/med.tattoo\/ro\/produs\/med-tattoo-while-tattooing-unt-de-shea-pentru-tatuaj-50ml\/","name":"MED.TATTOO WHILE TATTOOING - Unt de shea pentru tatuaj 50ml - MED.TATTOO","isPartOf":{"@id":"https:\/\/med.tattoo\/ro\/#website"},"primaryImageOfPage":{"@id":"https:\/\/med.tattoo\/ro\/produs\/med-tattoo-while-tattooing-unt-de-shea-pentru-tatuaj-50ml\/#primaryimage"},"image":{"@id":"https:\/\/med.tattoo\/ro\/produs\/med-tattoo-while-tattooing-unt-de-shea-pentru-tatuaj-50ml\/#primaryimage"},"thumbnailUrl":"https:\/\/med.tattoo\/wp-content\/uploads\/2025\/05\/144_med.tattoo-maslo-shea-do-tatuazu-50ml_1742990451.jpg","datePublished":"2021-08-20T08:49:35+00:00","dateModified":"2026-03-26T08:40:30+00:00","breadcrumb":{"@id":"https:\/\/med.tattoo\/ro\/produs\/med-tattoo-while-tattooing-unt-de-shea-pentru-tatuaj-50ml\/#breadcrumb"},"inLanguage":"ro-RO","potentialAction":[{"@type":"ReadAction","target":["https:\/\/med.tattoo\/ro\/produs\/med-tattoo-while-tattooing-unt-de-shea-pentru-tatuaj-50ml\/"]}]},{"@type":"ImageObject","inLanguage":"ro-RO","@id":"https:\/\/med.tattoo\/ro\/produs\/med-tattoo-while-tattooing-unt-de-shea-pentru-tatuaj-50ml\/#primaryimage","url":"https:\/\/med.tattoo\/wp-content\/uploads\/2025\/05\/144_med.tattoo-maslo-shea-do-tatuazu-50ml_1742990451.jpg","contentUrl":"https:\/\/med.tattoo\/wp-content\/uploads\/2025\/05\/144_med.tattoo-maslo-shea-do-tatuazu-50ml_1742990451.jpg","width":933,"height":700},{"@type":"BreadcrumbList","@id":"https:\/\/med.tattoo\/ro\/produs\/med-tattoo-while-tattooing-unt-de-shea-pentru-tatuaj-50ml\/#breadcrumb","itemListElement":[{"@type":"ListItem","position":1,"name":"Strona G\u0142\u00f3wna","item":"https:\/\/med.tattoo\/ro\/"},{"@type":"ListItem","position":2,"name":"Magazin","item":"https:\/\/med.tattoo\/ro\/shop\/"},{"@type":"ListItem","position":3,"name":"MED.TATTOO WHILE TATTOOING &#8211; Unt de shea pentru tatuaj 50ml"}]},{"@type":"WebSite","@id":"https:\/\/med.tattoo\/ro\/#website","url":"https:\/\/med.tattoo\/ro\/","name":"MED.TATTOO","description":"Wszystko dla Twojego tatua\u017cu","publisher":{"@id":"https:\/\/med.tattoo\/ro\/#organization"},"potentialAction":[{"@type":"SearchAction","target":{"@type":"EntryPoint","urlTemplate":"https:\/\/med.tattoo\/ro\/?s={search_term_string}"},"query-input":{"@type":"PropertyValueSpecification","valueRequired":true,"valueName":"search_term_string"}}],"inLanguage":"ro-RO"},{"@type":"Organization","@id":"https:\/\/med.tattoo\/ro\/#organization","name":"MED.TATTOO","url":"https:\/\/med.tattoo\/ro\/","logo":{"@type":"ImageObject","inLanguage":"ro-RO","@id":"https:\/\/med.tattoo\/ro\/#\/schema\/logo\/image\/","url":"https:\/\/med.tattoo\/wp-content\/uploads\/2025\/05\/Bez-tytulu-600S300-px-1-e1658908183800.png","contentUrl":"https:\/\/med.tattoo\/wp-content\/uploads\/2025\/05\/Bez-tytulu-600S300-px-1-e1658908183800.png","width":600,"height":61,"caption":"MED.TATTOO"},"image":{"@id":"https:\/\/med.tattoo\/ro\/#\/schema\/logo\/image\/"},"sameAs":["https:\/\/www.facebook.com\/profile.php?id=100084366705613","https:\/\/www.instagram.com\/med.tattoo_official\/"]}]}},"_links":{"self":[{"href":"https:\/\/med.tattoo\/ro\/wp-json\/wp\/v2\/product\/5807","targetHints":{"allow":["GET"]}}],"collection":[{"href":"https:\/\/med.tattoo\/ro\/wp-json\/wp\/v2\/product"}],"about":[{"href":"https:\/\/med.tattoo\/ro\/wp-json\/wp\/v2\/types\/product"}],"replies":[{"embeddable":true,"href":"https:\/\/med.tattoo\/ro\/wp-json\/wp\/v2\/comments?post=5807"}],"wp:featuredmedia":[{"embeddable":true,"href":"https:\/\/med.tattoo\/ro\/wp-json\/wp\/v2\/media\/8560"}],"wp:attachment":[{"href":"https:\/\/med.tattoo\/ro\/wp-json\/wp\/v2\/media?parent=5807"}],"wp:term":[{"taxonomy":"product_brand","embeddable":true,"href":"https:\/\/med.tattoo\/ro\/wp-json\/wp\/v2\/product_brand?post=5807"},{"taxonomy":"product_cat","embeddable":true,"href":"https:\/\/med.tattoo\/ro\/wp-json\/wp\/v2\/product_cat?post=5807"},{"taxonomy":"product_tag","embeddable":true,"href":"https:\/\/med.tattoo\/ro\/wp-json\/wp\/v2\/product_tag?post=5807"}],"curies":[{"name":"wp","href":"https:\/\/api.w.org\/{rel}","templated":true}]}}