{"id":5815,"date":"2021-08-20T11:50:18","date_gmt":"2021-08-20T09:50:18","guid":{"rendered":"https:\/\/med.tattoo\/produkt\/med-tattoo-while-tattooing-vaselina-cu-calendula-1000g\/"},"modified":"2025-05-15T09:19:34","modified_gmt":"2025-05-15T07:19:34","slug":"med-tattoo-while-tattooing-vaselina-cu-calendula-1000g","status":"publish","type":"product","link":"https:\/\/med.tattoo\/ro\/produs\/med-tattoo-while-tattooing-vaselina-cu-calendula-1000g\/","title":{"rendered":"MED.TATTOO WHILE TATTOOING &#8211; Vaselin\u0103 cu calendula 1000g"},"content":{"rendered":"<p>Toate componentele utilizate sunt de origine natural\u0103. Acest lucru ofer\u0103 confortul utiliz\u0103rii unui preparat biologic foarte activ \u0219i, prin urmare, eficient.<br \/>Maceratele de ulei pe baz\u0103 de ulei de m\u0103sline cosmetic de \u00eenalt\u0103 calitate cu flori de calendula bio \u0219i catifea asigur\u0103 o ac\u021biune regeneratoare a epidermei, accelereaz\u0103 vindecarea r\u0103nilor; au efect antibacterian \u0219i propriet\u0103\u021bi antioxidante \u00eembun\u0103t\u0103\u021besc tonusul pielii \u0219i protejeaz\u0103 \u00eempotriva radia\u021biilor solare. Acestea con\u021bin vitamina F natural\u0103 pentru a proteja pielea de pierderea umidit\u0103\u021bii. Datorit\u0103 acesteia se reface protec\u021bia lipidic\u0103 natural\u0103 a epidermei. Ele stimuleaz\u0103 circula\u021bia sanguin\u0103, f\u0103c\u00e2nd pielea mai hr\u0103nit\u0103 \u0219i mai fin\u0103.<br \/>Majoritatea surfactan\u021bilor utiliza\u021bi \u00een produsele cosmetice sunt de origine sintetic\u0103. Acestea au un efect iritant \u0219i alergenic asupra pielii. Maceratele noastre con\u021bin substan\u021be naturale din diferite grupe de metaboli\u021bi, cum ar fi flavonoide, fenolacide, saponine, alcaloizi, triterpene, lipide, carotenoide. Mecanismul de ac\u021biune al acestor compu\u0219i include stimularea r\u0103spunsului antiinflamator \u0219i imunitar, detoxifierea.       <\/p>\n","protected":false},"excerpt":{"rendered":"<p>Toate componentele utilizate sunt de origine natural\u0103. Acest lucru ofer\u0103 confortul utiliz\u0103rii unui preparat biologic foarte activ \u0219i, prin urmare, eficient.Maceratele de ulei pe baz\u0103 de ulei de m\u0103sline cosmetic de \u00eenalt\u0103 calitate cu flori de calendula bio \u0219i catifea asigur\u0103 o ac\u021biune regeneratoare a epidermei, accelereaz\u0103 vindecarea r\u0103nilor; au efect antibacterian \u0219i propriet\u0103\u021bi antioxidante [&hellip;]<\/p>\n","protected":false},"featured_media":8797,"comment_status":"open","ping_status":"closed","template":"","meta":{"site-sidebar-layout":"default","site-content-layout":"content-boxed-container","ast-site-content-layout":"default","site-content-style":"default","site-sidebar-style":"default","ast-global-header-display":"","ast-banner-title-visibility":"","ast-main-header-display":"","ast-hfb-above-header-display":"","ast-hfb-below-header-display":"","ast-hfb-mobile-header-display":"","site-post-title":"","ast-breadcrumbs-content":"","ast-featured-img":"","footer-sml-layout":"","ast-disable-related-posts":"","theme-transparent-header-meta":"disabled","adv-header-id-meta":"","stick-header-meta":"enabled","header-above-stick-meta":"on","header-main-stick-meta":"on","header-below-stick-meta":"on","astra-migrate-meta-layouts":"default","ast-page-background-enabled":"default","ast-page-background-meta":{"desktop":{"background-color":"var(--ast-global-color-4)","background-image":"","background-repeat":"repeat","background-position":"center center","background-size":"auto","background-attachment":"scroll","background-type":"","background-media":"","overlay-type":"","overlay-color":"","overlay-opacity":"","overlay-gradient":""},"tablet":{"background-color":"","background-image":"","background-repeat":"repeat","background-position":"center center","background-size":"auto","background-attachment":"scroll","background-type":"","background-media":"","overlay-type":"","overlay-color":"","overlay-opacity":"","overlay-gradient":""},"mobile":{"background-color":"","background-image":"","background-repeat":"repeat","background-position":"center center","background-size":"auto","background-attachment":"scroll","background-type":"","background-media":"","overlay-type":"","overlay-color":"","overlay-opacity":"","overlay-gradient":""}},"ast-content-background-meta":{"desktop":{"background-color":"var(--ast-global-color-5)","background-image":"","background-repeat":"repeat","background-position":"center center","background-size":"auto","background-attachment":"scroll","background-type":"","background-media":"","overlay-type":"","overlay-color":"","overlay-opacity":"","overlay-gradient":""},"tablet":{"background-color":"var(--ast-global-color-5)","background-image":"","background-repeat":"repeat","background-position":"center center","background-size":"auto","background-attachment":"scroll","background-type":"","background-media":"","overlay-type":"","overlay-color":"","overlay-opacity":"","overlay-gradient":""},"mobile":{"background-color":"var(--ast-global-color-5)","background-image":"","background-repeat":"repeat","background-position":"center center","background-size":"auto","background-attachment":"scroll","background-type":"","background-media":"","overlay-type":"","overlay-color":"","overlay-opacity":"","overlay-gradient":""}}},"product_brand":[],"product_cat":[25],"product_tag":[],"class_list":{"0":"post-5815","1":"product","2":"type-product","3":"status-publish","4":"has-post-thumbnail","6":"product_cat-med-tattoo","7":"desktop-align-left","8":"tablet-align-left","9":"mobile-align-left","10":"ast-product-gallery-layout-horizontal-slider","11":"ast-product-tabs-layout-distributed","13":"first","14":"outofstock","15":"taxable","16":"shipping-taxable","17":"purchasable","18":"product-type-simple"},"yoast_head":"<!-- This site is optimized with the Yoast SEO plugin v27.3 - https:\/\/yoast.com\/product\/yoast-seo-wordpress\/ -->\n<title>MED.TATTOO WHILE TATTOOING - Vaselin\u0103 cu calendula 1000g - MED.TATTOO<\/title>\n<meta name=\"robots\" content=\"index, follow, max-snippet:-1, max-image-preview:large, max-video-preview:-1\" \/>\n<link rel=\"canonical\" href=\"https:\/\/med.tattoo\/ro\/produs\/med-tattoo-while-tattooing-vaselina-cu-calendula-1000g\/\" \/>\n<meta property=\"og:locale\" content=\"ro_RO\" \/>\n<meta property=\"og:type\" content=\"article\" \/>\n<meta property=\"og:title\" content=\"MED.TATTOO WHILE TATTOOING - Vaselin\u0103 cu calendula 1000g - MED.TATTOO\" \/>\n<meta property=\"og:description\" content=\"Toate componentele utilizate sunt de origine natural\u0103. Acest lucru ofer\u0103 confortul utiliz\u0103rii unui preparat biologic foarte activ \u0219i, prin urmare, eficient.Maceratele de ulei pe baz\u0103 de ulei de m\u0103sline cosmetic de \u00eenalt\u0103 calitate cu flori de calendula bio \u0219i catifea asigur\u0103 o ac\u021biune regeneratoare a epidermei, accelereaz\u0103 vindecarea r\u0103nilor; au efect antibacterian \u0219i propriet\u0103\u021bi antioxidante [&hellip;]\" \/>\n<meta property=\"og:url\" content=\"https:\/\/med.tattoo\/ro\/produs\/med-tattoo-while-tattooing-vaselina-cu-calendula-1000g\/\" \/>\n<meta property=\"og:site_name\" content=\"MED.TATTOO\" \/>\n<meta property=\"article:publisher\" content=\"https:\/\/www.facebook.com\/profile.php?id=100084366705613\" \/>\n<meta property=\"article:modified_time\" content=\"2025-05-15T07:19:34+00:00\" \/>\n<meta property=\"og:image\" content=\"https:\/\/med.tattoo\/wp-content\/uploads\/2025\/05\/3651_med.tattoo-wazelina-z-nagietkiem-1000g_1742990452.jpg\" \/>\n\t<meta property=\"og:image:width\" content=\"1429\" \/>\n\t<meta property=\"og:image:height\" content=\"2048\" \/>\n\t<meta property=\"og:image:type\" content=\"image\/jpeg\" \/>\n<meta name=\"twitter:card\" content=\"summary_large_image\" \/>\n<meta name=\"twitter:label1\" content=\"Timp estimat pentru citire\" \/>\n\t<meta name=\"twitter:data1\" content=\"1 minut\" \/>\n<script type=\"application\/ld+json\" class=\"yoast-schema-graph\">{\"@context\":\"https:\\\/\\\/schema.org\",\"@graph\":[{\"@type\":\"WebPage\",\"@id\":\"https:\\\/\\\/med.tattoo\\\/ro\\\/produs\\\/med-tattoo-while-tattooing-vaselina-cu-calendula-1000g\\\/\",\"url\":\"https:\\\/\\\/med.tattoo\\\/ro\\\/produs\\\/med-tattoo-while-tattooing-vaselina-cu-calendula-1000g\\\/\",\"name\":\"MED.TATTOO WHILE TATTOOING - Vaselin\u0103 cu calendula 1000g - MED.TATTOO\",\"isPartOf\":{\"@id\":\"https:\\\/\\\/med.tattoo\\\/ro\\\/#website\"},\"primaryImageOfPage\":{\"@id\":\"https:\\\/\\\/med.tattoo\\\/ro\\\/produs\\\/med-tattoo-while-tattooing-vaselina-cu-calendula-1000g\\\/#primaryimage\"},\"image\":{\"@id\":\"https:\\\/\\\/med.tattoo\\\/ro\\\/produs\\\/med-tattoo-while-tattooing-vaselina-cu-calendula-1000g\\\/#primaryimage\"},\"thumbnailUrl\":\"https:\\\/\\\/med.tattoo\\\/wp-content\\\/uploads\\\/2025\\\/05\\\/3651_med.tattoo-wazelina-z-nagietkiem-1000g_1742990452.jpg\",\"datePublished\":\"2021-08-20T09:50:18+00:00\",\"dateModified\":\"2025-05-15T07:19:34+00:00\",\"breadcrumb\":{\"@id\":\"https:\\\/\\\/med.tattoo\\\/ro\\\/produs\\\/med-tattoo-while-tattooing-vaselina-cu-calendula-1000g\\\/#breadcrumb\"},\"inLanguage\":\"ro-RO\",\"potentialAction\":[{\"@type\":\"ReadAction\",\"target\":[\"https:\\\/\\\/med.tattoo\\\/ro\\\/produs\\\/med-tattoo-while-tattooing-vaselina-cu-calendula-1000g\\\/\"]}]},{\"@type\":\"ImageObject\",\"inLanguage\":\"ro-RO\",\"@id\":\"https:\\\/\\\/med.tattoo\\\/ro\\\/produs\\\/med-tattoo-while-tattooing-vaselina-cu-calendula-1000g\\\/#primaryimage\",\"url\":\"https:\\\/\\\/med.tattoo\\\/wp-content\\\/uploads\\\/2025\\\/05\\\/3651_med.tattoo-wazelina-z-nagietkiem-1000g_1742990452.jpg\",\"contentUrl\":\"https:\\\/\\\/med.tattoo\\\/wp-content\\\/uploads\\\/2025\\\/05\\\/3651_med.tattoo-wazelina-z-nagietkiem-1000g_1742990452.jpg\",\"width\":1429,\"height\":2048},{\"@type\":\"BreadcrumbList\",\"@id\":\"https:\\\/\\\/med.tattoo\\\/ro\\\/produs\\\/med-tattoo-while-tattooing-vaselina-cu-calendula-1000g\\\/#breadcrumb\",\"itemListElement\":[{\"@type\":\"ListItem\",\"position\":1,\"name\":\"Strona G\u0142\u00f3wna\",\"item\":\"https:\\\/\\\/med.tattoo\\\/ro\\\/\"},{\"@type\":\"ListItem\",\"position\":2,\"name\":\"Magazin\",\"item\":\"https:\\\/\\\/med.tattoo\\\/ro\\\/shop\\\/\"},{\"@type\":\"ListItem\",\"position\":3,\"name\":\"MED.TATTOO WHILE TATTOOING &#8211; Vaselin\u0103 cu calendula 1000g\"}]},{\"@type\":\"WebSite\",\"@id\":\"https:\\\/\\\/med.tattoo\\\/ro\\\/#website\",\"url\":\"https:\\\/\\\/med.tattoo\\\/ro\\\/\",\"name\":\"MED.TATTOO\",\"description\":\"Wszystko dla Twojego tatua\u017cu\",\"publisher\":{\"@id\":\"https:\\\/\\\/med.tattoo\\\/ro\\\/#organization\"},\"potentialAction\":[{\"@type\":\"SearchAction\",\"target\":{\"@type\":\"EntryPoint\",\"urlTemplate\":\"https:\\\/\\\/med.tattoo\\\/ro\\\/?s={search_term_string}\"},\"query-input\":{\"@type\":\"PropertyValueSpecification\",\"valueRequired\":true,\"valueName\":\"search_term_string\"}}],\"inLanguage\":\"ro-RO\"},{\"@type\":\"Organization\",\"@id\":\"https:\\\/\\\/med.tattoo\\\/ro\\\/#organization\",\"name\":\"MED.TATTOO\",\"url\":\"https:\\\/\\\/med.tattoo\\\/ro\\\/\",\"logo\":{\"@type\":\"ImageObject\",\"inLanguage\":\"ro-RO\",\"@id\":\"https:\\\/\\\/med.tattoo\\\/ro\\\/#\\\/schema\\\/logo\\\/image\\\/\",\"url\":\"https:\\\/\\\/med.tattoo\\\/wp-content\\\/uploads\\\/2025\\\/05\\\/Bez-tytulu-600S300-px-1-e1658908183800.png\",\"contentUrl\":\"https:\\\/\\\/med.tattoo\\\/wp-content\\\/uploads\\\/2025\\\/05\\\/Bez-tytulu-600S300-px-1-e1658908183800.png\",\"width\":600,\"height\":61,\"caption\":\"MED.TATTOO\"},\"image\":{\"@id\":\"https:\\\/\\\/med.tattoo\\\/ro\\\/#\\\/schema\\\/logo\\\/image\\\/\"},\"sameAs\":[\"https:\\\/\\\/www.facebook.com\\\/profile.php?id=100084366705613\",\"https:\\\/\\\/www.instagram.com\\\/med.tattoo_official\\\/\"]}]}<\/script>\n<!-- \/ Yoast SEO plugin. -->","yoast_head_json":{"title":"MED.TATTOO WHILE TATTOOING - Vaselin\u0103 cu calendula 1000g - MED.TATTOO","robots":{"index":"index","follow":"follow","max-snippet":"max-snippet:-1","max-image-preview":"max-image-preview:large","max-video-preview":"max-video-preview:-1"},"canonical":"https:\/\/med.tattoo\/ro\/produs\/med-tattoo-while-tattooing-vaselina-cu-calendula-1000g\/","og_locale":"ro_RO","og_type":"article","og_title":"MED.TATTOO WHILE TATTOOING - Vaselin\u0103 cu calendula 1000g - MED.TATTOO","og_description":"Toate componentele utilizate sunt de origine natural\u0103. Acest lucru ofer\u0103 confortul utiliz\u0103rii unui preparat biologic foarte activ \u0219i, prin urmare, eficient.Maceratele de ulei pe baz\u0103 de ulei de m\u0103sline cosmetic de \u00eenalt\u0103 calitate cu flori de calendula bio \u0219i catifea asigur\u0103 o ac\u021biune regeneratoare a epidermei, accelereaz\u0103 vindecarea r\u0103nilor; au efect antibacterian \u0219i propriet\u0103\u021bi antioxidante [&hellip;]","og_url":"https:\/\/med.tattoo\/ro\/produs\/med-tattoo-while-tattooing-vaselina-cu-calendula-1000g\/","og_site_name":"MED.TATTOO","article_publisher":"https:\/\/www.facebook.com\/profile.php?id=100084366705613","article_modified_time":"2025-05-15T07:19:34+00:00","og_image":[{"width":1429,"height":2048,"url":"https:\/\/med.tattoo\/wp-content\/uploads\/2025\/05\/3651_med.tattoo-wazelina-z-nagietkiem-1000g_1742990452.jpg","type":"image\/jpeg"}],"twitter_card":"summary_large_image","twitter_misc":{"Timp estimat pentru citire":"1 minut"},"schema":{"@context":"https:\/\/schema.org","@graph":[{"@type":"WebPage","@id":"https:\/\/med.tattoo\/ro\/produs\/med-tattoo-while-tattooing-vaselina-cu-calendula-1000g\/","url":"https:\/\/med.tattoo\/ro\/produs\/med-tattoo-while-tattooing-vaselina-cu-calendula-1000g\/","name":"MED.TATTOO WHILE TATTOOING - Vaselin\u0103 cu calendula 1000g - MED.TATTOO","isPartOf":{"@id":"https:\/\/med.tattoo\/ro\/#website"},"primaryImageOfPage":{"@id":"https:\/\/med.tattoo\/ro\/produs\/med-tattoo-while-tattooing-vaselina-cu-calendula-1000g\/#primaryimage"},"image":{"@id":"https:\/\/med.tattoo\/ro\/produs\/med-tattoo-while-tattooing-vaselina-cu-calendula-1000g\/#primaryimage"},"thumbnailUrl":"https:\/\/med.tattoo\/wp-content\/uploads\/2025\/05\/3651_med.tattoo-wazelina-z-nagietkiem-1000g_1742990452.jpg","datePublished":"2021-08-20T09:50:18+00:00","dateModified":"2025-05-15T07:19:34+00:00","breadcrumb":{"@id":"https:\/\/med.tattoo\/ro\/produs\/med-tattoo-while-tattooing-vaselina-cu-calendula-1000g\/#breadcrumb"},"inLanguage":"ro-RO","potentialAction":[{"@type":"ReadAction","target":["https:\/\/med.tattoo\/ro\/produs\/med-tattoo-while-tattooing-vaselina-cu-calendula-1000g\/"]}]},{"@type":"ImageObject","inLanguage":"ro-RO","@id":"https:\/\/med.tattoo\/ro\/produs\/med-tattoo-while-tattooing-vaselina-cu-calendula-1000g\/#primaryimage","url":"https:\/\/med.tattoo\/wp-content\/uploads\/2025\/05\/3651_med.tattoo-wazelina-z-nagietkiem-1000g_1742990452.jpg","contentUrl":"https:\/\/med.tattoo\/wp-content\/uploads\/2025\/05\/3651_med.tattoo-wazelina-z-nagietkiem-1000g_1742990452.jpg","width":1429,"height":2048},{"@type":"BreadcrumbList","@id":"https:\/\/med.tattoo\/ro\/produs\/med-tattoo-while-tattooing-vaselina-cu-calendula-1000g\/#breadcrumb","itemListElement":[{"@type":"ListItem","position":1,"name":"Strona G\u0142\u00f3wna","item":"https:\/\/med.tattoo\/ro\/"},{"@type":"ListItem","position":2,"name":"Magazin","item":"https:\/\/med.tattoo\/ro\/shop\/"},{"@type":"ListItem","position":3,"name":"MED.TATTOO WHILE TATTOOING &#8211; Vaselin\u0103 cu calendula 1000g"}]},{"@type":"WebSite","@id":"https:\/\/med.tattoo\/ro\/#website","url":"https:\/\/med.tattoo\/ro\/","name":"MED.TATTOO","description":"Wszystko dla Twojego tatua\u017cu","publisher":{"@id":"https:\/\/med.tattoo\/ro\/#organization"},"potentialAction":[{"@type":"SearchAction","target":{"@type":"EntryPoint","urlTemplate":"https:\/\/med.tattoo\/ro\/?s={search_term_string}"},"query-input":{"@type":"PropertyValueSpecification","valueRequired":true,"valueName":"search_term_string"}}],"inLanguage":"ro-RO"},{"@type":"Organization","@id":"https:\/\/med.tattoo\/ro\/#organization","name":"MED.TATTOO","url":"https:\/\/med.tattoo\/ro\/","logo":{"@type":"ImageObject","inLanguage":"ro-RO","@id":"https:\/\/med.tattoo\/ro\/#\/schema\/logo\/image\/","url":"https:\/\/med.tattoo\/wp-content\/uploads\/2025\/05\/Bez-tytulu-600S300-px-1-e1658908183800.png","contentUrl":"https:\/\/med.tattoo\/wp-content\/uploads\/2025\/05\/Bez-tytulu-600S300-px-1-e1658908183800.png","width":600,"height":61,"caption":"MED.TATTOO"},"image":{"@id":"https:\/\/med.tattoo\/ro\/#\/schema\/logo\/image\/"},"sameAs":["https:\/\/www.facebook.com\/profile.php?id=100084366705613","https:\/\/www.instagram.com\/med.tattoo_official\/"]}]}},"_links":{"self":[{"href":"https:\/\/med.tattoo\/ro\/wp-json\/wp\/v2\/product\/5815","targetHints":{"allow":["GET"]}}],"collection":[{"href":"https:\/\/med.tattoo\/ro\/wp-json\/wp\/v2\/product"}],"about":[{"href":"https:\/\/med.tattoo\/ro\/wp-json\/wp\/v2\/types\/product"}],"replies":[{"embeddable":true,"href":"https:\/\/med.tattoo\/ro\/wp-json\/wp\/v2\/comments?post=5815"}],"wp:featuredmedia":[{"embeddable":true,"href":"https:\/\/med.tattoo\/ro\/wp-json\/wp\/v2\/media\/8797"}],"wp:attachment":[{"href":"https:\/\/med.tattoo\/ro\/wp-json\/wp\/v2\/media?parent=5815"}],"wp:term":[{"taxonomy":"product_brand","embeddable":true,"href":"https:\/\/med.tattoo\/ro\/wp-json\/wp\/v2\/product_brand?post=5815"},{"taxonomy":"product_cat","embeddable":true,"href":"https:\/\/med.tattoo\/ro\/wp-json\/wp\/v2\/product_cat?post=5815"},{"taxonomy":"product_tag","embeddable":true,"href":"https:\/\/med.tattoo\/ro\/wp-json\/wp\/v2\/product_tag?post=5815"}],"curies":[{"name":"wp","href":"https:\/\/api.w.org\/{rel}","templated":true}]}}