{"id":8945,"date":"2025-05-15T07:20:32","date_gmt":"2025-05-15T05:20:32","guid":{"rendered":"https:\/\/med.tattoo\/produkt\/med-tattoo-dermafix-10cm-15cm-10pcs-folie-de-protectie-pentru-tatuaje\/"},"modified":"2025-05-15T07:20:32","modified_gmt":"2025-05-15T05:20:32","slug":"med-tattoo-dermafix-10cm-15cm-10pcs-folie-de-protectie-pentru-tatuaje","status":"publish","type":"product","link":"https:\/\/med.tattoo\/ro\/produs\/med-tattoo-dermafix-10cm-15cm-10pcs-folie-de-protectie-pentru-tatuaje\/","title":{"rendered":"MED.TATTOO DERMAFIX 10cm * 15cm 10pcs folie de protec\u021bie pentru tatuaje"},"content":{"rendered":"<p>DERMAFIX este un dispozitiv medical &#8211; un pansament ocluziv realizat din folie poliuretanic\u0103 sub\u021bire, flexibil\u0103 \u0219i moale. Cunoscut \u00een mod obi\u0219nuit ca SecondSkin, acesta se adapteaz\u0103 perfect contururilor corpului \u0219i protejeaz\u0103 astfel pielea tatuat\u0103 de infec\u021bii \u0219i irita\u021bii.  Este transparent, ceea ce permite observarea tatuajului de vindecare f\u0103r\u0103 a fi necesar\u0103 \u00eendep\u0103rtarea pansamentului.<\/p>\n<p>DERMAFIX este permeabil la vapori \u0219i aer &#8211; permi\u021b\u00e2nd pielii s\u0103 respire. Acesta ofer\u0103 un mediu perfect pentru piele, men\u021bin\u00e2nd umiditatea \u0219i temperatura potrivite pentru a favoriza vindecarea r\u0103nilor. DERMAFIX ofer\u0103 o barier\u0103 \u00eempotriva microorganismelor, minimiz\u00e2nd astfel riscul de infec\u021bie.  <\/p>\n<p>Disponibil \u00een diferite dimensiuni, rulouri: 10cm*10m, 15cm*10m \u0219i foi 10*15 cm ambalate \u00een 10 buc\u0103\u021bi.<\/p>\n","protected":false},"excerpt":{"rendered":"<p>DERMAFIX este un dispozitiv medical &#8211; un pansament ocluziv realizat din folie poliuretanic\u0103 sub\u021bire, flexibil\u0103 \u0219i moale. Cunoscut \u00een mod obi\u0219nuit ca SecondSkin, acesta se adapteaz\u0103 perfect contururilor corpului \u0219i protejeaz\u0103 astfel pielea tatuat\u0103 de infec\u021bii \u0219i irita\u021bii. Este transparent, ceea ce permite observarea tatuajului de vindecare f\u0103r\u0103 a fi necesar\u0103 \u00eendep\u0103rtarea pansamentului. DERMAFIX este [&hellip;]<\/p>\n","protected":false},"featured_media":7285,"comment_status":"closed","ping_status":"open","template":"","meta":{"site-sidebar-layout":"default","site-content-layout":"","ast-site-content-layout":"default","site-content-style":"default","site-sidebar-style":"default","ast-global-header-display":"","ast-banner-title-visibility":"","ast-main-header-display":"","ast-hfb-above-header-display":"","ast-hfb-below-header-display":"","ast-hfb-mobile-header-display":"","site-post-title":"","ast-breadcrumbs-content":"","ast-featured-img":"","footer-sml-layout":"","ast-disable-related-posts":"","theme-transparent-header-meta":"","adv-header-id-meta":"","stick-header-meta":"","header-above-stick-meta":"","header-main-stick-meta":"","header-below-stick-meta":"","astra-migrate-meta-layouts":"default","ast-page-background-enabled":"default","ast-page-background-meta":{"desktop":{"background-color":"var(--ast-global-color-4)","background-image":"","background-repeat":"repeat","background-position":"center center","background-size":"auto","background-attachment":"scroll","background-type":"","background-media":"","overlay-type":"","overlay-color":"","overlay-opacity":"","overlay-gradient":""},"tablet":{"background-color":"","background-image":"","background-repeat":"repeat","background-position":"center center","background-size":"auto","background-attachment":"scroll","background-type":"","background-media":"","overlay-type":"","overlay-color":"","overlay-opacity":"","overlay-gradient":""},"mobile":{"background-color":"","background-image":"","background-repeat":"repeat","background-position":"center center","background-size":"auto","background-attachment":"scroll","background-type":"","background-media":"","overlay-type":"","overlay-color":"","overlay-opacity":"","overlay-gradient":""}},"ast-content-background-meta":{"desktop":{"background-color":"var(--ast-global-color-5)","background-image":"","background-repeat":"repeat","background-position":"center center","background-size":"auto","background-attachment":"scroll","background-type":"","background-media":"","overlay-type":"","overlay-color":"","overlay-opacity":"","overlay-gradient":""},"tablet":{"background-color":"var(--ast-global-color-5)","background-image":"","background-repeat":"repeat","background-position":"center center","background-size":"auto","background-attachment":"scroll","background-type":"","background-media":"","overlay-type":"","overlay-color":"","overlay-opacity":"","overlay-gradient":""},"mobile":{"background-color":"var(--ast-global-color-5)","background-image":"","background-repeat":"repeat","background-position":"center center","background-size":"auto","background-attachment":"scroll","background-type":"","background-media":"","overlay-type":"","overlay-color":"","overlay-opacity":"","overlay-gradient":""}}},"product_brand":[],"product_cat":[25],"product_tag":[],"class_list":{"0":"post-8945","1":"product","2":"type-product","3":"status-publish","4":"has-post-thumbnail","6":"product_cat-med-tattoo","7":"desktop-align-left","8":"tablet-align-left","9":"mobile-align-left","10":"ast-product-gallery-layout-horizontal-slider","11":"ast-product-gallery-with-no-image","12":"ast-product-tabs-layout-distributed","14":"first","15":"outofstock","16":"purchasable","17":"product-type-simple"},"yoast_head":"<!-- This site is optimized with the Yoast SEO plugin v27.4 - https:\/\/yoast.com\/product\/yoast-seo-wordpress\/ -->\n<title>MED.TATTOO DERMAFIX 10cm * 15cm 10pcs folie de protec\u021bie pentru tatuaje - MED.TATTOO<\/title>\n<meta name=\"robots\" content=\"index, follow, max-snippet:-1, max-image-preview:large, max-video-preview:-1\" \/>\n<link rel=\"canonical\" href=\"https:\/\/med.tattoo\/ro\/produs\/med-tattoo-dermafix-10cm-15cm-10pcs-folie-de-protectie-pentru-tatuaje\/\" \/>\n<meta property=\"og:locale\" content=\"ro_RO\" \/>\n<meta property=\"og:type\" content=\"article\" \/>\n<meta property=\"og:title\" content=\"MED.TATTOO DERMAFIX 10cm * 15cm 10pcs folie de protec\u021bie pentru tatuaje - MED.TATTOO\" \/>\n<meta property=\"og:description\" content=\"DERMAFIX este un dispozitiv medical &#8211; un pansament ocluziv realizat din folie poliuretanic\u0103 sub\u021bire, flexibil\u0103 \u0219i moale. Cunoscut \u00een mod obi\u0219nuit ca SecondSkin, acesta se adapteaz\u0103 perfect contururilor corpului \u0219i protejeaz\u0103 astfel pielea tatuat\u0103 de infec\u021bii \u0219i irita\u021bii. Este transparent, ceea ce permite observarea tatuajului de vindecare f\u0103r\u0103 a fi necesar\u0103 \u00eendep\u0103rtarea pansamentului. DERMAFIX este [&hellip;]\" \/>\n<meta property=\"og:url\" content=\"https:\/\/med.tattoo\/ro\/produs\/med-tattoo-dermafix-10cm-15cm-10pcs-folie-de-protectie-pentru-tatuaje\/\" \/>\n<meta property=\"og:site_name\" content=\"MED.TATTOO\" \/>\n<meta property=\"article:publisher\" content=\"https:\/\/www.facebook.com\/profile.php?id=100084366705613\" \/>\n<meta name=\"twitter:card\" content=\"summary_large_image\" \/>\n<meta name=\"twitter:label1\" content=\"Timp estimat pentru citire\" \/>\n\t<meta name=\"twitter:data1\" content=\"1 minut\" \/>\n<script type=\"application\/ld+json\" class=\"yoast-schema-graph\">{\"@context\":\"https:\\\/\\\/schema.org\",\"@graph\":[{\"@type\":\"WebPage\",\"@id\":\"https:\\\/\\\/med.tattoo\\\/ro\\\/produs\\\/med-tattoo-dermafix-10cm-15cm-10pcs-folie-de-protectie-pentru-tatuaje\\\/\",\"url\":\"https:\\\/\\\/med.tattoo\\\/ro\\\/produs\\\/med-tattoo-dermafix-10cm-15cm-10pcs-folie-de-protectie-pentru-tatuaje\\\/\",\"name\":\"MED.TATTOO DERMAFIX 10cm * 15cm 10pcs folie de protec\u021bie pentru tatuaje - MED.TATTOO\",\"isPartOf\":{\"@id\":\"https:\\\/\\\/med.tattoo\\\/ro\\\/#website\"},\"primaryImageOfPage\":{\"@id\":\"https:\\\/\\\/med.tattoo\\\/ro\\\/produs\\\/med-tattoo-dermafix-10cm-15cm-10pcs-folie-de-protectie-pentru-tatuaje\\\/#primaryimage\"},\"image\":{\"@id\":\"https:\\\/\\\/med.tattoo\\\/ro\\\/produs\\\/med-tattoo-dermafix-10cm-15cm-10pcs-folie-de-protectie-pentru-tatuaje\\\/#primaryimage\"},\"thumbnailUrl\":\"https:\\\/\\\/med.tattoo\\\/wp-content\\\/uploads\\\/2025\\\/05\\\/260_med.tattoo-dermafix-10cm-15cm-10szt-folia-ochronn_1742990451.jpg\",\"datePublished\":\"2025-05-15T05:20:32+00:00\",\"breadcrumb\":{\"@id\":\"https:\\\/\\\/med.tattoo\\\/ro\\\/produs\\\/med-tattoo-dermafix-10cm-15cm-10pcs-folie-de-protectie-pentru-tatuaje\\\/#breadcrumb\"},\"inLanguage\":\"ro-RO\",\"potentialAction\":[{\"@type\":\"ReadAction\",\"target\":[\"https:\\\/\\\/med.tattoo\\\/ro\\\/produs\\\/med-tattoo-dermafix-10cm-15cm-10pcs-folie-de-protectie-pentru-tatuaje\\\/\"]}]},{\"@type\":\"ImageObject\",\"inLanguage\":\"ro-RO\",\"@id\":\"https:\\\/\\\/med.tattoo\\\/ro\\\/produs\\\/med-tattoo-dermafix-10cm-15cm-10pcs-folie-de-protectie-pentru-tatuaje\\\/#primaryimage\",\"url\":\"https:\\\/\\\/med.tattoo\\\/wp-content\\\/uploads\\\/2025\\\/05\\\/260_med.tattoo-dermafix-10cm-15cm-10szt-folia-ochronn_1742990451.jpg\",\"contentUrl\":\"https:\\\/\\\/med.tattoo\\\/wp-content\\\/uploads\\\/2025\\\/05\\\/260_med.tattoo-dermafix-10cm-15cm-10szt-folia-ochronn_1742990451.jpg\",\"width\":1200,\"height\":777},{\"@type\":\"BreadcrumbList\",\"@id\":\"https:\\\/\\\/med.tattoo\\\/ro\\\/produs\\\/med-tattoo-dermafix-10cm-15cm-10pcs-folie-de-protectie-pentru-tatuaje\\\/#breadcrumb\",\"itemListElement\":[{\"@type\":\"ListItem\",\"position\":1,\"name\":\"Strona G\u0142\u00f3wna\",\"item\":\"https:\\\/\\\/med.tattoo\\\/ro\\\/\"},{\"@type\":\"ListItem\",\"position\":2,\"name\":\"Magazin\",\"item\":\"https:\\\/\\\/med.tattoo\\\/ro\\\/shop\\\/\"},{\"@type\":\"ListItem\",\"position\":3,\"name\":\"MED.TATTOO DERMAFIX 10cm * 15cm 10pcs folie de protec\u021bie pentru tatuaje\"}]},{\"@type\":\"WebSite\",\"@id\":\"https:\\\/\\\/med.tattoo\\\/ro\\\/#website\",\"url\":\"https:\\\/\\\/med.tattoo\\\/ro\\\/\",\"name\":\"MED.TATTOO\",\"description\":\"Wszystko dla Twojego tatua\u017cu\",\"publisher\":{\"@id\":\"https:\\\/\\\/med.tattoo\\\/ro\\\/#organization\"},\"potentialAction\":[{\"@type\":\"SearchAction\",\"target\":{\"@type\":\"EntryPoint\",\"urlTemplate\":\"https:\\\/\\\/med.tattoo\\\/ro\\\/?s={search_term_string}\"},\"query-input\":{\"@type\":\"PropertyValueSpecification\",\"valueRequired\":true,\"valueName\":\"search_term_string\"}}],\"inLanguage\":\"ro-RO\"},{\"@type\":\"Organization\",\"@id\":\"https:\\\/\\\/med.tattoo\\\/ro\\\/#organization\",\"name\":\"MED.TATTOO\",\"url\":\"https:\\\/\\\/med.tattoo\\\/ro\\\/\",\"logo\":{\"@type\":\"ImageObject\",\"inLanguage\":\"ro-RO\",\"@id\":\"https:\\\/\\\/med.tattoo\\\/ro\\\/#\\\/schema\\\/logo\\\/image\\\/\",\"url\":\"https:\\\/\\\/med.tattoo\\\/wp-content\\\/uploads\\\/2025\\\/05\\\/Bez-tytulu-600S300-px-1-e1658908183800.png\",\"contentUrl\":\"https:\\\/\\\/med.tattoo\\\/wp-content\\\/uploads\\\/2025\\\/05\\\/Bez-tytulu-600S300-px-1-e1658908183800.png\",\"width\":600,\"height\":61,\"caption\":\"MED.TATTOO\"},\"image\":{\"@id\":\"https:\\\/\\\/med.tattoo\\\/ro\\\/#\\\/schema\\\/logo\\\/image\\\/\"},\"sameAs\":[\"https:\\\/\\\/www.facebook.com\\\/profile.php?id=100084366705613\",\"https:\\\/\\\/www.instagram.com\\\/med.tattoo_official\\\/\"]}]}<\/script>\n<!-- \/ Yoast SEO plugin. -->","yoast_head_json":{"title":"MED.TATTOO DERMAFIX 10cm * 15cm 10pcs folie de protec\u021bie pentru tatuaje - MED.TATTOO","robots":{"index":"index","follow":"follow","max-snippet":"max-snippet:-1","max-image-preview":"max-image-preview:large","max-video-preview":"max-video-preview:-1"},"canonical":"https:\/\/med.tattoo\/ro\/produs\/med-tattoo-dermafix-10cm-15cm-10pcs-folie-de-protectie-pentru-tatuaje\/","og_locale":"ro_RO","og_type":"article","og_title":"MED.TATTOO DERMAFIX 10cm * 15cm 10pcs folie de protec\u021bie pentru tatuaje - MED.TATTOO","og_description":"DERMAFIX este un dispozitiv medical &#8211; un pansament ocluziv realizat din folie poliuretanic\u0103 sub\u021bire, flexibil\u0103 \u0219i moale. Cunoscut \u00een mod obi\u0219nuit ca SecondSkin, acesta se adapteaz\u0103 perfect contururilor corpului \u0219i protejeaz\u0103 astfel pielea tatuat\u0103 de infec\u021bii \u0219i irita\u021bii. Este transparent, ceea ce permite observarea tatuajului de vindecare f\u0103r\u0103 a fi necesar\u0103 \u00eendep\u0103rtarea pansamentului. DERMAFIX este [&hellip;]","og_url":"https:\/\/med.tattoo\/ro\/produs\/med-tattoo-dermafix-10cm-15cm-10pcs-folie-de-protectie-pentru-tatuaje\/","og_site_name":"MED.TATTOO","article_publisher":"https:\/\/www.facebook.com\/profile.php?id=100084366705613","twitter_card":"summary_large_image","twitter_misc":{"Timp estimat pentru citire":"1 minut"},"schema":{"@context":"https:\/\/schema.org","@graph":[{"@type":"WebPage","@id":"https:\/\/med.tattoo\/ro\/produs\/med-tattoo-dermafix-10cm-15cm-10pcs-folie-de-protectie-pentru-tatuaje\/","url":"https:\/\/med.tattoo\/ro\/produs\/med-tattoo-dermafix-10cm-15cm-10pcs-folie-de-protectie-pentru-tatuaje\/","name":"MED.TATTOO DERMAFIX 10cm * 15cm 10pcs folie de protec\u021bie pentru tatuaje - MED.TATTOO","isPartOf":{"@id":"https:\/\/med.tattoo\/ro\/#website"},"primaryImageOfPage":{"@id":"https:\/\/med.tattoo\/ro\/produs\/med-tattoo-dermafix-10cm-15cm-10pcs-folie-de-protectie-pentru-tatuaje\/#primaryimage"},"image":{"@id":"https:\/\/med.tattoo\/ro\/produs\/med-tattoo-dermafix-10cm-15cm-10pcs-folie-de-protectie-pentru-tatuaje\/#primaryimage"},"thumbnailUrl":"https:\/\/med.tattoo\/wp-content\/uploads\/2025\/05\/260_med.tattoo-dermafix-10cm-15cm-10szt-folia-ochronn_1742990451.jpg","datePublished":"2025-05-15T05:20:32+00:00","breadcrumb":{"@id":"https:\/\/med.tattoo\/ro\/produs\/med-tattoo-dermafix-10cm-15cm-10pcs-folie-de-protectie-pentru-tatuaje\/#breadcrumb"},"inLanguage":"ro-RO","potentialAction":[{"@type":"ReadAction","target":["https:\/\/med.tattoo\/ro\/produs\/med-tattoo-dermafix-10cm-15cm-10pcs-folie-de-protectie-pentru-tatuaje\/"]}]},{"@type":"ImageObject","inLanguage":"ro-RO","@id":"https:\/\/med.tattoo\/ro\/produs\/med-tattoo-dermafix-10cm-15cm-10pcs-folie-de-protectie-pentru-tatuaje\/#primaryimage","url":"https:\/\/med.tattoo\/wp-content\/uploads\/2025\/05\/260_med.tattoo-dermafix-10cm-15cm-10szt-folia-ochronn_1742990451.jpg","contentUrl":"https:\/\/med.tattoo\/wp-content\/uploads\/2025\/05\/260_med.tattoo-dermafix-10cm-15cm-10szt-folia-ochronn_1742990451.jpg","width":1200,"height":777},{"@type":"BreadcrumbList","@id":"https:\/\/med.tattoo\/ro\/produs\/med-tattoo-dermafix-10cm-15cm-10pcs-folie-de-protectie-pentru-tatuaje\/#breadcrumb","itemListElement":[{"@type":"ListItem","position":1,"name":"Strona G\u0142\u00f3wna","item":"https:\/\/med.tattoo\/ro\/"},{"@type":"ListItem","position":2,"name":"Magazin","item":"https:\/\/med.tattoo\/ro\/shop\/"},{"@type":"ListItem","position":3,"name":"MED.TATTOO DERMAFIX 10cm * 15cm 10pcs folie de protec\u021bie pentru tatuaje"}]},{"@type":"WebSite","@id":"https:\/\/med.tattoo\/ro\/#website","url":"https:\/\/med.tattoo\/ro\/","name":"MED.TATTOO","description":"Wszystko dla Twojego tatua\u017cu","publisher":{"@id":"https:\/\/med.tattoo\/ro\/#organization"},"potentialAction":[{"@type":"SearchAction","target":{"@type":"EntryPoint","urlTemplate":"https:\/\/med.tattoo\/ro\/?s={search_term_string}"},"query-input":{"@type":"PropertyValueSpecification","valueRequired":true,"valueName":"search_term_string"}}],"inLanguage":"ro-RO"},{"@type":"Organization","@id":"https:\/\/med.tattoo\/ro\/#organization","name":"MED.TATTOO","url":"https:\/\/med.tattoo\/ro\/","logo":{"@type":"ImageObject","inLanguage":"ro-RO","@id":"https:\/\/med.tattoo\/ro\/#\/schema\/logo\/image\/","url":"https:\/\/med.tattoo\/wp-content\/uploads\/2025\/05\/Bez-tytulu-600S300-px-1-e1658908183800.png","contentUrl":"https:\/\/med.tattoo\/wp-content\/uploads\/2025\/05\/Bez-tytulu-600S300-px-1-e1658908183800.png","width":600,"height":61,"caption":"MED.TATTOO"},"image":{"@id":"https:\/\/med.tattoo\/ro\/#\/schema\/logo\/image\/"},"sameAs":["https:\/\/www.facebook.com\/profile.php?id=100084366705613","https:\/\/www.instagram.com\/med.tattoo_official\/"]}]}},"_links":{"self":[{"href":"https:\/\/med.tattoo\/ro\/wp-json\/wp\/v2\/product\/8945","targetHints":{"allow":["GET"]}}],"collection":[{"href":"https:\/\/med.tattoo\/ro\/wp-json\/wp\/v2\/product"}],"about":[{"href":"https:\/\/med.tattoo\/ro\/wp-json\/wp\/v2\/types\/product"}],"replies":[{"embeddable":true,"href":"https:\/\/med.tattoo\/ro\/wp-json\/wp\/v2\/comments?post=8945"}],"wp:featuredmedia":[{"embeddable":true,"href":"https:\/\/med.tattoo\/ro\/wp-json\/wp\/v2\/media\/7285"}],"wp:attachment":[{"href":"https:\/\/med.tattoo\/ro\/wp-json\/wp\/v2\/media?parent=8945"}],"wp:term":[{"taxonomy":"product_brand","embeddable":true,"href":"https:\/\/med.tattoo\/ro\/wp-json\/wp\/v2\/product_brand?post=8945"},{"taxonomy":"product_cat","embeddable":true,"href":"https:\/\/med.tattoo\/ro\/wp-json\/wp\/v2\/product_cat?post=8945"},{"taxonomy":"product_tag","embeddable":true,"href":"https:\/\/med.tattoo\/ro\/wp-json\/wp\/v2\/product_tag?post=8945"}],"curies":[{"name":"wp","href":"https:\/\/api.w.org\/{rel}","templated":true}]}}