{"id":8951,"date":"2025-05-15T07:16:57","date_gmt":"2025-05-15T05:16:57","guid":{"rendered":"https:\/\/med.tattoo\/produkt\/enzymex-l9-1l-curatare-dezinfectare-instrumente\/"},"modified":"2025-05-15T07:16:57","modified_gmt":"2025-05-15T05:16:57","slug":"enzymex-l9-1l-curatare-dezinfectare-instrumente","status":"publish","type":"product","link":"https:\/\/med.tattoo\/ro\/produs\/enzymex-l9-1l-curatare-dezinfectare-instrumente\/","title":{"rendered":"Enzymex L9 1L cur\u0103\u021bare, dezinfectare instrumente"},"content":{"rendered":"<p>Enzymex L9<\/p>\n<p>Concentrat cu trei enzime pentru cur\u0103\u021barea \u0219i dezinfec\u021bia manual\u0103 a instrumentelor, endoscoapelor \u0219i a altor dispozitive medicale.<br \/>\nPreparat lichid cu propriet\u0103\u021bi excelente de dezinfectare \u0219i cur\u0103\u021bare, spectru biocid larg \u00een 10 minute: bacterii, micobacterii, drojdii, virusuri (HIV, HBV, HCV, Vaccinia\/Corona, Herpes), concentra\u021bia solu\u021biei de lucru de la 0,5%, testat \u00een condi\u021bii de murd\u0103rie conform fazei 2\/1 \u0219i fazei 2\/2 a standardelor europene. Un complex de trei enzime (proteaz\u0103, lipaz\u0103, amilaz\u0103) \u00een combina\u021bie cu detergen\u021bi dizolv\u0103 contaminan\u021bii organici (s\u00e2nge, puroi, proteine etc.) \u00eempiedic\u0103 fixarea lor (uscare, coagulare) \u0219i formarea biofilmului. pH-ul neutru al solu\u021biei \u0219i con\u021binutul anticorosiv protejeaz\u0103 instrumentele \u00eempotriva deterior\u0103rii \u0219i coroziunii &#8211; compatibilitatea ridicat\u0103 a materialelor confirmat\u0103 prin numeroase teste, instrumentele pot fi stocate \u00een siguran\u021b\u0103 \u00een solu\u021bie timp de p\u00e2n\u0103 la 72 de ore. Produsul r\u0103m\u00e2ne activ indiferent de calitatea apei, poate fi utilizat \u00een cur\u0103\u021b\u0103toarele cu ultrasunete \u0219i sp\u0103l\u0103toarele semiautomate.   <\/p>\n","protected":false},"excerpt":{"rendered":"<p>Enzymex L9 Concentrat cu trei enzime pentru cur\u0103\u021barea \u0219i dezinfec\u021bia manual\u0103 a instrumentelor, endoscoapelor \u0219i a altor dispozitive medicale. Preparat lichid cu propriet\u0103\u021bi excelente de dezinfectare \u0219i cur\u0103\u021bare, spectru biocid larg \u00een 10 minute: bacterii, micobacterii, drojdii, virusuri (HIV, HBV, HCV, Vaccinia\/Corona, Herpes), concentra\u021bia solu\u021biei de lucru de la 0,5%, testat \u00een condi\u021bii de murd\u0103rie [&hellip;]<\/p>\n","protected":false},"featured_media":7222,"comment_status":"closed","ping_status":"open","template":"","meta":{"site-sidebar-layout":"default","site-content-layout":"","ast-site-content-layout":"default","site-content-style":"default","site-sidebar-style":"default","ast-global-header-display":"","ast-banner-title-visibility":"","ast-main-header-display":"","ast-hfb-above-header-display":"","ast-hfb-below-header-display":"","ast-hfb-mobile-header-display":"","site-post-title":"","ast-breadcrumbs-content":"","ast-featured-img":"","footer-sml-layout":"","ast-disable-related-posts":"","theme-transparent-header-meta":"","adv-header-id-meta":"","stick-header-meta":"","header-above-stick-meta":"","header-main-stick-meta":"","header-below-stick-meta":"","astra-migrate-meta-layouts":"default","ast-page-background-enabled":"default","ast-page-background-meta":{"desktop":{"background-color":"var(--ast-global-color-4)","background-image":"","background-repeat":"repeat","background-position":"center center","background-size":"auto","background-attachment":"scroll","background-type":"","background-media":"","overlay-type":"","overlay-color":"","overlay-opacity":"","overlay-gradient":""},"tablet":{"background-color":"","background-image":"","background-repeat":"repeat","background-position":"center center","background-size":"auto","background-attachment":"scroll","background-type":"","background-media":"","overlay-type":"","overlay-color":"","overlay-opacity":"","overlay-gradient":""},"mobile":{"background-color":"","background-image":"","background-repeat":"repeat","background-position":"center center","background-size":"auto","background-attachment":"scroll","background-type":"","background-media":"","overlay-type":"","overlay-color":"","overlay-opacity":"","overlay-gradient":""}},"ast-content-background-meta":{"desktop":{"background-color":"var(--ast-global-color-5)","background-image":"","background-repeat":"repeat","background-position":"center center","background-size":"auto","background-attachment":"scroll","background-type":"","background-media":"","overlay-type":"","overlay-color":"","overlay-opacity":"","overlay-gradient":""},"tablet":{"background-color":"var(--ast-global-color-5)","background-image":"","background-repeat":"repeat","background-position":"center center","background-size":"auto","background-attachment":"scroll","background-type":"","background-media":"","overlay-type":"","overlay-color":"","overlay-opacity":"","overlay-gradient":""},"mobile":{"background-color":"var(--ast-global-color-5)","background-image":"","background-repeat":"repeat","background-position":"center center","background-size":"auto","background-attachment":"scroll","background-type":"","background-media":"","overlay-type":"","overlay-color":"","overlay-opacity":"","overlay-gradient":""}}},"product_brand":[],"product_cat":[25],"product_tag":[],"class_list":{"0":"post-8951","1":"product","2":"type-product","3":"status-publish","4":"has-post-thumbnail","6":"product_cat-med-tattoo","7":"desktop-align-left","8":"tablet-align-left","9":"mobile-align-left","10":"ast-product-gallery-layout-horizontal-slider","11":"ast-product-gallery-with-no-image","12":"ast-product-tabs-layout-distributed","14":"first","15":"instock","16":"purchasable","17":"product-type-simple"},"yoast_head":"<!-- This site is optimized with the Yoast SEO plugin v27.3 - https:\/\/yoast.com\/product\/yoast-seo-wordpress\/ -->\n<title>Enzymex L9 1L cur\u0103\u021bare, dezinfectare instrumente - MED.TATTOO<\/title>\n<meta name=\"robots\" content=\"index, follow, max-snippet:-1, max-image-preview:large, max-video-preview:-1\" \/>\n<link rel=\"canonical\" href=\"https:\/\/med.tattoo\/ro\/produs\/enzymex-l9-1l-curatare-dezinfectare-instrumente\/\" \/>\n<meta property=\"og:locale\" content=\"ro_RO\" \/>\n<meta property=\"og:type\" content=\"article\" \/>\n<meta property=\"og:title\" content=\"Enzymex L9 1L cur\u0103\u021bare, dezinfectare instrumente - MED.TATTOO\" \/>\n<meta property=\"og:description\" content=\"Enzymex L9 Concentrat cu trei enzime pentru cur\u0103\u021barea \u0219i dezinfec\u021bia manual\u0103 a instrumentelor, endoscoapelor \u0219i a altor dispozitive medicale. Preparat lichid cu propriet\u0103\u021bi excelente de dezinfectare \u0219i cur\u0103\u021bare, spectru biocid larg \u00een 10 minute: bacterii, micobacterii, drojdii, virusuri (HIV, HBV, HCV, Vaccinia\/Corona, Herpes), concentra\u021bia solu\u021biei de lucru de la 0,5%, testat \u00een condi\u021bii de murd\u0103rie [&hellip;]\" \/>\n<meta property=\"og:url\" content=\"https:\/\/med.tattoo\/ro\/produs\/enzymex-l9-1l-curatare-dezinfectare-instrumente\/\" \/>\n<meta property=\"og:site_name\" content=\"MED.TATTOO\" \/>\n<meta property=\"article:publisher\" content=\"https:\/\/www.facebook.com\/profile.php?id=100084366705613\" \/>\n<meta name=\"twitter:card\" content=\"summary_large_image\" \/>\n<meta name=\"twitter:label1\" content=\"Timp estimat pentru citire\" \/>\n\t<meta name=\"twitter:data1\" content=\"1 minut\" \/>\n<script type=\"application\/ld+json\" class=\"yoast-schema-graph\">{\"@context\":\"https:\\\/\\\/schema.org\",\"@graph\":[{\"@type\":\"WebPage\",\"@id\":\"https:\\\/\\\/med.tattoo\\\/ro\\\/produs\\\/enzymex-l9-1l-curatare-dezinfectare-instrumente\\\/\",\"url\":\"https:\\\/\\\/med.tattoo\\\/ro\\\/produs\\\/enzymex-l9-1l-curatare-dezinfectare-instrumente\\\/\",\"name\":\"Enzymex L9 1L cur\u0103\u021bare, dezinfectare instrumente - MED.TATTOO\",\"isPartOf\":{\"@id\":\"https:\\\/\\\/med.tattoo\\\/ro\\\/#website\"},\"primaryImageOfPage\":{\"@id\":\"https:\\\/\\\/med.tattoo\\\/ro\\\/produs\\\/enzymex-l9-1l-curatare-dezinfectare-instrumente\\\/#primaryimage\"},\"image\":{\"@id\":\"https:\\\/\\\/med.tattoo\\\/ro\\\/produs\\\/enzymex-l9-1l-curatare-dezinfectare-instrumente\\\/#primaryimage\"},\"thumbnailUrl\":\"https:\\\/\\\/med.tattoo\\\/wp-content\\\/uploads\\\/2025\\\/05\\\/848_enzymex-l9-1l_1744007027.jpg\",\"datePublished\":\"2025-05-15T05:16:57+00:00\",\"breadcrumb\":{\"@id\":\"https:\\\/\\\/med.tattoo\\\/ro\\\/produs\\\/enzymex-l9-1l-curatare-dezinfectare-instrumente\\\/#breadcrumb\"},\"inLanguage\":\"ro-RO\",\"potentialAction\":[{\"@type\":\"ReadAction\",\"target\":[\"https:\\\/\\\/med.tattoo\\\/ro\\\/produs\\\/enzymex-l9-1l-curatare-dezinfectare-instrumente\\\/\"]}]},{\"@type\":\"ImageObject\",\"inLanguage\":\"ro-RO\",\"@id\":\"https:\\\/\\\/med.tattoo\\\/ro\\\/produs\\\/enzymex-l9-1l-curatare-dezinfectare-instrumente\\\/#primaryimage\",\"url\":\"https:\\\/\\\/med.tattoo\\\/wp-content\\\/uploads\\\/2025\\\/05\\\/848_enzymex-l9-1l_1744007027.jpg\",\"contentUrl\":\"https:\\\/\\\/med.tattoo\\\/wp-content\\\/uploads\\\/2025\\\/05\\\/848_enzymex-l9-1l_1744007027.jpg\",\"width\":862,\"height\":1000},{\"@type\":\"BreadcrumbList\",\"@id\":\"https:\\\/\\\/med.tattoo\\\/ro\\\/produs\\\/enzymex-l9-1l-curatare-dezinfectare-instrumente\\\/#breadcrumb\",\"itemListElement\":[{\"@type\":\"ListItem\",\"position\":1,\"name\":\"Strona G\u0142\u00f3wna\",\"item\":\"https:\\\/\\\/med.tattoo\\\/ro\\\/\"},{\"@type\":\"ListItem\",\"position\":2,\"name\":\"Magazin\",\"item\":\"https:\\\/\\\/med.tattoo\\\/ro\\\/shop\\\/\"},{\"@type\":\"ListItem\",\"position\":3,\"name\":\"Enzymex L9 1L cur\u0103\u021bare, dezinfectare instrumente\"}]},{\"@type\":\"WebSite\",\"@id\":\"https:\\\/\\\/med.tattoo\\\/ro\\\/#website\",\"url\":\"https:\\\/\\\/med.tattoo\\\/ro\\\/\",\"name\":\"MED.TATTOO\",\"description\":\"Wszystko dla Twojego tatua\u017cu\",\"publisher\":{\"@id\":\"https:\\\/\\\/med.tattoo\\\/ro\\\/#organization\"},\"potentialAction\":[{\"@type\":\"SearchAction\",\"target\":{\"@type\":\"EntryPoint\",\"urlTemplate\":\"https:\\\/\\\/med.tattoo\\\/ro\\\/?s={search_term_string}\"},\"query-input\":{\"@type\":\"PropertyValueSpecification\",\"valueRequired\":true,\"valueName\":\"search_term_string\"}}],\"inLanguage\":\"ro-RO\"},{\"@type\":\"Organization\",\"@id\":\"https:\\\/\\\/med.tattoo\\\/ro\\\/#organization\",\"name\":\"MED.TATTOO\",\"url\":\"https:\\\/\\\/med.tattoo\\\/ro\\\/\",\"logo\":{\"@type\":\"ImageObject\",\"inLanguage\":\"ro-RO\",\"@id\":\"https:\\\/\\\/med.tattoo\\\/ro\\\/#\\\/schema\\\/logo\\\/image\\\/\",\"url\":\"https:\\\/\\\/med.tattoo\\\/wp-content\\\/uploads\\\/2025\\\/05\\\/Bez-tytulu-600S300-px-1-e1658908183800.png\",\"contentUrl\":\"https:\\\/\\\/med.tattoo\\\/wp-content\\\/uploads\\\/2025\\\/05\\\/Bez-tytulu-600S300-px-1-e1658908183800.png\",\"width\":600,\"height\":61,\"caption\":\"MED.TATTOO\"},\"image\":{\"@id\":\"https:\\\/\\\/med.tattoo\\\/ro\\\/#\\\/schema\\\/logo\\\/image\\\/\"},\"sameAs\":[\"https:\\\/\\\/www.facebook.com\\\/profile.php?id=100084366705613\",\"https:\\\/\\\/www.instagram.com\\\/med.tattoo_official\\\/\"]}]}<\/script>\n<!-- \/ Yoast SEO plugin. -->","yoast_head_json":{"title":"Enzymex L9 1L cur\u0103\u021bare, dezinfectare instrumente - MED.TATTOO","robots":{"index":"index","follow":"follow","max-snippet":"max-snippet:-1","max-image-preview":"max-image-preview:large","max-video-preview":"max-video-preview:-1"},"canonical":"https:\/\/med.tattoo\/ro\/produs\/enzymex-l9-1l-curatare-dezinfectare-instrumente\/","og_locale":"ro_RO","og_type":"article","og_title":"Enzymex L9 1L cur\u0103\u021bare, dezinfectare instrumente - MED.TATTOO","og_description":"Enzymex L9 Concentrat cu trei enzime pentru cur\u0103\u021barea \u0219i dezinfec\u021bia manual\u0103 a instrumentelor, endoscoapelor \u0219i a altor dispozitive medicale. Preparat lichid cu propriet\u0103\u021bi excelente de dezinfectare \u0219i cur\u0103\u021bare, spectru biocid larg \u00een 10 minute: bacterii, micobacterii, drojdii, virusuri (HIV, HBV, HCV, Vaccinia\/Corona, Herpes), concentra\u021bia solu\u021biei de lucru de la 0,5%, testat \u00een condi\u021bii de murd\u0103rie [&hellip;]","og_url":"https:\/\/med.tattoo\/ro\/produs\/enzymex-l9-1l-curatare-dezinfectare-instrumente\/","og_site_name":"MED.TATTOO","article_publisher":"https:\/\/www.facebook.com\/profile.php?id=100084366705613","twitter_card":"summary_large_image","twitter_misc":{"Timp estimat pentru citire":"1 minut"},"schema":{"@context":"https:\/\/schema.org","@graph":[{"@type":"WebPage","@id":"https:\/\/med.tattoo\/ro\/produs\/enzymex-l9-1l-curatare-dezinfectare-instrumente\/","url":"https:\/\/med.tattoo\/ro\/produs\/enzymex-l9-1l-curatare-dezinfectare-instrumente\/","name":"Enzymex L9 1L cur\u0103\u021bare, dezinfectare instrumente - MED.TATTOO","isPartOf":{"@id":"https:\/\/med.tattoo\/ro\/#website"},"primaryImageOfPage":{"@id":"https:\/\/med.tattoo\/ro\/produs\/enzymex-l9-1l-curatare-dezinfectare-instrumente\/#primaryimage"},"image":{"@id":"https:\/\/med.tattoo\/ro\/produs\/enzymex-l9-1l-curatare-dezinfectare-instrumente\/#primaryimage"},"thumbnailUrl":"https:\/\/med.tattoo\/wp-content\/uploads\/2025\/05\/848_enzymex-l9-1l_1744007027.jpg","datePublished":"2025-05-15T05:16:57+00:00","breadcrumb":{"@id":"https:\/\/med.tattoo\/ro\/produs\/enzymex-l9-1l-curatare-dezinfectare-instrumente\/#breadcrumb"},"inLanguage":"ro-RO","potentialAction":[{"@type":"ReadAction","target":["https:\/\/med.tattoo\/ro\/produs\/enzymex-l9-1l-curatare-dezinfectare-instrumente\/"]}]},{"@type":"ImageObject","inLanguage":"ro-RO","@id":"https:\/\/med.tattoo\/ro\/produs\/enzymex-l9-1l-curatare-dezinfectare-instrumente\/#primaryimage","url":"https:\/\/med.tattoo\/wp-content\/uploads\/2025\/05\/848_enzymex-l9-1l_1744007027.jpg","contentUrl":"https:\/\/med.tattoo\/wp-content\/uploads\/2025\/05\/848_enzymex-l9-1l_1744007027.jpg","width":862,"height":1000},{"@type":"BreadcrumbList","@id":"https:\/\/med.tattoo\/ro\/produs\/enzymex-l9-1l-curatare-dezinfectare-instrumente\/#breadcrumb","itemListElement":[{"@type":"ListItem","position":1,"name":"Strona G\u0142\u00f3wna","item":"https:\/\/med.tattoo\/ro\/"},{"@type":"ListItem","position":2,"name":"Magazin","item":"https:\/\/med.tattoo\/ro\/shop\/"},{"@type":"ListItem","position":3,"name":"Enzymex L9 1L cur\u0103\u021bare, dezinfectare instrumente"}]},{"@type":"WebSite","@id":"https:\/\/med.tattoo\/ro\/#website","url":"https:\/\/med.tattoo\/ro\/","name":"MED.TATTOO","description":"Wszystko dla Twojego tatua\u017cu","publisher":{"@id":"https:\/\/med.tattoo\/ro\/#organization"},"potentialAction":[{"@type":"SearchAction","target":{"@type":"EntryPoint","urlTemplate":"https:\/\/med.tattoo\/ro\/?s={search_term_string}"},"query-input":{"@type":"PropertyValueSpecification","valueRequired":true,"valueName":"search_term_string"}}],"inLanguage":"ro-RO"},{"@type":"Organization","@id":"https:\/\/med.tattoo\/ro\/#organization","name":"MED.TATTOO","url":"https:\/\/med.tattoo\/ro\/","logo":{"@type":"ImageObject","inLanguage":"ro-RO","@id":"https:\/\/med.tattoo\/ro\/#\/schema\/logo\/image\/","url":"https:\/\/med.tattoo\/wp-content\/uploads\/2025\/05\/Bez-tytulu-600S300-px-1-e1658908183800.png","contentUrl":"https:\/\/med.tattoo\/wp-content\/uploads\/2025\/05\/Bez-tytulu-600S300-px-1-e1658908183800.png","width":600,"height":61,"caption":"MED.TATTOO"},"image":{"@id":"https:\/\/med.tattoo\/ro\/#\/schema\/logo\/image\/"},"sameAs":["https:\/\/www.facebook.com\/profile.php?id=100084366705613","https:\/\/www.instagram.com\/med.tattoo_official\/"]}]}},"_links":{"self":[{"href":"https:\/\/med.tattoo\/ro\/wp-json\/wp\/v2\/product\/8951","targetHints":{"allow":["GET"]}}],"collection":[{"href":"https:\/\/med.tattoo\/ro\/wp-json\/wp\/v2\/product"}],"about":[{"href":"https:\/\/med.tattoo\/ro\/wp-json\/wp\/v2\/types\/product"}],"replies":[{"embeddable":true,"href":"https:\/\/med.tattoo\/ro\/wp-json\/wp\/v2\/comments?post=8951"}],"wp:featuredmedia":[{"embeddable":true,"href":"https:\/\/med.tattoo\/ro\/wp-json\/wp\/v2\/media\/7222"}],"wp:attachment":[{"href":"https:\/\/med.tattoo\/ro\/wp-json\/wp\/v2\/media?parent=8951"}],"wp:term":[{"taxonomy":"product_brand","embeddable":true,"href":"https:\/\/med.tattoo\/ro\/wp-json\/wp\/v2\/product_brand?post=8951"},{"taxonomy":"product_cat","embeddable":true,"href":"https:\/\/med.tattoo\/ro\/wp-json\/wp\/v2\/product_cat?post=8951"},{"taxonomy":"product_tag","embeddable":true,"href":"https:\/\/med.tattoo\/ro\/wp-json\/wp\/v2\/product_tag?post=8951"}],"curies":[{"name":"wp","href":"https:\/\/api.w.org\/{rel}","templated":true}]}}