{"id":9067,"date":"2025-05-15T07:25:49","date_gmt":"2025-05-15T05:25:49","guid":{"rendered":"https:\/\/med.tattoo\/produkt\/alpinuseptol-green-tea-1l-dezinfectant-de-suprafata-cu-pompa-echivalent-de-exemplu-cu-velox-aerodesin-incidin\/"},"modified":"2025-05-15T07:25:49","modified_gmt":"2025-05-15T05:25:49","slug":"alpinuseptol-green-tea-1l-dezinfectant-de-suprafata-cu-pompa-echivalent-de-exemplu-cu-velox-aerodesin-incidin","status":"publish","type":"product","link":"https:\/\/med.tattoo\/ro\/produs\/alpinuseptol-green-tea-1l-dezinfectant-de-suprafata-cu-pompa-echivalent-de-exemplu-cu-velox-aerodesin-incidin\/","title":{"rendered":"Alpinuseptol Green Tea 1L dezinfectant de suprafa\u021b\u0103 cu pomp\u0103 (echivalent, de exemplu, cu Velox, Aerodesin, Incidin)."},"content":{"rendered":"<p>Preparat pe baz\u0103 de alcool etilic \u0219i izopropilic, recomandat pentru dezinfectarea rapid\u0103 a suprafe\u021belor mici \u0219i inaccesibile (de exemplu, echipamente medicale, echipamente utilizate \u00een catering, gospod\u0103rii etc.). Datorit\u0103 flaconului s\u0103u pulverizator practic, este deosebit de u\u0219or de utilizat. <\/p>\n<p>Formularea poate fi utilizat\u0103 pentru obiecte \u00een contact cu alimentele.<\/p>\n<p>CARACTERISTICI:<\/p>\n<p>preparat gata de utilizare,<br \/>\npoate fi utilizat prin \u0219tergere sau pulverizare,<br \/>\neficient \u00eempotriva B, F, Tbc, V (Polio, Adeno),<br \/>\nspectru larg de activitate \u00een doar 15 sec,<br \/>\ntestat dermatologic,<br \/>\nf\u0103r\u0103 aldehide, QAV, fenoli, clor, acizi, etc.,<br \/>\nnu las\u0103 pete, dungi sau pete,<br \/>\nnu decoloreaz\u0103 suprafe\u021bele dezinfectate,<br \/>\nsigilat \u00eentr-un recipient etan\u0219 care \u00eempiedic\u0103 scurgerea produsului,<\/p>\n","protected":false},"excerpt":{"rendered":"<p>Preparat pe baz\u0103 de alcool etilic \u0219i izopropilic, recomandat pentru dezinfectarea rapid\u0103 a suprafe\u021belor mici \u0219i inaccesibile (de exemplu, echipamente medicale, echipamente utilizate \u00een catering, gospod\u0103rii etc.). Datorit\u0103 flaconului s\u0103u pulverizator practic, este deosebit de u\u0219or de utilizat. Formularea poate fi utilizat\u0103 pentru obiecte \u00een contact cu alimentele. CARACTERISTICI: preparat gata de utilizare, poate fi [&hellip;]<\/p>\n","protected":false},"featured_media":7573,"comment_status":"closed","ping_status":"open","template":"","meta":{"site-sidebar-layout":"default","site-content-layout":"","ast-site-content-layout":"default","site-content-style":"default","site-sidebar-style":"default","ast-global-header-display":"","ast-banner-title-visibility":"","ast-main-header-display":"","ast-hfb-above-header-display":"","ast-hfb-below-header-display":"","ast-hfb-mobile-header-display":"","site-post-title":"","ast-breadcrumbs-content":"","ast-featured-img":"","footer-sml-layout":"","ast-disable-related-posts":"","theme-transparent-header-meta":"","adv-header-id-meta":"","stick-header-meta":"","header-above-stick-meta":"","header-main-stick-meta":"","header-below-stick-meta":"","astra-migrate-meta-layouts":"default","ast-page-background-enabled":"default","ast-page-background-meta":{"desktop":{"background-color":"var(--ast-global-color-4)","background-image":"","background-repeat":"repeat","background-position":"center center","background-size":"auto","background-attachment":"scroll","background-type":"","background-media":"","overlay-type":"","overlay-color":"","overlay-opacity":"","overlay-gradient":""},"tablet":{"background-color":"","background-image":"","background-repeat":"repeat","background-position":"center center","background-size":"auto","background-attachment":"scroll","background-type":"","background-media":"","overlay-type":"","overlay-color":"","overlay-opacity":"","overlay-gradient":""},"mobile":{"background-color":"","background-image":"","background-repeat":"repeat","background-position":"center center","background-size":"auto","background-attachment":"scroll","background-type":"","background-media":"","overlay-type":"","overlay-color":"","overlay-opacity":"","overlay-gradient":""}},"ast-content-background-meta":{"desktop":{"background-color":"var(--ast-global-color-5)","background-image":"","background-repeat":"repeat","background-position":"center center","background-size":"auto","background-attachment":"scroll","background-type":"","background-media":"","overlay-type":"","overlay-color":"","overlay-opacity":"","overlay-gradient":""},"tablet":{"background-color":"var(--ast-global-color-5)","background-image":"","background-repeat":"repeat","background-position":"center center","background-size":"auto","background-attachment":"scroll","background-type":"","background-media":"","overlay-type":"","overlay-color":"","overlay-opacity":"","overlay-gradient":""},"mobile":{"background-color":"var(--ast-global-color-5)","background-image":"","background-repeat":"repeat","background-position":"center center","background-size":"auto","background-attachment":"scroll","background-type":"","background-media":"","overlay-type":"","overlay-color":"","overlay-opacity":"","overlay-gradient":""}}},"product_brand":[],"product_cat":[25],"product_tag":[],"class_list":{"0":"post-9067","1":"product","2":"type-product","3":"status-publish","4":"has-post-thumbnail","6":"product_cat-med-tattoo","7":"desktop-align-left","8":"tablet-align-left","9":"mobile-align-left","10":"ast-product-gallery-layout-horizontal-slider","11":"ast-product-gallery-with-no-image","12":"ast-product-tabs-layout-distributed","14":"first","15":"instock","16":"purchasable","17":"product-type-simple"},"yoast_head":"<!-- This site is optimized with the Yoast SEO plugin v27.4 - https:\/\/yoast.com\/product\/yoast-seo-wordpress\/ -->\n<title>Alpinuseptol Green Tea 1L dezinfectant de suprafa\u021b\u0103 cu pomp\u0103 (echivalent, de exemplu, cu Velox, Aerodesin, Incidin). - MED.TATTOO<\/title>\n<meta name=\"robots\" content=\"index, follow, max-snippet:-1, max-image-preview:large, max-video-preview:-1\" \/>\n<link rel=\"canonical\" href=\"https:\/\/med.tattoo\/ro\/produs\/alpinuseptol-green-tea-1l-dezinfectant-de-suprafata-cu-pompa-echivalent-de-exemplu-cu-velox-aerodesin-incidin\/\" \/>\n<meta property=\"og:locale\" content=\"ro_RO\" \/>\n<meta property=\"og:type\" content=\"article\" \/>\n<meta property=\"og:title\" content=\"Alpinuseptol Green Tea 1L dezinfectant de suprafa\u021b\u0103 cu pomp\u0103 (echivalent, de exemplu, cu Velox, Aerodesin, Incidin). - MED.TATTOO\" \/>\n<meta property=\"og:description\" content=\"Preparat pe baz\u0103 de alcool etilic \u0219i izopropilic, recomandat pentru dezinfectarea rapid\u0103 a suprafe\u021belor mici \u0219i inaccesibile (de exemplu, echipamente medicale, echipamente utilizate \u00een catering, gospod\u0103rii etc.). Datorit\u0103 flaconului s\u0103u pulverizator practic, este deosebit de u\u0219or de utilizat. Formularea poate fi utilizat\u0103 pentru obiecte \u00een contact cu alimentele. CARACTERISTICI: preparat gata de utilizare, poate fi [&hellip;]\" \/>\n<meta property=\"og:url\" content=\"https:\/\/med.tattoo\/ro\/produs\/alpinuseptol-green-tea-1l-dezinfectant-de-suprafata-cu-pompa-echivalent-de-exemplu-cu-velox-aerodesin-incidin\/\" \/>\n<meta property=\"og:site_name\" content=\"MED.TATTOO\" \/>\n<meta property=\"article:publisher\" content=\"https:\/\/www.facebook.com\/profile.php?id=100084366705613\" \/>\n<meta name=\"twitter:card\" content=\"summary_large_image\" \/>\n<meta name=\"twitter:label1\" content=\"Timp estimat pentru citire\" \/>\n\t<meta name=\"twitter:data1\" content=\"1 minut\" \/>\n<script type=\"application\/ld+json\" class=\"yoast-schema-graph\">{\"@context\":\"https:\\\/\\\/schema.org\",\"@graph\":[{\"@type\":\"WebPage\",\"@id\":\"https:\\\/\\\/med.tattoo\\\/ro\\\/produs\\\/alpinuseptol-green-tea-1l-dezinfectant-de-suprafata-cu-pompa-echivalent-de-exemplu-cu-velox-aerodesin-incidin\\\/\",\"url\":\"https:\\\/\\\/med.tattoo\\\/ro\\\/produs\\\/alpinuseptol-green-tea-1l-dezinfectant-de-suprafata-cu-pompa-echivalent-de-exemplu-cu-velox-aerodesin-incidin\\\/\",\"name\":\"Alpinuseptol Green Tea 1L dezinfectant de suprafa\u021b\u0103 cu pomp\u0103 (echivalent, de exemplu, cu Velox, Aerodesin, Incidin). - MED.TATTOO\",\"isPartOf\":{\"@id\":\"https:\\\/\\\/med.tattoo\\\/ro\\\/#website\"},\"primaryImageOfPage\":{\"@id\":\"https:\\\/\\\/med.tattoo\\\/ro\\\/produs\\\/alpinuseptol-green-tea-1l-dezinfectant-de-suprafata-cu-pompa-echivalent-de-exemplu-cu-velox-aerodesin-incidin\\\/#primaryimage\"},\"image\":{\"@id\":\"https:\\\/\\\/med.tattoo\\\/ro\\\/produs\\\/alpinuseptol-green-tea-1l-dezinfectant-de-suprafata-cu-pompa-echivalent-de-exemplu-cu-velox-aerodesin-incidin\\\/#primaryimage\"},\"thumbnailUrl\":\"https:\\\/\\\/med.tattoo\\\/wp-content\\\/uploads\\\/2025\\\/05\\\/459_plyn-do-dezynfekcji-powierzchni-alpinuseptol-g-1l_1744007030.jpg\",\"datePublished\":\"2025-05-15T05:25:49+00:00\",\"breadcrumb\":{\"@id\":\"https:\\\/\\\/med.tattoo\\\/ro\\\/produs\\\/alpinuseptol-green-tea-1l-dezinfectant-de-suprafata-cu-pompa-echivalent-de-exemplu-cu-velox-aerodesin-incidin\\\/#breadcrumb\"},\"inLanguage\":\"ro-RO\",\"potentialAction\":[{\"@type\":\"ReadAction\",\"target\":[\"https:\\\/\\\/med.tattoo\\\/ro\\\/produs\\\/alpinuseptol-green-tea-1l-dezinfectant-de-suprafata-cu-pompa-echivalent-de-exemplu-cu-velox-aerodesin-incidin\\\/\"]}]},{\"@type\":\"ImageObject\",\"inLanguage\":\"ro-RO\",\"@id\":\"https:\\\/\\\/med.tattoo\\\/ro\\\/produs\\\/alpinuseptol-green-tea-1l-dezinfectant-de-suprafata-cu-pompa-echivalent-de-exemplu-cu-velox-aerodesin-incidin\\\/#primaryimage\",\"url\":\"https:\\\/\\\/med.tattoo\\\/wp-content\\\/uploads\\\/2025\\\/05\\\/459_plyn-do-dezynfekcji-powierzchni-alpinuseptol-g-1l_1744007030.jpg\",\"contentUrl\":\"https:\\\/\\\/med.tattoo\\\/wp-content\\\/uploads\\\/2025\\\/05\\\/459_plyn-do-dezynfekcji-powierzchni-alpinuseptol-g-1l_1744007030.jpg\",\"width\":375,\"height\":800},{\"@type\":\"BreadcrumbList\",\"@id\":\"https:\\\/\\\/med.tattoo\\\/ro\\\/produs\\\/alpinuseptol-green-tea-1l-dezinfectant-de-suprafata-cu-pompa-echivalent-de-exemplu-cu-velox-aerodesin-incidin\\\/#breadcrumb\",\"itemListElement\":[{\"@type\":\"ListItem\",\"position\":1,\"name\":\"Strona G\u0142\u00f3wna\",\"item\":\"https:\\\/\\\/med.tattoo\\\/ro\\\/\"},{\"@type\":\"ListItem\",\"position\":2,\"name\":\"Magazin\",\"item\":\"https:\\\/\\\/med.tattoo\\\/ro\\\/shop\\\/\"},{\"@type\":\"ListItem\",\"position\":3,\"name\":\"Alpinuseptol Green Tea 1L dezinfectant de suprafa\u021b\u0103 cu pomp\u0103 (echivalent, de exemplu, cu Velox, Aerodesin, Incidin).\"}]},{\"@type\":\"WebSite\",\"@id\":\"https:\\\/\\\/med.tattoo\\\/ro\\\/#website\",\"url\":\"https:\\\/\\\/med.tattoo\\\/ro\\\/\",\"name\":\"MED.TATTOO\",\"description\":\"Wszystko dla Twojego tatua\u017cu\",\"publisher\":{\"@id\":\"https:\\\/\\\/med.tattoo\\\/ro\\\/#organization\"},\"potentialAction\":[{\"@type\":\"SearchAction\",\"target\":{\"@type\":\"EntryPoint\",\"urlTemplate\":\"https:\\\/\\\/med.tattoo\\\/ro\\\/?s={search_term_string}\"},\"query-input\":{\"@type\":\"PropertyValueSpecification\",\"valueRequired\":true,\"valueName\":\"search_term_string\"}}],\"inLanguage\":\"ro-RO\"},{\"@type\":\"Organization\",\"@id\":\"https:\\\/\\\/med.tattoo\\\/ro\\\/#organization\",\"name\":\"MED.TATTOO\",\"url\":\"https:\\\/\\\/med.tattoo\\\/ro\\\/\",\"logo\":{\"@type\":\"ImageObject\",\"inLanguage\":\"ro-RO\",\"@id\":\"https:\\\/\\\/med.tattoo\\\/ro\\\/#\\\/schema\\\/logo\\\/image\\\/\",\"url\":\"https:\\\/\\\/med.tattoo\\\/wp-content\\\/uploads\\\/2025\\\/05\\\/Bez-tytulu-600S300-px-1-e1658908183800.png\",\"contentUrl\":\"https:\\\/\\\/med.tattoo\\\/wp-content\\\/uploads\\\/2025\\\/05\\\/Bez-tytulu-600S300-px-1-e1658908183800.png\",\"width\":600,\"height\":61,\"caption\":\"MED.TATTOO\"},\"image\":{\"@id\":\"https:\\\/\\\/med.tattoo\\\/ro\\\/#\\\/schema\\\/logo\\\/image\\\/\"},\"sameAs\":[\"https:\\\/\\\/www.facebook.com\\\/profile.php?id=100084366705613\",\"https:\\\/\\\/www.instagram.com\\\/med.tattoo_official\\\/\"]}]}<\/script>\n<!-- \/ Yoast SEO plugin. -->","yoast_head_json":{"title":"Alpinuseptol Green Tea 1L dezinfectant de suprafa\u021b\u0103 cu pomp\u0103 (echivalent, de exemplu, cu Velox, Aerodesin, Incidin). - MED.TATTOO","robots":{"index":"index","follow":"follow","max-snippet":"max-snippet:-1","max-image-preview":"max-image-preview:large","max-video-preview":"max-video-preview:-1"},"canonical":"https:\/\/med.tattoo\/ro\/produs\/alpinuseptol-green-tea-1l-dezinfectant-de-suprafata-cu-pompa-echivalent-de-exemplu-cu-velox-aerodesin-incidin\/","og_locale":"ro_RO","og_type":"article","og_title":"Alpinuseptol Green Tea 1L dezinfectant de suprafa\u021b\u0103 cu pomp\u0103 (echivalent, de exemplu, cu Velox, Aerodesin, Incidin). - MED.TATTOO","og_description":"Preparat pe baz\u0103 de alcool etilic \u0219i izopropilic, recomandat pentru dezinfectarea rapid\u0103 a suprafe\u021belor mici \u0219i inaccesibile (de exemplu, echipamente medicale, echipamente utilizate \u00een catering, gospod\u0103rii etc.). Datorit\u0103 flaconului s\u0103u pulverizator practic, este deosebit de u\u0219or de utilizat. Formularea poate fi utilizat\u0103 pentru obiecte \u00een contact cu alimentele. CARACTERISTICI: preparat gata de utilizare, poate fi [&hellip;]","og_url":"https:\/\/med.tattoo\/ro\/produs\/alpinuseptol-green-tea-1l-dezinfectant-de-suprafata-cu-pompa-echivalent-de-exemplu-cu-velox-aerodesin-incidin\/","og_site_name":"MED.TATTOO","article_publisher":"https:\/\/www.facebook.com\/profile.php?id=100084366705613","twitter_card":"summary_large_image","twitter_misc":{"Timp estimat pentru citire":"1 minut"},"schema":{"@context":"https:\/\/schema.org","@graph":[{"@type":"WebPage","@id":"https:\/\/med.tattoo\/ro\/produs\/alpinuseptol-green-tea-1l-dezinfectant-de-suprafata-cu-pompa-echivalent-de-exemplu-cu-velox-aerodesin-incidin\/","url":"https:\/\/med.tattoo\/ro\/produs\/alpinuseptol-green-tea-1l-dezinfectant-de-suprafata-cu-pompa-echivalent-de-exemplu-cu-velox-aerodesin-incidin\/","name":"Alpinuseptol Green Tea 1L dezinfectant de suprafa\u021b\u0103 cu pomp\u0103 (echivalent, de exemplu, cu Velox, Aerodesin, Incidin). - MED.TATTOO","isPartOf":{"@id":"https:\/\/med.tattoo\/ro\/#website"},"primaryImageOfPage":{"@id":"https:\/\/med.tattoo\/ro\/produs\/alpinuseptol-green-tea-1l-dezinfectant-de-suprafata-cu-pompa-echivalent-de-exemplu-cu-velox-aerodesin-incidin\/#primaryimage"},"image":{"@id":"https:\/\/med.tattoo\/ro\/produs\/alpinuseptol-green-tea-1l-dezinfectant-de-suprafata-cu-pompa-echivalent-de-exemplu-cu-velox-aerodesin-incidin\/#primaryimage"},"thumbnailUrl":"https:\/\/med.tattoo\/wp-content\/uploads\/2025\/05\/459_plyn-do-dezynfekcji-powierzchni-alpinuseptol-g-1l_1744007030.jpg","datePublished":"2025-05-15T05:25:49+00:00","breadcrumb":{"@id":"https:\/\/med.tattoo\/ro\/produs\/alpinuseptol-green-tea-1l-dezinfectant-de-suprafata-cu-pompa-echivalent-de-exemplu-cu-velox-aerodesin-incidin\/#breadcrumb"},"inLanguage":"ro-RO","potentialAction":[{"@type":"ReadAction","target":["https:\/\/med.tattoo\/ro\/produs\/alpinuseptol-green-tea-1l-dezinfectant-de-suprafata-cu-pompa-echivalent-de-exemplu-cu-velox-aerodesin-incidin\/"]}]},{"@type":"ImageObject","inLanguage":"ro-RO","@id":"https:\/\/med.tattoo\/ro\/produs\/alpinuseptol-green-tea-1l-dezinfectant-de-suprafata-cu-pompa-echivalent-de-exemplu-cu-velox-aerodesin-incidin\/#primaryimage","url":"https:\/\/med.tattoo\/wp-content\/uploads\/2025\/05\/459_plyn-do-dezynfekcji-powierzchni-alpinuseptol-g-1l_1744007030.jpg","contentUrl":"https:\/\/med.tattoo\/wp-content\/uploads\/2025\/05\/459_plyn-do-dezynfekcji-powierzchni-alpinuseptol-g-1l_1744007030.jpg","width":375,"height":800},{"@type":"BreadcrumbList","@id":"https:\/\/med.tattoo\/ro\/produs\/alpinuseptol-green-tea-1l-dezinfectant-de-suprafata-cu-pompa-echivalent-de-exemplu-cu-velox-aerodesin-incidin\/#breadcrumb","itemListElement":[{"@type":"ListItem","position":1,"name":"Strona G\u0142\u00f3wna","item":"https:\/\/med.tattoo\/ro\/"},{"@type":"ListItem","position":2,"name":"Magazin","item":"https:\/\/med.tattoo\/ro\/shop\/"},{"@type":"ListItem","position":3,"name":"Alpinuseptol Green Tea 1L dezinfectant de suprafa\u021b\u0103 cu pomp\u0103 (echivalent, de exemplu, cu Velox, Aerodesin, Incidin)."}]},{"@type":"WebSite","@id":"https:\/\/med.tattoo\/ro\/#website","url":"https:\/\/med.tattoo\/ro\/","name":"MED.TATTOO","description":"Wszystko dla Twojego tatua\u017cu","publisher":{"@id":"https:\/\/med.tattoo\/ro\/#organization"},"potentialAction":[{"@type":"SearchAction","target":{"@type":"EntryPoint","urlTemplate":"https:\/\/med.tattoo\/ro\/?s={search_term_string}"},"query-input":{"@type":"PropertyValueSpecification","valueRequired":true,"valueName":"search_term_string"}}],"inLanguage":"ro-RO"},{"@type":"Organization","@id":"https:\/\/med.tattoo\/ro\/#organization","name":"MED.TATTOO","url":"https:\/\/med.tattoo\/ro\/","logo":{"@type":"ImageObject","inLanguage":"ro-RO","@id":"https:\/\/med.tattoo\/ro\/#\/schema\/logo\/image\/","url":"https:\/\/med.tattoo\/wp-content\/uploads\/2025\/05\/Bez-tytulu-600S300-px-1-e1658908183800.png","contentUrl":"https:\/\/med.tattoo\/wp-content\/uploads\/2025\/05\/Bez-tytulu-600S300-px-1-e1658908183800.png","width":600,"height":61,"caption":"MED.TATTOO"},"image":{"@id":"https:\/\/med.tattoo\/ro\/#\/schema\/logo\/image\/"},"sameAs":["https:\/\/www.facebook.com\/profile.php?id=100084366705613","https:\/\/www.instagram.com\/med.tattoo_official\/"]}]}},"_links":{"self":[{"href":"https:\/\/med.tattoo\/ro\/wp-json\/wp\/v2\/product\/9067","targetHints":{"allow":["GET"]}}],"collection":[{"href":"https:\/\/med.tattoo\/ro\/wp-json\/wp\/v2\/product"}],"about":[{"href":"https:\/\/med.tattoo\/ro\/wp-json\/wp\/v2\/types\/product"}],"replies":[{"embeddable":true,"href":"https:\/\/med.tattoo\/ro\/wp-json\/wp\/v2\/comments?post=9067"}],"wp:featuredmedia":[{"embeddable":true,"href":"https:\/\/med.tattoo\/ro\/wp-json\/wp\/v2\/media\/7573"}],"wp:attachment":[{"href":"https:\/\/med.tattoo\/ro\/wp-json\/wp\/v2\/media?parent=9067"}],"wp:term":[{"taxonomy":"product_brand","embeddable":true,"href":"https:\/\/med.tattoo\/ro\/wp-json\/wp\/v2\/product_brand?post=9067"},{"taxonomy":"product_cat","embeddable":true,"href":"https:\/\/med.tattoo\/ro\/wp-json\/wp\/v2\/product_cat?post=9067"},{"taxonomy":"product_tag","embeddable":true,"href":"https:\/\/med.tattoo\/ro\/wp-json\/wp\/v2\/product_tag?post=9067"}],"curies":[{"name":"wp","href":"https:\/\/api.w.org\/{rel}","templated":true}]}}