{"id":9077,"date":"2025-05-15T07:25:49","date_gmt":"2025-05-15T05:25:49","guid":{"rendered":"https:\/\/med.tattoo\/produkt\/dezinfectant-pentru-maini-si-suprafete-dual-72-alpinus-5l\/"},"modified":"2025-05-15T07:25:49","modified_gmt":"2025-05-15T05:25:49","slug":"dezinfectant-pentru-maini-si-suprafete-dual-72-alpinus-5l","status":"publish","type":"product","link":"https:\/\/med.tattoo\/ro\/produs\/dezinfectant-pentru-maini-si-suprafete-dual-72-alpinus-5l\/","title":{"rendered":"Dezinfectant pentru m\u00e2ini \u0219i suprafe\u021be DUAL 72 &#8211; ALPINUS 5L"},"content":{"rendered":"<p>DUAL 72 &#8211; ALPINUS MEDICA<\/p>\n<p>Produsul este potrivit pentru dezinfectarea igienic\u0103 \u0219i chirurgical\u0103 a m\u00e2inilor, precum \u0219i pentru dezinfectarea pielii intacte \u0219i nealterate. De asemenea, este potrivit pentru dezinfectarea suprafe\u021belor, aparatelor, echipamentelor \u0219i mobilierului care intr\u0103 \u0219i nu intr\u0103 \u00een contact cu alimentele. Destinat utiliz\u0103rii \u00een domeniul medical, cosmetic, alimentar, institu\u021bional \u0219i casnic.  <\/p>\n<p>Propriet\u0103\u021bile de baz\u0103 ale formul\u0103rii:<\/p>\n<p>produs biocid,<br \/>\ngata de utilizare &#8211; f\u0103r\u0103 diluare,<br \/>\ncon\u021bine o formul\u0103 hidratant\u0103 astfel \u00eenc\u00e2t nu usuc\u0103 pielea \u0219i nu las\u0103 urme pe suprafe\u021be,<br \/>\neficient \u00eempotriva bacteriilor, ciupercilor, micobacteriilor \u0219i virusurilor &#8211; inclusiv COVID-19 coronavirus,<br \/>\ntestat \u00een conformitate cu standardele PN-EN 1500 (dezinfec\u021bia igienic\u0103 a m\u00e2inilor) \u0219i PN-EN 12791 (dezinfec\u021bia chirurgical\u0103 a m\u00e2inilor),<br \/>\ncu ac\u021biune imediat\u0103 \u0219i prelungit\u0103 de peste 3 ore.<br \/>\nSubstan\u021b\u0103 activ\u0103: etanol 72g\/100g.<\/p>\n<p>Ambalaje comerciale:<\/p>\n<p>5000 l canistr\u0103<\/p>\n<p>Cantitate maxim\u0103 de produse lichide de 5L \u00eentr-o comand\u0103 de 2 unit\u0103\u021bi.<\/p>\n","protected":false},"excerpt":{"rendered":"<p>DUAL 72 &#8211; ALPINUS MEDICA Produsul este potrivit pentru dezinfectarea igienic\u0103 \u0219i chirurgical\u0103 a m\u00e2inilor, precum \u0219i pentru dezinfectarea pielii intacte \u0219i nealterate. De asemenea, este potrivit pentru dezinfectarea suprafe\u021belor, aparatelor, echipamentelor \u0219i mobilierului care intr\u0103 \u0219i nu intr\u0103 \u00een contact cu alimentele. Destinat utiliz\u0103rii \u00een domeniul medical, cosmetic, alimentar, institu\u021bional \u0219i casnic. Propriet\u0103\u021bile de [&hellip;]<\/p>\n","protected":false},"featured_media":7605,"comment_status":"closed","ping_status":"open","template":"","meta":{"site-sidebar-layout":"default","site-content-layout":"","ast-site-content-layout":"default","site-content-style":"default","site-sidebar-style":"default","ast-global-header-display":"","ast-banner-title-visibility":"","ast-main-header-display":"","ast-hfb-above-header-display":"","ast-hfb-below-header-display":"","ast-hfb-mobile-header-display":"","site-post-title":"","ast-breadcrumbs-content":"","ast-featured-img":"","footer-sml-layout":"","ast-disable-related-posts":"","theme-transparent-header-meta":"","adv-header-id-meta":"","stick-header-meta":"","header-above-stick-meta":"","header-main-stick-meta":"","header-below-stick-meta":"","astra-migrate-meta-layouts":"default","ast-page-background-enabled":"default","ast-page-background-meta":{"desktop":{"background-color":"var(--ast-global-color-4)","background-image":"","background-repeat":"repeat","background-position":"center center","background-size":"auto","background-attachment":"scroll","background-type":"","background-media":"","overlay-type":"","overlay-color":"","overlay-opacity":"","overlay-gradient":""},"tablet":{"background-color":"","background-image":"","background-repeat":"repeat","background-position":"center center","background-size":"auto","background-attachment":"scroll","background-type":"","background-media":"","overlay-type":"","overlay-color":"","overlay-opacity":"","overlay-gradient":""},"mobile":{"background-color":"","background-image":"","background-repeat":"repeat","background-position":"center center","background-size":"auto","background-attachment":"scroll","background-type":"","background-media":"","overlay-type":"","overlay-color":"","overlay-opacity":"","overlay-gradient":""}},"ast-content-background-meta":{"desktop":{"background-color":"var(--ast-global-color-5)","background-image":"","background-repeat":"repeat","background-position":"center center","background-size":"auto","background-attachment":"scroll","background-type":"","background-media":"","overlay-type":"","overlay-color":"","overlay-opacity":"","overlay-gradient":""},"tablet":{"background-color":"var(--ast-global-color-5)","background-image":"","background-repeat":"repeat","background-position":"center center","background-size":"auto","background-attachment":"scroll","background-type":"","background-media":"","overlay-type":"","overlay-color":"","overlay-opacity":"","overlay-gradient":""},"mobile":{"background-color":"var(--ast-global-color-5)","background-image":"","background-repeat":"repeat","background-position":"center center","background-size":"auto","background-attachment":"scroll","background-type":"","background-media":"","overlay-type":"","overlay-color":"","overlay-opacity":"","overlay-gradient":""}}},"product_brand":[],"product_cat":[25],"product_tag":[],"class_list":{"0":"post-9077","1":"product","2":"type-product","3":"status-publish","4":"has-post-thumbnail","6":"product_cat-med-tattoo","7":"desktop-align-left","8":"tablet-align-left","9":"mobile-align-left","10":"ast-product-gallery-layout-horizontal-slider","11":"ast-product-gallery-with-no-image","12":"ast-product-tabs-layout-distributed","14":"first","15":"instock","16":"purchasable","17":"product-type-simple"},"yoast_head":"<!-- This site is optimized with the Yoast SEO plugin v27.4 - https:\/\/yoast.com\/product\/yoast-seo-wordpress\/ -->\n<title>Dezinfectant pentru m\u00e2ini \u0219i suprafe\u021be DUAL 72 - ALPINUS 5L - MED.TATTOO<\/title>\n<meta name=\"robots\" content=\"index, follow, max-snippet:-1, max-image-preview:large, max-video-preview:-1\" \/>\n<link rel=\"canonical\" href=\"https:\/\/med.tattoo\/ro\/produs\/dezinfectant-pentru-maini-si-suprafete-dual-72-alpinus-5l\/\" \/>\n<meta property=\"og:locale\" content=\"ro_RO\" \/>\n<meta property=\"og:type\" content=\"article\" \/>\n<meta property=\"og:title\" content=\"Dezinfectant pentru m\u00e2ini \u0219i suprafe\u021be DUAL 72 - ALPINUS 5L - MED.TATTOO\" \/>\n<meta property=\"og:description\" content=\"DUAL 72 &#8211; ALPINUS MEDICA Produsul este potrivit pentru dezinfectarea igienic\u0103 \u0219i chirurgical\u0103 a m\u00e2inilor, precum \u0219i pentru dezinfectarea pielii intacte \u0219i nealterate. De asemenea, este potrivit pentru dezinfectarea suprafe\u021belor, aparatelor, echipamentelor \u0219i mobilierului care intr\u0103 \u0219i nu intr\u0103 \u00een contact cu alimentele. Destinat utiliz\u0103rii \u00een domeniul medical, cosmetic, alimentar, institu\u021bional \u0219i casnic. Propriet\u0103\u021bile de [&hellip;]\" \/>\n<meta property=\"og:url\" content=\"https:\/\/med.tattoo\/ro\/produs\/dezinfectant-pentru-maini-si-suprafete-dual-72-alpinus-5l\/\" \/>\n<meta property=\"og:site_name\" content=\"MED.TATTOO\" \/>\n<meta property=\"article:publisher\" content=\"https:\/\/www.facebook.com\/profile.php?id=100084366705613\" \/>\n<meta name=\"twitter:card\" content=\"summary_large_image\" \/>\n<meta name=\"twitter:label1\" content=\"Timp estimat pentru citire\" \/>\n\t<meta name=\"twitter:data1\" content=\"1 minut\" \/>\n<script type=\"application\/ld+json\" class=\"yoast-schema-graph\">{\"@context\":\"https:\\\/\\\/schema.org\",\"@graph\":[{\"@type\":\"WebPage\",\"@id\":\"https:\\\/\\\/med.tattoo\\\/ro\\\/produs\\\/dezinfectant-pentru-maini-si-suprafete-dual-72-alpinus-5l\\\/\",\"url\":\"https:\\\/\\\/med.tattoo\\\/ro\\\/produs\\\/dezinfectant-pentru-maini-si-suprafete-dual-72-alpinus-5l\\\/\",\"name\":\"Dezinfectant pentru m\u00e2ini \u0219i suprafe\u021be DUAL 72 - ALPINUS 5L - MED.TATTOO\",\"isPartOf\":{\"@id\":\"https:\\\/\\\/med.tattoo\\\/ro\\\/#website\"},\"primaryImageOfPage\":{\"@id\":\"https:\\\/\\\/med.tattoo\\\/ro\\\/produs\\\/dezinfectant-pentru-maini-si-suprafete-dual-72-alpinus-5l\\\/#primaryimage\"},\"image\":{\"@id\":\"https:\\\/\\\/med.tattoo\\\/ro\\\/produs\\\/dezinfectant-pentru-maini-si-suprafete-dual-72-alpinus-5l\\\/#primaryimage\"},\"thumbnailUrl\":\"https:\\\/\\\/med.tattoo\\\/wp-content\\\/uploads\\\/2025\\\/05\\\/1638_plyn-do-dezynfekcji-rak-i-powierzchni-dual-72-al_1744007030.jpg\",\"datePublished\":\"2025-05-15T05:25:49+00:00\",\"breadcrumb\":{\"@id\":\"https:\\\/\\\/med.tattoo\\\/ro\\\/produs\\\/dezinfectant-pentru-maini-si-suprafete-dual-72-alpinus-5l\\\/#breadcrumb\"},\"inLanguage\":\"ro-RO\",\"potentialAction\":[{\"@type\":\"ReadAction\",\"target\":[\"https:\\\/\\\/med.tattoo\\\/ro\\\/produs\\\/dezinfectant-pentru-maini-si-suprafete-dual-72-alpinus-5l\\\/\"]}]},{\"@type\":\"ImageObject\",\"inLanguage\":\"ro-RO\",\"@id\":\"https:\\\/\\\/med.tattoo\\\/ro\\\/produs\\\/dezinfectant-pentru-maini-si-suprafete-dual-72-alpinus-5l\\\/#primaryimage\",\"url\":\"https:\\\/\\\/med.tattoo\\\/wp-content\\\/uploads\\\/2025\\\/05\\\/1638_plyn-do-dezynfekcji-rak-i-powierzchni-dual-72-al_1744007030.jpg\",\"contentUrl\":\"https:\\\/\\\/med.tattoo\\\/wp-content\\\/uploads\\\/2025\\\/05\\\/1638_plyn-do-dezynfekcji-rak-i-powierzchni-dual-72-al_1744007030.jpg\",\"width\":582,\"height\":800},{\"@type\":\"BreadcrumbList\",\"@id\":\"https:\\\/\\\/med.tattoo\\\/ro\\\/produs\\\/dezinfectant-pentru-maini-si-suprafete-dual-72-alpinus-5l\\\/#breadcrumb\",\"itemListElement\":[{\"@type\":\"ListItem\",\"position\":1,\"name\":\"Strona G\u0142\u00f3wna\",\"item\":\"https:\\\/\\\/med.tattoo\\\/ro\\\/\"},{\"@type\":\"ListItem\",\"position\":2,\"name\":\"Magazin\",\"item\":\"https:\\\/\\\/med.tattoo\\\/ro\\\/shop\\\/\"},{\"@type\":\"ListItem\",\"position\":3,\"name\":\"Dezinfectant pentru m\u00e2ini \u0219i suprafe\u021be DUAL 72 &#8211; ALPINUS 5L\"}]},{\"@type\":\"WebSite\",\"@id\":\"https:\\\/\\\/med.tattoo\\\/ro\\\/#website\",\"url\":\"https:\\\/\\\/med.tattoo\\\/ro\\\/\",\"name\":\"MED.TATTOO\",\"description\":\"Wszystko dla Twojego tatua\u017cu\",\"publisher\":{\"@id\":\"https:\\\/\\\/med.tattoo\\\/ro\\\/#organization\"},\"potentialAction\":[{\"@type\":\"SearchAction\",\"target\":{\"@type\":\"EntryPoint\",\"urlTemplate\":\"https:\\\/\\\/med.tattoo\\\/ro\\\/?s={search_term_string}\"},\"query-input\":{\"@type\":\"PropertyValueSpecification\",\"valueRequired\":true,\"valueName\":\"search_term_string\"}}],\"inLanguage\":\"ro-RO\"},{\"@type\":\"Organization\",\"@id\":\"https:\\\/\\\/med.tattoo\\\/ro\\\/#organization\",\"name\":\"MED.TATTOO\",\"url\":\"https:\\\/\\\/med.tattoo\\\/ro\\\/\",\"logo\":{\"@type\":\"ImageObject\",\"inLanguage\":\"ro-RO\",\"@id\":\"https:\\\/\\\/med.tattoo\\\/ro\\\/#\\\/schema\\\/logo\\\/image\\\/\",\"url\":\"https:\\\/\\\/med.tattoo\\\/wp-content\\\/uploads\\\/2025\\\/05\\\/Bez-tytulu-600S300-px-1-e1658908183800.png\",\"contentUrl\":\"https:\\\/\\\/med.tattoo\\\/wp-content\\\/uploads\\\/2025\\\/05\\\/Bez-tytulu-600S300-px-1-e1658908183800.png\",\"width\":600,\"height\":61,\"caption\":\"MED.TATTOO\"},\"image\":{\"@id\":\"https:\\\/\\\/med.tattoo\\\/ro\\\/#\\\/schema\\\/logo\\\/image\\\/\"},\"sameAs\":[\"https:\\\/\\\/www.facebook.com\\\/profile.php?id=100084366705613\",\"https:\\\/\\\/www.instagram.com\\\/med.tattoo_official\\\/\"]}]}<\/script>\n<!-- \/ Yoast SEO plugin. -->","yoast_head_json":{"title":"Dezinfectant pentru m\u00e2ini \u0219i suprafe\u021be DUAL 72 - ALPINUS 5L - MED.TATTOO","robots":{"index":"index","follow":"follow","max-snippet":"max-snippet:-1","max-image-preview":"max-image-preview:large","max-video-preview":"max-video-preview:-1"},"canonical":"https:\/\/med.tattoo\/ro\/produs\/dezinfectant-pentru-maini-si-suprafete-dual-72-alpinus-5l\/","og_locale":"ro_RO","og_type":"article","og_title":"Dezinfectant pentru m\u00e2ini \u0219i suprafe\u021be DUAL 72 - ALPINUS 5L - MED.TATTOO","og_description":"DUAL 72 &#8211; ALPINUS MEDICA Produsul este potrivit pentru dezinfectarea igienic\u0103 \u0219i chirurgical\u0103 a m\u00e2inilor, precum \u0219i pentru dezinfectarea pielii intacte \u0219i nealterate. De asemenea, este potrivit pentru dezinfectarea suprafe\u021belor, aparatelor, echipamentelor \u0219i mobilierului care intr\u0103 \u0219i nu intr\u0103 \u00een contact cu alimentele. Destinat utiliz\u0103rii \u00een domeniul medical, cosmetic, alimentar, institu\u021bional \u0219i casnic. Propriet\u0103\u021bile de [&hellip;]","og_url":"https:\/\/med.tattoo\/ro\/produs\/dezinfectant-pentru-maini-si-suprafete-dual-72-alpinus-5l\/","og_site_name":"MED.TATTOO","article_publisher":"https:\/\/www.facebook.com\/profile.php?id=100084366705613","twitter_card":"summary_large_image","twitter_misc":{"Timp estimat pentru citire":"1 minut"},"schema":{"@context":"https:\/\/schema.org","@graph":[{"@type":"WebPage","@id":"https:\/\/med.tattoo\/ro\/produs\/dezinfectant-pentru-maini-si-suprafete-dual-72-alpinus-5l\/","url":"https:\/\/med.tattoo\/ro\/produs\/dezinfectant-pentru-maini-si-suprafete-dual-72-alpinus-5l\/","name":"Dezinfectant pentru m\u00e2ini \u0219i suprafe\u021be DUAL 72 - ALPINUS 5L - MED.TATTOO","isPartOf":{"@id":"https:\/\/med.tattoo\/ro\/#website"},"primaryImageOfPage":{"@id":"https:\/\/med.tattoo\/ro\/produs\/dezinfectant-pentru-maini-si-suprafete-dual-72-alpinus-5l\/#primaryimage"},"image":{"@id":"https:\/\/med.tattoo\/ro\/produs\/dezinfectant-pentru-maini-si-suprafete-dual-72-alpinus-5l\/#primaryimage"},"thumbnailUrl":"https:\/\/med.tattoo\/wp-content\/uploads\/2025\/05\/1638_plyn-do-dezynfekcji-rak-i-powierzchni-dual-72-al_1744007030.jpg","datePublished":"2025-05-15T05:25:49+00:00","breadcrumb":{"@id":"https:\/\/med.tattoo\/ro\/produs\/dezinfectant-pentru-maini-si-suprafete-dual-72-alpinus-5l\/#breadcrumb"},"inLanguage":"ro-RO","potentialAction":[{"@type":"ReadAction","target":["https:\/\/med.tattoo\/ro\/produs\/dezinfectant-pentru-maini-si-suprafete-dual-72-alpinus-5l\/"]}]},{"@type":"ImageObject","inLanguage":"ro-RO","@id":"https:\/\/med.tattoo\/ro\/produs\/dezinfectant-pentru-maini-si-suprafete-dual-72-alpinus-5l\/#primaryimage","url":"https:\/\/med.tattoo\/wp-content\/uploads\/2025\/05\/1638_plyn-do-dezynfekcji-rak-i-powierzchni-dual-72-al_1744007030.jpg","contentUrl":"https:\/\/med.tattoo\/wp-content\/uploads\/2025\/05\/1638_plyn-do-dezynfekcji-rak-i-powierzchni-dual-72-al_1744007030.jpg","width":582,"height":800},{"@type":"BreadcrumbList","@id":"https:\/\/med.tattoo\/ro\/produs\/dezinfectant-pentru-maini-si-suprafete-dual-72-alpinus-5l\/#breadcrumb","itemListElement":[{"@type":"ListItem","position":1,"name":"Strona G\u0142\u00f3wna","item":"https:\/\/med.tattoo\/ro\/"},{"@type":"ListItem","position":2,"name":"Magazin","item":"https:\/\/med.tattoo\/ro\/shop\/"},{"@type":"ListItem","position":3,"name":"Dezinfectant pentru m\u00e2ini \u0219i suprafe\u021be DUAL 72 &#8211; ALPINUS 5L"}]},{"@type":"WebSite","@id":"https:\/\/med.tattoo\/ro\/#website","url":"https:\/\/med.tattoo\/ro\/","name":"MED.TATTOO","description":"Wszystko dla Twojego tatua\u017cu","publisher":{"@id":"https:\/\/med.tattoo\/ro\/#organization"},"potentialAction":[{"@type":"SearchAction","target":{"@type":"EntryPoint","urlTemplate":"https:\/\/med.tattoo\/ro\/?s={search_term_string}"},"query-input":{"@type":"PropertyValueSpecification","valueRequired":true,"valueName":"search_term_string"}}],"inLanguage":"ro-RO"},{"@type":"Organization","@id":"https:\/\/med.tattoo\/ro\/#organization","name":"MED.TATTOO","url":"https:\/\/med.tattoo\/ro\/","logo":{"@type":"ImageObject","inLanguage":"ro-RO","@id":"https:\/\/med.tattoo\/ro\/#\/schema\/logo\/image\/","url":"https:\/\/med.tattoo\/wp-content\/uploads\/2025\/05\/Bez-tytulu-600S300-px-1-e1658908183800.png","contentUrl":"https:\/\/med.tattoo\/wp-content\/uploads\/2025\/05\/Bez-tytulu-600S300-px-1-e1658908183800.png","width":600,"height":61,"caption":"MED.TATTOO"},"image":{"@id":"https:\/\/med.tattoo\/ro\/#\/schema\/logo\/image\/"},"sameAs":["https:\/\/www.facebook.com\/profile.php?id=100084366705613","https:\/\/www.instagram.com\/med.tattoo_official\/"]}]}},"_links":{"self":[{"href":"https:\/\/med.tattoo\/ro\/wp-json\/wp\/v2\/product\/9077","targetHints":{"allow":["GET"]}}],"collection":[{"href":"https:\/\/med.tattoo\/ro\/wp-json\/wp\/v2\/product"}],"about":[{"href":"https:\/\/med.tattoo\/ro\/wp-json\/wp\/v2\/types\/product"}],"replies":[{"embeddable":true,"href":"https:\/\/med.tattoo\/ro\/wp-json\/wp\/v2\/comments?post=9077"}],"wp:featuredmedia":[{"embeddable":true,"href":"https:\/\/med.tattoo\/ro\/wp-json\/wp\/v2\/media\/7605"}],"wp:attachment":[{"href":"https:\/\/med.tattoo\/ro\/wp-json\/wp\/v2\/media?parent=9077"}],"wp:term":[{"taxonomy":"product_brand","embeddable":true,"href":"https:\/\/med.tattoo\/ro\/wp-json\/wp\/v2\/product_brand?post=9077"},{"taxonomy":"product_cat","embeddable":true,"href":"https:\/\/med.tattoo\/ro\/wp-json\/wp\/v2\/product_cat?post=9077"},{"taxonomy":"product_tag","embeddable":true,"href":"https:\/\/med.tattoo\/ro\/wp-json\/wp\/v2\/product_tag?post=9077"}],"curies":[{"name":"wp","href":"https:\/\/api.w.org\/{rel}","templated":true}]}}