{"id":9158,"date":"2025-05-15T07:33:19","date_gmt":"2025-05-15T05:33:19","guid":{"rendered":"https:\/\/med.tattoo\/produkt\/cutie-de-servetele-velox-duo-servetele-cu-alcool-100-buc\/"},"modified":"2025-05-15T07:33:19","modified_gmt":"2025-05-15T05:33:19","slug":"cutie-de-servetele-velox-duo-servetele-cu-alcool-100-buc","status":"publish","type":"product","link":"https:\/\/med.tattoo\/ro\/produs\/cutie-de-servetele-velox-duo-servetele-cu-alcool-100-buc\/","title":{"rendered":"Cutie de \u0219erve\u021bele Velox DUO \u0219erve\u021bele cu alcool 100 buc"},"content":{"rendered":"<p>\u0218erve\u021belele Velox\u00ae sunt special recomandate pentru cur\u0103\u021barea \u0219i dezinfectarea rapid\u0103 a suprafe\u021belor mici \u0219i a echipamentelor medicale: paturi \u0219i scaune de tratament, echipamente medicale. De asemenea, este recomandat pentru dezinfectarea pieselor de m\u00e2n\u0103 dentare \u00eenainte de procesul de sterilizare. Produsul nu con\u021bine aldehid\u0103 \u0219i fenol, deci nu decoloreaz\u0103 suprafe\u021bele dezinfectate. Datorit\u0103 formulei inovatoare bazate pe sinergia surfactan\u021bilor \u0219i a tehnologiei nano-micelurilor, produsul are un spectru dezinfectant larg \u0219i propriet\u0103\u021bi de cur\u0103\u021bare excep\u021bionale. Au o p\u0103rere pozitiv\u0103 din partea produc\u0103torului de echipamente medicale Famed. Au un parfum proasp\u0103t pl\u0103cut.     <\/p>\n<p>A\u0219eza\u021bi cartu\u0219ul \u00een cutie. Scoate\u021bi \u0219erve\u021belul din ambalaj \u0219i \u0219terge\u021bi suprafa\u021ba cu acesta. \u00cenchide\u021bi bine capacul cutiei. Odat\u0103 deschis, utiliza\u021bi ambalajul \u00een termen de 21 de zile. Nu utiliza\u021bi dac\u0103 \u0219erve\u021belul este uscat. Nu utiliza\u021bi pe suprafe\u021be sensibile la alcool (de ex. sticl\u0103 acrilic\u0103). Produs destinat utiliz\u0103rii de c\u0103tre un utilizator profesionist.      <\/p>\n","protected":false},"excerpt":{"rendered":"<p>\u0218erve\u021belele Velox\u00ae sunt special recomandate pentru cur\u0103\u021barea \u0219i dezinfectarea rapid\u0103 a suprafe\u021belor mici \u0219i a echipamentelor medicale: paturi \u0219i scaune de tratament, echipamente medicale. De asemenea, este recomandat pentru dezinfectarea pieselor de m\u00e2n\u0103 dentare \u00eenainte de procesul de sterilizare. Produsul nu con\u021bine aldehid\u0103 \u0219i fenol, deci nu decoloreaz\u0103 suprafe\u021bele dezinfectate. Datorit\u0103 formulei inovatoare bazate pe [&hellip;]<\/p>\n","protected":false},"featured_media":8175,"comment_status":"closed","ping_status":"open","template":"","meta":{"site-sidebar-layout":"default","site-content-layout":"","ast-site-content-layout":"default","site-content-style":"default","site-sidebar-style":"default","ast-global-header-display":"","ast-banner-title-visibility":"","ast-main-header-display":"","ast-hfb-above-header-display":"","ast-hfb-below-header-display":"","ast-hfb-mobile-header-display":"","site-post-title":"","ast-breadcrumbs-content":"","ast-featured-img":"","footer-sml-layout":"","ast-disable-related-posts":"","theme-transparent-header-meta":"","adv-header-id-meta":"","stick-header-meta":"","header-above-stick-meta":"","header-main-stick-meta":"","header-below-stick-meta":"","astra-migrate-meta-layouts":"default","ast-page-background-enabled":"default","ast-page-background-meta":{"desktop":{"background-color":"var(--ast-global-color-4)","background-image":"","background-repeat":"repeat","background-position":"center center","background-size":"auto","background-attachment":"scroll","background-type":"","background-media":"","overlay-type":"","overlay-color":"","overlay-opacity":"","overlay-gradient":""},"tablet":{"background-color":"","background-image":"","background-repeat":"repeat","background-position":"center center","background-size":"auto","background-attachment":"scroll","background-type":"","background-media":"","overlay-type":"","overlay-color":"","overlay-opacity":"","overlay-gradient":""},"mobile":{"background-color":"","background-image":"","background-repeat":"repeat","background-position":"center center","background-size":"auto","background-attachment":"scroll","background-type":"","background-media":"","overlay-type":"","overlay-color":"","overlay-opacity":"","overlay-gradient":""}},"ast-content-background-meta":{"desktop":{"background-color":"var(--ast-global-color-5)","background-image":"","background-repeat":"repeat","background-position":"center center","background-size":"auto","background-attachment":"scroll","background-type":"","background-media":"","overlay-type":"","overlay-color":"","overlay-opacity":"","overlay-gradient":""},"tablet":{"background-color":"var(--ast-global-color-5)","background-image":"","background-repeat":"repeat","background-position":"center center","background-size":"auto","background-attachment":"scroll","background-type":"","background-media":"","overlay-type":"","overlay-color":"","overlay-opacity":"","overlay-gradient":""},"mobile":{"background-color":"var(--ast-global-color-5)","background-image":"","background-repeat":"repeat","background-position":"center center","background-size":"auto","background-attachment":"scroll","background-type":"","background-media":"","overlay-type":"","overlay-color":"","overlay-opacity":"","overlay-gradient":""}}},"product_brand":[],"product_cat":[25],"product_tag":[],"class_list":{"0":"post-9158","1":"product","2":"type-product","3":"status-publish","4":"has-post-thumbnail","6":"product_cat-med-tattoo","7":"desktop-align-left","8":"tablet-align-left","9":"mobile-align-left","10":"ast-product-gallery-layout-horizontal-slider","11":"ast-product-gallery-with-no-image","12":"ast-product-tabs-layout-distributed","14":"first","15":"instock","16":"purchasable","17":"product-type-simple"},"yoast_head":"<!-- This site is optimized with the Yoast SEO plugin v27.3 - https:\/\/yoast.com\/product\/yoast-seo-wordpress\/ -->\n<title>Cutie de \u0219erve\u021bele Velox DUO \u0219erve\u021bele cu alcool 100 buc - MED.TATTOO<\/title>\n<meta name=\"robots\" content=\"index, follow, max-snippet:-1, max-image-preview:large, max-video-preview:-1\" \/>\n<link rel=\"canonical\" href=\"https:\/\/med.tattoo\/ro\/produs\/cutie-de-servetele-velox-duo-servetele-cu-alcool-100-buc\/\" \/>\n<meta property=\"og:locale\" content=\"ro_RO\" \/>\n<meta property=\"og:type\" content=\"article\" \/>\n<meta property=\"og:title\" content=\"Cutie de \u0219erve\u021bele Velox DUO \u0219erve\u021bele cu alcool 100 buc - MED.TATTOO\" \/>\n<meta property=\"og:description\" content=\"\u0218erve\u021belele Velox\u00ae sunt special recomandate pentru cur\u0103\u021barea \u0219i dezinfectarea rapid\u0103 a suprafe\u021belor mici \u0219i a echipamentelor medicale: paturi \u0219i scaune de tratament, echipamente medicale. De asemenea, este recomandat pentru dezinfectarea pieselor de m\u00e2n\u0103 dentare \u00eenainte de procesul de sterilizare. Produsul nu con\u021bine aldehid\u0103 \u0219i fenol, deci nu decoloreaz\u0103 suprafe\u021bele dezinfectate. Datorit\u0103 formulei inovatoare bazate pe [&hellip;]\" \/>\n<meta property=\"og:url\" content=\"https:\/\/med.tattoo\/ro\/produs\/cutie-de-servetele-velox-duo-servetele-cu-alcool-100-buc\/\" \/>\n<meta property=\"og:site_name\" content=\"MED.TATTOO\" \/>\n<meta property=\"article:publisher\" content=\"https:\/\/www.facebook.com\/profile.php?id=100084366705613\" \/>\n<meta name=\"twitter:card\" content=\"summary_large_image\" \/>\n<meta name=\"twitter:label1\" content=\"Timp estimat pentru citire\" \/>\n\t<meta name=\"twitter:data1\" content=\"1 minut\" \/>\n<script type=\"application\/ld+json\" class=\"yoast-schema-graph\">{\"@context\":\"https:\\\/\\\/schema.org\",\"@graph\":[{\"@type\":\"WebPage\",\"@id\":\"https:\\\/\\\/med.tattoo\\\/ro\\\/produs\\\/cutie-de-servetele-velox-duo-servetele-cu-alcool-100-buc\\\/\",\"url\":\"https:\\\/\\\/med.tattoo\\\/ro\\\/produs\\\/cutie-de-servetele-velox-duo-servetele-cu-alcool-100-buc\\\/\",\"name\":\"Cutie de \u0219erve\u021bele Velox DUO \u0219erve\u021bele cu alcool 100 buc - MED.TATTOO\",\"isPartOf\":{\"@id\":\"https:\\\/\\\/med.tattoo\\\/ro\\\/#website\"},\"primaryImageOfPage\":{\"@id\":\"https:\\\/\\\/med.tattoo\\\/ro\\\/produs\\\/cutie-de-servetele-velox-duo-servetele-cu-alcool-100-buc\\\/#primaryimage\"},\"image\":{\"@id\":\"https:\\\/\\\/med.tattoo\\\/ro\\\/produs\\\/cutie-de-servetele-velox-duo-servetele-cu-alcool-100-buc\\\/#primaryimage\"},\"thumbnailUrl\":\"https:\\\/\\\/med.tattoo\\\/wp-content\\\/uploads\\\/2025\\\/05\\\/845_velox-wipes-box-duo-chusteczki-alkoholowe-100-szt_1744007035.jpg\",\"datePublished\":\"2025-05-15T05:33:19+00:00\",\"breadcrumb\":{\"@id\":\"https:\\\/\\\/med.tattoo\\\/ro\\\/produs\\\/cutie-de-servetele-velox-duo-servetele-cu-alcool-100-buc\\\/#breadcrumb\"},\"inLanguage\":\"ro-RO\",\"potentialAction\":[{\"@type\":\"ReadAction\",\"target\":[\"https:\\\/\\\/med.tattoo\\\/ro\\\/produs\\\/cutie-de-servetele-velox-duo-servetele-cu-alcool-100-buc\\\/\"]}]},{\"@type\":\"ImageObject\",\"inLanguage\":\"ro-RO\",\"@id\":\"https:\\\/\\\/med.tattoo\\\/ro\\\/produs\\\/cutie-de-servetele-velox-duo-servetele-cu-alcool-100-buc\\\/#primaryimage\",\"url\":\"https:\\\/\\\/med.tattoo\\\/wp-content\\\/uploads\\\/2025\\\/05\\\/845_velox-wipes-box-duo-chusteczki-alkoholowe-100-szt_1744007035.jpg\",\"contentUrl\":\"https:\\\/\\\/med.tattoo\\\/wp-content\\\/uploads\\\/2025\\\/05\\\/845_velox-wipes-box-duo-chusteczki-alkoholowe-100-szt_1744007035.jpg\",\"width\":777,\"height\":1000},{\"@type\":\"BreadcrumbList\",\"@id\":\"https:\\\/\\\/med.tattoo\\\/ro\\\/produs\\\/cutie-de-servetele-velox-duo-servetele-cu-alcool-100-buc\\\/#breadcrumb\",\"itemListElement\":[{\"@type\":\"ListItem\",\"position\":1,\"name\":\"Strona G\u0142\u00f3wna\",\"item\":\"https:\\\/\\\/med.tattoo\\\/ro\\\/\"},{\"@type\":\"ListItem\",\"position\":2,\"name\":\"Magazin\",\"item\":\"https:\\\/\\\/med.tattoo\\\/ro\\\/shop\\\/\"},{\"@type\":\"ListItem\",\"position\":3,\"name\":\"Cutie de \u0219erve\u021bele Velox DUO \u0219erve\u021bele cu alcool 100 buc\"}]},{\"@type\":\"WebSite\",\"@id\":\"https:\\\/\\\/med.tattoo\\\/ro\\\/#website\",\"url\":\"https:\\\/\\\/med.tattoo\\\/ro\\\/\",\"name\":\"MED.TATTOO\",\"description\":\"Wszystko dla Twojego tatua\u017cu\",\"publisher\":{\"@id\":\"https:\\\/\\\/med.tattoo\\\/ro\\\/#organization\"},\"potentialAction\":[{\"@type\":\"SearchAction\",\"target\":{\"@type\":\"EntryPoint\",\"urlTemplate\":\"https:\\\/\\\/med.tattoo\\\/ro\\\/?s={search_term_string}\"},\"query-input\":{\"@type\":\"PropertyValueSpecification\",\"valueRequired\":true,\"valueName\":\"search_term_string\"}}],\"inLanguage\":\"ro-RO\"},{\"@type\":\"Organization\",\"@id\":\"https:\\\/\\\/med.tattoo\\\/ro\\\/#organization\",\"name\":\"MED.TATTOO\",\"url\":\"https:\\\/\\\/med.tattoo\\\/ro\\\/\",\"logo\":{\"@type\":\"ImageObject\",\"inLanguage\":\"ro-RO\",\"@id\":\"https:\\\/\\\/med.tattoo\\\/ro\\\/#\\\/schema\\\/logo\\\/image\\\/\",\"url\":\"https:\\\/\\\/med.tattoo\\\/wp-content\\\/uploads\\\/2025\\\/05\\\/Bez-tytulu-600S300-px-1-e1658908183800.png\",\"contentUrl\":\"https:\\\/\\\/med.tattoo\\\/wp-content\\\/uploads\\\/2025\\\/05\\\/Bez-tytulu-600S300-px-1-e1658908183800.png\",\"width\":600,\"height\":61,\"caption\":\"MED.TATTOO\"},\"image\":{\"@id\":\"https:\\\/\\\/med.tattoo\\\/ro\\\/#\\\/schema\\\/logo\\\/image\\\/\"},\"sameAs\":[\"https:\\\/\\\/www.facebook.com\\\/profile.php?id=100084366705613\",\"https:\\\/\\\/www.instagram.com\\\/med.tattoo_official\\\/\"]}]}<\/script>\n<!-- \/ Yoast SEO plugin. -->","yoast_head_json":{"title":"Cutie de \u0219erve\u021bele Velox DUO \u0219erve\u021bele cu alcool 100 buc - MED.TATTOO","robots":{"index":"index","follow":"follow","max-snippet":"max-snippet:-1","max-image-preview":"max-image-preview:large","max-video-preview":"max-video-preview:-1"},"canonical":"https:\/\/med.tattoo\/ro\/produs\/cutie-de-servetele-velox-duo-servetele-cu-alcool-100-buc\/","og_locale":"ro_RO","og_type":"article","og_title":"Cutie de \u0219erve\u021bele Velox DUO \u0219erve\u021bele cu alcool 100 buc - MED.TATTOO","og_description":"\u0218erve\u021belele Velox\u00ae sunt special recomandate pentru cur\u0103\u021barea \u0219i dezinfectarea rapid\u0103 a suprafe\u021belor mici \u0219i a echipamentelor medicale: paturi \u0219i scaune de tratament, echipamente medicale. De asemenea, este recomandat pentru dezinfectarea pieselor de m\u00e2n\u0103 dentare \u00eenainte de procesul de sterilizare. Produsul nu con\u021bine aldehid\u0103 \u0219i fenol, deci nu decoloreaz\u0103 suprafe\u021bele dezinfectate. Datorit\u0103 formulei inovatoare bazate pe [&hellip;]","og_url":"https:\/\/med.tattoo\/ro\/produs\/cutie-de-servetele-velox-duo-servetele-cu-alcool-100-buc\/","og_site_name":"MED.TATTOO","article_publisher":"https:\/\/www.facebook.com\/profile.php?id=100084366705613","twitter_card":"summary_large_image","twitter_misc":{"Timp estimat pentru citire":"1 minut"},"schema":{"@context":"https:\/\/schema.org","@graph":[{"@type":"WebPage","@id":"https:\/\/med.tattoo\/ro\/produs\/cutie-de-servetele-velox-duo-servetele-cu-alcool-100-buc\/","url":"https:\/\/med.tattoo\/ro\/produs\/cutie-de-servetele-velox-duo-servetele-cu-alcool-100-buc\/","name":"Cutie de \u0219erve\u021bele Velox DUO \u0219erve\u021bele cu alcool 100 buc - MED.TATTOO","isPartOf":{"@id":"https:\/\/med.tattoo\/ro\/#website"},"primaryImageOfPage":{"@id":"https:\/\/med.tattoo\/ro\/produs\/cutie-de-servetele-velox-duo-servetele-cu-alcool-100-buc\/#primaryimage"},"image":{"@id":"https:\/\/med.tattoo\/ro\/produs\/cutie-de-servetele-velox-duo-servetele-cu-alcool-100-buc\/#primaryimage"},"thumbnailUrl":"https:\/\/med.tattoo\/wp-content\/uploads\/2025\/05\/845_velox-wipes-box-duo-chusteczki-alkoholowe-100-szt_1744007035.jpg","datePublished":"2025-05-15T05:33:19+00:00","breadcrumb":{"@id":"https:\/\/med.tattoo\/ro\/produs\/cutie-de-servetele-velox-duo-servetele-cu-alcool-100-buc\/#breadcrumb"},"inLanguage":"ro-RO","potentialAction":[{"@type":"ReadAction","target":["https:\/\/med.tattoo\/ro\/produs\/cutie-de-servetele-velox-duo-servetele-cu-alcool-100-buc\/"]}]},{"@type":"ImageObject","inLanguage":"ro-RO","@id":"https:\/\/med.tattoo\/ro\/produs\/cutie-de-servetele-velox-duo-servetele-cu-alcool-100-buc\/#primaryimage","url":"https:\/\/med.tattoo\/wp-content\/uploads\/2025\/05\/845_velox-wipes-box-duo-chusteczki-alkoholowe-100-szt_1744007035.jpg","contentUrl":"https:\/\/med.tattoo\/wp-content\/uploads\/2025\/05\/845_velox-wipes-box-duo-chusteczki-alkoholowe-100-szt_1744007035.jpg","width":777,"height":1000},{"@type":"BreadcrumbList","@id":"https:\/\/med.tattoo\/ro\/produs\/cutie-de-servetele-velox-duo-servetele-cu-alcool-100-buc\/#breadcrumb","itemListElement":[{"@type":"ListItem","position":1,"name":"Strona G\u0142\u00f3wna","item":"https:\/\/med.tattoo\/ro\/"},{"@type":"ListItem","position":2,"name":"Magazin","item":"https:\/\/med.tattoo\/ro\/shop\/"},{"@type":"ListItem","position":3,"name":"Cutie de \u0219erve\u021bele Velox DUO \u0219erve\u021bele cu alcool 100 buc"}]},{"@type":"WebSite","@id":"https:\/\/med.tattoo\/ro\/#website","url":"https:\/\/med.tattoo\/ro\/","name":"MED.TATTOO","description":"Wszystko dla Twojego tatua\u017cu","publisher":{"@id":"https:\/\/med.tattoo\/ro\/#organization"},"potentialAction":[{"@type":"SearchAction","target":{"@type":"EntryPoint","urlTemplate":"https:\/\/med.tattoo\/ro\/?s={search_term_string}"},"query-input":{"@type":"PropertyValueSpecification","valueRequired":true,"valueName":"search_term_string"}}],"inLanguage":"ro-RO"},{"@type":"Organization","@id":"https:\/\/med.tattoo\/ro\/#organization","name":"MED.TATTOO","url":"https:\/\/med.tattoo\/ro\/","logo":{"@type":"ImageObject","inLanguage":"ro-RO","@id":"https:\/\/med.tattoo\/ro\/#\/schema\/logo\/image\/","url":"https:\/\/med.tattoo\/wp-content\/uploads\/2025\/05\/Bez-tytulu-600S300-px-1-e1658908183800.png","contentUrl":"https:\/\/med.tattoo\/wp-content\/uploads\/2025\/05\/Bez-tytulu-600S300-px-1-e1658908183800.png","width":600,"height":61,"caption":"MED.TATTOO"},"image":{"@id":"https:\/\/med.tattoo\/ro\/#\/schema\/logo\/image\/"},"sameAs":["https:\/\/www.facebook.com\/profile.php?id=100084366705613","https:\/\/www.instagram.com\/med.tattoo_official\/"]}]}},"_links":{"self":[{"href":"https:\/\/med.tattoo\/ro\/wp-json\/wp\/v2\/product\/9158","targetHints":{"allow":["GET"]}}],"collection":[{"href":"https:\/\/med.tattoo\/ro\/wp-json\/wp\/v2\/product"}],"about":[{"href":"https:\/\/med.tattoo\/ro\/wp-json\/wp\/v2\/types\/product"}],"replies":[{"embeddable":true,"href":"https:\/\/med.tattoo\/ro\/wp-json\/wp\/v2\/comments?post=9158"}],"wp:featuredmedia":[{"embeddable":true,"href":"https:\/\/med.tattoo\/ro\/wp-json\/wp\/v2\/media\/8175"}],"wp:attachment":[{"href":"https:\/\/med.tattoo\/ro\/wp-json\/wp\/v2\/media?parent=9158"}],"wp:term":[{"taxonomy":"product_brand","embeddable":true,"href":"https:\/\/med.tattoo\/ro\/wp-json\/wp\/v2\/product_brand?post=9158"},{"taxonomy":"product_cat","embeddable":true,"href":"https:\/\/med.tattoo\/ro\/wp-json\/wp\/v2\/product_cat?post=9158"},{"taxonomy":"product_tag","embeddable":true,"href":"https:\/\/med.tattoo\/ro\/wp-json\/wp\/v2\/product_tag?post=9158"}],"curies":[{"name":"wp","href":"https:\/\/api.w.org\/{rel}","templated":true}]}}