{"id":9177,"date":"2025-05-15T07:39:29","date_gmt":"2025-05-15T05:39:29","guid":{"rendered":"https:\/\/med.tattoo\/produkt\/rola-de-tesatura-netesuta-70-50-50-14g-alb\/"},"modified":"2025-05-15T07:39:29","modified_gmt":"2025-05-15T05:39:29","slug":"rola-de-tesatura-netesuta-70-50-50-14g-alb","status":"publish","type":"product","link":"https:\/\/med.tattoo\/ro\/produs\/rola-de-tesatura-netesuta-70-50-50-14g-alb\/","title":{"rendered":"Rol\u0103 de \u021bes\u0103tur\u0103 ne\u021besut\u0103 70\/50\/50 14g alb"},"content":{"rendered":"<p>Tampoane de protec\u021bie ne\u021besute, concepute pentru a proteja obiectele \u00een zone \u00een care este necesar\u0103 cur\u0103\u021benia igienic\u0103.<\/p>\n<p>Tampoanele de protec\u021bie sunt utilizate oriunde este necesar\u0103 protec\u021bia \u0219i izolarea pacientului de zonele poten\u021bial contaminate \u0219i poluate (canapea, paturi de tratament etc.).<\/p>\n<p>Scop:<\/p>\n<p>asigurarea cur\u0103\u021beniei igienice<\/p>\n<p>Cerere:<\/p>\n<p>Cabinete medicale,<br \/>\ns\u0103li de tratament,<br \/>\nfacilit\u0103\u021bi de fizioterapie,<br \/>\ncanapea,<br \/>\npaturi,<br \/>\nmese de tratament,<br \/>\npaturi ginecologice,<br \/>\nscaune de masaj,<br \/>\nsaloane de \u00eenfrumuse\u021bare,<br \/>\nsaloane de coafur\u0103<br \/>\nAvantaje:<\/p>\n<p>de unic\u0103 folosin\u021b\u0103,<br \/>\nasigur\u0103 igiena \u0219i confortul pacientului<br \/>\ndiferite dimensiuni,<br \/>\ngam\u0103 larg\u0103 de aplica\u021bii,<br \/>\nperfora\u021bie care permite ruperea tamponului \u00een punctul de alegere adecvat<\/p>\n","protected":false},"excerpt":{"rendered":"<p>Tampoane de protec\u021bie ne\u021besute, concepute pentru a proteja obiectele \u00een zone \u00een care este necesar\u0103 cur\u0103\u021benia igienic\u0103. Tampoanele de protec\u021bie sunt utilizate oriunde este necesar\u0103 protec\u021bia \u0219i izolarea pacientului de zonele poten\u021bial contaminate \u0219i poluate (canapea, paturi de tratament etc.). Scop: asigurarea cur\u0103\u021beniei igienice Cerere: Cabinete medicale, s\u0103li de tratament, facilit\u0103\u021bi de fizioterapie, canapea, paturi, [&hellip;]<\/p>\n","protected":false},"featured_media":7621,"comment_status":"closed","ping_status":"open","template":"","meta":{"site-sidebar-layout":"default","site-content-layout":"","ast-site-content-layout":"default","site-content-style":"default","site-sidebar-style":"default","ast-global-header-display":"","ast-banner-title-visibility":"","ast-main-header-display":"","ast-hfb-above-header-display":"","ast-hfb-below-header-display":"","ast-hfb-mobile-header-display":"","site-post-title":"","ast-breadcrumbs-content":"","ast-featured-img":"","footer-sml-layout":"","ast-disable-related-posts":"","theme-transparent-header-meta":"","adv-header-id-meta":"","stick-header-meta":"","header-above-stick-meta":"","header-main-stick-meta":"","header-below-stick-meta":"","astra-migrate-meta-layouts":"default","ast-page-background-enabled":"default","ast-page-background-meta":{"desktop":{"background-color":"var(--ast-global-color-4)","background-image":"","background-repeat":"repeat","background-position":"center center","background-size":"auto","background-attachment":"scroll","background-type":"","background-media":"","overlay-type":"","overlay-color":"","overlay-opacity":"","overlay-gradient":""},"tablet":{"background-color":"","background-image":"","background-repeat":"repeat","background-position":"center center","background-size":"auto","background-attachment":"scroll","background-type":"","background-media":"","overlay-type":"","overlay-color":"","overlay-opacity":"","overlay-gradient":""},"mobile":{"background-color":"","background-image":"","background-repeat":"repeat","background-position":"center center","background-size":"auto","background-attachment":"scroll","background-type":"","background-media":"","overlay-type":"","overlay-color":"","overlay-opacity":"","overlay-gradient":""}},"ast-content-background-meta":{"desktop":{"background-color":"var(--ast-global-color-5)","background-image":"","background-repeat":"repeat","background-position":"center center","background-size":"auto","background-attachment":"scroll","background-type":"","background-media":"","overlay-type":"","overlay-color":"","overlay-opacity":"","overlay-gradient":""},"tablet":{"background-color":"var(--ast-global-color-5)","background-image":"","background-repeat":"repeat","background-position":"center center","background-size":"auto","background-attachment":"scroll","background-type":"","background-media":"","overlay-type":"","overlay-color":"","overlay-opacity":"","overlay-gradient":""},"mobile":{"background-color":"var(--ast-global-color-5)","background-image":"","background-repeat":"repeat","background-position":"center center","background-size":"auto","background-attachment":"scroll","background-type":"","background-media":"","overlay-type":"","overlay-color":"","overlay-opacity":"","overlay-gradient":""}}},"product_brand":[],"product_cat":[25],"product_tag":[],"class_list":{"0":"post-9177","1":"product","2":"type-product","3":"status-publish","4":"has-post-thumbnail","6":"product_cat-med-tattoo","7":"desktop-align-left","8":"tablet-align-left","9":"mobile-align-left","10":"ast-product-gallery-layout-horizontal-slider","11":"ast-product-gallery-with-no-image","12":"ast-product-tabs-layout-distributed","14":"first","15":"instock","16":"purchasable","17":"product-type-simple"},"yoast_head":"<!-- This site is optimized with the Yoast SEO plugin v27.5 - https:\/\/yoast.com\/product\/yoast-seo-wordpress\/ -->\n<title>Rol\u0103 de \u021bes\u0103tur\u0103 ne\u021besut\u0103 70\/50\/50 14g alb - MED.TATTOO<\/title>\n<meta name=\"robots\" content=\"index, follow, max-snippet:-1, max-image-preview:large, max-video-preview:-1\" \/>\n<link rel=\"canonical\" href=\"https:\/\/med.tattoo\/ro\/produs\/rola-de-tesatura-netesuta-70-50-50-14g-alb\/\" \/>\n<meta property=\"og:locale\" content=\"ro_RO\" \/>\n<meta property=\"og:type\" content=\"article\" \/>\n<meta property=\"og:title\" content=\"Rol\u0103 de \u021bes\u0103tur\u0103 ne\u021besut\u0103 70\/50\/50 14g alb - MED.TATTOO\" \/>\n<meta property=\"og:description\" content=\"Tampoane de protec\u021bie ne\u021besute, concepute pentru a proteja obiectele \u00een zone \u00een care este necesar\u0103 cur\u0103\u021benia igienic\u0103. Tampoanele de protec\u021bie sunt utilizate oriunde este necesar\u0103 protec\u021bia \u0219i izolarea pacientului de zonele poten\u021bial contaminate \u0219i poluate (canapea, paturi de tratament etc.). Scop: asigurarea cur\u0103\u021beniei igienice Cerere: Cabinete medicale, s\u0103li de tratament, facilit\u0103\u021bi de fizioterapie, canapea, paturi, [&hellip;]\" \/>\n<meta property=\"og:url\" content=\"https:\/\/med.tattoo\/ro\/produs\/rola-de-tesatura-netesuta-70-50-50-14g-alb\/\" \/>\n<meta property=\"og:site_name\" content=\"MED.TATTOO\" \/>\n<meta property=\"article:publisher\" content=\"https:\/\/www.facebook.com\/profile.php?id=100084366705613\" \/>\n<meta name=\"twitter:card\" content=\"summary_large_image\" \/>\n<meta name=\"twitter:label1\" content=\"Timp estimat pentru citire\" \/>\n\t<meta name=\"twitter:data1\" content=\"1 minut\" \/>\n<script type=\"application\/ld+json\" class=\"yoast-schema-graph\">{\"@context\":\"https:\\\/\\\/schema.org\",\"@graph\":[{\"@type\":\"WebPage\",\"@id\":\"https:\\\/\\\/med.tattoo\\\/ro\\\/produs\\\/rola-de-tesatura-netesuta-70-50-50-14g-alb\\\/\",\"url\":\"https:\\\/\\\/med.tattoo\\\/ro\\\/produs\\\/rola-de-tesatura-netesuta-70-50-50-14g-alb\\\/\",\"name\":\"Rol\u0103 de \u021bes\u0103tur\u0103 ne\u021besut\u0103 70\\\/50\\\/50 14g alb - MED.TATTOO\",\"isPartOf\":{\"@id\":\"https:\\\/\\\/med.tattoo\\\/ro\\\/#website\"},\"primaryImageOfPage\":{\"@id\":\"https:\\\/\\\/med.tattoo\\\/ro\\\/produs\\\/rola-de-tesatura-netesuta-70-50-50-14g-alb\\\/#primaryimage\"},\"image\":{\"@id\":\"https:\\\/\\\/med.tattoo\\\/ro\\\/produs\\\/rola-de-tesatura-netesuta-70-50-50-14g-alb\\\/#primaryimage\"},\"thumbnailUrl\":\"https:\\\/\\\/med.tattoo\\\/wp-content\\\/uploads\\\/2025\\\/05\\\/4006_podklad-wloknina-rola-70-50-50-14g-biala_1744270706.jpg\",\"datePublished\":\"2025-05-15T05:39:29+00:00\",\"breadcrumb\":{\"@id\":\"https:\\\/\\\/med.tattoo\\\/ro\\\/produs\\\/rola-de-tesatura-netesuta-70-50-50-14g-alb\\\/#breadcrumb\"},\"inLanguage\":\"ro-RO\",\"potentialAction\":[{\"@type\":\"ReadAction\",\"target\":[\"https:\\\/\\\/med.tattoo\\\/ro\\\/produs\\\/rola-de-tesatura-netesuta-70-50-50-14g-alb\\\/\"]}]},{\"@type\":\"ImageObject\",\"inLanguage\":\"ro-RO\",\"@id\":\"https:\\\/\\\/med.tattoo\\\/ro\\\/produs\\\/rola-de-tesatura-netesuta-70-50-50-14g-alb\\\/#primaryimage\",\"url\":\"https:\\\/\\\/med.tattoo\\\/wp-content\\\/uploads\\\/2025\\\/05\\\/4006_podklad-wloknina-rola-70-50-50-14g-biala_1744270706.jpg\",\"contentUrl\":\"https:\\\/\\\/med.tattoo\\\/wp-content\\\/uploads\\\/2025\\\/05\\\/4006_podklad-wloknina-rola-70-50-50-14g-biala_1744270706.jpg\",\"width\":909,\"height\":873},{\"@type\":\"BreadcrumbList\",\"@id\":\"https:\\\/\\\/med.tattoo\\\/ro\\\/produs\\\/rola-de-tesatura-netesuta-70-50-50-14g-alb\\\/#breadcrumb\",\"itemListElement\":[{\"@type\":\"ListItem\",\"position\":1,\"name\":\"Strona G\u0142\u00f3wna\",\"item\":\"https:\\\/\\\/med.tattoo\\\/ro\\\/\"},{\"@type\":\"ListItem\",\"position\":2,\"name\":\"Magazin\",\"item\":\"https:\\\/\\\/med.tattoo\\\/ro\\\/shop\\\/\"},{\"@type\":\"ListItem\",\"position\":3,\"name\":\"Rol\u0103 de \u021bes\u0103tur\u0103 ne\u021besut\u0103 70\\\/50\\\/50 14g alb\"}]},{\"@type\":\"WebSite\",\"@id\":\"https:\\\/\\\/med.tattoo\\\/ro\\\/#website\",\"url\":\"https:\\\/\\\/med.tattoo\\\/ro\\\/\",\"name\":\"MED.TATTOO\",\"description\":\"Wszystko dla Twojego tatua\u017cu\",\"publisher\":{\"@id\":\"https:\\\/\\\/med.tattoo\\\/ro\\\/#organization\"},\"potentialAction\":[{\"@type\":\"SearchAction\",\"target\":{\"@type\":\"EntryPoint\",\"urlTemplate\":\"https:\\\/\\\/med.tattoo\\\/ro\\\/?s={search_term_string}\"},\"query-input\":{\"@type\":\"PropertyValueSpecification\",\"valueRequired\":true,\"valueName\":\"search_term_string\"}}],\"inLanguage\":\"ro-RO\"},{\"@type\":\"Organization\",\"@id\":\"https:\\\/\\\/med.tattoo\\\/ro\\\/#organization\",\"name\":\"MED.TATTOO\",\"url\":\"https:\\\/\\\/med.tattoo\\\/ro\\\/\",\"logo\":{\"@type\":\"ImageObject\",\"inLanguage\":\"ro-RO\",\"@id\":\"https:\\\/\\\/med.tattoo\\\/ro\\\/#\\\/schema\\\/logo\\\/image\\\/\",\"url\":\"https:\\\/\\\/med.tattoo\\\/wp-content\\\/uploads\\\/2025\\\/05\\\/Bez-tytulu-600S300-px-1-e1658908183800.png\",\"contentUrl\":\"https:\\\/\\\/med.tattoo\\\/wp-content\\\/uploads\\\/2025\\\/05\\\/Bez-tytulu-600S300-px-1-e1658908183800.png\",\"width\":600,\"height\":61,\"caption\":\"MED.TATTOO\"},\"image\":{\"@id\":\"https:\\\/\\\/med.tattoo\\\/ro\\\/#\\\/schema\\\/logo\\\/image\\\/\"},\"sameAs\":[\"https:\\\/\\\/www.facebook.com\\\/profile.php?id=100084366705613\",\"https:\\\/\\\/www.instagram.com\\\/med.tattoo_official\\\/\"]}]}<\/script>\n<!-- \/ Yoast SEO plugin. -->","yoast_head_json":{"title":"Rol\u0103 de \u021bes\u0103tur\u0103 ne\u021besut\u0103 70\/50\/50 14g alb - MED.TATTOO","robots":{"index":"index","follow":"follow","max-snippet":"max-snippet:-1","max-image-preview":"max-image-preview:large","max-video-preview":"max-video-preview:-1"},"canonical":"https:\/\/med.tattoo\/ro\/produs\/rola-de-tesatura-netesuta-70-50-50-14g-alb\/","og_locale":"ro_RO","og_type":"article","og_title":"Rol\u0103 de \u021bes\u0103tur\u0103 ne\u021besut\u0103 70\/50\/50 14g alb - MED.TATTOO","og_description":"Tampoane de protec\u021bie ne\u021besute, concepute pentru a proteja obiectele \u00een zone \u00een care este necesar\u0103 cur\u0103\u021benia igienic\u0103. Tampoanele de protec\u021bie sunt utilizate oriunde este necesar\u0103 protec\u021bia \u0219i izolarea pacientului de zonele poten\u021bial contaminate \u0219i poluate (canapea, paturi de tratament etc.). Scop: asigurarea cur\u0103\u021beniei igienice Cerere: Cabinete medicale, s\u0103li de tratament, facilit\u0103\u021bi de fizioterapie, canapea, paturi, [&hellip;]","og_url":"https:\/\/med.tattoo\/ro\/produs\/rola-de-tesatura-netesuta-70-50-50-14g-alb\/","og_site_name":"MED.TATTOO","article_publisher":"https:\/\/www.facebook.com\/profile.php?id=100084366705613","twitter_card":"summary_large_image","twitter_misc":{"Timp estimat pentru citire":"1 minut"},"schema":{"@context":"https:\/\/schema.org","@graph":[{"@type":"WebPage","@id":"https:\/\/med.tattoo\/ro\/produs\/rola-de-tesatura-netesuta-70-50-50-14g-alb\/","url":"https:\/\/med.tattoo\/ro\/produs\/rola-de-tesatura-netesuta-70-50-50-14g-alb\/","name":"Rol\u0103 de \u021bes\u0103tur\u0103 ne\u021besut\u0103 70\/50\/50 14g alb - MED.TATTOO","isPartOf":{"@id":"https:\/\/med.tattoo\/ro\/#website"},"primaryImageOfPage":{"@id":"https:\/\/med.tattoo\/ro\/produs\/rola-de-tesatura-netesuta-70-50-50-14g-alb\/#primaryimage"},"image":{"@id":"https:\/\/med.tattoo\/ro\/produs\/rola-de-tesatura-netesuta-70-50-50-14g-alb\/#primaryimage"},"thumbnailUrl":"https:\/\/med.tattoo\/wp-content\/uploads\/2025\/05\/4006_podklad-wloknina-rola-70-50-50-14g-biala_1744270706.jpg","datePublished":"2025-05-15T05:39:29+00:00","breadcrumb":{"@id":"https:\/\/med.tattoo\/ro\/produs\/rola-de-tesatura-netesuta-70-50-50-14g-alb\/#breadcrumb"},"inLanguage":"ro-RO","potentialAction":[{"@type":"ReadAction","target":["https:\/\/med.tattoo\/ro\/produs\/rola-de-tesatura-netesuta-70-50-50-14g-alb\/"]}]},{"@type":"ImageObject","inLanguage":"ro-RO","@id":"https:\/\/med.tattoo\/ro\/produs\/rola-de-tesatura-netesuta-70-50-50-14g-alb\/#primaryimage","url":"https:\/\/med.tattoo\/wp-content\/uploads\/2025\/05\/4006_podklad-wloknina-rola-70-50-50-14g-biala_1744270706.jpg","contentUrl":"https:\/\/med.tattoo\/wp-content\/uploads\/2025\/05\/4006_podklad-wloknina-rola-70-50-50-14g-biala_1744270706.jpg","width":909,"height":873},{"@type":"BreadcrumbList","@id":"https:\/\/med.tattoo\/ro\/produs\/rola-de-tesatura-netesuta-70-50-50-14g-alb\/#breadcrumb","itemListElement":[{"@type":"ListItem","position":1,"name":"Strona G\u0142\u00f3wna","item":"https:\/\/med.tattoo\/ro\/"},{"@type":"ListItem","position":2,"name":"Magazin","item":"https:\/\/med.tattoo\/ro\/shop\/"},{"@type":"ListItem","position":3,"name":"Rol\u0103 de \u021bes\u0103tur\u0103 ne\u021besut\u0103 70\/50\/50 14g alb"}]},{"@type":"WebSite","@id":"https:\/\/med.tattoo\/ro\/#website","url":"https:\/\/med.tattoo\/ro\/","name":"MED.TATTOO","description":"Wszystko dla Twojego tatua\u017cu","publisher":{"@id":"https:\/\/med.tattoo\/ro\/#organization"},"potentialAction":[{"@type":"SearchAction","target":{"@type":"EntryPoint","urlTemplate":"https:\/\/med.tattoo\/ro\/?s={search_term_string}"},"query-input":{"@type":"PropertyValueSpecification","valueRequired":true,"valueName":"search_term_string"}}],"inLanguage":"ro-RO"},{"@type":"Organization","@id":"https:\/\/med.tattoo\/ro\/#organization","name":"MED.TATTOO","url":"https:\/\/med.tattoo\/ro\/","logo":{"@type":"ImageObject","inLanguage":"ro-RO","@id":"https:\/\/med.tattoo\/ro\/#\/schema\/logo\/image\/","url":"https:\/\/med.tattoo\/wp-content\/uploads\/2025\/05\/Bez-tytulu-600S300-px-1-e1658908183800.png","contentUrl":"https:\/\/med.tattoo\/wp-content\/uploads\/2025\/05\/Bez-tytulu-600S300-px-1-e1658908183800.png","width":600,"height":61,"caption":"MED.TATTOO"},"image":{"@id":"https:\/\/med.tattoo\/ro\/#\/schema\/logo\/image\/"},"sameAs":["https:\/\/www.facebook.com\/profile.php?id=100084366705613","https:\/\/www.instagram.com\/med.tattoo_official\/"]}]}},"_links":{"self":[{"href":"https:\/\/med.tattoo\/ro\/wp-json\/wp\/v2\/product\/9177","targetHints":{"allow":["GET"]}}],"collection":[{"href":"https:\/\/med.tattoo\/ro\/wp-json\/wp\/v2\/product"}],"about":[{"href":"https:\/\/med.tattoo\/ro\/wp-json\/wp\/v2\/types\/product"}],"replies":[{"embeddable":true,"href":"https:\/\/med.tattoo\/ro\/wp-json\/wp\/v2\/comments?post=9177"}],"wp:featuredmedia":[{"embeddable":true,"href":"https:\/\/med.tattoo\/ro\/wp-json\/wp\/v2\/media\/7621"}],"wp:attachment":[{"href":"https:\/\/med.tattoo\/ro\/wp-json\/wp\/v2\/media?parent=9177"}],"wp:term":[{"taxonomy":"product_brand","embeddable":true,"href":"https:\/\/med.tattoo\/ro\/wp-json\/wp\/v2\/product_brand?post=9177"},{"taxonomy":"product_cat","embeddable":true,"href":"https:\/\/med.tattoo\/ro\/wp-json\/wp\/v2\/product_cat?post=9177"},{"taxonomy":"product_tag","embeddable":true,"href":"https:\/\/med.tattoo\/ro\/wp-json\/wp\/v2\/product_tag?post=9177"}],"curies":[{"name":"wp","href":"https:\/\/api.w.org\/{rel}","templated":true}]}}